{"id":50081,"date":"2022-04-20T11:54:00","date_gmt":"2022-04-20T11:54:00","guid":{"rendered":"https:\/\/www.camper.is\/%e5%8c%97%e6%ac%a7%e5%90%8d%e5%ad%97\/"},"modified":"2026-04-07T06:33:12","modified_gmt":"2026-04-07T06:33:12","slug":"%e5%8c%97%e6%ac%a7%e5%90%8d%e5%ad%97","status":"publish","type":"page","link":"https:\/\/www.camper.is\/zh-hans\/%e9%9c%b2%e8%90%a5%e8%80%85%e5%86%b0%e5%b2%9b%e6%a6%82%e8%bf%b0\/%e5%8c%97%e6%ac%a7%e5%90%8d%e5%ad%97\/","title":{"rendered":"\u5317\u6b27\u540d\u5b57"},"content":{"rendered":"\n<div class=\"et_pb_section_0 et_pb_section et_section_regular et_block_section\"><div class=\"et_pb_row_0 et_pb_row et_block_row\"><div class=\"et_pb_column_0 et_pb_column et_pb_column_4_4 et-last-child et_block_column et_pb_css_mix_blend_mode_passthrough\"><div class=\"et_pb_text_0 et_pb_text et_pb_bg_layout_light et_pb_module et_block_module et_pb_text_align_center\"><div class=\"et_pb_text_inner\"><p>\u5317\u6b27\u540d\u5b57<\/p>\n<\/div><\/div><div class=\"et_pb_text_1 et_pb_text et_pb_bg_layout_dark et_pb_module et_block_module\"><div class=\"et_pb_text_inner\"><h1>\u6b22\u8fce\u6765\u5230\u51b0\u5c9b\uff0c\u7ef4\u4eac\u4eba\u7684\u571f\u5730<\/h1>\n<\/div><\/div><\/div><\/div><\/div><div class=\"et_pb_section_1 et_pb_section et_section_regular et_block_section\"><div class=\"et_pb_row_1 et_pb_row et_block_row\"><div class=\"et_pb_column_1 et_pb_column et_pb_column_1_3 et_block_column et_pb_css_mix_blend_mode_passthrough\"><div class=\"et_pb_text_2 et_pb_text et_pb_bg_layout_light et_pb_module et_block_module et_pb_text_align_center\"><div class=\"et_pb_text_inner\"><h2>\u7ef4\u4eac\u89c4\u5219 nr 1<\/h2>\n<p>\u5728\u51b0\u5c9b\u9732\u8425\u65f6\uff0c\u60a8\u4f1a\u53d1\u73b0\u8be5\u5730\u70b9\u5904\u4e8e\u66f4\u597d\u7684\u72b6\u6001\u3002 <\/p>\n<\/div><\/div><div class=\"et_pb_module et_pb_button_module_wrapper et_pb_button_0_wrapper\"><a class=\"et_pb_button_0 et_pb_button et_pb_bg_layout_light et_pb_module et_block_module\" href=\"\">\u50cf\u5e7d\u7075\u4e00\u6837\u65c5\u884c<\/a><\/div><\/div><div class=\"et_pb_column_2 et_pb_column et_pb_column_1_3 et_block_column et_pb_css_mix_blend_mode_passthrough\"><div class=\"et_pb_text_3 et_pb_text et_pb_bg_layout_light et_pb_module et_block_module et_pb_text_align_center\"><div class=\"et_pb_text_inner\"><h2>\u7ef4\u4eac\u4eba\u89c4\u5219 nr 2<\/h2>\n<p>\u5f00\u8f66\u65f6\u5c31\u50cf\u624b\u91cc\u62ff\u7740\u4e00\u676f\u6c34\uff0c\u5c3d\u91cf\u4e0d\u8981\u6e85\u51fa\u4e00\u6ef4\u6c34\u3002 <\/p>\n<\/div><\/div><div class=\"et_pb_module et_pb_button_module_wrapper et_pb_button_1_wrapper\"><a class=\"et_pb_button_1 et_pb_button et_pb_bg_layout_light et_pb_module et_block_module\" href=\"\">\u4e91\u7aef\u786c\u76d8\u4fdd\u5b58<\/a><\/div><\/div><div class=\"et_pb_column_3 et_pb_column et_pb_column_1_3 et-last-child et_block_column et_pb_css_mix_blend_mode_passthrough\"><div class=\"et_pb_text_4 et_pb_text et_pb_bg_layout_light et_pb_module et_block_module et_pb_text_align_center\"><div class=\"et_pb_text_inner\"><h2>\u7ef4\u4eac\u89c4\u5219 nr 3<\/h2>\n<p>\u5982\u679c\u4f60\u4e0d\u662f\u89e3\u51b3\u65b9\u6848\u7684\u4e00\u90e8\u5206\uff0c\u4f60\u5c31\u662f\u95ee\u9898\u7684\u4e00\u90e8\u5206\u3002 <\/p>\n<\/div><\/div><div class=\"et_pb_module et_pb_button_module_wrapper et_pb_button_2_wrapper\"><a class=\"et_pb_button_2 et_pb_button et_pb_bg_layout_light et_pb_module et_block_module\" href=\"\">\u505a\u4e00\u4e2a\u7ef4\u4eac\u4eba<\/a><\/div><\/div><\/div><\/div><div class=\"et_pb_section_2 et_pb_section et_section_regular et_block_section\"><div class=\"et_pb_row_2 et_pb_row et_block_row\"><div class=\"et_pb_column_4 et_pb_column et_pb_column_4_4 et-last-child et_block_column et_pb_css_mix_blend_mode_passthrough\"><div class=\"et_pb_image_0 et_pb_image et_pb_module et_block_module\"><span class=\"et_pb_image_wrap\"><img data-recalc-dims=\"1\" loading=\"lazy\" decoding=\"async\" src=\"https:\/\/i0.wp.com\/www.camper.is\/wp-content\/uploads\/2021\/06\/wedding-photographer-icon-4-gold.png?resize=32%2C32&#038;quality=72&#038;ssl=1\" width=\"32\" height=\"32\" srcset=\"https:\/\/www.camper.is\/wp-content\/uploads\/2021\/06\/wedding-photographer-icon-4-gold.png 32w\" sizes=\"(max-width: 32px) 100vw, 32px\" class=\"wp-image-47811\" title=\"\u5a5a\u793c\u6444\u5f71\u5e08-icon-4-gold\" alt=\"\"><\/span><\/div><div class=\"et_pb_text_5 et_pb_text et_pb_bg_layout_light et_pb_module et_block_module et_pb_text_align_center\"><div class=\"et_pb_text_inner\"><p style=\"padding-left: 40px; text-align: right;\">  <img data-recalc-dims=\"1\" loading=\"lazy\" decoding=\"async\" src=\"https:\/\/i0.wp.com\/www.camper.is\/wp-content\/uploads\/2024\/08\/WhatsApp-Image-2024-08-08-at-12.14.48-PM.jpeg?resize=99%2C173&#038;quality=80&#038;ssl=1\" width=\"99\" height=\"173\" alt=\"\" class=\"wp-image-68127 alignnone size-medium\" title=\"\" srcset=\"https:\/\/i0.wp.com\/www.camper.is\/wp-content\/uploads\/2024\/08\/WhatsApp-Image-2024-08-08-at-12.14.48-PM.jpeg?resize=172%2C300&amp;quality=80&amp;ssl=1 172w, https:\/\/i0.wp.com\/www.camper.is\/wp-content\/uploads\/2024\/08\/WhatsApp-Image-2024-08-08-at-12.14.48-PM.jpeg?w=366&amp;quality=80&amp;ssl=1 366w\" sizes=\"(max-width: 99px) 100vw, 99px\" \/>\u795e\u4ed9<\/p>\n<\/div><\/div><div class=\"et_pb_text_6 et_pb_text et_pb_bg_layout_light et_pb_module et_block_module et_pb_text_align_center\"><div class=\"et_pb_text_inner\"><h2>\u5317\u6b27\u540d\u5b57<\/h2>\n<\/div><\/div><div class=\"et_pb_text_7 et_pb_text et_pb_bg_layout_light et_pb_module et_block_module et_pb_text_align_center\"><div class=\"et_pb_text_inner\"><p><strong>\u5965\u4e01<\/strong>\uff08\u51b0\u5c9b\u8bed\uff1a\u00d3\u00f0inn\uff09<\/p>\n<p>\u8fd9\u662f\u5317\u6b27\u795e\u8bdd\u4e2d\u6700\u9ad8\u548c\u6700\u53e4\u8001\u7684\u795e\u7684\u540d\u5b57\uff0c\u56e0\u4e3a\u5b83\u51fa\u73b0\u5728\u57c3\u8fbe\u65af\uff0c\u5965\u4e01\u6bd4\u5176\u4ed6\u4efb\u4f55\u795e\u90fd\u66f4\u52a0\u591a\u9762\u3002 \u4ed6\u662f\u5176\u4ed6\u795e\u7684\u7236\u4eb2\uff0c\u56e0\u6b64\u88ab\u79f0\u4e3aAllfather\u3002 \u4ed6\u662f\u5c0f\u8bf4\u7684\u5076\u50cf\uff0c\u6b7b\u4ea1\u7684\u5076\u50cf\u548c\u6218\u4e89\u7684\u5076\u50cf\uff0c\u6b64\u5916\uff0c\u4ed6\u8fd8\u662f\u9b54\u6cd5\u3001\u5deb\u672f\u3001\u7b26\u6587\u5492\u8bed\u548c\u9057\u5fd8\u7684\u5076\u50cf\u3002 \u4ed6\u5728\u795e\u8bdd\u4e2d\u7684\u8bb8\u591a\u540d\u5b57\u4e5f\u663e\u793a\u4e86\u4ed6\u7684\u591a\u9762\u6027\u3002 \u5965\u4e01\u548c\u4ed6\u7684\u5144\u5f1f\u7ef4\u5c14\u5409\u548c\u7ef4\u662f\u7b2c\u4e00\u4ee3\u795e\u3002 \u4ed6\u4eec\u662f\u535a\u5c14\u548c\u5973\u5de8\u4eba\u8d1d\u65af\u7279\u62c9\u7684\u513f\u5b50\u3002 Odinn \u4e0e Frigg \u7ed3\u5a5a\uff0c\u4ed6\u7684\u513f\u5b50\u662f Baldur\uff08\u4e0e Frigg\uff09\u3001\u00de\u00f3r\uff08\u4e0e J\u00f6r\u00f0\uff09\u548c V\u00e1li\uff08\u4e0e Rindi\uff09\u3002 \u8fd9\u4e9b\u5bb6\u5ead\u5173\u7cfb\u5df2\u7ecf\u51fa\u73b0\u5728\u62bc\u97f5\u8bd7\u4e2d\uff0c\u4f46 Snorri Sturluson \u8fd8\u8bf4 Heimdall\u3001T\u00fd\u3001Braga\u3001V\u00ed\u00f0ar \u548c H\u00f6\u00f0 \u662f\u5965\u4e01\u7684\u513f\u5b50\u3002 \u5965\u4e01\u7684\u5c45\u6240\u53eb\u505a\u963f\u65af\u52a0\u5fb7\uff0c\u4ed6\u7684\u738b\u5ea7\u662fHli\u00f0skj\u00e1lf\uff0c\u4ece\u90a3\u91cc\u4ed6\u770b\u5230\u4e86\u6240\u6709\u7684\u4e16\u754c\u548c\u6bcf\u4e2a\u4eba\u7684\u884c\u4e3a\u3002 \u4ed6\u7684\u7279\u5f81\u662f\u73af Draupnir\u3001\u5599 Gungnir\u3001\u4e24\u53ea\u4e4c\u9e26 Huginn \u548c Muninn \u4ee5\u53ca\u516b\u8db3\u9a6c Sleipnir\u3002 \u5965\u4e01\u901a\u8fc7\u4ece\u7c73\u7c73\u65af\u5e03\u9c81\u52aa\u5c14\u559d\u9152\u83b7\u5f97\u4e86\u77e5\u8bc6\uff0c\u4f46\u4e3a\u6b64\u4ed6\u4e0d\u5f97\u4e0d\u628a\u4e00\u53ea\u773c\u775b\u653e\u5728\u7ebf\u4e0a\u3002<\/p>\n<p>&nbsp;<\/p>\n<p><strong>\u7d22\u5c14<\/strong>\uff08\u51b0\u5c9b\u8bed\uff1a\u00de\u00f3r\uff09<\/p>\n<p>\u96f7\u795e\uff0c\u8bf8\u795e\u4e2d\u6700\u5f3a\u7684\uff0c\u4ed6\u4eec\u7684\u4fdd\u62a4\u8005\u548c\u4eba\u7c7b\u7684\u4fdd\u62a4\u8005\u3002 \u4ed6\u88ab\u8ba4\u4e3a\u662f\u4e00\u4e2a\u9ad8\u5927\u7684\u7537\u4eba\uff0c\u5f3a\u58ee\uff0c\u7ea2\u80e1\u5b50\uff0c\u76ee\u5149\u9510\u5229\u3002 \u00de\u00f3r \u662f\u00d3\u00f0inn \u548cJar\u00f0ur \u7684\u513f\u5b50\uff0c\u4ed6\u7684\u59bb\u5b50\u662fSif\uff0c\u4ed6\u4eec\u7684\u5b69\u5b50\u662fM\u00f3\u00f0i\u3001Magni \u548c\u00der\u00fa\u00f0ur\u3002 \u00de\u00f3r \u7684\u623f\u5b50\u662f\u00der\u00fa\u00f0vangur\uff08\u6216\u00der\u00fa\u00f0heimur\uff09\uff0c\u4ed6\u7684\u5bab\u6bbf\u88ab\u79f0\u4e3aBilskirnir\u3002 \u00de\u00f3r \u6709\u4e00\u8f86\u5927\u9a6c\u8f66\uff0c\u7531\u4e24\u5757\u94b1\uff08\u516c\u5c71\u7f8a\uff09\u62c9\u52a8\uff0c\u540d\u4e3a Tanngrisnir \u548c Tanngnj\u00f3stur\u3002 \u00de\u00f3r \u7684\u7279\u70b9\u662f\u4ed6\u7684\u4e3b\u8981\u82b1\u56ed\u3001\u94c1\u624b\u5957\u548c\u4ed6\u4ece\u677f\u7403\u8fd0\u52a8\u5458 Gr\u00ed\u00f0ur \u90a3\u91cc\u5f97\u5230\u7684\u5b57\u6bcd Gr\u00ed\u00f0arv\u00f6lur\u3002 \u00de\u00f3r \u6700\u663e\u7740\u7684\u7279\u5f81\u662f\u96f7\u795e\u4e4b\u9524\uff0c\u8fd9\u662f\u4ed6\u5bf9\u6297\u5de8\u4eba\u65f6\u6700\u5f3a\u5927\u7684\u6b66\u5668\u3002 Mj\u00f6lnir \u6216\u00de\u00f3rshamarinn \u73b0\u5728\u662f\u5f02\u6559\u5f92\u7684\u4e3b\u8981\u8c61\u5f81\u4e4b\u4e00\u3002<\/p>\n<p><strong>\u6218\u7565\u6295\u8d44\u57fa\u91d1<\/strong><\/p>\n<p>\u5e0c\u8299\u662f\u96f7\u795e\u7684\u59bb\u5b50\uff0c\u4e5f\u662f\u4e00\u4f4d\u5f3a\u5927\u7684\u6218\u58eb\uff08\u76fe\u5973\uff09\u3002 \u5728\u5317\u6b27\u795e\u8bdd\u4e2d\uff0c\u5e0c\u8299\u662f\u4e0e\u5927\u5730\u6709\u5173\u7684\u91d1\u53d1\u5973\u795e\u3002 Sif \u5728 13 \u4e16\u7eaa\u6839\u636e\u65e9\u671f\u4f20\u7edf\u8d44\u6599\u6c47\u7f16\u800c\u6210\u7684 Poetic Edda \u548c\u7531 Snorri Sturluson \u4e8e 13 \u4e16\u7eaa\u5199\u6210\u7684 Prose Edda \u4ee5\u53ca skalds \u7684\u8bd7\u6b4c\u4e2d\u5f97\u5230\u4e86\u8bc1\u5b9e\u3002<\/p>\n<p><strong>HEL<\/strong><\/p>\n<p>Hel \u6e90\u81ea \"helen\"\uff0c\u610f\u4e3a \"\u9690\u5f62\"\u3002\u5979\u662f\u4e00\u4f4d\u9690\u85cf\u7684\u5973\u795e\u3002\u5979\u7684\u6545\u4e61\u8d6b\u5c14\u6d77\u59c6\u8fdc\u79bb\u592a\u9633\u7684\u5149\u8f89\u3002\u8fd9\u91cc\u662f\u4e00\u5207\u5b58\u5728\u548c\u751f\u547d\u7684\u8d77\u6e90\uff0c\u4e5f\u662f\u751f\u547d\u518d\u6b21\u56de\u5f52\u7684\u5730\u65b9\u3002\u8d6b\u5c14\u662f\u51a5\u754c\u3001\u751f\u80b2\u3001\u51fa\u751f\u548c\u6b7b\u4ea1\u7684\u5973\u795e\uff0c\u4e5f\u662f\u6240\u6709\u751f\u547d\u7684\u6bcd\u4eb2\u3002\u8d6b\u5c14\u662f\u6d1b\u57fa\u548c\u5b89\u683c\u535a\u8fbe\u7684\u5973\u513f\u3002\u5979\u7684\u5144\u5f1f\u59d0\u59b9\u662f\u82ac\u91cc\u65af\u4e4b\u72fc\u548c\u4e2d\u5ead\u4e4b\u86c7\u3002        <\/p>\n<p><strong>\u5f17\u96f7\u4e9a<\/strong><\/p>\n<p>\u7f8e\u4e3d\u800c\u9ad8\u8d35\u7684\u7231\u4e0e\u751f\u80b2\u5973\u795e\u662f\u4e60\u60ef\uff0cNjar\u00f0ur \u548c\u4ed6\u59d0\u59d0\u7684\u5973\u513f\uff0cFreys \u7684\u59b9\u59b9\u3002 \u5979\u4e08\u592b\u7684\u540d\u5b57\u662f\u00d3\u00f0ur\uff0c\u4ed6\u4eec\u7684\u5973\u513f\u662fHnoss \u548cGersemi\u3002<\/p>\n<p>\u5979\u7684\u5c0f\u5c4b\u662f F\u00f3lkvangur\uff0c\u5927\u800c\u7f8e\u4e3d\u7684\u5927\u5385 Sessr\u00famnir \u6240\u5728\u7684\u5730\u65b9\u3002 \u5979\u7684\u7279\u8272\u662f\u725b\u8169\u83dc\u5355\u3001\u6eda\u9524\u548c\u91ce\u732a Hildisv\u00edni\u3002<\/p>\n<p>Freyja \u5728\u65c5\u884c\u65f6\u9a91\u7740\u4e24\u53ea\u732b\u62d6\u7740\u3002 \u5979\u88ab\u8ba4\u4e3a\u662f\u5bb6\u5ead\u7684\u5b88\u62a4\u795e\uff0c\u4ee5\u7231\u548c\u5feb\u4e50\u547d\u540d\u5979\u662f\u5f88\u597d\u7684\u3002<\/p>\n<p><strong>FRIGG<\/strong><\/p>\n<p>\u7956\u5148\u5973\u795e\uff0c\u5965\u4e01\u7684\u59bb\u5b50\uff0c\u535a\u5fb7\u7684\u6bcd\u4eb2\u3002 \u5979\u662f Fj\u00f6rgynsd\u00f3ttir\uff0c\u4f46\u5979\u7684\u7236\u4eb2\u4e0d\u4e3a\u4eba\u77e5\u3002 \u5979\u5728 \u00c1sgar\u00f0ur \u7684\u623f\u5b50\u88ab\u79f0\u4e3a Fensalir\uff0c\u5904\u5973 Fulla \u548c Gn\u00e1 \u4e3a\u5979\u670d\u52a1\u3002 \u5b83\u7684\u6807\u5fd7\u662f\u8fc7\u5c71\u8f66\u3002 \u5f17\u91cc\u683c\u5bf9\u547d\u8fd0\u4e00\u65e0\u6240\u77e5\u3002<\/p>\n<p><strong>IDUNN<\/strong>\uff08\u51b0\u5c9b\u8bed\uff1aI\u00f0unn\uff09<\/p>\n<p>\u4e0e\u5e03\u62c9\u5409\u795e\u7eed\u7ea6\u7684\u4eba\u3002 \u5979\u4fdd\u7559\u4e86\u4e5d\u4e2a\u91d1\u82f9\u679c\uff0c\u8fd9\u4e9b\u91d1\u82f9\u679c\u968f\u7740\u5e74\u9f84\u7684\u589e\u957f\u800c\u88ab\u4f17\u795e\u54ac\u5165\uff0c\u7136\u540e\u518d\u6b21\u53d8\u5f97\u5e74\u8f7b\uff0c\u76f4\u5230\u4e16\u754c\u672b\u65e5\uff08\u8bf8\u795e\u9ec4\u660f\uff09\u3002 \u5728 Sk\u00e1ldskaparm\u00e1lar \u636e\u8bf4\uff0c\u4e00\u65e6\u5de8\u4eba \u00dejass \u62a2\u52ab\u4e86 I\u00f0unn \u548c\u82f9\u679c\uff0c\u4f17\u795e\u5f88\u5feb\u5c31\u5f00\u59cb\u8870\u8001\u3002 \u4f46\u7531\u4e8e Loki \u7684\u72e1\u733e\uff08\u5b9e\u9645\u4e0a\u662f\u4ed6\u4e3a \u00dejassi \u5f97\u5230\u82f9\u679c\u7684\u4e8b\u5b9e\u8d1f\u8d23\uff09\uff0c\u4ed6\u4eec\u8bbe\u6cd5\u6740\u6b7b\u4e86 \u00dejassi \u5e76\u593a\u56de\u4e86 I\u00f0unn \u548c\u82f9\u679c\uff0c\u4ece\u800c\u83b7\u5f97\u4e86\u6c38\u6052\u7684\u9752\u6625\u3002<\/p>\n<p><strong>LOKI<\/strong>Laufeyjarson<\/p>\n<p><span style=\"font-size: 16px;\">\u534a\u795e\u534a\u5de8\u4eba\u3002 \u4ed6\u7684\u7236\u4eb2\u662f\u5de8\u4eba F\u00e1rbauti\uff0c\u4f46\u4ed6\u6bcd\u4eb2\u7684\u540d\u5b57\u662f Laufey\u3002 \u4ed6\u7684\u5144\u5f1f\u662f B\u00fdleistur \u548c Helblindi\u3002 \u4ed6\u548c\u4ed6\u7684\u59bb\u5b50 Sigyn \u7ed3\u5a5a\u4e86 Narfa\u3002 Loki \u4e0e\u5409\u666e\u8d5b\u4eba Angurbo\u00f0a \u751f\u4e86\u4e09\u4e2a\u540e\u4ee3\uff0cFenris\u00falf\u3001Mi\u00f0gar\u00f0sorm \u548c Hel\uff0c\u5e76\u4ee5\u6bcd\u9a6c\u7684\u5f62\u5f0f\u751f\u4e0b\u4e86\u79cd\u9a6c Sva\u00f0ilfari \u7684\u513f\u5b50 Sleipnir\u3002 \u6d1b\u57fa\u88ab\u8ba4\u4e3a\u662f\u65e0\u795e\u8bba\u4e2d\u6700\u590d\u6742\u7684\u795e\u3002 \u636e\u8bf4\u6d1b\u57fa\u5f88\u6f02\u4eae\uff0c\u5916\u8c8c\u4e5f\u5f88\u6f02\u4eae\uff0c\u4e3e\u6b62\u591a\u6837\u3002 \u4ed6\u5177\u6709\u4f18\u4e8e\u5176\u4ed6\u4eba\u7684\u54c1\u8d28\uff0c\u79f0\u4e3a\u72e1\u733e\uff08sl\u00e6g\u00f0\uff09\u548c\u6240\u6709\u4e8b\u7269\u7684\u673a\u5668\u3002<\/span><\/p>\n<p>&nbsp;<\/p>\n<\/div><\/div><\/div><\/div><\/div>\n","protected":false},"excerpt":{"rendered":"","protected":false},"author":1,"featured_media":0,"parent":42133,"menu_order":0,"comment_status":"closed","ping_status":"closed","template":"","meta":{"_acf_changed":false,"jetpack_post_was_ever_published":false,"footnotes":""},"class_list":["post-50081","page","type-page","status-publish","hentry"],"acf":[],"jetpack_sharing_enabled":true,"jetpack_shortlink":"https:\/\/wp.me\/P569lP-d1L","jetpack-related-posts":[{"id":71845,"url":"https:\/\/www.camper.is\/zh-hans\/%e5%86%b0%e5%b2%9b%e6%97%85%e6%b8%b8%e6%99%af%e7%82%b9\/","url_meta":{"origin":50081,"position":0},"title":"\u9732\u8425\u8005 \u51b0\u5c9b\u5730\u56fe","author":"admin","date":"2025\u5e746\u670815\u65e5","format":false,"excerpt":"\u91d1\u73af\u5947\u89c2 \u5ef7\u97e6\u5229\u5c14\u56fd\u5bb6\u516c\u56ed\uff08\u00deingvellir\uff09\uff1a\u8fd9\u91cc\u662f\u8054\u5408\u56fd\u6559\u79d1\u6587\u7ec4\u7ec7\u4e16\u754c\u9057\u4ea7\uff0c\u4f5c\u4e3a\u51b0\u5c9b\u53e4\u4ee3\u8bae\u4f1a\u2026","rel":"","context":"\u7c7b\u4f3c\u6587\u7ae0","block_context":{"text":"\u7c7b\u4f3c\u6587\u7ae0","link":""},"img":{"alt_text":"","src":"","width":0,"height":0},"classes":[]},{"id":48123,"url":"https:\/\/www.camper.is\/zh-hans\/vegvasir-%e6%97%85%e8%a1%8c%e8%80%85%e7%9a%84%e5%af%bb%e9%81%93%e8%80%85\/%e4%bf%9d%e5%ad%98%e6%88%b7%e5%a4%96%e6%97%85%e8%a1%8c-cn\/","url_meta":{"origin":50081,"position":1},"title":"\u4fdd\u5b58\u6237\u5916\u65c5\u884c CN","author":"admin","date":"2021\u5e746\u670823\u65e5","format":false,"excerpt":"\u6237\u5916 \u826f\u597d\u7684\u51c6\u5907\u662f\u6210\u529f\u65c5\u884c\u7684\u5173\u952e\u3002 \u8bf7\u8bb0\u4f4f\u4ee5\u4e0b\u51e0\u70b9\uff0c\u5e76\u8bb0\u4f4f\u60a8\u7684\u7b2c\u4e00\u4e2a\u76ee\u7684\u5730\u5e94\u8be5\u59cb\u7ec8\u662f\u6b64\u4e3b\u9875\u3002 \u59cb\u7ec8\u5c06\u2026","rel":"","context":"\u7c7b\u4f3c\u6587\u7ae0","block_context":{"text":"\u7c7b\u4f3c\u6587\u7ae0","link":""},"img":{"alt_text":"","src":"","width":0,"height":0},"classes":[]}],"_links":{"self":[{"href":"https:\/\/www.camper.is\/zh-hans\/wp-json\/wp\/v2\/pages\/50081","targetHints":{"allow":["GET"]}}],"collection":[{"href":"https:\/\/www.camper.is\/zh-hans\/wp-json\/wp\/v2\/pages"}],"about":[{"href":"https:\/\/www.camper.is\/zh-hans\/wp-json\/wp\/v2\/types\/page"}],"author":[{"embeddable":true,"href":"https:\/\/www.camper.is\/zh-hans\/wp-json\/wp\/v2\/users\/1"}],"replies":[{"embeddable":true,"href":"https:\/\/www.camper.is\/zh-hans\/wp-json\/wp\/v2\/comments?post=50081"}],"version-history":[{"count":13,"href":"https:\/\/www.camper.is\/zh-hans\/wp-json\/wp\/v2\/pages\/50081\/revisions"}],"predecessor-version":[{"id":75938,"href":"https:\/\/www.camper.is\/zh-hans\/wp-json\/wp\/v2\/pages\/50081\/revisions\/75938"}],"up":[{"embeddable":true,"href":"https:\/\/www.camper.is\/zh-hans\/wp-json\/wp\/v2\/pages\/42133"}],"wp:attachment":[{"href":"https:\/\/www.camper.is\/zh-hans\/wp-json\/wp\/v2\/media?parent=50081"}],"curies":[{"name":"wp","href":"https:\/\/api.w.org\/{rel}","templated":true}]}}