{"id":49869,"date":"2022-04-20T11:53:38","date_gmt":"2022-04-20T11:53:38","guid":{"rendered":"https:\/\/www.camper.is\/%e5%85%8d%e8%b4%a3%e5%a3%b0%e6%98%8e\/"},"modified":"2025-02-07T09:18:26","modified_gmt":"2025-02-07T09:18:26","slug":"%e5%85%8d%e8%b4%a3%e5%a3%b0%e6%98%8e","status":"publish","type":"page","link":"https:\/\/www.camper.is\/zh-hans\/vegvasir-%e6%97%85%e8%a1%8c%e8%80%85%e7%9a%84%e5%af%bb%e9%81%93%e8%80%85\/%e5%85%8d%e8%b4%a3%e5%a3%b0%e6%98%8e\/","title":{"rendered":"\u514d\u8d23\u58f0\u660e"},"content":{"rendered":"<h1>\u514d\u8d23\u58f0\u660e<\/h1>\n<h2>\u7f51\u7ad9\u514d\u8d23\u58f0\u660e<\/h2>\n<p>Camper Iceland \u7f51\u7ad9\u4e0a\u5305\u542b\u7684\u6750\u6599\u4ec5\u4f9b\u53c2\u8003\u3002 \u5b83\u4e0d\u5305\u542b\u4efb\u4f55\u6cd5\u5f8b\u610f\u89c1\u6216\u5efa\u8bae\uff0c\u4e5f\u4e0d\u80fd\u4ee3\u66ff\u4e2a\u4eba\u5efa\u8bae\u3002 \u4ece\u672c\u7f51\u7ad9\u4f20\u8f93\u4fe1\u606f\uff0c\u6216\u8bbf\u95ee\u6216\u63a5\u6536\u4fe1\u606f\u4e0d\u88ab\u89c6\u4e3a\u54a8\u8be2\u670d\u52a1\uff0c\u4e5f\u4e0d\u5efa\u7acb\u5ba2\u6237\u5173\u7cfb\u3002 \u7f16\u8bd1\u672c\u7f51\u7ad9\u65f6\u5df2\u5c3d\u6700\u5927\u53ef\u80fd\u7684\u8c28\u614e\uff0c\u5e76\u4e14\u5728\u4e0a\u4f20\u4e4b\u524d\u5bf9\u5185\u5bb9\u8fdb\u884c\u4e86\u4ed4\u7ec6\u7814\u7a76\u3002 \u4f46\u662f\uff0c\u6211\u4eec\u5bf9\u7f51\u7ad9\u4e0a\u63d0\u4f9b\u7684\u4fe1\u606f\u7684\u51c6\u786e\u6027\u3001\u5b8c\u6574\u6027\u3001\u7cbe\u786e\u6027\u548c\u65f6\u6548\u6027\u4e0d\u627f\u62c5\u4efb\u4f55\u8d23\u4efb\u3002 \u5bf9\u4e8e\u672c\u7f51\u7ad9\u901a\u8fc7\u8d85\u94fe\u63a5\u76f4\u63a5\u6216\u95f4\u63a5\u5f15\u7528\u7684\u5916\u90e8\u7f51\u7ad9\u7684\u5185\u5bb9\uff0c\u6211\u4eec\u4e5f\u4e0d\u627f\u62c5\u4efb\u4f55\u8d23\u4efb\u3002<\/p>\n<h2>\u7535\u5b50\u90ae\u4ef6\u514d\u8d23\u58f0\u660e<\/h2>\n<p>\u6b64\u7535\u5b50\u90ae\u4ef6\u4ec5\u4f9b\u6536\u4ef6\u4eba\u548c\/\u6216\u5176\u4ed6\u6388\u6743\u4eba\u5458\u4f7f\u7528\u3002 \u6b64\u5904\u5305\u542b\u548c\u9644\u52a0\u7684\u4fe1\u606f\u662f\u673a\u5bc6\u7684\uff0c\u662f Camper Iceland \u7684\u8d22\u4ea7\u3002 \u5982\u679c\u60a8\u4e0d\u662f\u9884\u671f\u7684\u6536\u4ef6\u4eba\uff0c\u8bf7\u6ce8\u610f\u67e5\u770b\u6b64\u90ae\u4ef6\u548c\u4efb\u4f55\u9644\u4ef6\uff0c\u4ee5\u53ca\u590d\u5236\u3001\u8f6c\u53d1\u3001\u6253\u5370\u548c\u4f20\u64ad\u4e0e\u6b64\u7535\u5b50\u90ae\u4ef6\u76f8\u5173\u7684\u4efb\u4f55\u4fe1\u606f\uff0c\u5e76\u4e14\u60a8\u4e0d\u5e94\u6839\u636e\u4ee5\u4e0b\u5185\u5bb9\u91c7\u53d6\u4efb\u4f55\u884c\u52a8\u6b64\u7535\u5b50\u90ae\u4ef6\u548c\/\u6216\u5176\u9644\u4ef6\u7684\u5185\u5bb9\u3002 \u5982\u679c\u60a8\u9519\u8bef\u5730\u6536\u5230\u6b64\u90ae\u4ef6\uff0c\u8bf7\u8054\u7cfb\u53d1\u4ef6\u4eba\u5e76\u9500\u6bc1\u6b64\u7535\u5b50\u90ae\u4ef6\u7684\u6240\u6709\u526f\u672c\u548c\u4efb\u4f55\u9644\u4ef6\u3002 \u8bf7\u6ce8\u610f\uff0c\u672c\u6587\u6240\u8868\u8fbe\u7684\u89c2\u70b9\u548c\u610f\u89c1\u4ec5\u4ee3\u8868\u4f5c\u8005\u7684\u89c2\u70b9\uff0c\u5e76\u4e0d\u4e00\u5b9a\u53cd\u6620\u516c\u53f8\u7684\u89c2\u70b9\u3002 \u867d\u7136\u4f7f\u7528\u4e86\u9632\u75c5\u6bd2\u4fdd\u62a4\u5de5\u5177\uff0c\u4f46\u60a8\u5e94\u8be5\u68c0\u67e5\u6b64\u7535\u5b50\u90ae\u4ef6\u548c\u9644\u4ef6\u662f\u5426\u5b58\u5728\u75c5\u6bd2\u3002 \u5bf9\u4e8e\u6b64\u7535\u5b50\u90ae\u4ef6\u548c\u9644\u4ef6\u7684\u5b89\u5168\u6027\u548c\u5185\u5bb9\uff0c\u4e0d\u4f5c\u4efb\u4f55\u4fdd\u8bc1\u6216\u4fdd\u8bc1\u3002 Camper Iceland \u5bf9\u7531\u672c\u7535\u5b50\u90ae\u4ef6\u548c\u9644\u4ef6\u4f20\u64ad\u6216\u5305\u542b\u7684\u4efb\u4f55\u75c5\u6bd2\u9020\u6210\u7684\u4efb\u4f55\u635f\u5bb3\u4e0d\u627f\u62c5\u4efb\u4f55\u8d23\u4efb\u3002 \u5bf9\u4e8e\u7531\u6b64\u7535\u5b50\u90ae\u4ef6\u5f15\u8d77\u7684\u4efb\u4f55\u540e\u679c\uff0c\u6211\u4eec\u4e0d\u627f\u62c5\u4efb\u4f55\u8d23\u4efb\u3002<\/p>\n<p>\u6839\u636e\u901a\u7528\u6570\u636e\u4fdd\u62a4\u6761\u4f8b (GDPR) 90\/2018\uff0c\u6211\u4eec\u6709\u6cd5\u5f8b\u4e49\u52a1\u4fdd\u62a4\u6211\u4eec\u4ece\u60a8\u90a3\u91cc\u6536\u96c6\u7684\u4efb\u4f55\u4fe1\u606f\u3002 \u6b64\u7535\u5b50\u90ae\u4ef6\u548c\u4efb\u4f55\u9644\u4ef6\u4e2d\u5305\u542b\u7684\u4fe1\u606f\u53ef\u80fd\u5c5e\u4e8e\u7279\u6743\u6216\u673a\u5bc6\u4fe1\u606f\uff0c\u4ec5\u4f9b\u539f\u59cb\u6536\u4ef6\u4eba\u4f7f\u7528\u3002 \u5982\u679c\u60a8\u8bef\u6536\u5230\u6b64\u7535\u5b50\u90ae\u4ef6\uff0c\u8bf7\u7acb\u5373\u901a\u77e5\u53d1\u4ef6\u4eba\uff0c\u5e76\u6839\u636e\u7b2c 107\/1999 \u53f7\u6761\u4f8b\u7b2c 57 \u6761\u5173\u4e8e\u901a\u8baf\u7684\u8981\u6c42\u5220\u9664\u8be5\u7535\u5b50\u90ae\u4ef6<\/p>\n<p>Vegna pers\u00f3nuverndarl\u00f6ggjafar nr. 90\/2018 h\u00f6fum vi\u00f0 lagalega skyldu til \u00feess a\u00f0 vernda allar \u00fe\u00e6r uppl\u00fdsingar sem vi\u00f0 f\u00e1um fr\u00e1 \u00fe\u00e9r\u3002 Uppl\u00fdsingarnar \u00ed \u00feessum t\u00f6lvup\u00f3st sem og \u00f6ll vi\u00f0hengi hans g\u00e6tu veri\u00f0 tr\u00fana\u00f0arm\u00e1l og er a\u00f0eins fyrir \u00e6tla\u00f0an vi\u00f0takanda\u3002 Hafir \u00fe\u00fa fengi\u00f0 \u00feennan t\u00f6lvup\u00f3st fyrir mis\u00f6k, vinsamlegast l\u00e1ttu okkur vita strax og eyddu t\u00f6lvup\u00f3stinum \u00e1samt \u00f6llum vi\u00f0hengjum eins og \u00fe\u00e9r er skylt a\u00f0 gera samkv\u00e6mt 57\u3002 grein laga nr 107\/1999 um fjarskipti\u3002<\/p>\n<h2>\u7248\u6743<\/h2>\n<p>\u672c\u7f51\u7ad9\u4e0a\u7684\u5185\u5bb9\u53d7\u7248\u6743\u6cd5\u4fdd\u62a4\u3002 \u590d\u5236\u6216\u4ee5\u5176\u4ed6\u65b9\u5f0f\u4f20\u64ad\u672c\u7f51\u7ad9\u63d0\u4f9b\u7684\u6587\u672c\u548c\u56fe\u50cf\u9700\u8981\u6211\u4eec\u7684\u4e66\u9762\u6279\u51c6\u3002<\/p>\n","protected":false},"excerpt":{"rendered":"<p>\u514d\u8d23\u58f0\u660e \u7f51\u7ad9\u514d\u8d23\u58f0\u660e Camper Iceland \u7f51\u7ad9\u4e0a\u5305\u542b\u7684\u6750\u6599\u4ec5\u4f9b\u53c2\u8003\u3002 \u5b83\u4e0d\u5305\u542b\u4efb\u4f55\u6cd5\u5f8b\u610f\u89c1\u6216\u5efa\u8bae\uff0c [&hellip;]<\/p>\n","protected":false},"author":1,"featured_media":0,"parent":42198,"menu_order":0,"comment_status":"closed","ping_status":"closed","template":"","meta":{"_acf_changed":false,"jetpack_post_was_ever_published":false,"footnotes":""},"class_list":["post-49869","page","type-page","status-publish","hentry"],"acf":[],"jetpack_sharing_enabled":true,"_links":{"self":[{"href":"https:\/\/www.camper.is\/zh-hans\/wp-json\/wp\/v2\/pages\/49869","targetHints":{"allow":["GET"]}}],"collection":[{"href":"https:\/\/www.camper.is\/zh-hans\/wp-json\/wp\/v2\/pages"}],"about":[{"href":"https:\/\/www.camper.is\/zh-hans\/wp-json\/wp\/v2\/types\/page"}],"author":[{"embeddable":true,"href":"https:\/\/www.camper.is\/zh-hans\/wp-json\/wp\/v2\/users\/1"}],"replies":[{"embeddable":true,"href":"https:\/\/www.camper.is\/zh-hans\/wp-json\/wp\/v2\/comments?post=49869"}],"version-history":[{"count":0,"href":"https:\/\/www.camper.is\/zh-hans\/wp-json\/wp\/v2\/pages\/49869\/revisions"}],"up":[{"embeddable":true,"href":"https:\/\/www.camper.is\/zh-hans\/wp-json\/wp\/v2\/pages\/42198"}],"wp:attachment":[{"href":"https:\/\/www.camper.is\/zh-hans\/wp-json\/wp\/v2\/media?parent=49869"}],"curies":[{"name":"wp","href":"https:\/\/api.w.org\/{rel}","templated":true}]}}