{"id":71842,"date":"2025-06-15T17:18:53","date_gmt":"2025-06-15T17:18:53","guid":{"rendered":"https:\/\/www.camper.is\/bezienswaardigheden-in-ijsland\/"},"modified":"2025-06-15T17:22:21","modified_gmt":"2025-06-15T17:22:21","slug":"bezienswaardigheden-in-ijsland","status":"publish","type":"page","link":"https:\/\/www.camper.is\/nl\/bezienswaardigheden-in-ijsland\/","title":{"rendered":"CAMPER IJSLAND KAART"},"content":{"rendered":"\n<iframe loading=\"lazy\" src=\"https:\/\/www.google.com\/maps\/d\/embed?mid=1vI9rpvVcSbcsMUgMBat0fOnsQF3jZVo&ehbc=2E312F\" width=\"800\" height=\"600\"><\/iframe>\n\n<p><strong>Wonderen van de Gouden Cirkel<\/strong><\/p>\n\n<ul class=\"wp-block-list\">\n<li><strong>Nationaal Park Thingvellir (\u00deingvellir):<\/strong> Een UNESCO Werelderfgoedsite, historisch belangrijk als de plaats van het oude parlement van IJsland en geologisch uniek waar de Noord-Amerikaanse en Euraziatische tektonische platen uit elkaar trekken. Je kunt hier zelfs snorkelen\/duiken in de Silfra kloof! <\/li>\n\n\n\n<li><strong>Geysir geothermisch gebied:<\/strong> De thuisbasis van de beroemde Strokkur geiser, die elke 5-10 minuten uitbarst en heet water hoog de lucht in schiet. De oorspronkelijke Grote Geysir is grotendeels slapend. <\/li>\n\n\n\n<li><strong>Gullfoss waterval:<\/strong> Een majestueuze waterval met twee niveaus, vaak de \u201cGouden Waterval\u201d genoemd, waar de rivier de Hv\u00edt\u00e1 in een diepe kloof stort.<\/li>\n\n\n\n<li><strong>Vulkaankrater Keri\u00f0:<\/strong> Een opvallend vulkaankratermeer met levendig rood vulkanisch gesteente en turkooisblauw water.<\/li>\n\n\n\n<li><strong>Laugarvatn Fontana geothermische baden:<\/strong> Een kuuroord waar je kunt ontspannen in geothermische zwembaden en stoombaden.<\/li>\n<\/ul>\n\n<p><strong>Zuidkust &amp; gletsjerwonderen<\/strong><\/p>\n\n<ul class=\"wp-block-list\">\n<li><strong>Seljalandsfoss waterval:<\/strong> Beroemd om het pad achter de waterval, waardoor je er direct achterlangs kunt lopen (als het weer het toelaat).<\/li>\n\n\n\n<li><strong>Sk\u00f3gafoss waterval:<\/strong> Een krachtige, iconische waterval waar je op zonnige dagen vaak regenbogen in de mist kunt zien, en je kunt een trap oplopen voor een uitzicht vanaf de top.<\/li>\n\n\n\n<li><strong>Zwart zandstrand Reynisfjara:<\/strong> Bekend om het dramatische zwarte zand, de basaltzuilen (Reynisdrangar) en de krachtige golven. Wees heel voorzichtig met de sneakergolven hier. <\/li>\n\n\n\n<li><strong>Dyrh\u00f3laey Boog:<\/strong> Een dramatische rotsboog en kaap, een geweldige plek om vogels te kijken (vooral papegaaiduikers in de zomer) en een panoramisch uitzicht op de zwarte zandstranden.<\/li>\n\n\n\n<li><strong>V\u00edk \u00ed M\u00fdrdal:<\/strong> Een charmant dorpje midden in het dramatische landschap van de zuidkust.<\/li>\n\n\n\n<li><strong>Natuurreservaat Skaftafell (nationaal park Vatnaj\u00f6kull):<\/strong> Een prachtig gebied met diverse landschappen, waaronder wandelpaden, gletsjertongen en de Svartifoss waterval (bekend om zijn basaltzuilen).<\/li>\n\n\n\n<li><strong>J\u00f6kuls\u00e1rl\u00f3n gletsjerlagune:<\/strong> Een adembenemende gletsjerlagune gevuld met ijsbergen die van de Brei\u00f0amerkurj\u00f6kull gletsjer zijn afgebroken.<\/li>\n\n\n\n<li><strong>Diamantstrand:<\/strong> Aan de overkant van de weg van J\u00f6kuls\u00e1rl\u00f3n, waar ijsbergen uit de lagune aanspoelen, glinsterend als diamanten op het zwarte zand.<\/li>\n\n\n\n<li><strong>Fja\u00f0r\u00e1rglj\u00fafur Canyon:<\/strong> Een prachtige en kronkelende canyon met steile wanden en een rivier die er doorheen stroomt.<\/li>\n<\/ul>\n\n<p><strong>Reykjanes Schiereiland &amp; Hoofdstedelijk Gebied<\/strong><\/p>\n\n<ul class=\"wp-block-list\">\n<li><strong>Blue Lagoon:<\/strong> De beroemdste geothermische spa van IJsland, bekend om zijn melkblauwe, mineraalrijke water. (Reserveer ruim van tevoren!) <\/li>\n\n\n\n<li><strong>Reykjavik:<\/strong> De bruisende hoofdstad met talloze musea (bijv. Nationaal Museum van IJsland, Settlement Exhibition, Perlan), kunstgalerie\u00ebn, kleurrijke huizen en een levendige eetscene.\n<ul class=\"wp-block-list\">\n<li><strong>Kerk Hallgr\u00edmskirkja:<\/strong> Een iconische kerk met een unieke architectuur ge\u00efnspireerd door basaltzuilen, die een panoramisch uitzicht over de stad biedt vanaf de toren.<\/li>\n\n\n\n<li><strong>Harpa Concertzaal en conferentiecentrum:<\/strong> Een prachtig architectonisch herkenningspunt aan het water.<\/li>\n\n\n\n<li><strong>Zonnereiziger (S\u00f3lfar):<\/strong> Een prachtig stalen beeld van een Vikingschip, dat een droomboot en een ode aan de zon voorstelt.<\/li>\n<\/ul>\n<\/li>\n\n\n\n<li><strong>Brug tussen continenten:<\/strong> Een symbolische loopbrug over een kloof waar de Noord-Amerikaanse en Euraziatische tektonische platen samenkomen op het schiereiland Reykjanes.<\/li>\n\n\n\n<li><strong>Gunnuhver geothermisch gebied:<\/strong> Een zeer actief geothermisch gebied met borrelende modderpoelen en stomende fumarolen.<\/li>\n<\/ul>\n\n<p><strong>Noord-IJsland &amp; regio Myvatn<\/strong><\/p>\n\n<ul class=\"wp-block-list\">\n<li><strong>Go\u00f0afoss waterval:<\/strong> De \u201cWaterval van de Goden\u201d, een prachtige hoefijzervormige waterval met een historische betekenis die verband houdt met de bekering van IJsland tot het christendom.<\/li>\n\n\n\n<li><strong>Omgeving van het M\u00fdvatn meer:<\/strong> Een regio die bekend staat om zijn unieke geothermische kenmerken, pseudokraters, lavaformaties en gevarieerde vogelleven.\n<ul class=\"wp-block-list\">\n<li><strong>Dimmuborgir:<\/strong> Een fascinerend gebied met donkere, ongewoon gevormde lavaformaties.<\/li>\n\n\n\n<li><strong>Geothermisch gebied Hverir (N\u00e1maskar\u00f0):<\/strong> Een surrealistisch landschap van borrelende modderpotten, fumarolen en zwavelafzettingen.<\/li>\n\n\n\n<li><strong>M\u00fdvatn Natuurbaden:<\/strong> De \u201cBlauwe Lagune van het Noorden\u201d, een minder drukke geothermische spa.<\/li>\n<\/ul>\n<\/li>\n\n\n\n<li><strong>Dettifoss waterval:<\/strong> De krachtigste waterval van Europa, een werkelijk immense waterval.<\/li>\n\n\n\n<li><strong>\u00c1sbyrgi Canyon:<\/strong> Een hoefijzervormige canyon met torenhoge kliffen en weelderige vegetatie, geassocieerd met de Noorse mythologie.<\/li>\n\n\n\n<li><strong>H\u00fasav\u00edk:<\/strong> Vaak de \u201cwalvishoofdstad van IJsland\u201d genoemd.<\/li>\n\n\n\n<li><strong>Akureyri:<\/strong> De \u201cHoofdstad van het Noorden\u201d, een charmant stadje met botanische tuinen en een ontspannen sfeer.<\/li>\n<\/ul>\n\n<p><strong>Westfjorden &amp; schiereiland Snaefellsnes<\/strong><\/p>\n\n<ul class=\"wp-block-list\">\n<li><strong>De berg Kirkjufell &amp; de waterval Kirkjufellsfoss:<\/strong> Vaak \u201cKerkberg\u201d genoemd, een van de meest gefotografeerde toppen van IJsland, vooral met de nabijgelegen waterval.<\/li>\n\n\n\n<li><strong>Nationaal Park Sn\u00e6fellsj\u00f6kull:<\/strong> Hier vind je de gletsjer Sn\u00e6fellsj\u00f6kull (een slapende vulkaan waarvan wordt gezegd dat het een van de zeven energiecentra op aarde is), zwarte zandstranden en dramatische kliffen.\n<ul class=\"wp-block-list\">\n<li><strong>Dj\u00fapal\u00f3nssandur &amp; Dritv\u00edk:<\/strong> Zwarte kiezelstranden met historische scheepswrakresten en \u201chefstenen\u201d die gebruikt werden om kracht te testen.<\/li>\n\n\n\n<li><strong>Arnarstapi &amp; Hellnar:<\/strong> Charmante kustdorpjes met indrukwekkende kliffen en rotsformaties van basaltzuilen.<\/li>\n<\/ul>\n<\/li>\n\n\n\n<li><strong>Latrabjarg kliffen (Westfjorden):<\/strong> De grootste vogelklif van Europa, waar het wemelt van de miljoenen zeevogels, waaronder papegaaiduikers (in de zomer).<\/li>\n\n\n\n<li><strong>Dynjandi waterval (Westfjorden):<\/strong> Een prachtige serie van zeven trapsgewijze watervallen, vaak het \u201cJuweel van de Westfjorden\u201d genoemd.<\/li>\n<\/ul>\n\n<p><strong>Hooglanden (4x4 en toegang in de zomer vereist)<\/strong><\/p>\n\n<ul class=\"wp-block-list\">\n<li><strong>Landmannalaugar:<\/strong> Een prachtig geothermisch gebied dat bekend staat om zijn kleurrijke rhyolietbergen, warmwaterbronnen en wandelpaden.<\/li>\n\n\n\n<li><strong>Askja Caldera:<\/strong> Een afgelegen vulkanische caldera met een prachtig kratermeer (V\u00edti).<\/li>\n\n\n\n<li><strong>Th\u00f3rsm\u00f6rk Vallei:<\/strong> Een groene vallei tussen drie gletsjers, een populaire wandelbestemming.<\/li>\n<\/ul>\n\n<p>Er zijn een paar heel bijzondere en vaak \u201cverborgen\u201d plekken in IJsland:<\/p>\n\n<p><strong>Watervallen met een twist:<\/strong><\/p>\n\n<ul class=\"wp-block-list\">\n<li><strong>Glj\u00fafrab\u00fai (zuidkust):<\/strong> Glj\u00fafrab\u00fai (wat \u201cCanyonbewoner\u201d betekent) ligt op slechts een korte wandeling van de zeer populaire Seljalandsfoss en is een waterval die verborgen ligt in een smalle kloof. Je moet door een ondiep beekje waden om binnen te komen en het voelt alsof je een geheime wereld binnenstapt. De waterval is ongelooflijk fotogeniek, vooral als het licht er precies goed op valt.  <\/li>\n\n\n\n<li><strong>Kvernufoss (zuidkust):<\/strong> Nog een minder bekende waterval heel dicht bij de beroemde Sk\u00f3gafoss. Hij ligt verscholen in een prachtige kloof en je kunt ook achter deze waterval wandelen, vaak met veel minder mensen dan bij Seljalandsfoss. Het pad is goed onderhouden en vrij gemakkelijk.  <\/li>\n\n\n\n<li><strong>Br\u00faarfoss (omgeving Gouden Cirkel):<\/strong> Br\u00faarfoss, vaak de \u201cBlauwste waterval van IJsland\u201d genoemd, is een reeks kleine watervallen en stroomversnellingen die uitmonden in ongelooflijk levendig turquoise water. De waterval was ooit behoorlijk verborgen, maar er is een toegankelijker pad aangelegd. Het is er nog steeds minder druk dan bij de belangrijkste attracties van de Golden Circle.  <\/li>\n\n\n\n<li><strong>Glymur (West-IJsland):<\/strong> Lange tijd was dit de op \u00e9\u00e9n na hoogste waterval van IJsland (nu wordt aangenomen dat Mors\u00e1rfoss hoger is door het smelten van de gletsjer). Om Glymur te bereiken moet je een uitdagende maar lonende wandeling maken door een prachtige canyon, inclusief een rivieroversteek. Het houdt veel toeristen weg, waardoor het echt een bijzondere ervaring is.  <\/li>\n\n\n\n<li><strong>Stu\u00f0lagil Canyon (Oost-IJsland):<\/strong> Deze canyon met basaltzuilen is de afgelopen jaren enorm populair geworden dankzij sociale media, maar wordt nog steeds veel minder bezocht dan de zuidkust. De ongelooflijke turkooisblauwe rivier die door opvallende basaltzuilen stroomt, is een lust voor het oog. Er zijn twee kanten om het te bekijken, de ene houdt een langere wandeling in.  <\/li>\n<\/ul>\n\n<p><strong>Geothermische ontsnappingen (Voorbij de Blue Lagoon):<\/strong><\/p>\n\n<ul class=\"wp-block-list\">\n<li><strong>Hrunalaug warmwaterbron (gebied met de Gouden Cirkel):<\/strong> Een kleine, rustieke en zeer charmante warmwaterbron in de buurt van Fl\u00fa\u00f0ir. Het ligt op priv\u00e9grond en de eigenaar vraagt een kleine bijdrage voor het onderhoud, zodat het niet overspoeld wordt. Het biedt een heerlijk authentieke zwemervaring.  <\/li>\n\n\n\n<li><strong>Seljavallalaug (zuidkust):<\/strong> Dit is een van de oudste zwembaden van IJsland, gebouwd in de zijkant van een berg. Het wordt gevoed door een natuurlijke warmwaterbron, hoewel het water afhankelijk van het weer lauw kan zijn. De wandeling ernaartoe is prachtig en voert je door een afgelegen vallei. Het is minder \u201cverborgen\u201d dan vroeger, maar het voelt nog steeds afgelegen aan.   <\/li>\n\n\n\n<li><strong>Hvammsv\u00edk Hot Springs (Hvalfj\u00f6r\u00f0ur Fjord, vlakbij Reykjavik):<\/strong> Een recentere toevoeging aan de IJslandse warmwaterbronnen (geopend in 2021), deze wordt steeds populairder maar voelt nog steeds minder \u201ccommercieel\u201d aan dan de Blue of Sky Lagoon. Het biedt een prachtig uitzicht over de fjorden en verschillende baden met verschillende temperaturen, waarvan sommige direct worden be\u00efnvloed door het getijde van de oceaan. Het is een geweldige stop als je de schilderachtige rit rond Hvalfj\u00f6r\u00f0ur maakt.  <\/li>\n\n\n\n<li><strong>Laugarvallalaug (East Highlands - 4x4 vereist):<\/strong> Voor de echte avonturiers is dit een hete waterval waar je onder kunt baden! Hij ligt in de afgelegen Hooglanden van Oost-IJsland en vereist een 4x4 en de bereidheid om over F-wegen te rijden. De reis maakt deel uit van het avontuur.  <\/li>\n<\/ul>\n\n<p><strong>Unieke natuurlijke formaties:<\/strong><\/p>\n\n<ul class=\"wp-block-list\">\n<li><strong>Gj\u00e1in (Hooglanden van Zuid-IJsland - vaak 4x4 of shuttle nodig):<\/strong> Een absolute oase van weelderig groen, kleine watervallen en lavaformaties in een verder grimmig landschap. Het voelt als een sprookjesachtige vallei en wordt vaak over het hoofd gezien door degenen die zich strikt aan de Ringweg houden. <\/li>\n\n\n\n<li><strong>Thakgil (Zuid-IJsland, in de buurt van Vik - 4x4 aanbevolen voor de weg):<\/strong> Een prachtige, beschutte canyon met unieke rotsformaties en een fantastische camping. Er zijn geweldige wandelpaden die leiden naar een gletsjertong en een verborgen waterval in een grot. De toegangsweg (Route 214) kan ruig zijn.  <\/li>\n\n\n\n<li><strong>Fja\u00f0r\u00e1rglj\u00fafur Canyon (Zuidoost-IJsland):<\/strong> Deze prachtige, kronkelende canyon met steile wanden en een rivier die er doorheen stroomt, kreeg veel aandacht nadat hij was opgenomen in een videoclip van Justin Bieber. Hoewel het nu bekender is, is het nog steeds ongelooflijk indrukwekkend en vaak minder druk dan de directe attracties aan de zuidkust. <\/li>\n<\/ul>\n\n<p><strong>Kust- en cultuurjuweeltjes:<\/strong><\/p>\n\n<ul class=\"wp-block-list\">\n<li><strong>Rau\u00f0asandur Strand (Westfjorden):<\/strong> In tegenstelling tot de typische zwarte zandstranden van IJsland staat Rau\u00f0asandur bekend om zijn prachtige goudrode zand. Het is echt een afgelegen en vredige plek in de Westfjorden. <\/li>\n\n\n\n<li><strong>Flatey-eiland (Brei\u00f0afj\u00f6r\u00f0ur Baai):<\/strong> Een piepklein, charmant eiland in de Brei\u00f0afj\u00f6r\u00f0ur-baai (tussen het schiereiland Sn\u00e6fellsnes en de Westfjorden), bereikbaar per veerboot. Het is een autovrij eiland met prachtig bewaard gebleven oude huizen en een serene, tijdloze sfeer. Geweldig om vogels te kijken.  <\/li>\n\n\n\n<li><strong>Siglufj\u00f6r\u00f0ur (Noord-IJsland):<\/strong> Een pittoresk stadje in een smalle fjord, ooit de haringvishoofdstad van IJsland. Het is een beetje een omweg van de Ring Road, maar biedt een fascinerend Haringtijdperk Museum en een charmante, rustige sfeer. <\/li>\n\n\n\n<li><strong>Hj\u00f6rleifsh\u00f6f\u00f0i (zuidkust - \u201cYoda-grot\u201d):<\/strong> Een opvallende ge\u00efsoleerde berg, waarvan wordt gezegd dat het de begraafplaats is van een van IJslands eerste kolonisten. Er is ook een unieke grotformatie die lijkt op het Star Wars personage Yoda, waardoor het een leuke stop is voor fans. Je komt er via een grindweg naast de hoofdroute.  <\/li>\n<\/ul>\n\n<p><strong>Belangrijke overwegingen voor verborgen edelstenen:<\/strong><\/p>\n\n<ul class=\"wp-block-list\">\n<li><strong>Toegankelijkheid:<\/strong> Veel \u201cverborgen\u201d juweeltjes zijn niet voor niets verborgen! Ze vereisen vaak een <strong>4x4 voertuig<\/strong> om over gravel F-wegen (bergwegen) te navigeren die alleen in de zomer open zijn. Controleer altijd de wegomstandigheden<a href=\"http:\/\/www.road.is\/\" target=\"_blank\" rel=\"noreferrer noopener\">(www.road.is)<\/a> voordat je gaat.  <\/li>\n\n\n\n<li><strong>Het weer:<\/strong> Het weer in IJsland is heel grillig. Zelfs goed onderhouden paden kunnen moeilijk of gevaarlijk worden bij slecht weer (regen, harde wind, sneeuw). <\/li>\n\n\n\n<li><strong>Voorzieningen:<\/strong> Verwacht op de meeste verborgen plekken geen voorzieningen zoals toiletten of winkels. Wees voorbereid met water, snacks en de juiste uitrusting. <\/li>\n\n\n\n<li><strong>Respecteer de natuur:<\/strong> Deze plekken zijn ongerept. Blijf op gemarkeerde paden, gooi geen afval weg en respecteer de plaatselijke voorschriften. <\/li>\n\n\n\n<li><strong>Priv\u00e9terrein:<\/strong> Sommige \u201cverborgen juweeltjes\u201d liggen op priv\u00e9terrein en voor toegang kan een kleine vergoeding of gewoon respectvol gedrag nodig zijn.<\/li>\n<\/ul>\n","protected":false},"excerpt":{"rendered":"<p>Wonderen van de Gouden Cirkel Zuidkust &amp; gletsjerwonderen Reykjanes Schiereiland &amp; Hoofdstedelijk Gebied Noord-IJsland &amp; regio Myvatn Westfjorden &amp; schiereiland Snaefellsnes Hooglanden (4&#215;4 en toegang in de zomer vereist) Er zijn een paar heel bijzondere en vaak \u201cverborgen\u201d plekken in IJsland: Watervallen met een twist: Geothermische ontsnappingen (Voorbij de Blue Lagoon): Unieke natuurlijke formaties: Kust- [&hellip;]<\/p>\n","protected":false},"author":1,"featured_media":0,"parent":0,"menu_order":0,"comment_status":"closed","ping_status":"closed","template":"","meta":{"_acf_changed":false,"jetpack_post_was_ever_published":false,"footnotes":""},"class_list":["post-71842","page","type-page","status-publish","hentry"],"acf":[],"jetpack_sharing_enabled":true,"jetpack_shortlink":"https:\/\/wp.me\/P569lP-iGK","jetpack-related-posts":[{"id":41898,"url":"https:\/\/www.camper.is\/nl\/vegvisir-wayfinder-voor-reizigers\/bespaar-reizen-buitenshuis-en\/","url_meta":{"origin":71842,"position":0},"title":"Bespaar reizen buitenshuis EN","author":"admin","date":"18 november 2019","format":false,"excerpt":"Buiten Goede voorbereiding is de sleutel voor een geslaagde reis. Houd de onderstaande punten in gedachten en onthoud dat uw eerste bestemming altijd deze startpagina moet zijn. Laat altijd je reisplan achter met iemand die kan reageren indien nodig Controleer de weersvoorspelling. In IJsland kan het weer snel veranderen Vergeet\u2026","rel":"","context":"Soortgelijk bericht","block_context":{"text":"Soortgelijk bericht","link":""},"img":{"alt_text":"","src":"","width":0,"height":0},"classes":[]},{"id":41627,"url":"https:\/\/www.camper.is\/nl\/camper-iceland-uw-motor-home-4x4-verhuurbedrijf-in-ijsland\/","url_meta":{"origin":71842,"position":1},"title":"Camper Iceland, uw motor Home &amp; 4&#215;4 verhuurbedrijf in IJsland","author":"admin","date":"17 november 2019","format":false,"excerpt":"Reis door IJsland met een familiebedrijf dat al sinds 1987 reizen naar IJsland verkoopt. Camper Iceland biedt een gevarieerde vloot van campers en 4x4 campers, die een flexibele en kosteneffectieve manier bieden om de prachtige landschappen van het land te verkennen. Geniet van de vrijheid om het mooie weer op\u2026","rel":"","context":"Soortgelijk bericht","block_context":{"text":"Soortgelijk bericht","link":""},"img":{"alt_text":"Camper IJsland Logo","src":"https:\/\/i0.wp.com\/www.camper.is\/wp-content\/uploads\/2019\/11\/CamperIceland_new_whitebkgrd.png?fit=1200%2C316&quality=72&ssl=1&resize=350%2C200","width":350,"height":200,"srcset":"https:\/\/i0.wp.com\/www.camper.is\/wp-content\/uploads\/2019\/11\/CamperIceland_new_whitebkgrd.png?fit=1200%2C316&quality=72&ssl=1&resize=350%2C200 1x, https:\/\/i0.wp.com\/www.camper.is\/wp-content\/uploads\/2019\/11\/CamperIceland_new_whitebkgrd.png?fit=1200%2C316&quality=72&ssl=1&resize=525%2C300 1.5x, https:\/\/i0.wp.com\/www.camper.is\/wp-content\/uploads\/2019\/11\/CamperIceland_new_whitebkgrd.png?fit=1200%2C316&quality=72&ssl=1&resize=700%2C400 2x, https:\/\/i0.wp.com\/www.camper.is\/wp-content\/uploads\/2019\/11\/CamperIceland_new_whitebkgrd.png?fit=1200%2C316&quality=72&ssl=1&resize=1050%2C600 3x"},"classes":[]},{"id":75076,"url":"https:\/\/www.camper.is\/nl\/reisnieuws-en-wekelijkse-berichten-over-ijsland-camper-ijsland\/","url_meta":{"origin":71842,"position":2},"title":"Reisnieuws en wekelijkse berichten over IJsland | Camper IJsland","author":"admin","date":"26 maart 2026","format":false,"excerpt":"Blijf de storm voor met wekelijkse updates vanuit het hart van IJsland. Sinds 1987 bieden we deskundige wegrapporten, weerwaarschuwingen en Highland F-road-condities. Ontvang het laatste vlootnieuws en insidertips voor uw expeditie in 2026. Real-time informatie van de familie die de wegen het beste kent.","rel":"","context":"Soortgelijk bericht","block_context":{"text":"Soortgelijk bericht","link":""},"img":{"alt_text":"","src":"https:\/\/i0.wp.com\/www.camper.is\/wp-content\/uploads\/2026\/03\/family_badging_camper_iceland-scaled.png?fit=1200%2C654&quality=72&ssl=1&resize=350%2C200","width":350,"height":200,"srcset":"https:\/\/i0.wp.com\/www.camper.is\/wp-content\/uploads\/2026\/03\/family_badging_camper_iceland-scaled.png?fit=1200%2C654&quality=72&ssl=1&resize=350%2C200 1x, https:\/\/i0.wp.com\/www.camper.is\/wp-content\/uploads\/2026\/03\/family_badging_camper_iceland-scaled.png?fit=1200%2C654&quality=72&ssl=1&resize=525%2C300 1.5x, https:\/\/i0.wp.com\/www.camper.is\/wp-content\/uploads\/2026\/03\/family_badging_camper_iceland-scaled.png?fit=1200%2C654&quality=72&ssl=1&resize=700%2C400 2x, https:\/\/i0.wp.com\/www.camper.is\/wp-content\/uploads\/2026\/03\/family_badging_camper_iceland-scaled.png?fit=1200%2C654&quality=72&ssl=1&resize=1050%2C600 3x"},"classes":[]},{"id":41899,"url":"https:\/\/www.camper.is\/nl\/vegvisir-wayfinder-voor-reizigers\/save-travel-ijslandse-natuur-nl\/","url_meta":{"origin":71842,"position":3},"title":"Save Travel IJslandse natuur nl","author":"admin","date":"18 november 2019","format":false,"excerpt":"Aard De IJslandse natuur is een van een soort en we worden er steeds weer aan aangetrokken, maar tegelijkertijd reizen in de natuur kan gevaarlijk zijn, dus we moeten het volgende in gedachten houden Krijg goede informatie over het gebied waar u naar op reis bent Ongelukken komen vaak voor\u2026","rel":"","context":"Soortgelijk bericht","block_context":{"text":"Soortgelijk bericht","link":""},"img":{"alt_text":"","src":"","width":0,"height":0},"classes":[]},{"id":72418,"url":"https:\/\/www.camper.is\/nl\/loki-e-de-duurzame-camper-voor-uw-ijslands-avontuur\/","url_meta":{"origin":71842,"position":4},"title":"LOKI E De duurzame camper voor uw IJslands avontuur","author":"admin","date":"14 augustus 2025","format":false,"excerpt":"","rel":"","context":"Soortgelijk bericht","block_context":{"text":"Soortgelijk bericht","link":""},"img":{"alt_text":"","src":"https:\/\/i0.wp.com\/www.camper.is\/wp-content\/uploads\/2025\/08\/Untitled-scaled.png?fit=1200%2C900&quality=72&ssl=1&resize=350%2C200","width":350,"height":200,"srcset":"https:\/\/i0.wp.com\/www.camper.is\/wp-content\/uploads\/2025\/08\/Untitled-scaled.png?fit=1200%2C900&quality=72&ssl=1&resize=350%2C200 1x, https:\/\/i0.wp.com\/www.camper.is\/wp-content\/uploads\/2025\/08\/Untitled-scaled.png?fit=1200%2C900&quality=72&ssl=1&resize=525%2C300 1.5x, https:\/\/i0.wp.com\/www.camper.is\/wp-content\/uploads\/2025\/08\/Untitled-scaled.png?fit=1200%2C900&quality=72&ssl=1&resize=700%2C400 2x, https:\/\/i0.wp.com\/www.camper.is\/wp-content\/uploads\/2025\/08\/Untitled-scaled.png?fit=1200%2C900&quality=72&ssl=1&resize=1050%2C600 3x"},"classes":[]},{"id":68260,"url":"https:\/\/www.camper.is\/nl\/camper-iceland-overzicht\/camper-5-hel\/","url_meta":{"origin":71842,"position":5},"title":"Camper 5 HEL","author":"admin","date":"8 oktober 2024","format":false,"excerpt":"","rel":"","context":"Soortgelijk bericht","block_context":{"text":"Soortgelijk bericht","link":""},"img":{"alt_text":"","src":"https:\/\/i0.wp.com\/www.camper.is\/wp-content\/uploads\/2024\/08\/MH5_HEL.jpeg?fit=800%2C800&quality=80&ssl=1&resize=350%2C200","width":350,"height":200,"srcset":"https:\/\/i0.wp.com\/www.camper.is\/wp-content\/uploads\/2024\/08\/MH5_HEL.jpeg?fit=800%2C800&quality=80&ssl=1&resize=350%2C200 1x, https:\/\/i0.wp.com\/www.camper.is\/wp-content\/uploads\/2024\/08\/MH5_HEL.jpeg?fit=800%2C800&quality=80&ssl=1&resize=525%2C300 1.5x, https:\/\/i0.wp.com\/www.camper.is\/wp-content\/uploads\/2024\/08\/MH5_HEL.jpeg?fit=800%2C800&quality=80&ssl=1&resize=700%2C400 2x"},"classes":[]}],"_links":{"self":[{"href":"https:\/\/www.camper.is\/nl\/wp-json\/wp\/v2\/pages\/71842","targetHints":{"allow":["GET"]}}],"collection":[{"href":"https:\/\/www.camper.is\/nl\/wp-json\/wp\/v2\/pages"}],"about":[{"href":"https:\/\/www.camper.is\/nl\/wp-json\/wp\/v2\/types\/page"}],"author":[{"embeddable":true,"href":"https:\/\/www.camper.is\/nl\/wp-json\/wp\/v2\/users\/1"}],"replies":[{"embeddable":true,"href":"https:\/\/www.camper.is\/nl\/wp-json\/wp\/v2\/comments?post=71842"}],"version-history":[{"count":2,"href":"https:\/\/www.camper.is\/nl\/wp-json\/wp\/v2\/pages\/71842\/revisions"}],"predecessor-version":[{"id":71850,"href":"https:\/\/www.camper.is\/nl\/wp-json\/wp\/v2\/pages\/71842\/revisions\/71850"}],"wp:attachment":[{"href":"https:\/\/www.camper.is\/nl\/wp-json\/wp\/v2\/media?parent=71842"}],"curies":[{"name":"wp","href":"https:\/\/api.w.org\/{rel}","templated":true}]}}