{"id":50069,"date":"2022-04-20T11:53:58","date_gmt":"2022-04-20T11:53:58","guid":{"rendered":"https:\/\/www.camper.is\/noordse-namen\/"},"modified":"2026-04-07T07:09:33","modified_gmt":"2026-04-07T07:09:33","slug":"noordse-namen","status":"publish","type":"page","link":"https:\/\/www.camper.is\/nl\/camper-iceland-overzicht\/noordse-namen\/","title":{"rendered":"Noordse namen"},"content":{"rendered":"\n<div class=\"et_pb_section_0 et_pb_section et_section_regular et_block_section\"><div class=\"et_pb_row_0 et_pb_row et_block_row\"><div class=\"et_pb_column_0 et_pb_column et_pb_column_4_4 et-last-child et_block_column et_pb_css_mix_blend_mode_passthrough\"><div class=\"et_pb_text_0 et_pb_text et_pb_bg_layout_light et_pb_module et_block_module et_pb_text_align_center\"><div class=\"et_pb_text_inner\"><p>De Noordse namen<\/p>\n<\/div><\/div><div class=\"et_pb_text_1 et_pb_text et_pb_bg_layout_dark et_pb_module et_block_module\"><div class=\"et_pb_text_inner\"><h1>Welkom in IJsland, het land van de Vikingen<\/h1>\n<\/div><\/div><\/div><\/div><\/div><div class=\"et_pb_section_1 et_pb_section et_section_regular et_block_section\"><div class=\"et_pb_row_1 et_pb_row et_block_row\"><div class=\"et_pb_column_1 et_pb_column et_pb_column_1_3 et_block_column et_pb_css_mix_blend_mode_passthrough\"><div class=\"et_pb_text_2 et_pb_text et_pb_bg_layout_light et_pb_module et_block_module et_pb_text_align_center\"><div class=\"et_pb_text_inner\"><h2>Viking Regel nr 1<\/h2>\n<p>Wanneer u op IJsland kampeert, laat u de camping in een betere staat achter dan u hem aantrof. <\/p>\n<\/div><\/div><div class=\"et_pb_module et_pb_button_module_wrapper et_pb_button_0_wrapper\"><a class=\"et_pb_button_0 et_pb_button et_pb_bg_layout_light et_pb_module et_block_module\" href=\"\">Reis als een geest<\/a><\/div><\/div><div class=\"et_pb_column_2 et_pb_column et_pb_column_1_3 et_block_column et_pb_css_mix_blend_mode_passthrough\"><div class=\"et_pb_text_3 et_pb_text et_pb_bg_layout_light et_pb_module et_block_module et_pb_text_align_center\"><div class=\"et_pb_text_inner\"><h2>Vikingregel nr 2<\/h2>\n<p>Rijd alsof u een glas water in uw hand heeft en probeer geen druppel te morsen. <\/p>\n<\/div><\/div><div class=\"et_pb_module et_pb_button_module_wrapper et_pb_button_1_wrapper\"><a class=\"et_pb_button_1 et_pb_button et_pb_bg_layout_light et_pb_module et_block_module\" href=\"\">Rijden besparen<\/a><\/div><\/div><div class=\"et_pb_column_3 et_pb_column et_pb_column_1_3 et-last-child et_block_column et_pb_css_mix_blend_mode_passthrough\"><div class=\"et_pb_text_4 et_pb_text et_pb_bg_layout_light et_pb_module et_block_module et_pb_text_align_center\"><div class=\"et_pb_text_inner\"><h2>Viking Regel nr 3<\/h2>\n<p>Als je geen onderdeel bent van de oplossing, ben je onderdeel van het probleem. <\/p>\n<\/div><\/div><div class=\"et_pb_module et_pb_button_module_wrapper et_pb_button_2_wrapper\"><a class=\"et_pb_button_2 et_pb_button et_pb_bg_layout_light et_pb_module et_block_module\" href=\"\">Wees een viking<\/a><\/div><\/div><\/div><\/div><div class=\"et_pb_section_2 et_pb_section et_section_regular et_block_section\"><div class=\"et_pb_row_2 et_pb_row et_block_row\"><div class=\"et_pb_column_4 et_pb_column et_pb_column_4_4 et-last-child et_block_column et_pb_css_mix_blend_mode_passthrough\"><div class=\"et_pb_image_0 et_pb_image et_pb_module et_block_module\"><span class=\"et_pb_image_wrap\"><img data-recalc-dims=\"1\" decoding=\"async\" src=\"https:\/\/i0.wp.com\/www.campericeland.is\/wp-content\/uploads\/2021\/06\/wedding-photographer-icon-4-gold.png?w=1080&#038;quality=72&#038;ssl=1\" title=\"trouwfotograaf-icon-4-gold\" alt=\"\"><\/span><\/div><div class=\"et_pb_text_5 et_pb_text et_pb_bg_layout_light et_pb_module et_block_module et_pb_text_align_center\"><div class=\"et_pb_text_inner\"><p style=\"padding-left: 40px; text-align: right;\">  <img data-recalc-dims=\"1\" loading=\"lazy\" decoding=\"async\" src=\"https:\/\/i0.wp.com\/www.camper.is\/wp-content\/uploads\/2024\/08\/WhatsApp-Image-2024-08-08-at-12.14.48-PM.jpeg?resize=99%2C173&#038;quality=80&#038;ssl=1\" width=\"99\" height=\"173\" alt=\"\" class=\"wp-image-68127 alignnone size-medium\" title=\"\" srcset=\"https:\/\/i0.wp.com\/www.camper.is\/wp-content\/uploads\/2024\/08\/WhatsApp-Image-2024-08-08-at-12.14.48-PM.jpeg?resize=172%2C300&amp;quality=80&amp;ssl=1 172w, https:\/\/i0.wp.com\/www.camper.is\/wp-content\/uploads\/2024\/08\/WhatsApp-Image-2024-08-08-at-12.14.48-PM.jpeg?w=366&amp;quality=80&amp;ssl=1 366w\" sizes=\"(max-width: 99px) 100vw, 99px\" \/>De goden<\/p>\n<\/div><\/div><div class=\"et_pb_text_6 et_pb_text et_pb_bg_layout_light et_pb_module et_block_module et_pb_text_align_center\"><div class=\"et_pb_text_inner\"><h2>Noorse namen<\/h2>\n<\/div><\/div><div class=\"et_pb_text_7 et_pb_text et_pb_bg_layout_light et_pb_module et_block_module et_pb_text_align_center\"><div class=\"et_pb_text_inner\"><p><strong>ODIN<\/strong> (IJslands: \u00d3\u00f0inn)<\/p>\n<p>Dit is de naam van de hoogste en oudste god in de Noordse mythologie zoals die in de Edda's voorkomt, en Odin is veelzijdiger dan alle andere goden. Hij is de vader van andere goden en wordt daarom Alvader genoemd. Hij is een idool van fictie, een idool van de dood en een oorlogsidool, en bovendien is hij een idool van magie, tovenarij, runenspreuken en vergetelheid. Zijn vele namen in de mythologie laten ook zien hoe veelzijdig hij is. Odin en zijn broers, Vilji en V\u00e9i, zijn de eerste goden. Het zijn de zonen van Bor en de reuzin Bestla. Odinn is getrouwd met Frigg en zijn zonen zijn Baldur (met Frigg), \u00de\u00f3r (met J\u00f6r\u00f0) en V\u00e1li (met Rindi). Deze familiebanden komen al voor in rijmende gedichten, maar Snorri Sturluson zegt ook dat Heimdall, T\u00fd, Braga, V\u00ed\u00f0ar en H\u00f6\u00f0 de zonen van Odin zijn. Odins woning heet Asgard, en zijn troon is Hli\u00f0skj\u00e1lf, en van daaruit zag hij alle werelden en de daden van ieder mens. Zijn kenmerken zijn de ring Draupnir, de snavel Gungnir, de twee raven Huginn en Muninn en het achtbenige paard Sleipnir. Odin verwierf zijn kennis door te drinken uit M\u00edmisbrunnur, maar daarvoor moest hij een oogje op de lijn houden.<\/p>\n<p>&nbsp;<\/p>\n<p><strong>THOR<\/strong> (IJslands: \u00de\u00f3r)<\/p>\n<p>De god van de donder, de sterkste van alle goden, hun beschermer en beschermer van mensen. Hij wordt beschouwd als een lange man, sterk, met een rode baard en een doordringende blik. \u00de\u00f3r is de zoon van \u00d3\u00f0inn en Jar\u00f0ur, zijn vrouw is Sif en hun kinderen zijn M\u00f3\u00f0i, Magni en \u00der\u00fa\u00f0ur. Het huis van \u00de\u00f3r is \u00der\u00fa\u00f0vangur (of \u00der\u00fa\u00f0heimur) en zijn paleis heet Bilskirnir. \u00de\u00f3r heeft een grote wagen die wordt voortgetrokken door twee dollar (mannelijke geit) genaamd Tanngrisnir en Tanngnj\u00f3stur. De kenmerken van \u00de\u00f3r zijn zijn belangrijkste tuinen, ijzeren handschoenen en de brief Gr\u00ed\u00f0arv\u00f6lur die hij kreeg van de cricketspeler Gr\u00ed\u00f0ur. Het meest opvallende kenmerk van \u00de\u00f3r is de Mjollnir-hamer, zijn krachtigste wapen in de strijd tegen reuzen. Mj\u00f6lnir of \u00de\u00f3rshamarinn is nu een van de belangrijkste symbolen van heidenen.<\/p>\n<p><strong>SIF<\/strong><\/p>\n<p>Sif is Thors vrouw en een machtige krijger (schildmaagd). In de Noorse mythologie is Sif een goudharige godin die wordt geassocieerd met de aarde. Sif wordt getuigd van in de Po\u00ebtische Edda, samengesteld in de 13e eeuw uit eerdere traditionele bronnen, en de Proza Edda, geschreven in de 13e eeuw door Snorri Sturluson, en in de po\u00ebzie van skalds.<\/p>\n<p><strong>HEL<\/strong><\/p>\n<p>Hel komt van \"helen\", dus het betekent onzichtbaar maken. Ze is een verborgen godin. Haar thuis, Helheim, ligt ver van het licht van de zon. Dit is de oorsprong van al het zijn en leven, en dit is waar het weer terugkeert. Hel is de godin van de onderwereld, vruchtbaarheid, geboorte en dood en de moeder van al het leven. Hel is de dochter van Loki en Angrboda. Haar broers en zussen zijn de Fenris Wolf en de Midgard Slang.        <\/p>\n<p><strong>FREYJA<\/strong><\/p>\n<p>De mooie en nobele godin van liefde en vruchtbaarheid is van gewoonte, de dochter van Njar\u00f0ur en zijn zus, en de zus van Freys. De naam van haar man is \u00d3\u00f0ur en hun dochters zijn Hnoss en Gersemi.<\/p>\n<p>Haar huisje is F\u00f3lkvangur waar de grote en mooie zaal Sessr\u00famnir is. Haar kenmerken zijn het borstmenu, de rollende hamer en het zwijn Hildisv\u00edni.<\/p>\n<p>Freyja reed terwijl twee katten voortsleepten terwijl ze reisde. Ze wordt beschouwd als de beschermgodin van huizen en het is goed om haar te noemen vanwege liefde en plezier.<\/p>\n<p><strong>FRIGG<\/strong><\/p>\n<p>Hoofdgodin van voorouders en echtgenote van Odin, de moeder van Baldur. Ze is Fj\u00f6rgynsd\u00f3ttir, maar haar vader is verder onbekend. Haar huis in \u00c1sgar\u00f0ur heet Fensalir, waar de maagden Fulla en Gn\u00e1 haar dienen. Het kenmerk is de achtbaan. Frigg weet alles over het lot.<\/p>\n<p><strong>IDUNN<\/strong> (IJslands: I\u00f0unn)<\/p>\n<p>Degene die vernieuwt en echtgenote van god Bragi. Ze bewaart de negen gouden appels waar de goden in bijten naarmate ze ouder worden en dan weer jong worden tot het einde van de wereld (Ragnar\u00f6k). In Sk\u00e1ldskaparm\u00e1lar wordt gezegd dat eens de reus \u00dejass zowel I\u00f0unn als de appels beroofde en de goden spoedig ouder werden. Maar vanwege Loki's sluwheid (die er eigenlijk verantwoordelijk voor was dat \u00dejassi de appels kreeg), slaagden ze erin \u00dejassi te doden en zowel I\u00f0unn als de appels terug te krijgen, waarmee ze de eeuwige jeugd veiligstelden.<\/p>\n<p><strong>LOKI<\/strong> Laufeyjarson<\/p>\n<p><span style=\"font-size: 16px;\">Een halve god en een halve reus. Zijn vader is de reus F\u00e1rbauti, maar de naam van zijn moeder is Laufey. Zijn broers zijn B\u00fdleistur en Helblindi. Met zijn vrouw Sigyn trouwde hij met Narfa. Met de zigeuner Angurbo\u00f0a had Loki drie nakomelingen, Fenris\u00falf, Mi\u00f0gar\u00f0somm en Hel, en in de vorm van een merrie bracht hij Sleipnir ter wereld, de zoon van de hengst Sva\u00f0ilfari. Loki wordt beschouwd als de meest complexe god in het athe\u00efsme. Er wordt gezegd dat Loki mooi is en ook mooi van uiterlijk, divers in manieren. Hij heeft de kwaliteiten die superieur zijn aan andere mannen die sluwheid (sl\u00e6g\u00f0) worden genoemd en machines voor alle dingen.<\/span><\/p>\n<p>&nbsp;<\/p>\n<\/div><\/div><\/div><\/div><\/div>\n","protected":false},"excerpt":{"rendered":"","protected":false},"author":1,"featured_media":0,"parent":41941,"menu_order":0,"comment_status":"closed","ping_status":"closed","template":"","meta":{"_acf_changed":false,"jetpack_post_was_ever_published":false,"footnotes":""},"class_list":["post-50069","page","type-page","status-publish","hentry"],"acf":[],"jetpack_sharing_enabled":true,"jetpack_shortlink":"https:\/\/wp.me\/P569lP-d1z","jetpack-related-posts":[{"id":49868,"url":"https:\/\/www.camper.is\/de\/camper-iceland-uebersicht\/nordische-namen\/","url_meta":{"origin":50069,"position":0},"title":"Nordische Namen","author":"admin","date":"20 april 2022","format":false,"excerpt":"","rel":"","context":"Soortgelijk bericht","block_context":{"text":"Soortgelijk bericht","link":""},"img":{"alt_text":"","src":"","width":0,"height":0},"classes":[]},{"id":41912,"url":"https:\/\/www.camper.is\/de\/vegvisir-der-wegfinder-fuer-island\/sparen-sie-reisen-im-freien-de\/","url_meta":{"origin":50069,"position":1},"title":"Sparen Sie Reisen im Freien DE","author":"admin","date":"18 november 2019","format":false,"excerpt":"drau\u00dfen Eine gute Vorbereitung ist der Schl\u00fcssel f\u00fcr eine erfolgreiche Reise. Denken Sie an die folgenden Punkte und denken Sie daran, dass Ihr erstes Ziel immer diese Homepage sein sollte. \u00dcberlassen Sie Ihren Reiseplan immer bei jemandem, der bei Bedarf reagieren kann \u00dcberpr\u00fcfen Sie die Wettervorhersage. In Island kann sich\u2026","rel":"","context":"Soortgelijk bericht","block_context":{"text":"Soortgelijk bericht","link":""},"img":{"alt_text":"","src":"","width":0,"height":0},"classes":[]}],"_links":{"self":[{"href":"https:\/\/www.camper.is\/nl\/wp-json\/wp\/v2\/pages\/50069","targetHints":{"allow":["GET"]}}],"collection":[{"href":"https:\/\/www.camper.is\/nl\/wp-json\/wp\/v2\/pages"}],"about":[{"href":"https:\/\/www.camper.is\/nl\/wp-json\/wp\/v2\/types\/page"}],"author":[{"embeddable":true,"href":"https:\/\/www.camper.is\/nl\/wp-json\/wp\/v2\/users\/1"}],"replies":[{"embeddable":true,"href":"https:\/\/www.camper.is\/nl\/wp-json\/wp\/v2\/comments?post=50069"}],"version-history":[{"count":18,"href":"https:\/\/www.camper.is\/nl\/wp-json\/wp\/v2\/pages\/50069\/revisions"}],"predecessor-version":[{"id":76157,"href":"https:\/\/www.camper.is\/nl\/wp-json\/wp\/v2\/pages\/50069\/revisions\/76157"}],"up":[{"embeddable":true,"href":"https:\/\/www.camper.is\/nl\/wp-json\/wp\/v2\/pages\/41941"}],"wp:attachment":[{"href":"https:\/\/www.camper.is\/nl\/wp-json\/wp\/v2\/media?parent=50069"}],"curies":[{"name":"wp","href":"https:\/\/api.w.org\/{rel}","templated":true}]}}