{"id":41627,"date":"2019-11-17T16:36:38","date_gmt":"2019-11-17T16:36:38","guid":{"rendered":"https:\/\/www.campericeland.is\/camper-iceland-uw-motor-home-4x4-verhuurbedrijf-in-ijsland\/"},"modified":"2026-04-07T06:28:44","modified_gmt":"2026-04-07T06:28:44","slug":"camper-iceland-uw-motor-home-4x4-verhuurbedrijf-in-ijsland","status":"publish","type":"page","link":"https:\/\/www.camper.is\/nl\/camper-iceland-uw-motor-home-4x4-verhuurbedrijf-in-ijsland\/","title":{"rendered":"Camper Iceland, uw motor Home &amp; 4&#215;4 verhuurbedrijf in IJsland"},"content":{"rendered":"<div class=\"et_pb_section_0 et_pb_section et_section_specialty et_pb_gutters3 et_block_section\"><div class=\"et_pb_row et_block_row\"><div class=\"et_pb_column_0 et_pb_column et_pb_specialty_column et_pb_column_1_2 et_block_column et_pb_css_mix_blend_mode_passthrough\"><div class=\"et_pb_row_inner_0 et_pb_row_inner et_block_row\"><div class=\"et_pb_column_inner_0 et_pb_column_inner et_pb_column et_pb_column_4_4 et-last-child et_block_column et_pb_css_mix_blend_mode_passthrough\"><div class=\"et_pb_image_0 et_pb_image et_pb_module et_block_module\"><span class=\"et_pb_image_wrap\"><img decoding=\"async\" src=\"https:\/\/www.camper.is\/wp-content\/uploads\/2022\/10\/camper-iceland-high-resolution-logo-white-on-transparent-background.png\" width=\"2000\" height=\"792\" srcset=\"https:\/\/www.camper.is\/wp-content\/uploads\/2022\/10\/camper-iceland-high-resolution-logo-white-on-transparent-background.png 2000w, https:\/\/www.camper.is\/wp-content\/uploads\/2022\/10\/camper-iceland-high-resolution-logo-white-on-transparent-background-1280x507.png 1280w, https:\/\/www.camper.is\/wp-content\/uploads\/2022\/10\/camper-iceland-high-resolution-logo-white-on-transparent-background-980x388.png 980w, https:\/\/www.camper.is\/wp-content\/uploads\/2022\/10\/camper-iceland-high-resolution-logo-white-on-transparent-background-480x190.png 480w\" sizes=\"(min-width: 0px) and (max-width: 480px) 480px, (min-width: 481px) and (max-width: 980px) 980px, (min-width: 981px) and (max-width: 1280px) 1280px, (min-width: 1281px) 2000px, 100vw\" class=\"wp-image-54733\" title=\"camper-iceland-hoge-resolutie-logo-wit-op-transparante-achtergrond\" alt=\"\"><\/span><\/div><\/div><\/div><\/div><div class=\"et_pb_column_1 et_pb_column et_pb_column_single et_pb_column_1_2 et-last-child et_block_column et_pb_css_mix_blend_mode_passthrough\"><div class=\"et_pb_blurb_0 et_pb_blurb et_pb_bg_layout_dark et_pb_text_align_center et_pb_blurb_position_top et_pb_module et_block_module\"><div class=\"et_pb_blurb_content\"><div class=\"et_pb_main_blurb_image\"><span class=\"et_pb_image_wrap\"><span class=\"et-pb-icon et_animated et_animated\">?<\/span><\/span><\/div><div class=\"et_pb_blurb_container\"><h4 class=\"et_pb_module_header\">Online boeken<\/h4><div class=\"et_pb_blurb_description\"><p><iframe id=\"miniBook\" style=\"width: 300px; height: 550px;\" src=\"https:\/\/web.rentalcarmanager.com\/api32\/Camper-Iceland\/step1Mini\" width=\"300\" height=\"200\" frameborder=\"0\" scrolling=\"no\"><\/iframe><\/p>\n<\/div><\/div><\/div><\/div><\/div><\/div><\/div><div class=\"et_pb_section_1 et_pb_section et_section_regular et_block_section\"><div class=\"et_pb_row_0 et_pb_row et_pb_row_3-5_1-5_1-5 et_block_row et_block_row_3-5_1-5_1-5\"><div class=\"et_pb_column_2 et_pb_column et_pb_column_3_5 et_block_column et_pb_css_mix_blend_mode_passthrough\"><div class=\"et_pb_text_0 et_pb_text et_pb_bg_layout_light et_pb_module et_block_module\"><div class=\"et_pb_text_inner\"><h1>Welkom bij Camper IJsland<\/h1>\n<p>Bent u op zoek naar een camper of een 4\u00d74 camper om IJsland te verkennen? Zoek niet verder, u bent \u00e9\u00e9n stap verwijderd van uw droomvakantie. Camper Iceland biedt de grootste verscheidenheid van voertuigcategorie\u00ebn om aan uw exacte behoefte te voldoen. Al onze categorie\u00ebn zijn gebouwd om u mee te nemen rond IJsland, naar de mooiste plekjes van ons land. Als u over het IJslandse hoogland wilt gaan, bieden wij twee inspirerende 4x4 Camper categorie\u00ebn.<\/p>\n<p>Ons familiebedrijf verkoopt al sinds 1987 reizen naar IJsland en al die kennis staat tot uw beschikking. Het huren van een camper wordt beschouwd als een van de meest flexibele manieren om door IJsland te reizen. Campings hoeven niet vooraf gereserveerd te worden, u rijdt gewoon rond IJsland en stopt waar u het liefste bent. Als u met een camper of 4x4-camper reist, bespaart u veel geld omdat u in de plaatselijke supermarkten levensmiddelen kunt kopen. Voor romantische avonden kunt u bij wijze van uitzondering dineren in de restaurants van IJsland. De zwembaden van IJsland zijn populair bij onze klanten. Geniet van een dagelijkse duik of ontspan bij de hete potten. Het warme geothermische water zal uw lichaam en ziel regenereren. Uw vakantie moet immers bedoeld zijn om te ontspannen en de lichaamsbatterij op te laden. Onze producten zijn geschikt voor gezinnen, koppels, vrienden en soloreizigers.<\/p>\n<p>Het IJslandse weer staat bekend om zijn veranderlijkheid, en vaak regent het in het noorden terwijl het in het zuiden zonnig is of andersom. Een ander groot voordeel van het huren van een Camper Iceland voertuig is dat u kunt reizen met het weer. De zon achterna in plaats van het weer te moeten aanvaarden op een vooraf geboekte hotelroute. Blijf laat op en bezoek de mooie bezienswaardigheden wanneer andere reizigers al op zoek zijn gegaan naar de accommodatie. Een camper heeft geen incheck- of uitchecktijden. Pak uw koffers \u00e9\u00e9n keer uit om te genieten van uw \"hotel op wielen\".<\/p>\n<p>Wij verheugen ons erop u te kunnen instrueren hoe u ons voertuig moet gebruiken voordat u vertrekt voor een heerlijke en welverdiende vakantie.<\/p>\n<\/div><\/div><div class=\"et_pb_blurb_1 et_pb_blurb et_pb_bg_layout_light et_pb_blurb_position_top et_pb_module et_block_module\"><div class=\"et_pb_blurb_content\"><div class=\"et_pb_main_blurb_image\"><span class=\"et_pb_image_wrap et_pb_only_image_mode_wrap\"><img decoding=\"async\" src=\"https:\/\/www.camper.is\/wp-content\/uploads\/2025\/09\/RGB_FF-2024-2025-Eng-White-Horz_Original-scaled.png\" width=\"2560\" height=\"640\" srcset=\"https:\/\/www.camper.is\/wp-content\/uploads\/2025\/09\/RGB_FF-2024-2025-Eng-White-Horz_Original-scaled.png 2560w, https:\/\/www.camper.is\/wp-content\/uploads\/2025\/09\/RGB_FF-2024-2025-Eng-White-Horz_Original-1280x320.png 1280w, https:\/\/www.camper.is\/wp-content\/uploads\/2025\/09\/RGB_FF-2024-2025-Eng-White-Horz_Original-980x245.png 980w, https:\/\/www.camper.is\/wp-content\/uploads\/2025\/09\/RGB_FF-2024-2025-Eng-White-Horz_Original-480x120.png 480w\" sizes=\"(min-width: 0px) and (max-width: 480px) 480px, (min-width: 481px) and (max-width: 980px) 980px, (min-width: 981px) and (max-width: 1280px) 1280px, (min-width: 1281px) 2560px, 100vw\" class=\"et_animated wp-image-75091\" alt=\"\" title=\"\"><\/span><\/div><div class=\"et_pb_blurb_container\"><h4 class=\"et_pb_module_header\">Sterkste beloning in IJsland<\/h4><div class=\"et_pb_blurb_description\"><p><span>We zijn verheugd te kunnen aankondigen dat we opnieuw de prestigieuze Creditinfo Outstanding Company award voor 2025 hebben gewonnen!<\/span><\/p>\n<p><span>Dit predicaat wordt toegekend op basis van een strenge analyse door Creditinfo van de financi\u00eble kracht en stabiliteit van een bedrijf. Al 14 jaar erkent Creditinfo de best presterende bedrijven in IJsland, en deze eer is voorbehouden aan minder dan 2% van alle geregistreerde bedrijven in het hele land. Het behalen van deze erkenning onderstreept de resultaten van onze systematische voorbereiding en onvermoeibare werk, en het is een waardevol hulpmiddel bij het opbouwen van vertrouwen bij onze klanten en partners.  <\/span><\/p>\n<\/div><\/div><\/div><\/div><\/div><div class=\"et_pb_column_3 et_pb_column et_pb_column_1_5 et_block_column et_pb_css_mix_blend_mode_passthrough\"><div class=\"et_pb_text_1 et_pb_text et_pb_bg_layout_light et_pb_module et_block_module\"><div class=\"et_pb_text_inner\"><p style=\"text-align: center;\"><strong>MH 2 IDUNN<\/strong><\/p>\n<\/div><\/div><div class=\"et_pb_image_1 et_pb_image et_pb_module et_block_module\"><a href=\"https:\/\/www.camper.is\/camper-iceland-overview\/motor-home-2\/\"><span class=\"et_pb_image_wrap has-box-shadow-overlay\"><div class=\"box-shadow-overlay\"><\/div><img decoding=\"async\" src=\"https:\/\/www.camper.is\/wp-content\/uploads\/2025\/09\/ICONS-2026-IDUNN.png\" width=\"1080\" height=\"1080\" srcset=\"https:\/\/www.camper.is\/wp-content\/uploads\/2025\/09\/ICONS-2026-IDUNN.png 1080w, https:\/\/www.camper.is\/wp-content\/uploads\/2025\/09\/ICONS-2026-IDUNN-980x980.png 980w, https:\/\/www.camper.is\/wp-content\/uploads\/2025\/09\/ICONS-2026-IDUNN-480x480.png 480w\" sizes=\"(min-width: 0px) and (max-width: 480px) 480px, (min-width: 481px) and (max-width: 980px) 980px, (min-width: 981px) 1080px, 100vw\" class=\"wp-image-73202\" title=\"PICTOGRAMMEN 2026 IDUNN\" alt=\"\"><\/span><\/a><\/div><div class=\"et_pb_text_2 et_pb_text et_pb_bg_layout_light et_pb_module et_block_module\"><div class=\"et_pb_text_inner\"><p style=\"text-align: center;\"><strong>MH 4-5 SIF<\/strong><\/p>\n<\/div><\/div><div class=\"et_pb_image_2 et_pb_image et_pb_module et_block_module\"><a href=\"https:\/\/www.camper.is\/camper-iceland-overview\/motor-home-4\/\"><span class=\"et_pb_image_wrap has-box-shadow-overlay\"><div class=\"box-shadow-overlay\"><\/div><img decoding=\"async\" src=\"https:\/\/www.camper.is\/wp-content\/uploads\/2025\/09\/ICONS_2026_SIF.jpeg\" width=\"1080\" height=\"1080\" srcset=\"https:\/\/www.camper.is\/wp-content\/uploads\/2025\/09\/ICONS_2026_SIF.jpeg 1080w, https:\/\/www.camper.is\/wp-content\/uploads\/2025\/09\/ICONS_2026_SIF-980x980.jpeg 980w, https:\/\/www.camper.is\/wp-content\/uploads\/2025\/09\/ICONS_2026_SIF-480x480.jpeg 480w\" sizes=\"(min-width: 0px) and (max-width: 480px) 480px, (min-width: 481px) and (max-width: 980px) 980px, (min-width: 981px) 1080px, 100vw\" class=\"wp-image-74996\" title=\"ICONS_2026_SIF\" alt=\"\"><\/span><\/a><\/div><div class=\"et_pb_text_3 et_pb_text et_pb_bg_layout_light et_pb_module et_block_module\"><div class=\"et_pb_text_inner\"><p style=\"text-align: center;\"><strong>MH 4-5 HEL (AT)<\/strong><\/p>\n<\/div><\/div><div class=\"et_pb_image_3 et_pb_image et_pb_module et_block_module\"><a href=\"https:\/\/www.camper.is\/camper-iceland-overview\/motor-home-5-hel\/\"><span class=\"et_pb_image_wrap has-box-shadow-overlay\"><div class=\"box-shadow-overlay\"><\/div><img decoding=\"async\" src=\"https:\/\/www.camper.is\/wp-content\/uploads\/2025\/09\/ICONS-2026-HEL.jpeg\" width=\"1080\" height=\"1080\" srcset=\"https:\/\/www.camper.is\/wp-content\/uploads\/2025\/09\/ICONS-2026-HEL.jpeg 1080w, https:\/\/www.camper.is\/wp-content\/uploads\/2025\/09\/ICONS-2026-HEL-980x980.jpeg 980w, https:\/\/www.camper.is\/wp-content\/uploads\/2025\/09\/ICONS-2026-HEL-480x480.jpeg 480w\" sizes=\"(min-width: 0px) and (max-width: 480px) 480px, (min-width: 481px) and (max-width: 980px) 980px, (min-width: 981px) 1080px, 100vw\" class=\"wp-image-73283\" title=\"ICONS 2026 HEL\" alt=\"\"><\/span><\/a><\/div><div class=\"et_pb_text_4 et_pb_text et_pb_bg_layout_light et_pb_module et_block_module\"><div class=\"et_pb_text_inner\"><p style=\"text-align: center;\"><strong>MH 6 FRIGG<\/strong><\/p>\n<\/div><\/div><div class=\"et_pb_image_4 et_pb_image et_pb_module et_block_module\"><a href=\"https:\/\/www.camper.is\/camper-iceland-overview\/motor-home-6-freyja-heritage\/\"><span class=\"et_pb_image_wrap has-box-shadow-overlay\"><div class=\"box-shadow-overlay\"><\/div><img decoding=\"async\" src=\"https:\/\/www.camper.is\/wp-content\/uploads\/2025\/09\/ICONS-2026-FRIGG.jpeg\" width=\"1080\" height=\"1080\" srcset=\"https:\/\/www.camper.is\/wp-content\/uploads\/2025\/09\/ICONS-2026-FRIGG.jpeg 1080w, https:\/\/www.camper.is\/wp-content\/uploads\/2025\/09\/ICONS-2026-FRIGG-980x980.jpeg 980w, https:\/\/www.camper.is\/wp-content\/uploads\/2025\/09\/ICONS-2026-FRIGG-480x480.jpeg 480w\" sizes=\"(min-width: 0px) and (max-width: 480px) 480px, (min-width: 481px) and (max-width: 980px) 980px, (min-width: 981px) 1080px, 100vw\" class=\"wp-image-73271\" title=\"ICONEN 2026 FRIGG\" alt=\"\"><\/span><\/a><\/div><div class=\"et_pb_text_5 et_pb_text et_pb_bg_layout_light et_pb_module et_block_module\"><div class=\"et_pb_text_inner\"><p style=\"text-align: center;\"><strong>MH 6 FREYJA (AT)<\/strong><\/p>\n<\/div><\/div><div class=\"et_pb_image_5 et_pb_image et_pb_module et_block_module\"><a href=\"https:\/\/www.camper.is\/camper-iceland-overview\/motor-home-6g\/\"><span class=\"et_pb_image_wrap has-box-shadow-overlay\"><div class=\"box-shadow-overlay\"><\/div><img decoding=\"async\" src=\"https:\/\/www.camper.is\/wp-content\/uploads\/2025\/09\/ICONS-2026-FREYJA.jpeg\" width=\"1080\" height=\"1080\" srcset=\"https:\/\/www.camper.is\/wp-content\/uploads\/2025\/09\/ICONS-2026-FREYJA.jpeg 1080w, https:\/\/www.camper.is\/wp-content\/uploads\/2025\/09\/ICONS-2026-FREYJA-980x980.jpeg 980w, https:\/\/www.camper.is\/wp-content\/uploads\/2025\/09\/ICONS-2026-FREYJA-480x480.jpeg 480w\" sizes=\"(min-width: 0px) and (max-width: 480px) 480px, (min-width: 481px) and (max-width: 980px) 980px, (min-width: 981px) 1080px, 100vw\" class=\"wp-image-73308\" title=\"ICONEN 2026 FREYJA\" alt=\"\"><\/span><\/a><\/div><\/div><div class=\"et_pb_column_4 et_pb_column et_pb_column_1_5 et-last-child et_block_column et_pb_css_mix_blend_mode_passthrough\"><div class=\"et_pb_text_6 et_pb_text et_pb_bg_layout_light et_pb_module et_block_module\"><div class=\"et_pb_text_inner\"><p style=\"text-align: center;\"><strong>4x4 CAMPER THOR<\/strong><\/p>\n<\/div><\/div><div class=\"et_pb_image_6 et_pb_image et_pb_module et_block_module\"><a href=\"https:\/\/www.camper.is\/camper-iceland-overview\/4x4-camper-b-thor\/\"><span class=\"et_pb_image_wrap has-box-shadow-overlay\"><div class=\"box-shadow-overlay\"><\/div><img decoding=\"async\" src=\"https:\/\/www.camper.is\/wp-content\/uploads\/2025\/09\/ICONS-2026-THOR.jpeg\" width=\"1080\" height=\"1080\" srcset=\"https:\/\/www.camper.is\/wp-content\/uploads\/2025\/09\/ICONS-2026-THOR.jpeg 1080w, https:\/\/www.camper.is\/wp-content\/uploads\/2025\/09\/ICONS-2026-THOR-980x980.jpeg 980w, https:\/\/www.camper.is\/wp-content\/uploads\/2025\/09\/ICONS-2026-THOR-480x480.jpeg 480w\" sizes=\"(min-width: 0px) and (max-width: 480px) 480px, (min-width: 481px) and (max-width: 980px) 980px, (min-width: 981px) 1080px, 100vw\" class=\"wp-image-73265\" title=\"ICONEN 2026 THOR\" alt=\"\"><\/span><\/a><\/div><div class=\"et_pb_text_7 et_pb_text et_pb_bg_layout_light et_pb_module et_block_module\"><div class=\"et_pb_text_inner\"><p style=\"text-align: center;\"><strong>4x4 camper TYR (AT)<\/strong><\/p>\n<\/div><\/div><div class=\"et_pb_image_7 et_pb_image et_pb_module et_block_module\"><a href=\"https:\/\/www.camper.is\/camper-iceland-overview\/4x4-camper-tyr-a\/\"><span class=\"et_pb_image_wrap has-box-shadow-overlay\"><div class=\"box-shadow-overlay\"><\/div><img decoding=\"async\" src=\"https:\/\/www.camper.is\/wp-content\/uploads\/2025\/09\/ICONS-2026-TYR.jpeg\" width=\"1080\" height=\"1080\" srcset=\"https:\/\/www.camper.is\/wp-content\/uploads\/2025\/09\/ICONS-2026-TYR.jpeg 1080w, https:\/\/www.camper.is\/wp-content\/uploads\/2025\/09\/ICONS-2026-TYR-980x980.jpeg 980w, https:\/\/www.camper.is\/wp-content\/uploads\/2025\/09\/ICONS-2026-TYR-480x480.jpeg 480w\" sizes=\"(min-width: 0px) and (max-width: 480px) 480px, (min-width: 481px) and (max-width: 980px) 980px, (min-width: 981px) 1080px, 100vw\" class=\"wp-image-75171\" title=\"ICONS 2026 TYR\" alt=\"\"><\/span><\/a><\/div><div class=\"et_pb_text_8 et_pb_text et_pb_bg_layout_light et_pb_module et_block_module\"><div class=\"et_pb_text_inner\"><p style=\"text-align: center;\"><strong>LOKI KAMPER<\/strong><\/p>\n<\/div><\/div><div class=\"et_pb_image_8 et_pb_image et_pb_module et_block_module\"><a href=\"https:\/\/www.camper.is\/camper-iceland-overview\/freedom-camper\/\"><span class=\"et_pb_image_wrap has-box-shadow-overlay\"><div class=\"box-shadow-overlay\"><\/div><img decoding=\"async\" src=\"https:\/\/www.camper.is\/wp-content\/uploads\/2025\/09\/ICONS-2026-LOKI.jpeg\" width=\"1080\" height=\"1080\" srcset=\"https:\/\/www.camper.is\/wp-content\/uploads\/2025\/09\/ICONS-2026-LOKI.jpeg 1080w, https:\/\/www.camper.is\/wp-content\/uploads\/2025\/09\/ICONS-2026-LOKI-980x980.jpeg 980w, https:\/\/www.camper.is\/wp-content\/uploads\/2025\/09\/ICONS-2026-LOKI-480x480.jpeg 480w\" sizes=\"(min-width: 0px) and (max-width: 480px) 480px, (min-width: 481px) and (max-width: 980px) 980px, (min-width: 981px) 1080px, 100vw\" class=\"wp-image-73295\" title=\"ICONEN 2026 LOKI\" alt=\"\"><\/span><\/a><\/div><div class=\"et_pb_text_9 et_pb_text et_pb_bg_layout_light et_pb_module et_block_module\"><div class=\"et_pb_text_inner\"><p style=\"text-align: center;\"><strong>LOKI E-CAMPER<\/strong><\/p>\n<\/div><\/div><div class=\"et_pb_image_9 et_pb_image et_pb_module et_block_module\"><a href=\"https:\/\/www.camper.is\/loki-e-the-sustainable-camper-for-your-icelandic-adventure\/\"><span class=\"et_pb_image_wrap has-box-shadow-overlay\"><div class=\"box-shadow-overlay\"><\/div><img decoding=\"async\" src=\"https:\/\/www.camper.is\/wp-content\/uploads\/2025\/08\/ICONS-2026-LOKI-E-1.png\" width=\"1080\" height=\"1080\" srcset=\"https:\/\/www.camper.is\/wp-content\/uploads\/2025\/08\/ICONS-2026-LOKI-E-1.png 1080w, https:\/\/www.camper.is\/wp-content\/uploads\/2025\/08\/ICONS-2026-LOKI-E-1-980x980.png 980w, https:\/\/www.camper.is\/wp-content\/uploads\/2025\/08\/ICONS-2026-LOKI-E-1-480x480.png 480w\" sizes=\"(min-width: 0px) and (max-width: 480px) 480px, (min-width: 481px) and (max-width: 980px) 980px, (min-width: 981px) 1080px, 100vw\" class=\"wp-image-72466\" title=\"ICONEN 2026 LOKI E (1)\" alt=\"\"><\/span><\/a><\/div><div class=\"et_pb_text_10 et_pb_text et_pb_bg_layout_light et_pb_module et_block_module\"><div class=\"et_pb_text_inner\"><p style=\"text-align: center;\"><strong>ONZE VLOOT UITGELEGD<\/strong><\/p>\n<\/div><\/div><div class=\"et_pb_image_10 et_pb_image et_pb_module et_block_module\"><a href=\"https:\/\/www.camper.is\/camper-iceland-overview\/\"><span class=\"et_pb_image_wrap has-box-shadow-overlay\"><div class=\"box-shadow-overlay\"><\/div><img decoding=\"async\" src=\"https:\/\/www.camper.is\/wp-content\/uploads\/2025\/09\/our_fleet.jpeg\" width=\"675\" height=\"675\" srcset=\"https:\/\/www.camper.is\/wp-content\/uploads\/2025\/09\/our_fleet.jpeg 675w, https:\/\/www.camper.is\/wp-content\/uploads\/2025\/09\/our_fleet-480x480.jpeg 480w\" sizes=\"(min-width: 0px) and (max-width: 480px) 480px, (min-width: 481px) 675px, 100vw\" class=\"wp-image-73746\" title=\"onze_vloot\" alt=\"\"><\/span><\/a><\/div><\/div><\/div><div class=\"et_pb_row_1 et_pb_row et-vb-row--no-module et_block_row\"><div class=\"et_pb_column_5 et_pb_column et_pb_column_4_4 et-last-child et_block_column et_pb_column_empty et_pb_css_mix_blend_mode_passthrough\"><\/div><\/div><\/div><div class=\"et_pb_section_2 et_pb_section et_section_regular et_block_section section_has_divider et_pb_bottom_divider\"><div class=\"et_pb_row_2 et_pb_row et_block_row\"><div class=\"et_pb_column_6 et_pb_column et_pb_column_4_4 et-last-child et_block_column et_pb_css_mix_blend_mode_passthrough\"><div class=\"et_pb_text_11 et_pb_text et_pb_bg_layout_light et_pb_module et_block_module et_pb_text_align_center\"><div class=\"et_pb_text_inner\"><p>Kiezen voor camper Iceland<\/p>\n<\/div><\/div><\/div><\/div><div class=\"et_pb_row_3 et_pb_row et_block_row\"><div class=\"et_pb_column_7 et_pb_column et_pb_column_1_3 et_block_column et_pb_css_mix_blend_mode_passthrough\"><div class=\"et_pb_blurb_2 et_pb_blurb et_pb_bg_layout_light et_pb_text_align_center et_pb_blurb_position_top et_pb_module et_block_module\"><div class=\"et_pb_blurb_content\"><div class=\"et_pb_main_blurb_image\"><span class=\"et_pb_image_wrap\"><span class=\"et-pb-icon et_animated et_animated\">\ue08b<\/span><\/span><\/div><div class=\"et_pb_blurb_container\"><h4 class=\"et_pb_module_header\">Familiebedrijf<\/h4><div class=\"et_pb_blurb_description\"><p>We zijn een onafhankelijk familiebedrijf sinds 1987.<\/p>\n<\/div><\/div><\/div><\/div><\/div><div class=\"et_pb_column_8 et_pb_column et_pb_column_1_3 et_block_column et_pb_css_mix_blend_mode_passthrough\"><div class=\"et_pb_blurb_3 et_pb_blurb et_pb_bg_layout_light et_pb_text_align_center et_pb_blurb_position_top et_pb_module et_block_module\"><div class=\"et_pb_blurb_content\"><div class=\"et_pb_main_blurb_image\"><span class=\"et_pb_image_wrap\"><span class=\"et-pb-icon et_animated et_animated\">\ue06e<\/span><\/span><\/div><div class=\"et_pb_blurb_container\"><h4 class=\"et_pb_module_header\">Grootste variatie in voertuigen<\/h4><div class=\"et_pb_blurb_description\"><p>We hebben 9 verschillende voertuigtypes om precies aan uw wensen te voldoen.<\/p>\n<\/div><\/div><\/div><\/div><\/div><div class=\"et_pb_column_9 et_pb_column et_pb_column_1_3 et-last-child et_block_column et_pb_css_mix_blend_mode_passthrough\"><div class=\"et_pb_blurb_4 et_pb_blurb et_pb_bg_layout_light et_pb_text_align_center et_pb_blurb_position_top et_pb_module et_block_module\"><div class=\"et_pb_blurb_content\"><div class=\"et_pb_main_blurb_image\"><span class=\"et_pb_image_wrap\"><span class=\"et-pb-icon et_animated et_animated\">Z<\/span><\/span><\/div><div class=\"et_pb_blurb_container\"><h4 class=\"et_pb_module_header\">Gecertificeerd<\/h4><div class=\"et_pb_blurb_description\"><p>Wij zijn een volledig gecertificeerde autoverhuur en reisagent.<\/p>\n<\/div><\/div><\/div><\/div><\/div><\/div><div class=\"et_pb_row_4 et_pb_row et_block_row\"><div class=\"et_pb_column_10 et_pb_column et_pb_column_1_3 et_block_column et_pb_css_mix_blend_mode_passthrough\"><div class=\"et_pb_blurb_5 et_pb_blurb et_pb_bg_layout_light et_pb_text_align_center et_pb_blurb_position_top et_pb_module et_block_module\"><div class=\"et_pb_blurb_content\"><div class=\"et_pb_main_blurb_image\"><span class=\"et_pb_image_wrap\"><span class=\"et-pb-icon et_animated et_animated\">\ue0de<\/span><\/span><\/div><div class=\"et_pb_blurb_container\"><h4 class=\"et_pb_module_header\">Instructie<\/h4><div class=\"et_pb_blurb_description\"><p>U krijgt toegang tot al onze instructievideo's en tutorials.<\/p>\n<\/div><\/div><\/div><\/div><\/div><div class=\"et_pb_column_11 et_pb_column et_pb_column_1_3 et_block_column et_pb_css_mix_blend_mode_passthrough\"><div class=\"et_pb_blurb_6 et_pb_blurb et_pb_bg_layout_light et_pb_text_align_center et_pb_blurb_position_top et_pb_module et_block_module\"><div class=\"et_pb_blurb_content\"><div class=\"et_pb_main_blurb_image\"><span class=\"et_pb_image_wrap\"><span class=\"et-pb-icon et_animated et_animated\">\ue02d<\/span><\/span><\/div><div class=\"et_pb_blurb_container\"><h4 class=\"et_pb_module_header\">Pre check in<\/h4><div class=\"et_pb_blurb_description\"><p>Wij bieden een pre-check-in module waar u altijd extra's kunt toevoegen.<\/p>\n<\/div><\/div><\/div><\/div><\/div><div class=\"et_pb_column_12 et_pb_column et_pb_column_1_3 et-last-child et_block_column et_pb_css_mix_blend_mode_passthrough\"><div class=\"et_pb_blurb_7 et_pb_blurb et_pb_bg_layout_light et_pb_text_align_center et_pb_blurb_position_top et_pb_module et_block_module\"><div class=\"et_pb_blurb_content\"><div class=\"et_pb_main_blurb_image\"><span class=\"et_pb_image_wrap\"><span class=\"et-pb-icon et_animated et_animated\">\ue066<\/span><\/span><\/div><div class=\"et_pb_blurb_container\"><h4 class=\"et_pb_module_header\">Klantenservice<\/h4><div class=\"et_pb_blurb_description\"><p>Ons geavanceerde Klantenservicesysteem begeleidt u door uw droomvakantie. <\/p>\n<\/div><\/div><\/div><\/div><\/div><\/div><div class=\"et_pb_bottom_inside_divider et-no-transition\"><\/div><\/div><div class=\"et_pb_section_3 et_pb_section et_section_regular et_block_section\"><div class=\"et_pb_row_5 et_pb_row et_block_row\"><div class=\"et_pb_column_13 et_pb_column et_pb_column_1_3 et_block_column et_pb_column_empty et_pb_css_mix_blend_mode_passthrough\"><\/div><div class=\"et_pb_column_14 et_pb_column et_pb_column_1_3 et_block_column et_pb_css_mix_blend_mode_passthrough\"><div class=\"et_pb_module et_pb_button_module_wrapper et_pb_button_0_wrapper\"><a class=\"et_pb_button_0 et_pb_button et_pb_bg_layout_light et_pb_module et_block_module\" href=\"https:\/\/www.camper.is\/nl\/camper-iceland-uw-motor-home-4x4-verhuurbedrijf-in-ijsland\/camper-ijsland-uw-camper-4x4-verhuurbedrijf-in-ijsland-aanvullende-informatie\/#readmore\" data-icon=\"9\">Meer lezen<\/a><\/div><\/div><div class=\"et_pb_column_15 et_pb_column et_pb_column_1_3 et-last-child et_block_column et_pb_column_empty et_pb_css_mix_blend_mode_passthrough\"><\/div><\/div><\/div><span class=\"et_bloom_bottom_trigger\"><\/span>","protected":false},"excerpt":{"rendered":"<p>Reis door IJsland met een familiebedrijf dat al sinds 1987 reizen naar IJsland verkoopt. Camper Iceland biedt een gevarieerde vloot van campers en 4&#215;4 campers, die een flexibele en kosteneffectieve manier bieden om de prachtige landschappen van het land te verkennen. Geniet van de vrijheid om het mooie weer op te zoeken, bespaar geld door zelf te koken en cre\u00eber een onvergetelijk avontuur op je eigen voorwaarden.  <\/p>\n","protected":false},"author":1,"featured_media":39503,"parent":0,"menu_order":0,"comment_status":"closed","ping_status":"closed","template":"","meta":{"_acf_changed":false,"footnotes":""},"class_list":["post-41627","page","type-page","status-publish","has-post-thumbnail","hentry"],"acf":[],"jetpack_sharing_enabled":true,"_links":{"self":[{"href":"https:\/\/www.camper.is\/nl\/wp-json\/wp\/v2\/pages\/41627","targetHints":{"allow":["GET"]}}],"collection":[{"href":"https:\/\/www.camper.is\/nl\/wp-json\/wp\/v2\/pages"}],"about":[{"href":"https:\/\/www.camper.is\/nl\/wp-json\/wp\/v2\/types\/page"}],"author":[{"embeddable":true,"href":"https:\/\/www.camper.is\/nl\/wp-json\/wp\/v2\/users\/1"}],"replies":[{"embeddable":true,"href":"https:\/\/www.camper.is\/nl\/wp-json\/wp\/v2\/comments?post=41627"}],"version-history":[{"count":0,"href":"https:\/\/www.camper.is\/nl\/wp-json\/wp\/v2\/pages\/41627\/revisions"}],"wp:featuredmedia":[{"embeddable":true,"href":"https:\/\/www.camper.is\/nl\/wp-json\/wp\/v2\/media\/39503"}],"wp:attachment":[{"href":"https:\/\/www.camper.is\/nl\/wp-json\/wp\/v2\/media?parent=41627"}],"curies":[{"name":"wp","href":"https:\/\/api.w.org\/{rel}","templated":true}]}}