{"id":77329,"date":"2026-05-11T05:13:06","date_gmt":"2026-05-11T05:13:06","guid":{"rendered":"https:\/\/www.camper.is\/vegvisir-guida-per-i-viaggiatori-guida-dellislanda\/chi-siamo\/"},"modified":"2026-05-11T05:13:12","modified_gmt":"2026-05-11T05:13:12","slug":"chi-siamo","status":"publish","type":"page","link":"https:\/\/www.camper.is\/it\/vegvisir-guida-per-i-viaggiatori-guida-dellislanda\/chi-siamo\/","title":{"rendered":"Chi siamo"},"content":{"rendered":"<div class=\"et_pb_section_0 et_pb_section et_section_regular et_block_section section_has_divider et_pb_bottom_divider\">\n<div class=\"et_pb_row_0 et_pb_row et_block_row\">\n<div class=\"et_pb_column_0 et_pb_column et_pb_column_4_4 et-last-child et_block_column et_pb_css_mix_blend_mode_passthrough\">\n<div class=\"et_pb_text_0 et_pb_text et_pb_bg_layout_dark et_animated et_pb_module et_block_module\"><div class=\"et_pb_text_inner\"><h1>Camper Islanda<br \/><a href=\"mailto:info@camper.is\"><\/a><\/h1>\n<h1><\/h1>\n<p>&nbsp;<\/p>\n<div id=\"gtx-trans\" style=\"position: absolute; left: 14px; top: 125.188px;\">\n<div class=\"gtx-trans-icon\"> <\/div>\n<\/div>\n<\/div><\/div>\n<\/div>\n<\/div>\n\n<div class=\"et_pb_row_1 et_pb_row et_block_row\">\n<div class=\"et_pb_column_1 et_pb_column et_pb_column_1_3 et_block_column et_pb_css_mix_blend_mode_passthrough\">\n<div class=\"et_pb_blurb_0 et_pb_blurb et_pb_bg_layout_light et_pb_text_align_center et_pb_blurb_position_top et_pb_module et_block_module\"><div class=\"et_pb_blurb_content\"><div class=\"et_pb_main_blurb_image\"><span class=\"et_pb_image_wrap et_pb_only_image_mode_wrap\"><img decoding=\"async\" src=\"https:\/\/www.camper.is\/wp-content\/uploads\/2026\/03\/CAMPER-ICELAND@2x-150x150.png\" width=\"150\" height=\"150\" srcset=\"https:\/\/www.camper.is\/wp-content\/uploads\/2026\/03\/CAMPER-ICELAND@2x-150x150.png 150w\" class=\"et_animated wp-image-75367\" title=\"CAMPER ICELAND@2x\" alt=\"\"><\/span><\/div><div class=\"et_pb_blurb_container\"><h4 class=\"et_pb_module_header\">STAZIONE DI NOLEGGIO<\/h4><div class=\"et_pb_blurb_description\"><p><strong>CAMPER ISLANDA Ehf<\/strong><br \/>Klettatr\u00f6\u00f0 15<br \/>IS-262 Keflav\u00edk (Reykjanesb\u00e6r)<br \/>ISLANDA<\/p>\n<p><a href=\"mailto:info@camper.is\">info@camper.is<\/a><br \/><strong>+354 553 6000 <\/strong> <\/p>\n<\/div><\/div><\/div><\/div>\n\n<div class=\"et_pb_image_0 et_pb_image et_pb_module et_flex_module\"><span class=\"et_pb_image_wrap\"><img decoding=\"async\" src=\"https:\/\/www.camper.is\/wp-content\/uploads\/2025\/09\/RGB_FF-2024-2025-Eng-White-Horz_Original-scaled.png\" title=\"RGB_FF 2024-2025-Eng-White-Horz_Original\" width=\"2560\" height=\"640\" srcset=\"https:\/\/www.camper.is\/wp-content\/uploads\/2025\/09\/RGB_FF-2024-2025-Eng-White-Horz_Original-scaled.png 2560w, https:\/\/www.camper.is\/wp-content\/uploads\/2025\/09\/RGB_FF-2024-2025-Eng-White-Horz_Original-1280x320.png 1280w, https:\/\/www.camper.is\/wp-content\/uploads\/2025\/09\/RGB_FF-2024-2025-Eng-White-Horz_Original-980x245.png 980w, https:\/\/www.camper.is\/wp-content\/uploads\/2025\/09\/RGB_FF-2024-2025-Eng-White-Horz_Original-480x120.png 480w\" sizes=\"(min-width: 0px) and (max-width: 480px) 480px, (min-width: 481px) and (max-width: 980px) 980px, (min-width: 981px) and (max-width: 1280px) 1280px, (min-width: 1281px) 2560px, 100vw\" class=\"wp-image-73923\" alt=\"\"><\/span><\/div>\n<\/div>\n\n<div class=\"et_pb_column_2 et_pb_column et_pb_column_1_3 et_block_column et_pb_css_mix_blend_mode_passthrough\">\n<div class=\"et_pb_blurb_1 et_pb_blurb et_pb_bg_layout_light et_pb_text_align_center et_pb_blurb_position_top et_pb_module et_block_module\"><div class=\"et_pb_blurb_content\"><div class=\"et_pb_main_blurb_image\"><span class=\"et_pb_image_wrap et_pb_only_image_mode_wrap\"><img decoding=\"async\" src=\"https:\/\/www.camper.is\/wp-content\/uploads\/2026\/03\/Mjollnir2025color-150x150.png\" width=\"150\" height=\"150\" srcset=\"https:\/\/www.camper.is\/wp-content\/uploads\/2026\/03\/Mjollnir2025color-150x150.png 150w\" class=\"et_animated wp-image-75390\" title=\"Mjollnir2025color\" alt=\"\"><\/span><\/div><div class=\"et_pb_blurb_container\"><h4 class=\"et_pb_module_header\">AGENTE DI VENDITA<\/h4><div class=\"et_pb_blurb_description\"><p>Mjollnir GmbH<br \/>Kantonsstrasse 112<br \/>6234 Triengen<br \/>SVIZZERA<\/p>\n<p><a href=\"mailto:info@camper.is\">info@camper.is<\/a> <br \/><strong>+41 44 797 99 89<\/strong><\/p>\n<\/div><\/div><\/div><\/div>\n<\/div>\n\n<div class=\"et_pb_column_3 et_pb_column et_pb_column_1_3 et-last-child et_block_column et_pb_css_mix_blend_mode_passthrough\">\n<div class=\"et_pb_blurb_2 et_pb_blurb et_pb_bg_layout_light et_pb_text_align_center et_pb_blurb_position_top et_pb_module et_block_module\"><div class=\"et_pb_blurb_content\"><div class=\"et_pb_main_blurb_image\"><span class=\"et_pb_image_wrap et_pb_only_image_mode_wrap\"><img decoding=\"async\" src=\"https:\/\/www.camper.is\/wp-content\/uploads\/2026\/03\/logo-no-background-150x150.png\" width=\"150\" height=\"150\" srcset=\"https:\/\/www.camper.is\/wp-content\/uploads\/2026\/03\/logo-no-background-150x150.png 150w\" class=\"et_animated wp-image-75391\" title=\"logo-no-background\" alt=\"\"><\/span><\/div><div class=\"et_pb_blurb_container\"><h4 class=\"et_pb_module_header\">STRADA DELL'ISLANDA<\/h4><div class=\"et_pb_blurb_description\"><p><strong>CAMPER ICELAND Ehf<\/strong><br \/>\nKlettatr\u00f6\u00f0 15<br \/>\nIS-262 Keflav\u00edk (Reykjanesb\u00e6r)<br \/>\nICELAND<\/p>\n<p><a href=\"mailto:info@camper.is\">info@camper.is<\/a><br \/>\n +354<strong> 860 1006<\/strong><\/p>\n<\/div><\/div><\/div><\/div>\n<\/div>\n<\/div>\n\n<div class=\"et_pb_row_2 et_pb_row et_flex_row\">\n<div class=\"et_pb_column_4 et_pb_column et_flex_column et_pb_css_mix_blend_mode_passthrough et_flex_column_12_24 et_flex_column_12_24_tablet et_flex_column_24_24_phone\">\n<section class=\"et_pb_fullwidth_header_0 et_pb_fullwidth_header et_pb_bg_layout_dark et_pb_text_align_left et_pb_module et_flex_module\"><div class=\"et_pb_fullwidth_header_container left\"><div class=\"header-content-container center\"><div class=\"header-content et_flex_module\"><h1 class=\"et_pb_module_header\">\"Il pi\u00f9 forte in Islanda\"<\/h1><div class=\"et_pb_header_content_wrapper\"><p>Siamo immensamente orgogliosi di essere stati riconosciuti da Creditinfo come uno dei \"Pi\u00f9 forti d'Islanda\", un riconoscimento elitario assegnato a meno del 2% delle aziende a livello nazionale. Questa prestigiosa certificazione non \u00e8 solo un distintivo d'onore, ma un riflesso del nostro incrollabile impegno verso la stabilit\u00e0 finanziaria, la trasparenza e l'eccellenza operativa. Per i nostri viaggiatori, questo significa l'assoluta tranquillit\u00e0 che deriva dalla collaborazione con un pilastro affidabile e di lunga data dell'industria turistica islandese. Mantenendo i pi\u00f9 severi standard di credito e di rendimento anno dopo anno, garantiamo che la nostra flotta e i nostri servizi rimangano ai massimi livelli internazionali. Quando prenoti tramite <b data-path-to-node=\"3,0\" data-index-in-node=\"675\">camper.is<\/b> o <b data-path-to-node=\"3,0\" data-index-in-node=\"688\">iceland.ch<\/b>, scegli un partner con la comprovata forza di sostenere il tuo viaggio dall'inizio alla fine\".    <\/p>\n<\/div><div class=\"et_pb_header_button_wrapper\"><a class=\"et_pb_button et_pb_more_button et_pb_button_one\" href=\"https:\/\/www.creditinfo.is\/what-is-strongest-in-iceland\" target=\"_blank\" rel=\"noopener\">Leggi tutto<\/a><\/div><\/div><\/div><\/div><div class=\"et_pb_fullwidth_header_overlay\"><\/div><div class=\"et_pb_fullwidth_header_scroll\"><\/div><\/section>\n<\/div>\n\n<div class=\"et_pb_column_5 et_pb_column et-last-child et_flex_column et_pb_css_mix_blend_mode_passthrough et_flex_column_12_24 et_flex_column_12_24_tablet et_flex_column_24_24_phone\">\n<section class=\"et_pb_fullwidth_header_1 et_pb_fullwidth_header et_pb_bg_layout_dark et_pb_text_align_left et_pb_module et_flex_module\"><div class=\"et_pb_fullwidth_header_container left\"><div class=\"header-content-container center\"><div class=\"header-content et_flex_module\"><h1 class=\"et_pb_module_header\">Il patrimonio svizzero-islandese<\/h1><div class=\"et_pb_header_content_wrapper\"><p>\"Fondata su una fusione unica di <b data-path-to-node=\"3,0\" data-index-in-node=\"31\">affidabilit\u00e0 svizzera e passione islandese<\/b>, Camper Iceland \u00e8 un'agenzia pioniera a conduzione familiare dal 1987, quando abbiamo aperto la prima agenzia di viaggi specializzata in Islanda in Svizzera. Combiniamo gli standard meticolosi del nostro patrimonio svizzero, concentrandoci sulla sicurezza, l'organizzazione e la manutenzione di alta qualit\u00e0, con una profonda conoscenza locale dei paesaggi selvaggi dell'Islanda. Operando sia su <b data-path-to-node=\"3,0\" data-index-in-node=\"337\">iceland.ch<\/b> che su <b data-path-to-node=\"3,0\" data-index-in-node=\"352\">camper.is<\/b>, colmiamo il divario tra le aspettative europee e la realt\u00e0 artica. La nostra missione \u00e8 offrirti la precisione di un orologio svizzero e lo spirito robusto di un esploratore islandese. Che tu stia navigando sulla Ring Road o nelle remote Highlands, sarai supportato da decenni di esperienza internazionale e cuore locale\".    <\/p>\n<\/div><div class=\"et_pb_header_button_wrapper\"><a class=\"et_pb_button et_pb_more_button et_pb_button_one\" href=\"https:\/\/www.camper.is\/vegvisir-wayfinder-for-travellers\/camper-iceland-the-brand\/\">Clicca qui<\/a><\/div><\/div><\/div><\/div><div class=\"et_pb_fullwidth_header_overlay\"><\/div><div class=\"et_pb_fullwidth_header_scroll\"><\/div><\/section>\n<\/div>\n<\/div>\n\n<div class=\"et_pb_row_3 et_pb_row et_block_row\">\n<div class=\"et_pb_column_6 et_pb_column et_pb_column_4_4 et-last-child et_block_column et_pb_css_mix_blend_mode_passthrough\">\n<div class=\"et_pb_text_1 et_pb_text et_pb_bg_layout_light et_pb_module et_block_module\"><div class=\"et_pb_text_inner\"><p><iframe src=\"https:\/\/www.google.com\/maps\/embed?pb=!1m18!1m12!1m3!1d7005.920598997663!2d-22.58898250876148!3d63.9607060307733!2m3!1f0!2f0!3f0!3m2!1i1024!2i768!4f13.1!3m3!1m2!1s0x4929fd8fba878545%3A0x34ce608c3b726f21!2sMjollnir%20Camper!5e0!3m2!1sen!2sch!4v1668680917587!5m2!1sen!2sch\" width=\"1200\" height=\"600\" style=\"border:0;\" allowfullscreen=\"\" loading=\"lazy\" referrerpolicy=\"no-referrer-when-downgrade\"><\/iframe><\/p>\n<\/div><\/div>\n\n<div class=\"et_pb_text_2 et_pb_text et_pb_bg_layout_dark et_animated et_pb_module et_block_module\"><div class=\"et_pb_text_inner\"><p>\"Noi di Camper Iceland crediamo nella trasparenza e nella correttezza. Pur mantenendo una media di 4,3 stelle, siamo orgogliosi delle nostre oneste valutazioni dei danni che garantiscono la sicurezza e la qualit\u00e0 della nostra flotta per i prossimi viaggiatori. Ti invitiamo a leggere le nostre risposte dettagliate ai feedback: siamo fedeli ai nostri veicoli e ai nostri standard di servizio svizzero-islandese\".<\/p>\n<\/div><\/div>\n<\/div>\n<\/div>\n\n<div class=\"et_pb_row_4 et_pb_row et-vb-row--no-module et_block_row\">\n<div class=\"et_pb_column_7 et_pb_column et_pb_column_1_2 et_block_column et_pb_column_empty et_pb_css_mix_blend_mode_passthrough\"><\/div>\n\n<div class=\"et_pb_column_8 et_pb_column et_pb_column_1_2 et-last-child et_block_column et_pb_column_empty et_pb_css_mix_blend_mode_passthrough\"><\/div>\n<\/div>\n<div class=\"et_pb_bottom_inside_divider et-no-transition\"><\/div><\/div>\n\n<div class=\"et_pb_section_1 et_pb_section et_section_regular et_block_section section_has_divider et_pb_top_divider\"><div class=\"et_pb_top_inside_divider et-no-transition\"><\/div>\n<div class=\"et_pb_row_5 et_pb_row et_block_row\">\n<div class=\"et_pb_column_9 et_pb_column et_pb_column_4_4 et-last-child et_block_column et_pb_css_mix_blend_mode_passthrough\">\n<div class=\"et_pb_text_3 et_pb_text et_pb_bg_layout_light et_pb_module et_block_module\"><div class=\"et_pb_text_inner\"><h2>Domande frequenti<\/h2>\n<\/div><\/div>\n<\/div>\n<\/div>\n\n<div class=\"et_pb_row_6 et_pb_row et_block_row\">\n<div class=\"et_pb_column_10 et_pb_column et_pb_column_1_2 et_block_column et_pb_css_mix_blend_mode_passthrough\">\n<div class=\"et_pb_blurb_3 et_pb_blurb et_pb_bg_layout_light et_pb_text_align_center et_pb_blurb_position_left et_animated et_pb_module et_block_module\"><div class=\"et_pb_blurb_content\"><div class=\"et_pb_main_blurb_image\"><span class=\"et_pb_image_wrap\"><span class=\"et-pb-icon et_animated et_animated\">^<\/span><\/span><\/div><div class=\"et_pb_blurb_container\"><h4 class=\"et_pb_module_header\">Quanto dista la stazione di noleggio dall'aeroporto?<\/h4><div class=\"et_pb_blurb_description\"><p>Siamo a soli 5 minuti dall'aeroporto internazionale. L'aeroporto KEF viene talvolta chiamato Reykjavik anche se si trova a Keflavik. Nessuna compagnia aerea internazionale atterra a Reykjavik ed \u00e8 per questo che abbiamo scelto di essere vicini all'aeroporto.  <\/p>\n<\/div><\/div><\/div><\/div>\n\n<div class=\"et_pb_blurb_4 et_pb_blurb et_pb_bg_layout_light et_pb_text_align_center et_pb_blurb_position_left et_animated et_pb_module et_block_module\"><div class=\"et_pb_blurb_content\"><div class=\"et_pb_main_blurb_image\"><span class=\"et_pb_image_wrap\"><span class=\"et-pb-icon et_animated et_animated\">^<\/span><\/span><\/div><div class=\"et_pb_blurb_container\"><h4 class=\"et_pb_module_header\">Dove posso prenotare una navetta per la stazione di noleggio?<\/h4><div class=\"et_pb_blurb_description\"><p>Non \u00e8 necessario. Basta prendere un taxi dall'aeroporto.   <a href=\"https:\/\/www.campericeland.com\/shop\/\" target=\"_blank\" rel=\"noopener noreferrer\"><\/a><\/p>\n<\/div><\/div><\/div><\/div>\n\n<div class=\"et_pb_blurb_5 et_pb_blurb et_pb_bg_layout_light et_pb_text_align_center et_pb_blurb_position_left et_animated et_pb_module et_block_module\"><div class=\"et_pb_blurb_content\"><div class=\"et_pb_main_blurb_image\"><span class=\"et_pb_image_wrap\"><span class=\"et-pb-icon et_animated et_animated\">^<\/span><\/span><\/div><div class=\"et_pb_blurb_container\"><h4 class=\"et_pb_module_header\">Come mi preparo per il mio viaggio in Islanda?<\/h4><div class=\"et_pb_blurb_description\"><p>Grazie per aver scelto Camper Iceland. La tua vacanza in Islanda si avvicina e vorremmo prepararti al meglio prima del tuo viaggio in Islanda.   <a href=\"https:\/\/www.camper.is\/it\/vegvisir-guida-per-i-viaggiatori-guida-dellislanda\/\">Leggi di pi\u00f9 qui...<\/a><\/p>\n<\/div><\/div><\/div><\/div>\n\n<div class=\"et_pb_blurb_6 et_pb_blurb et_pb_bg_layout_light et_pb_text_align_center et_pb_blurb_position_left et_animated et_pb_module et_block_module\"><div class=\"et_pb_blurb_content\"><div class=\"et_pb_main_blurb_image\"><span class=\"et_pb_image_wrap\"><span class=\"et-pb-icon et_animated et_animated\">^<\/span><\/span><\/div><div class=\"et_pb_blurb_container\"><h4 class=\"et_pb_module_header\">Avete un'opzione di pre-checkin?<\/h4><div class=\"et_pb_blurb_description\"><p>In effetti, noi lo facciamo e tu puoi risparmiare fino a 30 minuti facendo il check-in. Ecco come funziona, <a href=\"https:\/\/www.camper.is\/it\/vegvisir-guida-per-i-viaggiatori-guida-dellislanda\/check-in-tutorial-del-chiosco\/\">clicca qui...<\/a> <\/p>\n<\/div><\/div><\/div><\/div>\n<\/div>\n\n<div class=\"et_pb_column_11 et_pb_column et_pb_column_1_2 et-last-child et_block_column et_pb_css_mix_blend_mode_passthrough\">\n<div class=\"et_pb_blurb_7 et_pb_blurb et_pb_bg_layout_light et_pb_text_align_center et_pb_blurb_position_left et_animated et_pb_module et_block_module\"><div class=\"et_pb_blurb_content\"><div class=\"et_pb_main_blurb_image\"><span class=\"et_pb_image_wrap\"><span class=\"et-pb-icon et_animated et_animated\">^<\/span><\/span><\/div><div class=\"et_pb_blurb_container\"><h4 class=\"et_pb_module_header\">C'\u00e8 un alloggio vicino alla stazione di noleggio?<\/h4><div class=\"et_pb_blurb_description\"><p>Keflavik offre diversi hotel e pensioni.  <\/p>\n<\/div><\/div><\/div><\/div>\n\n<div class=\"et_pb_blurb_8 et_pb_blurb et_pb_bg_layout_light et_pb_text_align_center et_pb_blurb_position_left et_animated et_pb_module et_block_module\"><div class=\"et_pb_blurb_content\"><div class=\"et_pb_main_blurb_image\"><span class=\"et_pb_image_wrap\"><span class=\"et-pb-icon et_animated et_animated\">^<\/span><\/span><\/div><div class=\"et_pb_blurb_container\"><h4 class=\"et_pb_module_header\">Come faccio a raggiungere la stazione di noleggio una volta atterrato in Islanda?<\/h4><div class=\"et_pb_blurb_description\"><p>Ti spieghiamo dove entrare nel nostro paese e come raggiungere la nostra stazione di noleggio nella nostra <a href=\"https:\/\/www.camper.is\/it\/vegvisir-guida-per-i-viaggiatori-guida-dellislanda\/\">pagina di ricerca delle strade.<\/a><\/p>\n<\/div><\/div><\/div><\/div>\n\n<div class=\"et_pb_blurb_9 et_pb_blurb et_pb_bg_layout_light et_pb_text_align_center et_pb_blurb_position_left et_animated et_pb_module et_block_module\"><div class=\"et_pb_blurb_content\"><div class=\"et_pb_main_blurb_image\"><span class=\"et_pb_image_wrap\"><span class=\"et-pb-icon et_animated et_animated\">^<\/span><\/span><\/div><div class=\"et_pb_blurb_container\"><h4 class=\"et_pb_module_header\">Come funziona la procedura di ritiro?<\/h4><div class=\"et_pb_blurb_description\"><p>Sei interessato alle nostre istruzioni sui nostri veicoli? Ti forniamo informazioni e consigli utili.   <a href=\"https:\/\/www.camper.is\/it\/vegvisir-guida-per-i-viaggiatori-guida-dellislanda\/\">Clicca qui per scoprirli...<\/a><\/p>\n<\/div><\/div><\/div><\/div>\n\n<div class=\"et_pb_blurb_10 et_pb_blurb et_pb_bg_layout_light et_pb_text_align_center et_pb_blurb_position_left et_animated et_pb_module et_block_module\"><div class=\"et_pb_blurb_content\"><div class=\"et_pb_main_blurb_image\"><span class=\"et_pb_image_wrap\"><span class=\"et-pb-icon et_animated et_animated\">^<\/span><\/span><\/div><div class=\"et_pb_blurb_container\"><h4 class=\"et_pb_module_header\">Dove posso fare acquisti una volta che ho il mio veicolo?<\/h4><div class=\"et_pb_blurb_description\"><p>Abbiamo raccolto informazioni utili sui super mercati nelle vicinanze.  <a href=\"https:\/\/www.camper.is\/it\/vegvisir-guida-per-i-viaggiatori-guida-dellislanda\/\">Clicca qui per saperne di pi\u00f9...<\/a><\/p>\n<\/div><\/div><\/div><\/div>\n\n<div class=\"et_pb_blurb_11 et_pb_blurb et_pb_bg_layout_light et_pb_text_align_center et_pb_blurb_position_left et_animated et_pb_module et_block_module\"><div class=\"et_pb_blurb_content\"><div class=\"et_pb_main_blurb_image\"><span class=\"et_pb_image_wrap\"><span class=\"et-pb-icon et_animated et_animated\">^<\/span><\/span><\/div><div class=\"et_pb_blurb_container\"><h4 class=\"et_pb_module_header\">Cosa succede se qualcosa va storto durante il viaggio?<\/h4><div class=\"et_pb_blurb_description\"><p>Camper Iceland ha l'esperienza pi\u00f9 avanzata in Islanda per quanto riguarda le istruzioni e la risoluzione dei problemi. Essendo il pi\u00f9 antico noleggio di Camper a fornire istruzioni dal vivo, video di istruzioni e linea di assistenza.   <a href=\"https:\/\/www.camper.is\/it\/vegvisir-guida-per-i-viaggiatori-guida-dellislanda\/\">Clicca qui per saperne di pi\u00f9...<\/a><\/p>\n<\/div><\/div><\/div><\/div>\n<\/div>\n<\/div>\n<\/div>\n\n<div class=\"et_pb_section_2 et_pb_section et_section_regular et_block_section section_has_divider et_pb_top_divider\"><div class=\"et_pb_top_inside_divider et-no-transition\"><\/div>\n<div class=\"et_pb_row_7 et_pb_row et_block_row\">\n<div class=\"et_pb_column_12 et_pb_column et_pb_column_4_4 et-last-child et_block_column et_pb_css_mix_blend_mode_passthrough\">\n<div class=\"et_pb_text_4 et_pb_text et_pb_bg_layout_dark et_pb_module et_block_module\"><div class=\"et_pb_text_inner\"><h2>La nostra stazione di noleggio<br \/>+354 553 6000  <\/h2>\n<\/div><\/div>\n<\/div>\n<\/div>\n\n<div class=\"et_pb_row_8 et_pb_row et_block_row\">\n<div class=\"et_pb_column_13 et_pb_column et_pb_column_1_3 et_block_column et_pb_css_mix_blend_mode_passthrough\">\n<div class=\"et_pb_blurb_12 et_pb_blurb et_pb_bg_layout_dark et_pb_blurb_position_left et_animated et_pb_module et_block_module\"><div class=\"et_pb_blurb_content\"><div class=\"et_pb_main_blurb_image\"><span class=\"et_pb_image_wrap\"><span class=\"et-pb-icon\">\ue076<\/span><\/span><\/div><div class=\"et_pb_blurb_container\"><h4 class=\"et_pb_module_header\">info@camper.is<\/h4><\/div><\/div><\/div>\n<\/div>\n\n<div class=\"et_pb_column_14 et_pb_column et_pb_column_1_3 et_block_column et_pb_css_mix_blend_mode_passthrough\">\n<div class=\"et_pb_blurb_13 et_pb_blurb et_pb_bg_layout_dark et_pb_blurb_position_left et_animated et_pb_module et_block_module\"><div class=\"et_pb_blurb_content\"><div class=\"et_pb_main_blurb_image\"><span class=\"et_pb_image_wrap\"><span class=\"et-pb-icon\">\ue090<\/span><\/span><\/div><div class=\"et_pb_blurb_container\"><h4 class=\"et_pb_module_header\">+354 553 6000  <\/h4><\/div><\/div><\/div>\n<\/div>\n\n<div class=\"et_pb_column_15 et_pb_column et_pb_column_1_3 et-last-child et_block_column et_pb_css_mix_blend_mode_passthrough\">\n<div class=\"et_pb_blurb_14 et_pb_blurb et_pb_bg_layout_dark et_pb_blurb_position_left et_animated et_pb_module et_block_module\"><div class=\"et_pb_blurb_content\"><div class=\"et_pb_main_blurb_image\"><a href=\"https:\/\/goo.gl\/maps\/paTFJG2BPsNJ6i3y6\" target=\"_blank\" rel=\"noopener\"><span class=\"et_pb_image_wrap\"><span class=\"et-pb-icon\">\ue081<\/span><\/span><\/a><\/div><div class=\"et_pb_blurb_container\"><h4 class=\"et_pb_module_header\"><a href=\"https:\/\/goo.gl\/maps\/paTFJG2BPsNJ6i3y6\" target=\"_blank\" rel=\"noopener\">Klettatr\u00f6\u00f0 15 | IS-262 KEFLAVIK<\/a><\/h4><\/div><\/div><\/div>\n<\/div>\n<\/div>\n\n<div class=\"et_pb_row_9 et_pb_row et_block_row\">\n<div class=\"et_pb_column_16 et_pb_column et_pb_column_4_4 et-last-child et_block_column et_pb_css_mix_blend_mode_passthrough\">\n<div class=\"et_pb_module et_pb_button_module_wrapper et_pb_button_0_wrapper\"><a class=\"et_pb_button_0 et_pb_button et_pb_bg_layout_dark et_pb_module et_block_module\" href=\"https:\/\/web.rentalcarmanager.com\/api32\/Camper-Iceland\/\" target=\"_blank\" rel=\"noopener\">Prenota un&#039;auto online<\/a><\/div>\n<\/div>\n<\/div>\n<\/div>\n\n<div class=\"et_pb_section_3 et_pb_section et_section_regular et_block_section section_has_divider et_pb_bottom_divider\"><div class=\"et_pb_row_10 et_pb_row et_block_row et_pb_row_fullwidth\"><div class=\"et_pb_column_17 et_pb_column et_pb_column_1_2 et_block_column et_pb_css_mix_blend_mode_passthrough\"><div class=\"et_pb_blurb_15 et_pb_blurb et_pb_bg_layout_dark et_pb_text_align_center et_pb_blurb_position_top et_pb_module et_block_module\"><div class=\"et_pb_blurb_content\"><div class=\"et_pb_main_blurb_image\"><a href=\"https:\/\/web.rentalcarmanager.com\/api32\/Camper-Iceland\/Step2\" target=\"_blank\" rel=\"noopener\"><span class=\"et_pb_image_wrap\"><span class=\"et-pb-icon et_animated et_animated\">\ue030<\/span><\/span><\/a><\/div><div class=\"et_pb_blurb_container\"><h4 class=\"et_pb_module_header\"><a href=\"https:\/\/web.rentalcarmanager.com\/api32\/Camper-Iceland\/Step2\" target=\"_blank\" rel=\"noopener\">Online BOOKING<\/a><\/h4><\/div><\/div><\/div><div class=\"et_pb_module et_pb_button_module_wrapper et_pb_button_1_wrapper\"><a class=\"et_pb_button_1 et_pb_button et_pb_bg_layout_light et_pb_module et_block_module\" href=\"https:\/\/web.rentalcarmanager.com\/api32\/Camper-Iceland\/Step2\" target=\"_blank\" rel=\"noopener\">BOOK NOW<\/a><\/div><\/div><div class=\"et_pb_column_18 et_pb_column et_pb_column_1_2 et-last-child et_block_column et_pb_css_mix_blend_mode_passthrough\"><div class=\"et_pb_blurb_16 et_pb_blurb et_pb_bg_layout_dark et_pb_text_align_center et_pb_blurb_position_top et_pb_module et_block_module\"><div class=\"et_pb_blurb_content\"><div class=\"et_pb_main_blurb_image\"><span class=\"et_pb_image_wrap\"><span class=\"et-pb-icon et_animated et_animated\">\ue01d<\/span><\/span><\/div><div class=\"et_pb_blurb_container\"><h4 class=\"et_pb_module_header\">Rental Station<\/h4><div class=\"et_pb_blurb_description\"><p><strong>Camper Iceland<\/strong><br \/>K L E T TATR\u00d6\u00d0 15<br \/>IS-262 Keflavik\u00a0<br \/>ICELAND<br \/><a href=\"mailto:info@camper.is\" target=\"_blank\" rel=\"noopener noreferrer\">info@camper.is<\/a><br \/>IS:<span>+354 553 6000\u00a0<\/span><\/p>\n<\/div><\/div><\/div><\/div><\/div><\/div><div class=\"et_pb_bottom_inside_divider et-no-transition\"><\/div><\/div><span class=\"et_bloom_bottom_trigger\"><\/span>","protected":false},"excerpt":{"rendered":"","protected":false},"author":1,"featured_media":0,"parent":77160,"menu_order":5,"comment_status":"closed","ping_status":"closed","template":"","meta":{"_acf_changed":false,"footnotes":""},"class_list":["post-77329","page","type-page","status-publish","hentry"],"acf":[],"jetpack_sharing_enabled":true,"_links":{"self":[{"href":"https:\/\/www.camper.is\/it\/wp-json\/wp\/v2\/pages\/77329","targetHints":{"allow":["GET"]}}],"collection":[{"href":"https:\/\/www.camper.is\/it\/wp-json\/wp\/v2\/pages"}],"about":[{"href":"https:\/\/www.camper.is\/it\/wp-json\/wp\/v2\/types\/page"}],"author":[{"embeddable":true,"href":"https:\/\/www.camper.is\/it\/wp-json\/wp\/v2\/users\/1"}],"replies":[{"embeddable":true,"href":"https:\/\/www.camper.is\/it\/wp-json\/wp\/v2\/comments?post=77329"}],"version-history":[{"count":1,"href":"https:\/\/www.camper.is\/it\/wp-json\/wp\/v2\/pages\/77329\/revisions"}],"predecessor-version":[{"id":77355,"href":"https:\/\/www.camper.is\/it\/wp-json\/wp\/v2\/pages\/77329\/revisions\/77355"}],"up":[{"embeddable":true,"href":"https:\/\/www.camper.is\/it\/wp-json\/wp\/v2\/pages\/77160"}],"wp:attachment":[{"href":"https:\/\/www.camper.is\/it\/wp-json\/wp\/v2\/media?parent=77329"}],"curies":[{"name":"wp","href":"https:\/\/api.w.org\/{rel}","templated":true}]}}