{"id":77289,"date":"2026-05-11T05:13:01","date_gmt":"2026-05-11T05:13:01","guid":{"rendered":"https:\/\/www.camper.is\/extra\/"},"modified":"2026-05-11T05:13:17","modified_gmt":"2026-05-11T05:13:17","slug":"extra","status":"publish","type":"page","link":"https:\/\/www.camper.is\/it\/tariffe-ed-extra\/extra\/","title":{"rendered":"Extra"},"content":{"rendered":"\n<div class=\"et_pb_section_0 et_pb_section et_section_regular et_block_section\"><div class=\"et_pb_row_0 et_pb_row et_block_row\"><div class=\"et_pb_column_0 et_pb_column et_pb_column_1_2 et_block_column et_pb_css_mix_blend_mode_passthrough\"><div class=\"et_pb_text_0 et_pb_text et_pb_bg_layout_light et_pb_module et_block_module\"><div class=\"et_pb_text_inner\"><h2><\/h2>\n<h2>Camper Islanda \"Inclusi ed extra\"<\/h2>\n<p>&nbsp;<\/p>\n<p><strong>Cosa \u00e8 incluso nel canone di noleggio giornaliero (prezzo al giorno, non per 24 ore):<\/strong><\/p>\n<p>-IVA<\/p>\n<p>-200 km al giorno (opzionale: km illimitati disponibili)<\/p>\n<p>-Assicurazione base CDW (opzioni CDW aggiuntive disponibili come extra)<\/p>\n<p>-<strong>Pacchetto<\/strong> incluso: Servizio navetta da\/per l'aeroporto internazionale di Keflav\u00edk e istruzioni personali al momento del ritiro e assistenza durante il viaggio.<\/p>\n<p>&nbsp;<\/p>\n<p>Servizio navetta: Dopo essere arrivato all'aeroporto internazionale di Keflav\u00edk (KEF) e aver ritirato i bagagli, chiama il seguente numero di telefono:<\/p>\n<p>+354 553 6000.<\/p>\n<p>Una volta che ci avrai contattato, il nostro team ti confermer\u00e0 un punto d'incontro. Da l\u00ec, il nostro servizio navetta verr\u00e0 a prenderti e ti porter\u00e0 direttamente a Camper Iceland. <\/p>\n<p>&nbsp;<\/p>\n<p>&nbsp;<\/p>\n<p>&nbsp;<\/p>\n<p><strong>Equipaggiamento del veicolo (obbligatorio - a pagamento)<\/strong><\/p>\n<p><strong>Pacchetto base:<\/strong> Bombola del gas, prodotti chimici per il bagno, carta igienica e cavo da 220V<\/p>\n<p><strong>Kit da campeggio:<\/strong> set da cucina completo (piatti, posate, pentole, ciotole, ecc.) e lenzuola, coperte, cuscini e asciugamani per ogni passeggero.<\/p>\n<p>&nbsp;<\/p>\n<p>&nbsp;<\/p>\n<p><strong>Gli extra che abbiamo messo insieme sono molto richiesti, soprattutto le sedie da campeggio, i tavoli e molto altro. Ti consigliamo di prenotare gli extra in anticipo.   <\/strong><\/p>\n<p><strong>Controlla l'elenco degli articoli extra qui sotto:  <\/strong><\/p>\n<\/div><\/div><\/div><div class=\"et_pb_column_1 et_pb_column et_pb_column_1_2 et-last-child et_block_column et_pb_css_mix_blend_mode_passthrough\"><div class=\"et_pb_image_0 et_pb_image et_pb_module et_block_module\"><a href=\"https:\/\/www.camper.is\/wp-content\/uploads\/2025\/05\/1000062028.jpeg\" class=\"et_pb_lightbox_image\"><span class=\"et_pb_image_wrap\"><img decoding=\"async\" src=\"https:\/\/www.camper.is\/wp-content\/uploads\/2025\/05\/1000062028.jpeg\" width=\"462\" height=\"640\" srcset=\"https:\/\/www.camper.is\/wp-content\/uploads\/2025\/05\/1000062028.jpeg 462w, https:\/\/www.camper.is\/wp-content\/uploads\/2025\/05\/1000062028-217x300.jpeg 217w\" sizes=\"(max-width: 462px) 100vw, 462px\" class=\"wp-image-71454\" title=\"1000062028\" alt=\"\"><\/span><\/a><\/div><div class=\"et_pb_video_0 et_pb_video et_pb_module et_block_module\"><div class=\"et_pb_video_box\"><iframe title=\"Camper Iceland - our Camping Kit\" width=\"563\" height=\"1000\" src=\"https:\/\/www.youtube.com\/embed\/HZyZ2aqqxj0?feature=oembed\"  allow=\"accelerometer; autoplay; clipboard-write; encrypted-media; gyroscope; picture-in-picture; web-share\" referrerpolicy=\"strict-origin-when-cross-origin\" allowfullscreen><\/iframe><\/div><\/div><\/div><\/div><div class=\"et_pb_row_1 et_pb_row et_block_row\"><div class=\"et_pb_column_2 et_pb_column et_pb_column_4_4 et-last-child et_block_column et_pb_css_mix_blend_mode_passthrough\"><div class=\"et_pb_image_1 et_pb_image et_pb_module et_block_module\"><a href=\"https:\/\/www.camper.is\/wp-content\/uploads\/2025\/08\/Rates_Extras_2026-1.jpeg\" class=\"et_pb_lightbox_image\"><span class=\"et_pb_image_wrap\"><img decoding=\"async\" src=\"https:\/\/www.camper.is\/wp-content\/uploads\/2025\/08\/Rates_Extras_2026-1.jpeg\" width=\"906\" height=\"1280\" srcset=\"https:\/\/www.camper.is\/wp-content\/uploads\/2025\/08\/Rates_Extras_2026-1.jpeg 906w, https:\/\/www.camper.is\/wp-content\/uploads\/2025\/08\/Rates_Extras_2026-1-480x678.jpeg 480w\" sizes=\"(min-width: 0px) and (max-width: 480px) 480px, (min-width: 481px) 906px, 100vw\" class=\"wp-image-72824\" title=\"Tariffe_Extras_2026 - 1\" alt=\"\"><\/span><\/a><\/div><\/div><\/div><\/div><div class=\"et_pb_section_1 et_pb_section et_section_regular et_block_section\"><div class=\"et_pb_row_2 et_pb_row et_pb_equal_columns et_block_row et_animated\"><div class=\"et_pb_column_3 et_pb_column et_pb_column_1_3 et_block_column et_pb_css_mix_blend_mode_passthrough\"><div class=\"et_pb_text_1 et_pb_text et_pb_bg_layout_light et_animated et_pb_module et_block_module et_pb_text_align_center\"><div class=\"et_pb_text_inner\"><h2 style=\"text-align: center;\"><strong>Bottiglia di gas<\/strong><\/h2>\n<p style=\"text-align: center;\"><img decoding=\"async\" class=\"wp-image-2492 aligncenter\" src=\"https:\/\/www.campericeland.is\/wp-content\/uploads\/2016\/08\/extras_web_gazbottle-300x300.png\" alt=\"\" width=\"150\" height=\"150\" title=\"\" srcset=\"https:\/\/www.camper.is\/wp-content\/uploads\/2016\/08\/extras_web_gazbottle-300x300.png 300w, https:\/\/www.camper.is\/wp-content\/uploads\/2016\/08\/extras_web_gazbottle-150x150.png 150w, https:\/\/www.camper.is\/wp-content\/uploads\/2016\/08\/extras_web_gazbottle.png 366w\" sizes=\"(max-width: 150px) 100vw, 150px\" \/><br \/>La bombola del gas \u00e8 un optional dei nostri Camper 4x4 e Camper.  <\/p>\n<p style=\"text-align: center;\">Abbiamo scelto questa bombola per tutti i nostri veicoli perch\u00e9 \u00e8 la bombola di gas (LP) pi\u00f9 comune in Islanda.<\/p>\n<\/div><\/div><div class=\"et_pb_text_2 et_pb_text et_pb_bg_layout_light et_animated et_pb_module et_block_module et_pb_text_align_center\"><div class=\"et_pb_text_inner\"><h2><strong>Kit da campeggio<\/strong><\/h2>\n<p>  <img decoding=\"async\" src=\"https:\/\/www.camper.is\/wp-content\/uploads\/2025\/05\/1000062028-217x300.jpeg\" width=\"217\" height=\"300\" alt=\"\" class=\"wp-image-71454 alignnone size-medium\" title=\"\" srcset=\"https:\/\/www.camper.is\/wp-content\/uploads\/2025\/05\/1000062028-217x300.jpeg 217w, https:\/\/www.camper.is\/wp-content\/uploads\/2025\/05\/1000062028.jpeg 462w\" sizes=\"(max-width: 217px) 100vw, 217px\" \/>                   <img decoding=\"async\" src=\"https:\/\/www.camper.is\/wp-content\/uploads\/2025\/05\/1000062056-300x169.jpeg\" width=\"300\" height=\"169\" alt=\"\" class=\"wp-image-71462 alignnone size-medium\" title=\"\"><\/p>\n<p>Il kit da campeggio \u00e8 obbligatorio e fornisce a ogni passeggero tutto il necessario per dormire (lenzuola, cuscini, coperte e asciugamani per ogni passeggero) e anche un set da cucina (piatti, posate, tazze, padelle, pentole, ciotole, ecc).<\/p>\n<\/div><\/div><div class=\"et_pb_text_3 et_pb_text et_pb_bg_layout_light et_animated et_pb_module et_block_module et_pb_text_align_center\"><div class=\"et_pb_text_inner\"><h2 style=\"text-align: center;\"><strong>Seggiolino per bambini<\/strong><\/h2>\n<p style=\"text-align: center;\"><img decoding=\"async\" class=\"alignnone size-thumbnail wp-image-2481\" src=\"https:\/\/www.campericeland.is\/wp-content\/uploads\/2016\/08\/extras_web_childseat-150x150.png\" alt=\"\" width=\"150\" height=\"150\" title=\"\" srcset=\"https:\/\/www.camper.is\/wp-content\/uploads\/2016\/08\/extras_web_childseat-150x150.png 150w, https:\/\/www.camper.is\/wp-content\/uploads\/2016\/08\/extras_web_childseat-300x300.png 300w, https:\/\/www.camper.is\/wp-content\/uploads\/2016\/08\/extras_web_childseat.png 366w\" sizes=\"(max-width: 150px) 100vw, 150px\" \/><br \/>Il seggiolino per bambini \u00e8 simile a un cuscino. \u00c8 un accessorio importante dal punto di vista legale e della sicurezza per portare i tuoi piccoli nella giusta posizione per la cintura di sicurezza. <\/p>\n<\/div><\/div><div class=\"et_pb_text_4 et_pb_text et_pb_bg_layout_light et_animated et_pb_module et_block_module et_pb_text_align_center\"><div class=\"et_pb_text_inner\"><h2 style=\"text-align: center;\"><strong>Pulizia finale<\/strong><\/h2>\n<p style=\"text-align: center;\"><img decoding=\"async\" class=\"alignnone size-thumbnail wp-image-2482\" src=\"https:\/\/www.campericeland.is\/wp-content\/uploads\/2016\/08\/extras_web_cleaning-end-150x150.png\" alt=\"\" width=\"150\" height=\"150\" title=\"\" srcset=\"https:\/\/www.camper.is\/wp-content\/uploads\/2016\/08\/extras_web_cleaning-end-150x150.png 150w, https:\/\/www.camper.is\/wp-content\/uploads\/2016\/08\/extras_web_cleaning-end-300x300.png 300w, https:\/\/www.camper.is\/wp-content\/uploads\/2016\/08\/extras_web_cleaning-end.png 366w\" sizes=\"(max-width: 150px) 100vw, 150px\" \/><br \/>Nel caso in cui tu sia a corto di tempo o voglia restituire il veicolo senza doverlo pulire per molte ore, possiamo farlo noi per te. In ogni caso, il veicolo deve essere restituito pulito come l'hai ricevuto. Con questa opzione dovrai solo rimuovere i tuoi effetti personali, spazzolare i pavimenti e pulire l'esterno affinch\u00e9 la procedura di riconsegna sia possibile (non possiamo controllare lo stato dei veicoli pieni di fango, polvere e sabbia). Pulizia finale dei servizi igienici: supplemento.   <\/p>\n<\/div><\/div><\/div><div class=\"et_pb_column_4 et_pb_column et_pb_column_1_3 et_block_column et_pb_css_mix_blend_mode_passthrough\"><div class=\"et_pb_text_5 et_pb_text et_pb_bg_layout_light et_animated et_pb_module et_block_module et_pb_text_align_center\"><div class=\"et_pb_text_inner\"><h2 style=\"text-align: center;\"><strong>Tavolo e sedie<\/strong><\/h2>\n<p style=\"text-align: center;\"><img decoding=\"async\" class=\"wp-image-2509 aligncenter\" src=\"https:\/\/www.campericeland.is\/wp-content\/uploads\/2016\/08\/extras_web_table_chair-300x300.png\" alt=\"\" width=\"150\" height=\"150\" title=\"\" srcset=\"https:\/\/www.camper.is\/wp-content\/uploads\/2016\/08\/extras_web_table_chair-300x300.png 300w, https:\/\/www.camper.is\/wp-content\/uploads\/2016\/08\/extras_web_table_chair-150x150.png 150w, https:\/\/www.camper.is\/wp-content\/uploads\/2016\/08\/extras_web_table_chair.png 366w\" sizes=\"(max-width: 150px) 100vw, 150px\" \/><\/p>\n<p style=\"text-align: center;\">Questo \u00e8 l'extra pi\u00f9 richiesto. Non c'\u00e8 niente di pi\u00f9 bello che potersi sedere all'esterno del camper e godersi la natura. Consigliamo vivamente questa opzione.  <\/p>\n<\/div><\/div><div class=\"et_pb_text_6 et_pb_text et_pb_bg_layout_light et_animated et_pb_module et_block_module et_pb_text_align_center\"><div class=\"et_pb_text_inner\"><h2 style=\"text-align: center;\"><strong>Blocchi di livellamento per camper  <\/strong><\/h2>\n<p style=\"text-align: center;\"><a href=\"http:\/\/www.campericeland.is\/wp-content\/uploads\/2014\/08\/Screen-Shot-2014-08-21-at-17.26.35.png\" target=\"_blank\" rel=\"noopener\"><img decoding=\"async\" class=\"wp-image-2475 aligncenter\" src=\"https:\/\/www.campericeland.is\/wp-content\/uploads\/2014\/08\/extras_web_wedge-300x300.png\" alt=\"\" width=\"150\" height=\"150\" title=\"\" srcset=\"https:\/\/www.camper.is\/wp-content\/uploads\/2014\/08\/extras_web_wedge-300x300.png 300w, https:\/\/www.camper.is\/wp-content\/uploads\/2014\/08\/extras_web_wedge-150x150.png 150w, https:\/\/www.camper.is\/wp-content\/uploads\/2014\/08\/extras_web_wedge.png 366w\" sizes=\"(max-width: 150px) 100vw, 150px\" \/><\/a><\/p>\n<p style=\"text-align: center;\">Livellare il tuo veicolo pu\u00f2 essere davvero comodo. Ad esempio, se ti trovi in un campo e non riesci a far stare dritto il veicolo. Tutto non \u00e8 in ordine, il pianale non \u00e8 dritto, la cucina non \u00e8 dritta e l'olio finisce su un lato della vasca.  <\/p>\n<\/div><\/div><div class=\"et_pb_text_7 et_pb_text et_pb_bg_layout_light et_animated et_pb_module et_block_module et_pb_text_align_center\"><div class=\"et_pb_text_inner\"><p style=\"text-align: center;\"><strong>Inverter (300W)<\/strong><\/p>\n<p style=\"text-align: center;\"><img decoding=\"async\" class=\"alignnone size-thumbnail wp-image-2496\" src=\"https:\/\/www.campericeland.is\/wp-content\/uploads\/2016\/08\/extras_web_inverter-150x150.png\" alt=\"\" width=\"150\" height=\"150\" title=\"\" srcset=\"https:\/\/www.camper.is\/wp-content\/uploads\/2016\/08\/extras_web_inverter-150x150.png 150w, https:\/\/www.camper.is\/wp-content\/uploads\/2016\/08\/extras_web_inverter-300x300.png 300w, https:\/\/www.camper.is\/wp-content\/uploads\/2016\/08\/extras_web_inverter.png 366w\" sizes=\"(max-width: 150px) 100vw, 150px\" \/><\/p>\n<p style=\"text-align: center;\">L'inverter trasforma i 12V in 220V con una potenza massima di 300W. 300W (controlla il tuo impianto elettrico). L'inverter \u00e8 pi\u00f9 che sufficiente per computer portatili, pad, telefoni, camper e altro ancora. L'inverter deve essere utilizzato durante la guida perch\u00e9 consuma molta elettricit\u00e0.   <\/p>\n<\/div><\/div><\/div><div class=\"et_pb_column_5 et_pb_column et_pb_column_1_3 et-last-child et_block_column et_pb_css_mix_blend_mode_passthrough\"><div class=\"et_pb_text_8 et_pb_text et_pb_bg_layout_light et_animated et_pb_module et_block_module et_pb_text_align_center\"><div class=\"et_pb_text_inner\"><h2 style=\"text-align: center;\"><strong>Set di prodotti chimici per la toilette<\/strong><\/h2>\n<p style=\"text-align: center;\"><img decoding=\"async\" class=\"size-thumbnail wp-image-2476 aligncenter\" src=\"https:\/\/www.campericeland.is\/wp-content\/uploads\/2016\/08\/extras_web_aquakem-150x150.png\" alt=\"\" width=\"150\" height=\"150\" title=\"\" srcset=\"https:\/\/www.camper.is\/wp-content\/uploads\/2016\/08\/extras_web_aquakem-150x150.png 150w, https:\/\/www.camper.is\/wp-content\/uploads\/2016\/08\/extras_web_aquakem-300x300.png 300w, https:\/\/www.camper.is\/wp-content\/uploads\/2016\/08\/extras_web_aquakem.png 366w\" sizes=\"(max-width: 150px) 100vw, 150px\" \/><br \/>Un must-have! Il prodotto chimico per la fossa settica e la cassetta del WC \u00e8 altrettanto indispensabile. Uccide tutti gli odori e scioglie i rifiuti quasi istantaneamente.  <\/p>\n<\/div><\/div><div class=\"et_pb_text_9 et_pb_text et_pb_bg_layout_light et_animated et_pb_module et_block_module et_pb_text_align_center\"><div class=\"et_pb_text_inner\"><h2 style=\"text-align: center;\"><strong>Seggiolino per bambini<\/strong><\/h2>\n<p style=\"text-align: center;\"><img decoding=\"async\" class=\"alignnone size-thumbnail wp-image-2477\" src=\"https:\/\/www.campericeland.is\/wp-content\/uploads\/2016\/08\/extras_web_babyseat-150x150.png\" alt=\"\" width=\"150\" height=\"150\" title=\"\" srcset=\"https:\/\/www.camper.is\/wp-content\/uploads\/2016\/08\/extras_web_babyseat-150x150.png 150w, https:\/\/www.camper.is\/wp-content\/uploads\/2016\/08\/extras_web_babyseat-300x300.png 300w, https:\/\/www.camper.is\/wp-content\/uploads\/2016\/08\/extras_web_babyseat.png 366w\" sizes=\"(max-width: 150px) 100vw, 150px\" \/><br \/>Forniamo seggiolini per bambini di tutte le categorie. Camper Iceland \u00e8 un'azienda che si rivolge alle famiglie e ha una grande esperienza nel montaggio di seggiolini in tutti i tipi di veicoli. Ti consigliamo di prenotare in anticipo questa opzione.  <\/p>\n<\/div><\/div><div class=\"et_pb_text_10 et_pb_text et_pb_bg_layout_light et_animated et_pb_module et_block_module et_pb_text_align_center\"><div class=\"et_pb_text_inner\"><h2 style=\"text-align: center;\"><strong>Unit\u00e0 Wi-Fi<\/strong><\/h2>\n<p style=\"text-align: center;\"><img decoding=\"async\" class=\"alignnone size-thumbnail wp-image-2517\" src=\"https:\/\/www.campericeland.is\/wp-content\/uploads\/2016\/08\/extras_web_wifidata-150x150.png\" alt=\"\" width=\"150\" height=\"150\" title=\"\" srcset=\"https:\/\/www.camper.is\/wp-content\/uploads\/2016\/08\/extras_web_wifidata-150x150.png 150w, https:\/\/www.camper.is\/wp-content\/uploads\/2016\/08\/extras_web_wifidata-300x300.png 300w, https:\/\/www.camper.is\/wp-content\/uploads\/2016\/08\/extras_web_wifidata.png 366w\" sizes=\"(max-width: 150px) 100vw, 150px\" \/><br \/>L'unit\u00e0 Wi-Fi (HOT SPOT) pu\u00f2 essere collegata all'accendisigari (12V) per caricare la batteria. Durante il viaggio puoi collegare (Wi-Fi) tutti i tuoi dispositivi e navigare sul World Wide Web con un pacchetto dati illimitato. <\/p>\n<\/div><\/div><\/div><\/div><\/div>\n<span class=\"et_bloom_bottom_trigger\"><\/span>","protected":false},"excerpt":{"rendered":"","protected":false},"author":1,"featured_media":0,"parent":77326,"menu_order":4,"comment_status":"closed","ping_status":"closed","template":"","meta":{"_acf_changed":false,"footnotes":""},"class_list":["post-77289","page","type-page","status-publish","hentry"],"acf":[],"jetpack_sharing_enabled":true,"_links":{"self":[{"href":"https:\/\/www.camper.is\/it\/wp-json\/wp\/v2\/pages\/77289","targetHints":{"allow":["GET"]}}],"collection":[{"href":"https:\/\/www.camper.is\/it\/wp-json\/wp\/v2\/pages"}],"about":[{"href":"https:\/\/www.camper.is\/it\/wp-json\/wp\/v2\/types\/page"}],"author":[{"embeddable":true,"href":"https:\/\/www.camper.is\/it\/wp-json\/wp\/v2\/users\/1"}],"replies":[{"embeddable":true,"href":"https:\/\/www.camper.is\/it\/wp-json\/wp\/v2\/comments?post=77289"}],"version-history":[{"count":1,"href":"https:\/\/www.camper.is\/it\/wp-json\/wp\/v2\/pages\/77289\/revisions"}],"predecessor-version":[{"id":77310,"href":"https:\/\/www.camper.is\/it\/wp-json\/wp\/v2\/pages\/77289\/revisions\/77310"}],"up":[{"embeddable":true,"href":"https:\/\/www.camper.is\/it\/wp-json\/wp\/v2\/pages\/77326"}],"wp:attachment":[{"href":"https:\/\/www.camper.is\/it\/wp-json\/wp\/v2\/media?parent=77289"}],"curies":[{"name":"wp","href":"https:\/\/api.w.org\/{rel}","templated":true}]}}