{"id":77287,"date":"2026-05-11T05:12:54","date_gmt":"2026-05-11T05:12:54","guid":{"rendered":"https:\/\/www.camper.is\/vegvisir-guida-per-i-viaggiatori-guida-dellislanda\/salva-viaggio-natura-islandese-it\/"},"modified":"2026-05-17T12:03:32","modified_gmt":"2026-05-17T12:03:32","slug":"salva-viaggio-natura-islandese-it","status":"publish","type":"page","link":"https:\/\/www.camper.is\/it\/vegvisir-guida-per-i-viaggiatori-guida-dellislanda\/salva-viaggio-natura-islandese-it\/","title":{"rendered":"Salva Viaggio Natura Islandese IT"},"content":{"rendered":"\n<div class=\"camper-safetravel-wrapper\" style=\"font-family: inherit; color: #334155; line-height: 1.7; max-width: 1000px; margin: 0 auto; padding: 20px;\">\n\n  <div class=\"st-hero-banner\" style=\"background: linear-gradient(135deg, #005088 0%, #002e4f 100%); padding: 45px 35px; border-radius: 16px; text-align: center; color: #ffffff; box-shadow: 0 10px 30px rgba(0,80,136,0.15); margin-bottom: 40px;\">\n    <span style=\"background: #f5a623; color: #005088; padding: 5px 15px; border-radius: 20px; font-size: 13px; font-weight: 700; text-transform: uppercase; letter-spacing: 1px;\">Copilota di sicurezza Vegv\u00edsir<\/span>\n    <h1 style=\"color: #ffffff; font-size: 38px; font-weight: 700; margin: 15px 0 10px 0; font-family: inherit;\">Guida alla sicurezza e alla natura islandese<\/h1>\n    <p style=\"color: #e2e8f0; font-size: 17px; max-width: 750px; margin: 0 auto; line-height: 1.6;\">Il tempo, il terreno e i paesaggi sismici dell'Islanda cambiano rapidamente. Utilizza i nostri collegamenti radar unificati in tempo reale, i criteri strutturali di F-Road e le strutture di risposta alle emergenze per proteggere il tuo viaggio. <\/p>\n  <\/div>\n\n  <div style=\"background-color: #fff9e6; border-left: 5px solid #f5a623; padding: 20px; border-radius: 8px; margin-bottom: 35px; box-shadow: 0 4px 12px rgba(0,0,0,0.02);\">\n    <p style=\"margin: 0; font-size: 15px; color: #2c3e50; font-weight: 500;\">\n  \ud83e\udd16 <strong>Allerta di monitoraggio in tempo reale:<\/strong> il nostro centro di monitoraggio di backend monitora attivamente il maltempo e i vettori geologici in tutta l'Islanda. Se si verifica un'allerta arancione\/rossa lungo il tuo percorso, apri il nostro pannello <strong>\"Chatta con noi\"<\/strong> nella parte inferiore dello schermo per ricevere consigli in tempo reale sulle deviazioni strutturali dal nostro team. \n    <\/p>\n  <\/div>\n\n  <h2 style=\"color: #005088; font-size: 24px; font-weight: 700; border-bottom: 2px solid #e2e8f0; padding-bottom: 10px; margin-bottom: 25px;\">1. Tracciamento ufficiale in tempo reale e pianificazione del percorso<\/h2>\n  <p style=\"font-size: 16px; margin-bottom: 25px;\">Prima di girare la chiave del tuo camper o della tua auto ogni mattina, controlla queste tre piattaforme ufficiali.  <em>(I link si distribuiscono in modo sicuro in finestre separate per salvare i tuoi progressi qui):<\/em><\/p>\n\n  <div class=\"st-live-grid\" style=\"display: flex; gap: 20px; flex-wrap: wrap; margin-bottom: 45px;\">\n    \n    <a href=\"https:\/\/safetravel.is\/\" target=\"_blank\" rel=\"noopener noreferrer\" style=\"flex: 1; min-width: 280px; background: #ffffff; border: 1px solid #e2e8f0; border-top: 4px solid #ef4444; border-radius: 8px; padding: 25px; text-decoration: none; color: inherit; box-shadow: 0 4px 15px rgba(0,0,0,0.02); transition: transform 0.2s ease, border-color 0.2s ease;\" class=\"st-card\">\n      <div style=\"display: flex; align-items: center; justify-content: space-between; margin-bottom: 12px;\">\n        <h3 style=\"color: #ef4444; font-size: 19px; font-weight: 700; margin: 0;\">SafeTravel Islanda<\/h3>\n        <span style=\"font-size: 12px; background: #fee2e2; color: #ef4444; padding: 3px 8px; border-radius: 4px; font-weight: 600;\">Avvisi e piani<\/span>\n      <\/div>\n      <p style=\"font-size: 14px; color: #475569; margin: 0 0 15px 0; line-height: 1.5;\">Portale obbligatorio per caricare il tuo itinerario di viaggio direttamente su Icelandic Search & Rescue (ICE-SAR) e monitorare in tempo reale i livelli di allerta outdoor.<\/p>\n      <span style=\"color: #ef4444; font-size: 14px; font-weight: 600;\">Aprire il sito SafeTravel.is \u2794<\/span>\n    <\/a>\n\n    <a href=\"https:\/\/en.vedur.is\/\" target=\"_blank\" rel=\"noopener noreferrer\" style=\"flex: 1; min-width: 280px; background: #ffffff; border: 1px solid #e2e8f0; border-top: 4px solid #f5a623; border-radius: 8px; padding: 25px; text-decoration: none; color: inherit; box-shadow: 0 4px 15px rgba(0,0,0,0.02); transition: transform 0.2s ease, border-color 0.2s ease;\" class=\"st-card\">\n      <div style=\"display: flex; align-items: center; justify-content: space-between; margin-bottom: 12px;\">\n        <h3 style=\"color: #005088; font-size: 19px; font-weight: 700; margin: 0;\">Ufficio meteorologico<\/h3>\n        <span style=\"font-size: 12px; background: #fff9e6; color: #f5a623; padding: 3px 8px; border-radius: 4px; font-weight: 600;\">Tempo e vento<\/span>\n      <\/div>\n      <p style=\"font-size: 14px; color: #475569; margin: 0 0 15px 0; line-height: 1.5;\">Traccia in tempo reale i vettori della velocit\u00e0 del vento (m\/s), gli avvisi di tempesta e gli indicatori di gas vulcanici\/sismici localizzati direttamente dai radar meteorologici.<\/p>\n      <span style=\"color: #005088; font-size: 14px; font-weight: 600;\">Apri Vedur.is \u2794<\/span>\n    <\/a>\n\n    <a href=\"https:\/\/www.road.is\/\" target=\"_blank\" rel=\"noopener noreferrer\" style=\"flex: 1; min-width: 280px; background: #ffffff; border: 1px solid #e2e8f0; border-top: 4px solid #005088; border-radius: 8px; padding: 25px; text-decoration: none; color: inherit; box-shadow: 0 4px 15px rgba(0,0,0,0.02); transition: transform 0.2s ease, border-color 0.2s ease;\" class=\"st-card\">\n      <div style=\"display: flex; align-items: center; justify-content: space-between; margin-bottom: 12px;\">\n        <h3 style=\"color: #005088; font-size: 19px; font-weight: 700; margin: 0;\">Condizioni stradali<\/h3>\n        <span style=\"font-size: 12px; background: #e3ebf2; color: #005088; padding: 3px 8px; border-radius: 4px; font-weight: 600;\">Webcam in diretta<\/span>\n      <\/div>\n      <p style=\"font-size: 14px; color: #475569; margin: 0 0 15px 0; line-height: 1.5;\">Panoramica diretta delle mappe codificate a colori che mostrano le piste percorribili, l'accumulo di ghiaccio, gli avvisi di fango, le condizioni della ghiaia e le telecamere autostradali in diretta.<\/p>\n      <span style=\"color: #005088; font-size: 14px; font-weight: 600;\">Open Road.is \u2794<\/span>\n    <\/a>\n\n  <\/div>\n\n  <h2 style=\"color: #005088; font-size: 24px; font-weight: 700; border-bottom: 2px solid #e2e8f0; padding-bottom: 10px; margin-bottom: 25px;\">2. Direttive vitali per gli operatori dei veicoli<\/h2>\n  \n  <div style=\"background: #ffffff; border: 1px solid #e3ebf2; border-radius: 12px; padding: 30px; box-shadow: 0 4px 15px rgba(0,0,0,0.01); margin-bottom: 45px;\">\n    \n    <div style=\"margin-bottom: 25px; border-bottom: 1px dashed #e2e8f0; padding-bottom: 20px;\">\n      <h4 style=\"margin: 0 0 8px 0; color: #005088; font-size: 18px; font-weight: 600;\">\ud83d\udca8 Limiti di sicurezza per il vento laterale (cruciali per le flotte a tetto alto)<\/h4>\n      <p style=\"margin: 0; font-size: 15px; color: #475569;\">I camper e i campeggiatori di alto profilo si comportano come vele in presenza di forti correnti d'aria. Se il vento costante o le raffiche locali superano i **15 m\/s (circa 35 mph)**, diminuisci immediatamente la velocit\u00e0 e cerca un campeggio protetto. Se le raffiche si avvicinano a **20 m\/s**, la guida diventa estremamente pericolosa. Parcheggia rivolto direttamente **contro il vento** e non aprire mai le porte del camper senza tenere le maniglie con entrambe le mani.   <\/p>\n    <\/div>\n\n    <div style=\"margin-bottom: 25px; border-bottom: 1px dashed #e2e8f0; padding-bottom: 20px;\">\n      <h4 style=\"margin: 0 0 8px 0; color: #005088; font-size: 18px; font-weight: 600;\">\ud83c\udf0b Protocollo di monitoraggio vulcanico e sismico di Reykjanes<\/h4>\n      <p style=\"margin: 0; font-size: 15px; color: #475569;\">I vettori di magma e di scosse rimangono attivi nella penisola di Reykjanes vicino a Grindav\u00edk\/Svartsengi. \u00c8 severamente vietato entrare nelle zone vietate contrassegnate. Se viaggi in prossimit\u00e0 di campi termici attivi, tieni i finestrini della cabina chiusi, spegni la ventilazione interna per evitare l'ingresso di gas tossici e segui attentamente le istruzioni immediate dei servizi di protezione civile attraverso i media locali.  <\/p>\n    <\/div>\n\n    <div style=\"margin-bottom: 25px; border-bottom: 1px dashed #e2e8f0; padding-bottom: 20px;\">\n      <h4 style=\"margin: 0 0 8px 0; color: #005088; font-size: 18px; font-weight: 600;\">\ud83d\udea7 F-Apertura delle strade e integrit\u00e0 dell'ecosistema<\/h4>\n      <p style=\"margin: 0; font-size: 15px; color: #475569;\">Le piste delle Highlands aprono tra la met\u00e0 di giugno e l'inizio di luglio, a seconda dell'umidit\u00e0 del sottosuolo. Per legge, solo i veicoli 4x4 certificati (come i pesanti Camper Iceland *Thor* o *Tyr*) possono percorrere le strade F. Guidare su una strada contrassegnata come \"impraticabile\" o \"chiusa\" \u00e8 completamente illegale, annulla tutte le assicurazioni e comporta multe salate da parte della polizia a causa della fragilit\u00e0 del terreno in fase di disgelo.  <\/p>\n    <\/div>\n\n    <div style=\"margin-bottom: 5px;\">\n      <h4 style=\"margin: 0 0 8px 0; color: #ef4444; font-size: 18px; font-weight: 600;\">\u274c La regola d'oro dei fiumi glaciali senza freni<\/h4>\n      <p style=\"margin: 0; font-size: 15px; color: #475569;\">Secondo la legge islandese e le nostre polizze di noleggio, **nessuna assicurazione copre i danni al motore causati dall'acqua interna**. L'attraversamento di un fiume \u00e8 interamente a rischio e pericolo dell'operatore. Non guidare mai contro corrente, inserisci la marcia bassa (4L) sulle unit\u00e0 4x4 applicabili, mantieni uno slancio lento e costante e se i parametri di profondit\u00e0 o la velocit\u00e0 della corrente appaiono incerti, non tentare l'attraversamento.  <\/p>\n    <\/div>\n\n  <\/div>\n\n  <div style=\"background: linear-gradient(135deg, #f8fafc 0%, #edf2f7 100%); border: 1px solid #cbd5e1; border-radius: 12px; padding: 30px; text-align: center; box-shadow: 0 4px 12px rgba(0,0,0,0.02);\">\n    <h3 style=\"color: #005088; margin: 0 0 10px 0; font-size: 22px; font-weight: 700;\">\ud83d\udea8 Direttive di emergenza su strada<\/h3>\n    <p style=\"font-size: 15px; color: #475569; max-width: 700px; margin: 0 auto 25px auto;\">Se si verifica un guasto al veicolo, se si rimane bloccati in un substrato morbido o se si verifica un evento ambientale, utilizza questi canali all'istante:<\/p>\n    \n    <div style=\"display: flex; gap: 20px; flex-wrap: wrap; justify-content: center;\">\n      <div style=\"background: #ffffff; padding: 15px 25px; border-radius: 8px; border: 1px solid #e2e8f0; min-width: 220px; box-shadow: 0 2px 5px rgba(0,0,0,0.01);\">\n        <span style=\"font-size: 13px; color: #64748b; text-transform: uppercase; font-weight: 600; display: block; margin-bottom: 5px;\">National Rescue & Medical<\/span>\n        <a href=\"tel:112\" style=\"color: #ef4444; font-size: 22px; font-weight: 700; text-decoration: none;\">\ud83d\udcde 112<\/a>\n      <\/div>\n      <div style=\"background: #ffffff; padding: 15px 25px; border-radius: 8px; border: 1px solid #e2e8f0; min-width: 220px; box-shadow: 0 2px 5px rgba(0,0,0,0.01);\">\n        <span style=\"font-size: 13px; color: #64748b; text-transform: uppercase; font-weight: 600; display: block; margin-bottom: 5px;\">Base di supporto per Camper Islanda<\/span>\n        <a href=\"tel:+3545536000\" style=\"color: #005088; font-size: 22px; font-weight: 700; text-decoration: none;\">\ud83d\udcde +354 553 6000<\/a>\n      <\/div>\n    <\/div>\n    \n    <p style=\"margin: 25px 0 0 0; font-size: 13px; color: #64748b;\">\n  \ud83d\udca1 Suggerimento: scarica l'<strong>app<\/strong> ufficiale <strong>112 Iceland<\/strong> prima di partire dalla stazione di raccolta. Ti permette di trasmettere ai servizi di emergenza precisi vettori GPS automatizzati anche se il segnale vocale del cellulare \u00e8 basso nei fiordi pi\u00f9 remoti. \n    <\/p>\n  <\/div>\n\n<\/div>\n\n<style>\n  .st-card:hover {\n    transform: translateY(-4px);\n    border-color: #f5a623 !important;\n    box-shadow: 0 8px 25px rgba(0,80,136,0.08) !important;\n  }\n<\/style>\n<span class=\"et_bloom_bottom_trigger\"><\/span>","protected":false},"excerpt":{"rendered":"<p>Copilota di sicurezza Vegv\u00edsir Guida alla sicurezza e alla natura islandese Il tempo, il terreno e i paesaggi sismici dell&#8217;Islanda cambiano rapidamente. Utilizza i nostri collegamenti radar unificati in tempo reale, i criteri strutturali di F-Road e le strutture di risposta alle emergenze per proteggere il tuo viaggio. \ud83e\udd16 Allerta di monitoraggio in tempo reale: [&hellip;]<\/p>\n","protected":false},"author":1,"featured_media":0,"parent":77160,"menu_order":4,"comment_status":"closed","ping_status":"closed","template":"","meta":{"_acf_changed":false,"footnotes":""},"class_list":["post-77287","page","type-page","status-publish","hentry"],"acf":[],"jetpack_sharing_enabled":true,"_links":{"self":[{"href":"https:\/\/www.camper.is\/it\/wp-json\/wp\/v2\/pages\/77287","targetHints":{"allow":["GET"]}}],"collection":[{"href":"https:\/\/www.camper.is\/it\/wp-json\/wp\/v2\/pages"}],"about":[{"href":"https:\/\/www.camper.is\/it\/wp-json\/wp\/v2\/types\/page"}],"author":[{"embeddable":true,"href":"https:\/\/www.camper.is\/it\/wp-json\/wp\/v2\/users\/1"}],"replies":[{"embeddable":true,"href":"https:\/\/www.camper.is\/it\/wp-json\/wp\/v2\/comments?post=77287"}],"version-history":[{"count":3,"href":"https:\/\/www.camper.is\/it\/wp-json\/wp\/v2\/pages\/77287\/revisions"}],"predecessor-version":[{"id":78508,"href":"https:\/\/www.camper.is\/it\/wp-json\/wp\/v2\/pages\/77287\/revisions\/78508"}],"up":[{"embeddable":true,"href":"https:\/\/www.camper.is\/it\/wp-json\/wp\/v2\/pages\/77160"}],"wp:attachment":[{"href":"https:\/\/www.camper.is\/it\/wp-json\/wp\/v2\/media?parent=77287"}],"curies":[{"name":"wp","href":"https:\/\/api.w.org\/{rel}","templated":true}]}}