{"id":77135,"date":"2026-05-10T16:13:05","date_gmt":"2026-05-10T16:13:05","guid":{"rendered":"https:\/\/www.camper.is\/camper-iceland-la-tua-societa-di-noleggio-camper-e-4x4-in-islanda-informazioni-aggiuntive\/"},"modified":"2026-05-10T16:14:10","modified_gmt":"2026-05-10T16:14:10","slug":"camper-iceland-la-tua-societa-di-noleggio-camper-e-4x4-in-islanda-informazioni-aggiuntive","status":"publish","type":"page","link":"https:\/\/www.camper.is\/it\/camper-iceland-la-tua-azienda-di-noleggio-camper-e-4x4-in-islanda\/camper-iceland-la-tua-societa-di-noleggio-camper-e-4x4-in-islanda-informazioni-aggiuntive\/","title":{"rendered":"Camper Iceland, la tua societ\u00e0 di noleggio camper e 4\u00d74 in Islanda Informazioni aggiuntive"},"content":{"rendered":"<div class=\"et_pb_section_0 et_pb_section et_section_specialty et_pb_gutters3 et_block_section\"><div class=\"et_pb_row et_block_row\"><div class=\"et_pb_column_0 et_pb_column et_pb_specialty_column et_pb_column_1_2 et_block_column et_pb_css_mix_blend_mode_passthrough\"><div class=\"et_pb_row_inner_0 et_pb_row_inner et_block_row\"><div class=\"et_pb_column_inner_0 et_pb_column_inner et_pb_column et_pb_column_4_4 et-last-child et_block_column et_pb_css_mix_blend_mode_passthrough\"><div class=\"et_pb_image_0 et_pb_image et_pb_module et_block_module\"><span class=\"et_pb_image_wrap\"><img decoding=\"async\" src=\"https:\/\/www.camper.is\/wp-content\/uploads\/2022\/10\/camper-iceland-high-resolution-logo-white-on-transparent-background.png\" width=\"2000\" height=\"792\" srcset=\"https:\/\/www.camper.is\/wp-content\/uploads\/2022\/10\/camper-iceland-high-resolution-logo-white-on-transparent-background.png 2000w, https:\/\/www.camper.is\/wp-content\/uploads\/2022\/10\/camper-iceland-high-resolution-logo-white-on-transparent-background-1280x507.png 1280w, https:\/\/www.camper.is\/wp-content\/uploads\/2022\/10\/camper-iceland-high-resolution-logo-white-on-transparent-background-980x388.png 980w, https:\/\/www.camper.is\/wp-content\/uploads\/2022\/10\/camper-iceland-high-resolution-logo-white-on-transparent-background-480x190.png 480w\" sizes=\"(min-width: 0px) and (max-width: 480px) 480px, (min-width: 481px) and (max-width: 980px) 980px, (min-width: 981px) and (max-width: 1280px) 1280px, (min-width: 1281px) 2000px, 100vw\" class=\"wp-image-54733\" title=\"camper-iceland-alta risoluzione-logo-bianco-su-sfondo-trasparente\" alt=\"\"><\/span><\/div><\/div><\/div><\/div><div class=\"et_pb_column_1 et_pb_column et_pb_column_single et_pb_column_1_2 et-last-child et_block_column et_pb_css_mix_blend_mode_passthrough\"><div class=\"et_pb_blurb_0 et_pb_blurb et_pb_bg_layout_dark et_pb_text_align_center et_pb_blurb_position_top et_pb_module et_block_module\"><div class=\"et_pb_blurb_content\"><div class=\"et_pb_main_blurb_image\"><span class=\"et_pb_image_wrap\"><span class=\"et-pb-icon et_animated et_animated\">?<\/span><\/span><\/div><div class=\"et_pb_blurb_container\"><h4 class=\"et_pb_module_header\">PRENOTAZIONE ONLINE<\/h4><div class=\"et_pb_blurb_description\"><p><iframe id=\"miniBook\" style=\"width: 300px; height: 550px;\" src=\"https:\/\/web.rentalcarmanager.com\/api32\/Camper-Iceland\/step1Mini\" width=\"300\" height=\"200\" frameborder=\"0\" scrolling=\"no\"><\/iframe><\/p>\n<\/div><\/div><\/div><\/div><\/div><\/div><\/div><div class=\"et_pb_section_1 et_pb_section et_section_regular et_block_section\"><div class=\"et_pb_row_0 et_pb_row et_pb_row_3-5_1-5_1-5 et_block_row et_block_row_3-5_1-5_1-5\"><div class=\"et_pb_column_2 et_pb_column et_pb_column_3_5 et_block_column et_pb_css_mix_blend_mode_passthrough\"><div class=\"et_pb_text_0 et_pb_text et_pb_bg_layout_light et_pb_module et_block_module\"><div class=\"et_pb_text_inner\"><h1>Benvenuti a Camper Islanda<\/h1>\n<p>Stai cercando un Camper o un Camper 4\u00d74 per esplorare l'Islanda? Non cercare oltre, sei a un passo dalla tua vacanza da sogno. Camper Iceland offre la pi\u00f9 grande variet\u00e0 di categorie di veicoli per soddisfare le tue esigenze. Tutte le nostre categorie sono costruite per portarti in giro per l'Islanda, nei luoghi pi\u00f9 belli del nostro Paese. Se desideri percorrere l'altopiano islandese, ti offriamo due interessanti categorie di Camper 4x4.    <\/p>\n<p>La nostra azienda familiare vende viaggi in Islanda dal 1987 e tutta questa conoscenza \u00e8 a tua disposizione. Noleggiare un camper \u00e8 considerato uno dei modi pi\u00f9 flessibili per viaggiare in Islanda. I campeggi non hanno bisogno di essere prenotati, puoi semplicemente guidare per l'Islanda e fermarti dove pi\u00f9 ti piace. Viaggiando con un camper o un camper 4x4, risparmierai molti soldi perch\u00e9 potrai acquistare il cibo nei supermercati locali. Per le serate romantiche, goditi l'eccezione di cenare nei ristoranti islandesi. Le piscine dell'Islanda sono molto apprezzate dai nostri clienti. Goditi una nuotata quotidiana o rilassati nelle vasche calde. L'acqua calda geotermica rigenerer\u00e0 il tuo corpo e la tua anima. Dopotutto, la tua vacanza dovrebbe servire a rilassarti e a ricaricare le batterie del corpo. I nostri prodotti sono adatti a famiglie, coppie, amici e viaggiatori solitari.         <\/p>\n<p>Il clima islandese \u00e8 noto per essere mutevole e spesso piove a nord mentre a sud c'\u00e8 il sole o viceversa. Un altro grande vantaggio del noleggio di un Camper Islanda \u00e8 che puoi viaggiare con il tempo. Insegui il sole invece di dover accettare le condizioni meteorologiche di un itinerario prenotato in albergo. Rimani sveglio fino a tardi e visita i luoghi pi\u00f9 belli quando gli altri viaggiatori sono gi\u00e0 andati alla ricerca di un alloggio. Un camper non ha orari di check-in e check-out. Disfa le valigie una sola volta e goditi il tuo \"hotel su ruote\".     <\/p>\n<p>Non vediamo l'ora di spiegarti come utilizzare il nostro veicolo prima che tu parta per una meravigliosa e meritata vacanza.<\/p>\n<\/div><\/div><\/div><div class=\"et_pb_column_3 et_pb_column et_pb_column_1_5 et_block_column et_pb_css_mix_blend_mode_passthrough\"><div class=\"et_pb_image_1 et_pb_image et_pb_module et_block_module\"><a href=\"https:\/\/www.camper.is\/camper-iceland-overview\/motor-home-2\/\"><span class=\"et_pb_image_wrap\"><img decoding=\"async\" src=\"https:\/\/www.camper.is\/wp-content\/uploads\/2021\/06\/MOTOR_HOME_IDUNN.jpg\" width=\"800\" height=\"800\" srcset=\"https:\/\/www.camper.is\/wp-content\/uploads\/2021\/06\/MOTOR_HOME_IDUNN.jpg 800w, https:\/\/www.camper.is\/wp-content\/uploads\/2021\/06\/MOTOR_HOME_IDUNN-480x480.jpg 480w\" sizes=\"(min-width: 0px) and (max-width: 480px) 480px, (min-width: 481px) 800px, 100vw\" class=\"wp-image-47926\" title=\"MOTOR_HOME_IDUNN\" alt=\"\"><\/span><\/a><\/div><div class=\"et_pb_image_2 et_pb_image et_pb_module et_block_module\"><a href=\"https:\/\/www.camper.is\/camper-iceland-overview\/motor-home-4\/\"><span class=\"et_pb_image_wrap\"><img decoding=\"async\" src=\"https:\/\/www.campericeland.is\/wp-content\/uploads\/2021\/06\/MOTOR_HOME_4SIF.jpg\" title=\"MOTOR_HOME_4SIF\" alt=\"\"><\/span><\/a><\/div><div class=\"et_pb_image_3 et_pb_image et_pb_module et_block_module\"><a href=\"https:\/\/www.camper.is\/camper-iceland-overview\/motor-home-6-freyja-heritage\/\"><span class=\"et_pb_image_wrap\"><img decoding=\"async\" src=\"https:\/\/www.campericeland.is\/wp-content\/uploads\/2021\/06\/MOTOR_HOME_FREYJA.jpg\" title=\"CASA_MOTORE_FREYJA\" alt=\"\"><\/span><\/a><\/div><div class=\"et_pb_image_4 et_pb_image et_pb_module et_block_module\"><a href=\"https:\/\/www.camper.is\/camper-iceland-overview\/motor-home-6g\/\"><span class=\"et_pb_image_wrap\"><img decoding=\"async\" src=\"https:\/\/www.campericeland.is\/wp-content\/uploads\/2021\/06\/MOTOR_HOME_6FRIGG.jpg\" title=\"MOTOR_HOME_6FRIGG\" alt=\"\"><\/span><\/a><\/div><\/div><div class=\"et_pb_column_4 et_pb_column et_pb_column_1_5 et-last-child et_block_column et_pb_css_mix_blend_mode_passthrough\"><div class=\"et_pb_image_5 et_pb_image et_pb_module et_block_module\"><a href=\"https:\/\/www.camper.is\/camper-iceland-overview\/4x4-camper-b-thor\/\"><span class=\"et_pb_image_wrap\"><img decoding=\"async\" src=\"https:\/\/www.campericeland.is\/wp-content\/uploads\/2021\/05\/4X4_CAMPER_THOR.jpg\" title=\"4X4_CAMPER_THOR\" alt=\"\"><\/span><\/a><\/div><div class=\"et_pb_image_6 et_pb_image et_pb_module et_block_module\"><a href=\"https:\/\/www.camper.is\/camper-iceland-overview\/4x4-camper-b-tyr\/\"><span class=\"et_pb_image_wrap\"><img decoding=\"async\" src=\"https:\/\/www.camper.is\/wp-content\/uploads\/2022\/11\/4x4_camper_tyr.jpeg\" width=\"800\" height=\"800\" srcset=\"https:\/\/www.camper.is\/wp-content\/uploads\/2022\/11\/4x4_camper_tyr.jpeg 800w, https:\/\/www.camper.is\/wp-content\/uploads\/2022\/11\/4x4_camper_tyr-480x480.jpeg 480w\" sizes=\"(min-width: 0px) and (max-width: 480px) 480px, (min-width: 481px) 800px, 100vw\" class=\"wp-image-54869\" title=\"4x4_camper_tyr\" alt=\"\"><\/span><\/a><\/div><div class=\"et_pb_image_7 et_pb_image et_pb_module et_block_module\"><span class=\"et_pb_image_wrap\"><img decoding=\"async\" src=\"https:\/\/www.campericeland.is\/wp-content\/uploads\/2021\/05\/4X4_CAMPER_ODIN.jpg\" title=\"4X4_CAMPER_ODIN\" alt=\"\"><\/span><\/div><div class=\"et_pb_image_8 et_pb_image et_pb_module et_block_module\"><a href=\"https:\/\/www.camper.is\/camper-iceland-overview\/freedom-camper\/\"><span class=\"et_pb_image_wrap\"><img decoding=\"async\" src=\"https:\/\/www.campericeland.is\/wp-content\/uploads\/2021\/06\/C2_LOKI.jpg\" title=\"C2_LOKI\" alt=\"\"><\/span><\/a><\/div><\/div><\/div><\/div><div class=\"et_pb_section_2 et_pb_section et_section_regular et_block_section section_has_divider et_pb_bottom_divider\"><div class=\"et_pb_row_1 et_pb_row et_block_row\"><div class=\"et_pb_column_5 et_pb_column et_pb_column_4_4 et-last-child et_block_column et_pb_css_mix_blend_mode_passthrough\"><div class=\"et_pb_text_1 et_pb_text et_pb_bg_layout_light et_pb_module et_block_module et_pb_text_align_center\"><div class=\"et_pb_text_inner\"><p>Scegli Camper Islanda<\/p>\n<\/div><\/div><\/div><\/div><div class=\"et_pb_row_2 et_pb_row et_block_row\"><div class=\"et_pb_column_6 et_pb_column et_pb_column_1_3 et_block_column et_pb_css_mix_blend_mode_passthrough\"><div class=\"et_pb_blurb_1 et_pb_blurb et_pb_bg_layout_light et_pb_text_align_center et_pb_blurb_position_top et_pb_module et_block_module\"><div class=\"et_pb_blurb_content\"><div class=\"et_pb_main_blurb_image\"><span class=\"et_pb_image_wrap\"><span class=\"et-pb-icon et_animated et_animated\">\ue08b<\/span><\/span><\/div><div class=\"et_pb_blurb_container\"><h4 class=\"et_pb_module_header\">Azienda a conduzione familiare<\/h4><div class=\"et_pb_blurb_description\"><p>Siamo un'azienda familiare indipendente dal 1987.<\/p>\n<\/div><\/div><\/div><\/div><\/div><div class=\"et_pb_column_7 et_pb_column et_pb_column_1_3 et_block_column et_pb_css_mix_blend_mode_passthrough\"><div class=\"et_pb_blurb_2 et_pb_blurb et_pb_bg_layout_light et_pb_text_align_center et_pb_blurb_position_top et_pb_module et_block_module\"><div class=\"et_pb_blurb_content\"><div class=\"et_pb_main_blurb_image\"><span class=\"et_pb_image_wrap\"><span class=\"et-pb-icon et_animated et_animated\">\ue06e<\/span><\/span><\/div><div class=\"et_pb_blurb_container\"><h4 class=\"et_pb_module_header\">La pi\u00f9 grande variet\u00e0 di veicoli<\/h4><div class=\"et_pb_blurb_description\"><p>Gestiamo 7 tipi di veicoli diversi per soddisfare le tue richieste.<\/p>\n<\/div><\/div><\/div><\/div><\/div><div class=\"et_pb_column_8 et_pb_column et_pb_column_1_3 et-last-child et_block_column et_pb_css_mix_blend_mode_passthrough\"><div class=\"et_pb_blurb_3 et_pb_blurb et_pb_bg_layout_light et_pb_text_align_center et_pb_blurb_position_top et_pb_module et_block_module\"><div class=\"et_pb_blurb_content\"><div class=\"et_pb_main_blurb_image\"><span class=\"et_pb_image_wrap\"><span class=\"et-pb-icon et_animated et_animated\">Z<\/span><\/span><\/div><div class=\"et_pb_blurb_container\"><h4 class=\"et_pb_module_header\">Certificato<\/h4><div class=\"et_pb_blurb_description\"><p>Siamo un'agenzia di viaggi e noleggio auto completamente certificata.<\/p>\n<\/div><\/div><\/div><\/div><\/div><\/div><div class=\"et_pb_row_3 et_pb_row et_block_row\"><div class=\"et_pb_column_9 et_pb_column et_pb_column_1_3 et_block_column et_pb_css_mix_blend_mode_passthrough\"><div class=\"et_pb_blurb_4 et_pb_blurb et_pb_bg_layout_light et_pb_text_align_center et_pb_blurb_position_top et_pb_module et_block_module\"><div class=\"et_pb_blurb_content\"><div class=\"et_pb_main_blurb_image\"><span class=\"et_pb_image_wrap\"><span class=\"et-pb-icon et_animated et_animated\">\ue0de<\/span><\/span><\/div><div class=\"et_pb_blurb_container\"><h4 class=\"et_pb_module_header\">Istruzioni<\/h4><div class=\"et_pb_blurb_description\"><p>Riceverai l'accesso a tutti i nostri video didattici e tutorial.<\/p>\n<\/div><\/div><\/div><\/div><\/div><div class=\"et_pb_column_10 et_pb_column et_pb_column_1_3 et_block_column et_pb_css_mix_blend_mode_passthrough\"><div class=\"et_pb_blurb_5 et_pb_blurb et_pb_bg_layout_light et_pb_text_align_center et_pb_blurb_position_top et_pb_module et_block_module\"><div class=\"et_pb_blurb_content\"><div class=\"et_pb_main_blurb_image\"><span class=\"et_pb_image_wrap\"><span class=\"et-pb-icon et_animated et_animated\">\ue02d<\/span><\/span><\/div><div class=\"et_pb_blurb_container\"><h4 class=\"et_pb_module_header\">Pre Check in<\/h4><div class=\"et_pb_blurb_description\"><p>Offriamo un modulo di pre-check-in in cui puoi sempre aggiungere degli extra.<\/p>\n<\/div><\/div><\/div><\/div><\/div><div class=\"et_pb_column_11 et_pb_column et_pb_column_1_3 et-last-child et_block_column et_pb_css_mix_blend_mode_passthrough\"><div class=\"et_pb_blurb_6 et_pb_blurb et_pb_bg_layout_light et_pb_text_align_center et_pb_blurb_position_top et_pb_module et_block_module\"><div class=\"et_pb_blurb_content\"><div class=\"et_pb_main_blurb_image\"><span class=\"et_pb_image_wrap\"><span class=\"et-pb-icon et_animated et_animated\">\ue066<\/span><\/span><\/div><div class=\"et_pb_blurb_container\"><h4 class=\"et_pb_module_header\">Servizio clienti<\/h4><div class=\"et_pb_blurb_description\"><p>Il nostro avanzato sistema di assistenza clienti ti guider\u00e0 nella tua vacanza da sogno.  <\/p>\n<\/div><\/div><\/div><\/div><\/div><\/div><div class=\"et_pb_bottom_inside_divider et-no-transition\"><\/div><\/div><div class=\"et_pb_section_3 et_pb_section et_section_regular et_block_section readmore\" id=\"readmore\"><div class=\"et_pb_row_4 et_pb_row et_block_row\"><div class=\"et_pb_column_12 et_pb_column et_pb_column_4_4 et-last-child et_block_column et_pb_css_mix_blend_mode_passthrough\"><div class=\"et_pb_text_2 et_pb_text et_pb_bg_layout_light et_pb_module et_block_module et_pb_text_align_center\"><div class=\"et_pb_text_inner\"><h2>Qui Camper Islanda<\/h2>\n<p>Siamo un'azienda familiare fondata nel 1987. I soci fondatori hanno iniziato a lavorare nel settore turistico alla fine degli anni '60. Per questo motivo, \u00e8 considerata uno dei pi\u00f9 antichi specialisti di viaggi in Islanda. Tutta la nostra conoscenza ed esperienza \u00e8 a tua disposizione.     <\/p>\n<\/div><\/div><\/div><\/div><\/div><div class=\"et_pb_section_4 et_pb_section et_section_regular et_block_section\"><div class=\"et_pb_row_5 et_pb_row et_pb_gutters1 et_block_row et_pb_row_fullwidth\"><div class=\"et_pb_column_13 et_pb_column et_pb_column_2_3 et_block_column et_pb_css_mix_blend_mode_passthrough\"><div class=\"et_pb_image_9 et_pb_image et_animated et_pb_module et_block_module\"><span class=\"et_pb_image_wrap\"><img decoding=\"async\" src=\"https:\/\/www.campericeland.is\/wp-content\/uploads\/2019\/07\/88f3e47d-2bc3-4c45-9258-4027fbedc7b1.jpg\" alt=\"\" title=\"\"><\/span><\/div><\/div><div class=\"et_pb_column_14 et_pb_column et_pb_column_1_3 et-last-child et_block_column et_pb_css_mix_blend_mode_passthrough\"><div class=\"et_pb_text_3 et_pb_text et_pb_bg_layout_light et_pb_module et_block_module\"><div class=\"et_pb_text_inner\"><h3>Manutenzione e assistenza<\/h3>\n<p>Tutti i nostri veicoli vengono ispezionati annualmente dal governo. I nostri veicoli sono revisionati dalla concessionaria locale. Siamo il concessionario ufficiale di McLouis e Mobilvetta Motor Homes.    <\/p>\n<\/div><\/div><div class=\"et_pb_text_4 et_pb_text et_pb_bg_layout_light et_pb_module et_block_module\"><div class=\"et_pb_text_inner\"><ul>\n<li>Ispezione annuale da parte del governo  <\/li>\n<li>Concessionaria di camper e motorhome<\/li>\n<li>Garage di propriet\u00e0 per le riparazioni<\/li>\n<\/ul>\n<\/div><\/div><\/div><\/div><\/div><div class=\"et_pb_section_5 et_pb_section et_section_regular et_block_section\"><div class=\"et_pb_row_6 et_pb_row et_block_row\"><div class=\"et_pb_column_15 et_pb_column et_pb_column_4_4 et-last-child et_block_column et_pb_css_mix_blend_mode_passthrough\"><div class=\"et_pb_text_5 et_pb_text et_pb_bg_layout_light et_animated et_pb_module et_block_module et_pb_text_align_center\"><div class=\"et_pb_text_inner\"><p>\"Cosa piace ai nostri clienti di noi\"<\/p>\n<\/div><\/div><\/div><\/div><div class=\"et_pb_row_7 et_pb_row et_block_row\"><div class=\"et_pb_column_16 et_pb_column et_pb_column_1_3 et_block_column et_pb_css_mix_blend_mode_passthrough\"><div class=\"et_pb_testimonial_0 et_pb_testimonial et_pb_testimonial_no_image et_pb_bg_layout_light et_animated et_pb_module et_block_module\"><div class=\"et_pb_testimonial_inner\"><div class=\"et_pb_testimonial_description\"><div class=\"et_pb_testimonial_description_inner\"><div class=\"et_pb_testimonial_content\"><p><em>\"Amiamo camper iceland. \u00c8 un'azienda molto amichevole. Il loro camper era molto bello e molto confortevole. Torneremo l'anno prossimo per affittare ancora una volta un camper in camper Islanda\".<\/em><\/p>\n<\/div><\/div><div class=\"et_pb_testimonial_meta\"><\/div><\/div><\/div><\/div><\/div><div class=\"et_pb_column_17 et_pb_column et_pb_column_1_3 et_block_column et_pb_css_mix_blend_mode_passthrough\"><div class=\"et_pb_testimonial_1 et_pb_testimonial et_pb_testimonial_no_image et_pb_bg_layout_light et_animated et_pb_module et_block_module\"><div class=\"et_pb_testimonial_inner\"><div class=\"et_pb_testimonial_description\"><div class=\"et_pb_testimonial_description_inner\"><div class=\"et_pb_testimonial_content\"><p><em>\"Ottima esperienza! Molto comoda, pulita e facile da guidare. Consiglierei agli amici!\"<\/em><\/p>\n<\/div><\/div><div class=\"et_pb_testimonial_meta\"><\/div><\/div><\/div><\/div><\/div><div class=\"et_pb_column_18 et_pb_column et_pb_column_1_3 et-last-child et_block_column et_pb_css_mix_blend_mode_passthrough\"><div class=\"et_pb_testimonial_2 et_pb_testimonial et_pb_testimonial_no_image et_pb_bg_layout_light et_animated et_pb_module et_block_module\"><div class=\"et_pb_testimonial_inner\"><div class=\"et_pb_testimonial_description\"><div class=\"et_pb_testimonial_description_inner\"><div class=\"et_pb_testimonial_content\"><p><em>\"Grazie per il viaggio fantastico! Vi scrivo per raccomandarvi caldamente, ho noleggiato il Camper 4x4 a maggio. Il veicolo che ho noleggiato era fantastico, il camper era superbo... \u00c8 stata un'auto davvero facile da guidare! \u00c8 stato un piacere girare per l'Islanda e mi sono sentito bene sapendo di aver ricevuto un'auto ben tenuta e sicura da guidare\".<\/em><\/p>\n<\/div><\/div><div class=\"et_pb_testimonial_meta\"><\/div><\/div><\/div><\/div><\/div><\/div><\/div><div class=\"et_pb_section_6 et_pb_section et_section_regular et_block_section section_has_divider et_pb_bottom_divider\"><div class=\"et_pb_row_8 et_pb_row et_block_row et_pb_row_fullwidth\"><div class=\"et_pb_column_19 et_pb_column et_pb_column_1_2 et_block_column et_pb_css_mix_blend_mode_passthrough\"><div class=\"et_pb_blurb_7 et_pb_blurb et_pb_bg_layout_dark et_pb_text_align_center et_pb_blurb_position_top et_pb_module et_block_module\"><div class=\"et_pb_blurb_content\"><div class=\"et_pb_main_blurb_image\"><a href=\"https:\/\/web.rentalcarmanager.com\/api32\/Camper-Iceland\/Step2\" target=\"_blank\" rel=\"noopener\"><span class=\"et_pb_image_wrap\"><span class=\"et-pb-icon et_animated et_animated\">\ue030<\/span><\/span><\/a><\/div><div class=\"et_pb_blurb_container\"><h4 class=\"et_pb_module_header\"><a href=\"https:\/\/web.rentalcarmanager.com\/api32\/Camper-Iceland\/Step2\" target=\"_blank\" rel=\"noopener\">Online BOOKING<\/a><\/h4><\/div><\/div><\/div><div class=\"et_pb_module et_pb_button_module_wrapper et_pb_button_0_wrapper\"><a class=\"et_pb_button_0 et_pb_button et_pb_bg_layout_light et_pb_module et_block_module\" href=\"https:\/\/web.rentalcarmanager.com\/api32\/Camper-Iceland\/Step2\" target=\"_blank\" rel=\"noopener\">BOOK NOW<\/a><\/div><\/div><div class=\"et_pb_column_20 et_pb_column et_pb_column_1_2 et-last-child et_block_column et_pb_css_mix_blend_mode_passthrough\"><div class=\"et_pb_blurb_8 et_pb_blurb et_pb_bg_layout_dark et_pb_text_align_center et_pb_blurb_position_top et_pb_module et_block_module\"><div class=\"et_pb_blurb_content\"><div class=\"et_pb_main_blurb_image\"><span class=\"et_pb_image_wrap\"><span class=\"et-pb-icon et_animated et_animated\">\ue01d<\/span><\/span><\/div><div class=\"et_pb_blurb_container\"><h4 class=\"et_pb_module_header\">Rental Station<\/h4><div class=\"et_pb_blurb_description\"><p><strong>Camper Iceland<\/strong><br \/>K L E T TATR\u00d6\u00d0 15<br \/>IS-262 Keflavik\u00a0<br \/>ICELAND<br \/><a href=\"mailto:info@camper.is\" target=\"_blank\" rel=\"noopener noreferrer\">info@camper.is<\/a><br \/>IS:<span>+354 553 6000\u00a0<\/span><\/p>\n<\/div><\/div><\/div><\/div><\/div><\/div><div class=\"et_pb_bottom_inside_divider et-no-transition\"><\/div><\/div><span class=\"et_bloom_bottom_trigger\"><\/span>","protected":false},"excerpt":{"rendered":"","protected":false},"author":1,"featured_media":0,"parent":77262,"menu_order":0,"comment_status":"closed","ping_status":"closed","template":"","meta":{"_acf_changed":false,"footnotes":""},"class_list":["post-77135","page","type-page","status-publish","hentry"],"acf":[],"jetpack_sharing_enabled":true,"_links":{"self":[{"href":"https:\/\/www.camper.is\/it\/wp-json\/wp\/v2\/pages\/77135","targetHints":{"allow":["GET"]}}],"collection":[{"href":"https:\/\/www.camper.is\/it\/wp-json\/wp\/v2\/pages"}],"about":[{"href":"https:\/\/www.camper.is\/it\/wp-json\/wp\/v2\/types\/page"}],"author":[{"embeddable":true,"href":"https:\/\/www.camper.is\/it\/wp-json\/wp\/v2\/users\/1"}],"replies":[{"embeddable":true,"href":"https:\/\/www.camper.is\/it\/wp-json\/wp\/v2\/comments?post=77135"}],"version-history":[{"count":0,"href":"https:\/\/www.camper.is\/it\/wp-json\/wp\/v2\/pages\/77135\/revisions"}],"up":[{"embeddable":true,"href":"https:\/\/www.camper.is\/it\/wp-json\/wp\/v2\/pages\/77262"}],"wp:attachment":[{"href":"https:\/\/www.camper.is\/it\/wp-json\/wp\/v2\/media?parent=77135"}],"curies":[{"name":"wp","href":"https:\/\/api.w.org\/{rel}","templated":true}]}}