{"id":77126,"date":"2026-05-10T16:12:59","date_gmt":"2026-05-10T16:12:59","guid":{"rendered":"https:\/\/www.camper.is\/nomi-nordici\/"},"modified":"2026-05-16T04:45:18","modified_gmt":"2026-05-16T04:45:18","slug":"nomi-nordici","status":"publish","type":"page","link":"https:\/\/www.camper.is\/it\/la-nostra-flotta\/nomi-nordici\/","title":{"rendered":"Nomi nordici"},"content":{"rendered":"<div class=\"et_pb_section_0 et_pb_section et_section_regular et_block_section\">\n<div class=\"et_pb_row_0 et_pb_row et_block_row\">\n<div class=\"et_pb_column_0 et_pb_column et_pb_column_4_4 et-last-child et_block_column et_pb_css_mix_blend_mode_passthrough\">\n<div class=\"et_pb_text_0 et_pb_text et_pb_bg_layout_light et_pb_module et_block_module et_pb_text_align_center\"><div class=\"et_pb_text_inner\"><p>I nomi nordici<\/p>\n<\/div><\/div>\n\n<div class=\"et_pb_text_1 et_pb_text et_pb_bg_layout_dark et_pb_module et_block_module\"><div class=\"et_pb_text_inner\"><h1>Benvenuti in Islanda, la terra dei vichinghi<\/h1>\n<\/div><\/div>\n<\/div>\n<\/div>\n<\/div>\n\n<div class=\"et_pb_section_1 et_pb_section et_section_regular et_block_section\">\n<div class=\"et_pb_row_1 et_pb_row et_block_row\">\n<div class=\"et_pb_column_1 et_pb_column et_pb_column_1_3 et_block_column et_pb_css_mix_blend_mode_passthrough\">\n<div class=\"et_pb_text_2 et_pb_text et_pb_bg_layout_light et_pb_module et_block_module et_pb_text_align_center\"><div class=\"et_pb_text_inner\"><h2>Regola vichinga n. 1<\/h2>\n<p>Quando campeggi in Islanda lascia il sito in condizioni migliori di come l'hai trovato.  <\/p>\n<\/div><\/div>\n\n<div class=\"et_pb_module et_pb_button_module_wrapper et_pb_button_0_wrapper\"><a class=\"et_pb_button_0 et_pb_button et_pb_bg_layout_light et_pb_module et_block_module\" href=\"\">Viaggia come un fantasma<\/a><\/div>\n<\/div>\n\n<div class=\"et_pb_column_2 et_pb_column et_pb_column_1_3 et_block_column et_pb_css_mix_blend_mode_passthrough\">\n<div class=\"et_pb_text_3 et_pb_text et_pb_bg_layout_light et_pb_module et_block_module et_pb_text_align_center\"><div class=\"et_pb_text_inner\"><h2>Regola vichinga n. 2<\/h2>\n<p>Guida come se avessi un bicchiere pieno d'acqua in mano e cerca di non versarne nemmeno una goccia.  <\/p>\n<\/div><\/div>\n\n<div class=\"et_pb_module et_pb_button_module_wrapper et_pb_button_1_wrapper\"><a class=\"et_pb_button_1 et_pb_button et_pb_bg_layout_light et_pb_module et_block_module\" href=\"\">Salvataggio dell&#039;unit\u00e0<\/a><\/div>\n<\/div>\n\n<div class=\"et_pb_column_3 et_pb_column et_pb_column_1_3 et-last-child et_block_column et_pb_css_mix_blend_mode_passthrough\">\n<div class=\"et_pb_text_4 et_pb_text et_pb_bg_layout_light et_pb_module et_block_module et_pb_text_align_center\"><div class=\"et_pb_text_inner\"><h2>Regola vichinga n. 3<\/h2>\n<p>Se non fai parte della soluzione, sei parte del problema.  <\/p>\n<\/div><\/div>\n\n<div class=\"et_pb_module et_pb_button_module_wrapper et_pb_button_2_wrapper\"><a class=\"et_pb_button_2 et_pb_button et_pb_bg_layout_light et_pb_module et_block_module\" href=\"\">Diventa un vichingo<\/a><\/div>\n<\/div>\n<\/div>\n<\/div>\n\n<div class=\"et_pb_section_2 et_pb_section et_section_regular et_block_section\">\n<div class=\"et_pb_row_2 et_pb_row et_block_row\">\n<div class=\"et_pb_column_4 et_pb_column et_pb_column_4_4 et-last-child et_block_column et_pb_css_mix_blend_mode_passthrough\">\n<div class=\"et_pb_image_0 et_pb_image et_pb_module et_block_module\"><span class=\"et_pb_image_wrap\"><img decoding=\"async\" src=\"https:\/\/www.campericeland.is\/wp-content\/uploads\/2021\/06\/wedding-photographer-icon-4-gold.png\" title=\"matrimonio-fotografo-icona-4-oro\" alt=\"\"><\/span><\/div>\n\n<div class=\"et_pb_text_5 et_pb_text et_pb_bg_layout_light et_pb_module et_block_module et_pb_text_align_center\"><div class=\"et_pb_text_inner\"><p style=\"padding-left: 40px; text-align: right;\">  <img decoding=\"async\" src=\"https:\/\/www.camper.is\/wp-content\/uploads\/2024\/08\/WhatsApp-Image-2024-08-08-at-12.14.48-PM-172x300.jpeg\" width=\"99\" height=\"173\" alt=\"\" class=\"wp-image-68127 alignnone size-medium\" title=\"\" srcset=\"https:\/\/www.camper.is\/wp-content\/uploads\/2024\/08\/WhatsApp-Image-2024-08-08-at-12.14.48-PM-172x300.jpeg 172w, https:\/\/www.camper.is\/wp-content\/uploads\/2024\/08\/WhatsApp-Image-2024-08-08-at-12.14.48-PM.jpeg 366w\" sizes=\"(max-width: 99px) 100vw, 99px\" \/>Gli dei<\/p>\n<\/div><\/div>\n\n<div class=\"et_pb_text_6 et_pb_text et_pb_bg_layout_light et_pb_module et_block_module et_pb_text_align_center\"><div class=\"et_pb_text_inner\"><h2>Nomi norreni<\/h2>\n<\/div><\/div>\n\n<div class=\"et_pb_text_7 et_pb_text et_pb_bg_layout_light et_pb_module et_block_module et_pb_text_align_center\"><div class=\"et_pb_text_inner\"><p><strong>ODIN<\/strong> (islandese: \u00d3\u00f0inn)<\/p>\n<p>Questo \u00e8 il nome del dio pi\u00f9 alto e pi\u00f9 antico della mitologia nordica, come appare nelle Eddas, e Odino \u00e8 pi\u00f9 sfaccettato di qualsiasi altro dio. \u00c8 il padre di altri dei e per questo \u00e8 chiamato Tuttopadre. \u00c8 un idolo della finzione, un idolo della morte e un idolo della guerra; inoltre \u00e8 un idolo della magia, della stregoneria, degli incantesimi runici e dell'oblio. Anche i suoi numerosi nomi nella mitologia dimostrano la sua poliedricit\u00e0. Odino e i suoi fratelli, Vilji e V\u00e9i, sono i primi dei. Sono figli di Bor e della gigantessa Bestla. Odino \u00e8 sposato con Frigg e i suoi figli sono Baldur (con Frigg), \u00de\u00f3r (con J\u00f6r\u00f0) e V\u00e1li (con Rindi). Questi legami familiari appaiono gi\u00e0 nei poemi in rima, ma Snorri Sturluson dice anche che Heimdall, T\u00fd, Braga, V\u00ed\u00f0ar e H\u00f6\u00f0 sono figli di Odino. La dimora di Odino si chiama Asgard, il suo trono \u00e8 Hli\u00f0skj\u00e1lf e da l\u00ec vede tutti i mondi e le azioni di ogni uomo. Le sue caratteristiche sono l'anello Draupnir, il becco Gungnir, i due corvi Huginn e Muninn e il cavallo a otto zampe Sleipnir. Odino ottenne la sua conoscenza bevendo da M\u00edmisbrunnur, ma per farlo dovette mettere un occhio sulla linea.          <\/p>\n<p>&nbsp;<\/p>\n<p><strong>THOR<\/strong> (islandese: \u00de\u00f3r)<\/p>\n<p>Il dio del tuono, il pi\u00f9 forte di tutti gli dei, il loro protettore e il protettore degli umani. \u00c8 considerato un uomo alto, forte, con la barba rossa e uno sguardo penetrante. \u00de\u00f3r \u00e8 figlio di \u00d3\u00f0inn e Jar\u00f0ur, sua moglie \u00e8 Sif e i loro figli sono M\u00f3\u00f0i, Magni e \u00der\u00fa\u00f0ur. La casa di \u00de\u00f3r \u00e8 \u00der\u00fa\u00f0vangur (o \u00der\u00fa\u00f0heimur) e il suo palazzo si chiama Bilskirnir. \u00de\u00f3r ha un grande carro trainato da due cervi (capre maschio) chiamati Tanngrisnir e Tanngnj\u00f3stur. Le caratteristiche di \u00de\u00f3r sono i suoi giardini principali, i guanti di ferro e la lettera Gr\u00ed\u00f0arv\u00f6lur che ha ricevuto dal giocatore di cricket Gr\u00ed\u00f0ur. La caratteristica pi\u00f9 notevole di \u00de\u00f3r \u00e8 il martello Mjollnir, che \u00e8 la sua arma pi\u00f9 potente nella lotta contro i giganti. Il Mj\u00f6lnir o \u00de\u00f3rshamarinn \u00e8 oggi uno dei principali simboli dei pagani.       <\/p>\n<p><strong>SIF<\/strong><\/p>\n<p>Sif \u00e8 la moglie di Thors e una potente guerriera (fanciulla dello scudo). Nella mitologia norrena, Sif \u00e8 una dea dai capelli d'oro associata alla terra. Sif \u00e8 attestata nell'Edda poetica, compilata nel XIII secolo a partire da fonti tradizionali precedenti, e nell'Edda in prosa, scritta nel XIII secolo da Snorri Sturluson, e nella poesia degli skald.  <\/p>\n<p><strong>HEL<\/strong><\/p>\n<p>Hel deriva da \"helen\", quindi significa rendere invisibile. \u00c8 una dea nascosta. La sua casa, Helheim, si trova lontano dalla luce del sole. Questa \u00e8 l'origine di tutto l'essere e della vita, ed \u00e8 qui che ritorna. Hel \u00e8 la dea del mondo sotterraneo, della fertilit\u00e0, della nascita e della morte, nonch\u00e9 la madre di ogni vita. Hel \u00e8 la figlia di Loki e Angrboda.      I suoi fratelli sono il Lupo di Fenris e il Serpente di Midgard.  <\/p>\n<p><strong>FREYJA<\/strong><\/p>\n<p>La bella e nobile dea dell'amore e della fertilit\u00e0 \u00e8 di origine abitudinaria, figlia di Njar\u00f0ur e di sua sorella, e sorella di Freys. Il nome di suo marito \u00e8 \u00d3\u00f0ur e le loro figlie sono Hnoss e Gersemi. <\/p>\n<p>Il suo cottage \u00e8 F\u00f3lkvangur, dove si trova la grande e bellissima sala Sessr\u00famnir. Le sue caratteristiche sono il menu di petto, il martello rotante e il cinghiale Hildisv\u00edni. <\/p>\n<p>Freyja cavalcava come due gatti trascinati mentre viaggiava. \u00c8 considerata la dea protettrice delle case ed \u00e8 bene nominarla per amore e piacere. <\/p>\n<p><strong>FRIGG<\/strong><\/p>\n<p>Dea capo dell'ascendenza e moglie di Odino, madre di Baldur. \u00c8 Fj\u00f6rgynsd\u00f3ttir, ma suo padre \u00e8 sconosciuto. La sua casa ad \u00c1sgar\u00f0ur si chiama Fensalir dove le vergini Fulla e Gn\u00e1 la servono. Il suo segno distintivo \u00e8 l'ottovolante. Frigg sa tutto sul destino.    <\/p>\n<p><strong>IDUNN<\/strong> (islandese: I\u00f0unn)<\/p>\n<p>Colei che rinnova e moglie del dio Bragi. Conserva le nove mele d'oro che gli dei mordono quando invecchiano e poi tornano giovani fino alla fine del mondo (Ragnar\u00f6k). Nello Sk\u00e1ldskaparm\u00e1lar si racconta che una volta il gigante \u00dejass rub\u00f2 sia I\u00f0unn che le mele e gli dei iniziarono subito a invecchiare. Ma grazie all'astuzia di Loki (che in realt\u00e0 era responsabile del fatto che \u00dejassi avesse preso le mele), riuscirono a uccidere \u00dejassi e a recuperare sia I\u00f0unn che le mele, assicurandosi cos\u00ec l'eterna giovinezza.   <\/p>\n<p><strong>LOKI<\/strong> Laufeyjarson<\/p>\n<p><span style=\"font-size: 16px;\">Met\u00e0 dio e met\u00e0 gigante. Suo padre \u00e8 il gigante F\u00e1rbauti ma sua madre si chiama Laufey. I suoi fratelli sono B\u00fdleistur e Helblindi. Con la moglie Sigyn spos\u00f2 Narfa. Con la zingara Angurbo\u00f0a, Loki ebbe tre figli, Fenris\u00falf, Mi\u00f0gar\u00f0sorm e Hel, e sotto forma di giumenta diede alla luce Sleipnir, figlio dello stallone Sva\u00f0ilfari. Loki \u00e8 considerato il dio pi\u00f9 complesso dell'ateismo. Si dice che Loki sia bello e altrettanto bello nell'aspetto, diverso nei modi. Ha qualit\u00e0 superiori agli altri uomini chiamate astuzia (sl\u00e6g\u00f0) e macchine per tutte le cose.       <\/span><\/p>\n<p>&nbsp;<\/p>\n<\/div><\/div>\n<\/div>\n<\/div>\n\n<div class=\"et_pb_row_3 et_pb_row et_flex_row\">\n<div class=\"et_pb_column_5 et_pb_column et-last-child et_flex_column et_pb_css_mix_blend_mode_passthrough et_flex_column_24_24 et_flex_column_24_24_tablet et_flex_column_24_24_phone\">\n<div class=\"et_pb_code_0 et_pb_code et_pb_module\"><div class=\"et_pb_code_inner\"><div class=\"camper-booking-experience camper-modular-additions light-bg-theme\">\n\n    <header class=\"modular-section-header\">\n        <span class=\"trust-badge\">\u2713 Guida culturale del Camper Islanda<\/span>\n        <h2>Kit di sopravvivenza per il viaggio in Islanda<\/h2>\n        <p>Prima di percorrere la Ring Road, impara a conoscere alcune frasi locali di base e i termini del calendario necessari per navigare sull'isola come un vero e proprio insider.<\/p>\n    <\/header>\n\n    <div class=\"modular-section-header plain-header-margin\">\n        <h2>Il tuo vocabolario di sopravvivenza islandese<\/h2>\n        <p>Gli islandesi parlano un inglese perfetto, ma l'uso di qualche parola locale in una panetteria, in un campeggio o in una stazione di rifornimento \u00e8 molto utile.<\/p>\n    <\/div>\n\n    <section class=\"trust-grid\">\n        <div class=\"trust-card standard-card-layout\">\n            <div class=\"card-icon\">\ud83d\udc4b<\/div>\n            <h3>Elementi essenziali di tutti i giorni<\/h3>\n            <p class=\"package-meta\">Cortesie quotidiane<\/p>\n            <ul class=\"package-bullets\">\n                <li><strong>Hall\u00f3<\/strong> <em>(Hah-loh)<\/em> - Ciao<\/li>\n                <li><strong>G\u00f3\u00f0an daginn<\/strong> <em>(Goh-than die-in)<\/em> - Buona giornata! (Usato ovunque fino alle 18:00) <\/li>\n                <li><strong>Takk<\/strong> <em>(Tahk)<\/em> - Grazie!<\/li>\n                <li><strong>Takk k\u00e6rlega<\/strong> <em>(Tahk kair-leh-gah)<\/em> - Grazie mille!<\/li>\n                <li><strong>Bless Bless<\/strong> <em>(Bless bless)<\/em> - Addio! (Detto sempre due volte) <\/li>\n            <\/ul>\n        <\/div>\n        \n        <div class=\"trust-card standard-card-layout\">\n            <div class=\"card-icon\">\u2615<\/div>\n            <h3>Al Caf\u00e9 &amp; Pub<\/h3>\n            <p class=\"package-meta\">Ordinare i prodotti locali<\/p>\n            <ul class=\"package-bullets\">\n                <li><strong>Einn kaffi, takk<\/strong> <em>(Aytn kahf-fee, tahk)<\/em> - Un caff\u00e8, per favore.<\/li>\n                <li><strong>Einn bj\u00f3r, takk<\/strong> <em>(Aytn byohr, tahk)<\/em> - Una birra, per favore.<\/li>\n                <li><strong>Sk\u00e1l!<\/strong> <em>(Scowl!)<\/em> - Salute!<\/li>\n                <li><strong>Vatn<\/strong> <em>(Vahtn)<\/em> - Acqua (non comprare mai l'acqua in bottiglia in Islanda; l'acqua del rubinetto \u00e8 un'acqua glaciale incontaminata!)<\/li>\n                <li><strong>Sn\u00fa\u00f0ur<\/strong> <em>(Snoo-thur)<\/em> - Un gigantesco e delizioso rotolo alla cannella locale che devi assolutamente provare.<\/li>\n            <\/ul>\n        <\/div>\n        \n        <div class=\"trust-card standard-card-layout\">\n            <div class=\"card-icon\">\ud83d\uddfa\ufe0f<\/div>\n            <h3>In viaggio<\/h3>\n            <p class=\"package-meta\">Decifrare i segni<\/p>\n            <ul class=\"package-bullets\">\n                <li><strong>Vegur<\/strong> <em>(Veh-gur)<\/em> - Strada<\/li>\n                <li><strong>Foss<\/strong> <em>(Fohss)<\/em> - Cascata (es. Gullfoss, Sk\u00f3gafoss)<\/li>\n                <li><strong>J\u00f6kull<\/strong> <em>(Yoh-kutl)<\/em> - Ghiacciaio<\/li>\n                <li><strong>Loka\u00f0<\/strong> <em>(Loh-kath)<\/em> - CHIUSO (se vedi questo cartello su una strada di montagna, fermati immediatamente!)<\/li>\n                <li><strong>\u00d3f\u00e6rt<\/strong> <em>(Oh-fayrt)<\/em> - Impraticabile<\/li>\n            <\/ul>\n        <\/div>\n    <\/section>\n\n    <div class=\"modular-section-header plain-header-margin\">\n        <h2>Il calendario: I giorni della settimana<\/h2>\n        <p>Utile per conoscere gli orari di apertura dei musei, per visitare i mercati locali o per fissare le date del check-in.<\/p>\n    <\/div>\n\n    <div class=\"trust-card large-insurance-panel regular-box-padding\">\n        <div class=\"insurance-layout-left\">\n            <div class=\"card-icon\">\ud83d\udcc5<\/div>\n            <h3>Leggere il calendario islandese<\/h3>\n            <p>A differenza dell'inglese, dove i giorni prendono esplicitamente il nome di divinit\u00e0 romane o norrene (come gioved\u00ec = giorno di Thor), l'islandese moderno utilizza parametri descrittivi (come giorno infrasettimanale o giorno del bucato) per l'impostazione del calendario. L'islandese \u00e8 rimasto praticamente invariato dal IX secolo, mantenendo intatte le sue radici culturali uniche. <\/p>\n        <\/div>\n        <div class=\"insurance-layout-right weekdays-columns-wrapper\">\n            <div class=\"weekdays-list\">\n                <ul class=\"package-bullets\">\n                    <li><strong>M\u00e1nudagur<\/strong> <em>(Mown-ah-dah-gur)<\/em> - Luned\u00ec<\/li>\n                    <li><strong>\u00deri\u00f0judagur<\/strong> <em>(Thrith-yoo-dah-gur)<\/em> - Marted\u00ec<\/li>\n                    <li><strong>Mi\u00f0vikudagur<\/strong> <em>(Mith-vick-oo-dah-gur)<\/em> - Mercoled\u00ec <em>(letteralmente: giorno infrasettimanale)<\/em><\/li>\n                    <li><strong>Fimmtudagur<\/strong> <em>(Fimmt-oo-dah-gur)<\/em> - Gioved\u00ec<\/li>\n                <\/ul>\n            <\/div>\n            <div class=\"weekdays-list spec-list-border\">\n                <ul class=\"package-bullets\">\n                    <li><strong>F\u00f6studagur<\/strong> <em>(Fost-oo-dah-gur)<\/em> - Venerd\u00ec <em>(letteralmente: giorno di digiuno)<\/em><\/li>\n                    <li><strong>Laugardagur<\/strong> <em>(Lou-gar-dah-gur)<\/em> - Sabato <em>(letteralmente: giorno di lavaggio\/piscina!)<\/em><\/li>\n                    <li><strong>Sunnudagur<\/strong> <em>(Sunn-oo-dah-gur)<\/em> - Domenica<\/li>\n                <\/ul>\n            <\/div>\n        <\/div>\n    <\/div>\n\n<\/div>\n\n<style>\n\/* White Background Color Optimization Scope *\/\n.light-bg-theme .modular-section-header {\n    text-shadow: none !important; \/* Removes shadow meant for image backgrounds *\/\n}\n.light-bg-theme .modular-section-header h2 {\n    color: #1A202C !important; \/* Rich charcoal for white backgrounds *\/\n}\n.light-bg-theme .modular-section-header p {\n    color: #4A5568 !important; \/* Soft dark gray for readability *\/\n}\n.light-bg-theme .trust-badge {\n    background: #EBF8FF !important;\n    color: #2B6CB0 !important;\n    border: 1px solid #BEE3F8 !important;\n}\n.light-bg-theme .trust-card {\n    background: #FFFFFF !important;\n    border: 1px solid #E2E8F0 !important;\n    box-shadow: 0 4px 15px rgba(0, 0, 0, 0.05) !important; \/* Softened shadow for white canvas *\/\n}\n.light-bg-theme .trust-card:hover {\n    box-shadow: 0 8px 25px rgba(0, 0, 0, 0.08) !important;\n}\n\n\/* Structural Formatting Configurations *\/\n.plain-header-margin {\n    margin-top: 50px !important;\n    margin-bottom: 20px !important;\n}\n.regular-box-padding {\n    padding: 35px !important;\n}\n.weekdays-columns-wrapper {\n    display: grid !important;\n    grid-template-columns: 1fr 1fr;\n    gap: 20px;\n}\n.spec-list-border {\n    border-left: 1px solid #EDF2F7;\n    padding-left: 20px;\n}\n\n\/* Fallback responsive handler for internal columns *\/\n@media (max-width: 768px) {\n    .weekdays-columns-wrapper {\n        grid-template-columns: 1fr;\n        gap: 0;\n    }\n    .spec-list-border {\n        border-left: none;\n        padding-left: 0;\n        margin-top: -10px;\n    }\n}\n<\/style><\/div><\/div>\n<\/div>\n<\/div>\n<\/div><span class=\"et_bloom_bottom_trigger\"><\/span>","protected":false},"excerpt":{"rendered":"","protected":false},"author":1,"featured_media":0,"parent":77188,"menu_order":0,"comment_status":"closed","ping_status":"closed","template":"","meta":{"_acf_changed":false,"footnotes":""},"class_list":["post-77126","page","type-page","status-publish","hentry"],"acf":[],"jetpack_sharing_enabled":true,"_links":{"self":[{"href":"https:\/\/www.camper.is\/it\/wp-json\/wp\/v2\/pages\/77126","targetHints":{"allow":["GET"]}}],"collection":[{"href":"https:\/\/www.camper.is\/it\/wp-json\/wp\/v2\/pages"}],"about":[{"href":"https:\/\/www.camper.is\/it\/wp-json\/wp\/v2\/types\/page"}],"author":[{"embeddable":true,"href":"https:\/\/www.camper.is\/it\/wp-json\/wp\/v2\/users\/1"}],"replies":[{"embeddable":true,"href":"https:\/\/www.camper.is\/it\/wp-json\/wp\/v2\/comments?post=77126"}],"version-history":[{"count":2,"href":"https:\/\/www.camper.is\/it\/wp-json\/wp\/v2\/pages\/77126\/revisions"}],"predecessor-version":[{"id":78205,"href":"https:\/\/www.camper.is\/it\/wp-json\/wp\/v2\/pages\/77126\/revisions\/78205"}],"up":[{"embeddable":true,"href":"https:\/\/www.camper.is\/it\/wp-json\/wp\/v2\/pages\/77188"}],"wp:attachment":[{"href":"https:\/\/www.camper.is\/it\/wp-json\/wp\/v2\/media?parent=77126"}],"curies":[{"name":"wp","href":"https:\/\/api.w.org\/{rel}","templated":true}]}}