{"id":77113,"date":"2026-05-10T16:12:47","date_gmt":"2026-05-10T16:12:47","guid":{"rendered":"https:\/\/www.camper.is\/camper-mappa-dellislanda\/"},"modified":"2026-05-10T16:13:18","modified_gmt":"2026-05-10T16:13:18","slug":"camper-mappa-dellislanda","status":"publish","type":"page","link":"https:\/\/www.camper.is\/it\/camper-mappa-dellislanda\/","title":{"rendered":"CAMPER MAPPA DELL&#8217;ISLANDA"},"content":{"rendered":"<div class=\"et_pb_section_0 et_pb_section et_section_regular et_block_section\"><div class=\"et_pb_row_0 et_pb_row et_block_row\"><div class=\"et_pb_column_0 et_pb_column et_pb_column_4_4 et-last-child et_block_column et_pb_css_mix_blend_mode_passthrough\"><div class=\"et_pb_text_0 et_pb_text et_pb_bg_layout_light et_pb_module et_block_module\"><div class=\"et_pb_text_inner\"><p><!-- wp:html --><br \/>\n<iframe src=\"https:\/\/www.google.com\/maps\/d\/embed?mid=1vI9rpvVcSbcsMUgMBat0fOnsQF3jZVo&amp;ehbc=2E312F\" width=\"800\" height=\"600\"><\/iframe><br \/>\n<!-- \/wp:html --><\/p>\n<p><!-- wp:paragraph --><\/p>\n<p><strong>Meraviglie del Circolo d'Oro<\/strong><\/p>\n<p><!-- \/wp:paragraph --><\/p>\n<p><!-- wp:list --><\/p>\n<ul class=\"wp-block-list\"><!-- wp:list-item --><\/p>\n<li><strong>Parco Nazionale di Thingvellir (\u00deingvellir):<\/strong> \u00c8 un sito patrimonio dell'umanit\u00e0 dell'UNESCO, storicamente importante in quanto sede dell'antico parlamento islandese e geologicamente unico, dove le placche tettoniche nordamericane ed eurasiatiche si stanno separando. Qui puoi anche fare snorkeling\/immersioni nella faglia di Silfra! <\/li>\n<p><!-- \/wp:list-item --><\/p>\n<p><!-- wp:list-item --><\/p>\n<li><strong>Area geotermica di Geysir:<\/strong> Ospita il famoso geyser Strokkur, che erutta ogni 5-10 minuti, sparando acqua calda in aria. Il Grande Geysir originale \u00e8 per lo pi\u00f9 inattivo. <\/li>\n<p><!-- \/wp:list-item --><\/p>\n<p><!-- wp:list-item --><\/p>\n<li><strong>Cascata di Gullfoss:<\/strong> Una maestosa cascata a due livelli, spesso chiamata \"Cascata d'oro\", dove il fiume Hv\u00edt\u00e1 si getta in un profondo canyon.<\/li>\n<p><!-- \/wp:list-item --><\/p>\n<p><!-- wp:list-item --><\/p>\n<li><strong>Cratere vulcanico di Keri\u00f0:<\/strong> Un suggestivo lago craterico vulcanico con roccia vulcanica di colore rosso vivo e acqua blu turchese.<\/li>\n<p><!-- \/wp:list-item --><\/p>\n<p><!-- wp:list-item --><\/p>\n<li><strong>Bagni geotermici di Laugarvatn Fontana:<\/strong> Un centro benessere dove potrai rilassarti in piscine geotermiche e bagni di vapore.<\/li>\n<p><!-- \/wp:list-item --><\/ul>\n<p><!-- \/wp:list --><\/p>\n<p><!-- wp:paragraph --><\/p>\n<p><strong>Meraviglie della costa meridionale e dei ghiacciai<\/strong><\/p>\n<p><!-- \/wp:paragraph --><\/p>\n<p><!-- wp:list --><\/p>\n<ul class=\"wp-block-list\"><!-- wp:list-item --><\/p>\n<li><strong>Cascata di Seljalandsfoss:<\/strong> Famosa per il sentiero dietro la cascata, che ti permette di camminare direttamente dietro di essa (tempo permettendo).<\/li>\n<p><!-- \/wp:list-item --><\/p>\n<p><!-- wp:list-item --><\/p>\n<li><strong>Cascata di Sk\u00f3gafoss:<\/strong> Una cascata potente e iconica, dove spesso si possono vedere arcobaleni nella nebbia nelle giornate di sole e dove \u00e8 possibile salire una scalinata per ammirare il panorama dalla cima.<\/li>\n<p><!-- \/wp:list-item --><\/p>\n<p><!-- wp:list-item --><\/p>\n<li><strong>Spiaggia di sabbia nera di Reynisfjara:<\/strong> Conosciuta per la sua spettacolare sabbia nera, le colonne di basalto (Reynisdrangar) e le potenti onde. Fai molta attenzione alle onde che si formano con le scarpe da ginnastica. <\/li>\n<p><!-- \/wp:list-item --><\/p>\n<p><!-- wp:list-item --><\/p>\n<li><strong>Arco di Dyrh\u00f3laey:<\/strong> Un arco di roccia e un promontorio spettacolare, un luogo ideale per il birdwatching (soprattutto per le pulcinelle di mare in estate) e per le viste panoramiche sulle spiagge di sabbia nera.<\/li>\n<p><!-- \/wp:list-item --><\/p>\n<p><!-- wp:list-item --><\/p>\n<li><strong>V\u00edk \u00ed M\u00fdrdal:<\/strong> Un incantevole villaggio immerso nel drammatico paesaggio della costa meridionale.<\/li>\n<p><!-- \/wp:list-item --><\/p>\n<p><!-- wp:list-item --><\/p>\n<li><strong>Riserva Naturale di Skaftafell (Parco Nazionale di Vatnaj\u00f6kull):<\/strong> Un'area straordinaria con paesaggi diversi, tra cui sentieri escursionistici, lingue di ghiacciaio e la cascata di Svartifoss (nota per le sue colonne di basalto).<\/li>\n<p><!-- \/wp:list-item --><\/p>\n<p><!-- wp:list-item --><\/p>\n<li><strong>Laguna del ghiacciaio di J\u00f6kuls\u00e1rl\u00f3n:<\/strong> Una laguna glaciale mozzafiato piena di iceberg che si sono staccati dal ghiacciaio Brei\u00f0amerkurj\u00f6kull.<\/li>\n<p><!-- \/wp:list-item --><\/p>\n<p><!-- wp:list-item --><\/p>\n<li><strong>Spiaggia dei Diamanti:<\/strong> Situata dall'altra parte della strada rispetto a J\u00f6kuls\u00e1rl\u00f3n, dove gli iceberg della laguna si riversano a riva, scintillando come diamanti sulla sabbia nera.<\/li>\n<p><!-- \/wp:list-item --><\/p>\n<p><!-- wp:list-item --><\/p>\n<li><strong>Canyon di Fja\u00f0r\u00e1rglj\u00fafur:<\/strong> Un magnifico e tortuoso canyon con pareti scoscese e un fiume che lo attraversa.<\/li>\n<p><!-- \/wp:list-item --><\/ul>\n<p><!-- \/wp:list --><\/p>\n<p><!-- wp:paragraph --><\/p>\n<p><strong>Penisola di Reykjanes e area della capitale<\/strong><\/p>\n<p><!-- \/wp:paragraph --><\/p>\n<p><!-- wp:list --><\/p>\n<ul class=\"wp-block-list\"><!-- wp:list-item --><\/p>\n<li><strong>Laguna Blu:<\/strong> Il pi\u00f9 famoso centro termale islandese, noto per le sue acque blu lattiginose e ricche di minerali. (Prenota con largo anticipo!) <\/li>\n<p><!-- \/wp:list-item --><\/p>\n<p><!-- wp:list-item --><\/p>\n<li><strong>Reykjav\u00edk:<\/strong> La vivace capitale con numerosi musei (ad esempio il Museo Nazionale d'Islanda, la Mostra dell'Insediamento, Perlan), gallerie d'arte, case colorate e una vivace scena gastronomica.<!-- wp:list -->\n<ul class=\"wp-block-list\"><!-- wp:list-item --><\/p>\n<li><strong>Chiesa di Hallgr\u00edmskirkja:<\/strong> Una chiesa iconica con un'architettura unica ispirata alle colonne di basalto, che offre una vista panoramica della citt\u00e0 dalla sua torre.<\/li>\n<p><!-- \/wp:list-item --><\/p>\n<p><!-- wp:list-item --><\/p>\n<li><strong>Sala concerti e centro conferenze Harpa:<\/strong> Uno splendido punto di riferimento architettonico sul lungomare.<\/li>\n<p><!-- \/wp:list-item --><\/p>\n<p><!-- wp:list-item --><\/p>\n<li><strong>Veliero del Sole (S\u00f3lfar):<\/strong> Una bellissima scultura in acciaio di una nave vichinga, che rappresenta una barca da sogno e un'ode al sole.<\/li>\n<p><!-- \/wp:list-item --><\/ul>\n<p><!-- \/wp:list --><\/li>\n<p><!-- \/wp:list-item --><\/p>\n<p><!-- wp:list-item --><\/p>\n<li><strong>Ponte tra i continenti:<\/strong> Una passerella simbolica su una fessura dove si incontrano le placche tettoniche nordamericana ed eurasiatica nella penisola di Reykjanes.<\/li>\n<p><!-- \/wp:list-item --><\/p>\n<p><!-- wp:list-item --><\/p>\n<li><strong>Area geotermica di Gunnuhver:<\/strong> Un'area geotermica molto attiva con pozze di fango e fumarole fumanti.<\/li>\n<p><!-- \/wp:list-item --><\/ul>\n<p><!-- \/wp:list --><\/p>\n<p><!-- wp:paragraph --><\/p>\n<p><strong>Islanda del Nord e regione di Myvatn<\/strong><\/p>\n<p><!-- \/wp:paragraph --><\/p>\n<p><!-- wp:list --><\/p>\n<ul class=\"wp-block-list\"><!-- wp:list-item --><\/p>\n<li><strong>Cascata di Go\u00f0afoss:<\/strong> La \"Cascata degli Dei\", una bellissima cascata a forma di ferro di cavallo con un significato storico legato alla conversione dell'Islanda al cristianesimo.<\/li>\n<p><!-- \/wp:list-item --><\/p>\n<p><!-- wp:list-item --><\/p>\n<li><strong>Area del Lago M\u00fdvatn:<\/strong> Una regione nota per le sue caratteristiche geotermiche uniche, gli pseudocrateri, le formazioni laviche e la variet\u00e0 di uccelli.<!-- wp:list -->\n<ul class=\"wp-block-list\"><!-- wp:list-item --><\/p>\n<li><strong>Dimmuborgir:<\/strong> Un'affascinante area di formazioni laviche scure e dalle forme insolite.<\/li>\n<p><!-- \/wp:list-item --><\/p>\n<p><!-- wp:list-item --><\/p>\n<li><strong>Area geotermica di Hverir (N\u00e1maskar\u00f0):<\/strong> Un paesaggio surreale di pozze di fango ribollenti, fumarole e depositi di zolfo.<\/li>\n<p><!-- \/wp:list-item --><\/p>\n<p><!-- wp:list-item --><\/p>\n<li><strong>Bagni naturali di M\u00fdvatn:<\/strong> La \"Laguna Blu del Nord\", un'esperienza termale geotermica meno affollata.<\/li>\n<p><!-- \/wp:list-item --><\/ul>\n<p><!-- \/wp:list --><\/li>\n<p><!-- \/wp:list-item --><\/p>\n<p><!-- wp:list-item --><\/p>\n<li><strong>Cascata di Dettifoss:<\/strong> La cascata pi\u00f9 potente d'Europa, una cascata davvero immensa.<\/li>\n<p><!-- \/wp:list-item --><\/p>\n<p><!-- wp:list-item --><\/p>\n<li><strong>Canyon \u00c1sbyrgi:<\/strong> Un canyon a forma di ferro di cavallo con scogliere imponenti e vegetazione lussureggiante, associato alla mitologia norrena.<\/li>\n<p><!-- \/wp:list-item --><\/p>\n<p><!-- wp:list-item --><\/p>\n<li><strong>H\u00fasav\u00edk:<\/strong> Spesso chiamata la \"Capitale islandese dell'osservazione delle balene\".<\/li>\n<p><!-- \/wp:list-item --><\/p>\n<p><!-- wp:list-item --><\/p>\n<li><strong>Akureyri:<\/strong> la \"Capitale del Nord\", una citt\u00e0 affascinante con giardini botanici e un'atmosfera rilassata.<\/li>\n<p><!-- \/wp:list-item --><\/ul>\n<p><!-- \/wp:list --><\/p>\n<p><!-- wp:paragraph --><\/p>\n<p><strong>Westfjords e penisola di Snaefellsnes<\/strong><\/p>\n<p><!-- \/wp:paragraph --><\/p>\n<p><!-- wp:list --><\/p>\n<ul class=\"wp-block-list\"><!-- wp:list-item --><\/p>\n<li><strong>Monte Kirkjufell e cascata Kirkjufellsfoss:<\/strong> Spesso chiamata \"Montagna della Chiesa\", \u00e8 una delle vette pi\u00f9 fotografate d'Islanda, soprattutto con la vicina cascata.<\/li>\n<p><!-- \/wp:list-item --><\/p>\n<p><!-- wp:list-item --><\/p>\n<li><strong>Parco Nazionale di Sn\u00e6fellsj\u00f6kull:<\/strong> ospita il ghiacciaio Sn\u00e6fellsj\u00f6kull (un vulcano inattivo che si dice sia uno dei sette centri energetici della Terra), spiagge di sabbia nera e scogliere spettacolari.<!-- wp:list -->\n<ul class=\"wp-block-list\"><!-- wp:list-item --><\/p>\n<li><strong>Dj\u00fapal\u00f3nssandur e Dritv\u00edk:<\/strong> Spiagge di ciottoli neri con resti di naufragi storici e \"pietre di sollevamento\" utilizzate per testare la forza.<\/li>\n<p><!-- \/wp:list-item --><\/p>\n<p><!-- wp:list-item --><\/p>\n<li><strong>Arnarstapi e Hellnar:<\/strong> Incantevoli villaggi costieri con impressionanti scogliere a colonna di basalto e formazioni rocciose.<\/li>\n<p><!-- \/wp:list-item --><\/ul>\n<p><!-- \/wp:list --><\/li>\n<p><!-- \/wp:list-item --><\/p>\n<p><!-- wp:list-item --><\/p>\n<li><strong>Scogliere di Latrabjarg (Westfjords):<\/strong> La pi\u00f9 grande scogliera di uccelli d'Europa, brulicante di milioni di uccelli marini, tra cui le pulcinelle di mare (in estate).<\/li>\n<p><!-- \/wp:list-item --><\/p>\n<p><!-- wp:list-item --><\/p>\n<li><strong>Cascata Dynjandi (Westfjords):<\/strong> Una magnifica serie di sette cascate, spesso chiamata il \"Gioiello dei Fiordi Occidentali\".<\/li>\n<p><!-- \/wp:list-item --><\/ul>\n<p><!-- \/wp:list --><\/p>\n<p><!-- wp:paragraph --><\/p>\n<p><strong>Highlands (Richiede 4x4 e accesso estivo)<\/strong><\/p>\n<p><!-- \/wp:paragraph --><\/p>\n<p><!-- wp:list --><\/p>\n<ul class=\"wp-block-list\"><!-- wp:list-item --><\/p>\n<li><strong>Landmannalaugar:<\/strong> Una splendida area geotermica nota per le sue montagne di riolite colorata, le sorgenti termali e i sentieri escursionistici.<\/li>\n<p><!-- \/wp:list-item --><\/p>\n<p><!-- wp:list-item --><\/p>\n<li><strong>Caldera di Askja:<\/strong> Una remota caldera vulcanica con un bellissimo lago craterico (V\u00edti).<\/li>\n<p><!-- \/wp:list-item --><\/p>\n<p><!-- wp:list-item --><\/p>\n<li><strong>Valle di Th\u00f3rsm\u00f6rk:<\/strong> Una valle verdeggiante incastonata tra tre ghiacciai, una popolare destinazione escursionistica.<\/li>\n<p><!-- \/wp:list-item --><\/ul>\n<p><!-- \/wp:list --><\/p>\n<p><!-- wp:paragraph --><\/p>\n<p>i sono alcuni siti davvero speciali e spesso \"nascosti\" in Islanda:<\/p>\n<p><!-- \/wp:paragraph --><\/p>\n<p><!-- wp:paragraph --><\/p>\n<p><strong>Cascate con un tocco di novit\u00e0:<\/strong><\/p>\n<p><!-- \/wp:paragraph --><\/p>\n<p><!-- wp:list --><\/p>\n<ul class=\"wp-block-list\"><!-- wp:list-item --><\/p>\n<li><strong>Glj\u00fafrab\u00fai (costa meridionale):<\/strong> Situata a pochi passi dalla famosissima Seljalandsfoss, Glj\u00fafrab\u00fai (che significa \"Abitante del canyon\") \u00e8 una cascata nascosta in una stretta gola. Per accedervi devi guadare un ruscello poco profondo e ti sembrer\u00e0 di entrare in un mondo segreto. \u00c8 incredibilmente fotogenica, soprattutto quando la luce la colpisce nel modo giusto.  <\/li>\n<p><!-- \/wp:list-item --><\/p>\n<p><!-- wp:list-item --><\/p>\n<li><strong>Kvernufoss (costa sud):<\/strong> Un'altra cascata meno conosciuta, molto vicina alla famosa Sk\u00f3gafoss. \u00c8 nascosta in una bellissima gola e puoi camminare anche dietro questa cascata, spesso con molte meno persone rispetto a Seljalandsfoss. Il sentiero \u00e8 ben curato e abbastanza facile.  <\/li>\n<p><!-- \/wp:list-item --><\/p>\n<p><!-- wp:list-item --><\/p>\n<li><strong>Br\u00faarfoss (zona del Circolo d'Oro):<\/strong> Spesso chiamata \"la cascata pi\u00f9 blu d'Islanda\", Br\u00faarfoss \u00e8 una serie di piccole cascate e rapide che sfociano in un'acqua turchese incredibilmente vivace. Un tempo era piuttosto nascosta, ma \u00e8 stato sviluppato un percorso pi\u00f9 accessibile. \u00c8 comunque meno affollata delle principali attrazioni del Golden Circle.  <\/li>\n<p><!-- \/wp:list-item --><\/p>\n<p><!-- wp:list-item --><\/p>\n<li><strong>Glymur (Islanda occidentale):<\/strong> Per molto tempo questa \u00e8 stata la seconda cascata pi\u00f9 alta d'Islanda (ora si ritiene che Mors\u00e1rfoss sia pi\u00f9 alta a causa dello scioglimento dei ghiacciai). Raggiungere Glymur comporta un'escursione impegnativa ma gratificante attraverso un bellissimo canyon, con tanto di attraversamento di un fiume. Questo fenomeno tiene lontani molti turisti, rendendola un'esperienza davvero speciale.  <\/li>\n<p><!-- \/wp:list-item --><\/p>\n<p><!-- wp:list-item --><\/p>\n<li><strong>Canyon di Stu\u00f0lagil (Islanda orientale):<\/strong> Questo canyon con colonne di basalto ha guadagnato un'immensa popolarit\u00e0 negli ultimi anni grazie ai social media, ma \u00e8 ancora molto meno visitato rispetto alla costa meridionale. L'incredibile fiume blu turchese che scorre tra suggestive colonne di basalto \u00e8 uno spettacolo da vedere. Ci sono due lati da cui osservarlo, uno dei quali comporta una camminata pi\u00f9 lunga.  <\/li>\n<p><!-- \/wp:list-item --><\/ul>\n<p><!-- \/wp:list --><\/p>\n<p><!-- wp:paragraph --><\/p>\n<p><strong>Fughe geotermiche (Oltre la Laguna Blu):<\/strong><\/p>\n<p><!-- \/wp:paragraph --><\/p>\n<p><!-- wp:list --><\/p>\n<ul class=\"wp-block-list\"><!-- wp:list-item --><\/p>\n<li><strong>Sorgente calda di Hrunalaug (zona del Circolo d'Oro):<\/strong> Una sorgente calda piccola, rustica e molto affascinante situata vicino a Fl\u00fa\u00f0ir. Si trova su un terreno privato e il proprietario chiede un piccolo contributo per la manutenzione, in modo da evitare che venga invasa. Offre un'esperienza di bagno meravigliosamente autentica.  <\/li>\n<p><!-- \/wp:list-item --><\/p>\n<p><!-- wp:list-item --><\/p>\n<li><strong>Seljavallalaug (costa meridionale):<\/strong> Questa \u00e8 una delle piscine pi\u00f9 antiche d'Islanda, costruita sul fianco di una montagna. \u00c8 alimentata da una sorgente calda naturale, anche se l'acqua pu\u00f2 essere tiepida a seconda del tempo. La passeggiata per arrivarci \u00e8 bellissima e ti porta attraverso una valle appartata. \u00c8 meno \"nascosta\" di un tempo, ma rimane comunque un luogo remoto.   <\/li>\n<p><!-- \/wp:list-item --><\/p>\n<p><!-- wp:list-item --><\/p>\n<li><strong>Sorgenti termali di Hvammsv\u00edk (fiordo di Hvalfj\u00f6r\u00f0ur, vicino a Reykjavik):<\/strong> Questa \u00e8 un'aggiunta recente alla scena delle sorgenti termali islandesi (inaugurata nel 2021) e sta guadagnando popolarit\u00e0, ma \u00e8 ancora meno \"commerciale\" della Laguna Blu o della Laguna Sky. Offre una vista mozzafiato sul fiordo e diverse piscine con temperature variabili, alcune influenzate direttamente dalla marea dell'oceano. \u00c8 un'ottima tappa se stai facendo il giro panoramico di Hvalfj\u00f6r\u00f0ur.  <\/li>\n<p><!-- \/wp:list-item --><\/p>\n<p><!-- wp:list-item --><\/p>\n<li><strong>Laugarvallalaug (East Highlands - 4x4 obbligatorio):<\/strong> Per i veri avventurosi, questa \u00e8 una cascata calda sotto la quale puoi fare il bagno! Si trova nelle remote Highlands dell'Islanda orientale e richiede un 4x4 e la disponibilit\u00e0 a guidare su strade a scorrimento veloce. Il viaggio fa parte dell'avventura.  <\/li>\n<p><!-- \/wp:list-item --><\/ul>\n<p><!-- \/wp:list --><\/p>\n<p><!-- wp:paragraph --><\/p>\n<p><strong>Formazioni naturali uniche:<\/strong><\/p>\n<p><!-- \/wp:paragraph --><\/p>\n<p><!-- wp:list --><\/p>\n<ul class=\"wp-block-list\"><!-- wp:list-item --><\/p>\n<li><strong>Gj\u00e1in (Altopiani dell'Islanda del Sud - spesso sono necessari 4x4 o navette):<\/strong> Un'oasi assoluta di verde lussureggiante, piccole cascate e formazioni laviche in un paesaggio altrimenti spoglio. Sembra una valle da favola e spesso viene trascurata da chi si attiene strettamente alla Ring Road. <\/li>\n<p><!-- \/wp:list-item --><\/p>\n<p><!-- wp:list-item --><\/p>\n<li><strong>Thakgil (Islanda del Sud, vicino a Vik - si consiglia l'uso di 4x4):<\/strong> Uno splendido canyon riparato con formazioni rocciose uniche e una fantastica area di campeggio. Ci sono ottimi sentieri che conducono a una lingua di ghiacciaio e a una cascata nascosta all'interno di una grotta. La strada di accesso (Route 214) pu\u00f2 essere accidentata.  <\/li>\n<p><!-- \/wp:list-item --><\/p>\n<p><!-- wp:list-item --><\/p>\n<li><strong>Canyon di Fja\u00f0r\u00e1rglj\u00fafur (Islanda sud-orientale):<\/strong> Questo magnifico e tortuoso canyon con pareti scoscese e un fiume che scorre al suo interno ha guadagnato molta attenzione dopo essere apparso in un video musicale di Justin Bieber. Anche se ora \u00e8 pi\u00f9 conosciuto, \u00e8 ancora incredibilmente impressionante e spesso meno affollato delle attrazioni della costa meridionale. <\/li>\n<p><!-- \/wp:list-item --><\/ul>\n<p><!-- \/wp:list --><\/p>\n<p><!-- wp:paragraph --><\/p>\n<p><strong>Gemme costiere e culturali:<\/strong><\/p>\n<p><!-- \/wp:paragraph --><\/p>\n<p><!-- wp:list --><\/p>\n<ul class=\"wp-block-list\"><!-- wp:list-item --><\/p>\n<li><strong>Spiaggia di Rau\u00f0asandur (Westfjords):<\/strong> A differenza delle tipiche spiagge islandesi di sabbia nera, Rau\u00f0asandur \u00e8 nota per le sue bellissime sabbie rosso-dorate. \u00c8 un luogo davvero remoto e tranquillo nei Westfjords. <\/li>\n<p><!-- \/wp:list-item --><\/p>\n<p><!-- wp:list-item --><\/p>\n<li><strong>Isola di Flatey (Baia di Brei\u00f0afj\u00f6r\u00f0ur):<\/strong> Una piccola e affascinante isola nella baia di Brei\u00f0afj\u00f6r\u00f0ur (tra la penisola di Sn\u00e6fellsnes e i Westfjords), raggiungibile in traghetto. \u00c8 un'isola senza auto con case antiche splendidamente conservate e un'atmosfera serena e senza tempo. Ottima per il birdwatching.  <\/li>\n<p><!-- \/wp:list-item --><\/p>\n<p><!-- wp:list-item --><\/p>\n<li><strong>Siglufj\u00f6r\u00f0ur (Islanda del Nord):<\/strong> Una pittoresca cittadina in uno stretto fiordo, un tempo capitale islandese della pesca delle aringhe. \u00c8 un po' una deviazione dalla Ring Road ma offre un affascinante Museo dell'Era dell'Aringa e un'atmosfera affascinante e tranquilla. <\/li>\n<p><!-- \/wp:list-item --><\/p>\n<p><!-- wp:list-item --><\/p>\n<li><strong>Hj\u00f6rleifsh\u00f6f\u00f0i (Costa Sud - \"Grotta di Yoda\"):<\/strong> Un'impressionante montagna isolata, che si dice sia il luogo di sepoltura di uno dei primi coloni islandesi. Presenta anche una formazione cavernosa unica che ricorda il personaggio di Star Wars Yoda, il che la rende una tappa divertente per i fan. L'accesso si trova su una strada sterrata fuori dal percorso principale.  <\/li>\n<p><!-- \/wp:list-item --><\/ul>\n<p><!-- \/wp:list --><\/p>\n<p><!-- wp:paragraph --><\/p>\n<p><strong>Considerazioni importanti per le gemme nascoste:<\/strong><\/p>\n<p><!-- \/wp:paragraph --><\/p>\n<p><!-- wp:list --><\/p>\n<ul class=\"wp-block-list\"><!-- wp:list-item --><\/p>\n<li><strong>Accessibilit\u00e0:<\/strong> Molte gemme \"nascoste\" sono nascoste per un motivo! Spesso richiedono un <strong>veicolo 4x4<\/strong> per percorrere le strade di ghiaia F-roads (strade di montagna) che sono aperte solo in estate. Controlla sempre le condizioni delle strade<a href=\"http:\/\/www.road.is\/\" target=\"_blank\" rel=\"noreferrer noopener\">(www.road.is)<\/a> prima di partire.  <\/li>\n<p><!-- \/wp:list-item --><\/p>\n<p><!-- wp:list-item --><\/p>\n<li><strong>Meteo:<\/strong> Il tempo in Islanda \u00e8 notoriamente incostante. Anche i sentieri ben curati possono diventare difficili o pericolosi in caso di maltempo (pioggia, vento forte, neve). <\/li>\n<p><!-- \/wp:list-item --><\/p>\n<p><!-- wp:list-item --><\/p>\n<li><strong>Servizi:<\/strong> Non aspettarti servizi come bagni o negozi nella maggior parte dei luoghi nascosti. Preparati con acqua, snack e attrezzatura adeguata. <\/li>\n<p><!-- \/wp:list-item --><\/p>\n<p><!-- wp:list-item --><\/p>\n<li><strong>Rispetta la natura:<\/strong> Questi luoghi sono incontaminati. Rimani sui sentieri segnalati, non gettare rifiuti e rispetta le norme locali. <\/li>\n<p><!-- \/wp:list-item --><\/p>\n<p><!-- wp:list-item --><\/p>\n<li><strong>Terreni privati:<\/strong> Alcune \"gemme nascoste\" si trovano su terreni privati e l'accesso pu\u00f2 richiedere una piccola tassa o semplicemente un comportamento rispettoso.<\/li>\n<p><!-- \/wp:list-item --><\/ul>\n<p><!-- \/wp:list --><\/p>\n<\/div><\/div><\/div><\/div><\/div><span class=\"et_bloom_bottom_trigger\"><\/span>","protected":false},"excerpt":{"rendered":"","protected":false},"author":1,"featured_media":0,"parent":0,"menu_order":0,"comment_status":"closed","ping_status":"closed","template":"","meta":{"_acf_changed":false,"footnotes":""},"class_list":["post-77113","page","type-page","status-publish","hentry"],"acf":[],"jetpack_sharing_enabled":true,"_links":{"self":[{"href":"https:\/\/www.camper.is\/it\/wp-json\/wp\/v2\/pages\/77113","targetHints":{"allow":["GET"]}}],"collection":[{"href":"https:\/\/www.camper.is\/it\/wp-json\/wp\/v2\/pages"}],"about":[{"href":"https:\/\/www.camper.is\/it\/wp-json\/wp\/v2\/types\/page"}],"author":[{"embeddable":true,"href":"https:\/\/www.camper.is\/it\/wp-json\/wp\/v2\/users\/1"}],"replies":[{"embeddable":true,"href":"https:\/\/www.camper.is\/it\/wp-json\/wp\/v2\/comments?post=77113"}],"version-history":[{"count":2,"href":"https:\/\/www.camper.is\/it\/wp-json\/wp\/v2\/pages\/77113\/revisions"}],"predecessor-version":[{"id":77159,"href":"https:\/\/www.camper.is\/it\/wp-json\/wp\/v2\/pages\/77113\/revisions\/77159"}],"wp:attachment":[{"href":"https:\/\/www.camper.is\/it\/wp-json\/wp\/v2\/media?parent=77113"}],"curies":[{"name":"wp","href":"https:\/\/api.w.org\/{rel}","templated":true}]}}