{"id":71840,"date":"2025-06-15T17:18:43","date_gmt":"2025-06-15T17:18:43","guid":{"rendered":"https:\/\/www.camper.is\/lieux-a-visiter-en-islande\/"},"modified":"2025-06-15T17:22:19","modified_gmt":"2025-06-15T17:22:19","slug":"lieux-a-visiter-en-islande","status":"publish","type":"page","link":"https:\/\/www.camper.is\/fr\/lieux-a-visiter-en-islande\/","title":{"rendered":"CAMPER CARTE DE L&rsquo;ISLANDE"},"content":{"rendered":"\n<iframe loading=\"lazy\" src=\"https:\/\/www.google.com\/maps\/d\/embed?mid=1vI9rpvVcSbcsMUgMBat0fOnsQF3jZVo&ehbc=2E312F\" width=\"800\" height=\"600\"><\/iframe>\n\n<p><strong>Merveilles du Cercle d'Or<\/strong><\/p>\n\n<ul class=\"wp-block-list\">\n<li><strong>Parc national de Thingvellir (\u00deingvellir) :<\/strong> Un site class\u00e9 au patrimoine mondial de l'UNESCO, historiquement significatif en tant que site de l'ancien parlement islandais, et g\u00e9ologiquement unique o\u00f9 les plaques tectoniques nord-am\u00e9ricaine et eurasienne s'\u00e9cartent l'une de l'autre. Vous pouvez m\u00eame plonger ou faire de la plong\u00e9e avec tuba dans la fissure de Silfra ! <\/li>\n\n\n\n<li><strong>Zone g\u00e9othermique de Geysir :<\/strong> C'est l\u00e0 que se trouve le c\u00e9l\u00e8bre geyser Strokkur, qui entre en \u00e9ruption toutes les 5 \u00e0 10 minutes, projetant de l'eau chaude dans les airs. Le Grand Geysir d'origine est pratiquement inactif. <\/li>\n\n\n\n<li><strong>Chute de Gullfoss :<\/strong> Une majestueuse chute d'eau \u00e0 deux niveaux, souvent appel\u00e9e les \u00ab chutes d'or \u00bb, o\u00f9 la rivi\u00e8re Hv\u00edt\u00e1 plonge dans un profond canyon.<\/li>\n\n\n\n<li><strong>Crat\u00e8re volcanique de Keri\u00f0 :<\/strong> Un lac de crat\u00e8re volcanique saisissant avec des roches volcaniques d'un rouge \u00e9clatant et une eau bleu turquoise.<\/li>\n\n\n\n<li><strong>Bains g\u00e9othermiques de Laugarvatn Fontana :<\/strong> Un spa o\u00f9 vous pouvez vous d\u00e9tendre dans des piscines g\u00e9othermiques et des bains de vapeur.<\/li>\n<\/ul>\n\n<p><strong>Merveilles de la c\u00f4te sud et des glaciers<\/strong><\/p>\n\n<ul class=\"wp-block-list\">\n<li><strong>Chute d'eau de Seljalandsfoss :<\/strong> C\u00e9l\u00e8bre pour le sentier qui se trouve derri\u00e8re la cascade et qui vous permet de marcher directement derri\u00e8re elle (si le temps le permet).<\/li>\n\n\n\n<li><strong>Chute d'eau de Sk\u00f3gafoss :<\/strong> Une chute d'eau puissante et embl\u00e9matique o\u00f9 l'on peut souvent voir des arcs-en-ciel dans la brume les jours ensoleill\u00e9s, et o\u00f9 l'on peut monter un escalier pour avoir une vue d'en haut.<\/li>\n\n\n\n<li><strong>Plage de sable noir de Reynisfjara :<\/strong> Connue pour son sable noir spectaculaire, ses colonnes de basalte (Reynisdrangar) et ses vagues puissantes. Faites tr\u00e8s attention aux vagues de type \u00ab sneaker \u00bb. <\/li>\n\n\n\n<li><strong>Arche de Dyrh\u00f3laey :<\/strong> Une arche rocheuse et un promontoire spectaculaires, un endroit id\u00e9al pour observer les oiseaux (en particulier les macareux en \u00e9t\u00e9) et des vues panoramiques sur les plages de sable noir.<\/li>\n\n\n\n<li><strong>V\u00edk \u00ed M\u00fdrdal :<\/strong> Un charmant village nich\u00e9 au milieu des paysages spectaculaires de la c\u00f4te sud.<\/li>\n\n\n\n<li><strong>R\u00e9serve naturelle de Skaftafell (parc national du Vatnaj\u00f6kull) :<\/strong> Une r\u00e9gion \u00e9tonnante aux paysages vari\u00e9s, avec des sentiers de randonn\u00e9e, des langues glaciaires et la chute d'eau de Svartifoss (connue pour ses colonnes de basalte).<\/li>\n\n\n\n<li><strong>Lagon glaciaire de J\u00f6kuls\u00e1rl\u00f3n :<\/strong> Une lagune glaciaire \u00e0 couper le souffle, remplie d'icebergs qui se sont d\u00e9tach\u00e9s du glacier Brei\u00f0amerkurj\u00f6kull.<\/li>\n\n\n\n<li><strong>Plage du Diamant :<\/strong> Situ\u00e9e de l'autre c\u00f4t\u00e9 de la route de J\u00f6kuls\u00e1rl\u00f3n, o\u00f9 les icebergs de la lagune s'\u00e9chouent sur le rivage, scintillant comme des diamants sur le sable noir.<\/li>\n\n\n\n<li><strong>Canyon de Fja\u00f0r\u00e1rglj\u00fafur :<\/strong> Un magnifique canyon sinueux aux parois abruptes travers\u00e9 par une rivi\u00e8re.<\/li>\n<\/ul>\n\n<p><strong>P\u00e9ninsule de Reykjanes et r\u00e9gion de la capitale<\/strong><\/p>\n\n<ul class=\"wp-block-list\">\n<li><strong>Lagon bleu :<\/strong> La station thermale g\u00e9othermique la plus c\u00e9l\u00e8bre d'Islande, connue pour ses eaux bleues laiteuses et riches en min\u00e9raux. (R\u00e9servez bien \u00e0 l'avance !) <\/li>\n\n\n\n<li><strong>Reykjav\u00edk :<\/strong> La capitale dynamique avec de nombreux mus\u00e9es (par exemple, le mus\u00e9e national d'Islande, l'exposition sur les colonies, Perlan), des galeries d'art, des maisons color\u00e9es et une sc\u00e8ne gastronomique anim\u00e9e.\n<ul class=\"wp-block-list\">\n<li><strong>L'\u00e9glise Hallgr\u00edmskirkja :<\/strong> Cette \u00e9glise embl\u00e9matique \u00e0 l'architecture unique inspir\u00e9e des colonnes de basalte offre une vue panoramique sur la ville depuis sa tour.<\/li>\n\n\n\n<li><strong>Salle de concert et centre de conf\u00e9rence Harpa :<\/strong> Un point de rep\u00e8re architectural \u00e9tonnant sur le front de mer.<\/li>\n\n\n\n<li><strong>Le voyageur du soleil (S\u00f3lfar) :<\/strong> Une magnifique sculpture en acier d'un navire viking, repr\u00e9sentant un bateau de r\u00eave et une ode au soleil.<\/li>\n<\/ul>\n<\/li>\n\n\n\n<li><strong>Pont entre les continents :<\/strong> Une passerelle symbolique au-dessus d'une fissure o\u00f9 les plaques tectoniques nord-am\u00e9ricaine et eurasienne se rencontrent sur la p\u00e9ninsule de Reykjanes.<\/li>\n\n\n\n<li><strong>Zone g\u00e9othermique de Gunnuhver :<\/strong> Une zone g\u00e9othermique tr\u00e8s active avec des piscines de boue bouillonnante et des fumerolles fumantes.<\/li>\n<\/ul>\n\n<p><strong>Islande du Nord et r\u00e9gion de Myvatn<\/strong><\/p>\n\n<ul class=\"wp-block-list\">\n<li><strong>Chute d'eau de Go\u00f0afoss :<\/strong> La \u00ab chute des dieux \u00bb, une magnifique chute d'eau en forme de fer \u00e0 cheval dont l'importance historique est li\u00e9e \u00e0 la conversion de l'Islande au christianisme.<\/li>\n\n\n\n<li><strong>R\u00e9gion du lac M\u00fdvatn :<\/strong> Une r\u00e9gion connue pour ses caract\u00e9ristiques g\u00e9othermiques uniques, ses pseudocrat\u00e8res, ses formations de lave et sa faune aviaire vari\u00e9e.\n<ul class=\"wp-block-list\">\n<li><strong>Dimmuborgir :<\/strong> Une zone fascinante de formations de lave sombres aux formes inhabituelles.<\/li>\n\n\n\n<li><strong>Zone g\u00e9othermique de Hverir (N\u00e1maskar\u00f0) :<\/strong> Un paysage surr\u00e9aliste de marmites de boue bouillonnantes, de fumerolles et de d\u00e9p\u00f4ts de soufre.<\/li>\n\n\n\n<li><strong>Bains naturels de M\u00fdvatn :<\/strong> Le \u00ab Lagon bleu du Nord \u00bb, un spa g\u00e9othermique moins fr\u00e9quent\u00e9.<\/li>\n<\/ul>\n<\/li>\n\n\n\n<li><strong>Chute d'eau de Dettifoss :<\/strong> La chute d'eau la plus puissante d'Europe, une immense cascade.<\/li>\n\n\n\n<li><strong>Canyon d'\u00c1sbyrgi :<\/strong> Canyon en forme de fer \u00e0 cheval avec des falaises imposantes et une v\u00e9g\u00e9tation luxuriante, associ\u00e9 \u00e0 la mythologie nordique.<\/li>\n\n\n\n<li><strong>H\u00fasav\u00edk :<\/strong> Souvent appel\u00e9e la \u00ab capitale de l'observation des baleines en Islande \u00bb.<\/li>\n\n\n\n<li><strong>Akureyri :<\/strong> la \u00ab capitale du Nord \u00bb, une ville charmante avec des jardins botaniques et une atmosph\u00e8re d\u00e9tendue.<\/li>\n<\/ul>\n\n<p><strong>Westfjords et p\u00e9ninsule de Snaefellsnes<\/strong><\/p>\n\n<ul class=\"wp-block-list\">\n<li><strong>Montagne Kirkjufell et chute d'eau Kirkjufellsfoss :<\/strong> Souvent appel\u00e9e \"montagne de l'\u00e9glise\", c'est l'un des pics les plus photographi\u00e9s d'Islande, surtout avec la chute d'eau qui se trouve \u00e0 proximit\u00e9.<\/li>\n\n\n\n<li><strong>Parc national de Sn\u00e6fellsj\u00f6kull : il<\/strong> abrite le glacier Sn\u00e6fellsj\u00f6kull (un volcan endormi consid\u00e9r\u00e9 comme l'un des sept centres d'\u00e9nergie de la Terre), des plages de sable noir et des falaises spectaculaires.\n<ul class=\"wp-block-list\">\n<li><strong>Dj\u00fapal\u00f3nssandur &amp; Dritv\u00edk :<\/strong> Plages de galets noirs avec des vestiges de naufrages historiques et des \u00ab pierres de levage \u00bb utilis\u00e9es pour tester la force.<\/li>\n\n\n\n<li><strong>Arnarstapi et Hellnar :<\/strong> Charmants villages c\u00f4tiers avec d'impressionnantes falaises de basalte et formations rocheuses.<\/li>\n<\/ul>\n<\/li>\n\n\n\n<li><strong>Falaises de Latrabjarg (Westfjords) :<\/strong> La plus grande falaise ornithologique d'Europe, regorgeant de millions d'oiseaux marins, dont des macareux (en \u00e9t\u00e9).<\/li>\n\n\n\n<li><strong>Cascade de Dynjandi (Westfjords) :<\/strong> Une magnifique s\u00e9rie de sept cascades, souvent appel\u00e9e le \u00ab joyau des Westfjords \u00bb.<\/li>\n<\/ul>\n\n<p><strong>Highlands (n\u00e9cessite un 4x4 et un acc\u00e8s en \u00e9t\u00e9)<\/strong><\/p>\n\n<ul class=\"wp-block-list\">\n<li><strong>Landmannalaugar :<\/strong> Une \u00e9tonnante zone g\u00e9othermique connue pour ses montagnes de rhyolite color\u00e9es, ses sources d'eau chaude et ses sentiers de randonn\u00e9e.<\/li>\n\n\n\n<li><strong>Caldeira d'Askja :<\/strong> Une caldeira volcanique isol\u00e9e avec un magnifique lac de crat\u00e8re (V\u00edti).<\/li>\n\n\n\n<li><strong>Vall\u00e9e de Th\u00f3rsm\u00f6rk :<\/strong> Une vall\u00e9e verdoyante nich\u00e9e entre trois glaciers, une destination de randonn\u00e9e populaire.<\/li>\n<\/ul>\n\n<p>Il existe en Islande des sites vraiment sp\u00e9ciaux et souvent \u00ab cach\u00e9s \u00bb :<\/p>\n\n<p><strong>Les cascades avec une touche d'originalit\u00e9 :<\/strong><\/p>\n\n<ul class=\"wp-block-list\">\n<li><strong>Glj\u00fafrab\u00fai (c\u00f4te sud) :<\/strong> Situ\u00e9e \u00e0 quelques pas de la tr\u00e8s populaire Seljalandsfoss, Glj\u00fafrab\u00fai (qui signifie \u00ab habitant du canyon \u00bb) est une cascade cach\u00e9e \u00e0 l'int\u00e9rieur d'une gorge \u00e9troite. Vous devez patauger dans un ruisseau peu profond pour y acc\u00e9der, et vous avez l'impression de p\u00e9n\u00e9trer dans un monde secret. La cascade est incroyablement photog\u00e9nique, surtout lorsque la lumi\u00e8re l'atteint comme il se doit.  <\/li>\n\n\n\n<li><strong>Kvernufoss (c\u00f4te sud) :<\/strong> Une autre chute d'eau moins connue, tr\u00e8s proche de la c\u00e9l\u00e8bre Sk\u00f3gafoss. Elle est nich\u00e9e dans une gorge magnifique, et vous pouvez \u00e9galement marcher derri\u00e8re cette cascade, souvent avec beaucoup moins de monde qu'\u00e0 Seljalandsfoss. Le sentier est bien entretenu et assez facile.  <\/li>\n\n\n\n<li><strong>Br\u00faarfoss (r\u00e9gion du Cercle d'Or) :<\/strong> Souvent appel\u00e9e \u00ab la chute d'eau la plus bleue d'Islande \u00bb, Br\u00faarfoss est une s\u00e9rie de petites cascades et de rapides qui se jettent dans une eau d'un turquoise incroyablement vif. Elle \u00e9tait autrefois assez cach\u00e9e, mais un chemin plus accessible a \u00e9t\u00e9 am\u00e9nag\u00e9. Elle reste moins fr\u00e9quent\u00e9e que les principales attractions du Cercle d'Or.  <\/li>\n\n\n\n<li><strong>Glymur (ouest de l'Islande) :<\/strong> Pendant longtemps, cette chute d'eau a \u00e9t\u00e9 la deuxi\u00e8me plus haute d'Islande (aujourd'hui, on pense que Mors\u00e1rfoss est plus haute en raison de la fonte des glaciers). Pour atteindre Glymur, il faut faire une randonn\u00e9e difficile mais gratifiante \u00e0 travers un magnifique canyon, et traverser une rivi\u00e8re. La plupart des touristes ne s'y aventurent pas, ce qui en fait une exp\u00e9rience vraiment sp\u00e9ciale.  <\/li>\n\n\n\n<li><strong>Canyon de Stu\u00f0lagil (Est de l'Islande) :<\/strong> Ce canyon aux colonnes de basalte a gagn\u00e9 une immense popularit\u00e9 ces derni\u00e8res ann\u00e9es gr\u00e2ce aux m\u00e9dias sociaux, mais il reste bien moins visit\u00e9 que la c\u00f4te sud. L'incroyable rivi\u00e8re bleu turquoise qui s'\u00e9coule \u00e0 travers d'impressionnantes colonnes de basalte est un spectacle \u00e0 voir. Vous pouvez l'admirer de deux c\u00f4t\u00e9s, dont l'un n\u00e9cessite une randonn\u00e9e plus longue.  <\/li>\n<\/ul>\n\n<p><strong>Escapades g\u00e9othermiques (au-del\u00e0 du lagon bleu) :<\/strong><\/p>\n\n<ul class=\"wp-block-list\">\n<li><strong>Source d'eau chaude Hrunalaug (r\u00e9gion du Cercle d'Or) :<\/strong> Une petite source d'eau chaude rustique et tr\u00e8s charmante situ\u00e9e pr\u00e8s de Fl\u00fa\u00f0ir. Elle se trouve sur un terrain priv\u00e9 et le propri\u00e9taire demande une petite contribution pour l'entretenir, ce qui permet d'\u00e9viter qu'elle ne soit envahie. Elle offre une exp\u00e9rience de baignade merveilleusement authentique.  <\/li>\n\n\n\n<li><strong>Seljavallalaug (c\u00f4te sud) :<\/strong> C'est l'une des plus anciennes piscines d'Islande, construite sur le flanc d'une montagne. Elle est aliment\u00e9e par une source d'eau chaude naturelle, mais l'eau peut \u00eatre ti\u00e8de selon le temps. La promenade pour y acc\u00e9der est magnifique et vous m\u00e8ne \u00e0 travers une vall\u00e9e isol\u00e9e. L'endroit est moins \u00ab cach\u00e9 \u00bb qu'auparavant, mais il est toujours aussi isol\u00e9.   <\/li>\n\n\n\n<li><strong>Sources d'eau chaude de Hvammsv\u00edk (fjord de Hvalfj\u00f6r\u00f0ur, pr\u00e8s de Reykjavik) :<\/strong> Cette source d'eau chaude, plus r\u00e9cente (ouverture en 2021), gagne en popularit\u00e9 mais reste moins \u00ab commerciale \u00bb que le Blue ou le Sky Lagoon. Il offre une vue imprenable sur le fjord et plusieurs bassins dont la temp\u00e9rature varie, certains \u00e9tant directement influenc\u00e9s par la mar\u00e9e de l'oc\u00e9an. C'est un arr\u00eat id\u00e9al si vous empruntez la route panoramique autour de Hvalfj\u00f6r\u00f0ur.  <\/li>\n\n\n\n<li><strong>Laugarvallalaug (East Highlands - 4x4 n\u00e9cessaire) :<\/strong> Pour les vrais aventuriers, il s'agit d'une chute d'eau chaude sous laquelle vous pouvez vous baigner ! Elle est situ\u00e9e dans les hautes terres recul\u00e9es de l'est de l'Islande et n\u00e9cessite un 4x4 et la volont\u00e9 de conduire sur des routes F. Le voyage fait partie de l'aventure. Le voyage fait partie de l'aventure.  <\/li>\n<\/ul>\n\n<p><strong>Formations naturelles uniques :<\/strong><\/p>\n\n<ul class=\"wp-block-list\">\n<li><strong>Gj\u00e1in (hautes terres du sud de l'Islande - souvent 4x4 ou navette n\u00e9cessaire) :<\/strong> Une oasis absolue de verdure luxuriante, de petites chutes d'eau et de formations de lave dans un paysage autrement aust\u00e8re. Elle ressemble \u00e0 une vall\u00e9e de conte de f\u00e9es et est souvent n\u00e9glig\u00e9e par ceux qui s'en tiennent strictement \u00e0 la route circulaire. <\/li>\n\n\n\n<li><strong>Thakgil (Sud de l'Islande, pr\u00e8s de Vik - 4x4 recommand\u00e9 pour la route) :<\/strong> Un magnifique canyon abrit\u00e9 avec des formations rocheuses uniques et une aire de camping fantastique. De superbes sentiers de randonn\u00e9e m\u00e8nent \u00e0 une langue glaciaire et \u00e0 une cascade cach\u00e9e dans une grotte. La route d'acc\u00e8s (route 214) peut \u00eatre difficile.  <\/li>\n\n\n\n<li><strong>Canyon de Fja\u00f0r\u00e1rglj\u00fafur (sud-est de l'Islande) :<\/strong> Ce magnifique canyon sinueux aux parois abruptes et travers\u00e9 par une rivi\u00e8re a attir\u00e9 l'attention apr\u00e8s \u00eatre apparu dans un clip vid\u00e9o de Justin Bieber. Bien que plus connu aujourd'hui, il reste incroyablement impressionnant et souvent moins fr\u00e9quent\u00e9 que les attractions imm\u00e9diates de la c\u00f4te sud. <\/li>\n<\/ul>\n\n<p><strong>Joyaux c\u00f4tiers et culturels :<\/strong><\/p>\n\n<ul class=\"wp-block-list\">\n<li><strong>Plage de Rau\u00f0asandur (Westfjords) :<\/strong> Contrairement aux plages de sable noir typiques de l'Islande, Rau\u00f0asandur est connue pour son magnifique sable rouge dor\u00e9. C'est un endroit vraiment isol\u00e9 et paisible dans les Westfjords. <\/li>\n\n\n\n<li><strong>\u00cele Flatey (baie de Brei\u00f0afj\u00f6r\u00f0ur) :<\/strong> Une \u00eele minuscule et charmante dans la baie de Brei\u00f0afj\u00f6r\u00f0ur (entre la p\u00e9ninsule de Sn\u00e6fellsnes et les Westfjords), accessible par ferry. C'est une \u00eele sans voiture avec de vieilles maisons magnifiquement pr\u00e9serv\u00e9es et une atmosph\u00e8re sereine et intemporelle. Elle est id\u00e9ale pour observer les oiseaux.  <\/li>\n\n\n\n<li><strong>Siglufj\u00f6r\u00f0ur (nord de l'Islande) :<\/strong> Une ville pittoresque situ\u00e9e dans un fjord \u00e9troit, autrefois capitale de la p\u00eache au hareng en Islande. Elle est un peu \u00e0 l \u00ab \u00e9cart de la route circulaire, mais offre un fascinant mus\u00e9e de l \u00bb \u00e8re du hareng et une ambiance charmante et tranquille. <\/li>\n\n\n\n<li><strong>Hj\u00f6rleifsh\u00f6f\u00f0i (c\u00f4te sud - \"grotte de Yoda\") :<\/strong> Une \u00e9tonnante montagne isol\u00e9e, dont on dit qu'elle est le lieu de s\u00e9pulture de l'un des premiers colons islandais. Elle pr\u00e9sente \u00e9galement une formation caverneuse unique qui ressemble \u00e0 Yoda, le personnage de Star Wars, ce qui en fait une halte amusante pour les fans. L'acc\u00e8s se fait par une route de gravier \u00e0 l'\u00e9cart de la route principale.  <\/li>\n<\/ul>\n\n<p><strong>Consid\u00e9rations importantes pour les pierres pr\u00e9cieuses cach\u00e9es :<\/strong><\/p>\n\n<ul class=\"wp-block-list\">\n<li><strong>Accessibilit\u00e9 :<\/strong> De nombreux joyaux \"cach\u00e9s\" ne le sont pas sans raison ! Ils n\u00e9cessitent souvent un <strong>v\u00e9hicule 4x4<\/strong> pour emprunter des routes de montagne en gravier qui ne sont ouvertes qu'en \u00e9t\u00e9. V\u00e9rifiez toujours l'\u00e9tat des routes<a href=\"http:\/\/www.road.is\/\" target=\"_blank\" rel=\"noreferrer noopener\">(www.road.is)<\/a> avant de partir.  <\/li>\n\n\n\n<li><strong>M\u00e9t\u00e9o :<\/strong> Le temps en Islande est notoirement capricieux. M\u00eame les sentiers bien entretenus peuvent devenir difficiles ou dangereux par mauvais temps (pluie, vents violents, neige). <\/li>\n\n\n\n<li><strong>Services :<\/strong> Ne vous attendez pas \u00e0 trouver des installations telles que des toilettes ou des magasins dans la plupart des endroits cach\u00e9s. Pr\u00e9parez de l'eau, des en-cas et un \u00e9quipement appropri\u00e9. <\/li>\n\n\n\n<li><strong>Respectez la nature :<\/strong> Ces lieux sont vierges. Restez sur les sentiers balis\u00e9s, ne jetez pas de d\u00e9tritus et respectez les r\u00e9glementations locales. <\/li>\n\n\n\n<li><strong>Terrains priv\u00e9s :<\/strong> Certains \u00ab joyaux cach\u00e9s \u00bb se trouvent sur des terrains priv\u00e9s, et leur acc\u00e8s peut n\u00e9cessiter une petite redevance ou simplement un comportement respectueux.<\/li>\n<\/ul>\n","protected":false},"excerpt":{"rendered":"<p>Merveilles du Cercle d&rsquo;Or Merveilles de la c\u00f4te sud et des glaciers P\u00e9ninsule de Reykjanes et r\u00e9gion de la capitale Islande du Nord et r\u00e9gion de Myvatn Westfjords et p\u00e9ninsule de Snaefellsnes Highlands (n\u00e9cessite un 4&#215;4 et un acc\u00e8s en \u00e9t\u00e9) Il existe en Islande des sites vraiment sp\u00e9ciaux et souvent \u00ab cach\u00e9s \u00bb : [&hellip;]<\/p>\n","protected":false},"author":1,"featured_media":0,"parent":0,"menu_order":0,"comment_status":"closed","ping_status":"closed","template":"","meta":{"_acf_changed":false,"jetpack_post_was_ever_published":false,"footnotes":""},"class_list":["post-71840","page","type-page","status-publish","hentry"],"acf":[],"jetpack_sharing_enabled":true,"jetpack_shortlink":"https:\/\/wp.me\/P569lP-iGI","jetpack-related-posts":[{"id":71842,"url":"https:\/\/www.camper.is\/nl\/bezienswaardigheden-in-ijsland\/","url_meta":{"origin":71840,"position":0},"title":"CAMPER IJSLAND KAART","author":"admin","date":"15 juin 2025","format":false,"excerpt":"Wonderen van de Gouden Cirkel Nationaal Park Thingvellir (\u00deingvellir): Een UNESCO Werelderfgoedsite, historisch belangrijk als de plaats van het oude parlement van IJsland en geologisch uniek waar de Noord-Amerikaanse en Euraziatische tektonische platen uit elkaar trekken. Je kunt hier zelfs snorkelen\/duiken in de Silfra kloof! Geysir geothermisch gebied: De thuisbasis\u2026","rel":"","context":"Article similaire","block_context":{"text":"Article similaire","link":""},"img":{"alt_text":"","src":"","width":0,"height":0},"classes":[]},{"id":71838,"url":"https:\/\/www.camper.is\/de\/orte-die-sie-in-island-besuchen-koennen\/","url_meta":{"origin":71840,"position":1},"title":"WOHNMOBIL-ISLANDKARTE","author":"admin","date":"15 juin 2025","format":false,"excerpt":"Golden Circle Wonders Thingvellir-Nationalpark (\u00deingvellir): Eine St\u00e4tte des UNESCO-Weltkulturerbes, historisch bedeutsam als Standort des alten isl\u00e4ndischen Parlaments und geologisch einzigartig, wo sich die nordamerikanische und die eurasische tektonische Platte auseinander ziehen. Hier k\u00f6nnen Sie sogar in der Silfra-Spalte schnorcheln\/tauchen! Geysir Geothermalgebiet: Hier befindet sich der ber\u00fchmte Geysir Strokkur, der alle\u2026","rel":"","context":"Article similaire","block_context":{"text":"Article similaire","link":""},"img":{"alt_text":"","src":"","width":0,"height":0},"classes":[]},{"id":48134,"url":"https:\/\/www.camper.is\/fr\/vegv-sir-wayfinder-pour-les-voyageurs\/enregistrer-voyage-icelandic-nature-fr\/","url_meta":{"origin":71840,"position":2},"title":"Enregistrer Voyage Icelandic Nature FR","author":"admin","date":"23 juin 2021","format":false,"excerpt":"Nature La nature islandaise est unique en son genre et nous y sommes attir\u00e9s encore et encore, mais en m\u00eame temps, voyager dans la nature peut \u00eatre dangereux, nous devons donc garder ce qui suit \u00e0 l'esprit Obtenez de bonnes informations sur la r\u00e9gion dans laquelle vous vous rendez Les\u2026","rel":"","context":"Article similaire","block_context":{"text":"Article similaire","link":""},"img":{"alt_text":"","src":"","width":0,"height":0},"classes":[]},{"id":71836,"url":"https:\/\/www.camper.is\/es\/lugares-que-visitar-en-islandia\/","url_meta":{"origin":71840,"position":3},"title":"CAMPER MAPA DE ISLANDIA","author":"admin","date":"15 juin 2025","format":false,"excerpt":"Maravillas del C\u00edrculo Dorado Parque Nacional de Thingvellir (\u00deingvellir): Un lugar declarado Patrimonio de la Humanidad por la UNESCO, hist\u00f3ricamente significativo como sede del antiguo parlamento de Islandia, y geol\u00f3gicamente \u00fanico donde las placas tect\u00f3nicas de Norteam\u00e9rica y Eurasia se est\u00e1n separando. Aqu\u00ed puedes incluso bucear o hacer snorkel en\u2026","rel":"","context":"Article similaire","block_context":{"text":"Article similaire","link":""},"img":{"alt_text":"","src":"","width":0,"height":0},"classes":[]},{"id":41913,"url":"https:\/\/www.camper.is\/de\/vegvisir-der-wegfinder-fuer-island\/save-travel-islaendische-natur-de\/","url_meta":{"origin":71840,"position":4},"title":"Save Travel Isl\u00e4ndische Natur DE","author":"admin","date":"18 novembre 2019","format":false,"excerpt":"natur Die isl\u00e4ndische Natur ist einzigartig, und wir werden immer wieder zu ihr hingezogen, aber gleichzeitig kann das Reisen in der Natur gef\u00e4hrlich sein, also sollten wir Folgendes im Auge behalten: Erhalten Sie gute Informationen \u00fcber die Gegend, in die Sie reisen Unf\u00e4lle sind h\u00e4ufig, wenn Menschen in die N\u00e4he\u2026","rel":"","context":"Article similaire","block_context":{"text":"Article similaire","link":""},"img":{"alt_text":"","src":"","width":0,"height":0},"classes":[]},{"id":48126,"url":"https:\/\/www.camper.is\/fr\/vegv-sir-wayfinder-pour-les-voyageurs\/enregistrer-voyage-a-lexterieur-fr\/","url_meta":{"origin":71840,"position":5},"title":"Enregistrer Voyage \u00e0 l&rsquo;ext\u00e9rieur FR","author":"admin","date":"23 juin 2021","format":false,"excerpt":"En plein air Une bonne pr\u00e9paration est la cl\u00e9 d'un voyage r\u00e9ussi. Gardez les points ci-dessous \u00e0 l'esprit et rappelez-vous que votre premi\u00e8re destination doit toujours \u00eatre cette page d'accueil. Laissez toujours votre plan de voyage \u00e0 quelqu'un qui peut r\u00e9agir si n\u00e9cessaire Consultez les pr\u00e9visions m\u00e9t\u00e9o. En Islande, le\u2026","rel":"","context":"Article similaire","block_context":{"text":"Article similaire","link":""},"img":{"alt_text":"","src":"","width":0,"height":0},"classes":[]}],"_links":{"self":[{"href":"https:\/\/www.camper.is\/fr\/wp-json\/wp\/v2\/pages\/71840","targetHints":{"allow":["GET"]}}],"collection":[{"href":"https:\/\/www.camper.is\/fr\/wp-json\/wp\/v2\/pages"}],"about":[{"href":"https:\/\/www.camper.is\/fr\/wp-json\/wp\/v2\/types\/page"}],"author":[{"embeddable":true,"href":"https:\/\/www.camper.is\/fr\/wp-json\/wp\/v2\/users\/1"}],"replies":[{"embeddable":true,"href":"https:\/\/www.camper.is\/fr\/wp-json\/wp\/v2\/comments?post=71840"}],"version-history":[{"count":2,"href":"https:\/\/www.camper.is\/fr\/wp-json\/wp\/v2\/pages\/71840\/revisions"}],"predecessor-version":[{"id":71849,"href":"https:\/\/www.camper.is\/fr\/wp-json\/wp\/v2\/pages\/71840\/revisions\/71849"}],"wp:attachment":[{"href":"https:\/\/www.camper.is\/fr\/wp-json\/wp\/v2\/media?parent=71840"}],"curies":[{"name":"wp","href":"https:\/\/api.w.org\/{rel}","templated":true}]}}