{"id":49954,"date":"2022-04-20T11:53:44","date_gmt":"2022-04-20T11:53:44","guid":{"rendered":"https:\/\/www.camper.is\/politique-relative-aux-cookies-ue\/"},"modified":"2025-02-07T09:14:47","modified_gmt":"2025-02-07T09:14:47","slug":"politique-relative-aux-cookies-ue","status":"publish","type":"page","link":"https:\/\/www.camper.is\/fr\/vegv-sir-wayfinder-pour-les-voyageurs\/politique-relative-aux-cookies-ue\/","title":{"rendered":"Politique relative aux cookies (UE)"},"content":{"rendered":"","protected":false},"excerpt":{"rendered":"","protected":false},"author":1,"featured_media":0,"parent":41610,"menu_order":0,"comment_status":"closed","ping_status":"closed","template":"","meta":{"_acf_changed":false,"jetpack_post_was_ever_published":false,"footnotes":""},"class_list":["post-49954","page","type-page","status-publish","hentry"],"acf":[],"jetpack_sharing_enabled":true,"jetpack_shortlink":"https:\/\/wp.me\/P569lP-cZI","jetpack-related-posts":[{"id":49941,"url":"https:\/\/www.camper.is\/es\/vegvisir-wayfinder-para-viajeros\/politica-de-cookies-ue\/","url_meta":{"origin":49954,"position":0},"title":"Pol\u00edtica de cookies (UE)","author":"admin","date":"20 avril 2022","format":false,"excerpt":"","rel":"","context":"Article similaire","block_context":{"text":"Article similaire","link":""},"img":{"alt_text":"","src":"","width":0,"height":0},"classes":[]},{"id":68246,"url":"https:\/\/www.camper.is\/fr\/vue-densemble-de-camper-iceland\/camping-car-5-hel\/","url_meta":{"origin":49954,"position":1},"title":"Camping-car 5 HEL","author":"admin","date":"8 octobre 2024","format":false,"excerpt":"","rel":"","context":"Article similaire","block_context":{"text":"Article similaire","link":""},"img":{"alt_text":"","src":"https:\/\/i0.wp.com\/www.camper.is\/wp-content\/uploads\/2024\/08\/MH5_HEL.jpeg?fit=800%2C800&quality=80&ssl=1&resize=350%2C200","width":350,"height":200,"srcset":"https:\/\/i0.wp.com\/www.camper.is\/wp-content\/uploads\/2024\/08\/MH5_HEL.jpeg?fit=800%2C800&quality=80&ssl=1&resize=350%2C200 1x, https:\/\/i0.wp.com\/www.camper.is\/wp-content\/uploads\/2024\/08\/MH5_HEL.jpeg?fit=800%2C800&quality=80&ssl=1&resize=525%2C300 1.5x, https:\/\/i0.wp.com\/www.camper.is\/wp-content\/uploads\/2024\/08\/MH5_HEL.jpeg?fit=800%2C800&quality=80&ssl=1&resize=700%2C400 2x"},"classes":[]},{"id":75084,"url":"https:\/\/www.camper.is\/fr\/nouvelles-de-lislande-et-depeches-hebdomadaires-camper-iceland\/","url_meta":{"origin":49954,"position":2},"title":"Nouvelles de l&rsquo;Islande et d\u00e9p\u00eaches hebdomadaires | Camper Iceland","author":"admin","date":"26 mars 2026","format":false,"excerpt":"Gardez une longueur d'avance sur la temp\u00eate gr\u00e2ce aux mises \u00e0 jour hebdomadaires en provenance du c\u0153ur de l'Islande. Depuis 1987, nous fournissons des rapports d'experts sur les routes, des alertes m\u00e9t\u00e9o et les conditions de la route Highland F. Obtenez les derni\u00e8res nouvelles de la flotte et des conseils\u2026","rel":"","context":"Article similaire","block_context":{"text":"Article similaire","link":""},"img":{"alt_text":"","src":"https:\/\/i0.wp.com\/www.camper.is\/wp-content\/uploads\/2026\/03\/family_badging_camper_iceland-scaled.png?fit=1200%2C654&quality=72&ssl=1&resize=350%2C200","width":350,"height":200,"srcset":"https:\/\/i0.wp.com\/www.camper.is\/wp-content\/uploads\/2026\/03\/family_badging_camper_iceland-scaled.png?fit=1200%2C654&quality=72&ssl=1&resize=350%2C200 1x, https:\/\/i0.wp.com\/www.camper.is\/wp-content\/uploads\/2026\/03\/family_badging_camper_iceland-scaled.png?fit=1200%2C654&quality=72&ssl=1&resize=525%2C300 1.5x, https:\/\/i0.wp.com\/www.camper.is\/wp-content\/uploads\/2026\/03\/family_badging_camper_iceland-scaled.png?fit=1200%2C654&quality=72&ssl=1&resize=700%2C400 2x, https:\/\/i0.wp.com\/www.camper.is\/wp-content\/uploads\/2026\/03\/family_badging_camper_iceland-scaled.png?fit=1200%2C654&quality=72&ssl=1&resize=1050%2C600 3x"},"classes":[]},{"id":47658,"url":"https:\/\/www.camper.is\/vegvisir-wayfinder-for-travellers\/cookie-policy-eu\/","url_meta":{"origin":49954,"position":3},"title":"Cookie Policy (EU)","author":"admin","date":"7 juin 2021","format":false,"excerpt":"","rel":"","context":"Article similaire","block_context":{"text":"Article similaire","link":""},"img":{"alt_text":"","src":"","width":0,"height":0},"classes":[]},{"id":49930,"url":"https:\/\/www.camper.is\/de\/vegvisir-der-wegfinder-fuer-island\/cookie-richtlinie-eu\/","url_meta":{"origin":49954,"position":4},"title":"Cookie-Richtlinie (EU)","author":"admin","date":"20 avril 2022","format":false,"excerpt":"","rel":"","context":"Article similaire","block_context":{"text":"Article similaire","link":""},"img":{"alt_text":"","src":"","width":0,"height":0},"classes":[]},{"id":49857,"url":"https:\/\/www.camper.is\/zh-hans\/vegvasir-%e6%97%85%e8%a1%8c%e8%80%85%e7%9a%84%e5%af%bb%e9%81%93%e8%80%85\/cookie-%e6%94%bf%e7%ad%96%ef%bc%88%e6%ac%a7%e7%9b%9f%ef%bc%89\/","url_meta":{"origin":49954,"position":5},"title":"Cookie \u653f\u7b56\uff08\u6b27\u76df\uff09","author":"admin","date":"20 avril 2022","format":false,"excerpt":"","rel":"","context":"Article similaire","block_context":{"text":"Article similaire","link":""},"img":{"alt_text":"","src":"","width":0,"height":0},"classes":[]}],"_links":{"self":[{"href":"https:\/\/www.camper.is\/fr\/wp-json\/wp\/v2\/pages\/49954","targetHints":{"allow":["GET"]}}],"collection":[{"href":"https:\/\/www.camper.is\/fr\/wp-json\/wp\/v2\/pages"}],"about":[{"href":"https:\/\/www.camper.is\/fr\/wp-json\/wp\/v2\/types\/page"}],"author":[{"embeddable":true,"href":"https:\/\/www.camper.is\/fr\/wp-json\/wp\/v2\/users\/1"}],"replies":[{"embeddable":true,"href":"https:\/\/www.camper.is\/fr\/wp-json\/wp\/v2\/comments?post=49954"}],"version-history":[{"count":1,"href":"https:\/\/www.camper.is\/fr\/wp-json\/wp\/v2\/pages\/49954\/revisions"}],"predecessor-version":[{"id":70313,"href":"https:\/\/www.camper.is\/fr\/wp-json\/wp\/v2\/pages\/49954\/revisions\/70313"}],"up":[{"embeddable":true,"href":"https:\/\/www.camper.is\/fr\/wp-json\/wp\/v2\/pages\/41610"}],"wp:attachment":[{"href":"https:\/\/www.camper.is\/fr\/wp-json\/wp\/v2\/media?parent=49954"}],"curies":[{"name":"wp","href":"https:\/\/api.w.org\/{rel}","templated":true}]}}