{"id":49949,"date":"2022-04-20T11:53:44","date_gmt":"2022-04-20T11:53:44","guid":{"rendered":"https:\/\/www.camper.is\/noms-nordiques\/"},"modified":"2026-04-07T07:09:32","modified_gmt":"2026-04-07T07:09:32","slug":"noms-nordiques","status":"publish","type":"page","link":"https:\/\/www.camper.is\/fr\/vue-densemble-de-camper-iceland\/noms-nordiques\/","title":{"rendered":"Noms nordiques"},"content":{"rendered":"\n<div class=\"et_pb_section_0 et_pb_section et_section_regular et_block_section\"><div class=\"et_pb_row_0 et_pb_row et_block_row\"><div class=\"et_pb_column_0 et_pb_column et_pb_column_4_4 et-last-child et_block_column et_pb_css_mix_blend_mode_passthrough\"><div class=\"et_pb_text_0 et_pb_text et_pb_bg_layout_light et_pb_module et_block_module et_pb_text_align_center\"><div class=\"et_pb_text_inner\"><p>Les noms nordiques<\/p>\n<\/div><\/div><div class=\"et_pb_text_1 et_pb_text et_pb_bg_layout_dark et_pb_module et_block_module\"><div class=\"et_pb_text_inner\"><h1>Bienvenue en Islande, le pays des vikings<\/h1>\n<\/div><\/div><\/div><\/div><\/div><div class=\"et_pb_section_1 et_pb_section et_section_regular et_block_section\"><div class=\"et_pb_row_1 et_pb_row et_block_row\"><div class=\"et_pb_column_1 et_pb_column et_pb_column_1_3 et_block_column et_pb_css_mix_blend_mode_passthrough\"><div class=\"et_pb_text_2 et_pb_text et_pb_bg_layout_light et_pb_module et_block_module et_pb_text_align_center\"><div class=\"et_pb_text_inner\"><h2>R\u00e8gle Viking n\u00b01<\/h2>\n<p>Lorsque vous campez en Islande, laissez le site dans un meilleur \u00e9tat que vous ne l'avez trouv\u00e9. <\/p>\n<\/div><\/div><div class=\"et_pb_module et_pb_button_module_wrapper et_pb_button_0_wrapper\"><a class=\"et_pb_button_0 et_pb_button et_pb_bg_layout_light et_pb_module et_block_module\" href=\"\">Voyage comme un fant\u00f4me<\/a><\/div><\/div><div class=\"et_pb_column_2 et_pb_column et_pb_column_1_3 et_block_column et_pb_css_mix_blend_mode_passthrough\"><div class=\"et_pb_text_3 et_pb_text et_pb_bg_layout_light et_pb_module et_block_module et_pb_text_align_center\"><div class=\"et_pb_text_inner\"><h2>R\u00e8gle viking n\u00b02<\/h2>\n<p>Conduisez comme si vous aviez un verre plein d'eau dans la main et essayez de ne pas en renverser une goutte. <\/p>\n<\/div><\/div><div class=\"et_pb_module et_pb_button_module_wrapper et_pb_button_1_wrapper\"><a class=\"et_pb_button_1 et_pb_button et_pb_bg_layout_light et_pb_module et_block_module\" href=\"\">Conduire enregistrer<\/a><\/div><\/div><div class=\"et_pb_column_3 et_pb_column et_pb_column_1_3 et-last-child et_block_column et_pb_css_mix_blend_mode_passthrough\"><div class=\"et_pb_text_4 et_pb_text et_pb_bg_layout_light et_pb_module et_block_module et_pb_text_align_center\"><div class=\"et_pb_text_inner\"><h2>R\u00e8gle Viking n\u00b03<\/h2>\n<p>Si vous ne faites pas partie de la solution, vous faites partie du probl\u00e8me. <\/p>\n<\/div><\/div><div class=\"et_pb_module et_pb_button_module_wrapper et_pb_button_2_wrapper\"><a class=\"et_pb_button_2 et_pb_button et_pb_bg_layout_light et_pb_module et_block_module\" href=\"\">Soyez un viking<\/a><\/div><\/div><\/div><\/div><div class=\"et_pb_section_2 et_pb_section et_section_regular et_block_section\"><div class=\"et_pb_row_2 et_pb_row et_block_row\"><div class=\"et_pb_column_4 et_pb_column et_pb_column_4_4 et-last-child et_block_column et_pb_css_mix_blend_mode_passthrough\"><div class=\"et_pb_image_0 et_pb_image et_pb_module et_block_module\"><span class=\"et_pb_image_wrap\"><img decoding=\"async\" src=\"https:\/\/www.campericeland.is\/wp-content\/uploads\/2021\/06\/wedding-photographer-icon-4-gold.png\" title=\"icone-photographe-de-mariage-4-or\" alt=\"\"><\/span><\/div><div class=\"et_pb_text_5 et_pb_text et_pb_bg_layout_light et_pb_module et_block_module et_pb_text_align_center\"><div class=\"et_pb_text_inner\"><p style=\"padding-left: 40px; text-align: right;\">  <img decoding=\"async\" src=\"https:\/\/www.camper.is\/wp-content\/uploads\/2024\/08\/WhatsApp-Image-2024-08-08-at-12.14.48-PM-172x300.jpeg\" width=\"99\" height=\"173\" alt=\"\" class=\"wp-image-68127 alignnone size-medium\" title=\"\" srcset=\"https:\/\/www.camper.is\/wp-content\/uploads\/2024\/08\/WhatsApp-Image-2024-08-08-at-12.14.48-PM-172x300.jpeg 172w, https:\/\/www.camper.is\/wp-content\/uploads\/2024\/08\/WhatsApp-Image-2024-08-08-at-12.14.48-PM.jpeg 366w\" sizes=\"(max-width: 99px) 100vw, 99px\" \/>Les dieux<\/p>\n<\/div><\/div><div class=\"et_pb_text_6 et_pb_text et_pb_bg_layout_light et_pb_module et_block_module et_pb_text_align_center\"><div class=\"et_pb_text_inner\"><h2>Noms nordiques<\/h2>\n<\/div><\/div><div class=\"et_pb_text_7 et_pb_text et_pb_bg_layout_light et_pb_module et_block_module et_pb_text_align_center\"><div class=\"et_pb_text_inner\"><p><strong>ODIN<\/strong> (islandais : \u00d3\u00f0inn)<\/p>\n<p>C'est le nom du dieu le plus \u00e9lev\u00e9 et le plus ancien de la mythologie nordique tel qu'il appara\u00eet dans les Eddas, et Odin a plus de facettes que n'importe lequel des autres dieux. Il est le p\u00e8re d'autres dieux et s'appelle donc Allfather. C'est une idole de fiction, une idole de la mort et une idole de guerre, et en plus c'est une idole de la magie, de la sorcellerie, des sorts runiques et de l'oubli. Ses nombreux noms dans la mythologie montrent \u00e9galement \u00e0 quel point il est multiforme. Odin et ses fr\u00e8res, Vilji et V\u00e9i, sont les premiers dieux. Ce sont les fils de Bor et de la g\u00e9ante Bestla. Odinn est mari\u00e9 \u00e0 Frigg et ses fils sont Baldur (avec Frigg), \u00de\u00f3r (avec J\u00f6r\u00f0) et V\u00e1li (avec Rindi). Ces liens familiaux apparaissent d\u00e9j\u00e0 dans les po\u00e8mes rim\u00e9s, mais Snorri Sturluson dit aussi que Heimdall, T\u00fd, Braga, V\u00ed\u00f0ar et H\u00f6\u00f0 sont les fils d'Odin. La demeure d'Odin s'appelle Asgard, et son tr\u00f4ne est Hli\u00f0skj\u00e1lf, et de l\u00e0 il a vu tous les mondes et les actes de chaque homme. Ses caract\u00e9ristiques sont l'anneau Draupnir, le bec Gungnir, les deux corbeaux Huginn et Muninn et le cheval \u00e0 huit pattes Sleipnir. Odin a acquis ses connaissances en buvant \u00e0 M\u00edmisbrunnur, mais pour cela, il devait mettre un \u0153il sur la ligne.<\/p>\n<p>&nbsp;<\/p>\n<p><strong>THOR<\/strong> (islandais : \u00de\u00f3r)<\/p>\n<p>Le dieu du tonnerre, le plus fort de tous les dieux, leur protecteur et protecteur des humains. Il est consid\u00e9r\u00e9 comme un homme grand, fort, \u00e0 barbe rousse avec un regard per\u00e7ant. \u00de\u00f3r est le fils de \u00d3\u00f0inn et Jar\u00f0ur, sa femme est Sif et leurs enfants sont M\u00f3\u00f0i, Magni et \u00der\u00fa\u00f0ur. La maison de \u00de\u00f3r est \u00der\u00fa\u00f0vangur (ou \u00der\u00fa\u00f0heimur) et son palais s'appelle Bilskirnir. \u00de\u00f3r a un grand chariot tir\u00e9 par deux m\u00e2les (bouc) appel\u00e9 Tanngrisnir et Tanngnj\u00f3stur. Les caract\u00e9ristiques de \u00de\u00f3r sont ses jardins principaux, ses gants de fer et la lettre Gr\u00ed\u00f0arv\u00f6lur qu'il a re\u00e7ue du joueur de cricket Gr\u00ed\u00f0ur. La caract\u00e9ristique la plus remarquable de \u00de\u00f3r est le marteau Mjollnir, qui est son arme la plus puissante dans la lutte contre les g\u00e9ants. Mj\u00f6lnir ou \u00de\u00f3rshamarinn est aujourd'hui l'un des principaux symboles des pa\u00efens.<\/p>\n<p><strong>FIS<\/strong><\/p>\n<p>Sif est l'\u00e9pouse de Thor et une puissante guerri\u00e8re (bouclier). Dans la mythologie nordique, Sif est une d\u00e9esse aux cheveux dor\u00e9s associ\u00e9e \u00e0 la terre. Sif est attest\u00e9 dans l' Edda po\u00e9tique , compil\u00e9e au XIIIe si\u00e8cle \u00e0 partir de sources traditionnelles ant\u00e9rieures, et l' Edda en prose , \u00e9crite au XIIIe si\u00e8cle par Snorri Sturluson , et dans la po\u00e9sie des scaldes.<\/p>\n<p><strong>HEL<\/strong><\/p>\n<p>Hel vient de \"helen\", ce qui signifie rendre invisible. C'est une d\u00e9esse cach\u00e9e. Sa demeure, Helheim, se trouve loin de la lumi\u00e8re du soleil. C'est l'origine de tout \u00eatre et de toute vie, et c'est l\u00e0 qu'elle revient. Hel est la d\u00e9esse du monde souterrain, de la fertilit\u00e9, de la naissance et de la mort, ainsi que la m\u00e8re de toute vie. Hel est la fille de Loki et d'Angrboda. Ses fr\u00e8res et s\u0153urs sont le loup de Fenris et le serpent de Midgard.        <\/p>\n<p><strong>FREYJA<\/strong><\/p>\n<p>La belle et noble d\u00e9esse de l'amour et de la fertilit\u00e9 est d'habitude, la fille de Njar\u00f0ur et de sa s\u0153ur, et la s\u0153ur de Freys. Le nom de son mari est \u00d3\u00f0ur et leurs filles sont Hnoss et Gersemi.<\/p>\n<p>Son cottage est F\u00f3lkvangur o\u00f9 se trouve la grande et belle salle Sessr\u00famnir. Ses caract\u00e9ristiques sont le menu de poitrine, le marteau roulant et le sanglier Hildisv\u00edni.<\/p>\n<p>Freyja chevauchait alors que deux chats tra\u00eenaient pendant qu'elle voyageait. Elle est consid\u00e9r\u00e9e comme la d\u00e9esse patronne des foyers et il est bon de la nommer par amour et par plaisir.<\/p>\n<p><strong>FRIGG<\/strong><\/p>\n<p>D\u00e9esse principale des anc\u00eatres et \u00e9pouse d'Odin, la m\u00e8re de Baldur. Elle est Fj\u00f6rgynsd\u00f3ttir, mais son p\u00e8re est par ailleurs inconnu. Sa maison \u00e0 \u00c1sgar\u00f0ur s'appelle Fensalir o\u00f9 les vierges Fulla et Gn\u00e1 la servent. Sa marque de fabrique est les montagnes russes. Frigg sait tout sur le destin.<\/p>\n<p><strong>IDUNN<\/strong> (islandais : I\u00f0unn)<\/p>\n<p>Celle qui renouvelle et \u00e9pouse le dieu Bragi. Elle conserve les neuf pommes d'or que les dieux croquent en vieillissant puis redeviennent jeunes jusqu'\u00e0 la fin du monde (Ragnar\u00f6k). \u00c0 Sk\u00e1ldskaparm\u00e1lar, on dit qu'une fois le g\u00e9ant \u00dejass a vol\u00e9 \u00e0 la fois I\u00f0unn et les pommes et les dieux ont rapidement commenc\u00e9 \u00e0 vieillir. Mais pour la ruse de Loki (qui \u00e9tait en fait responsable du fait que \u00dejassi a obtenu les pommes), ils ont r\u00e9ussi \u00e0 tuer \u00dejassi et \u00e0 r\u00e9cup\u00e9rer \u00e0 la fois I\u00f0unn et les pommes, assurant ainsi la jeunesse \u00e9ternelle.<\/p>\n<p><strong>LOKI<\/strong> Laufeyjarson<\/p>\n<p><span style=\"font-size: 16px;\">Moiti\u00e9 dieu et moiti\u00e9 g\u00e9ant. Son p\u00e8re est le g\u00e9ant F\u00e1rbauti mais le nom de sa m\u00e8re est Laufey. Ses fr\u00e8res sont B\u00fdleistur et Helblindi. Avec sa femme Sigyn, il \u00e9pousa Narfa. Avec la gitane Angurbo\u00f0a, Loki eut trois descendants, Fenris\u00falf, Mi\u00f0gar\u00f0sorm et Hel, et sous la forme d'une jument il donna naissance \u00e0 Sleipnir, le fils de l'\u00e9talon Sva\u00f0ilfari. Loki est consid\u00e9r\u00e9 comme le dieu le plus complexe de l'ath\u00e9isme. On dit que Loki est beau et aussi beau en apparence, divers dans ses mani\u00e8res. Il a des qualit\u00e9s sup\u00e9rieures aux autres hommes appel\u00e9s rus\u00e9s (sl\u00e6g\u00f0) et machines \u00e0 toutes choses.<\/span><\/p>\n<p>&nbsp;<\/p>\n<\/div><\/div><\/div><\/div><\/div>\n<span class=\"et_bloom_bottom_trigger\"><\/span>","protected":false},"excerpt":{"rendered":"","protected":false},"author":1,"featured_media":0,"parent":41589,"menu_order":0,"comment_status":"closed","ping_status":"closed","template":"","meta":{"_acf_changed":false,"footnotes":""},"class_list":["post-49949","page","type-page","status-publish","hentry"],"acf":[],"jetpack_sharing_enabled":true,"_links":{"self":[{"href":"https:\/\/www.camper.is\/fr\/wp-json\/wp\/v2\/pages\/49949","targetHints":{"allow":["GET"]}}],"collection":[{"href":"https:\/\/www.camper.is\/fr\/wp-json\/wp\/v2\/pages"}],"about":[{"href":"https:\/\/www.camper.is\/fr\/wp-json\/wp\/v2\/types\/page"}],"author":[{"embeddable":true,"href":"https:\/\/www.camper.is\/fr\/wp-json\/wp\/v2\/users\/1"}],"replies":[{"embeddable":true,"href":"https:\/\/www.camper.is\/fr\/wp-json\/wp\/v2\/comments?post=49949"}],"version-history":[{"count":0,"href":"https:\/\/www.camper.is\/fr\/wp-json\/wp\/v2\/pages\/49949\/revisions"}],"up":[{"embeddable":true,"href":"https:\/\/www.camper.is\/fr\/wp-json\/wp\/v2\/pages\/41589"}],"wp:attachment":[{"href":"https:\/\/www.camper.is\/fr\/wp-json\/wp\/v2\/media?parent=49949"}],"curies":[{"name":"wp","href":"https:\/\/api.w.org\/{rel}","templated":true}]}}