{"id":49843,"date":"2022-04-20T11:53:36","date_gmt":"2022-04-20T11:53:36","guid":{"rendered":"https:\/\/www.camper.is\/avertissement\/"},"modified":"2025-02-07T09:18:23","modified_gmt":"2025-02-07T09:18:23","slug":"avertissement","status":"publish","type":"page","link":"https:\/\/www.camper.is\/fr\/vegv-sir-wayfinder-pour-les-voyageurs\/avertissement\/","title":{"rendered":"avertissement"},"content":{"rendered":"<h1>Avertissement<\/h1>\n<h2>Clause de non-responsabilit\u00e9 du site Web<\/h2>\n<p>Le mat\u00e9riel contenu sur le site Web de Camper Iceland est uniquement \u00e0 des fins d&rsquo;information. Il ne contient aucun conseil ou recommandation juridique et ne peut se substituer \u00e0 un conseil individuel. La transmission d&rsquo;informations \u00e0 partir de ce site Web, ou l&rsquo;acc\u00e8s ou la r\u00e9ception d&rsquo;informations de celui-ci n&rsquo;est pas consid\u00e9r\u00e9 comme un service de conseil et n&rsquo;\u00e9tablit pas de relation client. Le plus grand soin possible a \u00e9t\u00e9 apport\u00e9 lors de la compilation de ce site Web et le contenu est soigneusement recherch\u00e9 avant le t\u00e9l\u00e9chargement. Cependant, nous d\u00e9clinons toute responsabilit\u00e9 quant \u00e0 l&rsquo;exactitude, l&rsquo;exhaustivit\u00e9, la pr\u00e9cision et l&rsquo;actualit\u00e9 des informations fournies sur le site. Nous d\u00e9clinons \u00e9galement toute responsabilit\u00e9 quant au contenu des sites Web externes auxquels ce site Web renvoie directement ou indirectement via des hyperliens.<\/p>\n<h2>Clause de non-responsabilit\u00e9<\/h2>\n<p>Cet e-mail est destin\u00e9 uniquement \u00e0 la personne \u00e0 qui il est adress\u00e9 et\/ou au personnel autrement autoris\u00e9. Les informations contenues dans ce document et jointes sont confidentielles et la propri\u00e9t\u00e9 de Camper Iceland. Si vous n&rsquo;\u00eates pas le destinataire pr\u00e9vu, veuillez noter que la visualisation de ce message et de toute pi\u00e8ce jointe, ainsi que la copie, le transfert, l&rsquo;impression et la diffusion de toute information li\u00e9e \u00e0 cet e-mail sont interdites, et que vous ne devez prendre aucune mesure bas\u00e9e sur le contenu de cet e-mail et\/ou de ses pi\u00e8ces jointes. Si vous avez re\u00e7u ce message par erreur, veuillez contacter l&rsquo;exp\u00e9diteur et d\u00e9truire toutes les copies de cet e-mail et toute pi\u00e8ce jointe. Veuillez noter que les points de vue et opinions exprim\u00e9s ici sont uniquement ceux de l&rsquo;auteur et ne refl\u00e8tent pas n\u00e9cessairement ceux de la soci\u00e9t\u00e9. Bien que des outils de protection antivirus aient \u00e9t\u00e9 utilis\u00e9s, vous devez v\u00e9rifier cet e-mail et les pi\u00e8ces jointes pour la pr\u00e9sence de virus. Aucune garantie ou assurance n&rsquo;est donn\u00e9e concernant la s\u00e9curit\u00e9 et le contenu de cet e-mail et de ses pi\u00e8ces jointes. Camper Iceland d\u00e9cline toute responsabilit\u00e9 pour tout dommage caus\u00e9 par tout virus transmis par ou contenu dans cet e-mail et ses pi\u00e8ces jointes. Aucune responsabilit\u00e9 n&rsquo;est accept\u00e9e pour les cons\u00e9quences d\u00e9coulant de cet e-mail.<\/p>\n<p>En vertu du r\u00e8glement g\u00e9n\u00e9ral sur la protection des donn\u00e9es (RGPD) 90\/2018, nous avons l&rsquo;obligation l\u00e9gale de prot\u00e9ger toutes les informations que nous recueillons aupr\u00e8s de vous. Les informations contenues dans cet e-mail et toutes les pi\u00e8ces jointes peuvent \u00eatre privil\u00e9gi\u00e9es ou confidentielles et destin\u00e9es \u00e0 l&rsquo;usage exclusif du destinataire d&rsquo;origine. Si vous avez re\u00e7u cet e-mail par erreur, veuillez en informer imm\u00e9diatement l&rsquo;exp\u00e9diteur et supprimer l&rsquo;e-mail conform\u00e9ment \u00e0 l&rsquo;article 57 du r\u00e8glement 107\/1999 relatif \u00e0 la communication<\/p>\n<p>Vegna pers\u00f3nuverndarl\u00f6ggjafar nr. 90\/2018 h\u00f6fum vi\u00f0 lagalega skyldu til \u00feess a\u00f0 vernda allar \u00fe\u00e6r uppl\u00fdsingar sem vi\u00f0 f\u00e1um fr\u00e1 \u00fe\u00e9r. Uppl\u00fdsingarnar \u00ed \u00feessum t\u00f6lvup\u00f3st sem og \u00f6ll vi\u00f0hengi hans g\u00e6tu veri\u00f0 tr\u00fana\u00f0arm\u00e1l og er a\u00f0eins fyrir \u00e6tla\u00f0an vi\u00f0takanda. Hafir \u00fe\u00fa fengi\u00f0 \u00feennan t\u00f6lvup\u00f3st fyrir mist\u00f6k, vinsamlegast l\u00e1ttu okkur vita strax og eyddu t\u00f6lvup\u00f3stinum \u00e1samt \u00f6llum vi\u00f0hengjum eins og \u00fe\u00e9r er skylt a\u00f0 gera samkv\u00e6mt 57. grein laga nr 107\/1999 um fjarskipti.<\/p>\n<h2>droits d&rsquo;auteur<\/h2>\n<p>Le contenu de ce site Web est prot\u00e9g\u00e9 par la loi sur le droit d&rsquo;auteur. La reproduction ou toute autre diffusion des textes et des images fournis sur ce site Web n\u00e9cessite notre autorisation \u00e9crite.<\/p>\n<span class=\"et_bloom_bottom_trigger\"><\/span>","protected":false},"excerpt":{"rendered":"<p>Avertissement Clause de non-responsabilit\u00e9 du site Web Le mat\u00e9riel contenu sur le site Web de Camper Iceland est uniquement \u00e0 des fins d&rsquo;information. Il ne contient aucun conseil ou recommandation juridique et ne peut se substituer \u00e0 un conseil individuel. La transmission d&rsquo;informations \u00e0 partir de ce site Web, ou l&rsquo;acc\u00e8s ou la r\u00e9ception d&rsquo;informations [&hellip;]<\/p>\n","protected":false},"author":1,"featured_media":0,"parent":41610,"menu_order":0,"comment_status":"closed","ping_status":"closed","template":"","meta":{"_acf_changed":false,"footnotes":""},"class_list":["post-49843","page","type-page","status-publish","hentry"],"acf":[],"jetpack_sharing_enabled":true,"_links":{"self":[{"href":"https:\/\/www.camper.is\/fr\/wp-json\/wp\/v2\/pages\/49843","targetHints":{"allow":["GET"]}}],"collection":[{"href":"https:\/\/www.camper.is\/fr\/wp-json\/wp\/v2\/pages"}],"about":[{"href":"https:\/\/www.camper.is\/fr\/wp-json\/wp\/v2\/types\/page"}],"author":[{"embeddable":true,"href":"https:\/\/www.camper.is\/fr\/wp-json\/wp\/v2\/users\/1"}],"replies":[{"embeddable":true,"href":"https:\/\/www.camper.is\/fr\/wp-json\/wp\/v2\/comments?post=49843"}],"version-history":[{"count":0,"href":"https:\/\/www.camper.is\/fr\/wp-json\/wp\/v2\/pages\/49843\/revisions"}],"up":[{"embeddable":true,"href":"https:\/\/www.camper.is\/fr\/wp-json\/wp\/v2\/pages\/41610"}],"wp:attachment":[{"href":"https:\/\/www.camper.is\/fr\/wp-json\/wp\/v2\/media?parent=49843"}],"curies":[{"name":"wp","href":"https:\/\/api.w.org\/{rel}","templated":true}]}}