{"id":48134,"date":"2021-06-23T18:52:28","date_gmt":"2021-06-23T18:52:28","guid":{"rendered":"https:\/\/www.camper.is\/enregistrer-voyage-icelandic-nature-fr\/"},"modified":"2026-05-17T12:03:32","modified_gmt":"2026-05-17T12:03:32","slug":"enregistrer-voyage-icelandic-nature-fr","status":"publish","type":"page","link":"https:\/\/www.camper.is\/fr\/vegv-sir-wayfinder-pour-les-voyageurs\/enregistrer-voyage-icelandic-nature-fr\/","title":{"rendered":"Enregistrer Voyage Icelandic Nature FR"},"content":{"rendered":"\n<div class=\"camper-safetravel-wrapper\" style=\"font-family: inherit; color: #334155; line-height: 1.7; max-width: 1000px; margin: 0 auto; padding: 20px;\">\n\n  <div class=\"st-hero-banner\" style=\"background: linear-gradient(135deg, #005088 0%, #002e4f 100%); padding: 45px 35px; border-radius: 16px; text-align: center; color: #ffffff; box-shadow: 0 10px 30px rgba(0,80,136,0.15); margin-bottom: 40px;\">\n    <span style=\"background: #f5a623; color: #005088; padding: 5px 15px; border-radius: 20px; font-size: 13px; font-weight: 700; text-transform: uppercase; letter-spacing: 1px;\">Co-pilote de s\u00e9curit\u00e9 Vegv\u00edsir<\/span>\n    <h1 style=\"color: #ffffff; font-size: 38px; font-weight: 700; margin: 15px 0 10px 0; font-family: inherit;\">Voyage en toute s\u00e9curit\u00e9 et guide de la nature islandaise<\/h1>\n    <p style=\"color: #e2e8f0; font-size: 17px; max-width: 750px; margin: 0 auto; line-height: 1.6;\">Les conditions m\u00e9t\u00e9orologiques, le terrain et les s\u00e9ismes en Islande changent rapidement. Utilisez nos liens radar unifi\u00e9s en direct, les crit\u00e8res structurels de la route F et les cadres d'intervention d'urgence pour prot\u00e9ger votre voyage. <\/p>\n  <\/div>\n\n  <div style=\"background-color: #fff9e6; border-left: 5px solid #f5a623; padding: 20px; border-radius: 8px; margin-bottom: 35px; box-shadow: 0 4px 12px rgba(0,0,0,0.02);\">\n    <p style=\"margin: 0; font-size: 15px; color: #2c3e50; font-weight: 500;\">\n  \ud83e\udd16 <strong>Alerte de surveillance en direct :<\/strong> Notre centre de suivi en arri\u00e8re-plan surveille activement les ph\u00e9nom\u00e8nes m\u00e9t\u00e9orologiques violents et les vecteurs g\u00e9ologiques \u00e0 travers l'Islande. Si une alerte orange\/rouge survient sur votre itin\u00e9raire, ouvrez notre panneau <strong>\"Chat avec nous\"<\/strong> en bas de l'\u00e9cran pour recevoir des conseils de d\u00e9viation structurelle en temps r\u00e9el de la part de notre \u00e9quipe. \n    <\/p>\n  <\/div>\n\n  <h2 style=\"color: #005088; font-size: 24px; font-weight: 700; border-bottom: 2px solid #e2e8f0; padding-bottom: 10px; margin-bottom: 25px;\">1. Suivi officiel en direct et planificateurs d'itin\u00e9raires<\/h2>\n  <p style=\"font-size: 16px; margin-bottom: 25px;\">Avant de tourner la cl\u00e9 de votre camping-car ou de votre caravane tous les matins, consultez ces trois plateformes officielles.  <em>(Les liens se d\u00e9ploient en toute s\u00e9curit\u00e9 dans des fen\u00eatres s\u00e9par\u00e9es pour sauvegarder votre progression ici) :<\/em><\/p>\n\n  <div class=\"st-live-grid\" style=\"display: flex; gap: 20px; flex-wrap: wrap; margin-bottom: 45px;\">\n    \n    <a href=\"https:\/\/safetravel.is\/\" target=\"_blank\" rel=\"noopener noreferrer\" style=\"flex: 1; min-width: 280px; background: #ffffff; border: 1px solid #e2e8f0; border-top: 4px solid #ef4444; border-radius: 8px; padding: 25px; text-decoration: none; color: inherit; box-shadow: 0 4px 15px rgba(0,0,0,0.02); transition: transform 0.2s ease, border-color 0.2s ease;\" class=\"st-card\">\n      <div style=\"display: flex; align-items: center; justify-content: space-between; margin-bottom: 12px;\">\n        <h3 style=\"color: #ef4444; font-size: 19px; font-weight: 700; margin: 0;\">SafeTravel Islande<\/h3>\n        <span style=\"font-size: 12px; background: #fee2e2; color: #ef4444; padding: 3px 8px; border-radius: 4px; font-weight: 600;\">Alertes et plans<\/span>\n      <\/div>\n      <p style=\"font-size: 14px; color: #475569; margin: 0 0 15px 0; line-height: 1.5;\">Portail obligatoire pour t\u00e9l\u00e9charger votre itin\u00e9raire de voyage directement \u00e0 Icelandic Search & Rescue (ICE-SAR) et suivre en temps r\u00e9el les niveaux d'alerte ext\u00e9rieure.<\/p>\n      <span style=\"color: #ef4444; font-size: 14px; font-weight: 600;\">Ouvrez SafeTravel.is \u2794<\/span>\n    <\/a>\n\n    <a href=\"https:\/\/en.vedur.is\/\" target=\"_blank\" rel=\"noopener noreferrer\" style=\"flex: 1; min-width: 280px; background: #ffffff; border: 1px solid #e2e8f0; border-top: 4px solid #f5a623; border-radius: 8px; padding: 25px; text-decoration: none; color: inherit; box-shadow: 0 4px 15px rgba(0,0,0,0.02); transition: transform 0.2s ease, border-color 0.2s ease;\" class=\"st-card\">\n      <div style=\"display: flex; align-items: center; justify-content: space-between; margin-bottom: 12px;\">\n        <h3 style=\"color: #005088; font-size: 19px; font-weight: 700; margin: 0;\">Office m\u00e9t\u00e9orologique<\/h3>\n        <span style=\"font-size: 12px; background: #fff9e6; color: #f5a623; padding: 3px 8px; border-radius: 4px; font-weight: 600;\">M\u00e9t\u00e9o et vent<\/span>\n      <\/div>\n      <p style=\"font-size: 14px; color: #475569; margin: 0 0 15px 0; line-height: 1.5;\">Suivez en temps r\u00e9el les vecteurs de vitesse du vent (m\/s), les alertes aux temp\u00eates et les indicateurs de gaz volcaniques\/sismiques localis\u00e9s directement \u00e0 partir des radars m\u00e9t\u00e9orologiques.<\/p>\n      <span style=\"color: #005088; font-size: 14px; font-weight: 600;\">Ouvrez Vedur.is \u2794<\/span>\n    <\/a>\n\n    <a href=\"https:\/\/www.road.is\/\" target=\"_blank\" rel=\"noopener noreferrer\" style=\"flex: 1; min-width: 280px; background: #ffffff; border: 1px solid #e2e8f0; border-top: 4px solid #005088; border-radius: 8px; padding: 25px; text-decoration: none; color: inherit; box-shadow: 0 4px 15px rgba(0,0,0,0.02); transition: transform 0.2s ease, border-color 0.2s ease;\" class=\"st-card\">\n      <div style=\"display: flex; align-items: center; justify-content: space-between; margin-bottom: 12px;\">\n        <h3 style=\"color: #005088; font-size: 19px; font-weight: 700; margin: 0;\">\u00c9tat des routes<\/h3>\n        <span style=\"font-size: 12px; background: #e3ebf2; color: #005088; padding: 3px 8px; border-radius: 4px; font-weight: 600;\">Webcams en direct<\/span>\n      <\/div>\n      <p style=\"font-size: 14px; color: #475569; margin: 0 0 15px 0; line-height: 1.5;\">Aper\u00e7u direct des cartes avec code couleur indiquant les pistes praticables, l'accumulation de glace, les alertes \u00e0 la boue, l'\u00e9tat des graviers et les cam\u00e9ras en direct sur les autoroutes.<\/p>\n      <span style=\"color: #005088; font-size: 14px; font-weight: 600;\">Open Road.is \u2794<\/span>\n    <\/a>\n\n  <\/div>\n\n  <h2 style=\"color: #005088; font-size: 24px; font-weight: 700; border-bottom: 2px solid #e2e8f0; padding-bottom: 10px; margin-bottom: 25px;\">2. Directives vitales pour les conducteurs de v\u00e9hicules<\/h2>\n  \n  <div style=\"background: #ffffff; border: 1px solid #e3ebf2; border-radius: 12px; padding: 30px; box-shadow: 0 4px 15px rgba(0,0,0,0.01); margin-bottom: 45px;\">\n    \n    <div style=\"margin-bottom: 25px; border-bottom: 1px dashed #e2e8f0; padding-bottom: 20px;\">\n      <h4 style=\"margin: 0 0 8px 0; color: #005088; font-size: 18px; font-weight: 600;\">\ud83d\udca8 Limites de s\u00e9curit\u00e9 en cas de vent lat\u00e9ral (cruciales pour les flottes \u00e0 toit \u00e9lev\u00e9)<\/h4>\n      <p style=\"margin: 0; font-size: 15px; color: #475569;\">Les camping-cars et les caravanes se comportent comme des voiles dans les courants d'air forts. Si le vent r\u00e9gulier ou les rafales locales d\u00e9passent **15 m\/s (environ 35 mph)**, r\u00e9duisez imm\u00e9diatement votre vitesse et cherchez un emplacement de camping prot\u00e9g\u00e9. Si les rafales approchent les **20 m\/s**, la conduite devient extr\u00eamement dangereuse. Garez-vous face **au vent** et n'ouvrez jamais les portes du camping-car sans tenir les poign\u00e9es \u00e0 deux mains.   <\/p>\n    <\/div>\n\n    <div style=\"margin-bottom: 25px; border-bottom: 1px dashed #e2e8f0; padding-bottom: 20px;\">\n      <h4 style=\"margin: 0 0 8px 0; color: #005088; font-size: 18px; font-weight: 600;\">\ud83c\udf0b Protocole de surveillance volcanique et sismique de Reykjanes<\/h4>\n      <p style=\"margin: 0; font-size: 15px; color: #475569;\">Les vecteurs de magma et de tremblements de terre restent actifs sur la p\u00e9ninsule de Reykjanes, pr\u00e8s de Grindav\u00edk\/Svartsengi. Il est strictement ill\u00e9gal de p\u00e9n\u00e9trer dans les zones interdites marqu\u00e9es. Si vous voyagez \u00e0 proximit\u00e9 de cha\u00eenes thermiques actives, fermez les fen\u00eatres de la cabine, arr\u00eatez la ventilation int\u00e9rieure pour \u00e9viter la p\u00e9n\u00e9tration de gaz toxiques et suivez de pr\u00e8s les instructions imm\u00e9diates des services de protection civile par l'interm\u00e9diaire des m\u00e9dias locaux.  <\/p>\n    <\/div>\n\n    <div style=\"margin-bottom: 25px; border-bottom: 1px dashed #e2e8f0; padding-bottom: 20px;\">\n      <h4 style=\"margin: 0 0 8px 0; color: #005088; font-size: 18px; font-weight: 600;\">\ud83d\udea7 F - Ouvertures de routes et int\u00e9grit\u00e9 de l'\u00e9cosyst\u00e8me<\/h4>\n      <p style=\"margin: 0; font-size: 15px; color: #475569;\">Les pistes des Highlands ouvrent entre la mi-juin et le d\u00e9but du mois de juillet, en fonction de l'humidit\u00e9 du sous-sol. Selon la loi, seuls les v\u00e9hicules 4x4 certifi\u00e9s (comme le Camper Iceland *Thor* ou *Tyr*) sont autoris\u00e9s \u00e0 circuler sur les F-roads. Conduire sur une route marqu\u00e9e \"Impassable\" ou \"Ferm\u00e9e\" est totalement ill\u00e9gal, annule toutes les assurances et entra\u00eene des amendes massives de la part de la police en raison de la fragilit\u00e9 des sols en cours de d\u00e9gel.  <\/p>\n    <\/div>\n\n    <div style=\"margin-bottom: 5px;\">\n      <h4 style=\"margin: 0 0 8px 0; color: #ef4444; font-size: 18px; font-weight: 600;\">\u274c La r\u00e8gle d'or des rivi\u00e8res glaciaires d\u00e9brid\u00e9es<\/h4>\n      <p style=\"margin: 0; font-size: 15px; color: #475569;\">En vertu de la loi islandaise et de nos politiques de location, **aucune assurance ne couvre les dommages internes caus\u00e9s par l'eau \u00e0 un moteur**. La travers\u00e9e des rivi\u00e8res se fait enti\u00e8rement aux risques et p\u00e9rils du conducteur. Ne conduisez jamais \u00e0 contre-courant, engagez la petite vitesse (4L) sur les unit\u00e9s 4x4 applicables, maintenez un \u00e9lan lent et r\u00e9gulier, et si les param\u00e8tres de profondeur ou la vitesse du courant semblent incertains, n'essayez pas de traverser.  <\/p>\n    <\/div>\n\n  <\/div>\n\n  <div style=\"background: linear-gradient(135deg, #f8fafc 0%, #edf2f7 100%); border: 1px solid #cbd5e1; border-radius: 12px; padding: 30px; text-align: center; box-shadow: 0 4px 12px rgba(0,0,0,0.02);\">\n    <h3 style=\"color: #005088; margin: 0 0 10px 0; font-size: 22px; font-weight: 700;\">\ud83d\udea8 Directives d'urgence sur la route<\/h3>\n    <p style=\"font-size: 15px; color: #475569; max-width: 700px; margin: 0 auto 25px auto;\">Si vous rencontrez une panne de v\u00e9hicule, si vous \u00eates bloqu\u00e9 dans un substrat mou ou si vous \u00eates confront\u00e9 \u00e0 un \u00e9v\u00e9nement environnemental, utilisez ces canaux instantan\u00e9ment :<\/p>\n    \n    <div style=\"display: flex; gap: 20px; flex-wrap: wrap; justify-content: center;\">\n      <div style=\"background: #ffffff; padding: 15px 25px; border-radius: 8px; border: 1px solid #e2e8f0; min-width: 220px; box-shadow: 0 2px 5px rgba(0,0,0,0.01);\">\n        <span style=\"font-size: 13px; color: #64748b; text-transform: uppercase; font-weight: 600; display: block; margin-bottom: 5px;\">National Rescue & Medical<\/span>\n        <a href=\"tel:112\" style=\"color: #ef4444; font-size: 22px; font-weight: 700; text-decoration: none;\">\ud83d\udcde 112<\/a>\n      <\/div>\n      <div style=\"background: #ffffff; padding: 15px 25px; border-radius: 8px; border: 1px solid #e2e8f0; min-width: 220px; box-shadow: 0 2px 5px rgba(0,0,0,0.01);\">\n        <span style=\"font-size: 13px; color: #64748b; text-transform: uppercase; font-weight: 600; display: block; margin-bottom: 5px;\">Camper Iceland Support Base<\/span>\n        <a href=\"tel:+3545536000\" style=\"color: #005088; font-size: 22px; font-weight: 700; text-decoration: none;\">\ud83d\udcde +354 553 6000<\/a>\n      <\/div>\n    <\/div>\n    \n    <p style=\"margin: 25px 0 0 0; font-size: 13px; color: #64748b;\">\n  \ud83d\udca1 Conseil de pro : t\u00e9l\u00e9chargez l'<strong>application<\/strong> officielle <strong>112 Iceland App<\/strong> avant de quitter votre station de prise en charge. Elle vous permet de transmettre des vecteurs GPS automatis\u00e9s pr\u00e9cis aux services d'urgence, m\u00eame si les signaux vocaux cellulaires s'\u00e9puisent dans les fjords recul\u00e9s. \n    <\/p>\n  <\/div>\n\n<\/div>\n\n<style>\n  .st-card:hover {\n    transform: translateY(-4px);\n    border-color: #f5a623 !important;\n    box-shadow: 0 8px 25px rgba(0,80,136,0.08) !important;\n  }\n<\/style>\n<span class=\"et_bloom_bottom_trigger\"><\/span>","protected":false},"excerpt":{"rendered":"<p>Co-pilote de s\u00e9curit\u00e9 Vegv\u00edsir Voyage en toute s\u00e9curit\u00e9 et guide de la nature islandaise Les conditions m\u00e9t\u00e9orologiques, le terrain et les s\u00e9ismes en Islande changent rapidement. Utilisez nos liens radar unifi\u00e9s en direct, les crit\u00e8res structurels de la route F et les cadres d&rsquo;intervention d&rsquo;urgence pour prot\u00e9ger votre voyage. \ud83e\udd16 Alerte de surveillance en direct [&hellip;]<\/p>\n","protected":false},"author":1,"featured_media":0,"parent":41610,"menu_order":4,"comment_status":"closed","ping_status":"closed","template":"","meta":{"_acf_changed":false,"footnotes":""},"class_list":["post-48134","page","type-page","status-publish","hentry"],"acf":[],"jetpack_sharing_enabled":true,"_links":{"self":[{"href":"https:\/\/www.camper.is\/fr\/wp-json\/wp\/v2\/pages\/48134","targetHints":{"allow":["GET"]}}],"collection":[{"href":"https:\/\/www.camper.is\/fr\/wp-json\/wp\/v2\/pages"}],"about":[{"href":"https:\/\/www.camper.is\/fr\/wp-json\/wp\/v2\/types\/page"}],"author":[{"embeddable":true,"href":"https:\/\/www.camper.is\/fr\/wp-json\/wp\/v2\/users\/1"}],"replies":[{"embeddable":true,"href":"https:\/\/www.camper.is\/fr\/wp-json\/wp\/v2\/comments?post=48134"}],"version-history":[{"count":3,"href":"https:\/\/www.camper.is\/fr\/wp-json\/wp\/v2\/pages\/48134\/revisions"}],"predecessor-version":[{"id":78510,"href":"https:\/\/www.camper.is\/fr\/wp-json\/wp\/v2\/pages\/48134\/revisions\/78510"}],"up":[{"embeddable":true,"href":"https:\/\/www.camper.is\/fr\/wp-json\/wp\/v2\/pages\/41610"}],"wp:attachment":[{"href":"https:\/\/www.camper.is\/fr\/wp-json\/wp\/v2\/media?parent=48134"}],"curies":[{"name":"wp","href":"https:\/\/api.w.org\/{rel}","templated":true}]}}