{"id":42108,"date":"2019-11-19T09:03:39","date_gmt":"2019-11-19T09:03:39","guid":{"rendered":"https:\/\/www.campericeland.is\/station-de-location-en\/"},"modified":"2026-04-07T06:29:26","modified_gmt":"2026-04-07T06:29:26","slug":"station-de-location-en","status":"publish","type":"page","link":"https:\/\/www.camper.is\/fr\/station-de-location-en\/","title":{"rendered":"Station de location EN"},"content":{"rendered":"","protected":false},"excerpt":{"rendered":"","protected":false},"author":1,"featured_media":0,"parent":0,"menu_order":1,"comment_status":"closed","ping_status":"closed","template":"","meta":{"_acf_changed":false,"jetpack_post_was_ever_published":false,"footnotes":""},"class_list":["post-42108","page","type-page","status-publish","hentry"],"acf":[],"jetpack_sharing_enabled":true,"jetpack_shortlink":"https:\/\/wp.me\/P569lP-aXa","jetpack-related-posts":[{"id":72452,"url":"https:\/\/www.camper.is\/fr\/loki-e-le-camping-car-durable-pour-votre-aventure-islandaise\/","url_meta":{"origin":42108,"position":0},"title":"LOKI E Le camping-car durable pour votre aventure islandaise","author":"admin","date":"14 ao\u00fbt 2025","format":false,"excerpt":"","rel":"","context":"Article similaire","block_context":{"text":"Article similaire","link":""},"img":{"alt_text":"","src":"https:\/\/i0.wp.com\/www.camper.is\/wp-content\/uploads\/2025\/08\/Untitled-scaled.png?fit=1200%2C900&quality=72&ssl=1&resize=350%2C200","width":350,"height":200,"srcset":"https:\/\/i0.wp.com\/www.camper.is\/wp-content\/uploads\/2025\/08\/Untitled-scaled.png?fit=1200%2C900&quality=72&ssl=1&resize=350%2C200 1x, https:\/\/i0.wp.com\/www.camper.is\/wp-content\/uploads\/2025\/08\/Untitled-scaled.png?fit=1200%2C900&quality=72&ssl=1&resize=525%2C300 1.5x, https:\/\/i0.wp.com\/www.camper.is\/wp-content\/uploads\/2025\/08\/Untitled-scaled.png?fit=1200%2C900&quality=72&ssl=1&resize=700%2C400 2x, https:\/\/i0.wp.com\/www.camper.is\/wp-content\/uploads\/2025\/08\/Untitled-scaled.png?fit=1200%2C900&quality=72&ssl=1&resize=1050%2C600 3x"},"classes":[]},{"id":57976,"url":"https:\/\/www.camper.is\/fr\/camper-islande-votre-motor-home-et-4x4-societe-de-location-en-islande\/camper-iceland-votre-societe-de-location-de-camping-cars-et-de-4x4-en-islande-informations-supplementaires\/","url_meta":{"origin":42108,"position":1},"title":"Camper Iceland, votre soci\u00e9t\u00e9 de location de camping-cars et de 4\u00d74 en Islande Informations suppl\u00e9mentaires","author":"admin","date":"25 ao\u00fbt 2023","format":false,"excerpt":"","rel":"","context":"Article similaire","block_context":{"text":"Article similaire","link":""},"img":{"alt_text":"","src":"","width":0,"height":0},"classes":[]},{"id":41587,"url":"https:\/\/www.camper.is\/fr\/camper-islande-votre-motor-home-et-4x4-societe-de-location-en-islande\/","url_meta":{"origin":42108,"position":2},"title":"Camper Islande, votre motor home et 4&#215;4 soci\u00e9t\u00e9 de location en Islande","author":"admin","date":"17 novembre 2019","format":false,"excerpt":"Voyagez en Islande avec une entreprise familiale qui vend des voyages en Islande depuis 1987. Camper Iceland propose une flotte vari\u00e9e de camping-cars et de 4x4, offrant un moyen flexible et rentable d'explorer les paysages \u00e9poustouflants du pays. Profitez de la libert\u00e9 de profiter du beau temps, \u00e9conomisez de l'argent\u2026","rel":"","context":"Article similaire","block_context":{"text":"Article similaire","link":""},"img":{"alt_text":"Logo Camper Iceland","src":"https:\/\/i0.wp.com\/www.camper.is\/wp-content\/uploads\/2019\/11\/CamperIceland_new_whitebkgrd.png?fit=1200%2C316&quality=72&ssl=1&resize=350%2C200","width":350,"height":200,"srcset":"https:\/\/i0.wp.com\/www.camper.is\/wp-content\/uploads\/2019\/11\/CamperIceland_new_whitebkgrd.png?fit=1200%2C316&quality=72&ssl=1&resize=350%2C200 1x, https:\/\/i0.wp.com\/www.camper.is\/wp-content\/uploads\/2019\/11\/CamperIceland_new_whitebkgrd.png?fit=1200%2C316&quality=72&ssl=1&resize=525%2C300 1.5x, https:\/\/i0.wp.com\/www.camper.is\/wp-content\/uploads\/2019\/11\/CamperIceland_new_whitebkgrd.png?fit=1200%2C316&quality=72&ssl=1&resize=700%2C400 2x, https:\/\/i0.wp.com\/www.camper.is\/wp-content\/uploads\/2019\/11\/CamperIceland_new_whitebkgrd.png?fit=1200%2C316&quality=72&ssl=1&resize=1050%2C600 3x"},"classes":[]},{"id":74463,"url":"https:\/\/www.camper.is\/fr\/","url_meta":{"origin":42108,"position":3},"title":"Location camping-car Islande | Le Menu Aventure","author":"admin","date":"23 mars 2026","format":false,"excerpt":"Explorez l'Islande en toute confiance. Qu'il s'agisse de votre premier tour de Ring Road ou d'une exp\u00e9dition dans les Highlands, trouvez le camping-car et l'itin\u00e9raire qui vous conviennent dans notre menu Aventure. Des conseils locaux, des prix justes et une assistance 24 heures sur 24, 7 jours sur 7.","rel":"","context":"Article similaire","block_context":{"text":"Article similaire","link":""},"img":{"alt_text":"","src":"https:\/\/i0.wp.com\/www.camper.is\/wp-content\/uploads\/2025\/09\/0B8A472F-F23E-4260-92CC-75A068E06866.jpeg?fit=1200%2C675&quality=80&ssl=1&resize=350%2C200","width":350,"height":200,"srcset":"https:\/\/i0.wp.com\/www.camper.is\/wp-content\/uploads\/2025\/09\/0B8A472F-F23E-4260-92CC-75A068E06866.jpeg?fit=1200%2C675&quality=80&ssl=1&resize=350%2C200 1x, https:\/\/i0.wp.com\/www.camper.is\/wp-content\/uploads\/2025\/09\/0B8A472F-F23E-4260-92CC-75A068E06866.jpeg?fit=1200%2C675&quality=80&ssl=1&resize=525%2C300 1.5x, https:\/\/i0.wp.com\/www.camper.is\/wp-content\/uploads\/2025\/09\/0B8A472F-F23E-4260-92CC-75A068E06866.jpeg?fit=1200%2C675&quality=80&ssl=1&resize=700%2C400 2x, https:\/\/i0.wp.com\/www.camper.is\/wp-content\/uploads\/2025\/09\/0B8A472F-F23E-4260-92CC-75A068E06866.jpeg?fit=1200%2C675&quality=80&ssl=1&resize=1050%2C600 3x"},"classes":[]},{"id":68246,"url":"https:\/\/www.camper.is\/fr\/vue-densemble-de-camper-iceland\/camping-car-5-hel\/","url_meta":{"origin":42108,"position":4},"title":"Camping-car 5 HEL","author":"admin","date":"8 octobre 2024","format":false,"excerpt":"","rel":"","context":"Article similaire","block_context":{"text":"Article similaire","link":""},"img":{"alt_text":"","src":"https:\/\/i0.wp.com\/www.camper.is\/wp-content\/uploads\/2024\/08\/MH5_HEL.jpeg?fit=800%2C800&quality=80&ssl=1&resize=350%2C200","width":350,"height":200,"srcset":"https:\/\/i0.wp.com\/www.camper.is\/wp-content\/uploads\/2024\/08\/MH5_HEL.jpeg?fit=800%2C800&quality=80&ssl=1&resize=350%2C200 1x, https:\/\/i0.wp.com\/www.camper.is\/wp-content\/uploads\/2024\/08\/MH5_HEL.jpeg?fit=800%2C800&quality=80&ssl=1&resize=525%2C300 1.5x, https:\/\/i0.wp.com\/www.camper.is\/wp-content\/uploads\/2024\/08\/MH5_HEL.jpeg?fit=800%2C800&quality=80&ssl=1&resize=700%2C400 2x"},"classes":[]},{"id":75084,"url":"https:\/\/www.camper.is\/fr\/nouvelles-de-lislande-et-depeches-hebdomadaires-camper-iceland\/","url_meta":{"origin":42108,"position":5},"title":"Nouvelles de l&rsquo;Islande et d\u00e9p\u00eaches hebdomadaires | Camper Iceland","author":"admin","date":"26 mars 2026","format":false,"excerpt":"Gardez une longueur d'avance sur la temp\u00eate gr\u00e2ce aux mises \u00e0 jour hebdomadaires en provenance du c\u0153ur de l'Islande. Depuis 1987, nous fournissons des rapports d'experts sur les routes, des alertes m\u00e9t\u00e9o et les conditions de la route Highland F. Obtenez les derni\u00e8res nouvelles de la flotte et des conseils\u2026","rel":"","context":"Article similaire","block_context":{"text":"Article similaire","link":""},"img":{"alt_text":"","src":"https:\/\/i0.wp.com\/www.camper.is\/wp-content\/uploads\/2026\/03\/family_badging_camper_iceland-scaled.png?fit=1200%2C654&quality=72&ssl=1&resize=350%2C200","width":350,"height":200,"srcset":"https:\/\/i0.wp.com\/www.camper.is\/wp-content\/uploads\/2026\/03\/family_badging_camper_iceland-scaled.png?fit=1200%2C654&quality=72&ssl=1&resize=350%2C200 1x, https:\/\/i0.wp.com\/www.camper.is\/wp-content\/uploads\/2026\/03\/family_badging_camper_iceland-scaled.png?fit=1200%2C654&quality=72&ssl=1&resize=525%2C300 1.5x, https:\/\/i0.wp.com\/www.camper.is\/wp-content\/uploads\/2026\/03\/family_badging_camper_iceland-scaled.png?fit=1200%2C654&quality=72&ssl=1&resize=700%2C400 2x, https:\/\/i0.wp.com\/www.camper.is\/wp-content\/uploads\/2026\/03\/family_badging_camper_iceland-scaled.png?fit=1200%2C654&quality=72&ssl=1&resize=1050%2C600 3x"},"classes":[]}],"_links":{"self":[{"href":"https:\/\/www.camper.is\/fr\/wp-json\/wp\/v2\/pages\/42108","targetHints":{"allow":["GET"]}}],"collection":[{"href":"https:\/\/www.camper.is\/fr\/wp-json\/wp\/v2\/pages"}],"about":[{"href":"https:\/\/www.camper.is\/fr\/wp-json\/wp\/v2\/types\/page"}],"author":[{"embeddable":true,"href":"https:\/\/www.camper.is\/fr\/wp-json\/wp\/v2\/users\/1"}],"replies":[{"embeddable":true,"href":"https:\/\/www.camper.is\/fr\/wp-json\/wp\/v2\/comments?post=42108"}],"version-history":[{"count":8,"href":"https:\/\/www.camper.is\/fr\/wp-json\/wp\/v2\/pages\/42108\/revisions"}],"predecessor-version":[{"id":75860,"href":"https:\/\/www.camper.is\/fr\/wp-json\/wp\/v2\/pages\/42108\/revisions\/75860"}],"wp:attachment":[{"href":"https:\/\/www.camper.is\/fr\/wp-json\/wp\/v2\/media?parent=42108"}],"curies":[{"name":"wp","href":"https:\/\/api.w.org\/{rel}","templated":true}]}}