{"id":41623,"date":"2019-11-17T16:18:27","date_gmt":"2019-11-17T16:18:27","guid":{"rendered":"https:\/\/www.campericeland.is\/agent-pour-camper-iceland-products\/"},"modified":"2026-04-07T06:27:53","modified_gmt":"2026-04-07T06:27:53","slug":"agent-pour-camper-iceland-products","status":"publish","type":"page","link":"https:\/\/www.camper.is\/fr\/vegv-sir-wayfinder-pour-les-voyageurs\/agent-pour-camper-iceland-products\/","title":{"rendered":"Agent pour Camper Iceland Products"},"content":{"rendered":"","protected":false},"excerpt":{"rendered":"","protected":false},"author":1,"featured_media":0,"parent":41610,"menu_order":0,"comment_status":"closed","ping_status":"closed","template":"","meta":{"_acf_changed":false,"jetpack_post_was_ever_published":false,"footnotes":""},"class_list":["post-41623","page","type-page","status-publish","hentry"],"acf":[],"jetpack_sharing_enabled":true,"jetpack_shortlink":"https:\/\/wp.me\/P569lP-aPl","jetpack-related-posts":[{"id":31418,"url":"https:\/\/www.camper.is\/vegvisir-wayfinder-for-travellers\/agent-for-camper-iceland-products\/","url_meta":{"origin":41623,"position":0},"title":"Agent for Camper Iceland Products","author":"admin","date":"17 novembre 2019","format":false,"excerpt":"","rel":"","context":"Article similaire","block_context":{"text":"Article similaire","link":""},"img":{"alt_text":"","src":"","width":0,"height":0},"classes":[]},{"id":41589,"url":"https:\/\/www.camper.is\/fr\/vue-densemble-de-camper-iceland\/","url_meta":{"origin":41623,"position":1},"title":"NOTRE FLOTTE","author":"admin","date":"17 novembre 2019","format":false,"excerpt":"Trouvez votre maison sur roues id\u00e9ale avec Camper Iceland ! Choisissez parmi notre flotte diversifi\u00e9e de v\u00e9hicules, y compris le Loki compact et durable, les campeurs 4x4 robustes pour les Highlands, et les camping-cars spacieux pour un confort ultime. Commencez votre voyage \u00e0 Keflavik (KEF) et explorez les paysages \u00e9poustouflants\u2026","rel":"","context":"Article similaire","block_context":{"text":"Article similaire","link":""},"img":{"alt_text":"","src":"","width":0,"height":0},"classes":[]},{"id":41625,"url":"https:\/\/www.camper.is\/nl\/vegvisir-wayfinder-voor-reizigers\/agent-voor-camper-iceland-producten\/","url_meta":{"origin":41623,"position":2},"title":"Agent voor camper Iceland producten","author":"admin","date":"17 novembre 2019","format":false,"excerpt":"","rel":"","context":"Article similaire","block_context":{"text":"Article similaire","link":""},"img":{"alt_text":"","src":"","width":0,"height":0},"classes":[]},{"id":34427,"url":"https:\/\/www.camper.is\/es\/vegvisir-wayfinder-para-viajeros\/agente-para-productos-camper-iceland\/","url_meta":{"origin":41623,"position":3},"title":"Agente para productos Camper Iceland","author":"admin","date":"17 novembre 2019","format":false,"excerpt":"","rel":"","context":"Article similaire","block_context":{"text":"Article similaire","link":""},"img":{"alt_text":"","src":"","width":0,"height":0},"classes":[]},{"id":31546,"url":"https:\/\/www.camper.is\/de\/vegvisir-der-wegfinder-fuer-island\/agent-fuer-camper-iceland-produkte\/","url_meta":{"origin":41623,"position":4},"title":"Agent f\u00fcr Camper Iceland Produkte","author":"admin","date":"17 novembre 2019","format":false,"excerpt":"","rel":"","context":"Article similaire","block_context":{"text":"Article similaire","link":""},"img":{"alt_text":"","src":"","width":0,"height":0},"classes":[]},{"id":41600,"url":"https:\/\/www.camper.is\/fr\/vue-densemble-de-camper-iceland\/motor-home-2\/","url_meta":{"origin":41623,"position":5},"title":"Camping-car 2 IDUNN","author":"admin","date":"17 novembre 2019","format":false,"excerpt":"D\u00e9couvrez le meilleur moyen d'explorer l'Islande avec le camping-car IDUNN de Camper Iceland. Ce camping-car spacieux et confortable est votre parfaite maison sur roues, offrant la libert\u00e9 de voyager sur la route p\u00e9riph\u00e9rique de l'Islande et d'explorer ses paysages \u00e9poustouflants avec tous les \u00e9quipements dont vous avez besoin. Id\u00e9al pour\u2026","rel":"","context":"Article similaire","block_context":{"text":"Article similaire","link":""},"img":{"alt_text":"","src":"https:\/\/i0.wp.com\/www.camper.is\/wp-content\/uploads\/2019\/08\/MOTOR_HOME_2.jpg?fit=800%2C800&quality=80&ssl=1&resize=350%2C200","width":350,"height":200,"srcset":"https:\/\/i0.wp.com\/www.camper.is\/wp-content\/uploads\/2019\/08\/MOTOR_HOME_2.jpg?fit=800%2C800&quality=80&ssl=1&resize=350%2C200 1x, https:\/\/i0.wp.com\/www.camper.is\/wp-content\/uploads\/2019\/08\/MOTOR_HOME_2.jpg?fit=800%2C800&quality=80&ssl=1&resize=525%2C300 1.5x, https:\/\/i0.wp.com\/www.camper.is\/wp-content\/uploads\/2019\/08\/MOTOR_HOME_2.jpg?fit=800%2C800&quality=80&ssl=1&resize=700%2C400 2x"},"classes":[]}],"_links":{"self":[{"href":"https:\/\/www.camper.is\/fr\/wp-json\/wp\/v2\/pages\/41623","targetHints":{"allow":["GET"]}}],"collection":[{"href":"https:\/\/www.camper.is\/fr\/wp-json\/wp\/v2\/pages"}],"about":[{"href":"https:\/\/www.camper.is\/fr\/wp-json\/wp\/v2\/types\/page"}],"author":[{"embeddable":true,"href":"https:\/\/www.camper.is\/fr\/wp-json\/wp\/v2\/users\/1"}],"replies":[{"embeddable":true,"href":"https:\/\/www.camper.is\/fr\/wp-json\/wp\/v2\/comments?post=41623"}],"version-history":[{"count":32,"href":"https:\/\/www.camper.is\/fr\/wp-json\/wp\/v2\/pages\/41623\/revisions"}],"predecessor-version":[{"id":75826,"href":"https:\/\/www.camper.is\/fr\/wp-json\/wp\/v2\/pages\/41623\/revisions\/75826"}],"up":[{"embeddable":true,"href":"https:\/\/www.camper.is\/fr\/wp-json\/wp\/v2\/pages\/41610"}],"wp:attachment":[{"href":"https:\/\/www.camper.is\/fr\/wp-json\/wp\/v2\/media?parent=41623"}],"curies":[{"name":"wp","href":"https:\/\/api.w.org\/{rel}","templated":true}]}}