{"id":41620,"date":"2019-11-17T16:18:14","date_gmt":"2019-11-17T16:18:14","guid":{"rendered":"https:\/\/www.campericeland.is\/suggestions-ditineraires-et-tresors-caches\/"},"modified":"2026-04-07T06:28:43","modified_gmt":"2026-04-07T06:28:43","slug":"suggestions-ditineraires-et-tresors-caches","status":"publish","type":"page","link":"https:\/\/www.camper.is\/fr\/vegv-sir-wayfinder-pour-les-voyageurs\/suggestions-ditineraires-et-tresors-caches\/","title":{"rendered":"Suggestions d&rsquo;itin\u00e9raires et tr\u00e9sors cach\u00e9s"},"content":{"rendered":"<div class=\"et_pb_section_0 et_pb_section et_pb_fullwidth_section et_section_regular et_block_section\"><section class=\"et_pb_fullwidth_header_0 et_pb_fullwidth_header et_pb_bg_layout_dark et_pb_text_align_left et_pb_section_parallax et_pb_module et_flex_module\"><span class=\"et-pb-parallax-wrapper\"><span class=\"et-pb-parallax-background et-pb-parallax-background-module--divi-fullwidth-header-0\" style=\"background-image:url(https:\/\/www.camper.is\/wp-content\/uploads\/2019\/11\/iceland_landscape_-25-1.jpeg)\"><\/span><\/span><div class=\"et_pb_fullwidth_header_container left\"><div class=\"header-content-container center\"><div class=\"header-content et_flex_module\"><h1 class=\"et_pb_module_header\">Suggestions d&#039;itin\u00e9raires et tr\u00e9sors cach\u00e9s<\/h1><span class=\"et_pb_fullwidth_header_subhead\">Trouvez les bonnes suggestions d&#039;itin\u00e9raires et d\u00e9couvrez les tr\u00e9sors cach\u00e9s<\/span><div class=\"et_pb_header_content_wrapper\"><p>&nbsp;<\/p>\n<p>Voyager en Islande est devenu plus facile. Nous publierons nos suggestions d&rsquo;itin\u00e9raires de voyage et signalerons les endroits cach\u00e9s. <\/p>\n<\/div><div class=\"et_pb_header_button_wrapper\"><\/div><\/div><\/div><\/div><div class=\"et_pb_fullwidth_header_overlay\"><\/div><div class=\"et_pb_fullwidth_header_scroll\"><\/div><\/section><\/div><div class=\"et_pb_section_1 et_pb_section et_section_regular et_block_section\"><div class=\"et_pb_row_0 et_pb_row et_block_row\"><div class=\"et_pb_column_0 et_pb_column et_pb_column_2_3 et_block_column et_pb_css_mix_blend_mode_passthrough\"><div class=\"et_pb_blog_0 et_pb_blog et_pb_bg_layout_light et_pb_text_align_center et_pb_posts et_animated et_pb_module\"><div class=\"et_pb_ajax_pagination_container\"><div class=\"et_pb_posts et_grid_module\"><article class=\"et_pb_post et_pb_post_id_76130 clearfix et_pb_blog_item_0_0 post-76130 post type-post status-publish format-standard has-post-thumbnail hentry category-actualites-et-mises-a-jour-des-produits category-voyage-successions-tresors-caches\"><div class=\"et_pb_image_container\"><a href=\"https:\/\/www.camper.is\/fr\/le-tout-nouveau-guide-de-lislande-est-en-ligne\/\" class=\"entry-featured-image-url\"><img loading=\"lazy\" decoding=\"async\" src=\"https:\/\/i0.wp.com\/www.camper.is\/wp-content\/uploads\/2019\/11\/vegvisir.png?fit=1200%2C1200&#038;quality=72&#038;ssl=1\" width=\"400\" height=\"284\" alt=\"Le tout nouveau guide de l&rsquo;Islande est en ligne\" class=\"\" srcset=\"https:\/\/i0.wp.com\/www.camper.is\/wp-content\/uploads\/2019\/11\/vegvisir.png?fit=1200%2C1200&amp;quality=72&amp;ssl=1 479w, https:\/\/i0.wp.com\/www.camper.is\/wp-content\/uploads\/2019\/11\/vegvisir.png?resize=400%2C284&amp;quality=72&amp;ssl=1 480w\" sizes=\"(max-width:479px) 479px, 100vw\" title=\"\"><span data-icon=\"\ue050\" class=\"et_overlay et_pb_inline_icon\"><\/span><\/a><\/div><h2 class=\"entry-title\"><a href=\"https:\/\/www.camper.is\/fr\/le-tout-nouveau-guide-de-lislande-est-en-ligne\/\">Le tout nouveau guide de l&rsquo;Islande est en ligne<\/a><\/h2><p class=\"post-meta\"><span class=\"published\">Avr 7, 2026<\/span> | <span class=\"entry-categories\"><a href=\"https:\/\/www.camper.is\/fr\/actualites-et-mises-a-jour-des-produits\/\" rel=\"tag\">Actualit\u00e9s et mises \u00e0 jour des produits<\/a>, <a href=\"https:\/\/www.camper.is\/fr\/actualites-et-mises-a-jour-des-produits\/voyage-successions-tresors-caches\/\" rel=\"tag\">Voyage Successions &amp; Tr\u00e9sors Cach\u00e9s<\/a><\/span><\/p><div class=\"post-content\"><div class=\"post-content-inner\"><p>Vegv\u00e0sir, le mot islandais pour Way Finder Merci d&rsquo;avoir choisi Camper Islande! Vous avez d\u00e9cid\u00e9 de visiter l&rsquo;Islande, le pays o\u00f9 la nature montre sa vraie gloire. Northern Lights (Aurora Borealis) danse dans le ciel. Pr\u00e8s de 40% des Islandais croient aux elfes et aux&#8230;<\/p>\n<\/div><\/div><\/article><article class=\"et_pb_post et_pb_post_id_70849 clearfix et_pb_blog_item_0_1 post-70849 post type-post status-publish format-standard has-post-thumbnail hentry category-actualites-et-mises-a-jour-des-produits category-offres-speciales-et-concours category-voyage-successions-tresors-caches\"><div class=\"et_pb_image_container\"><a href=\"https:\/\/www.camper.is\/fr\/le-pays-le-plus-sur-du-monde\/\" class=\"entry-featured-image-url\"><img loading=\"lazy\" decoding=\"async\" src=\"https:\/\/i0.wp.com\/www.camper.is\/wp-content\/uploads\/2025\/02\/f800f92d-4f9f-415e-a56b-d91249dd2434-1.jpg?fit=1107%2C749&#038;quality=80&#038;ssl=1\" width=\"400\" height=\"284\" alt=\"Le pays le plus s\u00fbr du monde\" class=\"\" srcset=\"https:\/\/i0.wp.com\/www.camper.is\/wp-content\/uploads\/2025\/02\/f800f92d-4f9f-415e-a56b-d91249dd2434-1.jpg?fit=1107%2C749&amp;quality=80&amp;ssl=1 479w, https:\/\/i0.wp.com\/www.camper.is\/wp-content\/uploads\/2025\/02\/f800f92d-4f9f-415e-a56b-d91249dd2434-1.jpg?resize=400%2C284&amp;quality=80&amp;ssl=1 480w\" sizes=\"(max-width:479px) 479px, 100vw\" title=\"\"><span data-icon=\"\ue050\" class=\"et_overlay et_pb_inline_icon\"><\/span><\/a><\/div><h2 class=\"entry-title\"><a href=\"https:\/\/www.camper.is\/fr\/le-pays-le-plus-sur-du-monde\/\">Le pays le plus s\u00fbr du monde<\/a><\/h2><p class=\"post-meta\"><span class=\"published\">F\u00e9v 10, 2025<\/span> | <span class=\"entry-categories\"><a href=\"https:\/\/www.camper.is\/fr\/actualites-et-mises-a-jour-des-produits\/\" rel=\"tag\">Actualit\u00e9s et mises \u00e0 jour des produits<\/a>, <a href=\"https:\/\/www.camper.is\/fr\/offres-speciales-et-concours\/\" rel=\"tag\">Offres sp\u00e9ciales et concours<\/a>, <a href=\"https:\/\/www.camper.is\/fr\/actualites-et-mises-a-jour-des-produits\/voyage-successions-tresors-caches\/\" rel=\"tag\">Voyage Successions &amp; Tr\u00e9sors Cach\u00e9s<\/a><\/span><\/p><div class=\"post-content\"><div class=\"post-content-inner\"><p>Une remise de 35 % est accord\u00e9e pour l&rsquo;avant-saison et nos camping-cars neufs. \u00c9coutons tout d&rsquo;abord Marion, de l&rsquo;\u00e9quipe de vente, nous parler de cette op\u00e9ration. Chers amis Si vous \u00eates novice en mati\u00e8re de voyages internationaux, les inconnues peuvent souvent vous&#8230;<\/p>\n<\/div><\/div><\/article><article class=\"et_pb_post et_pb_post_id_53783 clearfix et_pb_no_thumb et_pb_blog_item_0_2 post-53783 post type-post status-publish format-standard hentry category-actualites-et-mises-a-jour-des-produits category-voyage-successions-tresors-caches\"><h2 class=\"entry-title\"><a href=\"https:\/\/www.camper.is\/fr\/landmannalaugar-est-ouvert\/\">Landmannalaugar est ouvert<\/a><\/h2><p class=\"post-meta\"><span class=\"published\">Juin 27, 2022<\/span> | <span class=\"entry-categories\"><a href=\"https:\/\/www.camper.is\/fr\/actualites-et-mises-a-jour-des-produits\/\" rel=\"tag\">Actualit\u00e9s et mises \u00e0 jour des produits<\/a>, <a href=\"https:\/\/www.camper.is\/fr\/actualites-et-mises-a-jour-des-produits\/voyage-successions-tresors-caches\/\" rel=\"tag\">Voyage Successions &amp; Tr\u00e9sors Cach\u00e9s<\/a><\/span><\/p><div class=\"post-content\"><div class=\"post-content-inner\"><p>Chers amis de Camper Iceland L&rsquo;administration islandaise des routes a ouvert la route vers Landmannalaugar via la centrale \u00e9lectrique de Sigalda. L&rsquo;ouverture de Landmannalei\u00f0 sera \u00e9court\u00e9e, et il est pr\u00e9vu qu&rsquo;elle soit accessible en jeep ce week-end,&#8230;<\/p>\n<\/div><\/div><\/article><\/div><div class=\"pagination clearfix\">\n\t<div class=\"alignleft\"><\/div>\n\t<div class=\"alignright\"><\/div>\n<\/div><\/div><\/div><\/div><div class=\"et_pb_column_1 et_pb_column et_pb_column_1_3 et-last-child et_block_column et_pb_css_mix_blend_mode_passthrough\"><div class=\"et_pb_sidebar_0 et_pb_widget_area clearfix et_pb_widget_area_left et_pb_bg_layout_light et_pb_text_align_center et_pb_module et_block_module\"><div id=\"text-30\" class=\"et_pb_widget widget_text\"><h4 class=\"widgettitle\">R\u00e9servez maintenant<\/h4> <div class=\"textwidget\"><p><iframe id=\"miniBook\" style=\"width:100%; height: 550px;\" src=\" https:\/\/www.campericeland.is\/rcmbooking\/step1Mini.php\" frameborder=\"0\" scrolling=\"no\"><\/iframe><\/p>\n<\/div>\n <\/div><div id=\"text-31\" class=\"et_pb_widget widget_text\"><h4 class=\"widgettitle\">CONTACT<\/h4> <div class=\"textwidget\"><p style=\"text-align: left;\"><strong>Camper Iceland<\/strong><br \/>\nKlettatr\u00f6\u00f0 15<br \/>\n262 Keflav\u00edk (Reykjanesb\u00e6r)<br \/>\nICELAND<\/p>\n<p style=\"text-align: left;\">+354 553 6000<\/p>\n<p><a href=\"mailto:info@camper.is\">info@camper.is<\/a><\/p>\n<\/div>\n <\/div><div id=\"block-2\" class=\"et_pb_widget widget_block\"><div class=\"wp-block-jetpack-subscriptions__supports-newline wp-block-jetpack-subscriptions\">\n <div>\n <div>\n <div>\n <p >\n <a href=\"https:\/\/www.camper.is\/fr\/?post_type=page&#038;p=41620\" style=\"font-size: 16px;padding: 15px 23px 15px 23px;margin: 0; margin-left: 10px;border-radius: 0px;border-width: 1px; background-color: #113AF5; color: #FFFFFF; text-decoration: none; white-space: nowrap; margin-left: 0\">Abonnez-vous<\/a>\n <\/p>\n <\/div>\n <\/div>\n <\/div>\n <\/div><\/div><div id=\"block-3\" class=\"et_pb_widget widget_block widget_text\">\n<p><\/p>\n<\/div><div id=\"block-4\" class=\"et_pb_widget widget_block\">\n<h2 class=\"wp-block-heading\">Liens sur la s\u00e9curit\u00e9<\/h2>\n<\/div><div id=\"block-8\" class=\"et_pb_widget widget_block\">\n<ul class=\"wp-block-list\">\n<li><a href=\"https:\/\/umferdin.is\/en\" target=\"_blank\" rel=\"noopener\"><strong>Road.is<\/strong> (\u00e9tat actuel des routes)<\/a><\/li>\n<li><a href=\"https:\/\/en.vedur.is\/\" target=\"_blank\" rel=\"noopener\"><strong>Vedur.is<\/strong> (pr\u00e9visions m\u00e9t\u00e9orologiques et gazi\u00e8res)<\/a><\/li>\n<li><a href=\"https:\/\/safetravel.is\/\" target=\"_blank\" rel=\"noreferrer noopener\"><strong>SafeTravel.is<\/strong> (alertes de s\u00e9curit\u00e9 officielles)<\/a><\/li>\n<\/ul>\n<\/div><\/div><\/div><\/div><div class=\"et_pb_row_1 et_pb_row et_block_row\"><div class=\"et_pb_column_2 et_pb_column et_pb_column_1_5 et_block_column et_pb_column_empty et_pb_css_mix_blend_mode_passthrough\"><\/div><div class=\"et_pb_column_3 et_pb_column et_pb_column_3_5 et_block_column et_pb_css_mix_blend_mode_passthrough\"><div class=\"et_pb_blurb_0 et_pb_blurb et_pb_bg_layout_light et_pb_blurb_position_top et_pb_module et_block_module\"><div class=\"et_pb_blurb_content\"><div class=\"et_pb_main_blurb_image\"><span class=\"et_pb_image_wrap\"><span class=\"et-pb-icon et_animated et_animated\">l<\/span><\/span><\/div><div class=\"et_pb_blurb_container\"><h4 class=\"et_pb_module_header\">s&#039;enregistrer<\/h4><div class=\"et_pb_blurb_description\"><p>Restez \u00e0 l&rsquo;\u00e9coute de notre Newsletter! Nous envoyons des offres et des informations importantes de temps en temps. Souscriptez d&rsquo;\u00e9mettre la Newsletter. <\/p>\n<\/div><\/div><\/div><\/div><div class=\"et_pb_text_0 et_pb_text et_pb_bg_layout_light et_pb_module et_block_module\"><div class=\"et_pb_text_inner\"><p><!-- Begin Mailchimp Signup Form -->\n<link href=\"\/\/cdn-images.mailchimp.com\/embedcode\/classic-10_7.css\" rel=\"stylesheet\" type=\"text\/css\">\n<style type=\"text\/css\">\n\t#mc_embed_signup{background:#fff; clear:left; font:14px Helvetica,Arial,sans-serif; }\n\t\/* Add your own Mailchimp form style overrides in your site stylesheet or in this style block.\n\t   We recommend moving this block and the preceding CSS link to the HEAD of your HTML file. *\/\n<\/style>\n<style type=\"text\/css\">\n\t#mc-embedded-subscribe-form input[type=checkbox]{display: inline; width: auto;margin-right: 10px;}\n\t#mergeRow-gdpr {margin-top: 20px;}\n\t#mergeRow-gdpr fieldset label {font-weight: normal;}\n\t#mc-embedded-subscribe-form .mc_fieldset{border:none;min-height: 0px;padding-bottom:0px;}\n<\/style>\n<div id=\"mc_embed_signup\">\n<form action=\"https:\/\/campericeland.us7.list-manage.com\/subscribe\/post?u=7679fd8fc9744e86fe870ae87&amp;id=4a6d5d54f5\" method=\"post\" id=\"mc-embedded-subscribe-form\" name=\"mc-embedded-subscribe-form\" class=\"validate\" target=\"_blank\" novalidate=\"\">\n<div id=\"mc_embed_signup_scroll\">\n<h2>s&rsquo;inscrire<\/h2>\n<div class=\"indicates-required\"><span class=\"asterisk\">indique<\/span> les besoins<\/div>\n<div class=\"mc-field-group\">\n\t<label for=\"mce-EMAIL\">Adresse <span class=\"asterisk\">d&#8217;email<\/span><br \/>\n<\/label><br \/>\n\t<input type=\"email\" value=\"\" name=\"EMAIL\" class=\"required email\" id=\"mce-EMAIL\">\n<\/div>\n<div class=\"mc-field-group\">\n\t<label for=\"mce-FNAME\">Pr\u00e9nom <span class=\"asterisk\">(pr\u00e9nom)<\/span><br \/>\n<\/label><br \/>\n\t<input type=\"text\" value=\"\" name=\"FNAME\" class=\"required\" id=\"mce-FNAME\">\n<\/div>\n<div class=\"mc-field-group\">\n\t<label for=\"mce-LNAME\"><span class=\"asterisk\">Nom<\/span> de famille<br \/>\n<\/label><br \/>\n\t<input type=\"text\" value=\"\" name=\"LNAME\" class=\"required\" id=\"mce-LNAME\">\n<\/div>\n<div class=\"mc-field-group size1of2\">\n\t<label for=\"mce-MMERGE5\">T\u00e9l\u00e9phone <\/label><br \/>\n\t<input type=\"text\" name=\"MMERGE5\" class=\"\" value=\"\" id=\"mce-MMERGE5\">\n<\/div>\n<div id=\"mergeRow-gdpr\" class=\"mergeRow gdpr-mergeRow content__gdprBlock mc-field-group\">\n<div class=\"content__gdpr\">\n        <label>Autorisation de mise sur le marketing<\/label><\/p>\n<p>Camper Islande utilisera les informations que vous fournissez sur ce formulaire pour \u00eatre en contact avec vous et pour fournir des mises \u00e0 jour et du marketing. S&rsquo;il vous pla\u00eet laissez-nous savoir toutes les fa\u00e7ons dont vous souhaitez entendre de nous:<\/p>\n<fieldset class=\"mc_fieldset gdprRequired mc-field-group\" name=\"interestgroup_field\">\n\t\t<label class=\"checkbox subfield\" for=\"gdpr_2981\"><input type=\"checkbox\" id=\"gdpr_2981\" name=\"gdpr[2981]\" value=\"Y (y)\" class=\"av-checkbox gdpr\"><span>Courrier \u00e9lectronique<\/span> <\/label><label class=\"checkbox subfield\" for=\"gdpr_20613\"><input type=\"checkbox\" id=\"gdpr_20613\" name=\"gdpr[20613]\" value=\"Y (y)\" class=\"av-checkbox gdpr\"><span>Telefone<\/span> <\/label><br \/>\n        <\/fieldset>\n<p>Vous pouvez changer d&rsquo;avis \u00e0 tout moment en cliquant sur le lien de d\u00e9sabonnement dans le pied de n&rsquo;importe quel e-mail que vous recevez de nous, ou en nous contactant \u00e0 info@campericeland.com. Nous traiterons vos informations avec respect. Pour de plus amples renseignements sur nos pratiques en mati\u00e8re de protection de la vie priv\u00e9e, veuillez visiter notre site Web. En cliquant ci-dessous, vous acceptez que nous puissions traiter vos informations conform\u00e9ment \u00e0 ces termes.<\/p>\n<\/p><\/div>\n<div class=\"content__gdprLegal\">\n<p>Nous utilisons Mailchimp comme plate-forme de marketing. En cliquant ci-dessous pour vous abonner, vous reconnaissez que vos informations seront transf\u00e9r\u00e9es \u00e0 Mailchimp pour traitement. <a href=\"https:\/\/mailchimp.com\/legal\/\" target=\"_blank\" rel=\"noopener noreferrer\">Pour en savoir plus sur les pratiques de Mailchimp en mati\u00e8re de protection de la vie priv\u00e9e, cliquez ici.<\/a><\/p>\n<\/p><\/div>\n<\/div>\n<div id=\"mce-responses\" class=\"clear\">\n<div class=\"response\" id=\"mce-error-response\" style=\"display:none\"><\/div>\n<div class=\"response\" id=\"mce-success-response\" style=\"display:none\"><\/div>\n<\/p><\/div>\n<p>    <!-- real people should not fill this in and expect good things - do not remove this or risk form bot signups--><\/p>\n<div style=\"position: absolute; left: -5000px;\" aria-hidden=\"true\"><input type=\"text\" name=\"b_7679fd8fc9744e86fe870ae87_4a6d5d54f5\" tabindex=\"-1\" value=\"\"><\/div>\n<div class=\"clear\"><input type=\"submit\" value=\"s'inscrire\" name=\"subscribe\" id=\"mc-embedded-subscribe\" class=\"button\"><\/div>\n<\/p><\/div>\n<\/form>\n<\/div>\n<p><script type=\"text\/javascript\" src=\"\/\/s3.amazonaws.com\/downloads.mailchimp.com\/js\/mc-validate.js\"><\/script><script type=\"text\/javascript\">(function($) {window.fnames = new Array(); window.ftypes = new Array();fnames[0]='EMAIL';ftypes[0]='email';fnames[1]='FNAME';ftypes[1]='text';fnames[2]='LNAME';ftypes[2]='text';fnames[5]='MMERGE5';ftypes[5]='phone';}(jQuery));var $mcj = jQuery.noConflict(true);<\/script><br \/>\n<!--End mc_embed_signup--><\/p>\n<\/div><\/div><\/div><div class=\"et_pb_column_4 et_pb_column et_pb_column_1_5 et-last-child et_block_column et_pb_column_empty et_pb_css_mix_blend_mode_passthrough\"><\/div><\/div><\/div><div class=\"et_pb_section_2 et_pb_section et_section_regular et_block_section\"><div class=\"et_pb_row_2 et_pb_row et_block_row\"><div class=\"et_pb_column_5 et_pb_column et_pb_column_4_4 et-last-child et_block_column et_pb_css_mix_blend_mode_passthrough\"><ul class=\"et_pb_social_media_follow_0 et_pb_social_media_follow clearfix et_pb_bg_layout_light et_pb_text_align_center et_pb_module et_block_module\"><li class=\"et_pb_social_media_follow_network_0 et_pb_social_media_follow_network et_pb_social_icon et_pb_social_network_link et-social-facebook et_pb_module et_flex_module\"><a href=\"https:\/\/www.facebook.com\/campericeland\" class=\"icon\" target=\"_self\" title=\"Suivre sur Facebook\" rel=\"noopener\"><span class=\"et_pb_social_media_follow_network_name\">Suivre<\/span><\/a><\/li><li class=\"et_pb_social_media_follow_network_1 et_pb_social_media_follow_network et_pb_social_icon et_pb_social_network_link et-social-twitter et_pb_module et_flex_module\"><a href=\"https:\/\/twitter.com\/campericeland\" class=\"icon\" target=\"_self\" title=\"Suivre sur Twitter\" rel=\"noopener\"><span class=\"et_pb_social_media_follow_network_name\">Suivre<\/span><\/a><\/li><li class=\"et_pb_social_media_follow_network_2 et_pb_social_media_follow_network et_pb_social_icon et_pb_social_network_link et-social-youtube et_pb_module et_flex_module\"><a href=\"http:\/\/youtube.com\/campericeland\" class=\"icon\" target=\"_self\" title=\"Suivre sur Youtube\" rel=\"noopener\"><span class=\"et_pb_social_media_follow_network_name\">Suivre<\/span><\/a><\/li><li class=\"et_pb_social_media_follow_network_3 et_pb_social_media_follow_network et_pb_social_icon et_pb_social_network_link et-social-instagram et_pb_module et_flex_module\"><a href=\"http:\/\/instagram.com\/campericeland\" class=\"icon\" target=\"_self\" title=\"Suivre sur Instagram\" rel=\"noopener\"><span class=\"et_pb_social_media_follow_network_name\">Suivre<\/span><\/a><\/li><\/ul><\/div><\/div><\/div>","protected":false},"excerpt":{"rendered":"","protected":false},"author":1,"featured_media":40097,"parent":41610,"menu_order":0,"comment_status":"closed","ping_status":"closed","template":"","meta":{"_acf_changed":false,"jetpack_post_was_ever_published":false,"footnotes":""},"class_list":["post-41620","page","type-page","status-publish","has-post-thumbnail","hentry"],"acf":[],"jetpack_sharing_enabled":true,"jetpack_shortlink":"https:\/\/wp.me\/P569lP-aPi","jetpack-related-posts":[{"id":48126,"url":"https:\/\/www.camper.is\/fr\/vegv-sir-wayfinder-pour-les-voyageurs\/enregistrer-voyage-a-lexterieur-fr\/","url_meta":{"origin":41620,"position":0},"title":"Enregistrer Voyage \u00e0 l&rsquo;ext\u00e9rieur FR","author":"admin","date":"23 juin 2021","format":false,"excerpt":"En plein air Une bonne pr\u00e9paration est la cl\u00e9 d'un voyage r\u00e9ussi. Gardez les points ci-dessous \u00e0 l'esprit et rappelez-vous que votre premi\u00e8re destination doit toujours \u00eatre cette page d'accueil. Laissez toujours votre plan de voyage \u00e0 quelqu'un qui peut r\u00e9agir si n\u00e9cessaire Consultez les pr\u00e9visions m\u00e9t\u00e9o. En Islande, le\u2026","rel":"","context":"Article similaire","block_context":{"text":"Article similaire","link":""},"img":{"alt_text":"","src":"","width":0,"height":0},"classes":[]},{"id":71840,"url":"https:\/\/www.camper.is\/fr\/lieux-a-visiter-en-islande\/","url_meta":{"origin":41620,"position":1},"title":"CAMPER CARTE DE L&rsquo;ISLANDE","author":"admin","date":"15 juin 2025","format":false,"excerpt":"Merveilles du Cercle d'Or Parc national de Thingvellir (\u00deingvellir) : Un site class\u00e9 au patrimoine mondial de l'UNESCO, historiquement significatif en tant que site de l'ancien parlement islandais, et g\u00e9ologiquement unique o\u00f9 les plaques tectoniques nord-am\u00e9ricaine et eurasienne s'\u00e9cartent l'une de l'autre. Vous pouvez m\u00eame plonger ou faire de la\u2026","rel":"","context":"Article similaire","block_context":{"text":"Article similaire","link":""},"img":{"alt_text":"","src":"","width":0,"height":0},"classes":[]},{"id":75084,"url":"https:\/\/www.camper.is\/fr\/nouvelles-de-lislande-et-depeches-hebdomadaires-camper-iceland\/","url_meta":{"origin":41620,"position":2},"title":"Nouvelles de l&rsquo;Islande et d\u00e9p\u00eaches hebdomadaires | Camper Iceland","author":"admin","date":"26 mars 2026","format":false,"excerpt":"Gardez une longueur d'avance sur la temp\u00eate gr\u00e2ce aux mises \u00e0 jour hebdomadaires en provenance du c\u0153ur de l'Islande. Depuis 1987, nous fournissons des rapports d'experts sur les routes, des alertes m\u00e9t\u00e9o et les conditions de la route Highland F. Obtenez les derni\u00e8res nouvelles de la flotte et des conseils\u2026","rel":"","context":"Article similaire","block_context":{"text":"Article similaire","link":""},"img":{"alt_text":"","src":"https:\/\/i0.wp.com\/www.camper.is\/wp-content\/uploads\/2026\/03\/family_badging_camper_iceland-scaled.png?fit=1200%2C654&quality=72&ssl=1&resize=350%2C200","width":350,"height":200,"srcset":"https:\/\/i0.wp.com\/www.camper.is\/wp-content\/uploads\/2026\/03\/family_badging_camper_iceland-scaled.png?fit=1200%2C654&quality=72&ssl=1&resize=350%2C200 1x, https:\/\/i0.wp.com\/www.camper.is\/wp-content\/uploads\/2026\/03\/family_badging_camper_iceland-scaled.png?fit=1200%2C654&quality=72&ssl=1&resize=525%2C300 1.5x, https:\/\/i0.wp.com\/www.camper.is\/wp-content\/uploads\/2026\/03\/family_badging_camper_iceland-scaled.png?fit=1200%2C654&quality=72&ssl=1&resize=700%2C400 2x, https:\/\/i0.wp.com\/www.camper.is\/wp-content\/uploads\/2026\/03\/family_badging_camper_iceland-scaled.png?fit=1200%2C654&quality=72&ssl=1&resize=1050%2C600 3x"},"classes":[]},{"id":68246,"url":"https:\/\/www.camper.is\/fr\/vue-densemble-de-camper-iceland\/camping-car-5-hel\/","url_meta":{"origin":41620,"position":3},"title":"Camping-car 5 HEL","author":"admin","date":"8 octobre 2024","format":false,"excerpt":"","rel":"","context":"Article similaire","block_context":{"text":"Article similaire","link":""},"img":{"alt_text":"","src":"https:\/\/i0.wp.com\/www.camper.is\/wp-content\/uploads\/2024\/08\/MH5_HEL.jpeg?fit=800%2C800&quality=80&ssl=1&resize=350%2C200","width":350,"height":200,"srcset":"https:\/\/i0.wp.com\/www.camper.is\/wp-content\/uploads\/2024\/08\/MH5_HEL.jpeg?fit=800%2C800&quality=80&ssl=1&resize=350%2C200 1x, https:\/\/i0.wp.com\/www.camper.is\/wp-content\/uploads\/2024\/08\/MH5_HEL.jpeg?fit=800%2C800&quality=80&ssl=1&resize=525%2C300 1.5x, https:\/\/i0.wp.com\/www.camper.is\/wp-content\/uploads\/2024\/08\/MH5_HEL.jpeg?fit=800%2C800&quality=80&ssl=1&resize=700%2C400 2x"},"classes":[]},{"id":49843,"url":"https:\/\/www.camper.is\/fr\/vegv-sir-wayfinder-pour-les-voyageurs\/avertissement\/","url_meta":{"origin":41620,"position":4},"title":"avertissement","author":"admin","date":"20 avril 2022","format":false,"excerpt":"Avertissement Clause de non-responsabilit\u00e9 du site Web Le mat\u00e9riel contenu sur le site Web de Camper Iceland est uniquement \u00e0 des fins d'information. Il ne contient aucun conseil ou recommandation juridique et ne peut se substituer \u00e0 un conseil individuel. La transmission d'informations \u00e0 partir de ce site Web, ou\u2026","rel":"","context":"Article similaire","block_context":{"text":"Article similaire","link":""},"img":{"alt_text":"","src":"","width":0,"height":0},"classes":[]},{"id":48134,"url":"https:\/\/www.camper.is\/fr\/vegv-sir-wayfinder-pour-les-voyageurs\/enregistrer-voyage-icelandic-nature-fr\/","url_meta":{"origin":41620,"position":5},"title":"Enregistrer Voyage Icelandic Nature FR","author":"admin","date":"23 juin 2021","format":false,"excerpt":"Nature La nature islandaise est unique en son genre et nous y sommes attir\u00e9s encore et encore, mais en m\u00eame temps, voyager dans la nature peut \u00eatre dangereux, nous devons donc garder ce qui suit \u00e0 l'esprit Obtenez de bonnes informations sur la r\u00e9gion dans laquelle vous vous rendez Les\u2026","rel":"","context":"Article similaire","block_context":{"text":"Article similaire","link":""},"img":{"alt_text":"","src":"","width":0,"height":0},"classes":[]}],"_links":{"self":[{"href":"https:\/\/www.camper.is\/fr\/wp-json\/wp\/v2\/pages\/41620","targetHints":{"allow":["GET"]}}],"collection":[{"href":"https:\/\/www.camper.is\/fr\/wp-json\/wp\/v2\/pages"}],"about":[{"href":"https:\/\/www.camper.is\/fr\/wp-json\/wp\/v2\/types\/page"}],"author":[{"embeddable":true,"href":"https:\/\/www.camper.is\/fr\/wp-json\/wp\/v2\/users\/1"}],"replies":[{"embeddable":true,"href":"https:\/\/www.camper.is\/fr\/wp-json\/wp\/v2\/comments?post=41620"}],"version-history":[{"count":10,"href":"https:\/\/www.camper.is\/fr\/wp-json\/wp\/v2\/pages\/41620\/revisions"}],"predecessor-version":[{"id":75844,"href":"https:\/\/www.camper.is\/fr\/wp-json\/wp\/v2\/pages\/41620\/revisions\/75844"}],"up":[{"embeddable":true,"href":"https:\/\/www.camper.is\/fr\/wp-json\/wp\/v2\/pages\/41610"}],"wp:featuredmedia":[{"embeddable":true,"href":"https:\/\/www.camper.is\/fr\/wp-json\/wp\/v2\/media\/40097"}],"wp:attachment":[{"href":"https:\/\/www.camper.is\/fr\/wp-json\/wp\/v2\/media?parent=41620"}],"curies":[{"name":"wp","href":"https:\/\/api.w.org\/{rel}","templated":true}]}}