{"id":41587,"date":"2019-11-17T16:16:45","date_gmt":"2019-11-17T16:16:45","guid":{"rendered":"https:\/\/www.campericeland.is\/camper-islande-votre-motor-home-et-4x4-societe-de-location-en-islande\/"},"modified":"2026-04-07T06:26:52","modified_gmt":"2026-04-07T06:26:52","slug":"camper-islande-votre-motor-home-et-4x4-societe-de-location-en-islande","status":"publish","type":"page","link":"https:\/\/www.camper.is\/fr\/camper-islande-votre-motor-home-et-4x4-societe-de-location-en-islande\/","title":{"rendered":"Camper Islande, votre motor home et 4&#215;4 soci\u00e9t\u00e9 de location en Islande"},"content":{"rendered":"<span class=\"et_bloom_bottom_trigger\"><\/span>","protected":false},"excerpt":{"rendered":"<p>Voyagez en Islande avec une entreprise familiale qui vend des voyages en Islande depuis 1987. Camper Iceland propose une flotte vari\u00e9e de camping-cars et de 4&#215;4, offrant un moyen flexible et rentable d&rsquo;explorer les paysages \u00e9poustouflants du pays. Profitez de la libert\u00e9 de profiter du beau temps, \u00e9conomisez de l&rsquo;argent en cuisinant vos propres repas et cr\u00e9ez une aventure inoubliable selon vos propres termes.  <\/p>\n","protected":false},"author":1,"featured_media":39504,"parent":0,"menu_order":0,"comment_status":"closed","ping_status":"closed","template":"","meta":{"_acf_changed":false,"footnotes":""},"class_list":["post-41587","page","type-page","status-publish","has-post-thumbnail","hentry"],"acf":[],"jetpack_sharing_enabled":true,"_links":{"self":[{"href":"https:\/\/www.camper.is\/fr\/wp-json\/wp\/v2\/pages\/41587","targetHints":{"allow":["GET"]}}],"collection":[{"href":"https:\/\/www.camper.is\/fr\/wp-json\/wp\/v2\/pages"}],"about":[{"href":"https:\/\/www.camper.is\/fr\/wp-json\/wp\/v2\/types\/page"}],"author":[{"embeddable":true,"href":"https:\/\/www.camper.is\/fr\/wp-json\/wp\/v2\/users\/1"}],"replies":[{"embeddable":true,"href":"https:\/\/www.camper.is\/fr\/wp-json\/wp\/v2\/comments?post=41587"}],"version-history":[{"count":0,"href":"https:\/\/www.camper.is\/fr\/wp-json\/wp\/v2\/pages\/41587\/revisions"}],"wp:featuredmedia":[{"embeddable":true,"href":"https:\/\/www.camper.is\/fr\/wp-json\/wp\/v2\/media\/39504"}],"wp:attachment":[{"href":"https:\/\/www.camper.is\/fr\/wp-json\/wp\/v2\/media?parent=41587"}],"curies":[{"name":"wp","href":"https:\/\/api.w.org\/{rel}","templated":true}]}}