{"id":41579,"date":"2019-11-17T16:16:38","date_gmt":"2019-11-17T16:16:38","guid":{"rendered":"https:\/\/www.campericeland.is\/extras\/"},"modified":"2026-04-07T06:26:43","modified_gmt":"2026-04-07T06:26:43","slug":"extras","status":"publish","type":"page","link":"https:\/\/www.camper.is\/fr\/tarifs\/extras\/","title":{"rendered":"Extras"},"content":{"rendered":"\n<div class=\"et_pb_section_0 et_pb_section et_section_regular et_block_section\"><div class=\"et_pb_row_0 et_pb_row et_block_row\"><div class=\"et_pb_column_0 et_pb_column et_pb_column_1_2 et_block_column et_pb_css_mix_blend_mode_passthrough\"><div class=\"et_pb_text_0 et_pb_text et_pb_bg_layout_light et_pb_module et_block_module\"><div class=\"et_pb_text_inner\"><h2><\/h2>\n<h2>Camper Islande \"Inclus et Extras\" (en anglais)<\/h2>\n<p>&nbsp;<\/p>\n<p><strong>Ce qui est inclus dans vos frais de location quotidiens (prix par jour, pas par 24 heures) :<\/strong><\/p>\n<p>-TVA<\/p>\n<p>-200 km par jour (en option : km illimit\u00e9s)<\/p>\n<p>-Assurance CDW de base (options CDW suppl\u00e9mentaires disponibles en suppl\u00e9ment)<\/p>\n<p>-<strong>Forfait<\/strong> inclus : Service de navette de\/vers l'a\u00e9roport international de Keflav\u00edk, instructions personnelles au moment de l'embarquement et assistance pendant votre voyage.<\/p>\n<p>&nbsp;<\/p>\n<p>Service de navette : Apr\u00e8s votre arriv\u00e9e \u00e0 l'a\u00e9roport international de Keflav\u00edk (KEF) et apr\u00e8s avoir r\u00e9cup\u00e9r\u00e9 vos bagages, veuillez appeler le num\u00e9ro de t\u00e9l\u00e9phone suivant :<\/p>\n<p>+354 553 6000.<\/p>\n<p>Une fois que vous nous aurez contact\u00e9s, notre \u00e9quipe vous confirmera un point de rencontre. De l\u00e0, notre service de navette viendra vous chercher et vous emm\u00e8nera directement \u00e0 Camper Iceland. <\/p>\n<p>&nbsp;<\/p>\n<p>&nbsp;<\/p>\n<p>&nbsp;<\/p>\n<p><strong>\u00c9quipement du v\u00e9hicule (obligatoire - payant)<\/strong><\/p>\n<p><strong>Paquet de base :<\/strong> Bouteille de gaz, produits chimiques pour les toilettes, papier hygi\u00e9nique et c\u00e2ble 220V<\/p>\n<p><strong>Kit de camping :<\/strong> kit de cuisine complet (vaisselle, couverts, casseroles, po\u00eales, bols, etc.) et linge de lit, couverture, oreiller et serviettes pour chaque passager.<\/p>\n<p>&nbsp;<\/p>\n<p>&nbsp;<\/p>\n<p><strong>Les extras que nous avons mis en place sont tr\u00e8s appr\u00e9ci\u00e9s, en particulier les chaises de camping, les tables et bien d'autres choses encore. Nous vous conseillons de r\u00e9server les extras \u00e0 l'avance. <\/strong><\/p>\n<p><strong>Veuillez consulter la liste des articles suppl\u00e9mentaires ci-dessous :  <\/strong><\/p>\n<\/div><\/div><\/div><div class=\"et_pb_column_1 et_pb_column et_pb_column_1_2 et-last-child et_block_column et_pb_css_mix_blend_mode_passthrough\"><div class=\"et_pb_image_0 et_pb_image et_pb_module et_block_module\"><a href=\"https:\/\/i0.wp.com\/www.camper.is\/wp-content\/uploads\/2025\/05\/1000062028.jpeg?quality=80&#038;ssl=1\" class=\"et_pb_lightbox_image\"><span class=\"et_pb_image_wrap\"><img data-recalc-dims=\"1\" loading=\"lazy\" decoding=\"async\" src=\"https:\/\/i0.wp.com\/www.camper.is\/wp-content\/uploads\/2025\/05\/1000062028.jpeg?resize=462%2C640&#038;quality=80&#038;ssl=1\" width=\"462\" height=\"640\" srcset=\"https:\/\/i0.wp.com\/www.camper.is\/wp-content\/uploads\/2025\/05\/1000062028.jpeg?w=462&amp;quality=80&amp;ssl=1 462w, https:\/\/i0.wp.com\/www.camper.is\/wp-content\/uploads\/2025\/05\/1000062028.jpeg?resize=217%2C300&amp;quality=80&amp;ssl=1 217w\" sizes=\"(max-width: 462px) 100vw, 462px\" class=\"wp-image-71454\" title=\"1000062028\" alt=\"\"><\/span><\/a><\/div><div class=\"et_pb_video_0 et_pb_video et_pb_module et_block_module\"><div class=\"et_pb_video_box\"><iframe loading=\"lazy\" title=\"Camper Iceland - our Camping Kit\" width=\"563\" height=\"1000\" src=\"https:\/\/www.youtube.com\/embed\/HZyZ2aqqxj0?feature=oembed\"  allow=\"accelerometer; autoplay; clipboard-write; encrypted-media; gyroscope; picture-in-picture; web-share\" referrerpolicy=\"strict-origin-when-cross-origin\" allowfullscreen><\/iframe><\/div><\/div><\/div><\/div><div class=\"et_pb_row_1 et_pb_row et_block_row\"><div class=\"et_pb_column_2 et_pb_column et_pb_column_4_4 et-last-child et_block_column et_pb_css_mix_blend_mode_passthrough\"><div class=\"et_pb_image_1 et_pb_image et_pb_module et_block_module\"><a href=\"https:\/\/i0.wp.com\/www.camper.is\/wp-content\/uploads\/2025\/08\/Rates_Extras_2026-1.jpeg?quality=80&#038;ssl=1\" class=\"et_pb_lightbox_image\"><span class=\"et_pb_image_wrap\"><img data-recalc-dims=\"1\" loading=\"lazy\" decoding=\"async\" src=\"https:\/\/i0.wp.com\/www.camper.is\/wp-content\/uploads\/2025\/08\/Rates_Extras_2026-1.jpeg?resize=906%2C1280&#038;quality=80&#038;ssl=1\" width=\"906\" height=\"1280\" srcset=\"https:\/\/www.camper.is\/wp-content\/uploads\/2025\/08\/Rates_Extras_2026-1.jpeg 906w, https:\/\/www.camper.is\/wp-content\/uploads\/2025\/08\/Rates_Extras_2026-1-480x678.jpeg 480w\" sizes=\"(min-width: 0px) and (max-width: 480px) 480px, (min-width: 481px) 906px, 100vw\" class=\"wp-image-72824\" title=\"Tarifs_Extras_2026 - 1\" alt=\"\"><\/span><\/a><\/div><\/div><\/div><\/div><div class=\"et_pb_section_1 et_pb_section et_section_regular et_block_section\"><div class=\"et_pb_row_2 et_pb_row et_pb_equal_columns et_block_row et_animated\"><div class=\"et_pb_column_3 et_pb_column et_pb_column_1_3 et_block_column et_pb_css_mix_blend_mode_passthrough\"><div class=\"et_pb_text_1 et_pb_text et_pb_bg_layout_light et_animated et_pb_module et_block_module et_pb_text_align_center\"><div class=\"et_pb_text_inner\"><h2 style=\"text-align: center;\"><strong>Bouteille de gaz<\/strong><\/h2>\n<p style=\"text-align: center;\"><img data-recalc-dims=\"1\" loading=\"lazy\" decoding=\"async\" class=\"wp-image-2492 aligncenter\" src=\"https:\/\/i0.wp.com\/www.campericeland.is\/wp-content\/uploads\/2016\/08\/extras_web_gazbottle-300x300.png?resize=150%2C150&#038;quality=72&#038;ssl=1\" alt=\"\" width=\"150\" height=\"150\" title=\"\" srcset=\"https:\/\/i0.wp.com\/www.camper.is\/wp-content\/uploads\/2016\/08\/extras_web_gazbottle.png?resize=300%2C300&amp;quality=72&amp;ssl=1 300w, https:\/\/i0.wp.com\/www.camper.is\/wp-content\/uploads\/2016\/08\/extras_web_gazbottle.png?resize=150%2C150&amp;quality=72&amp;ssl=1 150w, https:\/\/i0.wp.com\/www.camper.is\/wp-content\/uploads\/2016\/08\/extras_web_gazbottle.png?w=366&amp;quality=72&amp;ssl=1 366w\" sizes=\"(max-width: 150px) 100vw, 150px\" \/><br \/>La bouteille de gaz est un \u00e9l\u00e9ment optionnel dans nos 4x4 Camper 4 et Motor Homes.  <\/p>\n<p style=\"text-align: center;\">Nous avons choisi la bouteille de gaz pour tous nos v\u00e9hicules parce que c'est la bouteille de gaz la plus commune (LP) en Islande.<\/p>\n<\/div><\/div><div class=\"et_pb_text_2 et_pb_text et_pb_bg_layout_light et_animated et_pb_module et_block_module et_pb_text_align_center\"><div class=\"et_pb_text_inner\"><h2><strong>Trousse de camping<\/strong><\/h2>\n<p>  <img data-recalc-dims=\"1\" loading=\"lazy\" decoding=\"async\" src=\"https:\/\/i0.wp.com\/www.camper.is\/wp-content\/uploads\/2025\/05\/1000062028.jpeg?resize=217%2C300&#038;quality=80&#038;ssl=1\" width=\"217\" height=\"300\" alt=\"\" class=\"wp-image-71454 alignnone size-medium\" title=\"\" srcset=\"https:\/\/i0.wp.com\/www.camper.is\/wp-content\/uploads\/2025\/05\/1000062028.jpeg?resize=217%2C300&amp;quality=80&amp;ssl=1 217w, https:\/\/i0.wp.com\/www.camper.is\/wp-content\/uploads\/2025\/05\/1000062028.jpeg?w=462&amp;quality=80&amp;ssl=1 462w\" sizes=\"(max-width: 217px) 100vw, 217px\" \/>                   <img data-recalc-dims=\"1\" loading=\"lazy\" decoding=\"async\" src=\"https:\/\/i0.wp.com\/www.camper.is\/wp-content\/uploads\/2025\/05\/1000062056.jpeg?resize=300%2C169&#038;quality=80&#038;ssl=1\" width=\"300\" height=\"169\" alt=\"\" class=\"wp-image-71462 alignnone size-medium\" title=\"\"><\/p>\n<p>Le kit camping est obligatoire et fournit \u00e0 chaque passager tout le n\u00e9cessaire pour dormir (draps, oreillers, couvertures et serviettes pour chaque passager) ainsi qu'un n\u00e9cessaire de cuisine (vaisselle, couverts, tasses, casseroles, casseroles, bols, etc.).<\/p>\n<\/div><\/div><div class=\"et_pb_text_3 et_pb_text et_pb_bg_layout_light et_animated et_pb_module et_block_module et_pb_text_align_center\"><div class=\"et_pb_text_inner\"><h2 style=\"text-align: center;\"><strong>Si\u00e8ge d'appoint pour enfant<\/strong><\/h2>\n<p style=\"text-align: center;\"><img data-recalc-dims=\"1\" loading=\"lazy\" decoding=\"async\" class=\"alignnone size-thumbnail wp-image-2481\" src=\"https:\/\/i0.wp.com\/www.campericeland.is\/wp-content\/uploads\/2016\/08\/extras_web_childseat-150x150.png?resize=150%2C150&#038;quality=72&#038;ssl=1\" alt=\"\" width=\"150\" height=\"150\" title=\"\" srcset=\"https:\/\/i0.wp.com\/www.camper.is\/wp-content\/uploads\/2016\/08\/extras_web_childseat.png?resize=150%2C150&amp;quality=72&amp;ssl=1 150w, https:\/\/i0.wp.com\/www.camper.is\/wp-content\/uploads\/2016\/08\/extras_web_childseat.png?resize=300%2C300&amp;quality=72&amp;ssl=1 300w, https:\/\/i0.wp.com\/www.camper.is\/wp-content\/uploads\/2016\/08\/extras_web_childseat.png?w=366&amp;quality=72&amp;ssl=1 366w\" sizes=\"(max-width: 150px) 100vw, 150px\" \/><br \/>Un si\u00e8ge d'appoint pour enfant est semblable \u00e0 un coussin. Un suppl\u00e9ment important juridiquement et de s\u00e9curit\u00e9 pour vous amener \u00e0 la bonne position pour la ceinture de s\u00e9curit\u00e9.<\/p>\n<\/div><\/div><div class=\"et_pb_text_4 et_pb_text et_pb_bg_layout_light et_animated et_pb_module et_block_module et_pb_text_align_center\"><div class=\"et_pb_text_inner\"><h2 style=\"text-align: center;\"><strong>Fin du nettoyage<\/strong><\/h2>\n<p style=\"text-align: center;\"><img data-recalc-dims=\"1\" loading=\"lazy\" decoding=\"async\" class=\"alignnone size-thumbnail wp-image-2482\" src=\"https:\/\/i0.wp.com\/www.campericeland.is\/wp-content\/uploads\/2016\/08\/extras_web_cleaning-end-150x150.png?resize=150%2C150&#038;quality=72&#038;ssl=1\" alt=\"\" width=\"150\" height=\"150\" title=\"\" srcset=\"https:\/\/i0.wp.com\/www.camper.is\/wp-content\/uploads\/2016\/08\/extras_web_cleaning-end.png?resize=150%2C150&amp;quality=72&amp;ssl=1 150w, https:\/\/i0.wp.com\/www.camper.is\/wp-content\/uploads\/2016\/08\/extras_web_cleaning-end.png?resize=300%2C300&amp;quality=72&amp;ssl=1 300w, https:\/\/i0.wp.com\/www.camper.is\/wp-content\/uploads\/2016\/08\/extras_web_cleaning-end.png?w=366&amp;quality=72&amp;ssl=1 366w\" sizes=\"(max-width: 150px) 100vw, 150px\" \/><br \/>Si vous manquez de temps ou si vous souhaitez rendre le v\u00e9hicule sans avoir \u00e0 le nettoyer pendant de nombreuses heures, nous pouvons le faire pour vous. Le v\u00e9hicule doit autrement \u00eatre retourn\u00e9 aussi propre que vous l'avez re\u00e7u. Avec cette option vous n'avez qu'\u00e0 retirer vos affaires, brosser les sols et nettoyer l'ext\u00e9rieur pour que la d\u00e9pose de proc\u00e9dure soit possible (Nous ne pouvons pas v\u00e9rifier l'\u00e9tat des v\u00e9hicules qui sont pleins de boue, de poussi\u00e8re et de sable). Nettoyage final des toilettes : suppl\u00e9ment de prix.<\/p>\n<\/div><\/div><\/div><div class=\"et_pb_column_4 et_pb_column et_pb_column_1_3 et_block_column et_pb_css_mix_blend_mode_passthrough\"><div class=\"et_pb_text_5 et_pb_text et_pb_bg_layout_light et_animated et_pb_module et_block_module et_pb_text_align_center\"><div class=\"et_pb_text_inner\"><h2 style=\"text-align: center;\"><strong>Table et chaises<\/strong><\/h2>\n<p style=\"text-align: center;\"><img data-recalc-dims=\"1\" loading=\"lazy\" decoding=\"async\" class=\"wp-image-2509 aligncenter\" src=\"https:\/\/i0.wp.com\/www.campericeland.is\/wp-content\/uploads\/2016\/08\/extras_web_table_chair-300x300.png?resize=150%2C150&#038;quality=72&#038;ssl=1\" alt=\"\" width=\"150\" height=\"150\" title=\"\" srcset=\"https:\/\/i0.wp.com\/www.camper.is\/wp-content\/uploads\/2016\/08\/extras_web_table_chair.png?resize=300%2C300&amp;quality=72&amp;ssl=1 300w, https:\/\/i0.wp.com\/www.camper.is\/wp-content\/uploads\/2016\/08\/extras_web_table_chair.png?resize=150%2C150&amp;quality=72&amp;ssl=1 150w, https:\/\/i0.wp.com\/www.camper.is\/wp-content\/uploads\/2016\/08\/extras_web_table_chair.png?w=366&amp;quality=72&amp;ssl=1 366w\" sizes=\"(max-width: 150px) 100vw, 150px\" \/><\/p>\n<p style=\"text-align: center;\">C'est le suppl\u00e9ment le plus populaire. Il n'y a rien de plus agr\u00e9able que de pouvoir s'asseoir \u00e0 l'ext\u00e9rieur du camping-car ou du camping-car et profiter de la nature. Nous recommandons fortement cette option.<\/p>\n<\/div><\/div><div class=\"et_pb_text_6 et_pb_text et_pb_bg_layout_light et_animated et_pb_module et_block_module et_pb_text_align_center\"><div class=\"et_pb_text_inner\"><h2 style=\"text-align: center;\"><strong>Blocs de mise \u00e0 niveau pour VR <\/strong><\/h2>\n<p style=\"text-align: center;\"><a href=\"https:\/\/i0.wp.com\/www.campericeland.is\/wp-content\/uploads\/2014\/08\/Screen-Shot-2014-08-21-at-17.26.35.png?quality=72\" target=\"_blank\" rel=\"noopener\"><img data-recalc-dims=\"1\" loading=\"lazy\" decoding=\"async\" class=\"wp-image-2475 aligncenter\" src=\"https:\/\/i0.wp.com\/www.campericeland.is\/wp-content\/uploads\/2014\/08\/extras_web_wedge-300x300.png?resize=150%2C150&#038;quality=72&#038;ssl=1\" alt=\"\" width=\"150\" height=\"150\" title=\"\" srcset=\"https:\/\/i0.wp.com\/www.camper.is\/wp-content\/uploads\/2014\/08\/extras_web_wedge.png?resize=300%2C300&amp;quality=72&amp;ssl=1 300w, https:\/\/i0.wp.com\/www.camper.is\/wp-content\/uploads\/2014\/08\/extras_web_wedge.png?resize=150%2C150&amp;quality=72&amp;ssl=1 150w, https:\/\/i0.wp.com\/www.camper.is\/wp-content\/uploads\/2014\/08\/extras_web_wedge.png?w=366&amp;quality=72&amp;ssl=1 366w\" sizes=\"(max-width: 150px) 100vw, 150px\" \/><\/a><\/p>\n<p style=\"text-align: center;\">Le nivellement de votre v\u00e9hicule peut \u00eatre tr\u00e8s pratique. Par exemple, si votre par sur un champ et n'arrive pas \u00e0 obtenir le v\u00e9hicule de se tenir droit. Tout est en panne, le lit n'est pas droit, la cuisine n'est pas droite faisant couler l'huile sur un c\u00f4t\u00e9 de la casserole.<\/p>\n<\/div><\/div><div class=\"et_pb_text_7 et_pb_text et_pb_bg_layout_light et_animated et_pb_module et_block_module et_pb_text_align_center\"><div class=\"et_pb_text_inner\"><p style=\"text-align: center;\"><strong>Onduleur (300W)<\/strong><\/p>\n<p style=\"text-align: center;\"><img data-recalc-dims=\"1\" loading=\"lazy\" decoding=\"async\" class=\"alignnone size-thumbnail wp-image-2496\" src=\"https:\/\/i0.wp.com\/www.campericeland.is\/wp-content\/uploads\/2016\/08\/extras_web_inverter-150x150.png?resize=150%2C150&#038;quality=72&#038;ssl=1\" alt=\"\" width=\"150\" height=\"150\" title=\"\" srcset=\"https:\/\/i0.wp.com\/www.camper.is\/wp-content\/uploads\/2016\/08\/extras_web_inverter.png?resize=150%2C150&amp;quality=72&amp;ssl=1 150w, https:\/\/i0.wp.com\/www.camper.is\/wp-content\/uploads\/2016\/08\/extras_web_inverter.png?resize=300%2C300&amp;quality=72&amp;ssl=1 300w, https:\/\/i0.wp.com\/www.camper.is\/wp-content\/uploads\/2016\/08\/extras_web_inverter.png?w=366&amp;quality=72&amp;ssl=1 366w\" sizes=\"(max-width: 150px) 100vw, 150px\" \/><\/p>\n<p style=\"text-align: center;\">L'onduleur change 12V en 220V avec max. 300W (v\u00e9rifiez votre \u00e9quipement \u00e9lectrique). L'onduleur est plus que suffisant pour les ordinateurs portables, les tablettes, les t\u00e9l\u00e9phones, les camping-cars et plus encore. L'onduleur doit \u00eatre utilis\u00e9 pendant la conduite parce qu'il consomme beaucoup d'\u00e9lectricit\u00e9.<\/p>\n<\/div><\/div><\/div><div class=\"et_pb_column_5 et_pb_column et_pb_column_1_3 et-last-child et_block_column et_pb_css_mix_blend_mode_passthrough\"><div class=\"et_pb_text_8 et_pb_text et_pb_bg_layout_light et_animated et_pb_module et_block_module et_pb_text_align_center\"><div class=\"et_pb_text_inner\"><h2 style=\"text-align: center;\"><strong>Ensemble de produits chimiques de toilette<\/strong><\/h2>\n<p style=\"text-align: center;\"><img data-recalc-dims=\"1\" loading=\"lazy\" decoding=\"async\" class=\"size-thumbnail wp-image-2476 aligncenter\" src=\"https:\/\/i0.wp.com\/www.campericeland.is\/wp-content\/uploads\/2016\/08\/extras_web_aquakem-150x150.png?resize=150%2C150&#038;quality=72&#038;ssl=1\" alt=\"\" width=\"150\" height=\"150\" title=\"\" srcset=\"https:\/\/i0.wp.com\/www.camper.is\/wp-content\/uploads\/2016\/08\/extras_web_aquakem.png?resize=150%2C150&amp;quality=72&amp;ssl=1 150w, https:\/\/i0.wp.com\/www.camper.is\/wp-content\/uploads\/2016\/08\/extras_web_aquakem.png?resize=300%2C300&amp;quality=72&amp;ssl=1 300w, https:\/\/i0.wp.com\/www.camper.is\/wp-content\/uploads\/2016\/08\/extras_web_aquakem.png?w=366&amp;quality=72&amp;ssl=1 366w\" sizes=\"(max-width: 150px) 100vw, 150px\" \/><br \/>La chose \u00e0 avoir! Le produit chimique pour la fosse septique et la cassette des toilettes est tout aussi indispensable. Il tue toutes les odeurs et dissout vos d\u00e9chets presque instantan\u00e9ment.<\/p>\n<\/div><\/div><div class=\"et_pb_text_9 et_pb_text et_pb_bg_layout_light et_animated et_pb_module et_block_module et_pb_text_align_center\"><div class=\"et_pb_text_inner\"><h2 style=\"text-align: center;\"><strong>Si\u00e8ge d'enfant<\/strong><\/h2>\n<p style=\"text-align: center;\"><img data-recalc-dims=\"1\" loading=\"lazy\" decoding=\"async\" class=\"alignnone size-thumbnail wp-image-2477\" src=\"https:\/\/i0.wp.com\/www.campericeland.is\/wp-content\/uploads\/2016\/08\/extras_web_babyseat-150x150.png?resize=150%2C150&#038;quality=72&#038;ssl=1\" alt=\"\" width=\"150\" height=\"150\" title=\"\" srcset=\"https:\/\/i0.wp.com\/www.camper.is\/wp-content\/uploads\/2016\/08\/extras_web_babyseat.png?resize=150%2C150&amp;quality=72&amp;ssl=1 150w, https:\/\/i0.wp.com\/www.camper.is\/wp-content\/uploads\/2016\/08\/extras_web_babyseat.png?resize=300%2C300&amp;quality=72&amp;ssl=1 300w, https:\/\/i0.wp.com\/www.camper.is\/wp-content\/uploads\/2016\/08\/extras_web_babyseat.png?w=366&amp;quality=72&amp;ssl=1 366w\" sizes=\"(max-width: 150px) 100vw, 150px\" \/><br \/>Nous fournissons des si\u00e8ges enfant dans toutes les cat\u00e9gories. Camper Islande est une entreprise familiale avec beaucoup d'exp\u00e9rience dans le montage de si\u00e8ges dans tous les types de v\u00e9hicules. Nous vous recommandons de pr\u00e9louer cette option.<\/p>\n<\/div><\/div><div class=\"et_pb_text_10 et_pb_text et_pb_bg_layout_light et_animated et_pb_module et_block_module et_pb_text_align_center\"><div class=\"et_pb_text_inner\"><h2 style=\"text-align: center;\"><strong>Unit\u00e9 Wi-Fi<\/strong><\/h2>\n<p style=\"text-align: center;\"><img data-recalc-dims=\"1\" loading=\"lazy\" decoding=\"async\" class=\"alignnone size-thumbnail wp-image-2517\" src=\"https:\/\/i0.wp.com\/www.campericeland.is\/wp-content\/uploads\/2016\/08\/extras_web_wifidata-150x150.png?resize=150%2C150&#038;quality=72&#038;ssl=1\" alt=\"\" width=\"150\" height=\"150\" title=\"\" srcset=\"https:\/\/i0.wp.com\/www.camper.is\/wp-content\/uploads\/2016\/08\/extras_web_wifidata.png?resize=150%2C150&amp;quality=72&amp;ssl=1 150w, https:\/\/i0.wp.com\/www.camper.is\/wp-content\/uploads\/2016\/08\/extras_web_wifidata.png?resize=300%2C300&amp;quality=72&amp;ssl=1 300w, https:\/\/i0.wp.com\/www.camper.is\/wp-content\/uploads\/2016\/08\/extras_web_wifidata.png?w=366&amp;quality=72&amp;ssl=1 366w\" sizes=\"(max-width: 150px) 100vw, 150px\" \/><br \/>Le bo\u00eetier Wi-Fi (HOT SPOT) peut \u00eatre branch\u00e9 sur l'allume-cigare (12V) afin de recharger sa batterie. Pendant le voyage, vous pouvez y connecter (Wi-Fi) tous vos appareils et surfer sur le World Wide Web avec un forfait de donn\u00e9es illimit\u00e9.<\/p>\n<\/div><\/div><\/div><\/div><\/div>\n","protected":false},"excerpt":{"rendered":"","protected":false},"author":1,"featured_media":0,"parent":41578,"menu_order":4,"comment_status":"closed","ping_status":"closed","template":"","meta":{"_acf_changed":false,"jetpack_post_was_ever_published":false,"footnotes":""},"class_list":["post-41579","page","type-page","status-publish","hentry"],"acf":[],"jetpack_sharing_enabled":true,"jetpack_shortlink":"https:\/\/wp.me\/P569lP-aOD","jetpack-related-posts":[{"id":1163,"url":"https:\/\/www.camper.is\/rates\/extras\/","url_meta":{"origin":41579,"position":0},"title":"Extras","author":"admin","date":"21 ao\u00fbt 2014","format":false,"excerpt":"","rel":"","context":"Article similaire","block_context":{"text":"Article similaire","link":""},"img":{"alt_text":"","src":"","width":0,"height":0},"classes":[]},{"id":31584,"url":"https:\/\/www.camper.is\/es\/tarifas\/extras\/","url_meta":{"origin":41579,"position":1},"title":"Extras","author":"admin","date":"17 novembre 2019","format":false,"excerpt":"","rel":"","context":"Article similaire","block_context":{"text":"Article similaire","link":""},"img":{"alt_text":"","src":"","width":0,"height":0},"classes":[]},{"id":42121,"url":"https:\/\/www.camper.is\/de\/preise\/extras\/","url_meta":{"origin":41579,"position":2},"title":"Extras","author":"admin","date":"19 novembre 2019","format":false,"excerpt":"","rel":"","context":"Article similaire","block_context":{"text":"Article similaire","link":""},"img":{"alt_text":"","src":"","width":0,"height":0},"classes":[]},{"id":41936,"url":"https:\/\/www.camper.is\/nl\/tarieven\/extras\/","url_meta":{"origin":41579,"position":3},"title":"Extras","author":"admin","date":"19 novembre 2019","format":false,"excerpt":"","rel":"","context":"Article similaire","block_context":{"text":"Article similaire","link":""},"img":{"alt_text":"","src":"","width":0,"height":0},"classes":[]},{"id":1161,"url":"https:\/\/www.camper.is\/rates\/","url_meta":{"origin":41579,"position":4},"title":"Rates &#038; Extras","author":"admin","date":"21 ao\u00fbt 2014","format":false,"excerpt":"","rel":"","context":"Article similaire","block_context":{"text":"Article similaire","link":""},"img":{"alt_text":"","src":"","width":0,"height":0},"classes":[]},{"id":42118,"url":"https:\/\/www.camper.is\/de\/preise\/","url_meta":{"origin":41579,"position":5},"title":"Preise &amp; Extras","author":"admin","date":"19 novembre 2019","format":false,"excerpt":"","rel":"","context":"Article similaire","block_context":{"text":"Article similaire","link":""},"img":{"alt_text":"","src":"","width":0,"height":0},"classes":[]}],"_links":{"self":[{"href":"https:\/\/www.camper.is\/fr\/wp-json\/wp\/v2\/pages\/41579","targetHints":{"allow":["GET"]}}],"collection":[{"href":"https:\/\/www.camper.is\/fr\/wp-json\/wp\/v2\/pages"}],"about":[{"href":"https:\/\/www.camper.is\/fr\/wp-json\/wp\/v2\/types\/page"}],"author":[{"embeddable":true,"href":"https:\/\/www.camper.is\/fr\/wp-json\/wp\/v2\/users\/1"}],"replies":[{"embeddable":true,"href":"https:\/\/www.camper.is\/fr\/wp-json\/wp\/v2\/comments?post=41579"}],"version-history":[{"count":81,"href":"https:\/\/www.camper.is\/fr\/wp-json\/wp\/v2\/pages\/41579\/revisions"}],"predecessor-version":[{"id":75800,"href":"https:\/\/www.camper.is\/fr\/wp-json\/wp\/v2\/pages\/41579\/revisions\/75800"}],"up":[{"embeddable":true,"href":"https:\/\/www.camper.is\/fr\/wp-json\/wp\/v2\/pages\/41578"}],"wp:attachment":[{"href":"https:\/\/www.camper.is\/fr\/wp-json\/wp\/v2\/media?parent=41579"}],"curies":[{"name":"wp","href":"https:\/\/api.w.org\/{rel}","templated":true}]}}