{"id":41572,"date":"2019-11-17T16:16:35","date_gmt":"2019-11-17T16:16:35","guid":{"rendered":"https:\/\/www.campericeland.is\/qui-sommes-nous\/"},"modified":"2026-05-05T16:42:23","modified_gmt":"2026-05-05T16:42:23","slug":"qui-sommes-nous","status":"publish","type":"page","link":"https:\/\/www.camper.is\/fr\/vegv-sir-wayfinder-pour-les-voyageurs\/qui-sommes-nous\/","title":{"rendered":"Qui sommes-nous"},"content":{"rendered":"<div class=\"et_pb_section_0 et_pb_section et_section_regular et_block_section section_has_divider et_pb_bottom_divider\">\n<div class=\"et_pb_row_0 et_pb_row et_block_row\">\n<div class=\"et_pb_column_0 et_pb_column et_pb_column_4_4 et-last-child et_block_column et_pb_css_mix_blend_mode_passthrough\">\n<div class=\"et_pb_text_0 et_pb_text et_pb_bg_layout_dark et_animated et_pb_module et_block_module\"><div class=\"et_pb_text_inner\"><h1>Camper Islande<br \/><a href=\"mailto:info@camper.is\"><\/a><\/h1>\n<h1><\/h1>\n<p>&nbsp;<\/p>\n<div id=\"gtx-trans\" style=\"position: absolute; left: 14px; top: 125.188px;\">\n<div class=\"gtx-trans-icon\"> <\/div>\n<\/div>\n<\/div><\/div>\n<\/div>\n<\/div>\n\n<div class=\"et_pb_row_1 et_pb_row et_block_row\">\n<div class=\"et_pb_column_1 et_pb_column et_pb_column_1_3 et_block_column et_pb_css_mix_blend_mode_passthrough\">\n<div class=\"et_pb_blurb_0 et_pb_blurb et_pb_bg_layout_light et_pb_text_align_center et_pb_blurb_position_top et_pb_module et_block_module\"><div class=\"et_pb_blurb_content\"><div class=\"et_pb_main_blurb_image\"><span class=\"et_pb_image_wrap et_pb_only_image_mode_wrap\"><img decoding=\"async\" src=\"https:\/\/www.camper.is\/wp-content\/uploads\/2026\/03\/CAMPER-ICELAND@2x-150x150.png\" width=\"150\" height=\"150\" srcset=\"https:\/\/www.camper.is\/wp-content\/uploads\/2026\/03\/CAMPER-ICELAND@2x-150x150.png 150w\" class=\"et_animated wp-image-75367\" title=\"CAMPER ICELAND@2x\" alt=\"\"><\/span><\/div><div class=\"et_pb_blurb_container\"><h4 class=\"et_pb_module_header\">STATION DE LOCATION<\/h4><div class=\"et_pb_blurb_description\"><p><strong>CAMPER ICELAND Ehf<\/strong><br \/>Klettatr\u00f6\u00f0 15<br \/>IS-262 Keflav\u00edk (Reykjanesb\u00e6r)<br \/>ICELAND<\/p>\n<p><a href=\"mailto:info@camper.is\">info@camper.is<\/a><br \/><strong>+354 553 6000 <\/strong> <\/p>\n<\/div><\/div><\/div><\/div>\n\n<div class=\"et_pb_image_0 et_pb_image et_pb_module et_flex_module\"><span class=\"et_pb_image_wrap\"><img decoding=\"async\" src=\"https:\/\/www.camper.is\/wp-content\/uploads\/2025\/09\/RGB_FF-2024-2025-Eng-White-Horz_Original-scaled.png\" title=\"RGB_FF 2024-2025-Eng-White-Horz_Original\" width=\"2560\" height=\"640\" srcset=\"https:\/\/www.camper.is\/wp-content\/uploads\/2025\/09\/RGB_FF-2024-2025-Eng-White-Horz_Original-scaled.png 2560w, https:\/\/www.camper.is\/wp-content\/uploads\/2025\/09\/RGB_FF-2024-2025-Eng-White-Horz_Original-1280x320.png 1280w, https:\/\/www.camper.is\/wp-content\/uploads\/2025\/09\/RGB_FF-2024-2025-Eng-White-Horz_Original-980x245.png 980w, https:\/\/www.camper.is\/wp-content\/uploads\/2025\/09\/RGB_FF-2024-2025-Eng-White-Horz_Original-480x120.png 480w\" sizes=\"(min-width: 0px) and (max-width: 480px) 480px, (min-width: 481px) and (max-width: 980px) 980px, (min-width: 981px) and (max-width: 1280px) 1280px, (min-width: 1281px) 2560px, 100vw\" class=\"wp-image-73923\" alt=\"\"><\/span><\/div>\n<\/div>\n\n<div class=\"et_pb_column_2 et_pb_column et_pb_column_1_3 et_block_column et_pb_css_mix_blend_mode_passthrough\">\n<div class=\"et_pb_blurb_1 et_pb_blurb et_pb_bg_layout_light et_pb_text_align_center et_pb_blurb_position_top et_pb_module et_block_module\"><div class=\"et_pb_blurb_content\"><div class=\"et_pb_main_blurb_image\"><span class=\"et_pb_image_wrap et_pb_only_image_mode_wrap\"><img decoding=\"async\" src=\"https:\/\/www.camper.is\/wp-content\/uploads\/2026\/03\/Mjollnir2025color-150x150.png\" width=\"150\" height=\"150\" srcset=\"https:\/\/www.camper.is\/wp-content\/uploads\/2026\/03\/Mjollnir2025color-150x150.png 150w\" class=\"et_animated wp-image-75390\" title=\"Mjollnir2025color\" alt=\"\"><\/span><\/div><div class=\"et_pb_blurb_container\"><h4 class=\"et_pb_module_header\">AGENT COMMERCIAL<\/h4><div class=\"et_pb_blurb_description\"><p>Mjollnir GmbH<br \/>Kantonsstrasse 112<br \/>6234 Triengen<br \/>SUISSE<\/p>\n<p><a href=\"mailto:info@camper.is\">info@camper.is<\/a> <br \/><strong>+41 44 797 99 89<\/strong><\/p>\n<\/div><\/div><\/div><\/div>\n<\/div>\n\n<div class=\"et_pb_column_3 et_pb_column et_pb_column_1_3 et-last-child et_block_column et_pb_css_mix_blend_mode_passthrough\">\n<div class=\"et_pb_blurb_2 et_pb_blurb et_pb_bg_layout_light et_pb_text_align_center et_pb_blurb_position_top et_pb_module et_block_module\"><div class=\"et_pb_blurb_content\"><div class=\"et_pb_main_blurb_image\"><span class=\"et_pb_image_wrap et_pb_only_image_mode_wrap\"><img decoding=\"async\" src=\"https:\/\/www.camper.is\/wp-content\/uploads\/2026\/03\/logo-no-background-150x150.png\" width=\"150\" height=\"150\" srcset=\"https:\/\/www.camper.is\/wp-content\/uploads\/2026\/03\/logo-no-background-150x150.png 150w\" class=\"et_animated wp-image-75391\" title=\"logo-no-background\" alt=\"\"><\/span><\/div><div class=\"et_pb_blurb_container\"><h4 class=\"et_pb_module_header\">ROUTE DE L'ISLANDE<\/h4><div class=\"et_pb_blurb_description\"><p><strong>CAMPER ICELAND Ehf<\/strong><br \/>\nKlettatr\u00f6\u00f0 15<br \/>\nIS-262 Keflav\u00edk (Reykjanesb\u00e6r)<br \/>\nICELAND<\/p>\n<p><a href=\"mailto:info@camper.is\">info@camper.is<\/a><br \/>\n +354<strong> 860 1006<\/strong><\/p>\n<\/div><\/div><\/div><\/div>\n<\/div>\n<\/div>\n\n<div class=\"et_pb_row_2 et_pb_row et_flex_row\">\n<div class=\"et_pb_column_4 et_pb_column et_flex_column et_pb_css_mix_blend_mode_passthrough et_flex_column_12_24 et_flex_column_12_24_tablet et_flex_column_24_24_phone\">\n<section class=\"et_pb_fullwidth_header_0 et_pb_fullwidth_header et_pb_bg_layout_dark et_pb_text_align_left et_pb_module et_flex_module\"><div class=\"et_pb_fullwidth_header_container left\"><div class=\"header-content-container center\"><div class=\"header-content et_flex_module\"><h1 class=\"et_pb_module_header\">\"Le plus fort d'Islande<\/h1><div class=\"et_pb_header_content_wrapper\"><p>\"Nous sommes extr\u00eamement fiers d'\u00eatre reconnus par Creditinfo comme l'une des entreprises les plus solides d'Islande, une distinction d'\u00e9lite accord\u00e9e \u00e0 moins de 2 % des entreprises au niveau national. Cette prestigieuse certification n'est pas seulement une marque d'honneur, mais le reflet de notre engagement in\u00e9branlable en faveur de la stabilit\u00e9 financi\u00e8re, de la transparence et de l'excellence op\u00e9rationnelle. Pour nos voyageurs, cela signifie la tranquillit\u00e9 d'esprit absolue que procure un partenariat avec un pilier fiable et de longue date de l'industrie touristique islandaise. En maintenant les normes de cr\u00e9dit et de performance les plus strictes ann\u00e9e apr\u00e8s ann\u00e9e, nous nous assurons que notre flotte et nos services restent au plus haut niveau international. Lorsque vous r\u00e9servez par l'interm\u00e9diaire de <b data-path-to-node=\"3,0\" data-index-in-node=\"675\">camper.is<\/b> ou <b data-path-to-node=\"3,0\" data-index-in-node=\"688\">iceland.ch<\/b>, vous choisissez un partenaire qui a fait ses preuves et qui est capable de vous accompagner du d\u00e9but \u00e0 la fin de votre voyage.    <\/p>\n<\/div><div class=\"et_pb_header_button_wrapper\"><a class=\"et_pb_button et_pb_more_button et_pb_button_one\" href=\"https:\/\/www.creditinfo.is\/what-is-strongest-in-iceland\" target=\"_blank\" rel=\"noopener\">En savoir plus<\/a><\/div><\/div><\/div><\/div><div class=\"et_pb_fullwidth_header_overlay\"><\/div><div class=\"et_pb_fullwidth_header_scroll\"><\/div><\/section>\n<\/div>\n\n<div class=\"et_pb_column_5 et_pb_column et-last-child et_flex_column et_pb_css_mix_blend_mode_passthrough et_flex_column_12_24 et_flex_column_12_24_tablet et_flex_column_24_24_phone\">\n<section class=\"et_pb_fullwidth_header_1 et_pb_fullwidth_header et_pb_bg_layout_dark et_pb_text_align_left et_pb_module et_flex_module\"><div class=\"et_pb_fullwidth_header_container left\"><div class=\"header-content-container center\"><div class=\"header-content et_flex_module\"><h1 class=\"et_pb_module_header\">Le patrimoine helv\u00e9tico-islandais<\/h1><div class=\"et_pb_header_content_wrapper\"><p>\"Fond\u00e9e sur la fusion unique de la <b data-path-to-node=\"3,0\" data-index-in-node=\"31\">fiabilit\u00e9 suisse et de la passion islandaise<\/b>, Camper Iceland est une entreprise familiale pionni\u00e8re depuis 1987, date \u00e0 laquelle nous avons ouvert la premi\u00e8re agence de voyage sp\u00e9cialis\u00e9e dans l'Islande en Suisse. Nous combinons les normes m\u00e9ticuleuses de notre h\u00e9ritage suisse - en mettant l'accent sur la s\u00e9curit\u00e9, l'organisation et l'entretien de haute qualit\u00e9 - avec une connaissance locale approfondie des paysages sauvages de l'Islande. En op\u00e9rant \u00e0 travers <b data-path-to-node=\"3,0\" data-index-in-node=\"337\">iceland.ch<\/b> et <b data-path-to-node=\"3,0\" data-index-in-node=\"352\">camper.is<\/b>, nous comblons le foss\u00e9 entre les attentes europ\u00e9ennes et les r\u00e9alit\u00e9s arctiques. Notre mission est de vous offrir la pr\u00e9cision d'une montre suisse et l'esprit rude d'un explorateur islandais. Que vous naviguiez sur la Ring Road ou dans les Highlands les plus recul\u00e9s, vous b\u00e9n\u00e9ficiez de d\u00e9cennies d'expertise internationale et d'un c\u0153ur local.\"    <\/p>\n<\/div><div class=\"et_pb_header_button_wrapper\"><a class=\"et_pb_button et_pb_more_button et_pb_button_one\" href=\"https:\/\/www.camper.is\/vegvisir-wayfinder-for-travellers\/camper-iceland-the-brand\/\">Cliquez ici<\/a><\/div><\/div><\/div><\/div><div class=\"et_pb_fullwidth_header_overlay\"><\/div><div class=\"et_pb_fullwidth_header_scroll\"><\/div><\/section>\n<\/div>\n<\/div>\n\n<div class=\"et_pb_row_3 et_pb_row et_block_row\">\n<div class=\"et_pb_column_6 et_pb_column et_pb_column_4_4 et-last-child et_block_column et_pb_css_mix_blend_mode_passthrough\">\n<div class=\"et_pb_text_1 et_pb_text et_pb_bg_layout_light et_pb_module et_block_module\"><div class=\"et_pb_text_inner\"><p><iframe src=\"https:\/\/www.google.com\/maps\/embed?pb=!1m18!1m12!1m3!1d7005.920598997663!2d-22.58898250876148!3d63.9607060307733!2m3!1f0!2f0!3f0!3m2!1i1024!2i768!4f13.1!3m3!1m2!1s0x4929fd8fba878545%3A0x34ce608c3b726f21!2sMjollnir%20Camper!5e0!3m2!1sen!2sch!4v1668680917587!5m2!1sen!2sch\" width=\"1200\" height=\"600\" style=\"border:0;\" allowfullscreen=\"\" loading=\"lazy\" referrerpolicy=\"no-referrer-when-downgrade\"><\/iframe><\/p>\n<\/div><\/div>\n\n<div class=\"et_pb_text_2 et_pb_text et_pb_bg_layout_dark et_animated et_pb_module et_block_module\"><div class=\"et_pb_text_inner\"><p>\"Chez Camper Iceland, nous croyons \u00e0 la transparence et au fair-play. Bien que nous maintenions une moyenne de 4,3 \u00e9toiles, nous sommes fiers de nos \u00e9valuations honn\u00eates des dommages qui garantissent la s\u00e9curit\u00e9 et la qualit\u00e9 de notre flotte pour le prochain voyageur. Nous vous invitons \u00e0 lire nos r\u00e9ponses d\u00e9taill\u00e9es aux commentaires - nous sommes fid\u00e8les \u00e0 nos v\u00e9hicules et \u00e0 nos normes de service helv\u00e9tico-islandaises.\"<\/p>\n<\/div><\/div>\n<\/div>\n<\/div>\n\n<div class=\"et_pb_row_4 et_pb_row et-vb-row--no-module et_block_row\">\n<div class=\"et_pb_column_7 et_pb_column et_pb_column_1_2 et_block_column et_pb_column_empty et_pb_css_mix_blend_mode_passthrough\"><\/div>\n\n<div class=\"et_pb_column_8 et_pb_column et_pb_column_1_2 et-last-child et_block_column et_pb_column_empty et_pb_css_mix_blend_mode_passthrough\"><\/div>\n<\/div>\n<div class=\"et_pb_bottom_inside_divider et-no-transition\"><\/div><\/div>\n\n<div class=\"et_pb_section_1 et_pb_section et_section_regular et_block_section section_has_divider et_pb_top_divider\"><div class=\"et_pb_top_inside_divider et-no-transition\"><\/div>\n<div class=\"et_pb_row_5 et_pb_row et_block_row\">\n<div class=\"et_pb_column_9 et_pb_column et_pb_column_4_4 et-last-child et_block_column et_pb_css_mix_blend_mode_passthrough\">\n<div class=\"et_pb_text_3 et_pb_text et_pb_bg_layout_light et_pb_module et_block_module\"><div class=\"et_pb_text_inner\"><h2>Fr\u00e9quemment demand\u00e9<\/h2>\n<\/div><\/div>\n<\/div>\n<\/div>\n\n<div class=\"et_pb_row_6 et_pb_row et_block_row\">\n<div class=\"et_pb_column_10 et_pb_column et_pb_column_1_2 et_block_column et_pb_css_mix_blend_mode_passthrough\">\n<div class=\"et_pb_blurb_3 et_pb_blurb et_pb_bg_layout_light et_pb_text_align_center et_pb_blurb_position_left et_animated et_pb_module et_block_module\"><div class=\"et_pb_blurb_content\"><div class=\"et_pb_main_blurb_image\"><span class=\"et_pb_image_wrap\"><span class=\"et-pb-icon et_animated et_animated\">^<\/span><\/span><\/div><div class=\"et_pb_blurb_container\"><h4 class=\"et_pb_module_header\">\u00c0 quelle distance de l'a\u00e9roport se trouve la station de location?<\/h4><div class=\"et_pb_blurb_description\"><p>Nous sommes \u00e0 seulement 5 minutes de l'a\u00e9roport international. L'a\u00e9roport KEF est parfois appel\u00e9 Reykjavik, m\u00eame si elle est \u00e0 Keflavik. Aucune compagnie a\u00e9rienne internationale n'atterrit \u00e0 Reykjavik c'est pourquoi nous choisissons d'\u00eatre \u00e0 proximit\u00e9 de l'a\u00e9roport.<\/p>\n<\/div><\/div><\/div><\/div>\n\n<div class=\"et_pb_blurb_4 et_pb_blurb et_pb_bg_layout_light et_pb_text_align_center et_pb_blurb_position_left et_animated et_pb_module et_block_module\"><div class=\"et_pb_blurb_content\"><div class=\"et_pb_main_blurb_image\"><span class=\"et_pb_image_wrap\"><span class=\"et-pb-icon et_animated et_animated\">^<\/span><\/span><\/div><div class=\"et_pb_blurb_container\"><h4 class=\"et_pb_module_header\">O\u00f9 puis-je r\u00e9server une navette pour la station de location?<\/h4><div class=\"et_pb_blurb_description\"><p>Tu n'as pas besoin de. Il suffit de prendre un taxi depuis l'a\u00e9roport. <a href=\"https:\/\/www.campericeland.com\/shop\/\" target=\"_blank\" rel=\"noopener noreferrer\"><\/a><\/p>\n<\/div><\/div><\/div><\/div>\n\n<div class=\"et_pb_blurb_5 et_pb_blurb et_pb_bg_layout_light et_pb_text_align_center et_pb_blurb_position_left et_animated et_pb_module et_block_module\"><div class=\"et_pb_blurb_content\"><div class=\"et_pb_main_blurb_image\"><span class=\"et_pb_image_wrap\"><span class=\"et-pb-icon et_animated et_animated\">^<\/span><\/span><\/div><div class=\"et_pb_blurb_container\"><h4 class=\"et_pb_module_header\">Comment puis-je me pr\u00e9parer pour mon voyage en Islande?<\/h4><div class=\"et_pb_blurb_description\"><p>Merci d'avoir choisi Camper Islande. Vos vacances en Islande arrivent bient\u00f4t, et nous aimerions vous pr\u00e9parer autant que possible avant votre voyage en Islande. <a href=\"https:\/\/www.camper.is\/fr\/vegv-sir-wayfinder-pour-les-voyageurs\/\">Lire la suite ici..<\/a><\/p>\n<\/div><\/div><\/div><\/div>\n\n<div class=\"et_pb_blurb_6 et_pb_blurb et_pb_bg_layout_light et_pb_text_align_center et_pb_blurb_position_left et_animated et_pb_module et_block_module\"><div class=\"et_pb_blurb_content\"><div class=\"et_pb_main_blurb_image\"><span class=\"et_pb_image_wrap\"><span class=\"et-pb-icon et_animated et_animated\">^<\/span><\/span><\/div><div class=\"et_pb_blurb_container\"><h4 class=\"et_pb_module_header\">Avez-vous une option de pr\u00e9-v\u00e9rification?<\/h4><div class=\"et_pb_blurb_description\"><p>En fait, nous le faisons et vous pouvez \u00e9conomiser jusqu'\u00e0 30 minutes en vous enregistrez. Voici comment cela fonctionne, <a href=\"https:\/\/www.camper.is\/fr\/vegv-sir-wayfinder-pour-les-voyageurs\/enregistrement-tutoriel-kiosk\/\">cliquez ici...<\/a><\/p>\n<\/div><\/div><\/div><\/div>\n<\/div>\n\n<div class=\"et_pb_column_11 et_pb_column et_pb_column_1_2 et-last-child et_block_column et_pb_css_mix_blend_mode_passthrough\">\n<div class=\"et_pb_blurb_7 et_pb_blurb et_pb_bg_layout_light et_pb_text_align_center et_pb_blurb_position_left et_animated et_pb_module et_block_module\"><div class=\"et_pb_blurb_content\"><div class=\"et_pb_main_blurb_image\"><span class=\"et_pb_image_wrap\"><span class=\"et-pb-icon et_animated et_animated\">^<\/span><\/span><\/div><div class=\"et_pb_blurb_container\"><h4 class=\"et_pb_module_header\">y a-t-il un logement pr\u00e8s de la station de location?<\/h4><div class=\"et_pb_blurb_description\"><p>Keflavik propose plusieurs h\u00f4tels et pensions.  <\/p>\n<\/div><\/div><\/div><\/div>\n\n<div class=\"et_pb_blurb_8 et_pb_blurb et_pb_bg_layout_light et_pb_text_align_center et_pb_blurb_position_left et_animated et_pb_module et_block_module\"><div class=\"et_pb_blurb_content\"><div class=\"et_pb_main_blurb_image\"><span class=\"et_pb_image_wrap\"><span class=\"et-pb-icon et_animated et_animated\">^<\/span><\/span><\/div><div class=\"et_pb_blurb_container\"><h4 class=\"et_pb_module_header\">Comment puis-je me rendre \u00e0 la station de location une fois que j'ai atterri en Islande?<\/h4><div class=\"et_pb_blurb_description\"><p>Nous vous expliquons par o\u00f9 vous entrez dans notre pays et comment vous rendre \u00e0 notre station de location dans notre<a href=\"https:\/\/www.camper.is\/fr\/vegv-sir-wayfinder-pour-les-voyageurs\/\"> page de recherche de chemin<\/a><\/p>\n<\/div><\/div><\/div><\/div>\n\n<div class=\"et_pb_blurb_9 et_pb_blurb et_pb_bg_layout_light et_pb_text_align_center et_pb_blurb_position_left et_animated et_pb_module et_block_module\"><div class=\"et_pb_blurb_content\"><div class=\"et_pb_main_blurb_image\"><span class=\"et_pb_image_wrap\"><span class=\"et-pb-icon et_animated et_animated\">^<\/span><\/span><\/div><div class=\"et_pb_blurb_container\"><h4 class=\"et_pb_module_header\">Comment fonctionne la proc\u00e9dure de ramassage?<\/h4><div class=\"et_pb_blurb_description\"><p>Vous \u00eates int\u00e9ress\u00e9 par notre instruction sur nos v\u00e9hicules? Nous fournissons des informations et des conseils utiles et astuces. <a href=\"https:\/\/www.camper.is\/fr\/vegv-sir-wayfinder-pour-les-voyageurs\/\">Cliquez ici pour en savoir plus sur eux...<\/a><\/p>\n<\/div><\/div><\/div><\/div>\n\n<div class=\"et_pb_blurb_10 et_pb_blurb et_pb_bg_layout_light et_pb_text_align_center et_pb_blurb_position_left et_animated et_pb_module et_block_module\"><div class=\"et_pb_blurb_content\"><div class=\"et_pb_main_blurb_image\"><span class=\"et_pb_image_wrap\"><span class=\"et-pb-icon et_animated et_animated\">^<\/span><\/span><\/div><div class=\"et_pb_blurb_container\"><h4 class=\"et_pb_module_header\">O\u00f9 puis-je faire du shopping une fois que j'ai mon v\u00e9hicule?<\/h4><div class=\"et_pb_blurb_description\"><p>Nous avons rassembl\u00e9 des informations utiles sur les super march\u00e9s \u00e0 proximit\u00e9. <a href=\"https:\/\/www.camper.is\/fr\/vegv-sir-wayfinder-pour-les-voyageurs\/\">Cliquez ici pour en savoir plus...<\/a><\/p>\n<\/div><\/div><\/div><\/div>\n\n<div class=\"et_pb_blurb_11 et_pb_blurb et_pb_bg_layout_light et_pb_text_align_center et_pb_blurb_position_left et_animated et_pb_module et_block_module\"><div class=\"et_pb_blurb_content\"><div class=\"et_pb_main_blurb_image\"><span class=\"et_pb_image_wrap\"><span class=\"et-pb-icon et_animated et_animated\">^<\/span><\/span><\/div><div class=\"et_pb_blurb_container\"><h4 class=\"et_pb_module_header\">Que se passe-t-il si quelque chose ne va pas pendant le voyage?<\/h4><div class=\"et_pb_blurb_description\"><p>Camper Islande a l'instruction la plus avanc\u00e9e et l'exp\u00e9rience de tir trouble en Islande. Etre la plus ancienne location de camping-car pour fournir des instructions en direct, des vid\u00e9os d'instruction et de la ligne de soutien. <a href=\"https:\/\/www.camper.is\/fr\/vegv-sir-wayfinder-pour-les-voyageurs\/\">Cliquez ici pour en savoir plus...<\/a><\/p>\n<\/div><\/div><\/div><\/div>\n<\/div>\n<\/div>\n<\/div>\n\n<div class=\"et_pb_section_2 et_pb_section et_section_regular et_block_section section_has_divider et_pb_top_divider\"><div class=\"et_pb_top_inside_divider et-no-transition\"><\/div>\n<div class=\"et_pb_row_7 et_pb_row et_block_row\">\n<div class=\"et_pb_column_12 et_pb_column et_pb_column_4_4 et-last-child et_block_column et_pb_css_mix_blend_mode_passthrough\">\n<div class=\"et_pb_text_4 et_pb_text et_pb_bg_layout_dark et_pb_module et_block_module\"><div class=\"et_pb_text_inner\"><h2>Notre station de location<br \/>+354 553 6000  <\/h2>\n<\/div><\/div>\n<\/div>\n<\/div>\n\n<div class=\"et_pb_row_8 et_pb_row et_block_row\">\n<div class=\"et_pb_column_13 et_pb_column et_pb_column_1_3 et_block_column et_pb_css_mix_blend_mode_passthrough\">\n<div class=\"et_pb_blurb_12 et_pb_blurb et_pb_bg_layout_dark et_pb_blurb_position_left et_animated et_pb_module et_block_module\"><div class=\"et_pb_blurb_content\"><div class=\"et_pb_main_blurb_image\"><span class=\"et_pb_image_wrap\"><span class=\"et-pb-icon\">\ue076<\/span><\/span><\/div><div class=\"et_pb_blurb_container\"><h4 class=\"et_pb_module_header\">info@camper.is<\/h4><\/div><\/div><\/div>\n<\/div>\n\n<div class=\"et_pb_column_14 et_pb_column et_pb_column_1_3 et_block_column et_pb_css_mix_blend_mode_passthrough\">\n<div class=\"et_pb_blurb_13 et_pb_blurb et_pb_bg_layout_dark et_pb_blurb_position_left et_animated et_pb_module et_block_module\"><div class=\"et_pb_blurb_content\"><div class=\"et_pb_main_blurb_image\"><span class=\"et_pb_image_wrap\"><span class=\"et-pb-icon\">\ue090<\/span><\/span><\/div><div class=\"et_pb_blurb_container\"><h4 class=\"et_pb_module_header\">+354 553 6000  <\/h4><\/div><\/div><\/div>\n<\/div>\n\n<div class=\"et_pb_column_15 et_pb_column et_pb_column_1_3 et-last-child et_block_column et_pb_css_mix_blend_mode_passthrough\">\n<div class=\"et_pb_blurb_14 et_pb_blurb et_pb_bg_layout_dark et_pb_blurb_position_left et_animated et_pb_module et_block_module\"><div class=\"et_pb_blurb_content\"><div class=\"et_pb_main_blurb_image\"><a href=\"https:\/\/goo.gl\/maps\/paTFJG2BPsNJ6i3y6\" target=\"_blank\" rel=\"noopener\"><span class=\"et_pb_image_wrap\"><span class=\"et-pb-icon\">\ue081<\/span><\/span><\/a><\/div><div class=\"et_pb_blurb_container\"><h4 class=\"et_pb_module_header\"><a href=\"https:\/\/goo.gl\/maps\/paTFJG2BPsNJ6i3y6\" target=\"_blank\" rel=\"noopener\">Klettatr\u00f6\u00f0 15 | IS-262 KEFLAVIK<\/a><\/h4><\/div><\/div><\/div>\n<\/div>\n<\/div>\n\n<div class=\"et_pb_row_9 et_pb_row et_block_row\">\n<div class=\"et_pb_column_16 et_pb_column et_pb_column_4_4 et-last-child et_block_column et_pb_css_mix_blend_mode_passthrough\">\n<div class=\"et_pb_module et_pb_button_module_wrapper et_pb_button_0_wrapper\"><a class=\"et_pb_button_0 et_pb_button et_pb_bg_layout_dark et_pb_module et_block_module\" href=\"https:\/\/web.rentalcarmanager.com\/api32\/Camper-Iceland\/\" target=\"_blank\" rel=\"noopener\">R\u00e9servez une voiture en ligne<\/a><\/div>\n<\/div>\n<\/div>\n<\/div>\n\n<div class=\"et_pb_section_3 et_pb_section et_section_regular et_block_section section_has_divider et_pb_bottom_divider\"><div class=\"et_pb_row_10 et_pb_row et_block_row et_pb_row_fullwidth\"><div class=\"et_pb_column_17 et_pb_column et_pb_column_1_2 et_block_column et_pb_css_mix_blend_mode_passthrough\"><div class=\"et_pb_blurb_15 et_pb_blurb et_pb_bg_layout_dark et_pb_text_align_center et_pb_blurb_position_top et_pb_module et_block_module\"><div class=\"et_pb_blurb_content\"><div class=\"et_pb_main_blurb_image\"><a href=\"https:\/\/web.rentalcarmanager.com\/api32\/Camper-Iceland\/Step2\" target=\"_blank\" rel=\"noopener\"><span class=\"et_pb_image_wrap\"><span class=\"et-pb-icon et_animated et_animated\">\ue030<\/span><\/span><\/a><\/div><div class=\"et_pb_blurb_container\"><h4 class=\"et_pb_module_header\"><a href=\"https:\/\/web.rentalcarmanager.com\/api32\/Camper-Iceland\/Step2\" target=\"_blank\" rel=\"noopener\">Online BOOKING<\/a><\/h4><\/div><\/div><\/div><div class=\"et_pb_module et_pb_button_module_wrapper et_pb_button_1_wrapper\"><a class=\"et_pb_button_1 et_pb_button et_pb_bg_layout_light et_pb_module et_block_module\" href=\"https:\/\/web.rentalcarmanager.com\/api32\/Camper-Iceland\/Step2\" target=\"_blank\" rel=\"noopener\">BOOK NOW<\/a><\/div><\/div><div class=\"et_pb_column_18 et_pb_column et_pb_column_1_2 et-last-child et_block_column et_pb_css_mix_blend_mode_passthrough\"><div class=\"et_pb_blurb_16 et_pb_blurb et_pb_bg_layout_dark et_pb_text_align_center et_pb_blurb_position_top et_pb_module et_block_module\"><div class=\"et_pb_blurb_content\"><div class=\"et_pb_main_blurb_image\"><span class=\"et_pb_image_wrap\"><span class=\"et-pb-icon et_animated et_animated\">\ue01d<\/span><\/span><\/div><div class=\"et_pb_blurb_container\"><h4 class=\"et_pb_module_header\">Rental Station<\/h4><div class=\"et_pb_blurb_description\"><p><strong>Camper Iceland<\/strong><br \/>K L E T TATR\u00d6\u00d0 15<br \/>IS-262 Keflavik\u00a0<br \/>ICELAND<br \/><a href=\"mailto:info@camper.is\" target=\"_blank\" rel=\"noopener noreferrer\">info@camper.is<\/a><br \/>IS:<span>+354 553 6000\u00a0<\/span><\/p>\n<\/div><\/div><\/div><\/div><\/div><\/div><div class=\"et_pb_bottom_inside_divider et-no-transition\"><\/div><\/div><span class=\"et_bloom_bottom_trigger\"><\/span>","protected":false},"excerpt":{"rendered":"","protected":false},"author":1,"featured_media":0,"parent":41610,"menu_order":5,"comment_status":"closed","ping_status":"closed","template":"","meta":{"_acf_changed":false,"footnotes":""},"class_list":["post-41572","page","type-page","status-publish","hentry"],"acf":[],"jetpack_sharing_enabled":true,"_links":{"self":[{"href":"https:\/\/www.camper.is\/fr\/wp-json\/wp\/v2\/pages\/41572","targetHints":{"allow":["GET"]}}],"collection":[{"href":"https:\/\/www.camper.is\/fr\/wp-json\/wp\/v2\/pages"}],"about":[{"href":"https:\/\/www.camper.is\/fr\/wp-json\/wp\/v2\/types\/page"}],"author":[{"embeddable":true,"href":"https:\/\/www.camper.is\/fr\/wp-json\/wp\/v2\/users\/1"}],"replies":[{"embeddable":true,"href":"https:\/\/www.camper.is\/fr\/wp-json\/wp\/v2\/comments?post=41572"}],"version-history":[{"count":1,"href":"https:\/\/www.camper.is\/fr\/wp-json\/wp\/v2\/pages\/41572\/revisions"}],"predecessor-version":[{"id":76549,"href":"https:\/\/www.camper.is\/fr\/wp-json\/wp\/v2\/pages\/41572\/revisions\/76549"}],"up":[{"embeddable":true,"href":"https:\/\/www.camper.is\/fr\/wp-json\/wp\/v2\/pages\/41610"}],"wp:attachment":[{"href":"https:\/\/www.camper.is\/fr\/wp-json\/wp\/v2\/media?parent=41572"}],"curies":[{"name":"wp","href":"https:\/\/api.w.org\/{rel}","templated":true}]}}