{"id":71836,"date":"2025-06-15T17:18:29","date_gmt":"2025-06-15T17:18:29","guid":{"rendered":"https:\/\/www.camper.is\/lugares-que-visitar-en-islandia\/"},"modified":"2025-06-15T17:23:14","modified_gmt":"2025-06-15T17:23:14","slug":"lugares-que-visitar-en-islandia","status":"publish","type":"page","link":"https:\/\/www.camper.is\/es\/lugares-que-visitar-en-islandia\/","title":{"rendered":"CAMPER MAPA DE ISLANDIA"},"content":{"rendered":"\n<iframe loading=\"lazy\" src=\"https:\/\/www.google.com\/maps\/d\/embed?mid=1vI9rpvVcSbcsMUgMBat0fOnsQF3jZVo&ehbc=2E312F\" width=\"800\" height=\"600\"><\/iframe>\n\n<p><strong>Maravillas del C\u00edrculo Dorado<\/strong><\/p>\n\n<ul class=\"wp-block-list\">\n<li><strong>Parque Nacional de Thingvellir (\u00deingvellir):<\/strong> Un lugar declarado Patrimonio de la Humanidad por la UNESCO, hist\u00f3ricamente significativo como sede del antiguo parlamento de Islandia, y geol\u00f3gicamente \u00fanico donde las placas tect\u00f3nicas de Norteam\u00e9rica y Eurasia se est\u00e1n separando. Aqu\u00ed puedes incluso bucear o hacer snorkel en la fisura de Silfra. <\/li>\n\n\n\n<li><strong>\u00c1rea Geot\u00e9rmica de Geysir:<\/strong> Hogar del famoso g\u00e9iser Strokkur, que entra en erupci\u00f3n cada 5-10 minutos, disparando agua caliente a gran altura. El Gran Geysir original est\u00e1 en su mayor parte inactivo. <\/li>\n\n\n\n<li><strong>Cascada de Gullfoss:<\/strong> Una majestuosa cascada de dos niveles, a menudo llamada las \u201cCataratas Doradas\u201d, donde el r\u00edo Hv\u00edt\u00e1 se precipita en un profundo ca\u00f1\u00f3n.<\/li>\n\n\n\n<li><strong>Cr\u00e1ter volc\u00e1nico de Keri\u00f0:<\/strong> Un llamativo lago de cr\u00e1ter volc\u00e1nico con roca volc\u00e1nica de un rojo vibrante y agua azul turquesa.<\/li>\n\n\n\n<li><strong>Ba\u00f1os Geot\u00e9rmicos Laugarvatn Fontana:<\/strong> Un balneario donde puedes relajarte en piscinas geot\u00e9rmicas y ba\u00f1os de vapor.<\/li>\n<\/ul>\n\n<p><strong>Costa Sur y Maravillas Glaciares<\/strong><\/p>\n\n<ul class=\"wp-block-list\">\n<li><strong>Cascada de Seljalandsfoss:<\/strong> Famosa por el sendero que hay detr\u00e1s de la cascada, que te permite caminar directamente detr\u00e1s de ella (si el tiempo lo permite).<\/li>\n\n\n\n<li><strong>Cascada de Sk\u00f3gafoss:<\/strong> Una poderosa e ic\u00f3nica cascada en la que a menudo puedes ver arco iris en la niebla en los d\u00edas soleados, y puedes subir por una escalera para disfrutar de una vista desde lo alto.<\/li>\n\n\n\n<li><strong>Playa de Arena Negra de Reynisfjara:<\/strong> Conocida por su espectacular arena negra, sus columnas de basalto (Reynisdrangar) y sus potentes olas. Ten mucho cuidado con las olas zapatilla aqu\u00ed. <\/li>\n\n\n\n<li><strong>Arco de Dyrh\u00f3laey:<\/strong> Un dram\u00e1tico arco de roca y promontorio, un gran lugar para la observaci\u00f3n de aves (especialmente frailecillos en verano) y vistas panor\u00e1micas de las playas de arena negra.<\/li>\n\n\n\n<li><strong>V\u00edk \u00ed M\u00fdrdal:<\/strong> Un pueblo encantador enclavado en medio del espectacular paisaje de la Costa Sur.<\/li>\n\n\n\n<li><strong>Reserva Natural de Skaftafell (Parque Nacional de Vatnaj\u00f6kull):<\/strong> Una zona impresionante con diversos paisajes, como rutas de senderismo, lenguas glaciares y la cascada de Svartifoss (conocida por sus columnas de basalto).<\/li>\n\n\n\n<li><strong>Laguna Glaciar de J\u00f6kuls\u00e1rl\u00f3n:<\/strong> Una impresionante laguna glaciar llena de icebergs desprendidos del glaciar Brei\u00f0amerkurj\u00f6kull.<\/li>\n\n\n\n<li><strong>Playa del Diamante:<\/strong> Situada al otro lado de la carretera de J\u00f6kuls\u00e1rl\u00f3n, donde los icebergs de la laguna llegan a tierra, brillando como diamantes sobre la arena negra.<\/li>\n\n\n\n<li><strong>Ca\u00f1\u00f3n de Fja\u00f0r\u00e1rglj\u00fafur:<\/strong> Un magn\u00edfico y sinuoso ca\u00f1\u00f3n con paredes escarpadas y un r\u00edo que lo atraviesa.<\/li>\n<\/ul>\n\n<p><strong>Pen\u00ednsula de Reykjanes y zona de la capital<\/strong><\/p>\n\n<ul class=\"wp-block-list\">\n<li><strong>Laguna Azul:<\/strong> El balneario geot\u00e9rmico m\u00e1s famoso de Islandia, conocido por sus aguas azules lechosas y ricas en minerales. (\u00a1Reserva con antelaci\u00f3n!) <\/li>\n\n\n\n<li><strong>Reikiavik:<\/strong> La vibrante capital con numerosos museos (por ejemplo, el Museo Nacional de Islandia, la Exposici\u00f3n de Asentamientos, Perlan), galer\u00edas de arte, casas de colores y una animada escena gastron\u00f3mica.\n<ul class=\"wp-block-list\">\n<li><strong>Iglesia de Hallgr\u00edmskirkja:<\/strong> Una iglesia emblem\u00e1tica con una arquitectura \u00fanica inspirada en columnas de basalto, que ofrece vistas panor\u00e1micas de la ciudad desde su torre.<\/li>\n\n\n\n<li><strong>Sala de Conciertos y Centro de Conferencias Harpa:<\/strong> Un impresionante hito arquitect\u00f3nico frente al mar.<\/li>\n\n\n\n<li><strong>Viajero del Sol (S\u00f3lfar):<\/strong> Una bella escultura de acero de un barco vikingo, que representa un barco de ensue\u00f1o y una oda al sol.<\/li>\n<\/ul>\n<\/li>\n\n\n\n<li><strong>Puente entre continentes:<\/strong> Una pasarela simb\u00f3lica sobre una fisura donde confluyen las placas tect\u00f3nicas norteamericana y euroasi\u00e1tica en la pen\u00ednsula de Reykjanes.<\/li>\n\n\n\n<li><strong>\u00c1rea Geot\u00e9rmica de Gunnuhver:<\/strong> Una zona geot\u00e9rmica muy activa con burbujeantes piscinas de lodo y humeantes fumarolas.<\/li>\n<\/ul>\n\n<p><strong>Norte de Islandia y regi\u00f3n de Myvatn<\/strong><\/p>\n\n<ul class=\"wp-block-list\">\n<li><strong>Cascada de Go\u00f0afoss:<\/strong> La \u201cCascada de los Dioses\u201d, una hermosa cascada en forma de herradura con un significado hist\u00f3rico relacionado con la conversi\u00f3n de Islandia al cristianismo.<\/li>\n\n\n\n<li><strong>Zona del lago M\u00fdvatn:<\/strong> Una regi\u00f3n conocida por sus caracter\u00edsticas geot\u00e9rmicas \u00fanicas, sus pseudocr\u00e1teres, sus formaciones de lava y su diversa avifauna.\n<ul class=\"wp-block-list\">\n<li><strong>Dimmuborgir:<\/strong> Una fascinante zona de oscuras formaciones de lava de formas inusuales.<\/li>\n\n\n\n<li><strong>\u00c1rea Geot\u00e9rmica de Hverir (N\u00e1maskar\u00f0):<\/strong> Un paisaje surrealista de ollas de barro burbujeante, fumarolas y dep\u00f3sitos de azufre.<\/li>\n\n\n\n<li><strong>Ba\u00f1os Naturales de M\u00fdvatn:<\/strong> La \u201cLaguna Azul del Norte\u201d, una experiencia termal geot\u00e9rmica menos concurrida.<\/li>\n<\/ul>\n<\/li>\n\n\n\n<li><strong>Cascada de Dettifoss:<\/strong> La cascada m\u00e1s poderosa de Europa, una cascada realmente inmensa.<\/li>\n\n\n\n<li><strong>Ca\u00f1\u00f3n de \u00c1sbyrgi:<\/strong> Un ca\u00f1\u00f3n en forma de herradura con alt\u00edsimos acantilados y exuberante vegetaci\u00f3n, asociado a la mitolog\u00eda n\u00f3rdica.<\/li>\n\n\n\n<li><strong>H\u00fasav\u00edk:<\/strong> A menudo llamada la \u201cCapital del Avistamiento de Ballenas de Islandia\u201d.<\/li>\n\n\n\n<li><strong>Akureyri:<\/strong> La \u201cCapital del Norte\u201d, una ciudad encantadora con jardines bot\u00e1nicos y un ambiente relajado.<\/li>\n<\/ul>\n\n<p><strong>Westfjords y Pen\u00ednsula de Snaefellsnes<\/strong><\/p>\n\n<ul class=\"wp-block-list\">\n<li><strong>Monta\u00f1a Kirkjufell y Cascada Kirkjufellsfoss:<\/strong> A menudo llamada \u201cMonta\u00f1a de la Iglesia\u201d, es uno de los picos m\u00e1s fotografiados de Islandia, especialmente con la cascada cercana.<\/li>\n\n\n\n<li><strong>Parque Nacional de Sn\u00e6fellsj\u00f6kull:<\/strong> Hogar del glaciar Sn\u00e6fellsj\u00f6kull (un volc\u00e1n inactivo del que se dice que es uno de los siete centros de energ\u00eda de la Tierra), playas de arena negra y espectaculares acantilados.\n<ul class=\"wp-block-list\">\n<li><strong>Dj\u00fapal\u00f3nssandur y Dritv\u00edk:<\/strong> Playas de guijarros negros con restos hist\u00f3ricos de naufragios y \u201cpiedras elevadoras\u201d utilizadas para probar la fuerza.<\/li>\n\n\n\n<li><strong>Arnarstapi y Hellnar:<\/strong> Encantadores pueblos costeros con impresionantes acantilados de columnas de basalto y formaciones rocosas.<\/li>\n<\/ul>\n<\/li>\n\n\n\n<li><strong>Acantilados de Latrabjarg (Westfjords):<\/strong> El mayor acantilado de aves de Europa, rebosante de millones de aves marinas, incluidos frailecillos (en verano).<\/li>\n\n\n\n<li><strong>Cascada de Dynjandi (Westfjords):<\/strong> Una magn\u00edfica serie de siete cascadas, a menudo llamada la \u201cJoya de los Fiordos Occidentales\u201d.<\/li>\n<\/ul>\n\n<p><strong>Tierras Altas (Requiere 4x4 y Acceso en Verano)<\/strong><\/p>\n\n<ul class=\"wp-block-list\">\n<li><strong>Landmannalaugar:<\/strong> Una impresionante zona geot\u00e9rmica conocida por sus coloridas monta\u00f1as de riolita, aguas termales y rutas de senderismo.<\/li>\n\n\n\n<li><strong>Caldera de Askja:<\/strong> Una remota caldera volc\u00e1nica con un hermoso lago en el cr\u00e1ter (V\u00edti).<\/li>\n\n\n\n<li><strong>Valle de Th\u00f3rsm\u00f6rk:<\/strong> Un verde valle enclavado entre tres glaciares, un popular destino de senderismo.<\/li>\n<\/ul>\n\n<p>n Islandia hay algunos lugares verdaderamente especiales y a menudo \u201cocultos\u201d:<\/p>\n\n<p><strong>Cascadas con un giro:<\/strong><\/p>\n\n<ul class=\"wp-block-list\">\n<li><strong>Glj\u00fafrab\u00fai (Costa Sur):<\/strong> Situada a un corto paseo de la popular\u00edsima Seljalandsfoss, Glj\u00fafrab\u00fai (que significa \u201chabitante del ca\u00f1\u00f3n\u201d) es una cascada escondida dentro de un estrecho desfiladero. Tienes que vadear un arroyo poco profundo para entrar, y es como adentrarse en un mundo secreto. Es incre\u00edblemente fotog\u00e9nica, sobre todo cuando la luz le da de lleno.  <\/li>\n\n\n\n<li><strong>Kvernufoss (Costa Sur):<\/strong> Otra cascada menos conocida muy cerca de la famosa Sk\u00f3gafoss. Est\u00e1 escondida en una hermosa garganta, y tambi\u00e9n puedes caminar por detr\u00e1s de esta cascada, a menudo con mucha menos gente que en Seljalandsfoss. El sendero est\u00e1 bien mantenido y es bastante f\u00e1cil.  <\/li>\n\n\n\n<li><strong>Br\u00faarfoss (zona del C\u00edrculo Dorado):<\/strong> A menudo llamada \u201cla cascada m\u00e1s azul de Islandia\u201d, Br\u00faarfoss es una serie de peque\u00f1as cascadas y r\u00e1pidos que desembocan en un agua turquesa incre\u00edblemente viva. Antes estaba bastante escondida, pero se ha desarrollado un sendero m\u00e1s accesible. Sigue estando menos concurrida que las principales atracciones del C\u00edrculo Dorado.  <\/li>\n\n\n\n<li><strong>Glymur (Islandia Occidental):<\/strong> Durante mucho tiempo, \u00e9sta fue la segunda cascada m\u00e1s alta de Islandia (ahora se cree que Mors\u00e1rfoss es m\u00e1s alta debido al deshielo de los glaciares). Llegar a Glymur implica una caminata dif\u00edcil pero gratificante a trav\u00e9s de un hermoso ca\u00f1\u00f3n, que incluye el cruce de un r\u00edo. Mantiene alejados a muchos turistas, lo que la convierte en una experiencia verdaderamente especial.  <\/li>\n\n\n\n<li><strong>Ca\u00f1\u00f3n de Stu\u00f0lagil (Islandia Oriental):<\/strong> Este ca\u00f1\u00f3n de columnas de basalto ha ganado una inmensa popularidad en los \u00faltimos a\u00f1os gracias a las redes sociales, pero sigue siendo mucho menos visitado que la Costa Sur. El incre\u00edble r\u00edo azul turquesa que fluye a trav\u00e9s de llamativas columnas de basalto es un espect\u00e1culo para la vista. Hay dos lados desde los que verlo, uno implica una caminata m\u00e1s larga.  <\/li>\n<\/ul>\n\n<p><strong>Escapadas Geot\u00e9rmicas (M\u00e1s all\u00e1 de la Laguna Azul):<\/strong><\/p>\n\n<ul class=\"wp-block-list\">\n<li><strong>Termas de Hrunalaug (Zona del C\u00edrculo Dorado):<\/strong> Una fuente termal peque\u00f1a, r\u00fastica y muy encantadora situada cerca de Fl\u00fa\u00f0ir. Est\u00e1 en terreno privado, y el propietario pide una peque\u00f1a contribuci\u00f3n para ayudar a mantenerlo, lo que ayuda a que no se invada. Ofrece una experiencia de ba\u00f1o maravillosamente aut\u00e9ntica.  <\/li>\n\n\n\n<li><strong>Seljavallalaug (Costa Sur):<\/strong> \u00c9sta es una de las piscinas m\u00e1s antiguas de Islandia, construida en la ladera de una monta\u00f1a. Se alimenta de una fuente termal natural, aunque el agua puede estar tibia seg\u00fan el tiempo. El paseo para llegar es precioso, y te lleva por un valle aislado. Est\u00e1 menos \u201cescondido\u201d que antes, pero sigue pareciendo remoto.   <\/li>\n\n\n\n<li><strong>Aguas termales de Hvammsv\u00edk (fiordo de Hvalfj\u00f6r\u00f0ur, cerca de Reikiavik):<\/strong> Una incorporaci\u00f3n m\u00e1s reciente al panorama termal de Islandia (inauguradas en 2021), que est\u00e1 ganando popularidad pero sigue pareciendo menos \u201ccomercial\u201d que la Laguna Azul o la Laguna del Cielo. Ofrece unas vistas impresionantes del fiordo y varias piscinas con temperaturas variables, algunas influidas directamente por la marea oce\u00e1nica. Es una parada estupenda si haces el recorrido panor\u00e1mico por Hvalfj\u00f6r\u00f0ur.  <\/li>\n\n\n\n<li><strong>Laugarvallalaug (Tierras Altas Orientales - se requiere 4x4):<\/strong> Para los verdaderamente aventureros, \u00a1\u00e9sta es una cascada caliente bajo la que te puedes ba\u00f1ar! Est\u00e1 situada en las remotas Tierras Altas del Este de Islandia, y requiere un 4x4 y estar dispuesto a conducir por carreteras F. El viaje forma parte de la aventura.  <\/li>\n<\/ul>\n\n<p><strong>Formaciones naturales \u00fanicas:<\/strong><\/p>\n\n<ul class=\"wp-block-list\">\n<li><strong>Gj\u00e1in (Tierras Altas del Sur de Islandia - a menudo se requiere 4x4 o lanzadera):<\/strong> Un oasis absoluto de exuberante vegetaci\u00f3n, peque\u00f1as cascadas y formaciones de lava en un paisaje por lo dem\u00e1s austero. Parece un valle de cuento de hadas y a menudo lo pasan por alto quienes se ci\u00f1en estrictamente a la carretera de circunvalaci\u00f3n. <\/li>\n\n\n\n<li><strong>Thakgil (sur de Islandia, cerca de Vik - se recomienda 4x4 por carretera):<\/strong> Un impresionante ca\u00f1\u00f3n protegido con formaciones rocosas \u00fanicas y una fant\u00e1stica zona de acampada. Hay estupendas rutas de senderismo que conducen a una lengua de glaciar y a una cascada oculta en el interior de una cueva. La carretera de acceso (Ruta 214) puede ser dura.  <\/li>\n\n\n\n<li><strong>Ca\u00f1\u00f3n de Fja\u00f0r\u00e1rglj\u00fafur (sureste de Islandia):<\/strong> Este magn\u00edfico y sinuoso ca\u00f1\u00f3n con paredes escarpadas y un r\u00edo que fluye a trav\u00e9s de \u00e9l gan\u00f3 mucha atenci\u00f3n tras aparecer en un v\u00eddeo musical de Justin Bieber. Aunque ahora es m\u00e1s conocido, sigue siendo incre\u00edblemente impresionante y suele estar menos concurrido que las atracciones inmediatas de la costa sur. <\/li>\n<\/ul>\n\n<p><strong>Joyas costeras y culturales:<\/strong><\/p>\n\n<ul class=\"wp-block-list\">\n<li><strong>Playa de Rau\u00f0asandur (Westfjords):<\/strong> A diferencia de las t\u00edpicas playas de arena negra de Islandia, Rau\u00f0asandur es conocida por sus hermosas arenas de color rojo dorado. Es un lugar verdaderamente remoto y tranquilo en los Fiordos Occidentales. <\/li>\n\n\n\n<li><strong>Isla Flatey (Bah\u00eda de Brei\u00f0afj\u00f6r\u00f0ur):<\/strong> Una diminuta y encantadora isla de la bah\u00eda de Brei\u00f0afj\u00f6r\u00f0ur (entre la pen\u00ednsula de Sn\u00e6fellsnes y los fiordos occidentales), accesible en ferry. Es una isla sin coches, con casas antiguas muy bien conservadas y un ambiente sereno y atemporal. Ideal para observar aves.  <\/li>\n\n\n\n<li><strong>Siglufj\u00f6r\u00f0ur (norte de Islandia):<\/strong> Una pintoresca ciudad en un estrecho fiordo, anta\u00f1o capital de la pesca del arenque en Islandia. Se desv\u00eda un poco de la carretera de circunvalaci\u00f3n, pero ofrece un fascinante Museo de la Era del Arenque y un ambiente encantador y tranquilo. <\/li>\n\n\n\n<li><strong>Hj\u00f6rleifsh\u00f6f\u00f0i (Costa Sur - \u201cCueva de Yoda\u201d):<\/strong> Una llamativa monta\u00f1a aislada, de la que se dice que es el lugar de enterramiento de uno de los primeros colonos de Islandia. Tambi\u00e9n presenta una singular formaci\u00f3n en forma de cueva que se asemeja a Yoda, el personaje de La Guerra de las Galaxias, lo que la convierte en una parada divertida para los aficionados. Se accede por una carretera de grava apartada de la ruta principal.  <\/li>\n<\/ul>\n\n<p><strong>Consideraciones importantes para las gemas ocultas:<\/strong><\/p>\n\n<ul class=\"wp-block-list\">\n<li><strong>Accesibilidad:<\/strong> Muchas joyas \u201cocultas\u201d lo est\u00e1n por algo. A menudo requieren un <strong>veh\u00edculo 4x4<\/strong> para recorrer carreteras de grava F (carreteras de monta\u00f1a) que s\u00f3lo est\u00e1n abiertas en verano. Comprueba siempre el estado de las carreteras<a href=\"http:\/\/www.road.is\/\" target=\"_blank\" rel=\"noreferrer noopener\">(www.road.is)<\/a> antes de salir.  <\/li>\n\n\n\n<li><strong>El tiempo:<\/strong> El tiempo en Islandia es notoriamente inconstante. Incluso los senderos bien mantenidos pueden volverse dif\u00edciles o peligrosos con mal tiempo (lluvia, vientos fuertes, nieve). <\/li>\n\n\n\n<li><strong>Instalaciones:<\/strong> No esperes servicios como aseos o tiendas en la mayor\u00eda de los lugares ocultos. Prep\u00e1rate con agua, tentempi\u00e9s y equipo adecuado. <\/li>\n\n\n\n<li><strong>Respeta la Naturaleza:<\/strong> Estos lugares son pr\u00edstinos. Mantente en los senderos se\u00f1alizados, no tires basura y respeta la normativa local. <\/li>\n\n\n\n<li><strong>Terrenos privados:<\/strong> Algunas \u201cjoyas ocultas\u201d est\u00e1n en terrenos privados, y el acceso puede requerir una peque\u00f1a cuota o simplemente un comportamiento respetuoso.<\/li>\n<\/ul>\n","protected":false},"excerpt":{"rendered":"<p>Maravillas del C\u00edrculo Dorado Costa Sur y Maravillas Glaciares Pen\u00ednsula de Reykjanes y zona de la capital Norte de Islandia y regi\u00f3n de Myvatn Westfjords y Pen\u00ednsula de Snaefellsnes Tierras Altas (Requiere 4&#215;4 y Acceso en Verano) n Islandia hay algunos lugares verdaderamente especiales y a menudo \u201cocultos\u201d: Cascadas con un giro: Escapadas Geot\u00e9rmicas (M\u00e1s [&hellip;]<\/p>\n","protected":false},"author":1,"featured_media":0,"parent":0,"menu_order":0,"comment_status":"closed","ping_status":"closed","template":"","meta":{"_acf_changed":false,"jetpack_post_was_ever_published":false,"footnotes":""},"class_list":["post-71836","page","type-page","status-publish","hentry"],"acf":[],"jetpack_sharing_enabled":true,"jetpack_shortlink":"https:\/\/wp.me\/P569lP-iGE","jetpack-related-posts":[{"id":75101,"url":"https:\/\/www.camper.is\/es\/noticias-de-viajes-y-despachos-semanales-sobre-islandia-camper-iceland\/","url_meta":{"origin":71836,"position":0},"title":"Noticias de viajes y despachos semanales sobre Islandia | Camper Iceland","author":"admin","date":"26 de marzo de 2026","format":false,"excerpt":"Adel\u00e1ntate a la tormenta con actualizaciones semanales desde el coraz\u00f3n de Islandia. Desde 1987, hemos proporcionado informes expertos sobre carreteras, alertas meteorol\u00f3gicas y las condiciones de las carreteras Highland F. Recibe las \u00faltimas noticias sobre la flota y consejos de viaje para tu expedici\u00f3n de 2026. Informaci\u00f3n en tiempo real\u2026","rel":"","context":"Entrada similar","block_context":{"text":"Entrada similar","link":""},"img":{"alt_text":"","src":"https:\/\/i0.wp.com\/www.camper.is\/wp-content\/uploads\/2026\/03\/family_badging_camper_iceland-scaled.png?fit=1200%2C654&quality=72&ssl=1&resize=350%2C200","width":350,"height":200,"srcset":"https:\/\/i0.wp.com\/www.camper.is\/wp-content\/uploads\/2026\/03\/family_badging_camper_iceland-scaled.png?fit=1200%2C654&quality=72&ssl=1&resize=350%2C200 1x, https:\/\/i0.wp.com\/www.camper.is\/wp-content\/uploads\/2026\/03\/family_badging_camper_iceland-scaled.png?fit=1200%2C654&quality=72&ssl=1&resize=525%2C300 1.5x, https:\/\/i0.wp.com\/www.camper.is\/wp-content\/uploads\/2026\/03\/family_badging_camper_iceland-scaled.png?fit=1200%2C654&quality=72&ssl=1&resize=700%2C400 2x, https:\/\/i0.wp.com\/www.camper.is\/wp-content\/uploads\/2026\/03\/family_badging_camper_iceland-scaled.png?fit=1200%2C654&quality=72&ssl=1&resize=1050%2C600 3x"},"classes":[]},{"id":31784,"url":"https:\/\/www.camper.is\/es\/camper-iceland-tu-empresa-de-alquiler-de-autocaravanas-y-4x4-en-islandia\/","url_meta":{"origin":71836,"position":1},"title":"Camper Iceland, tu empresa de alquiler de autocaravanas y 4&#215;4 en Islandia","author":"admin","date":"17 de noviembre de 2019","format":false,"excerpt":"Viaja por Islandia con una empresa familiar que lleva vendiendo viajes a Islandia desde 1987. Camper Iceland ofrece una variada flota de autocaravanas y autocaravanas 4x4, que proporcionan una forma flexible y rentable de explorar los impresionantes paisajes del pa\u00eds. Disfruta de la libertad de perseguir el buen tiempo, ahorra\u2026","rel":"","context":"Entrada similar","block_context":{"text":"Entrada similar","link":""},"img":{"alt_text":"Logotipo de Camper Islandia","src":"https:\/\/i0.wp.com\/www.camper.is\/wp-content\/uploads\/2019\/11\/CamperIceland_new_whitebkgrd.png?fit=1200%2C316&quality=72&ssl=1&resize=350%2C200","width":350,"height":200,"srcset":"https:\/\/i0.wp.com\/www.camper.is\/wp-content\/uploads\/2019\/11\/CamperIceland_new_whitebkgrd.png?fit=1200%2C316&quality=72&ssl=1&resize=350%2C200 1x, https:\/\/i0.wp.com\/www.camper.is\/wp-content\/uploads\/2019\/11\/CamperIceland_new_whitebkgrd.png?fit=1200%2C316&quality=72&ssl=1&resize=525%2C300 1.5x, https:\/\/i0.wp.com\/www.camper.is\/wp-content\/uploads\/2019\/11\/CamperIceland_new_whitebkgrd.png?fit=1200%2C316&quality=72&ssl=1&resize=700%2C400 2x, https:\/\/i0.wp.com\/www.camper.is\/wp-content\/uploads\/2019\/11\/CamperIceland_new_whitebkgrd.png?fit=1200%2C316&quality=72&ssl=1&resize=1050%2C600 3x"},"classes":[]},{"id":48129,"url":"https:\/\/www.camper.is\/es\/vegvisir-wayfinder-para-viajeros\/ahorre-viajes-al-aire-libre-es\/","url_meta":{"origin":71836,"position":2},"title":"Ahorre viajes al aire libre ES","author":"admin","date":"23 de junio de 2021","format":false,"excerpt":"Al aire libre Una buena preparaci\u00f3n es la clave para un viaje exitoso. Tenga en cuenta los puntos siguientes y recuerde que su primer destino siempre debe ser esta p\u00e1gina de inicio. Deje siempre su plan de viaje con alguien que pueda reaccionar si es necesario Consulta la previsi\u00f3n meteorol\u00f3gica.\u2026","rel":"","context":"Entrada similar","block_context":{"text":"Entrada similar","link":""},"img":{"alt_text":"","src":"","width":0,"height":0},"classes":[]},{"id":34173,"url":"https:\/\/www.camper.is\/es\/vision-general-de-camper-iceland\/freedom-camper\/","url_meta":{"origin":71836,"position":3},"title":"Camper LOKI","author":"admin","date":"17 de noviembre de 2019","format":false,"excerpt":"Explora Islandia a tu manera con la Camper LOKI de Camper Islandia. Nuestra vers\u00e1til mini camper es tu soluci\u00f3n perfecta para un viaje flexible, ya que ofrece un veh\u00edculo de alquiler fiable con las mejores tarifas. Comienza tu aventura desde Keflavik (KEF), cerca del aeropuerto, y recorre libremente la impresionante\u2026","rel":"","context":"Entrada similar","block_context":{"text":"Entrada similar","link":""},"img":{"alt_text":"","src":"https:\/\/i0.wp.com\/www.camper.is\/wp-content\/uploads\/2019\/08\/FREEDOM_CAMPER.jpg?fit=800%2C800&quality=80&ssl=1&resize=350%2C200","width":350,"height":200,"srcset":"https:\/\/i0.wp.com\/www.camper.is\/wp-content\/uploads\/2019\/08\/FREEDOM_CAMPER.jpg?fit=800%2C800&quality=80&ssl=1&resize=350%2C200 1x, https:\/\/i0.wp.com\/www.camper.is\/wp-content\/uploads\/2019\/08\/FREEDOM_CAMPER.jpg?fit=800%2C800&quality=80&ssl=1&resize=525%2C300 1.5x, https:\/\/i0.wp.com\/www.camper.is\/wp-content\/uploads\/2019\/08\/FREEDOM_CAMPER.jpg?fit=800%2C800&quality=80&ssl=1&resize=700%2C400 2x"},"classes":[]},{"id":48137,"url":"https:\/\/www.camper.is\/es\/vegvisir-wayfinder-para-viajeros\/save-travel-icelandic-nature-es\/","url_meta":{"origin":71836,"position":4},"title":"Save Travel Icelandic Nature ES","author":"admin","date":"23 de junio de 2021","format":false,"excerpt":"Naturaleza La naturaleza islandesa es \u00fanica y nos atrae una y otra vez, pero al mismo tiempo viajar en la naturaleza puede ser peligroso, por lo que debemos tener en cuenta lo siguiente Obtenga buena informaci\u00f3n sobre la zona a la que viaja Los accidentes son comunes cuando las personas\u2026","rel":"","context":"Entrada similar","block_context":{"text":"Entrada similar","link":""},"img":{"alt_text":"","src":"","width":0,"height":0},"classes":[]},{"id":72432,"url":"https:\/\/www.camper.is\/es\/loki-e-la-caravana-sostenible-para-tu-aventura-islandesa\/","url_meta":{"origin":71836,"position":5},"title":"LOKI E La caravana sostenible para tu aventura islandesa","author":"admin","date":"14 de agosto de 2025","format":false,"excerpt":"","rel":"","context":"Entrada similar","block_context":{"text":"Entrada similar","link":""},"img":{"alt_text":"","src":"https:\/\/i0.wp.com\/www.camper.is\/wp-content\/uploads\/2025\/08\/Untitled-scaled.png?fit=1200%2C900&quality=72&ssl=1&resize=350%2C200","width":350,"height":200,"srcset":"https:\/\/i0.wp.com\/www.camper.is\/wp-content\/uploads\/2025\/08\/Untitled-scaled.png?fit=1200%2C900&quality=72&ssl=1&resize=350%2C200 1x, https:\/\/i0.wp.com\/www.camper.is\/wp-content\/uploads\/2025\/08\/Untitled-scaled.png?fit=1200%2C900&quality=72&ssl=1&resize=525%2C300 1.5x, https:\/\/i0.wp.com\/www.camper.is\/wp-content\/uploads\/2025\/08\/Untitled-scaled.png?fit=1200%2C900&quality=72&ssl=1&resize=700%2C400 2x, https:\/\/i0.wp.com\/www.camper.is\/wp-content\/uploads\/2025\/08\/Untitled-scaled.png?fit=1200%2C900&quality=72&ssl=1&resize=1050%2C600 3x"},"classes":[]}],"_links":{"self":[{"href":"https:\/\/www.camper.is\/es\/wp-json\/wp\/v2\/pages\/71836","targetHints":{"allow":["GET"]}}],"collection":[{"href":"https:\/\/www.camper.is\/es\/wp-json\/wp\/v2\/pages"}],"about":[{"href":"https:\/\/www.camper.is\/es\/wp-json\/wp\/v2\/types\/page"}],"author":[{"embeddable":true,"href":"https:\/\/www.camper.is\/es\/wp-json\/wp\/v2\/users\/1"}],"replies":[{"embeddable":true,"href":"https:\/\/www.camper.is\/es\/wp-json\/wp\/v2\/comments?post=71836"}],"version-history":[{"count":2,"href":"https:\/\/www.camper.is\/es\/wp-json\/wp\/v2\/pages\/71836\/revisions"}],"predecessor-version":[{"id":71852,"href":"https:\/\/www.camper.is\/es\/wp-json\/wp\/v2\/pages\/71836\/revisions\/71852"}],"wp:attachment":[{"href":"https:\/\/www.camper.is\/es\/wp-json\/wp\/v2\/media?parent=71836"}],"curies":[{"name":"wp","href":"https:\/\/api.w.org\/{rel}","templated":true}]}}