{"id":58041,"date":"2023-08-27T07:05:49","date_gmt":"2023-08-27T07:05:49","guid":{"rendered":"https:\/\/www.camper.is\/camper-iceland-su-empresa-de-alquiler-de-autocaravanas-y-4x4-en-islandia-informacion-adicional\/"},"modified":"2026-04-07T06:36:17","modified_gmt":"2026-04-07T06:36:17","slug":"camper-iceland-su-empresa-de-alquiler-de-autocaravanas-y-4x4-en-islandia-informacion-adicional","status":"publish","type":"page","link":"https:\/\/www.camper.is\/es\/camper-iceland-tu-empresa-de-alquiler-de-autocaravanas-y-4x4-en-islandia\/camper-iceland-su-empresa-de-alquiler-de-autocaravanas-y-4x4-en-islandia-informacion-adicional\/","title":{"rendered":"Camper Iceland, su empresa de alquiler de autocaravanas y 4\u00d74 en Islandia Informaci\u00f3n adicional"},"content":{"rendered":"<div class=\"et_pb_section_0 et_pb_section et_section_specialty et_pb_gutters3 et_block_section\"><div class=\"et_pb_row et_block_row\"><div class=\"et_pb_column_0 et_pb_column et_pb_specialty_column et_pb_column_1_2 et_block_column et_pb_css_mix_blend_mode_passthrough\"><div class=\"et_pb_row_inner_0 et_pb_row_inner et_block_row\"><div class=\"et_pb_column_inner_0 et_pb_column_inner et_pb_column et_pb_column_4_4 et-last-child et_block_column et_pb_css_mix_blend_mode_passthrough\"><div class=\"et_pb_image_0 et_pb_image et_pb_module et_block_module\"><span class=\"et_pb_image_wrap\"><img decoding=\"async\" src=\"https:\/\/www.camper.is\/wp-content\/uploads\/2022\/10\/camper-iceland-high-resolution-logo-white-on-transparent-background.png\" width=\"2000\" height=\"792\" srcset=\"https:\/\/www.camper.is\/wp-content\/uploads\/2022\/10\/camper-iceland-high-resolution-logo-white-on-transparent-background.png 2000w, https:\/\/www.camper.is\/wp-content\/uploads\/2022\/10\/camper-iceland-high-resolution-logo-white-on-transparent-background-1280x507.png 1280w, https:\/\/www.camper.is\/wp-content\/uploads\/2022\/10\/camper-iceland-high-resolution-logo-white-on-transparent-background-980x388.png 980w, https:\/\/www.camper.is\/wp-content\/uploads\/2022\/10\/camper-iceland-high-resolution-logo-white-on-transparent-background-480x190.png 480w\" sizes=\"(min-width: 0px) and (max-width: 480px) 480px, (min-width: 481px) and (max-width: 980px) 980px, (min-width: 981px) and (max-width: 1280px) 1280px, (min-width: 1281px) 2000px, 100vw\" class=\"wp-image-54733\" title=\"camper-iceland-alta-resoluci\u00f3n-logo-blanco-sobre-fondo-transparente\" alt=\"\"><\/span><\/div><\/div><\/div><\/div><div class=\"et_pb_column_1 et_pb_column et_pb_column_single et_pb_column_1_2 et-last-child et_block_column et_pb_css_mix_blend_mode_passthrough\"><div class=\"et_pb_blurb_0 et_pb_blurb et_pb_bg_layout_dark et_pb_text_align_center et_pb_blurb_position_top et_pb_module et_block_module\"><div class=\"et_pb_blurb_content\"><div class=\"et_pb_main_blurb_image\"><span class=\"et_pb_image_wrap\"><span class=\"et-pb-icon et_animated et_animated\">?<\/span><\/span><\/div><div class=\"et_pb_blurb_container\"><h4 class=\"et_pb_module_header\">RESERVA en l\u00ednea<\/h4><div class=\"et_pb_blurb_description\"><p><iframe id=\"miniBook\" style=\"width: 300px; height: 550px;\" src=\"https:\/\/web.rentalcarmanager.com\/api32\/Camper-Iceland\/step1Mini\" width=\"300\" height=\"200\" frameborder=\"0\" scrolling=\"no\"><\/iframe><\/p>\n<\/div><\/div><\/div><\/div><\/div><\/div><\/div><div class=\"et_pb_section_1 et_pb_section et_section_regular et_block_section\"><div class=\"et_pb_row_0 et_pb_row et_pb_row_3-5_1-5_1-5 et_block_row et_block_row_3-5_1-5_1-5\"><div class=\"et_pb_column_2 et_pb_column et_pb_column_3_5 et_block_column et_pb_css_mix_blend_mode_passthrough\"><div class=\"et_pb_text_0 et_pb_text et_pb_bg_layout_light et_pb_module et_block_module\"><div class=\"et_pb_text_inner\"><h1>Bienvenido a Camper Islandia<\/h1>\n<p>\u00bfBusca una autocaravana o una caravana 4\u00d74 para explorar Islandia? No busque m\u00e1s, est\u00e1 a un paso de sus vacaciones so\u00f1adas. Camper Iceland ofrece la mayor variedad de categor\u00edas de veh\u00edculos para satisfacer su necesidad exacta. Todas nuestras categor\u00edas est\u00e1n pensadas para llevarle por Islandia, a los lugares m\u00e1s bellos de nuestro pa\u00eds. Si desea recorrer las tierras altas de Islandia, le ofrecemos dos inspiradoras categor\u00edas de Camper 4x4.<\/p>\n<p>Nuestra empresa familiar lleva vendiendo viajes a Islandia desde 1987 y todo ese conocimiento est\u00e1 a su disposici\u00f3n. Alquilar una caravana se considera una de las formas m\u00e1s flexibles de viajar por Islandia. Los campings no necesitan reserva previa, simplemente hay que conducir por Islandia y parar donde m\u00e1s te guste. Al viajar con una Autocaravana o Camper 4x4, se ahorra mucho dinero porque se puede comprar comida en los supermercados locales. Para las noches rom\u00e1nticas, disfrute de la excepci\u00f3n de cenar en los restaurantes de Islandia. Las piscinas de Islandia son muy populares entre nuestros clientes. Disfrute de un ba\u00f1o diario o rel\u00e1jese en las ollas calientes. El agua caliente geot\u00e9rmica regenerar\u00e1 su cuerpo y su alma. Al fin y al cabo, las vacaciones deben ser para relajarse y recargar la bater\u00eda del cuerpo. Nuestros productos son adecuados para familias, parejas, amigos y viajeros en solitario.<\/p>\n<p>El clima island\u00e9s es conocido por ser cambiante, y a menudo llueve en el norte mientras hace sol en el sur o al rev\u00e9s. Otra gran ventaja de alquilar un veh\u00edculo Camper Iceland es que puede viajar con el tiempo. Perseguir el sol en lugar de tener que aceptar el tiempo en una ruta de hotel reservada de antemano. Qu\u00e9dese despierto hasta tarde y visite los hermosos lugares de inter\u00e9s cuando otros viajeros se hayan ido a buscar el alojamiento. Una autocaravana no tiene horario de entrada ni de salida. Desembale una vez para disfrutar de su \"hotel sobre ruedas\".<\/p>\n<p>Estamos deseando instruirle en el uso de nuestro veh\u00edculo antes de que salga a disfrutar de unas maravillosas y merecidas vacaciones.<\/p>\n<\/div><\/div><\/div><div class=\"et_pb_column_3 et_pb_column et_pb_column_1_5 et_block_column et_pb_css_mix_blend_mode_passthrough\"><div class=\"et_pb_image_1 et_pb_image et_pb_module et_block_module\"><a href=\"https:\/\/www.camper.is\/camper-iceland-overview\/motor-home-2\/\"><span class=\"et_pb_image_wrap\"><img decoding=\"async\" src=\"https:\/\/www.camper.is\/wp-content\/uploads\/2021\/06\/MOTOR_HOME_IDUNN.jpg\" width=\"800\" height=\"800\" srcset=\"https:\/\/www.camper.is\/wp-content\/uploads\/2021\/06\/MOTOR_HOME_IDUNN.jpg 800w, https:\/\/www.camper.is\/wp-content\/uploads\/2021\/06\/MOTOR_HOME_IDUNN-480x480.jpg 480w\" sizes=\"(min-width: 0px) and (max-width: 480px) 480px, (min-width: 481px) 800px, 100vw\" class=\"wp-image-47926\" title=\"MOTOR_HOME_IDUNN\" alt=\"\"><\/span><\/a><\/div><div class=\"et_pb_image_2 et_pb_image et_pb_module et_block_module\"><a href=\"https:\/\/www.camper.is\/camper-iceland-overview\/motor-home-4\/\"><span class=\"et_pb_image_wrap\"><img decoding=\"async\" src=\"https:\/\/www.camper.is\/wp-content\/uploads\/2021\/06\/MOTOR_HOME_4SIF.jpg\" width=\"800\" height=\"800\" srcset=\"https:\/\/www.camper.is\/wp-content\/uploads\/2021\/06\/MOTOR_HOME_4SIF.jpg 800w, https:\/\/www.camper.is\/wp-content\/uploads\/2021\/06\/MOTOR_HOME_4SIF-480x480.jpg 480w\" sizes=\"(min-width: 0px) and (max-width: 480px) 480px, (min-width: 481px) 800px, 100vw\" class=\"wp-image-46443\" title=\"MOTOR_HOME_4SIF\" alt=\"\"><\/span><\/a><\/div><div class=\"et_pb_image_3 et_pb_image et_pb_module et_block_module\"><a href=\"https:\/\/www.camper.is\/camper-iceland-overview\/motor-home-6-freyja-heritage\/\"><span class=\"et_pb_image_wrap\"><img decoding=\"async\" src=\"https:\/\/www.camper.is\/wp-content\/uploads\/2021\/06\/MOTOR_HOME_FREYJA.jpg\" width=\"800\" height=\"800\" srcset=\"https:\/\/www.camper.is\/wp-content\/uploads\/2021\/06\/MOTOR_HOME_FREYJA.jpg 800w, https:\/\/www.camper.is\/wp-content\/uploads\/2021\/06\/MOTOR_HOME_FREYJA-480x480.jpg 480w\" sizes=\"(min-width: 0px) and (max-width: 480px) 480px, (min-width: 481px) 800px, 100vw\" class=\"wp-image-46455\" title=\"AUTOCARAVANA_FREYJA\" alt=\"\"><\/span><\/a><\/div><div class=\"et_pb_image_4 et_pb_image et_pb_module et_block_module\"><a href=\"https:\/\/www.camper.is\/camper-iceland-overview\/motor-home-6g\/\"><span class=\"et_pb_image_wrap\"><img decoding=\"async\" src=\"https:\/\/www.camper.is\/wp-content\/uploads\/2021\/06\/MOTOR_HOME_6FRIGG.jpg\" width=\"800\" height=\"800\" srcset=\"https:\/\/www.camper.is\/wp-content\/uploads\/2021\/06\/MOTOR_HOME_6FRIGG.jpg 800w, https:\/\/www.camper.is\/wp-content\/uploads\/2021\/06\/MOTOR_HOME_6FRIGG-480x480.jpg 480w\" sizes=\"(min-width: 0px) and (max-width: 480px) 480px, (min-width: 481px) 800px, 100vw\" class=\"wp-image-46449\" title=\"MOTOR_HOME_6FRIGG\" alt=\"\"><\/span><\/a><\/div><\/div><div class=\"et_pb_column_4 et_pb_column et_pb_column_1_5 et-last-child et_block_column et_pb_css_mix_blend_mode_passthrough\"><div class=\"et_pb_image_5 et_pb_image et_pb_module et_block_module\"><a href=\"https:\/\/www.camper.is\/camper-iceland-overview\/4x4-camper-b-thor\/\"><span class=\"et_pb_image_wrap\"><img decoding=\"async\" src=\"https:\/\/www.camper.is\/wp-content\/uploads\/2021\/05\/4X4_CAMPER_THOR.jpg\" width=\"800\" height=\"800\" srcset=\"https:\/\/www.camper.is\/wp-content\/uploads\/2021\/05\/4X4_CAMPER_THOR.jpg 800w, https:\/\/www.camper.is\/wp-content\/uploads\/2021\/05\/4X4_CAMPER_THOR-480x480.jpg 480w\" sizes=\"(min-width: 0px) and (max-width: 480px) 480px, (min-width: 481px) 800px, 100vw\" class=\"wp-image-46318\" title=\"4X4_CAMPER_THOR\" alt=\"\"><\/span><\/a><\/div><div class=\"et_pb_image_6 et_pb_image et_pb_module et_block_module\"><a href=\"https:\/\/www.camper.is\/camper-iceland-overview\/4x4-camper-b-tyr\/\"><span class=\"et_pb_image_wrap\"><img decoding=\"async\" src=\"https:\/\/www.camper.is\/wp-content\/uploads\/2022\/11\/4x4_camper_tyr.jpeg\" width=\"800\" height=\"800\" srcset=\"https:\/\/www.camper.is\/wp-content\/uploads\/2022\/11\/4x4_camper_tyr.jpeg 800w, https:\/\/www.camper.is\/wp-content\/uploads\/2022\/11\/4x4_camper_tyr-480x480.jpeg 480w\" sizes=\"(min-width: 0px) and (max-width: 480px) 480px, (min-width: 481px) 800px, 100vw\" class=\"wp-image-54869\" title=\"4x4_camper_tyr\" alt=\"\"><\/span><\/a><\/div><div class=\"et_pb_image_7 et_pb_image et_pb_module et_block_module\"><span class=\"et_pb_image_wrap\"><img decoding=\"async\" src=\"https:\/\/www.camper.is\/wp-content\/uploads\/2021\/05\/4X4_CAMPER_ODIN.jpg\" width=\"800\" height=\"800\" srcset=\"https:\/\/www.camper.is\/wp-content\/uploads\/2021\/05\/4X4_CAMPER_ODIN.jpg 800w, https:\/\/www.camper.is\/wp-content\/uploads\/2021\/05\/4X4_CAMPER_ODIN-480x480.jpg 480w\" sizes=\"(min-width: 0px) and (max-width: 480px) 480px, (min-width: 481px) 800px, 100vw\" class=\"wp-image-46190\" title=\"4X4_CAMPER_ODIN\" alt=\"\"><\/span><\/div><div class=\"et_pb_image_8 et_pb_image et_pb_module et_block_module\"><a href=\"https:\/\/www.camper.is\/camper-iceland-overview\/freedom-camper\/\"><span class=\"et_pb_image_wrap\"><img decoding=\"async\" src=\"https:\/\/www.camper.is\/wp-content\/uploads\/2021\/06\/C2_LOKI.jpg\" width=\"800\" height=\"800\" srcset=\"https:\/\/www.camper.is\/wp-content\/uploads\/2021\/06\/C2_LOKI.jpg 800w, https:\/\/www.camper.is\/wp-content\/uploads\/2021\/06\/C2_LOKI-480x480.jpg 480w\" sizes=\"(min-width: 0px) and (max-width: 480px) 480px, (min-width: 481px) 800px, 100vw\" class=\"wp-image-46431\" title=\"C2_LOKI\" alt=\"\"><\/span><\/a><\/div><\/div><\/div><\/div><div class=\"et_pb_section_2 et_pb_section et_section_regular et_block_section section_has_divider et_pb_bottom_divider\"><div class=\"et_pb_row_1 et_pb_row et_block_row\"><div class=\"et_pb_column_5 et_pb_column et_pb_column_4_4 et-last-child et_block_column et_pb_css_mix_blend_mode_passthrough\"><div class=\"et_pb_text_1 et_pb_text et_pb_bg_layout_light et_pb_module et_block_module et_pb_text_align_center\"><div class=\"et_pb_text_inner\"><p>Elija Camper Islandia<\/p>\n<\/div><\/div><\/div><\/div><div class=\"et_pb_row_2 et_pb_row et_block_row\"><div class=\"et_pb_column_6 et_pb_column et_pb_column_1_3 et_block_column et_pb_css_mix_blend_mode_passthrough\"><div class=\"et_pb_blurb_1 et_pb_blurb et_pb_bg_layout_light et_pb_text_align_center et_pb_blurb_position_top et_pb_module et_block_module\"><div class=\"et_pb_blurb_content\"><div class=\"et_pb_main_blurb_image\"><span class=\"et_pb_image_wrap\"><span class=\"et-pb-icon et_animated et_animated\">\ue08b<\/span><\/span><\/div><div class=\"et_pb_blurb_container\"><h4 class=\"et_pb_module_header\">Negocio familiar<\/h4><div class=\"et_pb_blurb_description\"><p>Hemos sido una empresa familiar independiente desde 1987.<\/p>\n<\/div><\/div><\/div><\/div><\/div><div class=\"et_pb_column_7 et_pb_column et_pb_column_1_3 et_block_column et_pb_css_mix_blend_mode_passthrough\"><div class=\"et_pb_blurb_2 et_pb_blurb et_pb_bg_layout_light et_pb_text_align_center et_pb_blurb_position_top et_pb_module et_block_module\"><div class=\"et_pb_blurb_content\"><div class=\"et_pb_main_blurb_image\"><span class=\"et_pb_image_wrap\"><span class=\"et-pb-icon et_animated et_animated\">\ue06e<\/span><\/span><\/div><div class=\"et_pb_blurb_container\"><h4 class=\"et_pb_module_header\">Mayor variedad en veh\u00edculos<\/h4><div class=\"et_pb_blurb_description\"><p>Operamos con 7 tipos de veh\u00edculos diferentes para satisfacer su solicitud exacta.<\/p>\n<\/div><\/div><\/div><\/div><\/div><div class=\"et_pb_column_8 et_pb_column et_pb_column_1_3 et-last-child et_block_column et_pb_css_mix_blend_mode_passthrough\"><div class=\"et_pb_blurb_3 et_pb_blurb et_pb_bg_layout_light et_pb_text_align_center et_pb_blurb_position_top et_pb_module et_block_module\"><div class=\"et_pb_blurb_content\"><div class=\"et_pb_main_blurb_image\"><span class=\"et_pb_image_wrap\"><span class=\"et-pb-icon et_animated et_animated\">Z<\/span><\/span><\/div><div class=\"et_pb_blurb_container\"><h4 class=\"et_pb_module_header\">Certificado<\/h4><div class=\"et_pb_blurb_description\"><p>Somos un agente de alquiler de coches y viajes totalmente certificado.<\/p>\n<\/div><\/div><\/div><\/div><\/div><\/div><div class=\"et_pb_row_3 et_pb_row et_block_row\"><div class=\"et_pb_column_9 et_pb_column et_pb_column_1_3 et_block_column et_pb_css_mix_blend_mode_passthrough\"><div class=\"et_pb_blurb_4 et_pb_blurb et_pb_bg_layout_light et_pb_text_align_center et_pb_blurb_position_top et_pb_module et_block_module\"><div class=\"et_pb_blurb_content\"><div class=\"et_pb_main_blurb_image\"><span class=\"et_pb_image_wrap\"><span class=\"et-pb-icon et_animated et_animated\">\ue0de<\/span><\/span><\/div><div class=\"et_pb_blurb_container\"><h4 class=\"et_pb_module_header\">Instrucci\u00f3n<\/h4><div class=\"et_pb_blurb_description\"><p>Usted recibir\u00e1 acceso a todos nuestros videos de instrucciones y tutoriales.<\/p>\n<\/div><\/div><\/div><\/div><\/div><div class=\"et_pb_column_10 et_pb_column et_pb_column_1_3 et_block_column et_pb_css_mix_blend_mode_passthrough\"><div class=\"et_pb_blurb_5 et_pb_blurb et_pb_bg_layout_light et_pb_text_align_center et_pb_blurb_position_top et_pb_module et_block_module\"><div class=\"et_pb_blurb_content\"><div class=\"et_pb_main_blurb_image\"><span class=\"et_pb_image_wrap\"><span class=\"et-pb-icon et_animated et_animated\">\ue02d<\/span><\/span><\/div><div class=\"et_pb_blurb_container\"><h4 class=\"et_pb_module_header\">Pre Check in<\/h4><div class=\"et_pb_blurb_description\"><p>Ofrecemos un m\u00f3dulo de pre-facturaci\u00f3n en el que siempre se pueden a\u00f1adir extras.<\/p>\n<\/div><\/div><\/div><\/div><\/div><div class=\"et_pb_column_11 et_pb_column et_pb_column_1_3 et-last-child et_block_column et_pb_css_mix_blend_mode_passthrough\"><div class=\"et_pb_blurb_6 et_pb_blurb et_pb_bg_layout_light et_pb_text_align_center et_pb_blurb_position_top et_pb_module et_block_module\"><div class=\"et_pb_blurb_content\"><div class=\"et_pb_main_blurb_image\"><span class=\"et_pb_image_wrap\"><span class=\"et-pb-icon et_animated et_animated\">\ue066<\/span><\/span><\/div><div class=\"et_pb_blurb_container\"><h4 class=\"et_pb_module_header\">Servicio al cliente<\/h4><div class=\"et_pb_blurb_description\"><p>Nuestro avanzado sistema de atenci\u00f3n al cliente le guiar\u00e1 a trav\u00e9s de sus vacaciones de ensue\u00f1o. <\/p>\n<\/div><\/div><\/div><\/div><\/div><\/div><div class=\"et_pb_bottom_inside_divider et-no-transition\"><\/div><\/div><div class=\"et_pb_section_3 et_pb_section et_section_regular et_block_section readmore\" id=\"leer m\u00e1s\"><div class=\"et_pb_row_4 et_pb_row et_block_row\"><div class=\"et_pb_column_12 et_pb_column et_pb_column_4_4 et-last-child et_block_column et_pb_css_mix_blend_mode_passthrough\"><div class=\"et_pb_text_2 et_pb_text et_pb_bg_layout_light et_pb_module et_block_module et_pb_text_align_center\"><div class=\"et_pb_text_inner\"><h2>Este es Camper Iceland<\/h2>\n<p>Somos una empresa familiar que fue fundada en 1987. Los miembros fundadores comenzaron a trabajar en el sector tur\u00edstico a finales de los a\u00f1os sesenta. Por lo tanto, es considerado uno de los especialistas en viajes m\u00e1s antiguos de Islandia. Todos nuestros conocimientos y experiencia est\u00e1n a su disposici\u00f3n.  <\/p>\n<\/div><\/div><\/div><\/div><\/div><div class=\"et_pb_section_4 et_pb_section et_section_regular et_block_section\"><div class=\"et_pb_row_5 et_pb_row et_pb_gutters1 et_block_row et_pb_row_fullwidth\"><div class=\"et_pb_column_13 et_pb_column et_pb_column_2_3 et_block_column et_pb_css_mix_blend_mode_passthrough\"><div class=\"et_pb_image_9 et_pb_image et_animated et_pb_module et_block_module\"><span class=\"et_pb_image_wrap\"><img decoding=\"async\" src=\"https:\/\/www.camper.is\/wp-content\/uploads\/2019\/07\/88f3e47d-2bc3-4c45-9258-4027fbedc7b1.jpg\" width=\"1616\" height=\"1080\" srcset=\"https:\/\/www.camper.is\/wp-content\/uploads\/2019\/07\/88f3e47d-2bc3-4c45-9258-4027fbedc7b1.jpg 1616w, https:\/\/www.camper.is\/wp-content\/uploads\/2019\/07\/88f3e47d-2bc3-4c45-9258-4027fbedc7b1-300x200.jpg 300w, https:\/\/www.camper.is\/wp-content\/uploads\/2019\/07\/88f3e47d-2bc3-4c45-9258-4027fbedc7b1-768x513.jpg 768w, https:\/\/www.camper.is\/wp-content\/uploads\/2019\/07\/88f3e47d-2bc3-4c45-9258-4027fbedc7b1-1024x684.jpg 1024w, https:\/\/www.camper.is\/wp-content\/uploads\/2019\/07\/88f3e47d-2bc3-4c45-9258-4027fbedc7b1-1080x722.jpg 1080w\" sizes=\"(max-width: 1616px) 100vw, 1616px\" class=\"wp-image-25554\" alt=\"\" title=\"\"><\/span><\/div><\/div><div class=\"et_pb_column_14 et_pb_column et_pb_column_1_3 et-last-child et_block_column et_pb_css_mix_blend_mode_passthrough\"><div class=\"et_pb_text_3 et_pb_text et_pb_bg_layout_light et_pb_module et_block_module\"><div class=\"et_pb_text_inner\"><h3>Mantenimiento y servicio<\/h3>\n<p>Todos nuestros veh\u00edculos son inspeccionados por el gobierno cada a\u00f1o. Nuestras marcas de veh\u00edculos son atendidas por el concesionario local. Somos el distribuidor oficial de McLouis y Mobilvetta Motor Homes. <\/p>\n<\/div><\/div><div class=\"et_pb_text_4 et_pb_text et_pb_bg_layout_light et_pb_module et_block_module\"><div class=\"et_pb_text_inner\"><ul>\n<li>Inspecci\u00f3n anual por parte del gobierno <\/li>\n<li>Concesionario De motor y autocaravana<\/li>\n<li>Garaje propio para reparaciones<\/li>\n<\/ul>\n<\/div><\/div><\/div><\/div><\/div><div class=\"et_pb_section_5 et_pb_section et_section_regular et_block_section\"><div class=\"et_pb_row_6 et_pb_row et_block_row\"><div class=\"et_pb_column_15 et_pb_column et_pb_column_4_4 et-last-child et_block_column et_pb_css_mix_blend_mode_passthrough\"><div class=\"et_pb_text_5 et_pb_text et_pb_bg_layout_light et_animated et_pb_module et_block_module et_pb_text_align_center\"><div class=\"et_pb_text_inner\"><p>\"lo que a nuestros clientes les gusta de nosotros\"<\/p>\n<\/div><\/div><\/div><\/div><div class=\"et_pb_row_7 et_pb_row et_block_row\"><div class=\"et_pb_column_16 et_pb_column et_pb_column_1_3 et_block_column et_pb_css_mix_blend_mode_passthrough\"><div class=\"et_pb_testimonial_0 et_pb_testimonial et_pb_testimonial_no_image et_pb_bg_layout_light et_animated et_pb_module et_block_module\"><div class=\"et_pb_testimonial_inner\"><div class=\"et_pb_testimonial_description\"><div class=\"et_pb_testimonial_description_inner\"><div class=\"et_pb_testimonial_content\"><p><em>\"Nos encanta la caravana de hielo. Es una compa\u00f1\u00eda muy amable. No caravana era muy bien y muy c\u00f3modo. Volveremos el a\u00f1o que viene para alquilar una vez m\u00e1s la caravana en la caravana de Islandia\".<\/em><\/p>\n<\/div><\/div><div class=\"et_pb_testimonial_meta\"><\/div><\/div><\/div><\/div><\/div><div class=\"et_pb_column_17 et_pb_column et_pb_column_1_3 et_block_column et_pb_css_mix_blend_mode_passthrough\"><div class=\"et_pb_testimonial_1 et_pb_testimonial et_pb_testimonial_no_image et_pb_bg_layout_light et_animated et_pb_module et_block_module\"><div class=\"et_pb_testimonial_inner\"><div class=\"et_pb_testimonial_description\"><div class=\"et_pb_testimonial_description_inner\"><div class=\"et_pb_testimonial_content\"><p><em>\"Buena experiencia! Muy c\u00f3modo, limpio y f\u00e1cil de conducir. Recomendar\u00eda a los amigos!\"<\/em><\/p>\n<\/div><\/div><div class=\"et_pb_testimonial_meta\"><\/div><\/div><\/div><\/div><\/div><div class=\"et_pb_column_18 et_pb_column et_pb_column_1_3 et-last-child et_block_column et_pb_css_mix_blend_mode_passthrough\"><div class=\"et_pb_testimonial_2 et_pb_testimonial et_pb_testimonial_no_image et_pb_bg_layout_light et_animated et_pb_module et_block_module\"><div class=\"et_pb_testimonial_inner\"><div class=\"et_pb_testimonial_description\"><div class=\"et_pb_testimonial_description_inner\"><div class=\"et_pb_testimonial_content\"><p><em>\"\u00a1Gracias por un gran viaje! Os escribo para recomendaros encarecidamente, alquil\u00e9 el Camper 4x4 en mayo. El veh\u00edculo que alquil\u00e9 era estupendo, la caravana era magn\u00edfica... \u00a1Fue un coche tan suave de conducir! Fue un placer conducir por Islandia, y me sent\u00ed bien sabiendo que recib\u00ed un coche bien mantenido y seguro para conducir\"<\/em><\/p>\n<\/div><\/div><div class=\"et_pb_testimonial_meta\"><\/div><\/div><\/div><\/div><\/div><\/div><\/div><span class=\"et_bloom_bottom_trigger\"><\/span>","protected":false},"excerpt":{"rendered":"","protected":false},"author":1,"featured_media":0,"parent":31784,"menu_order":0,"comment_status":"closed","ping_status":"closed","template":"","meta":{"_acf_changed":false,"footnotes":""},"class_list":["post-58041","page","type-page","status-publish","hentry"],"acf":[],"jetpack_sharing_enabled":true,"_links":{"self":[{"href":"https:\/\/www.camper.is\/es\/wp-json\/wp\/v2\/pages\/58041","targetHints":{"allow":["GET"]}}],"collection":[{"href":"https:\/\/www.camper.is\/es\/wp-json\/wp\/v2\/pages"}],"about":[{"href":"https:\/\/www.camper.is\/es\/wp-json\/wp\/v2\/types\/page"}],"author":[{"embeddable":true,"href":"https:\/\/www.camper.is\/es\/wp-json\/wp\/v2\/users\/1"}],"replies":[{"embeddable":true,"href":"https:\/\/www.camper.is\/es\/wp-json\/wp\/v2\/comments?post=58041"}],"version-history":[{"count":0,"href":"https:\/\/www.camper.is\/es\/wp-json\/wp\/v2\/pages\/58041\/revisions"}],"up":[{"embeddable":true,"href":"https:\/\/www.camper.is\/es\/wp-json\/wp\/v2\/pages\/31784"}],"wp:attachment":[{"href":"https:\/\/www.camper.is\/es\/wp-json\/wp\/v2\/media?parent=58041"}],"curies":[{"name":"wp","href":"https:\/\/api.w.org\/{rel}","templated":true}]}}