{"id":49990,"date":"2022-04-20T11:53:46","date_gmt":"2022-04-20T11:53:46","guid":{"rendered":"https:\/\/www.camper.is\/descargo-de-responsabilidad\/"},"modified":"2025-02-07T09:18:21","modified_gmt":"2025-02-07T09:18:21","slug":"descargo-de-responsabilidad","status":"publish","type":"page","link":"https:\/\/www.camper.is\/es\/vegvisir-wayfinder-para-viajeros\/descargo-de-responsabilidad\/","title":{"rendered":"Descargo de responsabilidad"},"content":{"rendered":"<h1>Descargo de responsabilidad<\/h1>\n<h2>Descargo de responsabilidad del sitio web<\/h2>\n<p>El material contenido en el sitio web de Camper Islandia es solo para fines informativos. No contiene ning\u00fan consejo o recomendaci\u00f3n legal y no puede ser sustituido por un consejo individual. La transmisi\u00f3n de informaci\u00f3n desde este sitio web, o acceder o recibir informaci\u00f3n del mismo no se considera un servicio de asesoramiento y no establece una relaci\u00f3n de cliente. Se tuvo el mayor cuidado posible al compilar este sitio web y el contenido se investiga cuidadosamente antes de cargarlo. Sin embargo, no asumimos ninguna responsabilidad por la exactitud, integridad, precisi\u00f3n y actualidad de la informaci\u00f3n proporcionada en el sitio web. Tampoco asumimos ninguna responsabilidad por el contenido de sitios web externos a los que este sitio web hace referencia directa o indirectamente a trav\u00e9s de hiperv\u00ednculos.<\/p>\n<h2>Descargo de responsabilidad por correo electr\u00f3nico<\/h2>\n<p>Este correo electr\u00f3nico est\u00e1 destinado \u00fanicamente a la persona a la que est\u00e1 dirigido y\/o al personal autorizado. La informaci\u00f3n contenida en este documento y adjunta es confidencial y propiedad de Camper Islandia. Si usted no es el destinatario previsto, tenga en cuenta que est\u00e1 prohibido ver este mensaje y sus archivos adjuntos, as\u00ed como copiar, reenviar, imprimir y difundir cualquier informaci\u00f3n relacionada con este correo electr\u00f3nico, y que no debe tomar ninguna medida basada en el contenido de este correo electr\u00f3nico y\/o sus archivos adjuntos. Si recibi\u00f3 este mensaje por error, comun\u00edquese con el remitente y destruya todas las copias de este correo electr\u00f3nico y cualquier archivo adjunto. Tenga en cuenta que los puntos de vista y opiniones expresados aqu\u00ed son \u00fanicamente del autor y no reflejan necesariamente los de la empresa. Si bien se han empleado herramientas de protecci\u00f3n antivirus, debe verificar este correo electr\u00f3nico y los archivos adjuntos para detectar la presencia de virus. No se ofrecen garant\u00edas ni garant\u00edas en relaci\u00f3n con la seguridad y el contenido de este correo electr\u00f3nico y sus archivos adjuntos. Camper Iceland no acepta ninguna responsabilidad por los da\u00f1os causados por cualquier virus transmitido o contenido en este correo electr\u00f3nico y archivos adjuntos. No se acepta ninguna responsabilidad por las consecuencias derivadas de este correo electr\u00f3nico.<\/p>\n<p>Seg\u00fan el Reglamento General de Protecci\u00f3n de Datos (GDPR) 90\/2018, tenemos el deber legal de proteger cualquier informaci\u00f3n que recopilamos de usted. La informaci\u00f3n contenida en este correo electr\u00f3nico y los archivos adjuntos pueden ser privilegiados o confidenciales y destinados al uso exclusivo del destinatario original. Si ha recibido este correo electr\u00f3nico por error, avise inmediatamente al remitente y elimine el correo electr\u00f3nico tal y como exige el art\u00edculo 57 del reglamento 107\/1999 en materia de comunicaciones.<\/p>\n<p>Vegna pers\u00f3nuverndarl\u00f6ggjafar nr. 90\/2018 h\u00f6fum vi\u00f0 lagalega skyldu til \u00feess a\u00f0 vernda allar \u00fe\u00e6r uppl\u00fdsingar sem vi\u00f0 f\u00e1um fr\u00e1 \u00fe\u00e9r. Uppl\u00fdsingarnar \u00ed \u00feessum t\u00f6lvup\u00f3st sem og \u00f6ll vi\u00f0hengi hans g\u00e6tu veri\u00f0 tr\u00fana\u00f0arm\u00e1l og er a\u00f0eins fyrir \u00e6tla\u00f0an vi\u00f0takanda. Hafir \u00fe\u00fa fengi\u00f0 \u00feennan t\u00f6lvup\u00f3st fyrir mist\u00f6k, vinsamlegast l\u00e1ttu okkur vita strax og eyddu t\u00f6lvup\u00f3stinum \u00e1samt \u00f6llum vi\u00f0hengjum eins og \u00fe\u00e9r er skylt a\u00f0 gera samkv\u00e6mt 57. grein laga nr 107\/1999 um fjarskipti.<\/p>\n<h2>Derechos de autor<\/h2>\n<p>El contenido de este sitio web est\u00e1 protegido por la ley de derechos de autor. La reproducci\u00f3n u otra difusi\u00f3n de los textos e im\u00e1genes proporcionados en este sitio web requiere nuestra aprobaci\u00f3n por escrito.<\/p>\n","protected":false},"excerpt":{"rendered":"<p>Descargo de responsabilidad Descargo de responsabilidad del sitio web El material contenido en el sitio web de Camper Islandia es solo para fines informativos. No contiene ning\u00fan consejo o recomendaci\u00f3n legal y no puede ser sustituido por un consejo individual. La transmisi\u00f3n de informaci\u00f3n desde este sitio web, o acceder o recibir informaci\u00f3n del mismo [&hellip;]<\/p>\n","protected":false},"author":1,"featured_media":0,"parent":34167,"menu_order":0,"comment_status":"closed","ping_status":"closed","template":"","meta":{"_acf_changed":false,"jetpack_post_was_ever_published":false,"footnotes":""},"class_list":["post-49990","page","type-page","status-publish","hentry"],"acf":[],"jetpack_sharing_enabled":true,"_links":{"self":[{"href":"https:\/\/www.camper.is\/es\/wp-json\/wp\/v2\/pages\/49990","targetHints":{"allow":["GET"]}}],"collection":[{"href":"https:\/\/www.camper.is\/es\/wp-json\/wp\/v2\/pages"}],"about":[{"href":"https:\/\/www.camper.is\/es\/wp-json\/wp\/v2\/types\/page"}],"author":[{"embeddable":true,"href":"https:\/\/www.camper.is\/es\/wp-json\/wp\/v2\/users\/1"}],"replies":[{"embeddable":true,"href":"https:\/\/www.camper.is\/es\/wp-json\/wp\/v2\/comments?post=49990"}],"version-history":[{"count":0,"href":"https:\/\/www.camper.is\/es\/wp-json\/wp\/v2\/pages\/49990\/revisions"}],"up":[{"embeddable":true,"href":"https:\/\/www.camper.is\/es\/wp-json\/wp\/v2\/pages\/34167"}],"wp:attachment":[{"href":"https:\/\/www.camper.is\/es\/wp-json\/wp\/v2\/media?parent=49990"}],"curies":[{"name":"wp","href":"https:\/\/api.w.org\/{rel}","templated":true}]}}