{"id":49941,"date":"2022-04-20T11:53:43","date_gmt":"2022-04-20T11:53:43","guid":{"rendered":"https:\/\/www.camper.is\/politica-de-cookies-ue\/"},"modified":"2025-02-07T09:14:46","modified_gmt":"2025-02-07T09:14:46","slug":"politica-de-cookies-ue","status":"publish","type":"page","link":"https:\/\/www.camper.is\/es\/vegvisir-wayfinder-para-viajeros\/politica-de-cookies-ue\/","title":{"rendered":"Pol\u00edtica de cookies (UE)"},"content":{"rendered":"","protected":false},"excerpt":{"rendered":"","protected":false},"author":1,"featured_media":0,"parent":34167,"menu_order":0,"comment_status":"closed","ping_status":"closed","template":"","meta":{"_acf_changed":false,"jetpack_post_was_ever_published":false,"footnotes":""},"class_list":["post-49941","page","type-page","status-publish","hentry"],"acf":[],"jetpack_sharing_enabled":true,"jetpack_shortlink":"https:\/\/wp.me\/P569lP-cZv","jetpack-related-posts":[{"id":49954,"url":"https:\/\/www.camper.is\/fr\/vegv-sir-wayfinder-pour-les-voyageurs\/politique-relative-aux-cookies-ue\/","url_meta":{"origin":49941,"position":0},"title":"Politique relative aux cookies (UE)","author":"admin","date":"20 de abril de 2022","format":false,"excerpt":"","rel":"","context":"Entrada similar","block_context":{"text":"Entrada similar","link":""},"img":{"alt_text":"","src":"","width":0,"height":0},"classes":[]},{"id":47658,"url":"https:\/\/www.camper.is\/vegvisir-wayfinder-for-travellers\/cookie-policy-eu\/","url_meta":{"origin":49941,"position":1},"title":"Cookie Policy (EU)","author":"admin","date":"7 de junio de 2021","format":false,"excerpt":"","rel":"","context":"Entrada similar","block_context":{"text":"Entrada similar","link":""},"img":{"alt_text":"","src":"","width":0,"height":0},"classes":[]},{"id":49930,"url":"https:\/\/www.camper.is\/de\/vegvisir-der-wegfinder-fuer-island\/cookie-richtlinie-eu\/","url_meta":{"origin":49941,"position":2},"title":"Cookie-Richtlinie (EU)","author":"admin","date":"20 de abril de 2022","format":false,"excerpt":"","rel":"","context":"Entrada similar","block_context":{"text":"Entrada similar","link":""},"img":{"alt_text":"","src":"","width":0,"height":0},"classes":[]},{"id":49857,"url":"https:\/\/www.camper.is\/zh-hans\/vegvasir-%e6%97%85%e8%a1%8c%e8%80%85%e7%9a%84%e5%af%bb%e9%81%93%e8%80%85\/cookie-%e6%94%bf%e7%ad%96%ef%bc%88%e6%ac%a7%e7%9b%9f%ef%bc%89\/","url_meta":{"origin":49941,"position":3},"title":"Cookie \u653f\u7b56\uff08\u6b27\u76df\uff09","author":"admin","date":"20 de abril de 2022","format":false,"excerpt":"","rel":"","context":"Entrada similar","block_context":{"text":"Entrada similar","link":""},"img":{"alt_text":"","src":"","width":0,"height":0},"classes":[]},{"id":71840,"url":"https:\/\/www.camper.is\/fr\/lieux-a-visiter-en-islande\/","url_meta":{"origin":49941,"position":4},"title":"CAMPER CARTE DE L&#8217;ISLANDE","author":"admin","date":"15 de junio de 2025","format":false,"excerpt":"Merveilles du Cercle d'Or Parc national de Thingvellir (\u00deingvellir) : Un site class\u00e9 au patrimoine mondial de l'UNESCO, historiquement significatif en tant que site de l'ancien parlement islandais, et g\u00e9ologiquement unique o\u00f9 les plaques tectoniques nord-am\u00e9ricaine et eurasienne s'\u00e9cartent l'une de l'autre. Vous pouvez m\u00eame plonger ou faire de la\u2026","rel":"","context":"Entrada similar","block_context":{"text":"Entrada similar","link":""},"img":{"alt_text":"","src":"","width":0,"height":0},"classes":[]},{"id":71836,"url":"https:\/\/www.camper.is\/es\/lugares-que-visitar-en-islandia\/","url_meta":{"origin":49941,"position":5},"title":"CAMPER MAPA DE ISLANDIA","author":"admin","date":"15 de junio de 2025","format":false,"excerpt":"Maravillas del C\u00edrculo Dorado Parque Nacional de Thingvellir (\u00deingvellir): Un lugar declarado Patrimonio de la Humanidad por la UNESCO, hist\u00f3ricamente significativo como sede del antiguo parlamento de Islandia, y geol\u00f3gicamente \u00fanico donde las placas tect\u00f3nicas de Norteam\u00e9rica y Eurasia se est\u00e1n separando. Aqu\u00ed puedes incluso bucear o hacer snorkel en\u2026","rel":"","context":"Entrada similar","block_context":{"text":"Entrada similar","link":""},"img":{"alt_text":"","src":"","width":0,"height":0},"classes":[]}],"_links":{"self":[{"href":"https:\/\/www.camper.is\/es\/wp-json\/wp\/v2\/pages\/49941","targetHints":{"allow":["GET"]}}],"collection":[{"href":"https:\/\/www.camper.is\/es\/wp-json\/wp\/v2\/pages"}],"about":[{"href":"https:\/\/www.camper.is\/es\/wp-json\/wp\/v2\/types\/page"}],"author":[{"embeddable":true,"href":"https:\/\/www.camper.is\/es\/wp-json\/wp\/v2\/users\/1"}],"replies":[{"embeddable":true,"href":"https:\/\/www.camper.is\/es\/wp-json\/wp\/v2\/comments?post=49941"}],"version-history":[{"count":1,"href":"https:\/\/www.camper.is\/es\/wp-json\/wp\/v2\/pages\/49941\/revisions"}],"predecessor-version":[{"id":70305,"href":"https:\/\/www.camper.is\/es\/wp-json\/wp\/v2\/pages\/49941\/revisions\/70305"}],"up":[{"embeddable":true,"href":"https:\/\/www.camper.is\/es\/wp-json\/wp\/v2\/pages\/34167"}],"wp:attachment":[{"href":"https:\/\/www.camper.is\/es\/wp-json\/wp\/v2\/media?parent=49941"}],"curies":[{"name":"wp","href":"https:\/\/api.w.org\/{rel}","templated":true}]}}