{"id":49904,"date":"2022-04-20T11:53:41","date_gmt":"2022-04-20T11:53:41","guid":{"rendered":"https:\/\/www.camper.is\/nombres-nordicos\/"},"modified":"2026-04-07T06:49:23","modified_gmt":"2026-04-07T06:49:23","slug":"nombres-nordicos","status":"publish","type":"page","link":"https:\/\/www.camper.is\/es\/vision-general-de-camper-iceland\/nombres-nordicos\/","title":{"rendered":"Nombres n\u00f3rdicos"},"content":{"rendered":"\n<div class=\"et_pb_section_0 et_pb_section et_section_regular et_block_section\"><div class=\"et_pb_row_0 et_pb_row et_block_row\"><div class=\"et_pb_column_0 et_pb_column et_pb_column_4_4 et-last-child et_block_column et_pb_css_mix_blend_mode_passthrough\"><div class=\"et_pb_text_0 et_pb_text et_pb_bg_layout_light et_pb_module et_block_module et_pb_text_align_center\"><div class=\"et_pb_text_inner\"><p>Los nombres n\u00f3rdicos<\/p>\n<\/div><\/div><div class=\"et_pb_text_1 et_pb_text et_pb_bg_layout_dark et_pb_module et_block_module\"><div class=\"et_pb_text_inner\"><h1>Bienvenidos a islandia, la tierra de los vikingos<\/h1>\n<\/div><\/div><\/div><\/div><\/div><div class=\"et_pb_section_1 et_pb_section et_section_regular et_block_section\"><div class=\"et_pb_row_1 et_pb_row et_block_row\"><div class=\"et_pb_column_1 et_pb_column et_pb_column_1_3 et_block_column et_pb_css_mix_blend_mode_passthrough\"><div class=\"et_pb_text_2 et_pb_text et_pb_bg_layout_light et_pb_module et_block_module et_pb_text_align_center\"><div class=\"et_pb_text_inner\"><h2>Regla vikinga n\u00b0 1<\/h2>\n<p>Cuando acampe en Islandia, deje el sitio en mejores condiciones de las que lo encontr\u00f3. <\/p>\n<\/div><\/div><div class=\"et_pb_module et_pb_button_module_wrapper et_pb_button_0_wrapper\"><a class=\"et_pb_button_0 et_pb_button et_pb_bg_layout_light et_pb_module et_block_module\" href=\"\">Viaja como un fantasma<\/a><\/div><\/div><div class=\"et_pb_column_2 et_pb_column et_pb_column_1_3 et_block_column et_pb_css_mix_blend_mode_passthrough\"><div class=\"et_pb_text_3 et_pb_text et_pb_bg_layout_light et_pb_module et_block_module et_pb_text_align_center\"><div class=\"et_pb_text_inner\"><h2>Regla vikinga nr 2<\/h2>\n<p>Conduce como si tuvieras un vaso lleno de agua en la mano e intenta no derramar ni una gota. <\/p>\n<\/div><\/div><div class=\"et_pb_module et_pb_button_module_wrapper et_pb_button_1_wrapper\"><a class=\"et_pb_button_1 et_pb_button et_pb_bg_layout_light et_pb_module et_block_module\" href=\"\">Guardar unidad<\/a><\/div><\/div><div class=\"et_pb_column_3 et_pb_column et_pb_column_1_3 et-last-child et_block_column et_pb_css_mix_blend_mode_passthrough\"><div class=\"et_pb_text_4 et_pb_text et_pb_bg_layout_light et_pb_module et_block_module et_pb_text_align_center\"><div class=\"et_pb_text_inner\"><h2>Regla vikinga nr 3<\/h2>\n<p>Si no eres parte de la soluci\u00f3n, eres parte del problema. <\/p>\n<\/div><\/div><div class=\"et_pb_module et_pb_button_module_wrapper et_pb_button_2_wrapper\"><a class=\"et_pb_button_2 et_pb_button et_pb_bg_layout_light et_pb_module et_block_module\" href=\"\">ser un vikingo<\/a><\/div><\/div><\/div><\/div><div class=\"et_pb_section_2 et_pb_section et_section_regular et_block_section\"><div class=\"et_pb_row_2 et_pb_row et_block_row\"><div class=\"et_pb_column_4 et_pb_column et_pb_column_4_4 et-last-child et_block_column et_pb_css_mix_blend_mode_passthrough\"><div class=\"et_pb_image_0 et_pb_image et_pb_module et_block_module\"><span class=\"et_pb_image_wrap\"><img data-recalc-dims=\"1\" decoding=\"async\" src=\"https:\/\/i0.wp.com\/www.campericeland.is\/wp-content\/uploads\/2021\/06\/wedding-photographer-icon-4-gold.png?w=1080&#038;quality=72&#038;ssl=1\" title=\"fot\u00f3grafo-de-bodas-icon-4-gold\" alt=\"\"><\/span><\/div><div class=\"et_pb_text_5 et_pb_text et_pb_bg_layout_light et_pb_module et_block_module et_pb_text_align_center\"><div class=\"et_pb_text_inner\"><p style=\"padding-left: 40px; text-align: right;\">  <img data-recalc-dims=\"1\" loading=\"lazy\" decoding=\"async\" src=\"https:\/\/i0.wp.com\/www.camper.is\/wp-content\/uploads\/2024\/08\/WhatsApp-Image-2024-08-08-at-12.14.48-PM.jpeg?resize=99%2C173&#038;quality=80&#038;ssl=1\" width=\"99\" height=\"173\" alt=\"\" class=\"wp-image-68127 alignnone size-medium\" title=\"\" srcset=\"https:\/\/i0.wp.com\/www.camper.is\/wp-content\/uploads\/2024\/08\/WhatsApp-Image-2024-08-08-at-12.14.48-PM.jpeg?resize=172%2C300&amp;quality=80&amp;ssl=1 172w, https:\/\/i0.wp.com\/www.camper.is\/wp-content\/uploads\/2024\/08\/WhatsApp-Image-2024-08-08-at-12.14.48-PM.jpeg?w=366&amp;quality=80&amp;ssl=1 366w\" sizes=\"(max-width: 99px) 100vw, 99px\" \/>Los dioses<\/p>\n<\/div><\/div><div class=\"et_pb_text_6 et_pb_text et_pb_bg_layout_light et_pb_module et_block_module et_pb_text_align_center\"><div class=\"et_pb_text_inner\"><h2>nombres n\u00f3rdicos<\/h2>\n<\/div><\/div><div class=\"et_pb_text_7 et_pb_text et_pb_bg_layout_light et_pb_module et_block_module et_pb_text_align_center\"><div class=\"et_pb_text_inner\"><p><strong>ODIN<\/strong> (island\u00e9s: \u00d3\u00f0inn)<\/p>\n<p>Este es el nombre del dios m\u00e1s alto y m\u00e1s antiguo de la mitolog\u00eda n\u00f3rdica tal como aparece en los Eddas, y Od\u00edn es m\u00e1s multifac\u00e9tico que cualquiera de los otros dioses. Es el padre de otros dioses y, por lo tanto, se llama Padre de todos. Es un \u00eddolo de la ficci\u00f3n, un \u00eddolo de la muerte y un \u00eddolo de la guerra, y adem\u00e1s es un \u00eddolo de la magia, la hechicer\u00eda, los hechizos r\u00fanicos y el olvido. Sus muchos nombres en la mitolog\u00eda tambi\u00e9n muestran cu\u00e1n multifac\u00e9tico es. Od\u00edn y sus hermanos, Vilji y V\u00e9i, son los primeros dioses. Son los hijos de Bor y la giganta Bestla. Odinn est\u00e1 casado con Frigg y sus hijos son Baldur (con Frigg), \u00de\u00f3r (con J\u00f6r\u00f0) y V\u00e1li (con Rindi). Estos lazos familiares ya aparecen en poemas con rima, pero Snorri Sturluson tambi\u00e9n dice que Heimdall, T\u00fd, Braga, V\u00ed\u00f0ar y H\u00f6\u00f0 son hijos de Od\u00edn. La morada de Od\u00edn se llama Asgard, y su trono es Hli\u00f0skj\u00e1lf, y desde all\u00ed vio todos los mundos y las acciones de todos los hombres. Sus caracter\u00edsticas son el anillo Draupnir, el pico Gungnir, los dos cuervos Huginn y Muninn y el caballo de ocho patas Sleipnir. Odin adquiri\u00f3 su conocimiento bebiendo de M\u00edmisbrunnur, pero para eso tuvo que poner un ojo en la l\u00ednea.<\/p>\n<p>&nbsp;<\/p>\n<p><strong>THOR<\/strong> (island\u00e9s: \u00de\u00f3r)<\/p>\n<p>El dios del trueno, el m\u00e1s fuerte de todos los dioses, su protector y protector de los humanos. Se le considera un hombre alto, fuerte, pelirrojo y de mirada penetrante. \u00de\u00f3r es hijo de \u00d3\u00f0inn y Jar\u00f0ur, su esposa es Sif y sus hijos son M\u00f3\u00f0i, Magni y \u00der\u00fa\u00f0ur. La casa de \u00de\u00f3r es \u00der\u00fa\u00f0vangur (o \u00der\u00fa\u00f0heimur) y su palacio se llama Bilskirnir. \u00de\u00f3r tiene un carro grande tirado por dos machos cabr\u00edos llamados Tanngrisnir y Tanngnj\u00f3stur. Las caracter\u00edsticas de \u00de\u00f3r son sus jardines principales, guantes de hierro y la letra Gr\u00ed\u00f0arv\u00f6lur que obtuvo del jugador de cr\u00edquet Gr\u00ed\u00f0ur. La caracter\u00edstica m\u00e1s notable de \u00de\u00f3r es el martillo Mjollnir, que es su arma m\u00e1s poderosa en la lucha contra los gigantes. Mj\u00f6lnir o \u00de\u00f3rshamarinn es ahora uno de los principales s\u00edmbolos de los paganos.<\/p>\n<p><strong>FIS<\/strong><\/p>\n<p>Sif es la esposa de Thor y una poderosa guerrera (doncella del escudo). En la mitolog\u00eda n\u00f3rdica, Sif es una diosa de cabello dorado asociada con la tierra. Sif est\u00e1 atestiguado en Poetic Edda, compilado en el siglo XIII a partir de fuentes tradicionales anteriores, y Prose Edda, escrito en el siglo XIII por Snorri Sturluson, y en la poes\u00eda de skalds.<\/p>\n<p><strong>HEL<\/strong><\/p>\n<p>Hel viene de \"helen\", por lo que significa hacer invisible. Es una diosa oculta. Su hogar, Helheim, se encuentra lejos de la luz del sol. Es el origen de todo ser y vida, y es aqu\u00ed donde vuelve de nuevo. Hel es la diosa del inframundo, la fertilidad, el nacimiento y la muerte, as\u00ed como la madre de toda vida. Hel es hija de Loki y Angrboda. Sus hermanos son el Lobo de Fenris y la Serpiente de Midgard.        <\/p>\n<p><strong>FREYJA<\/strong><\/p>\n<p>La hermosa y noble diosa del amor y la fertilidad es de h\u00e1bito, hija de Njar\u00f0ur y su hermana, y hermana de Freys. El nombre de su esposo es \u00d3\u00f0ur y sus hijas son Hnoss y Gersemi.<\/p>\n<p>Su caba\u00f1a es F\u00f3lkvangur donde se encuentra el gran y hermoso sal\u00f3n Sessr\u00famnir. Sus caracter\u00edsticas son el men\u00fa de falda, el mazo y el jabal\u00ed Hildisv\u00edni.<\/p>\n<p>Freyja cabalgaba como dos gatos arrastrados mientras viajaba. Se la considera la diosa patrona de los hogares y es bueno nombrarla por amor y placer.<\/p>\n<p><strong>FRIGG<\/strong><\/p>\n<p>Diosa principal de la ascendencia y esposa de Odin, la madre de Baldur. Ella es Fj\u00f6rgynsd\u00f3ttir, pero su padre es desconocido. Su casa en \u00c1sgar\u00f0ur se llama Fensalir donde las v\u00edrgenes Fulla y Gn\u00e1 la sirven. Su se\u00f1a de identidad es la monta\u00f1a rusa. Frigg sabe todo sobre el destino.<\/p>\n<p><strong>IDUNN<\/strong> (island\u00e9s: I\u00f0unn)<\/p>\n<p>La que renueva y esposa del dios Bragi. Ella conserva las nueve manzanas doradas que los dioses muerden a medida que envejecen y luego vuelven a ser j\u00f3venes hasta el fin del mundo (Ragnar\u00f6k). En Sk\u00e1ldskaparm\u00e1lar se dice que una vez que el gigante \u00dejass rob\u00f3 tanto a I\u00f0unn como a las manzanas y los dioses pronto comenzaron a envejecer. Pero por la astucia de Loki (quien en realidad fue responsable por el hecho de que \u00dejassi obtuvo las manzanas), lograron matar a \u00dejassi y recuperar tanto a I\u00f0unn como a las manzanas, asegurando as\u00ed la eterna juventud.<\/p>\n<p><strong>LOKI<\/strong> Laufeyjarson<\/p>\n<p><span style=\"font-size: 16px;\">Mitad dios y mitad gigante. Su padre es el gigante F\u00e1rbauti pero su madre se llama Laufey. Sus hermanos son B\u00fdleistur y Helblindi. Con su esposa Sigyn se cas\u00f3 con Narfa. Con la gitana Angurbo\u00f0a, Loki tuvo tres hijos, Fenris\u00falf, Mi\u00f0gar\u00f0sorm y Hel, y en forma de yegua dio a luz a Sleipnir, hijo del semental Sva\u00f0ilfari. Loki es considerado el dios m\u00e1s complejo del ate\u00edsmo. Se dice que Loki es hermoso y tambi\u00e9n hermoso en apariencia, diverso en modales. Tiene las cualidades superiores a otros hombres llamadas astucia (sl\u00e6g\u00f0) y m\u00e1quinas para todas las cosas.<\/span><\/p>\n<p>&nbsp;<\/p>\n<\/div><\/div><\/div><\/div><\/div>\n","protected":false},"excerpt":{"rendered":"","protected":false},"author":1,"featured_media":0,"parent":31785,"menu_order":0,"comment_status":"closed","ping_status":"closed","template":"","meta":{"_acf_changed":false,"jetpack_post_was_ever_published":false,"footnotes":""},"class_list":["post-49904","page","type-page","status-publish","hentry"],"acf":[],"jetpack_sharing_enabled":true,"jetpack_shortlink":"https:\/\/wp.me\/P569lP-cYU","jetpack-related-posts":[{"id":68246,"url":"https:\/\/www.camper.is\/fr\/vue-densemble-de-camper-iceland\/camping-car-5-hel\/","url_meta":{"origin":49904,"position":0},"title":"Camping-car 5 HEL","author":"admin","date":"8 de octubre de 2024","format":false,"excerpt":"","rel":"","context":"Entrada similar","block_context":{"text":"Entrada similar","link":""},"img":{"alt_text":"","src":"https:\/\/i0.wp.com\/www.camper.is\/wp-content\/uploads\/2024\/08\/MH5_HEL.jpeg?fit=800%2C800&quality=80&ssl=1&resize=350%2C200","width":350,"height":200,"srcset":"https:\/\/i0.wp.com\/www.camper.is\/wp-content\/uploads\/2024\/08\/MH5_HEL.jpeg?fit=800%2C800&quality=80&ssl=1&resize=350%2C200 1x, https:\/\/i0.wp.com\/www.camper.is\/wp-content\/uploads\/2024\/08\/MH5_HEL.jpeg?fit=800%2C800&quality=80&ssl=1&resize=525%2C300 1.5x, https:\/\/i0.wp.com\/www.camper.is\/wp-content\/uploads\/2024\/08\/MH5_HEL.jpeg?fit=800%2C800&quality=80&ssl=1&resize=700%2C400 2x"},"classes":[]},{"id":48129,"url":"https:\/\/www.camper.is\/es\/vegvisir-wayfinder-para-viajeros\/ahorre-viajes-al-aire-libre-es\/","url_meta":{"origin":49904,"position":1},"title":"Ahorre viajes al aire libre ES","author":"admin","date":"23 de junio de 2021","format":false,"excerpt":"Al aire libre Una buena preparaci\u00f3n es la clave para un viaje exitoso. Tenga en cuenta los puntos siguientes y recuerde que su primer destino siempre debe ser esta p\u00e1gina de inicio. Deje siempre su plan de viaje con alguien que pueda reaccionar si es necesario Consulta la previsi\u00f3n meteorol\u00f3gica.\u2026","rel":"","context":"Entrada similar","block_context":{"text":"Entrada similar","link":""},"img":{"alt_text":"","src":"","width":0,"height":0},"classes":[]},{"id":72452,"url":"https:\/\/www.camper.is\/fr\/loki-e-le-camping-car-durable-pour-votre-aventure-islandaise\/","url_meta":{"origin":49904,"position":2},"title":"LOKI E Le camping-car durable pour votre aventure islandaise","author":"admin","date":"14 de agosto de 2025","format":false,"excerpt":"","rel":"","context":"Entrada similar","block_context":{"text":"Entrada similar","link":""},"img":{"alt_text":"","src":"https:\/\/i0.wp.com\/www.camper.is\/wp-content\/uploads\/2025\/08\/Untitled-scaled.png?fit=1200%2C900&quality=72&ssl=1&resize=350%2C200","width":350,"height":200,"srcset":"https:\/\/i0.wp.com\/www.camper.is\/wp-content\/uploads\/2025\/08\/Untitled-scaled.png?fit=1200%2C900&quality=72&ssl=1&resize=350%2C200 1x, https:\/\/i0.wp.com\/www.camper.is\/wp-content\/uploads\/2025\/08\/Untitled-scaled.png?fit=1200%2C900&quality=72&ssl=1&resize=525%2C300 1.5x, https:\/\/i0.wp.com\/www.camper.is\/wp-content\/uploads\/2025\/08\/Untitled-scaled.png?fit=1200%2C900&quality=72&ssl=1&resize=700%2C400 2x, https:\/\/i0.wp.com\/www.camper.is\/wp-content\/uploads\/2025\/08\/Untitled-scaled.png?fit=1200%2C900&quality=72&ssl=1&resize=1050%2C600 3x"},"classes":[]}],"_links":{"self":[{"href":"https:\/\/www.camper.is\/es\/wp-json\/wp\/v2\/pages\/49904","targetHints":{"allow":["GET"]}}],"collection":[{"href":"https:\/\/www.camper.is\/es\/wp-json\/wp\/v2\/pages"}],"about":[{"href":"https:\/\/www.camper.is\/es\/wp-json\/wp\/v2\/types\/page"}],"author":[{"embeddable":true,"href":"https:\/\/www.camper.is\/es\/wp-json\/wp\/v2\/users\/1"}],"replies":[{"embeddable":true,"href":"https:\/\/www.camper.is\/es\/wp-json\/wp\/v2\/comments?post=49904"}],"version-history":[{"count":15,"href":"https:\/\/www.camper.is\/es\/wp-json\/wp\/v2\/pages\/49904\/revisions"}],"predecessor-version":[{"id":76142,"href":"https:\/\/www.camper.is\/es\/wp-json\/wp\/v2\/pages\/49904\/revisions\/76142"}],"up":[{"embeddable":true,"href":"https:\/\/www.camper.is\/es\/wp-json\/wp\/v2\/pages\/31785"}],"wp:attachment":[{"href":"https:\/\/www.camper.is\/es\/wp-json\/wp\/v2\/media?parent=49904"}],"curies":[{"name":"wp","href":"https:\/\/api.w.org\/{rel}","templated":true}]}}