{"id":42129,"date":"2019-11-19T09:04:07","date_gmt":"2019-11-19T09:04:07","guid":{"rendered":"https:\/\/www.campericeland.is\/registrar-tutorial-de-quiosco\/"},"modified":"2026-04-07T06:30:11","modified_gmt":"2026-04-07T06:30:11","slug":"registrar-tutorial-de-quiosco","status":"publish","type":"page","link":"https:\/\/www.camper.is\/es\/vegvisir-wayfinder-para-viajeros\/registrar-tutorial-de-quiosco\/","title":{"rendered":"Registrar - Tutorial de quiosco"},"content":{"rendered":"<div class=\"et_pb_section_0 et_pb_section et_section_regular et_block_section\"><div class=\"et_pb_row_0 et_pb_row et_block_row\"><div class=\"et_pb_column_0 et_pb_column et_pb_column_1_5 et_block_column et_pb_column_empty et_pb_css_mix_blend_mode_passthrough\"><\/div><div class=\"et_pb_column_1 et_pb_column et_pb_column_3_5 et_block_column et_pb_css_mix_blend_mode_passthrough\"><div class=\"et_pb_module et_pb_button_module_wrapper et_pb_button_0_wrapper\"><a class=\"et_pb_button_0 et_pb_button et_pb_bg_layout_light et_pb_module et_block_module\" href=\"https:\/\/web.rentalcarmanager.com\/Workflow\/workflow\/2?key=SVNJY2VSZW50YWwxNzdbdW5kZWZpbmVkXXxJY2VsYW5kQ2FtcGVyc3xCamlpaUlpZw&#038;workflowcode=kiosk\" target=\"_blank\" data-icon=\"=\" rel=\"noopener\">Contin\u00fae con el check-in<\/a><\/div><\/div><div class=\"et_pb_column_2 et_pb_column et_pb_column_1_5 et-last-child et_block_column et_pb_column_empty et_pb_css_mix_blend_mode_passthrough\"><\/div><\/div><div class=\"et_pb_row_1 et_pb_row et_pb_row_5col et_block_row et_block_row_5col\"><div class=\"et_pb_column_3 et_pb_column et_pb_column_1_5 et_block_column et_pb_css_mix_blend_mode_passthrough\"><div class=\"et_pb_blurb_0 et_pb_blurb et_pb_bg_layout_light et_pb_text_align_center et_pb_blurb_position_top et_pb_module et_block_module\"><div class=\"et_pb_blurb_content\"><div class=\"et_pb_main_blurb_image\"><span class=\"et_pb_image_wrap\"><span class=\"et-pb-icon et_animated et_animated\">\ue0f7<\/span><\/span><\/div><div class=\"et_pb_blurb_container\"><h4 class=\"et_pb_module_header\">N\u00famero de reserva<\/h4><div class=\"et_pb_blurb_description\"><p>  \/ \u00bfTiene su n\u00famero de reserva?<\/p>\n<p>Comienza con <strong>#KEF<\/strong> y va seguido de n\u00fameros, por ejemplo <strong>#KEF00000<\/strong>.<\/p>\n<p><strong>S\u00f3lo necesitar\u00e1 los 4, resp 5 n\u00fameros p.ej. 0000 \/ 00000.<\/strong><\/p>\n<\/div><\/div><\/div><\/div><\/div><div class=\"et_pb_column_4 et_pb_column et_pb_column_1_5 et_block_column et_pb_css_mix_blend_mode_passthrough\"><div class=\"et_pb_blurb_1 et_pb_blurb et_pb_bg_layout_light et_pb_text_align_center et_pb_blurb_position_top et_pb_module et_block_module\"><div class=\"et_pb_blurb_content\"><div class=\"et_pb_main_blurb_image\"><span class=\"et_pb_image_wrap\"><span class=\"et-pb-icon et_animated et_animated\">\ue072<\/span><\/span><\/div><div class=\"et_pb_blurb_container\"><h4 class=\"et_pb_module_header\">\u00bfD\u00f3nde puedes encontrarlo?<\/h4><div class=\"et_pb_blurb_description\"><p>Todos los que reservan a trav\u00e9s de nuestro sistema en l\u00ednea o con un agente de viajes deben recibir una confirmaci\u00f3n de reserva.<\/p>\n<p>Si reserv\u00f3 directamente con nosotros, recibi\u00f3 un correo electr\u00f3nico con un encabezado. Echa un vistazo a la imagen de demostraci\u00f3n a continuaci\u00f3n. <\/p>\n<\/div><\/div><\/div><\/div><div class=\"et_pb_image_0 et_pb_image et_pb_module et_block_module\"><a href=\"https:\/\/i0.wp.com\/www.camper.is\/wp-content\/uploads\/2019\/06\/email.jpg?quality=80&#038;ssl=1\" class=\"et_pb_lightbox_image\"><span class=\"et_pb_image_wrap\"><img data-recalc-dims=\"1\" loading=\"lazy\" decoding=\"async\" src=\"https:\/\/i0.wp.com\/www.camper.is\/wp-content\/uploads\/2019\/06\/email.jpg?resize=1080%2C36&#038;quality=80&#038;ssl=1\" width=\"1080\" height=\"36\" srcset=\"https:\/\/i0.wp.com\/www.camper.is\/wp-content\/uploads\/2019\/06\/email.jpg?w=1424&amp;quality=80&amp;ssl=1 1424w, https:\/\/i0.wp.com\/www.camper.is\/wp-content\/uploads\/2019\/06\/email.jpg?resize=300%2C10&amp;quality=80&amp;ssl=1 300w, https:\/\/i0.wp.com\/www.camper.is\/wp-content\/uploads\/2019\/06\/email.jpg?resize=768%2C26&amp;quality=80&amp;ssl=1 768w, https:\/\/i0.wp.com\/www.camper.is\/wp-content\/uploads\/2019\/06\/email.jpg?resize=1024%2C35&amp;quality=80&amp;ssl=1 1024w, https:\/\/i0.wp.com\/www.camper.is\/wp-content\/uploads\/2019\/06\/email.jpg?resize=1080%2C36&amp;quality=80&amp;ssl=1 1080w\" sizes=\"(max-width: 1080px) 100vw, 1080px\" class=\"wp-image-25498\" alt=\"\" title=\"\"><\/span><\/a><\/div><\/div><div class=\"et_pb_column_5 et_pb_column et_pb_column_1_5 et_block_column et_pb_css_mix_blend_mode_passthrough\"><div class=\"et_pb_blurb_2 et_pb_blurb et_pb_bg_layout_light et_pb_text_align_center et_pb_blurb_position_top et_pb_module et_block_module\"><div class=\"et_pb_blurb_content\"><div class=\"et_pb_main_blurb_image\"><span class=\"et_pb_image_wrap\"><span class=\"et-pb-icon et_animated et_animated\">t<\/span><\/span><\/div><div class=\"et_pb_blurb_container\"><h4 class=\"et_pb_module_header\">Todav\u00eda no puedo encontrarlo<\/h4><div class=\"et_pb_blurb_description\"><p>Busque su Confirmaci\u00f3n de Reserva. Se le envi\u00f3 por correo electr\u00f3nico. Si no puede encontrarlo, env\u00edenos un correo electr\u00f3nico o comun\u00edquese con su agente de viajes. La confirmaci\u00f3n se ve as\u00ed:<\/p>\n<\/div><\/div><\/div><\/div><div class=\"et_pb_image_1 et_pb_image et_pb_module et_block_module\"><a href=\"https:\/\/i0.wp.com\/www.camper.is\/wp-content\/uploads\/2019\/06\/bookingconfirmation.jpg?quality=80&#038;ssl=1\" class=\"et_pb_lightbox_image\"><span class=\"et_pb_image_wrap\"><img data-recalc-dims=\"1\" loading=\"lazy\" decoding=\"async\" src=\"https:\/\/i0.wp.com\/www.camper.is\/wp-content\/uploads\/2019\/06\/bookingconfirmation.jpg?resize=941%2C723&#038;quality=80&#038;ssl=1\" width=\"941\" height=\"723\" srcset=\"https:\/\/i0.wp.com\/www.camper.is\/wp-content\/uploads\/2019\/06\/bookingconfirmation.jpg?w=941&amp;quality=80&amp;ssl=1 941w, https:\/\/i0.wp.com\/www.camper.is\/wp-content\/uploads\/2019\/06\/bookingconfirmation.jpg?resize=300%2C230&amp;quality=80&amp;ssl=1 300w, https:\/\/i0.wp.com\/www.camper.is\/wp-content\/uploads\/2019\/06\/bookingconfirmation.jpg?resize=768%2C590&amp;quality=80&amp;ssl=1 768w\" sizes=\"(max-width: 941px) 100vw, 941px\" class=\"wp-image-25499\" alt=\"\" title=\"\"><\/span><\/a><\/div><\/div><div class=\"et_pb_column_6 et_pb_column et_pb_column_1_5 et_block_column et_pb_css_mix_blend_mode_passthrough\"><div class=\"et_pb_blurb_3 et_pb_blurb et_pb_bg_layout_light et_pb_text_align_center et_pb_blurb_position_top et_pb_module et_block_module\"><div class=\"et_pb_blurb_content\"><div class=\"et_pb_main_blurb_image\"><span class=\"et_pb_image_wrap\"><span class=\"et-pb-icon et_animated et_animated\">Q<\/span><\/span><\/div><div class=\"et_pb_blurb_container\"><h2 class=\"et_pb_module_header\">Incorrecto<\/h2><\/div><\/div><\/div><div class=\"et_pb_image_2 et_pb_image et_pb_module et_block_module\"><a href=\"https:\/\/i0.wp.com\/www.camper.is\/wp-content\/uploads\/2019\/06\/wrong.jpg?quality=80&#038;ssl=1\" class=\"et_pb_lightbox_image\"><span class=\"et_pb_image_wrap\"><img data-recalc-dims=\"1\" loading=\"lazy\" decoding=\"async\" src=\"https:\/\/i0.wp.com\/www.camper.is\/wp-content\/uploads\/2019\/06\/wrong.jpg?resize=473%2C677&#038;quality=80&#038;ssl=1\" width=\"473\" height=\"677\" srcset=\"https:\/\/i0.wp.com\/www.camper.is\/wp-content\/uploads\/2019\/06\/wrong.jpg?w=473&amp;quality=80&amp;ssl=1 473w, https:\/\/i0.wp.com\/www.camper.is\/wp-content\/uploads\/2019\/06\/wrong.jpg?resize=210%2C300&amp;quality=80&amp;ssl=1 210w\" sizes=\"(max-width: 473px) 100vw, 473px\" class=\"wp-image-25511\" alt=\"\" title=\"\"><\/span><\/a><\/div><\/div><div class=\"et_pb_column_7 et_pb_column et_pb_column_1_5 et-last-child et_block_column et_pb_css_mix_blend_mode_passthrough\"><div class=\"et_pb_blurb_4 et_pb_blurb et_pb_bg_layout_light et_pb_blurb_position_top et_pb_module et_block_module\"><div class=\"et_pb_blurb_content\"><div class=\"et_pb_main_blurb_image\"><span class=\"et_pb_image_wrap\"><span class=\"et-pb-icon et_animated et_animated\">R<\/span><\/span><\/div><div class=\"et_pb_blurb_container\"><h2 class=\"et_pb_module_header\">Correcto<\/h2><\/div><\/div><\/div><div class=\"et_pb_image_3 et_pb_image et_pb_module et_block_module\"><a href=\"https:\/\/i0.wp.com\/www.camper.is\/wp-content\/uploads\/2019\/06\/right.jpg?quality=80&#038;ssl=1\" class=\"et_pb_lightbox_image\"><span class=\"et_pb_image_wrap\"><img data-recalc-dims=\"1\" loading=\"lazy\" decoding=\"async\" src=\"https:\/\/i0.wp.com\/www.camper.is\/wp-content\/uploads\/2019\/06\/right.jpg?resize=460%2C669&#038;quality=80&#038;ssl=1\" width=\"460\" height=\"669\" srcset=\"https:\/\/i0.wp.com\/www.camper.is\/wp-content\/uploads\/2019\/06\/right.jpg?w=460&amp;quality=80&amp;ssl=1 460w, https:\/\/i0.wp.com\/www.camper.is\/wp-content\/uploads\/2019\/06\/right.jpg?resize=206%2C300&amp;quality=80&amp;ssl=1 206w\" sizes=\"(max-width: 460px) 100vw, 460px\" class=\"wp-image-25510\" alt=\"\" title=\"\"><\/span><\/a><\/div><\/div><\/div><div class=\"et_pb_row_2 et_pb_row et_block_row\"><div class=\"et_pb_column_8 et_pb_column et_pb_column_4_4 et-last-child et_block_column et_pb_css_mix_blend_mode_passthrough\"><div class=\"et_pb_divider_0 et_pb_divider et_pb_space et_pb_divider_position_top et_pb_module\"><div class=\"et_pb_divider_internal\"><\/div><\/div><\/div><\/div><div class=\"et_pb_row_3 et_pb_row et_block_row\"><div class=\"et_pb_column_9 et_pb_column et_pb_column_1_5 et_block_column et_pb_column_empty et_pb_css_mix_blend_mode_passthrough\"><\/div><div class=\"et_pb_column_10 et_pb_column et_pb_column_3_5 et_block_column et_pb_css_mix_blend_mode_passthrough\"><div class=\"et_pb_module et_pb_button_module_wrapper et_pb_button_1_wrapper\"><a class=\"et_pb_button_1 et_pb_button et_pb_bg_layout_light et_pb_module et_block_module\" href=\"https:\/\/web.rentalcarmanager.com\/Workflow\/workflow\/2?key=SVNJY2VSZW50YWwxNzdbdW5kZWZpbmVkXXxJY2VsYW5kQ2FtcGVyc3xCamlpaUlpZw&#038;workflowcode=kiosk\" target=\"_blank\" data-icon=\"=\" rel=\"noopener\">Contin\u00fae con el check-in<\/a><\/div><\/div><div class=\"et_pb_column_11 et_pb_column et_pb_column_1_5 et-last-child et_block_column et_pb_column_empty et_pb_css_mix_blend_mode_passthrough\"><\/div><\/div><\/div>","protected":false},"excerpt":{"rendered":"","protected":false},"author":1,"featured_media":0,"parent":34167,"menu_order":0,"comment_status":"closed","ping_status":"closed","template":"","meta":{"_acf_changed":false,"jetpack_post_was_ever_published":false,"footnotes":""},"class_list":["post-42129","page","type-page","status-publish","hentry"],"acf":[],"jetpack_sharing_enabled":true,"jetpack_shortlink":"https:\/\/wp.me\/P569lP-aXv","jetpack-related-posts":[{"id":25495,"url":"https:\/\/www.camper.is\/vegvisir-wayfinder-for-travellers\/check-in-kiosk-tutorial\/","url_meta":{"origin":42129,"position":0},"title":"Check In - Kiosk tutorial","author":"admin","date":"12 de junio de 2019","format":false,"excerpt":"","rel":"","context":"Entrada similar","block_context":{"text":"Entrada similar","link":""},"img":{"alt_text":"","src":"","width":0,"height":0},"classes":[]},{"id":41939,"url":"https:\/\/www.camper.is\/nl\/vegvisir-wayfinder-voor-reizigers\/check-in-kiosk-tutorial\/","url_meta":{"origin":42129,"position":1},"title":"Check in-kiosk tutorial","author":"admin","date":"19 de noviembre de 2019","format":false,"excerpt":"","rel":"","context":"Entrada similar","block_context":{"text":"Entrada similar","link":""},"img":{"alt_text":"","src":"","width":0,"height":0},"classes":[]},{"id":42127,"url":"https:\/\/www.camper.is\/de\/vegvisir-der-wegfinder-fuer-island\/check-in-kiosk-tutorial\/","url_meta":{"origin":42129,"position":2},"title":"Anleitung zum Check In","author":"admin","date":"19 de noviembre de 2019","format":false,"excerpt":"","rel":"","context":"Entrada similar","block_context":{"text":"Entrada similar","link":""},"img":{"alt_text":"","src":"","width":0,"height":0},"classes":[]},{"id":75128,"url":"https:\/\/www.camper.is\/de\/island-reisenachrichten-woechentliche-berichte-camper-island\/","url_meta":{"origin":42129,"position":3},"title":"Island Reisenachrichten &amp; W\u00f6chentliche Berichte | Camper Island","author":"admin","date":"26 de marzo de 2026","format":false,"excerpt":"Bleiben Sie dem Sturm voraus mit w\u00f6chentlichen Updates aus dem Herzen von Island. Seit 1987 versorgen wir Sie mit fachkundigen Stra\u00dfenberichten, Wetterwarnungen und Highland F-road Bedingungen. Holen Sie sich die neuesten Nachrichten \u00fcber die Flotte und Insider-Reisetipps f\u00fcr Ihre Expedition im Jahr 2026. Informationen in Echtzeit von der Familie, die\u2026","rel":"","context":"Entrada similar","block_context":{"text":"Entrada similar","link":""},"img":{"alt_text":"","src":"https:\/\/i0.wp.com\/www.camper.is\/wp-content\/uploads\/2026\/03\/family_badging_camper_iceland-scaled.png?fit=1200%2C654&quality=72&ssl=1&resize=350%2C200","width":350,"height":200,"srcset":"https:\/\/i0.wp.com\/www.camper.is\/wp-content\/uploads\/2026\/03\/family_badging_camper_iceland-scaled.png?fit=1200%2C654&quality=72&ssl=1&resize=350%2C200 1x, https:\/\/i0.wp.com\/www.camper.is\/wp-content\/uploads\/2026\/03\/family_badging_camper_iceland-scaled.png?fit=1200%2C654&quality=72&ssl=1&resize=525%2C300 1.5x, https:\/\/i0.wp.com\/www.camper.is\/wp-content\/uploads\/2026\/03\/family_badging_camper_iceland-scaled.png?fit=1200%2C654&quality=72&ssl=1&resize=700%2C400 2x, https:\/\/i0.wp.com\/www.camper.is\/wp-content\/uploads\/2026\/03\/family_badging_camper_iceland-scaled.png?fit=1200%2C654&quality=72&ssl=1&resize=1050%2C600 3x"},"classes":[]},{"id":71840,"url":"https:\/\/www.camper.is\/fr\/lieux-a-visiter-en-islande\/","url_meta":{"origin":42129,"position":4},"title":"CAMPER CARTE DE L&#8217;ISLANDE","author":"admin","date":"15 de junio de 2025","format":false,"excerpt":"Merveilles du Cercle d'Or Parc national de Thingvellir (\u00deingvellir) : Un site class\u00e9 au patrimoine mondial de l'UNESCO, historiquement significatif en tant que site de l'ancien parlement islandais, et g\u00e9ologiquement unique o\u00f9 les plaques tectoniques nord-am\u00e9ricaine et eurasienne s'\u00e9cartent l'une de l'autre. Vous pouvez m\u00eame plonger ou faire de la\u2026","rel":"","context":"Entrada similar","block_context":{"text":"Entrada similar","link":""},"img":{"alt_text":"","src":"","width":0,"height":0},"classes":[]},{"id":71836,"url":"https:\/\/www.camper.is\/es\/lugares-que-visitar-en-islandia\/","url_meta":{"origin":42129,"position":5},"title":"CAMPER MAPA DE ISLANDIA","author":"admin","date":"15 de junio de 2025","format":false,"excerpt":"Maravillas del C\u00edrculo Dorado Parque Nacional de Thingvellir (\u00deingvellir): Un lugar declarado Patrimonio de la Humanidad por la UNESCO, hist\u00f3ricamente significativo como sede del antiguo parlamento de Islandia, y geol\u00f3gicamente \u00fanico donde las placas tect\u00f3nicas de Norteam\u00e9rica y Eurasia se est\u00e1n separando. Aqu\u00ed puedes incluso bucear o hacer snorkel en\u2026","rel":"","context":"Entrada similar","block_context":{"text":"Entrada similar","link":""},"img":{"alt_text":"","src":"","width":0,"height":0},"classes":[]}],"_links":{"self":[{"href":"https:\/\/www.camper.is\/es\/wp-json\/wp\/v2\/pages\/42129","targetHints":{"allow":["GET"]}}],"collection":[{"href":"https:\/\/www.camper.is\/es\/wp-json\/wp\/v2\/pages"}],"about":[{"href":"https:\/\/www.camper.is\/es\/wp-json\/wp\/v2\/types\/page"}],"author":[{"embeddable":true,"href":"https:\/\/www.camper.is\/es\/wp-json\/wp\/v2\/users\/1"}],"replies":[{"embeddable":true,"href":"https:\/\/www.camper.is\/es\/wp-json\/wp\/v2\/comments?post=42129"}],"version-history":[{"count":27,"href":"https:\/\/www.camper.is\/es\/wp-json\/wp\/v2\/pages\/42129\/revisions"}],"predecessor-version":[{"id":75879,"href":"https:\/\/www.camper.is\/es\/wp-json\/wp\/v2\/pages\/42129\/revisions\/75879"}],"up":[{"embeddable":true,"href":"https:\/\/www.camper.is\/es\/wp-json\/wp\/v2\/pages\/34167"}],"wp:attachment":[{"href":"https:\/\/www.camper.is\/es\/wp-json\/wp\/v2\/media?parent=42129"}],"curies":[{"name":"wp","href":"https:\/\/api.w.org\/{rel}","templated":true}]}}