{"id":34173,"date":"2019-11-17T13:48:59","date_gmt":"2019-11-17T13:48:59","guid":{"rendered":"https:\/\/www.campericeland.is\/vision-general-de-camper-iceland\/freedom-camper\/"},"modified":"2026-04-07T06:27:25","modified_gmt":"2026-04-07T06:27:25","slug":"freedom-camper","status":"publish","type":"page","link":"https:\/\/www.camper.is\/es\/vision-general-de-camper-iceland\/freedom-camper\/","title":{"rendered":"Camper LOKI"},"content":{"rendered":"","protected":false},"excerpt":{"rendered":"<p>Explora Islandia a tu manera con la Camper LOKI de Camper Islandia. Nuestra vers\u00e1til mini camper es tu soluci\u00f3n perfecta para un viaje flexible, ya que ofrece un veh\u00edculo de alquiler fiable con las mejores tarifas. Comienza tu aventura desde Keflavik (KEF), cerca del aeropuerto, y recorre libremente la impresionante Ring Road de Islandia, todo a tu ritmo.  <\/p>\n","protected":false},"author":1,"featured_media":31824,"parent":31785,"menu_order":0,"comment_status":"closed","ping_status":"closed","template":"","meta":{"_acf_changed":false,"jetpack_post_was_ever_published":false,"footnotes":""},"class_list":["post-34173","page","type-page","status-publish","has-post-thumbnail","hentry"],"acf":[],"jetpack_sharing_enabled":true,"jetpack_shortlink":"https:\/\/wp.me\/P569lP-8Tb","jetpack-related-posts":[{"id":31785,"url":"https:\/\/www.camper.is\/es\/vision-general-de-camper-iceland\/","url_meta":{"origin":34173,"position":0},"title":"NUESTRA FLOTA","author":"admin","date":"17 de noviembre de 2019","format":false,"excerpt":"\u00a1Encuentra tu hogar perfecto sobre ruedas con Camper Iceland! Elige entre nuestra variada flota de veh\u00edculos, que incluye el compacto y sostenible Loki, resistentes autocaravanas 4x4 para las Tierras Altas y espaciosas autocaravanas para el m\u00e1ximo confort. Inicia tu viaje desde Keflavik (KEF) y explora los impresionantes paisajes de Islandia\u2026","rel":"","context":"Entrada similar","block_context":{"text":"Entrada similar","link":""},"img":{"alt_text":"","src":"","width":0,"height":0},"classes":[]},{"id":72432,"url":"https:\/\/www.camper.is\/es\/loki-e-la-caravana-sostenible-para-tu-aventura-islandesa\/","url_meta":{"origin":34173,"position":1},"title":"LOKI E La caravana sostenible para tu aventura islandesa","author":"admin","date":"14 de agosto de 2025","format":false,"excerpt":"","rel":"","context":"Entrada similar","block_context":{"text":"Entrada similar","link":""},"img":{"alt_text":"","src":"https:\/\/i0.wp.com\/www.camper.is\/wp-content\/uploads\/2025\/08\/Untitled-scaled.png?fit=1200%2C900&quality=72&ssl=1&resize=350%2C200","width":350,"height":200,"srcset":"https:\/\/i0.wp.com\/www.camper.is\/wp-content\/uploads\/2025\/08\/Untitled-scaled.png?fit=1200%2C900&quality=72&ssl=1&resize=350%2C200 1x, https:\/\/i0.wp.com\/www.camper.is\/wp-content\/uploads\/2025\/08\/Untitled-scaled.png?fit=1200%2C900&quality=72&ssl=1&resize=525%2C300 1.5x, https:\/\/i0.wp.com\/www.camper.is\/wp-content\/uploads\/2025\/08\/Untitled-scaled.png?fit=1200%2C900&quality=72&ssl=1&resize=700%2C400 2x, https:\/\/i0.wp.com\/www.camper.is\/wp-content\/uploads\/2025\/08\/Untitled-scaled.png?fit=1200%2C900&quality=72&ssl=1&resize=1050%2C600 3x"},"classes":[]},{"id":31784,"url":"https:\/\/www.camper.is\/es\/camper-iceland-tu-empresa-de-alquiler-de-autocaravanas-y-4x4-en-islandia\/","url_meta":{"origin":34173,"position":2},"title":"Camper Iceland, tu empresa de alquiler de autocaravanas y 4&#215;4 en Islandia","author":"admin","date":"17 de noviembre de 2019","format":false,"excerpt":"Viaja por Islandia con una empresa familiar que lleva vendiendo viajes a Islandia desde 1987. Camper Iceland ofrece una variada flota de autocaravanas y autocaravanas 4x4, que proporcionan una forma flexible y rentable de explorar los impresionantes paisajes del pa\u00eds. Disfruta de la libertad de perseguir el buen tiempo, ahorra\u2026","rel":"","context":"Entrada similar","block_context":{"text":"Entrada similar","link":""},"img":{"alt_text":"Logotipo de Camper Islandia","src":"https:\/\/i0.wp.com\/www.camper.is\/wp-content\/uploads\/2019\/11\/CamperIceland_new_whitebkgrd.png?fit=1200%2C316&quality=72&ssl=1&resize=350%2C200","width":350,"height":200,"srcset":"https:\/\/i0.wp.com\/www.camper.is\/wp-content\/uploads\/2019\/11\/CamperIceland_new_whitebkgrd.png?fit=1200%2C316&quality=72&ssl=1&resize=350%2C200 1x, https:\/\/i0.wp.com\/www.camper.is\/wp-content\/uploads\/2019\/11\/CamperIceland_new_whitebkgrd.png?fit=1200%2C316&quality=72&ssl=1&resize=525%2C300 1.5x, https:\/\/i0.wp.com\/www.camper.is\/wp-content\/uploads\/2019\/11\/CamperIceland_new_whitebkgrd.png?fit=1200%2C316&quality=72&ssl=1&resize=700%2C400 2x, https:\/\/i0.wp.com\/www.camper.is\/wp-content\/uploads\/2019\/11\/CamperIceland_new_whitebkgrd.png?fit=1200%2C316&quality=72&ssl=1&resize=1050%2C600 3x"},"classes":[]},{"id":58041,"url":"https:\/\/www.camper.is\/es\/camper-iceland-tu-empresa-de-alquiler-de-autocaravanas-y-4x4-en-islandia\/camper-iceland-su-empresa-de-alquiler-de-autocaravanas-y-4x4-en-islandia-informacion-adicional\/","url_meta":{"origin":34173,"position":3},"title":"Camper Iceland, su empresa de alquiler de autocaravanas y 4\u00d74 en Islandia Informaci\u00f3n adicional","author":"admin","date":"27 de agosto de 2023","format":false,"excerpt":"","rel":"","context":"Entrada similar","block_context":{"text":"Entrada similar","link":""},"img":{"alt_text":"","src":"","width":0,"height":0},"classes":[]},{"id":34013,"url":"https:\/\/www.camper.is\/es\/vision-general-de-camper-iceland\/motor-home-2\/","url_meta":{"origin":34173,"position":4},"title":"Autocaravana 2 IDUNN","author":"admin","date":"17 de noviembre de 2019","format":false,"excerpt":"Descubre la forma definitiva de explorar Islandia con la autocaravana IDUNN de Camper Islandia. Esta espaciosa y c\u00f3moda autocaravana es tu hogar perfecto sobre ruedas, y te ofrece la libertad de recorrer la carretera de circunvalaci\u00f3n de Islandia y explorar sus impresionantes paisajes con todas las comodidades que necesitas. Ideal\u2026","rel":"","context":"Entrada similar","block_context":{"text":"Entrada similar","link":""},"img":{"alt_text":"","src":"https:\/\/i0.wp.com\/www.camper.is\/wp-content\/uploads\/2019\/08\/MOTOR_HOME_2.jpg?fit=800%2C800&quality=80&ssl=1&resize=350%2C200","width":350,"height":200,"srcset":"https:\/\/i0.wp.com\/www.camper.is\/wp-content\/uploads\/2019\/08\/MOTOR_HOME_2.jpg?fit=800%2C800&quality=80&ssl=1&resize=350%2C200 1x, https:\/\/i0.wp.com\/www.camper.is\/wp-content\/uploads\/2019\/08\/MOTOR_HOME_2.jpg?fit=800%2C800&quality=80&ssl=1&resize=525%2C300 1.5x, https:\/\/i0.wp.com\/www.camper.is\/wp-content\/uploads\/2019\/08\/MOTOR_HOME_2.jpg?fit=800%2C800&quality=80&ssl=1&resize=700%2C400 2x"},"classes":[]},{"id":31787,"url":"https:\/\/www.camper.is\/es\/vision-general-de-camper-iceland\/motor-home-4\/","url_meta":{"origin":34173,"position":5},"title":"Casa rodante 4 SIF","author":"admin","date":"17 de noviembre de 2019","format":false,"excerpt":"Explora Islandia con la autocaravana SIF de Camper Islandia. Esta espaciosa y c\u00f3moda autocaravana es tu hogar perfecto sobre ruedas, y te ofrece la libertad de recorrer la carretera de circunvalaci\u00f3n de Islandia y explorar sus impresionantes paisajes con todas las comodidades que necesitas. Ideal para una familia de cinco\u2026","rel":"","context":"Entrada similar","block_context":{"text":"Entrada similar","link":""},"img":{"alt_text":"","src":"https:\/\/i0.wp.com\/www.camper.is\/wp-content\/uploads\/2019\/08\/MOTOR_HOME_4.jpg?fit=800%2C800&quality=80&ssl=1&resize=350%2C200","width":350,"height":200,"srcset":"https:\/\/i0.wp.com\/www.camper.is\/wp-content\/uploads\/2019\/08\/MOTOR_HOME_4.jpg?fit=800%2C800&quality=80&ssl=1&resize=350%2C200 1x, https:\/\/i0.wp.com\/www.camper.is\/wp-content\/uploads\/2019\/08\/MOTOR_HOME_4.jpg?fit=800%2C800&quality=80&ssl=1&resize=525%2C300 1.5x, https:\/\/i0.wp.com\/www.camper.is\/wp-content\/uploads\/2019\/08\/MOTOR_HOME_4.jpg?fit=800%2C800&quality=80&ssl=1&resize=700%2C400 2x"},"classes":[]}],"_links":{"self":[{"href":"https:\/\/www.camper.is\/es\/wp-json\/wp\/v2\/pages\/34173","targetHints":{"allow":["GET"]}}],"collection":[{"href":"https:\/\/www.camper.is\/es\/wp-json\/wp\/v2\/pages"}],"about":[{"href":"https:\/\/www.camper.is\/es\/wp-json\/wp\/v2\/types\/page"}],"author":[{"embeddable":true,"href":"https:\/\/www.camper.is\/es\/wp-json\/wp\/v2\/users\/1"}],"replies":[{"embeddable":true,"href":"https:\/\/www.camper.is\/es\/wp-json\/wp\/v2\/comments?post=34173"}],"version-history":[{"count":58,"href":"https:\/\/www.camper.is\/es\/wp-json\/wp\/v2\/pages\/34173\/revisions"}],"predecessor-version":[{"id":75813,"href":"https:\/\/www.camper.is\/es\/wp-json\/wp\/v2\/pages\/34173\/revisions\/75813"}],"up":[{"embeddable":true,"href":"https:\/\/www.camper.is\/es\/wp-json\/wp\/v2\/pages\/31785"}],"wp:featuredmedia":[{"embeddable":true,"href":"https:\/\/www.camper.is\/es\/wp-json\/wp\/v2\/media\/31824"}],"wp:attachment":[{"href":"https:\/\/www.camper.is\/es\/wp-json\/wp\/v2\/media?parent=34173"}],"curies":[{"name":"wp","href":"https:\/\/api.w.org\/{rel}","templated":true}]}}