{"id":31584,"date":"2019-11-17T13:48:05","date_gmt":"2019-11-17T13:48:05","guid":{"rendered":"https:\/\/www.campericeland.is\/extras\/"},"modified":"2026-04-07T06:23:02","modified_gmt":"2026-04-07T06:23:02","slug":"extras","status":"publish","type":"page","link":"https:\/\/www.camper.is\/es\/tarifas\/extras\/","title":{"rendered":"Extras"},"content":{"rendered":"\n<div class=\"et_pb_section_0 et_pb_section et_section_regular et_block_section\"><div class=\"et_pb_row_0 et_pb_row et_block_row\"><div class=\"et_pb_column_0 et_pb_column et_pb_column_1_2 et_block_column et_pb_css_mix_blend_mode_passthrough\"><div class=\"et_pb_text_0 et_pb_text et_pb_bg_layout_light et_pb_module et_block_module\"><div class=\"et_pb_text_inner\"><h2><\/h2>\n<h2>Camper Islandia \"Incluido y Extras\"<\/h2>\n<p>&nbsp;<\/p>\n<p><strong>Qu\u00e9 incluye tu tarifa diaria de alquiler (Precio por d\u00eda, no por 24 horas):<\/strong><\/p>\n<p>-IVA<\/p>\n<p>-200 km al d\u00eda (opcional: km ilimitados disponibles)<\/p>\n<p>-CDW Seguro b\u00e1sico (opciones adicionales de CDW disponibles como extras)<\/p>\n<p><strong>-Paquete<\/strong> incluido: Servicio de transporte al\/desde el Aeropuerto Internacional de Keflav\u00edk e instrucciones personales en el momento de la recogida y asistencia durante el viaje<\/p>\n<p>&nbsp;<\/p>\n<p>Servicio de transporte: Cuando llegues al aeropuerto internacional de Keflav\u00edk (KEF) y hayas recogido tu equipaje, llama al siguiente n\u00famero de tel\u00e9fono:<\/p>\n<p>+354 553 6000.<\/p>\n<p>Una vez que te pongas en contacto con nosotros, nuestro equipo confirmar\u00e1 contigo un punto de encuentro. Desde all\u00ed, nuestro servicio de lanzadera te recoger\u00e1 y te llevar\u00e1 directamente a Camper Islandia. <\/p>\n<p>&nbsp;<\/p>\n<p>&nbsp;<\/p>\n<p>&nbsp;<\/p>\n<p><strong>Equipamiento del veh\u00edculo (obligatorio - sujeto a tasas)<\/strong><\/p>\n<p><strong>Paquete b\u00e1sico:<\/strong> Botella de gas, producto qu\u00edmico para el inodoro, papel higi\u00e9nico y cable de 220 V<\/p>\n<p><strong>Kit de acampada:<\/strong> juego de cocina completo (platos, cubiertos, ollas, sartenes, cuencos, etc.) y ropa de cama, manta, almohada y toallas para cada pasajero<\/p>\n<p>&nbsp;<\/p>\n<p>&nbsp;<\/p>\n<p><strong>Los extras que hemos reunido son muy populares, especialmente las sillas de camping, las mesas y mucho m\u00e1s. Le recomendamos que reserve los extras con antelaci\u00f3n. <\/strong><\/p>\n<p><strong>Comprueba la lista de art\u00edculos adicionales que aparece a continuaci\u00f3n:  <\/strong><\/p>\n<\/div><\/div><\/div><div class=\"et_pb_column_1 et_pb_column et_pb_column_1_2 et-last-child et_block_column et_pb_css_mix_blend_mode_passthrough\"><div class=\"et_pb_image_0 et_pb_image et_pb_module et_block_module\"><a href=\"https:\/\/www.camper.is\/wp-content\/uploads\/2025\/05\/1000062028.jpeg\" class=\"et_pb_lightbox_image\"><span class=\"et_pb_image_wrap\"><img decoding=\"async\" src=\"https:\/\/www.camper.is\/wp-content\/uploads\/2025\/05\/1000062028.jpeg\" width=\"462\" height=\"640\" srcset=\"https:\/\/www.camper.is\/wp-content\/uploads\/2025\/05\/1000062028.jpeg 462w, https:\/\/www.camper.is\/wp-content\/uploads\/2025\/05\/1000062028-217x300.jpeg 217w\" sizes=\"(max-width: 462px) 100vw, 462px\" class=\"wp-image-71454\" title=\"1000062028\" alt=\"\"><\/span><\/a><\/div><div class=\"et_pb_video_0 et_pb_video et_pb_module et_block_module\"><div class=\"et_pb_video_box\"><iframe title=\"Camper Iceland - our Camping Kit\" width=\"563\" height=\"1000\" src=\"https:\/\/www.youtube.com\/embed\/HZyZ2aqqxj0?feature=oembed\"  allow=\"accelerometer; autoplay; clipboard-write; encrypted-media; gyroscope; picture-in-picture; web-share\" referrerpolicy=\"strict-origin-when-cross-origin\" allowfullscreen><\/iframe><\/div><\/div><\/div><\/div><div class=\"et_pb_row_1 et_pb_row et_block_row\"><div class=\"et_pb_column_2 et_pb_column et_pb_column_4_4 et-last-child et_block_column et_pb_css_mix_blend_mode_passthrough\"><div class=\"et_pb_image_1 et_pb_image et_pb_module et_block_module\"><a href=\"https:\/\/www.camper.is\/wp-content\/uploads\/2025\/08\/Rates_Extras_2026-1.jpeg\" class=\"et_pb_lightbox_image\"><span class=\"et_pb_image_wrap\"><img decoding=\"async\" src=\"https:\/\/www.camper.is\/wp-content\/uploads\/2025\/08\/Rates_Extras_2026-1.jpeg\" width=\"906\" height=\"1280\" srcset=\"https:\/\/www.camper.is\/wp-content\/uploads\/2025\/08\/Rates_Extras_2026-1.jpeg 906w, https:\/\/www.camper.is\/wp-content\/uploads\/2025\/08\/Rates_Extras_2026-1-480x678.jpeg 480w\" sizes=\"(min-width: 0px) and (max-width: 480px) 480px, (min-width: 481px) 906px, 100vw\" class=\"wp-image-72824\" title=\"Tarifas_Extras_2026 - 1\" alt=\"\"><\/span><\/a><\/div><\/div><\/div><\/div><div class=\"et_pb_section_1 et_pb_section et_section_regular et_block_section\"><div class=\"et_pb_row_2 et_pb_row et_pb_equal_columns et_block_row et_animated\"><div class=\"et_pb_column_3 et_pb_column et_pb_column_1_3 et_block_column et_pb_css_mix_blend_mode_passthrough\"><div class=\"et_pb_text_1 et_pb_text et_pb_bg_layout_light et_animated et_pb_module et_block_module et_pb_text_align_center\"><div class=\"et_pb_text_inner\"><h2 style=\"text-align: center;\"><strong>Botella de gas<\/strong><\/h2>\n<p style=\"text-align: center;\"><img decoding=\"async\" class=\"wp-image-2492 aligncenter\" src=\"https:\/\/www.campericeland.is\/wp-content\/uploads\/2016\/08\/extras_web_gazbottle-300x300.png\" alt=\"\" width=\"150\" height=\"150\" title=\"\" srcset=\"https:\/\/www.camper.is\/wp-content\/uploads\/2016\/08\/extras_web_gazbottle-300x300.png 300w, https:\/\/www.camper.is\/wp-content\/uploads\/2016\/08\/extras_web_gazbottle-150x150.png 150w, https:\/\/www.camper.is\/wp-content\/uploads\/2016\/08\/extras_web_gazbottle.png 366w\" sizes=\"(max-width: 150px) 100vw, 150px\" \/><br \/>La botella de gas es una caracter\u00edstica opcional en nuestros Camper 4x4 y Motor Homes.  <\/p>\n<p style=\"text-align: center;\">Hemos elegido la botella de gas para todos nuestros veh\u00edculos porque es la botella de gas (LP) m\u00e1s com\u00fan en Islandia.<\/p>\n<\/div><\/div><div class=\"et_pb_text_2 et_pb_text et_pb_bg_layout_light et_animated et_pb_module et_block_module et_pb_text_align_center\"><div class=\"et_pb_text_inner\"><h2><strong>Camping Kit<\/strong><\/h2>\n<p>  <img decoding=\"async\" src=\"https:\/\/www.camper.is\/wp-content\/uploads\/2025\/05\/1000062028-217x300.jpeg\" width=\"217\" height=\"300\" alt=\"\" class=\"wp-image-71454 alignnone size-medium\" title=\"\" srcset=\"https:\/\/www.camper.is\/wp-content\/uploads\/2025\/05\/1000062028-217x300.jpeg 217w, https:\/\/www.camper.is\/wp-content\/uploads\/2025\/05\/1000062028.jpeg 462w\" sizes=\"(max-width: 217px) 100vw, 217px\" \/>                   <img decoding=\"async\" src=\"https:\/\/www.camper.is\/wp-content\/uploads\/2025\/05\/1000062056-300x169.jpeg\" width=\"300\" height=\"169\" alt=\"\" class=\"wp-image-71462 alignnone size-medium\" title=\"\"><\/p>\n<p>El kit de camping es obligatorio y proporciona a cada pasajero todo lo necesario para dormir (ropa de cama, almohadas, mantas y toallas para cada pasajero) y tambi\u00e9n un juego de cocina (platos, cubiertos, tazas, sartenes, ollas, cuencos, etc).<\/p>\n<\/div><\/div><div class=\"et_pb_text_3 et_pb_text et_pb_bg_layout_light et_animated et_pb_module et_block_module et_pb_text_align_center\"><div class=\"et_pb_text_inner\"><h2 style=\"text-align: center;\"><strong>Asiento potenciador para ni\u00f1os<\/strong><\/h2>\n<p style=\"text-align: center;\"><img decoding=\"async\" class=\"alignnone size-thumbnail wp-image-2481\" src=\"https:\/\/www.campericeland.is\/wp-content\/uploads\/2016\/08\/extras_web_childseat-150x150.png\" alt=\"\" width=\"150\" height=\"150\" title=\"\" srcset=\"https:\/\/www.camper.is\/wp-content\/uploads\/2016\/08\/extras_web_childseat-150x150.png 150w, https:\/\/www.camper.is\/wp-content\/uploads\/2016\/08\/extras_web_childseat-300x300.png 300w, https:\/\/www.camper.is\/wp-content\/uploads\/2016\/08\/extras_web_childseat.png 366w\" sizes=\"(max-width: 150px) 100vw, 150px\" \/><br \/>Un asiento elevador para ni\u00f1os es similar a un coj\u00edn. Un extra legal y seguro importante para que usted es joven a la posici\u00f3n correcta para el cintur\u00f3n de seguridad.<\/p>\n<\/div><\/div><div class=\"et_pb_text_4 et_pb_text et_pb_bg_layout_light et_animated et_pb_module et_block_module et_pb_text_align_center\"><div class=\"et_pb_text_inner\"><h2 style=\"text-align: center;\"><strong>Limpieza final<\/strong><\/h2>\n<p style=\"text-align: center;\"><img decoding=\"async\" class=\"alignnone size-thumbnail wp-image-2482\" src=\"https:\/\/www.campericeland.is\/wp-content\/uploads\/2016\/08\/extras_web_cleaning-end-150x150.png\" alt=\"\" width=\"150\" height=\"150\" title=\"\" srcset=\"https:\/\/www.camper.is\/wp-content\/uploads\/2016\/08\/extras_web_cleaning-end-150x150.png 150w, https:\/\/www.camper.is\/wp-content\/uploads\/2016\/08\/extras_web_cleaning-end-300x300.png 300w, https:\/\/www.camper.is\/wp-content\/uploads\/2016\/08\/extras_web_cleaning-end.png 366w\" sizes=\"(max-width: 150px) 100vw, 150px\" \/><br \/>En caso de que se te acabe el tiempo, o quieras devolver el veh\u00edculo sin tener que limpiarlo durante muchas horas, podemos hacerlo por ti. De lo contrario, el veh\u00edculo debe ser devuelto tan limpio como lo recibi\u00f3. Con esta opci\u00f3n solo tienes que sacar tus pertenencias, cepillar los pisos y limpiar el exterior para que sea posible la bajada del tr\u00e1mite (no podemos verificar el estado de los veh\u00edculos que est\u00e1n llenos de barro, polvo y arena). Limpieza final de los aseos: cargo adicional.<\/p>\n<\/div><\/div><\/div><div class=\"et_pb_column_4 et_pb_column et_pb_column_1_3 et_block_column et_pb_css_mix_blend_mode_passthrough\"><div class=\"et_pb_text_5 et_pb_text et_pb_bg_layout_light et_animated et_pb_module et_block_module et_pb_text_align_center\"><div class=\"et_pb_text_inner\"><h2 style=\"text-align: center;\"><strong>Mesa y sillas<\/strong><\/h2>\n<p style=\"text-align: center;\"><img decoding=\"async\" class=\"wp-image-2509 aligncenter\" src=\"https:\/\/www.campericeland.is\/wp-content\/uploads\/2016\/08\/extras_web_table_chair-300x300.png\" alt=\"\" width=\"150\" height=\"150\" title=\"\" srcset=\"https:\/\/www.camper.is\/wp-content\/uploads\/2016\/08\/extras_web_table_chair-300x300.png 300w, https:\/\/www.camper.is\/wp-content\/uploads\/2016\/08\/extras_web_table_chair-150x150.png 150w, https:\/\/www.camper.is\/wp-content\/uploads\/2016\/08\/extras_web_table_chair.png 366w\" sizes=\"(max-width: 150px) 100vw, 150px\" \/><\/p>\n<p style=\"text-align: center;\">Este es el extra m\u00e1s popular. No hay nada tan agradable como poder sentarse fuera de la Autocaravana o Camper y disfrutar de la naturaleza. Recomendamos encarecidamente esta opci\u00f3n.<\/p>\n<\/div><\/div><div class=\"et_pb_text_6 et_pb_text et_pb_bg_layout_light et_animated et_pb_module et_block_module et_pb_text_align_center\"><div class=\"et_pb_text_inner\"><h2 style=\"text-align: center;\"><strong>Bloques de nivelaci\u00f3n de RV <\/strong><\/h2>\n<p style=\"text-align: center;\"><a href=\"http:\/\/www.campericeland.is\/wp-content\/uploads\/2014\/08\/Screen-Shot-2014-08-21-at-17.26.35.png\" target=\"_blank\" rel=\"noopener\"><img decoding=\"async\" class=\"wp-image-2475 aligncenter\" src=\"https:\/\/www.campericeland.is\/wp-content\/uploads\/2014\/08\/extras_web_wedge-300x300.png\" alt=\"\" width=\"150\" height=\"150\" title=\"\" srcset=\"https:\/\/www.camper.is\/wp-content\/uploads\/2014\/08\/extras_web_wedge-300x300.png 300w, https:\/\/www.camper.is\/wp-content\/uploads\/2014\/08\/extras_web_wedge-150x150.png 150w, https:\/\/www.camper.is\/wp-content\/uploads\/2014\/08\/extras_web_wedge.png 366w\" sizes=\"(max-width: 150px) 100vw, 150px\" \/><\/a><\/p>\n<p style=\"text-align: center;\">Nivelar su veh\u00edculo puede ser muy conveniente. Por ejemplo, si su par en un campo y simplemente no puede hacer que el veh\u00edculo se ponga derecho. Todo est\u00e1 fuera de servicio, la cama no es recta, la cocina no es recta haciendo que el aceite corra a un lado de la sart\u00e9n.<\/p>\n<\/div><\/div><div class=\"et_pb_text_7 et_pb_text et_pb_bg_layout_light et_animated et_pb_module et_block_module et_pb_text_align_center\"><div class=\"et_pb_text_inner\"><p style=\"text-align: center;\"><strong>Inversor (300W)<\/strong><\/p>\n<p style=\"text-align: center;\"><img decoding=\"async\" class=\"alignnone size-thumbnail wp-image-2496\" src=\"https:\/\/www.campericeland.is\/wp-content\/uploads\/2016\/08\/extras_web_inverter-150x150.png\" alt=\"\" width=\"150\" height=\"150\" title=\"\" srcset=\"https:\/\/www.camper.is\/wp-content\/uploads\/2016\/08\/extras_web_inverter-150x150.png 150w, https:\/\/www.camper.is\/wp-content\/uploads\/2016\/08\/extras_web_inverter-300x300.png 300w, https:\/\/www.camper.is\/wp-content\/uploads\/2016\/08\/extras_web_inverter.png 366w\" sizes=\"(max-width: 150px) 100vw, 150px\" \/><\/p>\n<p style=\"text-align: center;\">El inversor cambia 12V en 220V con m\u00e1x. 300W (compruebe su equipo el\u00e9ctrico). El inversor es m\u00e1s que suficiente para computadoras port\u00e1tiles, almohadillas, tel\u00e9fonos, autocaravanas y m\u00e1s. El inversor debe utilizarse durante la conducci\u00f3n, ya que utiliza mucha electricidad.<\/p>\n<\/div><\/div><\/div><div class=\"et_pb_column_5 et_pb_column et_pb_column_1_3 et-last-child et_block_column et_pb_css_mix_blend_mode_passthrough\"><div class=\"et_pb_text_8 et_pb_text et_pb_bg_layout_light et_animated et_pb_module et_block_module et_pb_text_align_center\"><div class=\"et_pb_text_inner\"><h2 style=\"text-align: center;\"><strong>Conjunto de productos qu\u00edmicos para inodoro<\/strong><\/h2>\n<p style=\"text-align: center;\"><img decoding=\"async\" class=\"size-thumbnail wp-image-2476 aligncenter\" src=\"https:\/\/www.campericeland.is\/wp-content\/uploads\/2016\/08\/extras_web_aquakem-150x150.png\" alt=\"\" width=\"150\" height=\"150\" title=\"\" srcset=\"https:\/\/www.camper.is\/wp-content\/uploads\/2016\/08\/extras_web_aquakem-150x150.png 150w, https:\/\/www.camper.is\/wp-content\/uploads\/2016\/08\/extras_web_aquakem-300x300.png 300w, https:\/\/www.camper.is\/wp-content\/uploads\/2016\/08\/extras_web_aquakem.png 366w\" sizes=\"(max-width: 150px) 100vw, 150px\" \/><br \/>\u00a1Una necesidad! El producto qu\u00edmico para fosas s\u00e9pticas y retretes es tan imprescindible como el anterior. Mata todo olor y disuelve sus residuos casi al instante.<\/p>\n<\/div><\/div><div class=\"et_pb_text_9 et_pb_text et_pb_bg_layout_light et_animated et_pb_module et_block_module et_pb_text_align_center\"><div class=\"et_pb_text_inner\"><h2 style=\"text-align: center;\"><strong>Asiento para ni\u00f1os<\/strong><\/h2>\n<p style=\"text-align: center;\"><img decoding=\"async\" class=\"alignnone size-thumbnail wp-image-2477\" src=\"https:\/\/www.campericeland.is\/wp-content\/uploads\/2016\/08\/extras_web_babyseat-150x150.png\" alt=\"\" width=\"150\" height=\"150\" title=\"\" srcset=\"https:\/\/www.camper.is\/wp-content\/uploads\/2016\/08\/extras_web_babyseat-150x150.png 150w, https:\/\/www.camper.is\/wp-content\/uploads\/2016\/08\/extras_web_babyseat-300x300.png 300w, https:\/\/www.camper.is\/wp-content\/uploads\/2016\/08\/extras_web_babyseat.png 366w\" sizes=\"(max-width: 150px) 100vw, 150px\" \/><br \/>Proporcionamos asientos para ni\u00f1os en todas las categor\u00edas. Camper Iceland es una empresa familiar con mucha experiencia en el montaje de asientos en todo tipo de veh\u00edculos. Le recomendamos que reserve previamente esta opci\u00f3n.<\/p>\n<\/div><\/div><div class=\"et_pb_text_10 et_pb_text et_pb_bg_layout_light et_animated et_pb_module et_block_module et_pb_text_align_center\"><div class=\"et_pb_text_inner\"><h2 style=\"text-align: center;\"><strong>Unidad Wi-Fi<\/strong><\/h2>\n<p style=\"text-align: center;\"><img decoding=\"async\" class=\"alignnone size-thumbnail wp-image-2517\" src=\"https:\/\/www.campericeland.is\/wp-content\/uploads\/2016\/08\/extras_web_wifidata-150x150.png\" alt=\"\" width=\"150\" height=\"150\" title=\"\" srcset=\"https:\/\/www.camper.is\/wp-content\/uploads\/2016\/08\/extras_web_wifidata-150x150.png 150w, https:\/\/www.camper.is\/wp-content\/uploads\/2016\/08\/extras_web_wifidata-300x300.png 300w, https:\/\/www.camper.is\/wp-content\/uploads\/2016\/08\/extras_web_wifidata.png 366w\" sizes=\"(max-width: 150px) 100vw, 150px\" \/><br \/>La unidad Wi-Fi (HOT SPOT) se puede conectar al encendedor de cigarrillos (12V) para cargar su bater\u00eda. Durante el viaje puedes conectar (Wi-Fi) todos tus dispositivos a \u00e9l y navegar por la World Wide Web con un paquete de datos ilimitado.<\/p>\n<\/div><\/div><\/div><\/div><\/div>\n<span class=\"et_bloom_bottom_trigger\"><\/span>","protected":false},"excerpt":{"rendered":"","protected":false},"author":1,"featured_media":0,"parent":31569,"menu_order":4,"comment_status":"closed","ping_status":"closed","template":"","meta":{"_acf_changed":false,"footnotes":""},"class_list":["post-31584","page","type-page","status-publish","hentry"],"acf":[],"jetpack_sharing_enabled":true,"_links":{"self":[{"href":"https:\/\/www.camper.is\/es\/wp-json\/wp\/v2\/pages\/31584","targetHints":{"allow":["GET"]}}],"collection":[{"href":"https:\/\/www.camper.is\/es\/wp-json\/wp\/v2\/pages"}],"about":[{"href":"https:\/\/www.camper.is\/es\/wp-json\/wp\/v2\/types\/page"}],"author":[{"embeddable":true,"href":"https:\/\/www.camper.is\/es\/wp-json\/wp\/v2\/users\/1"}],"replies":[{"embeddable":true,"href":"https:\/\/www.camper.is\/es\/wp-json\/wp\/v2\/comments?post=31584"}],"version-history":[{"count":0,"href":"https:\/\/www.camper.is\/es\/wp-json\/wp\/v2\/pages\/31584\/revisions"}],"up":[{"embeddable":true,"href":"https:\/\/www.camper.is\/es\/wp-json\/wp\/v2\/pages\/31569"}],"wp:attachment":[{"href":"https:\/\/www.camper.is\/es\/wp-json\/wp\/v2\/media?parent=31584"}],"curies":[{"name":"wp","href":"https:\/\/api.w.org\/{rel}","templated":true}]}}