{"id":31555,"date":"2019-11-17T13:48:01","date_gmt":"2019-11-17T13:48:01","guid":{"rendered":"https:\/\/www.campericeland.is\/estacion-de-alquiler-en\/"},"modified":"2022-09-08T07:45:52","modified_gmt":"2022-09-08T07:45:52","slug":"estacion-de-alquiler-en","status":"publish","type":"page","link":"https:\/\/www.camper.is\/es\/estacion-de-alquiler-en\/","title":{"rendered":"Estaci\u00f3n de alquiler EN"},"content":{"rendered":"<div class=\"et_d4_element et_pb_section et_pb_section_0  et_pb_css_mix_blend_mode et_section_regular et_block_section\" >\n\t\t\t\t\n\t\t\t\t\n\t\t\t\t\n\t\t\t\t\n\t\t\t\t\n\t\t\t\t\n\t\t\t\t<div class=\"et_d4_element et_pb_row et_pb_row_0  et_pb_css_mix_blend_mode et_block_row\">\n\t\t\t\t<div class=\"et_d4_element et_pb_column_4_4 et_pb_column et_pb_column_0  et_pb_css_mix_blend_mode et-last-child et_block_column\">\n\t\t\t\t\n\t\t\t\t\n\t\t\t\t\n\t\t\t\t\n\t\t\t\t<div class=\"et_pb_module et_d4_element et_pb_text et_pb_text_0  et_pb_text_align_left et_pb_bg_layout_light\">\n\t\t\t\t\n\t\t\t\t\n\t\t\t\t\n\t\t\t\t\n\t\t\t\t<div class=\"et_pb_text_inner\"><h3>Mapa<\/h3>\n<p><strong>La estaci\u00f3n de alquiler Camper Iceland est\u00e1 a solo 5 minutos del aeropuerto. <\/strong><\/p>\n<p>&nbsp;<\/p>\n<h3><strong><br \/>Recepci\u00f3n<br \/><\/strong><\/h3>\n<p>Nuestra oficina de alquiler \/ Nordic Guesthouse est\u00e1 a unos 4 km del aeropuerto internacional de Keflavik.<\/p>\n<p>Camper Islandia Ehf<br \/>Njar\u00f0abraut 3 horas<br \/>IS-260 Reykjanesb\u00e6r<br \/>+354 539 3889<\/p>\n<p>&nbsp;<\/p>\n<p><strong>Servicio de traslado<\/strong><\/p>\n<p>Por favor, tome un taxi<\/p>\n<p>&nbsp;<\/p>\n<p><strong style=\"line-height: 1.5;\">Horario de apertura Recogida \/ Devoluci\u00f3n de Camper Iceland Rental Station:<\/strong><\/p>\n<p>Servicio de recogida: L - V 09.00 - 17.00<\/p>\n<p>Servicio de entrega: L - V 09.00 - 16.00<\/p>\n<p>Para el servicio de recogida\/devoluci\u00f3n fuera del horario habitual (17.00 - 22.00 \/ 06.00 - 09.00) se aplica una tarifa fuera de horario.<\/p>\n<p>Para el servicio de recogida \/ entrega en d\u00edas festivos \/ fines de semana (s\u00e1bado y domingo) se aplica una tasa por d\u00eda festivo.<\/p>\n<p>La estaci\u00f3n de alquiler est\u00e1 cerrada: 22.00 - 06.00 (diario)<\/p>\n<p><strong>Ofrecemos:<\/strong><\/p>\n<ul>\n<li>Almacenamiento de equipaje gratuito<\/li>\n<li>Instrucci\u00f3n sobre el veh\u00edculo<\/li>\n<li>Comprar extras<\/li>\n<\/ul>\n<p>&nbsp;<\/p>\n<p><strong>Emergencia<br \/><\/strong><br \/>En caso de emergencia marque 112 para la polic\u00eda o el m\u00e9dico.<\/p>\n<p>=&gt; Consulte el archivo de emergencia en el veh\u00edculo y en sus documentos de instrucciones.<\/p><\/div>\n\t\t\t<\/div>\n\t\t\t<\/div>\n\t\t\t\t\n\t\t\t\t\n\t\t\t\t\n\t\t\t\t\n\t\t\t<\/div>\n\t\t\t\t\n\t\t\t\t\n\t\t\t<\/div>\n","protected":false},"excerpt":{"rendered":"","protected":false},"author":1,"featured_media":0,"parent":0,"menu_order":1,"comment_status":"closed","ping_status":"closed","template":"","meta":{"_acf_changed":false,"jetpack_post_was_ever_published":false,"_et_pb_use_builder":"on","_et_pb_old_content":"","_et_gb_content_width":"","footnotes":""},"class_list":["post-31555","page","type-page","status-publish","hentry"],"acf":[],"jetpack_sharing_enabled":true,"jetpack_shortlink":"https:\/\/wp.me\/P569lP-8cX","jetpack-related-posts":[{"id":26299,"url":"https:\/\/www.camper.is\/vegvisir-wayfinder-for-travellers\/camper-iceland-videos\/","url_meta":{"origin":31555,"position":0},"title":"Camper Iceland Videos","author":"admin","date":"9 de noviembre de 2019","format":false,"excerpt":"","rel":"","context":"Entrada similar","block_context":{"text":"Entrada similar","link":""},"img":{"alt_text":"","src":"","width":0,"height":0},"classes":[]},{"id":31560,"url":"https:\/\/www.camper.is\/es\/vegvisir-wayfinder-para-viajeros\/condiciones-en\/","url_meta":{"origin":31555,"position":1},"title":"Condiciones","author":"admin","date":"17 de noviembre de 2019","format":false,"excerpt":"","rel":"","context":"Entrada similar","block_context":{"text":"Entrada similar","link":""},"img":{"alt_text":"","src":"","width":0,"height":0},"classes":[]},{"id":54936,"url":"https:\/\/www.camper.is\/es\/vision-general-de-camper-iceland\/4x4-camper-b-tyr\/","url_meta":{"origin":31555,"position":2},"title":"4&#215;4 CAMPER TYR","author":"admin","date":"17 de noviembre de 2022","format":false,"excerpt":"","rel":"","context":"Entrada similar","block_context":{"text":"Entrada similar","link":""},"img":{"alt_text":"","src":"https:\/\/i0.wp.com\/www.camper.is\/wp-content\/uploads\/2022\/11\/4x4_camper_tyr.jpeg?fit=800%2C800&quality=80&ssl=1&resize=350%2C200","width":350,"height":200,"srcset":"https:\/\/i0.wp.com\/www.camper.is\/wp-content\/uploads\/2022\/11\/4x4_camper_tyr.jpeg?fit=800%2C800&quality=80&ssl=1&resize=350%2C200 1x, https:\/\/i0.wp.com\/www.camper.is\/wp-content\/uploads\/2022\/11\/4x4_camper_tyr.jpeg?fit=800%2C800&quality=80&ssl=1&resize=525%2C300 1.5x, https:\/\/i0.wp.com\/www.camper.is\/wp-content\/uploads\/2022\/11\/4x4_camper_tyr.jpeg?fit=800%2C800&quality=80&ssl=1&resize=700%2C400 2x"},"classes":[]},{"id":31866,"url":"https:\/\/www.camper.is\/es\/vegvisir-wayfinder-para-viajeros\/como-elegir-el-motor-home-adecuado-y-4x4-camper-para-islandia\/","url_meta":{"origin":31555,"position":3},"title":"C\u00f3mo elegir la autocaravana y la caravana 4&#215;4 adecuadas para Islandia","author":"admin","date":"17 de noviembre de 2019","format":false,"excerpt":"","rel":"","context":"Entrada similar","block_context":{"text":"Entrada similar","link":""},"img":{"alt_text":"","src":"https:\/\/i0.wp.com\/www.camper.is\/wp-content\/uploads\/2019\/11\/traveldocs.jpg?fit=500%2C500&quality=80&ssl=1&resize=350%2C200","width":350,"height":200},"classes":[]},{"id":34173,"url":"https:\/\/www.camper.is\/es\/vision-general-de-camper-iceland\/freedom-camper\/","url_meta":{"origin":31555,"position":4},"title":"Camper LOKI","author":"admin","date":"17 de noviembre de 2019","format":false,"excerpt":"Explora Islandia a tu manera con la Camper LOKI de Camper Islandia. Nuestra vers\u00e1til mini camper es tu soluci\u00f3n perfecta para un viaje flexible, ya que ofrece un veh\u00edculo de alquiler fiable con las mejores tarifas. Comienza tu aventura desde Keflavik (KEF), cerca del aeropuerto, y recorre libremente la impresionante\u2026","rel":"","context":"Entrada similar","block_context":{"text":"Entrada similar","link":""},"img":{"alt_text":"","src":"","width":0,"height":0},"classes":[]},{"id":34370,"url":"https:\/\/www.camper.is\/es\/vision-general-de-camper-iceland\/motor-home-6-plus\/","url_meta":{"origin":31555,"position":5},"title":"Autocaravana 6 FRIGG","author":"admin","date":"17 de noviembre de 2019","format":false,"excerpt":"Esc\u00e1pate a la naturaleza islandesa en la Autocaravana 6 FRIGG, un veh\u00edculo espacioso y bien equipado perfecto para familias o grupos de hasta seis personas. Impulsada por un motor di\u00e9sel de bajo consumo, esta autocaravana proporciona la libertad de explorar Islandia a tu propio ritmo, con una c\u00f3moda cama, sistema\u2026","rel":"","context":"Entrada similar","block_context":{"text":"Entrada similar","link":""},"img":{"alt_text":"","src":"https:\/\/i0.wp.com\/www.camper.is\/wp-content\/uploads\/2019\/11\/MOTOR_HOME_6_PLUS.jpg?fit=800%2C800&quality=80&ssl=1&resize=350%2C200","width":350,"height":200,"srcset":"https:\/\/i0.wp.com\/www.camper.is\/wp-content\/uploads\/2019\/11\/MOTOR_HOME_6_PLUS.jpg?fit=800%2C800&quality=80&ssl=1&resize=350%2C200 1x, https:\/\/i0.wp.com\/www.camper.is\/wp-content\/uploads\/2019\/11\/MOTOR_HOME_6_PLUS.jpg?fit=800%2C800&quality=80&ssl=1&resize=525%2C300 1.5x, https:\/\/i0.wp.com\/www.camper.is\/wp-content\/uploads\/2019\/11\/MOTOR_HOME_6_PLUS.jpg?fit=800%2C800&quality=80&ssl=1&resize=700%2C400 2x"},"classes":[]}],"_links":{"self":[{"href":"https:\/\/www.camper.is\/es\/wp-json\/wp\/v2\/pages\/31555","targetHints":{"allow":["GET"]}}],"collection":[{"href":"https:\/\/www.camper.is\/es\/wp-json\/wp\/v2\/pages"}],"about":[{"href":"https:\/\/www.camper.is\/es\/wp-json\/wp\/v2\/types\/page"}],"author":[{"embeddable":true,"href":"https:\/\/www.camper.is\/es\/wp-json\/wp\/v2\/users\/1"}],"replies":[{"embeddable":true,"href":"https:\/\/www.camper.is\/es\/wp-json\/wp\/v2\/comments?post=31555"}],"version-history":[{"count":10,"href":"https:\/\/www.camper.is\/es\/wp-json\/wp\/v2\/pages\/31555\/revisions"}],"predecessor-version":[{"id":54280,"href":"https:\/\/www.camper.is\/es\/wp-json\/wp\/v2\/pages\/31555\/revisions\/54280"}],"wp:attachment":[{"href":"https:\/\/www.camper.is\/es\/wp-json\/wp\/v2\/media?parent=31555"}],"curies":[{"name":"wp","href":"https:\/\/api.w.org\/{rel}","templated":true}]}}