{"id":70483,"date":"2025-02-07T10:29:20","date_gmt":"2025-02-07T10:29:20","guid":{"rendered":"https:\/\/www.camper.is\/newsletter-camper-island\/"},"modified":"2025-02-07T20:17:15","modified_gmt":"2025-02-07T20:17:15","slug":"newsletter-camper-island","status":"publish","type":"page","link":"https:\/\/www.camper.is\/de\/vegvisir-der-wegfinder-fuer-island\/newsletter-camper-island\/","title":{"rendered":"Newsletter Camper Island"},"content":{"rendered":"<div class=\"wp-block-jetpack-subscriptions__supports-newline wp-block-jetpack-subscriptions\">\n\t\t<div>\n\t\t\t<div>\n\t\t\t\t<div>\n\t\t\t\t\t<p >\n\t\t\t\t\t\t<a href=\"https:\/\/www.camper.is\/de\/?post_type=page&#038;p=70483\" style=\"font-size: 16px;padding: 15px 23px 15px 23px;margin: 0; margin-left: 10px;border-radius: 0px;border-width: 1px; background-color: #113AF5; color: #FFFFFF; text-decoration: none; white-space: nowrap; margin-left: 0\">Abonnieren<\/a>\n\t\t\t\t\t<\/p>\n\t\t\t\t<\/div>\n\t\t\t<\/div>\n\t\t<\/div>\n\t<\/div>\n<p>Sind Sie an unseren neuesten Nachrichten interessiert, <a href=\"https:\/\/www.camper.is\/de\/vegvisir-der-wegfinder-fuer-island\/camper-iceland-nachrichten\/\" data-type=\"page\" data-id=\"26954\">klicken Sie hier...<\/a><\/p>\n\n<p><\/p>\n","protected":false},"excerpt":{"rendered":"<p>Sind Sie an unseren neuesten Nachrichten interessiert, klicken Sie hier&#8230;<\/p>\n","protected":false},"author":1,"featured_media":0,"parent":41887,"menu_order":0,"comment_status":"closed","ping_status":"closed","template":"","meta":{"_acf_changed":false,"jetpack_post_was_ever_published":false,"footnotes":""},"class_list":["post-70483","page","type-page","status-publish","hentry"],"acf":[],"jetpack_sharing_enabled":true,"jetpack_shortlink":"https:\/\/wp.me\/P569lP-ikP","jetpack-related-posts":[{"id":75128,"url":"https:\/\/www.camper.is\/de\/island-reisenachrichten-woechentliche-berichte-camper-island\/","url_meta":{"origin":70483,"position":0},"title":"Island Reisenachrichten &amp; W\u00f6chentliche Berichte | Camper Island","author":"admin","date":"26. M\u00e4rz 2026","format":false,"excerpt":"Bleiben Sie dem Sturm voraus mit w\u00f6chentlichen Updates aus dem Herzen von Island. Seit 1987 versorgen wir Sie mit fachkundigen Stra\u00dfenberichten, Wetterwarnungen und Highland F-road Bedingungen. Holen Sie sich die neuesten Nachrichten \u00fcber die Flotte und Insider-Reisetipps f\u00fcr Ihre Expedition im Jahr 2026. Informationen in Echtzeit von der Familie, die\u2026","rel":"","context":"\u00c4hnlicher Beitrag","block_context":{"text":"\u00c4hnlicher Beitrag","link":""},"img":{"alt_text":"","src":"https:\/\/i0.wp.com\/www.camper.is\/wp-content\/uploads\/2026\/03\/family_badging_camper_iceland-scaled.png?fit=1200%2C654&quality=72&ssl=1&resize=350%2C200","width":350,"height":200,"srcset":"https:\/\/i0.wp.com\/www.camper.is\/wp-content\/uploads\/2026\/03\/family_badging_camper_iceland-scaled.png?fit=1200%2C654&quality=72&ssl=1&resize=350%2C200 1x, https:\/\/i0.wp.com\/www.camper.is\/wp-content\/uploads\/2026\/03\/family_badging_camper_iceland-scaled.png?fit=1200%2C654&quality=72&ssl=1&resize=525%2C300 1.5x, https:\/\/i0.wp.com\/www.camper.is\/wp-content\/uploads\/2026\/03\/family_badging_camper_iceland-scaled.png?fit=1200%2C654&quality=72&ssl=1&resize=700%2C400 2x, https:\/\/i0.wp.com\/www.camper.is\/wp-content\/uploads\/2026\/03\/family_badging_camper_iceland-scaled.png?fit=1200%2C654&quality=72&ssl=1&resize=1050%2C600 3x"},"classes":[]},{"id":41913,"url":"https:\/\/www.camper.is\/de\/vegvisir-der-wegfinder-fuer-island\/save-travel-islaendische-natur-de\/","url_meta":{"origin":70483,"position":1},"title":"Save Travel Isl\u00e4ndische Natur DE","author":"admin","date":"18. November 2019","format":false,"excerpt":"natur Die isl\u00e4ndische Natur ist einzigartig, und wir werden immer wieder zu ihr hingezogen, aber gleichzeitig kann das Reisen in der Natur gef\u00e4hrlich sein, also sollten wir Folgendes im Auge behalten: Erhalten Sie gute Informationen \u00fcber die Gegend, in die Sie reisen Unf\u00e4lle sind h\u00e4ufig, wenn Menschen in die N\u00e4he\u2026","rel":"","context":"\u00c4hnlicher Beitrag","block_context":{"text":"\u00c4hnlicher Beitrag","link":""},"img":{"alt_text":"","src":"","width":0,"height":0},"classes":[]},{"id":49977,"url":"https:\/\/www.camper.is\/de\/vegvisir-der-wegfinder-fuer-island\/haftungsausschluss\/","url_meta":{"origin":70483,"position":2},"title":"Haftungsausschluss","author":"admin","date":"20. April 2022","format":false,"excerpt":"Haftungsausschluss Website-Haftungsausschluss Das auf der Camper Iceland Website enthaltene Material dient ausschlie\u00dflich Informationszwecken. Sie enth\u00e4lt keine Rechtsberatung oder Empfehlungen und kann nicht durch individuelle Beratung ersetzt werden. Die \u00dcbermittlung von Informationen von dieser Website oder der Zugriff auf oder der Erhalt von Informationen davon gilt nicht als Beratungsdienst und begr\u00fcndet\u2026","rel":"","context":"\u00c4hnlicher Beitrag","block_context":{"text":"\u00c4hnlicher Beitrag","link":""},"img":{"alt_text":"","src":"","width":0,"height":0},"classes":[]},{"id":72438,"url":"https:\/\/www.camper.is\/de\/loki-e-das-nachhaltige-wohnmobil-fuer-ihr-island-abenteuer\/","url_meta":{"origin":70483,"position":3},"title":"LOKI E Das nachhaltige Wohnmobil f\u00fcr Ihr Island-Abenteuer","author":"admin","date":"14. August 2025","format":false,"excerpt":"","rel":"","context":"\u00c4hnlicher Beitrag","block_context":{"text":"\u00c4hnlicher Beitrag","link":""},"img":{"alt_text":"","src":"https:\/\/i0.wp.com\/www.camper.is\/wp-content\/uploads\/2025\/08\/Untitled-scaled.png?fit=1200%2C900&quality=72&ssl=1&resize=350%2C200","width":350,"height":200,"srcset":"https:\/\/i0.wp.com\/www.camper.is\/wp-content\/uploads\/2025\/08\/Untitled-scaled.png?fit=1200%2C900&quality=72&ssl=1&resize=350%2C200 1x, https:\/\/i0.wp.com\/www.camper.is\/wp-content\/uploads\/2025\/08\/Untitled-scaled.png?fit=1200%2C900&quality=72&ssl=1&resize=525%2C300 1.5x, https:\/\/i0.wp.com\/www.camper.is\/wp-content\/uploads\/2025\/08\/Untitled-scaled.png?fit=1200%2C900&quality=72&ssl=1&resize=700%2C400 2x, https:\/\/i0.wp.com\/www.camper.is\/wp-content\/uploads\/2025\/08\/Untitled-scaled.png?fit=1200%2C900&quality=72&ssl=1&resize=1050%2C600 3x"},"classes":[]},{"id":68235,"url":"https:\/\/www.camper.is\/de\/camper-iceland-uebersicht\/4x4-wohnmobil-tyr-a\/","url_meta":{"origin":70483,"position":4},"title":"4X4 WOHNMOBIL TYR A","author":"admin","date":"8. Oktober 2024","format":false,"excerpt":"Reisen Sie durch Island mit dem ultimativen Komfort im 4x4 Camper TYR A. Dieses Premiumfahrzeug erweitert unseren beliebten 4x4 Camper um eine eingebaute Toilette, ein Warmwassersystem und ein Automatikgetriebe.","rel":"","context":"\u00c4hnlicher Beitrag","block_context":{"text":"\u00c4hnlicher Beitrag","link":""},"img":{"alt_text":"","src":"https:\/\/i0.wp.com\/www.camper.is\/wp-content\/uploads\/2025\/09\/ICONS-2026-TYR.jpeg?fit=1080%2C1080&quality=80&ssl=1&resize=350%2C200","width":350,"height":200,"srcset":"https:\/\/i0.wp.com\/www.camper.is\/wp-content\/uploads\/2025\/09\/ICONS-2026-TYR.jpeg?fit=1080%2C1080&quality=80&ssl=1&resize=350%2C200 1x, https:\/\/i0.wp.com\/www.camper.is\/wp-content\/uploads\/2025\/09\/ICONS-2026-TYR.jpeg?fit=1080%2C1080&quality=80&ssl=1&resize=525%2C300 1.5x, https:\/\/i0.wp.com\/www.camper.is\/wp-content\/uploads\/2025\/09\/ICONS-2026-TYR.jpeg?fit=1080%2C1080&quality=80&ssl=1&resize=700%2C400 2x, https:\/\/i0.wp.com\/www.camper.is\/wp-content\/uploads\/2025\/09\/ICONS-2026-TYR.jpeg?fit=1080%2C1080&quality=80&ssl=1&resize=1050%2C600 3x"},"classes":[]},{"id":41912,"url":"https:\/\/www.camper.is\/de\/vegvisir-der-wegfinder-fuer-island\/sparen-sie-reisen-im-freien-de\/","url_meta":{"origin":70483,"position":5},"title":"Sparen Sie Reisen im Freien DE","author":"admin","date":"18. November 2019","format":false,"excerpt":"drau\u00dfen Eine gute Vorbereitung ist der Schl\u00fcssel f\u00fcr eine erfolgreiche Reise. Denken Sie an die folgenden Punkte und denken Sie daran, dass Ihr erstes Ziel immer diese Homepage sein sollte. \u00dcberlassen Sie Ihren Reiseplan immer bei jemandem, der bei Bedarf reagieren kann \u00dcberpr\u00fcfen Sie die Wettervorhersage. In Island kann sich\u2026","rel":"","context":"\u00c4hnlicher Beitrag","block_context":{"text":"\u00c4hnlicher Beitrag","link":""},"img":{"alt_text":"","src":"","width":0,"height":0},"classes":[]}],"_links":{"self":[{"href":"https:\/\/www.camper.is\/de\/wp-json\/wp\/v2\/pages\/70483","targetHints":{"allow":["GET"]}}],"collection":[{"href":"https:\/\/www.camper.is\/de\/wp-json\/wp\/v2\/pages"}],"about":[{"href":"https:\/\/www.camper.is\/de\/wp-json\/wp\/v2\/types\/page"}],"author":[{"embeddable":true,"href":"https:\/\/www.camper.is\/de\/wp-json\/wp\/v2\/users\/1"}],"replies":[{"embeddable":true,"href":"https:\/\/www.camper.is\/de\/wp-json\/wp\/v2\/comments?post=70483"}],"version-history":[{"count":2,"href":"https:\/\/www.camper.is\/de\/wp-json\/wp\/v2\/pages\/70483\/revisions"}],"predecessor-version":[{"id":70675,"href":"https:\/\/www.camper.is\/de\/wp-json\/wp\/v2\/pages\/70483\/revisions\/70675"}],"up":[{"embeddable":true,"href":"https:\/\/www.camper.is\/de\/wp-json\/wp\/v2\/pages\/41887"}],"wp:attachment":[{"href":"https:\/\/www.camper.is\/de\/wp-json\/wp\/v2\/media?parent=70483"}],"curies":[{"name":"wp","href":"https:\/\/api.w.org\/{rel}","templated":true}]}}