{"id":57984,"date":"2023-08-25T18:26:50","date_gmt":"2023-08-25T18:26:50","guid":{"rendered":"https:\/\/www.camper.is\/camper-iceland-ihr-wohnmobil-und-4x4-vermieter-in-island-zusaetzliche-informationen\/"},"modified":"2026-04-07T06:36:14","modified_gmt":"2026-04-07T06:36:14","slug":"camper-iceland-ihr-wohnmobil-und-4x4-vermieter-in-island-zusaetzliche-informationen","status":"publish","type":"page","link":"https:\/\/www.camper.is\/de\/camper-island-ihr-wohnmobil-4x4-vermieter-in-island\/camper-iceland-ihr-wohnmobil-und-4x4-vermieter-in-island-zusaetzliche-informationen\/","title":{"rendered":"Camper Iceland, Ihr Wohnmobil- und 4\u00d74-Vermieter in Island zus\u00e4tzliche Informationen"},"content":{"rendered":"<div class=\"et_pb_section_0 et_pb_section et_section_specialty et_pb_gutters3 et_block_section\"><div class=\"et_pb_row et_block_row\"><div class=\"et_pb_column_0 et_pb_column et_pb_specialty_column et_pb_column_1_2 et_block_column et_pb_css_mix_blend_mode_passthrough\"><div class=\"et_pb_row_inner_0 et_pb_row_inner et_block_row\"><div class=\"et_pb_column_inner_0 et_pb_column_inner et_pb_column et_pb_column_4_4 et-last-child et_block_column et_pb_css_mix_blend_mode_passthrough\"><div class=\"et_pb_image_0 et_pb_image et_pb_module et_block_module\"><span class=\"et_pb_image_wrap\"><img decoding=\"async\" src=\"https:\/\/www.camper.is\/wp-content\/uploads\/2022\/10\/camper-iceland-high-resolution-logo-white-on-transparent-background.png\" width=\"2000\" height=\"792\" srcset=\"https:\/\/www.camper.is\/wp-content\/uploads\/2022\/10\/camper-iceland-high-resolution-logo-white-on-transparent-background.png 2000w, https:\/\/www.camper.is\/wp-content\/uploads\/2022\/10\/camper-iceland-high-resolution-logo-white-on-transparent-background-1280x507.png 1280w, https:\/\/www.camper.is\/wp-content\/uploads\/2022\/10\/camper-iceland-high-resolution-logo-white-on-transparent-background-980x388.png 980w, https:\/\/www.camper.is\/wp-content\/uploads\/2022\/10\/camper-iceland-high-resolution-logo-white-on-transparent-background-480x190.png 480w\" sizes=\"(min-width: 0px) and (max-width: 480px) 480px, (min-width: 481px) and (max-width: 980px) 980px, (min-width: 981px) and (max-width: 1280px) 1280px, (min-width: 1281px) 2000px, 100vw\" class=\"wp-image-54733\" title=\"camper-iceland-hochaufl\u00f6sendes-logo-wei\u00df-auf-transparentem-hintergrund\" alt=\"\"><\/span><\/div><\/div><\/div><\/div><div class=\"et_pb_column_1 et_pb_column et_pb_column_single et_pb_column_1_2 et-last-child et_block_column et_pb_css_mix_blend_mode_passthrough\"><div class=\"et_pb_blurb_0 et_pb_blurb et_pb_bg_layout_dark et_pb_text_align_center et_pb_blurb_position_top et_pb_module et_block_module\"><div class=\"et_pb_blurb_content\"><div class=\"et_pb_main_blurb_image\"><span class=\"et_pb_image_wrap\"><span class=\"et-pb-icon et_animated et_animated\">?<\/span><\/span><\/div><div class=\"et_pb_blurb_container\"><h4 class=\"et_pb_module_header\">Online BUCHEN<\/h4><div class=\"et_pb_blurb_description\"><p><iframe id=\"miniBook\" style=\"width: 300px; height: 550px;\" src=\"https:\/\/web.rentalcarmanager.com\/api32\/Camper-Iceland\/step1Mini\" width=\"300\" height=\"200\" frameborder=\"0\" scrolling=\"no\"><\/iframe><\/p>\n<\/div><\/div><\/div><\/div><\/div><\/div><\/div><div class=\"et_pb_section_1 et_pb_section et_section_regular et_block_section\"><div class=\"et_pb_row_0 et_pb_row et_pb_row_3-5_1-5_1-5 et_block_row et_block_row_3-5_1-5_1-5\"><div class=\"et_pb_column_2 et_pb_column et_pb_column_3_5 et_block_column et_pb_css_mix_blend_mode_passthrough\"><div class=\"et_pb_text_0 et_pb_text et_pb_bg_layout_light et_pb_module et_block_module\"><div class=\"et_pb_text_inner\"><h1>Willkommen bei Camper Iceland<\/h1>\n<p>Suchen Sie ein Wohnmobil oder einen 4\u00d74 Camper, um Island zu erkunden? Gefunden! Sie sind einen Schritt von Ihrem Traumurlaub entfernt. Camper Iceland bietet die gr\u00f6sste Vielfalt an Fahrzeugkategorien, um Ihren Bed\u00fcrfnissen gerecht zu werden. Alle unsere Kategorien wurden entwickelt, um Ihnen rund um Island zu den sch\u00f6nsten Orten unseres Landes zu begleiten. Wenn Sie \u00fcber das isl\u00e4ndische Hochland fahren m\u00f6chten, bieten wir zwei inspirierende 4x4 Camper Kategorien an.<\/p>\n<p>Unser Familienunternehmen verkauft seit 1987 Reisen nach Island und dieses Fachwissen stellen wir Ihnen zur Verf\u00fcgung. Das Mieten eines Wohnmobils gilt als eine der flexibelsten M\u00f6glichkeiten, um Island zu bereisen. Campingpl\u00e4tze ben\u00f6tigen keine Vorreservierung, Sie fahren einfach durch Island und halten dort an, wo Sie es am liebsten m\u00f6gen. Wenn Sie mit einem Wohnmobil oder 4x4 Camper reisen, sparen Sie viel Geld, da Sie Lebensmittel in den \u00f6rtlichen Superm\u00e4rkten kaufen k\u00f6nnen. F\u00fcr romantische Abende geniessen Sie die Ausnahme, in Islands Restaurants zu speisen. Die Schwimmb\u00e4der in Island sind bei unseren Kunden sehr beliebt. Genie\u00dfen Sie ein t\u00e4gliches Bad oder entspannen Sie sich an den hei\u00dfen T\u00f6pfen. Das warme geothermische Wasser regeneriert K\u00f6rper und Seele. Schliesslich soll Ihr Urlaub dazu dienen, sich zu entspannen und die K\u00f6rperbatterie aufzuladen. Unsere Produkte sind f\u00fcr Familien, Paare, Freunde und Alleinreisende geeignet.<\/p>\n<p>Das isl\u00e4ndische Wetter ist bekannt daf\u00fcr, dass es sich \u00e4ndert, und oft regnet es im Norden, w\u00e4hrend es im S\u00fcden sonnig ist oder umgekehrt. Ein weiterer grosser Vorteil der Anmietung eines Camper Iceland-Fahrzeugs ist, dass Sie mit dem Wetter reisen k\u00f6nnen. Jagen Sie der Sonne hinterher, anstatt sich auf einer vorgebuchten Hotelroute mit dem Wetter abzufinden. Bleiben Sie lange auf und besichtigen Sie die sch\u00f6nen Sehensw\u00fcrdigkeiten, wenn andere Reisende bereits auf der Suche nach einer Unterkunft sind. In einem Wohnmobil gibt es keine Check-in- oder Check-out-Zeiten. Packen Sie Ihre Koffer einmal aus und genie\u00dfen Sie Ihr \"Hotel auf R\u00e4dern\".<\/p>\n<p>Wir freuen uns darauf, Sie in die Benutzung unseres Fahrzeugs einzuweisen, bevor Sie in einen wunderbaren und wohlverdienten Urlaub aufbrechen.<\/p>\n<\/div><\/div><\/div><div class=\"et_pb_column_3 et_pb_column et_pb_column_1_5 et_block_column et_pb_css_mix_blend_mode_passthrough\"><div class=\"et_pb_image_1 et_pb_image et_pb_module et_block_module\"><a href=\"https:\/\/www.camper.is\/camper-iceland-overview\/motor-home-2\/\"><span class=\"et_pb_image_wrap\"><img decoding=\"async\" src=\"https:\/\/www.camper.is\/wp-content\/uploads\/2021\/06\/MOTOR_HOME_IDUNN.jpg\" width=\"800\" height=\"800\" srcset=\"https:\/\/www.camper.is\/wp-content\/uploads\/2021\/06\/MOTOR_HOME_IDUNN.jpg 800w, https:\/\/www.camper.is\/wp-content\/uploads\/2021\/06\/MOTOR_HOME_IDUNN-480x480.jpg 480w\" sizes=\"(min-width: 0px) and (max-width: 480px) 480px, (min-width: 481px) 800px, 100vw\" class=\"wp-image-47926\" title=\"MOTOR_HOME_IDUNN\" alt=\"\"><\/span><\/a><\/div><div class=\"et_pb_image_2 et_pb_image et_pb_module et_block_module\"><a href=\"https:\/\/www.camper.is\/camper-iceland-overview\/motor-home-4\/\"><span class=\"et_pb_image_wrap\"><img decoding=\"async\" src=\"https:\/\/www.camper.is\/wp-content\/uploads\/2021\/06\/MOTOR_HOME_4SIF.jpg\" width=\"800\" height=\"800\" srcset=\"https:\/\/www.camper.is\/wp-content\/uploads\/2021\/06\/MOTOR_HOME_4SIF.jpg 800w, https:\/\/www.camper.is\/wp-content\/uploads\/2021\/06\/MOTOR_HOME_4SIF-480x480.jpg 480w\" sizes=\"(min-width: 0px) and (max-width: 480px) 480px, (min-width: 481px) 800px, 100vw\" class=\"wp-image-46443\" title=\"MOTOR_HOME_4SIF\" alt=\"\"><\/span><\/a><\/div><div class=\"et_pb_image_3 et_pb_image et_pb_module et_block_module\"><a href=\"https:\/\/www.camper.is\/camper-iceland-overview\/motor-home-6-freyja-heritage\/\"><span class=\"et_pb_image_wrap\"><img decoding=\"async\" src=\"https:\/\/www.camper.is\/wp-content\/uploads\/2021\/06\/MOTOR_HOME_FREYJA.jpg\" width=\"800\" height=\"800\" srcset=\"https:\/\/www.camper.is\/wp-content\/uploads\/2021\/06\/MOTOR_HOME_FREYJA.jpg 800w, https:\/\/www.camper.is\/wp-content\/uploads\/2021\/06\/MOTOR_HOME_FREYJA-480x480.jpg 480w\" sizes=\"(min-width: 0px) and (max-width: 480px) 480px, (min-width: 481px) 800px, 100vw\" class=\"wp-image-46455\" title=\"MOTOR_HOME_FREYJA\" alt=\"\"><\/span><\/a><\/div><div class=\"et_pb_image_4 et_pb_image et_pb_module et_block_module\"><a href=\"https:\/\/www.camper.is\/camper-iceland-overview\/motor-home-6g\/\"><span class=\"et_pb_image_wrap\"><img decoding=\"async\" src=\"https:\/\/www.camper.is\/wp-content\/uploads\/2021\/06\/MOTOR_HOME_6FRIGG.jpg\" width=\"800\" height=\"800\" srcset=\"https:\/\/www.camper.is\/wp-content\/uploads\/2021\/06\/MOTOR_HOME_6FRIGG.jpg 800w, https:\/\/www.camper.is\/wp-content\/uploads\/2021\/06\/MOTOR_HOME_6FRIGG-480x480.jpg 480w\" sizes=\"(min-width: 0px) and (max-width: 480px) 480px, (min-width: 481px) 800px, 100vw\" class=\"wp-image-46449\" title=\"MOTOR_HOME_6FRIGG\" alt=\"\"><\/span><\/a><\/div><\/div><div class=\"et_pb_column_4 et_pb_column et_pb_column_1_5 et-last-child et_block_column et_pb_css_mix_blend_mode_passthrough\"><div class=\"et_pb_image_5 et_pb_image et_pb_module et_block_module\"><a href=\"https:\/\/www.camper.is\/camper-iceland-overview\/4x4-camper-b-thor\/\"><span class=\"et_pb_image_wrap\"><img decoding=\"async\" src=\"https:\/\/www.camper.is\/wp-content\/uploads\/2021\/05\/4X4_CAMPER_THOR.jpg\" width=\"800\" height=\"800\" srcset=\"https:\/\/www.camper.is\/wp-content\/uploads\/2021\/05\/4X4_CAMPER_THOR.jpg 800w, https:\/\/www.camper.is\/wp-content\/uploads\/2021\/05\/4X4_CAMPER_THOR-480x480.jpg 480w\" sizes=\"(min-width: 0px) and (max-width: 480px) 480px, (min-width: 481px) 800px, 100vw\" class=\"wp-image-46318\" title=\"4X4_CAMPER_THOR\" alt=\"\"><\/span><\/a><\/div><div class=\"et_pb_image_6 et_pb_image et_pb_module et_block_module\"><a href=\"https:\/\/www.camper.is\/camper-iceland-overview\/4x4-camper-b-tyr\/\"><span class=\"et_pb_image_wrap\"><img decoding=\"async\" src=\"https:\/\/www.camper.is\/wp-content\/uploads\/2022\/11\/4x4_camper_tyr.jpeg\" width=\"800\" height=\"800\" srcset=\"https:\/\/www.camper.is\/wp-content\/uploads\/2022\/11\/4x4_camper_tyr.jpeg 800w, https:\/\/www.camper.is\/wp-content\/uploads\/2022\/11\/4x4_camper_tyr-480x480.jpeg 480w\" sizes=\"(min-width: 0px) and (max-width: 480px) 480px, (min-width: 481px) 800px, 100vw\" class=\"wp-image-54869\" title=\"4x4_camper_tyr\" alt=\"\"><\/span><\/a><\/div><div class=\"et_pb_image_7 et_pb_image et_pb_module et_block_module\"><span class=\"et_pb_image_wrap\"><img decoding=\"async\" src=\"https:\/\/www.camper.is\/wp-content\/uploads\/2021\/05\/4X4_CAMPER_ODIN.jpg\" width=\"800\" height=\"800\" srcset=\"https:\/\/www.camper.is\/wp-content\/uploads\/2021\/05\/4X4_CAMPER_ODIN.jpg 800w, https:\/\/www.camper.is\/wp-content\/uploads\/2021\/05\/4X4_CAMPER_ODIN-480x480.jpg 480w\" sizes=\"(min-width: 0px) and (max-width: 480px) 480px, (min-width: 481px) 800px, 100vw\" class=\"wp-image-46190\" title=\"4X4_CAMPER_ODIN\" alt=\"\"><\/span><\/div><div class=\"et_pb_image_8 et_pb_image et_pb_module et_block_module\"><a href=\"https:\/\/www.camper.is\/camper-iceland-overview\/freedom-camper\/\"><span class=\"et_pb_image_wrap\"><img decoding=\"async\" src=\"https:\/\/www.camper.is\/wp-content\/uploads\/2021\/06\/C2_LOKI.jpg\" width=\"800\" height=\"800\" srcset=\"https:\/\/www.camper.is\/wp-content\/uploads\/2021\/06\/C2_LOKI.jpg 800w, https:\/\/www.camper.is\/wp-content\/uploads\/2021\/06\/C2_LOKI-480x480.jpg 480w\" sizes=\"(min-width: 0px) and (max-width: 480px) 480px, (min-width: 481px) 800px, 100vw\" class=\"wp-image-46431\" title=\"C2_LOKI\" alt=\"\"><\/span><\/a><\/div><\/div><\/div><\/div><div class=\"et_pb_section_2 et_pb_section et_section_regular et_block_section section_has_divider et_pb_bottom_divider\"><div class=\"et_pb_row_1 et_pb_row et_block_row\"><div class=\"et_pb_column_5 et_pb_column et_pb_column_4_4 et-last-child et_block_column et_pb_css_mix_blend_mode_passthrough\"><div class=\"et_pb_text_1 et_pb_text et_pb_bg_layout_light et_pb_module et_block_module et_pb_text_align_center\"><div class=\"et_pb_text_inner\"><p>Entscheiden Sie sich f\u00fcr Camper Iceland<\/p>\n<\/div><\/div><\/div><\/div><div class=\"et_pb_row_2 et_pb_row et_block_row\"><div class=\"et_pb_column_6 et_pb_column et_pb_column_1_3 et_block_column et_pb_css_mix_blend_mode_passthrough\"><div class=\"et_pb_blurb_1 et_pb_blurb et_pb_bg_layout_light et_pb_text_align_center et_pb_blurb_position_top et_pb_module et_block_module\"><div class=\"et_pb_blurb_content\"><div class=\"et_pb_main_blurb_image\"><span class=\"et_pb_image_wrap\"><span class=\"et-pb-icon et_animated et_animated\">\ue08b<\/span><\/span><\/div><div class=\"et_pb_blurb_container\"><h4 class=\"et_pb_module_header\">Familienunternehmen<\/h4><div class=\"et_pb_blurb_description\"><p>Wir sind seit 1987 ein unabh\u00e4ngiges Familienunternehmen.<\/p>\n<\/div><\/div><\/div><\/div><\/div><div class=\"et_pb_column_7 et_pb_column et_pb_column_1_3 et_block_column et_pb_css_mix_blend_mode_passthrough\"><div class=\"et_pb_blurb_2 et_pb_blurb et_pb_bg_layout_light et_pb_text_align_center et_pb_blurb_position_top et_pb_module et_block_module\"><div class=\"et_pb_blurb_content\"><div class=\"et_pb_main_blurb_image\"><span class=\"et_pb_image_wrap\"><span class=\"et-pb-icon et_animated et_animated\">\ue06e<\/span><\/span><\/div><div class=\"et_pb_blurb_container\"><h4 class=\"et_pb_module_header\">Gr\u00f6sste Vielfalt an Fahrzeugen<\/h4><div class=\"et_pb_blurb_description\"><p>Wir betreiben 7 verschiedene Fahrzeugtypen, um Ihren Wunsch zu erf\u00fcllen.<\/p>\n<\/div><\/div><\/div><\/div><\/div><div class=\"et_pb_column_8 et_pb_column et_pb_column_1_3 et-last-child et_block_column et_pb_css_mix_blend_mode_passthrough\"><div class=\"et_pb_blurb_3 et_pb_blurb et_pb_bg_layout_light et_pb_text_align_center et_pb_blurb_position_top et_pb_module et_block_module\"><div class=\"et_pb_blurb_content\"><div class=\"et_pb_main_blurb_image\"><span class=\"et_pb_image_wrap\"><span class=\"et-pb-icon et_animated et_animated\">Z<\/span><\/span><\/div><div class=\"et_pb_blurb_container\"><h4 class=\"et_pb_module_header\">Zertifiziert<\/h4><div class=\"et_pb_blurb_description\"><p>Wir sind als Fahrzeugvermietung und Reiseb\u00fcro zertifiziert.<\/p>\n<\/div><\/div><\/div><\/div><\/div><\/div><div class=\"et_pb_row_3 et_pb_row et_block_row\"><div class=\"et_pb_column_9 et_pb_column et_pb_column_1_3 et_block_column et_pb_css_mix_blend_mode_passthrough\"><div class=\"et_pb_blurb_4 et_pb_blurb et_pb_bg_layout_light et_pb_text_align_center et_pb_blurb_position_top et_pb_module et_block_module\"><div class=\"et_pb_blurb_content\"><div class=\"et_pb_main_blurb_image\"><span class=\"et_pb_image_wrap\"><span class=\"et-pb-icon et_animated et_animated\">\ue0de<\/span><\/span><\/div><div class=\"et_pb_blurb_container\"><h4 class=\"et_pb_module_header\">Instruktion<\/h4><div class=\"et_pb_blurb_description\"><p>Sie erhalten auf alle unsere Anleitungsvideos und Tutorials Zugriff.<\/p>\n<\/div><\/div><\/div><\/div><\/div><div class=\"et_pb_column_10 et_pb_column et_pb_column_1_3 et_block_column et_pb_css_mix_blend_mode_passthrough\"><div class=\"et_pb_blurb_5 et_pb_blurb et_pb_bg_layout_light et_pb_text_align_center et_pb_blurb_position_top et_pb_module et_block_module\"><div class=\"et_pb_blurb_content\"><div class=\"et_pb_main_blurb_image\"><span class=\"et_pb_image_wrap\"><span class=\"et-pb-icon et_animated et_animated\">\ue02d<\/span><\/span><\/div><div class=\"et_pb_blurb_container\"><h4 class=\"et_pb_module_header\">Pre Check-in<\/h4><div class=\"et_pb_blurb_description\"><p>Wir bieten ein Pre-Check-In-Modul an, in dem Sie jederzeit Extras hinzuf\u00fcgen k\u00f6nnen.<\/p>\n<\/div><\/div><\/div><\/div><\/div><div class=\"et_pb_column_11 et_pb_column et_pb_column_1_3 et-last-child et_block_column et_pb_css_mix_blend_mode_passthrough\"><div class=\"et_pb_blurb_6 et_pb_blurb et_pb_bg_layout_light et_pb_text_align_center et_pb_blurb_position_top et_pb_module et_block_module\"><div class=\"et_pb_blurb_content\"><div class=\"et_pb_main_blurb_image\"><span class=\"et_pb_image_wrap\"><span class=\"et-pb-icon et_animated et_animated\">\ue066<\/span><\/span><\/div><div class=\"et_pb_blurb_container\"><h4 class=\"et_pb_module_header\">Kundendienst<\/h4><div class=\"et_pb_blurb_description\"><p>Bei Fragen stehen wir Ihnen gerne zur Verf\u00fcgung. <\/p>\n<\/div><\/div><\/div><\/div><\/div><\/div><div class=\"et_pb_bottom_inside_divider et-no-transition\"><\/div><\/div><div class=\"et_pb_section_3 et_pb_section et_section_regular et_block_section readmore\" id=\"mehr lesen\"><div class=\"et_pb_row_4 et_pb_row et_block_row\"><div class=\"et_pb_column_12 et_pb_column et_pb_column_4_4 et-last-child et_block_column et_pb_css_mix_blend_mode_passthrough\"><div class=\"et_pb_text_2 et_pb_text et_pb_bg_layout_light et_pb_module et_block_module et_pb_text_align_center\"><div class=\"et_pb_text_inner\"><h2>Das ist Camper Iceland<\/h2>\n<p>Wir sind ein 1987 geg\u00fcndetes Familienunternehmen. Die Gr\u00fcndungsmitglieder begannen in den sp\u00e4ten sechziger Jahren im Tourismussektor zu arbeiten. Damit geh\u00f6rt unser Reiseb\u00fcro zu den \u00e4ltesten Reisespezialisten f\u00fcr die Destination Island. Unser gesamtes Wissen und unsere Erfahrung stehen Ihnen zur Verf\u00fcgung.  <\/p>\n<\/div><\/div><\/div><\/div><\/div><div class=\"et_pb_section_4 et_pb_section et_section_regular et_block_section\"><div class=\"et_pb_row_5 et_pb_row et_pb_gutters1 et_block_row et_pb_row_fullwidth\"><div class=\"et_pb_column_13 et_pb_column et_pb_column_2_3 et_block_column et_pb_css_mix_blend_mode_passthrough\"><div class=\"et_pb_image_9 et_pb_image et_animated et_pb_module et_block_module\"><span class=\"et_pb_image_wrap\"><img decoding=\"async\" src=\"https:\/\/www.camper.is\/wp-content\/uploads\/2019\/07\/88f3e47d-2bc3-4c45-9258-4027fbedc7b1.jpg\" width=\"1616\" height=\"1080\" srcset=\"https:\/\/www.camper.is\/wp-content\/uploads\/2019\/07\/88f3e47d-2bc3-4c45-9258-4027fbedc7b1.jpg 1616w, https:\/\/www.camper.is\/wp-content\/uploads\/2019\/07\/88f3e47d-2bc3-4c45-9258-4027fbedc7b1-300x200.jpg 300w, https:\/\/www.camper.is\/wp-content\/uploads\/2019\/07\/88f3e47d-2bc3-4c45-9258-4027fbedc7b1-768x513.jpg 768w, https:\/\/www.camper.is\/wp-content\/uploads\/2019\/07\/88f3e47d-2bc3-4c45-9258-4027fbedc7b1-1024x684.jpg 1024w, https:\/\/www.camper.is\/wp-content\/uploads\/2019\/07\/88f3e47d-2bc3-4c45-9258-4027fbedc7b1-1080x722.jpg 1080w\" sizes=\"(max-width: 1616px) 100vw, 1616px\" class=\"wp-image-25554\" alt=\"\" title=\"\"><\/span><\/div><\/div><div class=\"et_pb_column_14 et_pb_column et_pb_column_1_3 et-last-child et_block_column et_pb_css_mix_blend_mode_passthrough\"><div class=\"et_pb_text_3 et_pb_text et_pb_bg_layout_light et_pb_module et_block_module\"><div class=\"et_pb_text_inner\"><h3>Wartung &amp; Service<\/h3>\n<p>Alle unsere Fahrzeuge werden der j\u00e4hrlichen Pflichtkontrolle - analog T\u00dcV - unterzogen. Unsere Fahrzeuge werden vor Ort gewartet. Wir sind offizieller H\u00e4ndler f\u00fcr McLouis und Mobilvetta Reisemobile. <\/p>\n<\/div><\/div><div class=\"et_pb_text_4 et_pb_text et_pb_bg_layout_light et_pb_module et_block_module\"><div class=\"et_pb_text_inner\"><ul>\n<li>J\u00e4hrliche Inspektion durch offizielle Pr\u00fcfstelle - analog T\u00dcV <\/li>\n<li>Wohnmobil- und Camper-Vertrieb<\/li>\n<li>Eigene Werkstatt f\u00fcr Reparaturen und Service<\/li>\n<\/ul>\n<\/div><\/div><\/div><\/div><\/div><div class=\"et_pb_section_5 et_pb_section et_section_regular et_block_section\"><div class=\"et_pb_row_6 et_pb_row et_block_row\"><div class=\"et_pb_column_15 et_pb_column et_pb_column_4_4 et-last-child et_block_column et_pb_css_mix_blend_mode_passthrough\"><div class=\"et_pb_text_5 et_pb_text et_pb_bg_layout_light et_animated et_pb_module et_block_module et_pb_text_align_center\"><div class=\"et_pb_text_inner\"><p>\"Was unsere Kunden an uns m\u00f6gen\"<\/p>\n<\/div><\/div><\/div><\/div><div class=\"et_pb_row_7 et_pb_row et_block_row\"><div class=\"et_pb_column_16 et_pb_column et_pb_column_1_3 et_block_column et_pb_css_mix_blend_mode_passthrough\"><div class=\"et_pb_testimonial_0 et_pb_testimonial et_pb_testimonial_no_image et_pb_bg_layout_light et_animated et_pb_module et_block_module\"><div class=\"et_pb_testimonial_inner\"><div class=\"et_pb_testimonial_description\"><div class=\"et_pb_testimonial_description_inner\"><div class=\"et_pb_testimonial_content\"><p><em>\"Wir lieben Camper Iceland. Es ist ein sehr freundliches Unternehmen. Der Camper war sehr gut und sehr komfortabel. Wir werden im n\u00e4chsten Jahr wieder kommen, um wieder ein Wohnmobil zu mieten.\"<\/em><\/p>\n<\/div><\/div><div class=\"et_pb_testimonial_meta\"><\/div><\/div><\/div><\/div><\/div><div class=\"et_pb_column_17 et_pb_column et_pb_column_1_3 et_block_column et_pb_css_mix_blend_mode_passthrough\"><div class=\"et_pb_testimonial_1 et_pb_testimonial et_pb_testimonial_no_image et_pb_bg_layout_light et_animated et_pb_module et_block_module\"><div class=\"et_pb_testimonial_inner\"><div class=\"et_pb_testimonial_description\"><div class=\"et_pb_testimonial_description_inner\"><div class=\"et_pb_testimonial_content\"><p><em>\"Tolle Erfahrung! Sehr komfortabel, sauber und einfach zu fahren. W\u00fcrde es meinen Freunden empfehlen!\"<\/em><\/p>\n<\/div><\/div><div class=\"et_pb_testimonial_meta\"><\/div><\/div><\/div><\/div><\/div><div class=\"et_pb_column_18 et_pb_column et_pb_column_1_3 et-last-child et_block_column et_pb_css_mix_blend_mode_passthrough\"><div class=\"et_pb_testimonial_2 et_pb_testimonial et_pb_testimonial_no_image et_pb_bg_layout_light et_animated et_pb_module et_block_module\"><div class=\"et_pb_testimonial_inner\"><div class=\"et_pb_testimonial_description\"><div class=\"et_pb_testimonial_description_inner\"><div class=\"et_pb_testimonial_content\"><p><em>\"Danke f\u00fcr die tolle Reise! Ich schreibe, um Sie sehr zu empfehlen, ich mietete den 4x4 Camper im Mai. Das Fahrzeug, das ich gemietet habe, war gro\u00dfartig, der Camper war super... Es war so ein angenehmes Auto zu fahren! Es war ein Vergn\u00fcgen, durch Island zu fahren, und ich f\u00fchlte mich gut, weil ich wusste, dass ich ein gut gewartetes und sicheres Auto bekam.<\/em><\/p>\n<\/div><\/div><div class=\"et_pb_testimonial_meta\"><\/div><\/div><\/div><\/div><\/div><\/div><\/div><span class=\"et_bloom_bottom_trigger\"><\/span>","protected":false},"excerpt":{"rendered":"","protected":false},"author":1,"featured_media":0,"parent":27042,"menu_order":0,"comment_status":"closed","ping_status":"closed","template":"","meta":{"_acf_changed":false,"footnotes":""},"class_list":["post-57984","page","type-page","status-publish","hentry"],"acf":[],"jetpack_sharing_enabled":true,"_links":{"self":[{"href":"https:\/\/www.camper.is\/de\/wp-json\/wp\/v2\/pages\/57984","targetHints":{"allow":["GET"]}}],"collection":[{"href":"https:\/\/www.camper.is\/de\/wp-json\/wp\/v2\/pages"}],"about":[{"href":"https:\/\/www.camper.is\/de\/wp-json\/wp\/v2\/types\/page"}],"author":[{"embeddable":true,"href":"https:\/\/www.camper.is\/de\/wp-json\/wp\/v2\/users\/1"}],"replies":[{"embeddable":true,"href":"https:\/\/www.camper.is\/de\/wp-json\/wp\/v2\/comments?post=57984"}],"version-history":[{"count":0,"href":"https:\/\/www.camper.is\/de\/wp-json\/wp\/v2\/pages\/57984\/revisions"}],"up":[{"embeddable":true,"href":"https:\/\/www.camper.is\/de\/wp-json\/wp\/v2\/pages\/27042"}],"wp:attachment":[{"href":"https:\/\/www.camper.is\/de\/wp-json\/wp\/v2\/media?parent=57984"}],"curies":[{"name":"wp","href":"https:\/\/api.w.org\/{rel}","templated":true}]}}