{"id":49977,"date":"2022-04-20T11:53:45","date_gmt":"2022-04-20T11:53:45","guid":{"rendered":"https:\/\/www.camper.is\/haftungsausschluss\/"},"modified":"2025-02-07T09:18:22","modified_gmt":"2025-02-07T09:18:22","slug":"haftungsausschluss","status":"publish","type":"page","link":"https:\/\/www.camper.is\/de\/vegvisir-der-wegfinder-fuer-island\/haftungsausschluss\/","title":{"rendered":"Haftungsausschluss"},"content":{"rendered":"<h1>Haftungsausschluss<\/h1>\n<h2>Website-Haftungsausschluss<\/h2>\n<p>Das auf der Camper Iceland Website enthaltene Material dient ausschlie\u00dflich Informationszwecken. Sie enth\u00e4lt keine Rechtsberatung oder Empfehlungen und kann nicht durch individuelle Beratung ersetzt werden. Die \u00dcbermittlung von Informationen von dieser Website oder der Zugriff auf oder der Erhalt von Informationen davon gilt nicht als Beratungsdienst und begr\u00fcndet keine Kundenbeziehung. Bei der Zusammenstellung dieser Website wurde der gr\u00f6\u00dftm\u00f6glichen Sorgfaltspflicht nachgegangen und der Inhalt wird vor dem Hochladen sorgf\u00e4ltig recherchiert. Wir \u00fcbernehmen jedoch keine Haftung f\u00fcr die Richtigkeit, Vollst\u00e4ndigkeit, Genauigkeit und W\u00e4hrung der auf der Website bereitgestellten Informationen. Wir \u00fcbernehmen auch keine Haftung f\u00fcr den Inhalt externer Websites, auf die direkt oder indirekt von dieser Website \u00fcber Hyperlinks verwiesen wird.<\/p>\n<h2>E-Mail-Haftungsausschluss<\/h2>\n<p>Diese E-Mail richtet sich nur an die Person, an die sie adressiert ist, und\/oder anderweitig autorisiertes Personal. Die hierin enthaltenen und beigef\u00fcgten Informationen sind vertraulich und Eigentum von Camper Iceland. Wenn Sie nicht der beabsichtigte Empf\u00e4nger sind, beachten Sie bitte, dass das Anzeigen dieser Nachricht und aller Anh\u00e4nge sowie das Kopieren, Weiterleiten, Drucken und Verbreiten von Informationen im Zusammenhang mit dieser E-Mail verboten ist und dass Sie keine Ma\u00dfnahmen auf der Grundlage des Inhalts dieser E-Mail und\/oder ihrer Anh\u00e4nge ergreifen sollten. Wenn Sie diese Nachricht irrt\u00fcmlich erhalten haben, wenden Sie sich bitte an den Absender und zerst\u00f6ren Sie alle Kopien dieser E-Mail und eines Anhangs. Bitte beachten Sie, dass die hier in diesem Sinne ge\u00e4u\u00dferten Ansichten und Meinungen ausschlie\u00dflich denen des Autors entsprechen und nicht unbedingt die Ansichten des Unternehmens widerspiegeln. W\u00e4hrend Antiviren-Schutztools verwendet wurden, sollten Sie diese E-Mail und Anh\u00e4nge auf das Vorhandensein von Viren \u00fcberpr\u00fcfen. Es werden keine Garantien oder Zusicherungen in Bezug auf die Sicherheit und den Inhalt dieser E-Mail und Anh\u00e4nge gegeben. Camper Iceland \u00fcbernimmt keine Haftung f\u00fcr Sch\u00e4den, die durch Viren verursacht werden, die durch diese E-Mail und Anh\u00e4nge \u00fcbertragen werden oder in diesen enthalten sind. F\u00fcr Konsequenzen, die sich aus dieser E-Mail ergeben, wird keine Haftung \u00fcbernommen.<\/p>\n<p>Gem\u00e4\u00df der Datenschutz-Grundverordnung (DSGVO) 90\/2018 sind wir gesetzlich verpflichtet, alle Informationen, die wir von Ihnen erheben, zu sch\u00fctzen. Die in dieser E-Mail und allen Anh\u00e4ngen enthaltenen Informationen k\u00f6nnen privilegiert oder vertraulich sein und ausschlie\u00dflich f\u00fcr den urspr\u00fcnglichen Empf\u00e4nger bestimmt sein. Sollten Sie diese E-Mail irrt\u00fcmlicherweise erhalten haben, benachrichtigen Sie bitte unverz\u00fcglich den Absender und l\u00f6schen Sie die E-Mail gem\u00e4\u00df Artikel 57 der Verordnung 107\/1999 zur Kommunikation<\/p>\n<p>Vegna pers\u00f3nuverndarl\u00f6ggjafar nr. 90\/2018 h\u00f6fum vi\u00f0 lagalega skyldu til \u00feess a\u00f0 vernda allar \u00fe\u00e6r uppl\u00fdsingar sem vi\u00f0 f\u00e1um fr\u00e1 \u00fe\u00e9r. Uppl\u00fdsingarnar \u00ed \u00feessum t\u00f6lvup\u00f3st sem og \u00f6ll vi\u00f0hengi hans g\u00e6tu veri\u00f0 tr\u00fana\u00f0arm\u00e1l og er a\u00f0eins fyrir \u00e6tla\u00f0an vi\u00f0takanda. Hafir \u00fe\u00fa fengi\u00f0 \u00feennan t\u00f6lvup\u00f3st fyrir mist\u00f6k, vinsamlegast l\u00e1ttu okkur vita strax og eyddu t\u00f6lvup\u00f3stinum \u00e1samt \u00f6llum vi\u00f0hengjum eins og \u00fe\u00e9r er skylt a\u00f0 gera samkv\u00e6mt 57. grein laga nr 107\/1999 um fjarskipti.<\/p>\n<h2>Urheberrecht<\/h2>\n<p>Der Inhalt dieser Website ist urheberrechtlich gesch\u00fctzt. Die Vervielf\u00e4ltigung oder sonstige Verbreitung der auf dieser Website bereitgestellten Texte und Bilder bedarf der schriftlichen Zustimmung.<\/p>\n","protected":false},"excerpt":{"rendered":"<p>Haftungsausschluss Website-Haftungsausschluss Das auf der Camper Iceland Website enthaltene Material dient ausschlie\u00dflich Informationszwecken. Sie enth\u00e4lt keine Rechtsberatung oder Empfehlungen und kann nicht durch individuelle Beratung ersetzt werden. Die \u00dcbermittlung von Informationen von dieser Website oder der Zugriff auf oder der Erhalt von Informationen davon gilt nicht als Beratungsdienst und begr\u00fcndet keine Kundenbeziehung. Bei der Zusammenstellung [&hellip;]<\/p>\n","protected":false},"author":1,"featured_media":0,"parent":41887,"menu_order":0,"comment_status":"closed","ping_status":"closed","template":"","meta":{"_acf_changed":false,"jetpack_post_was_ever_published":false,"footnotes":""},"class_list":["post-49977","page","type-page","status-publish","hentry"],"acf":[],"jetpack_sharing_enabled":true,"_links":{"self":[{"href":"https:\/\/www.camper.is\/de\/wp-json\/wp\/v2\/pages\/49977","targetHints":{"allow":["GET"]}}],"collection":[{"href":"https:\/\/www.camper.is\/de\/wp-json\/wp\/v2\/pages"}],"about":[{"href":"https:\/\/www.camper.is\/de\/wp-json\/wp\/v2\/types\/page"}],"author":[{"embeddable":true,"href":"https:\/\/www.camper.is\/de\/wp-json\/wp\/v2\/users\/1"}],"replies":[{"embeddable":true,"href":"https:\/\/www.camper.is\/de\/wp-json\/wp\/v2\/comments?post=49977"}],"version-history":[{"count":0,"href":"https:\/\/www.camper.is\/de\/wp-json\/wp\/v2\/pages\/49977\/revisions"}],"up":[{"embeddable":true,"href":"https:\/\/www.camper.is\/de\/wp-json\/wp\/v2\/pages\/41887"}],"wp:attachment":[{"href":"https:\/\/www.camper.is\/de\/wp-json\/wp\/v2\/media?parent=49977"}],"curies":[{"name":"wp","href":"https:\/\/api.w.org\/{rel}","templated":true}]}}