{"id":49930,"date":"2022-04-20T11:53:42","date_gmt":"2022-04-20T11:53:42","guid":{"rendered":"https:\/\/www.camper.is\/cookie-richtlinie-eu\/"},"modified":"2025-02-07T09:14:47","modified_gmt":"2025-02-07T09:14:47","slug":"cookie-richtlinie-eu","status":"publish","type":"page","link":"https:\/\/www.camper.is\/de\/vegvisir-der-wegfinder-fuer-island\/cookie-richtlinie-eu\/","title":{"rendered":"Cookie-Richtlinie (EU)"},"content":{"rendered":"","protected":false},"excerpt":{"rendered":"","protected":false},"author":1,"featured_media":0,"parent":41887,"menu_order":0,"comment_status":"closed","ping_status":"closed","template":"","meta":{"_acf_changed":false,"jetpack_post_was_ever_published":false,"footnotes":""},"class_list":["post-49930","page","type-page","status-publish","hentry"],"acf":[],"jetpack_sharing_enabled":true,"jetpack_shortlink":"https:\/\/wp.me\/P569lP-cZk","jetpack-related-posts":[{"id":47658,"url":"https:\/\/www.camper.is\/vegvisir-wayfinder-for-travellers\/cookie-policy-eu\/","url_meta":{"origin":49930,"position":0},"title":"Cookie Policy (EU)","author":"admin","date":"7. Juni 2021","format":false,"excerpt":"","rel":"","context":"\u00c4hnlicher Beitrag","block_context":{"text":"\u00c4hnlicher Beitrag","link":""},"img":{"alt_text":"","src":"","width":0,"height":0},"classes":[]},{"id":49941,"url":"https:\/\/www.camper.is\/es\/vegvisir-wayfinder-para-viajeros\/politica-de-cookies-ue\/","url_meta":{"origin":49930,"position":1},"title":"Pol\u00edtica de cookies (UE)","author":"admin","date":"20. April 2022","format":false,"excerpt":"","rel":"","context":"\u00c4hnlicher Beitrag","block_context":{"text":"\u00c4hnlicher Beitrag","link":""},"img":{"alt_text":"","src":"","width":0,"height":0},"classes":[]},{"id":49844,"url":"https:\/\/www.camper.is\/nl\/vegvisir-wayfinder-voor-reizigers\/cookiebeleid-eu\/","url_meta":{"origin":49930,"position":2},"title":"Cookiebeleid (EU)","author":"admin","date":"20. April 2022","format":false,"excerpt":"","rel":"","context":"\u00c4hnlicher Beitrag","block_context":{"text":"\u00c4hnlicher Beitrag","link":""},"img":{"alt_text":"","src":"","width":0,"height":0},"classes":[]},{"id":49954,"url":"https:\/\/www.camper.is\/fr\/vegv-sir-wayfinder-pour-les-voyageurs\/politique-relative-aux-cookies-ue\/","url_meta":{"origin":49930,"position":3},"title":"Politique relative aux cookies (UE)","author":"admin","date":"20. April 2022","format":false,"excerpt":"","rel":"","context":"\u00c4hnlicher Beitrag","block_context":{"text":"\u00c4hnlicher Beitrag","link":""},"img":{"alt_text":"","src":"","width":0,"height":0},"classes":[]},{"id":49857,"url":"https:\/\/www.camper.is\/zh-hans\/vegvasir-%e6%97%85%e8%a1%8c%e8%80%85%e7%9a%84%e5%af%bb%e9%81%93%e8%80%85\/cookie-%e6%94%bf%e7%ad%96%ef%bc%88%e6%ac%a7%e7%9b%9f%ef%bc%89\/","url_meta":{"origin":49930,"position":4},"title":"Cookie \u653f\u7b56\uff08\u6b27\u76df\uff09","author":"admin","date":"20. April 2022","format":false,"excerpt":"","rel":"","context":"\u00c4hnlicher Beitrag","block_context":{"text":"\u00c4hnlicher Beitrag","link":""},"img":{"alt_text":"","src":"","width":0,"height":0},"classes":[]},{"id":26176,"url":"https:\/\/www.camper.is\/camper-iceland-overview\/motor-home-6-freyja-heritage\/","url_meta":{"origin":49930,"position":5},"title":"MH6 Freyja Heritage","author":"admin","date":"2. November 2025","format":false,"excerpt":"Rent the MH6 Freyja (2017 McLouis MC4 22): a 5-berth, government-inspected motorhome. Get the lowest price for an honest adventure in Iceland. Safety assured; minor amenity issues are excluded from roadside cover for maximum discount.","rel":"","context":"\u00c4hnlicher Beitrag","block_context":{"text":"\u00c4hnlicher Beitrag","link":""},"img":{"alt_text":"","src":"https:\/\/i0.wp.com\/www.camper.is\/wp-content\/uploads\/2019\/08\/MOTOR_HOME_5.jpg?fit=800%2C800&quality=80&ssl=1&resize=350%2C200","width":350,"height":200,"srcset":"https:\/\/i0.wp.com\/www.camper.is\/wp-content\/uploads\/2019\/08\/MOTOR_HOME_5.jpg?fit=800%2C800&quality=80&ssl=1&resize=350%2C200 1x, https:\/\/i0.wp.com\/www.camper.is\/wp-content\/uploads\/2019\/08\/MOTOR_HOME_5.jpg?fit=800%2C800&quality=80&ssl=1&resize=525%2C300 1.5x, https:\/\/i0.wp.com\/www.camper.is\/wp-content\/uploads\/2019\/08\/MOTOR_HOME_5.jpg?fit=800%2C800&quality=80&ssl=1&resize=700%2C400 2x"},"classes":[]}],"_links":{"self":[{"href":"https:\/\/www.camper.is\/de\/wp-json\/wp\/v2\/pages\/49930","targetHints":{"allow":["GET"]}}],"collection":[{"href":"https:\/\/www.camper.is\/de\/wp-json\/wp\/v2\/pages"}],"about":[{"href":"https:\/\/www.camper.is\/de\/wp-json\/wp\/v2\/types\/page"}],"author":[{"embeddable":true,"href":"https:\/\/www.camper.is\/de\/wp-json\/wp\/v2\/users\/1"}],"replies":[{"embeddable":true,"href":"https:\/\/www.camper.is\/de\/wp-json\/wp\/v2\/comments?post=49930"}],"version-history":[{"count":1,"href":"https:\/\/www.camper.is\/de\/wp-json\/wp\/v2\/pages\/49930\/revisions"}],"predecessor-version":[{"id":70308,"href":"https:\/\/www.camper.is\/de\/wp-json\/wp\/v2\/pages\/49930\/revisions\/70308"}],"up":[{"embeddable":true,"href":"https:\/\/www.camper.is\/de\/wp-json\/wp\/v2\/pages\/41887"}],"wp:attachment":[{"href":"https:\/\/www.camper.is\/de\/wp-json\/wp\/v2\/media?parent=49930"}],"curies":[{"name":"wp","href":"https:\/\/api.w.org\/{rel}","templated":true}]}}