{"id":42123,"date":"2019-11-19T09:04:02","date_gmt":"2019-11-19T09:04:02","guid":{"rendered":"https:\/\/www.campericeland.is\/versicherungsoptionen\/"},"modified":"2026-04-07T06:29:48","modified_gmt":"2026-04-07T06:29:48","slug":"versicherungsoptionen","status":"publish","type":"page","link":"https:\/\/www.camper.is\/de\/preise\/versicherungsoptionen\/","title":{"rendered":"Versicherungsoptionen"},"content":{"rendered":"\n<div class=\"et_pb_section_0 et_pb_section et_section_regular et_block_section\"><div class=\"et_pb_row_0 et_pb_row et_block_row\"><div class=\"et_pb_column_0 et_pb_column et_pb_column_4_4 et-last-child et_block_column et_pb_css_mix_blend_mode_passthrough\"><div class=\"et_pb_text_0 et_pb_text et_pb_bg_layout_light et_pb_module et_block_module et_pb_text_align_center\"><div class=\"et_pb_text_inner\"><section class=\"fw-main-row \">\n<div class=\"fw-container\">\n<div class=\"fw-row\">\n<div class=\"fw-col-xs-12\">\n<div class=\"fw-heading fw-heading-h1 \" style=\"text-align: justify;\"><\/div>\n<\/div>\n<\/div>\n<div class=\"fw-row\">\n<div class=\"fw-col-xs-12\">\n<div class=\"fw-heading fw-heading-h2 \">\n<h1 class=\"fw-special-title\" style=\"text-align: justify;\"><\/h1>\n<h1 class=\"fw-special-title\" style=\"text-align: justify;\">CDW-Optionen  <\/h1>\n<p>&nbsp;<\/p>\n<h1 class=\"fw-special-title\" style=\"text-align: justify;\">Schutz vor Sand, Asche und Kies<\/h1>\n<p>&nbsp;<\/p>\n<p>&nbsp;<\/p>\n<p>&nbsp;<\/p>\n<div class=\"fw-special-subtitle\" style=\"text-align: justify;\"><\/div>\n<div class=\"fw-special-subtitle\" style=\"text-align: justify;\">W\u00e4hrend der Online-Buchung werden Sie aufgefordert, eine Versicherungsoption auszuw\u00e4hlen.<\/div>\n<div class=\"fw-special-subtitle\" style=\"text-align: justify;\"><\/div>\n<div class=\"fw-special-subtitle\" style=\"text-align: justify;\">Je nach der von Ihnen gew\u00e4hlten CDW-Option gilt f\u00fcr jeden Unfall und\/oder Schaden eine Selbstbeteiligung (Eigenrisiko).<\/div>\n<div class=\"fw-special-subtitle\" style=\"text-align: justify;\"><\/div>\n<div class=\"fw-special-subtitle\" style=\"text-align: justify;\"><\/div>\n<div class=\"fw-special-subtitle\" style=\"text-align: justify;\"><\/div>\n<div class=\"fw-special-subtitle\" style=\"text-align: justify;\"><\/div>\n<div class=\"fw-special-subtitle\" style=\"text-align: justify;\"><\/div>\n<div class=\"fw-special-subtitle\" style=\"text-align: justify;\"><\/div>\n<div class=\"fw-special-subtitle\" style=\"text-align: justify;\"><\/div>\n<div class=\"fw-special-subtitle\" style=\"text-align: justify;\"><\/div>\n<div class=\"fw-special-subtitle\" style=\"text-align: justify;\"><\/div>\n<div class=\"fw-special-subtitle\" style=\"text-align: justify;\"><\/div>\n<div class=\"fw-special-subtitle\" style=\"text-align: justify;\"><\/div>\n<div class=\"fw-special-subtitle\" style=\"text-align: justify;\"><\/div>\n<div class=\"fw-special-subtitle\" style=\"text-align: justify;\"><\/div>\n<div class=\"fw-special-subtitle\" style=\"text-align: justify;\"><\/div>\n<div class=\"fw-special-subtitle\" style=\"text-align: justify;\">Die <strong>Sand and Ash Protection (SAAP<\/strong> ) ist eine Art Versicherungsschutz, der Mietwagen vor m\u00f6glichen Sch\u00e4den durch Vulkanasche und -sand in Island sch\u00fctzen soll. In einigen Gebieten Islands gibt es noch lose Asche und feinen Sand vom Ausbruch des Eyjafjallaj\u00f6kull, die umherwehen und Fahrzeuge besch\u00e4digen k\u00f6nnen. Der SAAP ist eine spezielle Verzichtserkl\u00e4rung, die f\u00fcr diese Art von Sch\u00e4den geschaffen wurde, da isl\u00e4ndische Versicherungsgesellschaften diese nicht in ihre Kaskoversicherung aufnehmen. Diese Versicherung ist fakultativ, wird aber dringend empfohlen, wenn Sie vorhaben, in Island Auto zu fahren.<\/div>\n<div class=\"fw-special-subtitle\" style=\"text-align: justify;\"><\/div>\n<div class=\"fw-special-subtitle\" style=\"text-align: justify;\"><\/div>\n<div class=\"fw-special-subtitle\" style=\"text-align: justify;\">Der <strong>Schotterschutz (GP)<\/strong> ist ein optionaler Versicherungsschutz, insbesondere in Island, wo Schotterstra\u00dfen \u00fcblich sind. GP deckt Sch\u00e4den, die durch Schotterstra\u00dfen an der Karosserie des Mietwagens, einschlie\u00dflich der Scheinwerfer und der Frontscheibe, verursacht werden. Diese Versicherung ist sehr empfehlenswert, wenn Ihre Reiseroute Schotterstra\u00dfen umfasst, insbesondere abseits der Hauptroute 1 oder der Ringstra\u00dfe. Der Schotterschutz ist eine der wichtigsten optionalen Versicherungen, die man in Island in Betracht ziehen sollte. Der GP wurde entwickelt, um Fahrer und Beifahrer vor Sch\u00e4den zu sch\u00fctzen, die durch Schotterstra\u00dfen verursacht werden.<\/div>\n<\/div>\n<\/div>\n<\/div>\n<\/div>\n<\/section>\n<p><!-- cef512d20daccf60b455beb33d854455 --><\/p>\n<\/div><\/div><\/div><\/div><div class=\"et_pb_row_1 et_pb_row et_block_row\"><div class=\"et_pb_column_1 et_pb_column et_pb_column_4_4 et-last-child et_block_column et_pb_css_mix_blend_mode_passthrough\"><div class=\"et_pb_image_0 et_pb_image et_pb_module et_block_module\"><a href=\"https:\/\/i0.wp.com\/www.camper.is\/wp-content\/uploads\/2025\/08\/CDW-Sand-and-Ash-and-Gravel-2026-pdf.jpg?quality=80&#038;ssl=1\" class=\"et_pb_lightbox_image\"><span class=\"et_pb_image_wrap\"><img data-recalc-dims=\"1\" decoding=\"async\" src=\"https:\/\/i0.wp.com\/www.camper.is\/wp-content\/uploads\/2025\/08\/CDW-Sand-and-Ash-and-Gravel-2026-pdf.jpg?w=1080&#038;quality=80&#038;ssl=1\" title=\"CDW Sand und Asche und Kies 2026\" alt=\"\"><\/span><\/a><\/div><\/div><\/div><div class=\"et_pb_row_2 et_pb_row et_block_row\"><div class=\"et_pb_column_2 et_pb_column et_pb_column_4_4 et-last-child et_block_column et_pb_css_mix_blend_mode_passthrough\"><div class=\"et_pb_text_1 et_pb_text et_pb_bg_layout_light et_pb_module et_block_module\"><\/div><\/div><\/div><\/div>\n","protected":false},"excerpt":{"rendered":"","protected":false},"author":1,"featured_media":0,"parent":42118,"menu_order":0,"comment_status":"closed","ping_status":"closed","template":"","meta":{"_acf_changed":false,"jetpack_post_was_ever_published":false,"footnotes":""},"class_list":["post-42123","page","type-page","status-publish","hentry"],"acf":[],"jetpack_sharing_enabled":true,"jetpack_shortlink":"https:\/\/wp.me\/P569lP-aXp","jetpack-related-posts":[],"_links":{"self":[{"href":"https:\/\/www.camper.is\/de\/wp-json\/wp\/v2\/pages\/42123","targetHints":{"allow":["GET"]}}],"collection":[{"href":"https:\/\/www.camper.is\/de\/wp-json\/wp\/v2\/pages"}],"about":[{"href":"https:\/\/www.camper.is\/de\/wp-json\/wp\/v2\/types\/page"}],"author":[{"embeddable":true,"href":"https:\/\/www.camper.is\/de\/wp-json\/wp\/v2\/users\/1"}],"replies":[{"embeddable":true,"href":"https:\/\/www.camper.is\/de\/wp-json\/wp\/v2\/comments?post=42123"}],"version-history":[{"count":49,"href":"https:\/\/www.camper.is\/de\/wp-json\/wp\/v2\/pages\/42123\/revisions"}],"predecessor-version":[{"id":75868,"href":"https:\/\/www.camper.is\/de\/wp-json\/wp\/v2\/pages\/42123\/revisions\/75868"}],"up":[{"embeddable":true,"href":"https:\/\/www.camper.is\/de\/wp-json\/wp\/v2\/pages\/42118"}],"wp:attachment":[{"href":"https:\/\/www.camper.is\/de\/wp-json\/wp\/v2\/media?parent=42123"}],"curies":[{"name":"wp","href":"https:\/\/api.w.org\/{rel}","templated":true}]}}