{"id":42121,"date":"2019-11-19T09:03:56","date_gmt":"2019-11-19T09:03:56","guid":{"rendered":"https:\/\/www.campericeland.is\/extras\/"},"modified":"2026-04-07T06:29:45","modified_gmt":"2026-04-07T06:29:45","slug":"extras","status":"publish","type":"page","link":"https:\/\/www.camper.is\/de\/preise\/extras\/","title":{"rendered":"Extras"},"content":{"rendered":"\n<div class=\"et_pb_section_0 et_pb_section et_section_regular et_block_section\"><div class=\"et_pb_row_0 et_pb_row et_block_row\"><div class=\"et_pb_column_0 et_pb_column et_pb_column_1_2 et_block_column et_pb_css_mix_blend_mode_passthrough\"><div class=\"et_pb_text_0 et_pb_text et_pb_bg_layout_light et_pb_module et_block_module\"><div class=\"et_pb_text_inner\"><h2><\/h2>\n<h2>Camper Island \"Inklusive &amp; Extras\"<\/h2>\n<p>&nbsp;<\/p>\n<p><strong>Was ist in Ihrer t\u00e4glichen Mietgeb\u00fchr enthalten (Preis pro Tag, nicht pro 24 Stunden):<\/strong><\/p>\n<p>-VAT<\/p>\n<p>-200 km pro Tag (optional: unbegrenzte km verf\u00fcgbar)<\/p>\n<p>-CDW Basisversicherung (zus\u00e4tzliche CDW-Optionen als Extras erh\u00e4ltlich)<\/p>\n<p><strong>-Inklusiv-Paket<\/strong>: Shuttle-Service zum\/vom internationalen Flughafen Keflav\u00edk &amp; pers\u00f6nliche Einweisung bei der Abholung &amp; Betreuung w\u00e4hrend Ihrer Reise<\/p>\n<p>&nbsp;<\/p>\n<p>Shuttle-Service: Nachdem Sie am internationalen Flughafen Keflav\u00edk (KEF) angekommen sind und Ihr Gep\u00e4ck abgeholt haben, rufen Sie bitte die folgende Telefonnummer an:<\/p>\n<p>+354 553 6000.<\/p>\n<p>Sobald Sie sich mit uns in Verbindung setzen, wird unser Team einen Treffpunkt mit Ihnen vereinbaren. Von dort aus holt Sie unser Shuttle-Service ab und bringt Sie direkt zu Camper Island. <\/p>\n<p>&nbsp;<\/p>\n<p>&nbsp;<\/p>\n<p>&nbsp;<\/p>\n<p><strong>Fahrzeugausstattung (obligatorisch - geb\u00fchrenpflichtig)<\/strong><\/p>\n<p><strong>Kernpaket:<\/strong> Gasflasche, Toilettenchemikalien, Toilettenpapier und 220V Kabel<\/p>\n<p><strong>Camping Kit:<\/strong> komplettes K\u00fcchenset (Geschirr, Besteck, T\u00f6pfe, Pfannen, Sch\u00fcsseln, etc.) und Bettw\u00e4sche, Decke, Kissen und Handt\u00fccher f\u00fcr jeden Passagier<\/p>\n<p>&nbsp;<\/p>\n<p>&nbsp;<\/p>\n<p><strong>Die Extras, die wir zusammengestellt haben, sind sehr beliebt, insbesondere die Campingst\u00fchle, Tische und mehr. Wir empfehlen Ihnen, die Extras im Voraus zu buchen. <\/strong><\/p>\n<p><strong>Bitte pr\u00fcfen Sie die Liste f\u00fcr zus\u00e4tzliche Artikel unten:  <\/strong><\/p>\n<\/div><\/div><\/div><div class=\"et_pb_column_1 et_pb_column et_pb_column_1_2 et-last-child et_block_column et_pb_css_mix_blend_mode_passthrough\"><div class=\"et_pb_image_0 et_pb_image et_pb_module et_block_module\"><a href=\"https:\/\/i0.wp.com\/www.camper.is\/wp-content\/uploads\/2025\/05\/1000062028.jpeg?quality=80&#038;ssl=1\" class=\"et_pb_lightbox_image\"><span class=\"et_pb_image_wrap\"><img data-recalc-dims=\"1\" loading=\"lazy\" decoding=\"async\" src=\"https:\/\/i0.wp.com\/www.camper.is\/wp-content\/uploads\/2025\/05\/1000062028.jpeg?resize=462%2C640&#038;quality=80&#038;ssl=1\" width=\"462\" height=\"640\" srcset=\"https:\/\/i0.wp.com\/www.camper.is\/wp-content\/uploads\/2025\/05\/1000062028.jpeg?w=462&amp;quality=80&amp;ssl=1 462w, https:\/\/i0.wp.com\/www.camper.is\/wp-content\/uploads\/2025\/05\/1000062028.jpeg?resize=217%2C300&amp;quality=80&amp;ssl=1 217w\" sizes=\"(max-width: 462px) 100vw, 462px\" class=\"wp-image-71454\" title=\"1000062028\" alt=\"\"><\/span><\/a><\/div><div class=\"et_pb_video_0 et_pb_video et_pb_module et_block_module\"><div class=\"et_pb_video_box\"><iframe loading=\"lazy\" title=\"Camper Iceland - our Camping Kit\" width=\"563\" height=\"1000\" src=\"https:\/\/www.youtube.com\/embed\/HZyZ2aqqxj0?feature=oembed\"  allow=\"accelerometer; autoplay; clipboard-write; encrypted-media; gyroscope; picture-in-picture; web-share\" referrerpolicy=\"strict-origin-when-cross-origin\" allowfullscreen><\/iframe><\/div><\/div><\/div><\/div><div class=\"et_pb_row_1 et_pb_row et_block_row\"><div class=\"et_pb_column_2 et_pb_column et_pb_column_4_4 et-last-child et_block_column et_pb_css_mix_blend_mode_passthrough\"><div class=\"et_pb_image_1 et_pb_image et_pb_module et_block_module\"><a href=\"https:\/\/i0.wp.com\/www.camper.is\/wp-content\/uploads\/2025\/08\/Rates_Extras_2026-1.jpeg?quality=80&#038;ssl=1\" class=\"et_pb_lightbox_image\"><span class=\"et_pb_image_wrap\"><img data-recalc-dims=\"1\" loading=\"lazy\" decoding=\"async\" src=\"https:\/\/i0.wp.com\/www.camper.is\/wp-content\/uploads\/2025\/08\/Rates_Extras_2026-1.jpeg?resize=906%2C1280&#038;quality=80&#038;ssl=1\" width=\"906\" height=\"1280\" srcset=\"https:\/\/www.camper.is\/wp-content\/uploads\/2025\/08\/Rates_Extras_2026-1.jpeg 906w, https:\/\/www.camper.is\/wp-content\/uploads\/2025\/08\/Rates_Extras_2026-1-480x678.jpeg 480w\" sizes=\"(min-width: 0px) and (max-width: 480px) 480px, (min-width: 481px) 906px, 100vw\" class=\"wp-image-72824\" title=\"Preise_Extras_2026 - 1\" alt=\"\"><\/span><\/a><\/div><\/div><\/div><\/div><div class=\"et_pb_section_1 et_pb_section et_section_regular et_block_section\"><div class=\"et_pb_row_2 et_pb_row et_pb_equal_columns et_block_row et_animated\"><div class=\"et_pb_column_3 et_pb_column et_pb_column_1_3 et_block_column et_pb_css_mix_blend_mode_passthrough\"><div class=\"et_pb_text_1 et_pb_text et_pb_bg_layout_light et_animated et_pb_module et_block_module et_pb_text_align_center\"><div class=\"et_pb_text_inner\"><h2 style=\"text-align: center;\"><strong>Gasflasche<\/strong><\/h2>\n<p style=\"text-align: center;\"><img data-recalc-dims=\"1\" loading=\"lazy\" decoding=\"async\" class=\"wp-image-2492 aligncenter\" src=\"https:\/\/i0.wp.com\/www.campericeland.is\/wp-content\/uploads\/2016\/08\/extras_web_gazbottle-300x300.png?resize=150%2C150&#038;quality=72&#038;ssl=1\" alt=\"\" width=\"150\" height=\"150\" title=\"\" srcset=\"https:\/\/i0.wp.com\/www.camper.is\/wp-content\/uploads\/2016\/08\/extras_web_gazbottle.png?resize=300%2C300&amp;quality=72&amp;ssl=1 300w, https:\/\/i0.wp.com\/www.camper.is\/wp-content\/uploads\/2016\/08\/extras_web_gazbottle.png?resize=150%2C150&amp;quality=72&amp;ssl=1 150w, https:\/\/i0.wp.com\/www.camper.is\/wp-content\/uploads\/2016\/08\/extras_web_gazbottle.png?w=366&amp;quality=72&amp;ssl=1 366w\" sizes=\"(max-width: 150px) 100vw, 150px\" \/><br \/>Die Gasflasche ist ein optionales Merkmal in unseren 4x4 Camper 4 und Wohnmobilen.  <\/p>\n<p style=\"text-align: center;\">Wir haben die Gasflasche f\u00fcr alle unsere Fahrzeuge gew\u00e4hlt, weil sie die g\u00e4ngigste Gasflasche (LP) in Island ist.<\/p>\n<\/div><\/div><div class=\"et_pb_text_2 et_pb_text et_pb_bg_layout_light et_animated et_pb_module et_block_module et_pb_text_align_center\"><div class=\"et_pb_text_inner\"><h2><strong>Camping-Kit<\/strong><\/h2>\n<p>  <img data-recalc-dims=\"1\" loading=\"lazy\" decoding=\"async\" src=\"https:\/\/i0.wp.com\/www.camper.is\/wp-content\/uploads\/2025\/05\/1000062028.jpeg?resize=217%2C300&#038;quality=80&#038;ssl=1\" width=\"217\" height=\"300\" alt=\"\" class=\"wp-image-71454 alignnone size-medium\" title=\"\" srcset=\"https:\/\/i0.wp.com\/www.camper.is\/wp-content\/uploads\/2025\/05\/1000062028.jpeg?resize=217%2C300&amp;quality=80&amp;ssl=1 217w, https:\/\/i0.wp.com\/www.camper.is\/wp-content\/uploads\/2025\/05\/1000062028.jpeg?w=462&amp;quality=80&amp;ssl=1 462w\" sizes=\"(max-width: 217px) 100vw, 217px\" \/>                   <img data-recalc-dims=\"1\" loading=\"lazy\" decoding=\"async\" src=\"https:\/\/i0.wp.com\/www.camper.is\/wp-content\/uploads\/2025\/05\/1000062056.jpeg?resize=300%2C169&#038;quality=80&#038;ssl=1\" width=\"300\" height=\"169\" alt=\"\" class=\"wp-image-71462 alignnone size-medium\" title=\"\"><\/p>\n<p>Das Camping-Set ist obligatorisch und versorgt jeden Passagier mit allem, was man zum Schlafen braucht (Bettw\u00e4sche, Kissen, Decken und Handt\u00fccher f\u00fcr jeden Passagier) sowie ein K\u00fcchenset (Geschirr, Besteck, Tassen, Pfannen, T\u00f6pfe, Sch\u00fcsseln usw.).<\/p>\n<\/div><\/div><div class=\"et_pb_text_3 et_pb_text et_pb_bg_layout_light et_animated et_pb_module et_block_module et_pb_text_align_center\"><div class=\"et_pb_text_inner\"><h2 style=\"text-align: center;\"><strong>Kinder-Booster-Sitz<\/strong><\/h2>\n<p style=\"text-align: center;\"><img data-recalc-dims=\"1\" loading=\"lazy\" decoding=\"async\" class=\"alignnone size-thumbnail wp-image-2481\" src=\"https:\/\/i0.wp.com\/www.campericeland.is\/wp-content\/uploads\/2016\/08\/extras_web_childseat-150x150.png?resize=150%2C150&#038;quality=72&#038;ssl=1\" alt=\"\" width=\"150\" height=\"150\" title=\"\" srcset=\"https:\/\/i0.wp.com\/www.camper.is\/wp-content\/uploads\/2016\/08\/extras_web_childseat.png?resize=150%2C150&amp;quality=72&amp;ssl=1 150w, https:\/\/i0.wp.com\/www.camper.is\/wp-content\/uploads\/2016\/08\/extras_web_childseat.png?resize=300%2C300&amp;quality=72&amp;ssl=1 300w, https:\/\/i0.wp.com\/www.camper.is\/wp-content\/uploads\/2016\/08\/extras_web_childseat.png?w=366&amp;quality=72&amp;ssl=1 366w\" sizes=\"(max-width: 150px) 100vw, 150px\" \/><br \/>Ein Kinder-Booster-Sitz \u00e4hnelt einem Kissen. Ein rechtlich und sicherheitsrelevantes Extra, um Sie in die richtige Position f\u00fcr den Sicherheitsgurt zu bringen.<\/p>\n<\/div><\/div><div class=\"et_pb_text_4 et_pb_text et_pb_bg_layout_light et_animated et_pb_module et_block_module et_pb_text_align_center\"><div class=\"et_pb_text_inner\"><h2 style=\"text-align: center;\"><strong>Endreinigung<\/strong><\/h2>\n<p style=\"text-align: center;\"><img data-recalc-dims=\"1\" loading=\"lazy\" decoding=\"async\" class=\"alignnone size-thumbnail wp-image-2482\" src=\"https:\/\/i0.wp.com\/www.campericeland.is\/wp-content\/uploads\/2016\/08\/extras_web_cleaning-end-150x150.png?resize=150%2C150&#038;quality=72&#038;ssl=1\" alt=\"\" width=\"150\" height=\"150\" title=\"\" srcset=\"https:\/\/i0.wp.com\/www.camper.is\/wp-content\/uploads\/2016\/08\/extras_web_cleaning-end.png?resize=150%2C150&amp;quality=72&amp;ssl=1 150w, https:\/\/i0.wp.com\/www.camper.is\/wp-content\/uploads\/2016\/08\/extras_web_cleaning-end.png?resize=300%2C300&amp;quality=72&amp;ssl=1 300w, https:\/\/i0.wp.com\/www.camper.is\/wp-content\/uploads\/2016\/08\/extras_web_cleaning-end.png?w=366&amp;quality=72&amp;ssl=1 366w\" sizes=\"(max-width: 150px) 100vw, 150px\" \/><br \/>Falls Ihnen die Zeit ausgeht oder Sie das Fahrzeug zur\u00fcckgeben m\u00f6chten, ohne es stundenlang reinigen zu m\u00fcssen, k\u00f6nnen wir dies f\u00fcr Sie erledigen. Das Fahrzeug muss ansonsten so sauber zur\u00fcckgegeben werden, wie Sie es erhalten haben. Bei dieser Option m\u00fcssen Sie nur Ihr Hab und Gut entfernen, die B\u00f6den ausb\u00fcrsten und die Au\u00dfenseite reinigen, damit der Abwurf m\u00f6glich ist (Wir k\u00f6nnen den Zustand von Fahrzeugen, die voller Schlamm, Staub und Sand sind, nicht \u00fcberpr\u00fcfen). Toilettenendreinigung: zus\u00e4tzlicher Aufpreis.<\/p>\n<\/div><\/div><\/div><div class=\"et_pb_column_4 et_pb_column et_pb_column_1_3 et_block_column et_pb_css_mix_blend_mode_passthrough\"><div class=\"et_pb_text_5 et_pb_text et_pb_bg_layout_light et_animated et_pb_module et_block_module et_pb_text_align_center\"><div class=\"et_pb_text_inner\"><h2 style=\"text-align: center;\"><strong>Tisch und St\u00fchle<\/strong><\/h2>\n<p style=\"text-align: center;\"><img data-recalc-dims=\"1\" loading=\"lazy\" decoding=\"async\" class=\"wp-image-2509 aligncenter\" src=\"https:\/\/i0.wp.com\/www.campericeland.is\/wp-content\/uploads\/2016\/08\/extras_web_table_chair-300x300.png?resize=150%2C150&#038;quality=72&#038;ssl=1\" alt=\"\" width=\"150\" height=\"150\" title=\"\" srcset=\"https:\/\/i0.wp.com\/www.camper.is\/wp-content\/uploads\/2016\/08\/extras_web_table_chair.png?resize=300%2C300&amp;quality=72&amp;ssl=1 300w, https:\/\/i0.wp.com\/www.camper.is\/wp-content\/uploads\/2016\/08\/extras_web_table_chair.png?resize=150%2C150&amp;quality=72&amp;ssl=1 150w, https:\/\/i0.wp.com\/www.camper.is\/wp-content\/uploads\/2016\/08\/extras_web_table_chair.png?w=366&amp;quality=72&amp;ssl=1 366w\" sizes=\"(max-width: 150px) 100vw, 150px\" \/><\/p>\n<p style=\"text-align: center;\">Dies ist das beliebteste Extra. Es gibt nichts Sch\u00f6neres, als vor dem Wohnmobil oder Camper zu sitzen und die Natur zu genie\u00dfen. Wir empfehlen diese Option dringend.<\/p>\n<\/div><\/div><div class=\"et_pb_text_6 et_pb_text et_pb_bg_layout_light et_animated et_pb_module et_block_module et_pb_text_align_center\"><div class=\"et_pb_text_inner\"><h2 style=\"text-align: center;\"><strong>Nivellierbl\u00f6cke f\u00fcr Wohnmobile <\/strong><\/h2>\n<p style=\"text-align: center;\"><a href=\"https:\/\/i0.wp.com\/www.campericeland.is\/wp-content\/uploads\/2014\/08\/Screen-Shot-2014-08-21-at-17.26.35.png?quality=72\" target=\"_blank\" rel=\"noopener\"><img data-recalc-dims=\"1\" loading=\"lazy\" decoding=\"async\" class=\"wp-image-2475 aligncenter\" src=\"https:\/\/i0.wp.com\/www.campericeland.is\/wp-content\/uploads\/2014\/08\/extras_web_wedge-300x300.png?resize=150%2C150&#038;quality=72&#038;ssl=1\" alt=\"\" width=\"150\" height=\"150\" title=\"\" srcset=\"https:\/\/i0.wp.com\/www.camper.is\/wp-content\/uploads\/2014\/08\/extras_web_wedge.png?resize=300%2C300&amp;quality=72&amp;ssl=1 300w, https:\/\/i0.wp.com\/www.camper.is\/wp-content\/uploads\/2014\/08\/extras_web_wedge.png?resize=150%2C150&amp;quality=72&amp;ssl=1 150w, https:\/\/i0.wp.com\/www.camper.is\/wp-content\/uploads\/2014\/08\/extras_web_wedge.png?w=366&amp;quality=72&amp;ssl=1 366w\" sizes=\"(max-width: 150px) 100vw, 150px\" \/><\/a><\/p>\n<p style=\"text-align: center;\">Nivellieren Ihres Fahrzeugs kann wirklich bequem sein. Zum Beispiel, wenn Ihr Par auf einem Feld und einfach nicht scheinen, um das Fahrzeug gerade stehen zu bekommen. Alles ist nicht in Ordnung, das Bett ist nicht gerade, die K\u00fcche ist nicht gerade machen das \u00d6l \u00fcber eine Seite der Pfanne laufen.<\/p>\n<\/div><\/div><div class=\"et_pb_text_7 et_pb_text et_pb_bg_layout_light et_animated et_pb_module et_block_module et_pb_text_align_center\"><div class=\"et_pb_text_inner\"><p style=\"text-align: center;\"><strong>Wechselrichter (300W)<\/strong><\/p>\n<p style=\"text-align: center;\"><img data-recalc-dims=\"1\" loading=\"lazy\" decoding=\"async\" class=\"alignnone size-thumbnail wp-image-2496\" src=\"https:\/\/i0.wp.com\/www.campericeland.is\/wp-content\/uploads\/2016\/08\/extras_web_inverter-150x150.png?resize=150%2C150&#038;quality=72&#038;ssl=1\" alt=\"\" width=\"150\" height=\"150\" title=\"\" srcset=\"https:\/\/i0.wp.com\/www.camper.is\/wp-content\/uploads\/2016\/08\/extras_web_inverter.png?resize=150%2C150&amp;quality=72&amp;ssl=1 150w, https:\/\/i0.wp.com\/www.camper.is\/wp-content\/uploads\/2016\/08\/extras_web_inverter.png?resize=300%2C300&amp;quality=72&amp;ssl=1 300w, https:\/\/i0.wp.com\/www.camper.is\/wp-content\/uploads\/2016\/08\/extras_web_inverter.png?w=366&amp;quality=72&amp;ssl=1 366w\" sizes=\"(max-width: 150px) 100vw, 150px\" \/><\/p>\n<p style=\"text-align: center;\">Der Wechselrichter \u00e4ndert 12V in 220V mit max. 300W (\u00fcberpr\u00fcfen Sie Ihre elektrischen Ger\u00e4te). Der Wechselrichter ist mehr als genug f\u00fcr Laptops, Pads, Telefone, Wohnmobile und mehr. Der Wechselrichter sollte w\u00e4hrend der Fahrt verwendet werden, da er viel Strom verbraucht.<\/p>\n<\/div><\/div><\/div><div class=\"et_pb_column_5 et_pb_column et_pb_column_1_3 et-last-child et_block_column et_pb_css_mix_blend_mode_passthrough\"><div class=\"et_pb_text_8 et_pb_text et_pb_bg_layout_light et_animated et_pb_module et_block_module et_pb_text_align_center\"><div class=\"et_pb_text_inner\"><h2 style=\"text-align: center;\"><strong>Toiletten-Chemikalienset<\/strong><\/h2>\n<p style=\"text-align: center;\"><img data-recalc-dims=\"1\" loading=\"lazy\" decoding=\"async\" class=\"size-thumbnail wp-image-2476 aligncenter\" src=\"https:\/\/i0.wp.com\/www.campericeland.is\/wp-content\/uploads\/2016\/08\/extras_web_aquakem-150x150.png?resize=150%2C150&#038;quality=72&#038;ssl=1\" alt=\"\" width=\"150\" height=\"150\" title=\"\" srcset=\"https:\/\/i0.wp.com\/www.camper.is\/wp-content\/uploads\/2016\/08\/extras_web_aquakem.png?resize=150%2C150&amp;quality=72&amp;ssl=1 150w, https:\/\/i0.wp.com\/www.camper.is\/wp-content\/uploads\/2016\/08\/extras_web_aquakem.png?resize=300%2C300&amp;quality=72&amp;ssl=1 300w, https:\/\/i0.wp.com\/www.camper.is\/wp-content\/uploads\/2016\/08\/extras_web_aquakem.png?w=366&amp;quality=72&amp;ssl=1 366w\" sizes=\"(max-width: 150px) 100vw, 150px\" \/><br \/>Ein Must-have! Die Chemikalie f\u00fcr Kl\u00e4rgruben und Toilettenkassetten ist ebenfalls ein Muss. Es t\u00f6tet jeden Geruch und l\u00f6st Ihren Abfall fast sofort.<\/p>\n<\/div><\/div><div class=\"et_pb_text_9 et_pb_text et_pb_bg_layout_light et_animated et_pb_module et_block_module et_pb_text_align_center\"><div class=\"et_pb_text_inner\"><h2 style=\"text-align: center;\"><strong>Kindersitz<\/strong><\/h2>\n<p style=\"text-align: center;\"><img data-recalc-dims=\"1\" loading=\"lazy\" decoding=\"async\" class=\"alignnone size-thumbnail wp-image-2477\" src=\"https:\/\/i0.wp.com\/www.campericeland.is\/wp-content\/uploads\/2016\/08\/extras_web_babyseat-150x150.png?resize=150%2C150&#038;quality=72&#038;ssl=1\" alt=\"\" width=\"150\" height=\"150\" title=\"\" srcset=\"https:\/\/i0.wp.com\/www.camper.is\/wp-content\/uploads\/2016\/08\/extras_web_babyseat.png?resize=150%2C150&amp;quality=72&amp;ssl=1 150w, https:\/\/i0.wp.com\/www.camper.is\/wp-content\/uploads\/2016\/08\/extras_web_babyseat.png?resize=300%2C300&amp;quality=72&amp;ssl=1 300w, https:\/\/i0.wp.com\/www.camper.is\/wp-content\/uploads\/2016\/08\/extras_web_babyseat.png?w=366&amp;quality=72&amp;ssl=1 366w\" sizes=\"(max-width: 150px) 100vw, 150px\" \/><br \/>Wir bieten Kindersitze in allen Kategorien. Camper Iceland ist ein familienfreundliches Unternehmen mit viel Erfahrung in der Montage von Sitzen in allen Arten von Fahrzeugen. Es wird empfohlen, diese Option vorzubuchen.<\/p>\n<\/div><\/div><div class=\"et_pb_text_10 et_pb_text et_pb_bg_layout_light et_animated et_pb_module et_block_module et_pb_text_align_center\"><div class=\"et_pb_text_inner\"><h2 style=\"text-align: center;\"><strong>WLAN-Einheit<\/strong><\/h2>\n<p style=\"text-align: center;\"><img data-recalc-dims=\"1\" loading=\"lazy\" decoding=\"async\" class=\"alignnone size-thumbnail wp-image-2517\" src=\"https:\/\/i0.wp.com\/www.campericeland.is\/wp-content\/uploads\/2016\/08\/extras_web_wifidata-150x150.png?resize=150%2C150&#038;quality=72&#038;ssl=1\" alt=\"\" width=\"150\" height=\"150\" title=\"\" srcset=\"https:\/\/i0.wp.com\/www.camper.is\/wp-content\/uploads\/2016\/08\/extras_web_wifidata.png?resize=150%2C150&amp;quality=72&amp;ssl=1 150w, https:\/\/i0.wp.com\/www.camper.is\/wp-content\/uploads\/2016\/08\/extras_web_wifidata.png?resize=300%2C300&amp;quality=72&amp;ssl=1 300w, https:\/\/i0.wp.com\/www.camper.is\/wp-content\/uploads\/2016\/08\/extras_web_wifidata.png?w=366&amp;quality=72&amp;ssl=1 366w\" sizes=\"(max-width: 150px) 100vw, 150px\" \/><br \/>Die Wi-Fi-Einheit (HOT SPOT) kann an den Zigarettenanz\u00fcnder (12 V) angeschlossen werden, um dessen Akku aufzuladen. W\u00e4hrend der Reise k\u00f6nnen Sie alle Ihre Ger\u00e4te mit ihm verbinden (Wi-Fi) und mit einem unbegrenzten Datenpaket im World Wide Web surfen.<\/p>\n<\/div><\/div><\/div><\/div><\/div>\n","protected":false},"excerpt":{"rendered":"","protected":false},"author":1,"featured_media":0,"parent":42118,"menu_order":4,"comment_status":"closed","ping_status":"closed","template":"","meta":{"_acf_changed":false,"jetpack_post_was_ever_published":false,"footnotes":""},"class_list":["post-42121","page","type-page","status-publish","hentry"],"acf":[],"jetpack_sharing_enabled":true,"jetpack_shortlink":"https:\/\/wp.me\/P569lP-aXn","jetpack-related-posts":[{"id":1163,"url":"https:\/\/www.camper.is\/rates\/extras\/","url_meta":{"origin":42121,"position":0},"title":"Extras","author":"admin","date":"21. August 2014","format":false,"excerpt":"","rel":"","context":"\u00c4hnlicher Beitrag","block_context":{"text":"\u00c4hnlicher Beitrag","link":""},"img":{"alt_text":"","src":"","width":0,"height":0},"classes":[]},{"id":31584,"url":"https:\/\/www.camper.is\/es\/tarifas\/extras\/","url_meta":{"origin":42121,"position":1},"title":"Extras","author":"admin","date":"17. November 2019","format":false,"excerpt":"","rel":"","context":"\u00c4hnlicher Beitrag","block_context":{"text":"\u00c4hnlicher Beitrag","link":""},"img":{"alt_text":"","src":"","width":0,"height":0},"classes":[]},{"id":41579,"url":"https:\/\/www.camper.is\/fr\/tarifs\/extras\/","url_meta":{"origin":42121,"position":2},"title":"Extras","author":"admin","date":"17. November 2019","format":false,"excerpt":"","rel":"","context":"\u00c4hnlicher Beitrag","block_context":{"text":"\u00c4hnlicher Beitrag","link":""},"img":{"alt_text":"","src":"","width":0,"height":0},"classes":[]},{"id":41936,"url":"https:\/\/www.camper.is\/nl\/tarieven\/extras\/","url_meta":{"origin":42121,"position":3},"title":"Extras","author":"admin","date":"19. November 2019","format":false,"excerpt":"","rel":"","context":"\u00c4hnlicher Beitrag","block_context":{"text":"\u00c4hnlicher Beitrag","link":""},"img":{"alt_text":"","src":"","width":0,"height":0},"classes":[]},{"id":1161,"url":"https:\/\/www.camper.is\/rates\/","url_meta":{"origin":42121,"position":4},"title":"Rates &#038; Extras","author":"admin","date":"21. August 2014","format":false,"excerpt":"","rel":"","context":"\u00c4hnlicher Beitrag","block_context":{"text":"\u00c4hnlicher Beitrag","link":""},"img":{"alt_text":"","src":"","width":0,"height":0},"classes":[]},{"id":42118,"url":"https:\/\/www.camper.is\/de\/preise\/","url_meta":{"origin":42121,"position":5},"title":"Preise &amp; Extras","author":"admin","date":"19. November 2019","format":false,"excerpt":"","rel":"","context":"\u00c4hnlicher Beitrag","block_context":{"text":"\u00c4hnlicher Beitrag","link":""},"img":{"alt_text":"","src":"","width":0,"height":0},"classes":[]}],"_links":{"self":[{"href":"https:\/\/www.camper.is\/de\/wp-json\/wp\/v2\/pages\/42121","targetHints":{"allow":["GET"]}}],"collection":[{"href":"https:\/\/www.camper.is\/de\/wp-json\/wp\/v2\/pages"}],"about":[{"href":"https:\/\/www.camper.is\/de\/wp-json\/wp\/v2\/types\/page"}],"author":[{"embeddable":true,"href":"https:\/\/www.camper.is\/de\/wp-json\/wp\/v2\/users\/1"}],"replies":[{"embeddable":true,"href":"https:\/\/www.camper.is\/de\/wp-json\/wp\/v2\/comments?post=42121"}],"version-history":[{"count":89,"href":"https:\/\/www.camper.is\/de\/wp-json\/wp\/v2\/pages\/42121\/revisions"}],"predecessor-version":[{"id":75867,"href":"https:\/\/www.camper.is\/de\/wp-json\/wp\/v2\/pages\/42121\/revisions\/75867"}],"up":[{"embeddable":true,"href":"https:\/\/www.camper.is\/de\/wp-json\/wp\/v2\/pages\/42118"}],"wp:attachment":[{"href":"https:\/\/www.camper.is\/de\/wp-json\/wp\/v2\/media?parent=42121"}],"curies":[{"name":"wp","href":"https:\/\/api.w.org\/{rel}","templated":true}]}}