{"id":41926,"date":"2019-11-18T17:49:40","date_gmt":"2019-11-18T17:49:40","guid":{"rendered":"https:\/\/www.campericeland.is\/freedom-camper\/"},"modified":"2026-04-07T06:28:28","modified_gmt":"2026-04-07T06:28:28","slug":"freedom-camper","status":"publish","type":"page","link":"https:\/\/www.camper.is\/de\/camper-iceland-uebersicht\/freedom-camper\/","title":{"rendered":"Wohnmobil LOKI"},"content":{"rendered":"","protected":false},"excerpt":{"rendered":"<p>Erkunden Sie Island auf Ihre Weise mit dem Camper LOKI von Camper Iceland. Unser vielseitiger Mini-Camper ist Ihre perfekte L\u00f6sung f\u00fcr eine flexible Reise und bietet Ihnen ein zuverl\u00e4ssiges Mietfahrzeug zu den besten Preisen. Beginnen Sie Ihr Abenteuer in Keflavik (KEF) in der N\u00e4he des Flughafens und erkunden Sie Islands atemberaubende Ringstra\u00dfe in Ihrem eigenen Tempo.  <\/p>\n","protected":false},"author":1,"featured_media":27079,"parent":42134,"menu_order":0,"comment_status":"closed","ping_status":"closed","template":"","meta":{"_acf_changed":false,"jetpack_post_was_ever_published":false,"footnotes":""},"class_list":["post-41926","page","type-page","status-publish","has-post-thumbnail","hentry"],"acf":[],"jetpack_sharing_enabled":true,"jetpack_shortlink":"https:\/\/wp.me\/P569lP-aUe","jetpack-related-posts":[{"id":42134,"url":"https:\/\/www.camper.is\/de\/camper-iceland-uebersicht\/","url_meta":{"origin":41926,"position":0},"title":"UNSERE FLOTTE","author":"admin","date":"19. November 2019","format":false,"excerpt":"Finden Sie Ihr perfektes Zuhause auf R\u00e4dern mit Camper Iceland! W\u00e4hlen Sie aus unserer vielf\u00e4ltigen Fahrzeugflotte, darunter der kompakte und nachhaltige Loki, robuste 4x4-Camper f\u00fcr die Highlands und ger\u00e4umige Wohnmobile f\u00fcr ultimativen Komfort. Starten Sie Ihre Reise von Keflavik (KEF) aus und erkunden Sie die atemberaubenden Landschaften Islands in Ihrem\u2026","rel":"","context":"\u00c4hnlicher Beitrag","block_context":{"text":"\u00c4hnlicher Beitrag","link":""},"img":{"alt_text":"","src":"","width":0,"height":0},"classes":[]},{"id":72438,"url":"https:\/\/www.camper.is\/de\/loki-e-das-nachhaltige-wohnmobil-fuer-ihr-island-abenteuer\/","url_meta":{"origin":41926,"position":1},"title":"LOKI E Das nachhaltige Wohnmobil f\u00fcr Ihr Island-Abenteuer","author":"admin","date":"14. August 2025","format":false,"excerpt":"","rel":"","context":"\u00c4hnlicher Beitrag","block_context":{"text":"\u00c4hnlicher Beitrag","link":""},"img":{"alt_text":"","src":"https:\/\/i0.wp.com\/www.camper.is\/wp-content\/uploads\/2025\/08\/Untitled-scaled.png?fit=1200%2C900&quality=72&ssl=1&resize=350%2C200","width":350,"height":200,"srcset":"https:\/\/i0.wp.com\/www.camper.is\/wp-content\/uploads\/2025\/08\/Untitled-scaled.png?fit=1200%2C900&quality=72&ssl=1&resize=350%2C200 1x, https:\/\/i0.wp.com\/www.camper.is\/wp-content\/uploads\/2025\/08\/Untitled-scaled.png?fit=1200%2C900&quality=72&ssl=1&resize=525%2C300 1.5x, https:\/\/i0.wp.com\/www.camper.is\/wp-content\/uploads\/2025\/08\/Untitled-scaled.png?fit=1200%2C900&quality=72&ssl=1&resize=700%2C400 2x, https:\/\/i0.wp.com\/www.camper.is\/wp-content\/uploads\/2025\/08\/Untitled-scaled.png?fit=1200%2C900&quality=72&ssl=1&resize=1050%2C600 3x"},"classes":[]},{"id":27042,"url":"https:\/\/www.camper.is\/de\/camper-island-ihr-wohnmobil-4x4-vermieter-in-island\/","url_meta":{"origin":41926,"position":2},"title":"Camper Iceland, Ihr Wohnmobil &amp; 4&#215;4 Camper Vermieter in Island","author":"admin","date":"17. November 2019","format":false,"excerpt":"Reisen Sie durch Island mit einem familiengef\u00fchrten Unternehmen, das seit 1987 Reisen nach Island verkauft. Camper Iceland bietet eine vielf\u00e4ltige Flotte von Wohnmobilen und 4x4-Campern, die eine flexible und kosteng\u00fcnstige M\u00f6glichkeit bieten, die atemberaubenden Landschaften des Landes zu erkunden. Genie\u00dfen Sie die Freiheit, dem guten Wetter hinterherzujagen, sparen Sie Geld,\u2026","rel":"","context":"\u00c4hnlicher Beitrag","block_context":{"text":"\u00c4hnlicher Beitrag","link":""},"img":{"alt_text":"Camper Iceland Logo","src":"https:\/\/i0.wp.com\/www.camper.is\/wp-content\/uploads\/2019\/11\/CamperIceland_new_whitebkgrd.png?fit=1200%2C316&quality=72&ssl=1&resize=350%2C200","width":350,"height":200,"srcset":"https:\/\/i0.wp.com\/www.camper.is\/wp-content\/uploads\/2019\/11\/CamperIceland_new_whitebkgrd.png?fit=1200%2C316&quality=72&ssl=1&resize=350%2C200 1x, https:\/\/i0.wp.com\/www.camper.is\/wp-content\/uploads\/2019\/11\/CamperIceland_new_whitebkgrd.png?fit=1200%2C316&quality=72&ssl=1&resize=525%2C300 1.5x, https:\/\/i0.wp.com\/www.camper.is\/wp-content\/uploads\/2019\/11\/CamperIceland_new_whitebkgrd.png?fit=1200%2C316&quality=72&ssl=1&resize=700%2C400 2x, https:\/\/i0.wp.com\/www.camper.is\/wp-content\/uploads\/2019\/11\/CamperIceland_new_whitebkgrd.png?fit=1200%2C316&quality=72&ssl=1&resize=1050%2C600 3x"},"classes":[]},{"id":42158,"url":"https:\/\/www.camper.is\/de\/camper-iceland-uebersicht\/motor-home-2\/","url_meta":{"origin":41926,"position":3},"title":"Wohnmobil 2 IDUNN","author":"admin","date":"19. November 2019","format":false,"excerpt":"Entdecken Sie die ultimative Art, Island zu erkunden - mit dem Wohnmobil IDUNN von Camper Iceland. Dieses ger\u00e4umige und komfortable Wohnmobil ist Ihr perfektes Zuhause auf R\u00e4dern. Es bietet Ihnen die Freiheit, die isl\u00e4ndische Ringstra\u00dfe zu bereisen und die atemberaubenden Landschaften mit allen Annehmlichkeiten zu erkunden, die Sie brauchen. Unsere\u2026","rel":"","context":"\u00c4hnlicher Beitrag","block_context":{"text":"\u00c4hnlicher Beitrag","link":""},"img":{"alt_text":"","src":"https:\/\/i0.wp.com\/www.camper.is\/wp-content\/uploads\/2019\/08\/MOTOR_HOME_2.jpg?fit=800%2C800&quality=80&ssl=1&resize=350%2C200","width":350,"height":200,"srcset":"https:\/\/i0.wp.com\/www.camper.is\/wp-content\/uploads\/2019\/08\/MOTOR_HOME_2.jpg?fit=800%2C800&quality=80&ssl=1&resize=350%2C200 1x, https:\/\/i0.wp.com\/www.camper.is\/wp-content\/uploads\/2019\/08\/MOTOR_HOME_2.jpg?fit=800%2C800&quality=80&ssl=1&resize=525%2C300 1.5x, https:\/\/i0.wp.com\/www.camper.is\/wp-content\/uploads\/2019\/08\/MOTOR_HOME_2.jpg?fit=800%2C800&quality=80&ssl=1&resize=700%2C400 2x"},"classes":[]},{"id":42136,"url":"https:\/\/www.camper.is\/de\/camper-iceland-uebersicht\/motor-home-4\/","url_meta":{"origin":41926,"position":4},"title":"Wohnmobil 4 SIF","author":"admin","date":"19. November 2019","format":false,"excerpt":"Erkunden Sie Island mit dem Wohnmobil SIF von Camper Iceland. Dieses ger\u00e4umige und komfortable Wohnmobil ist Ihr perfektes Zuhause auf R\u00e4dern. Es bietet Ihnen die Freiheit, die isl\u00e4ndische Ringstra\u00dfe zu bereisen und die atemberaubenden Landschaften mit allen Annehmlichkeiten zu erkunden, die Sie brauchen. Unsere Wohnmobilvermietung ist ideal f\u00fcr eine f\u00fcnfk\u00f6pfige\u2026","rel":"","context":"\u00c4hnlicher Beitrag","block_context":{"text":"\u00c4hnlicher Beitrag","link":""},"img":{"alt_text":"","src":"https:\/\/i0.wp.com\/www.camper.is\/wp-content\/uploads\/2019\/08\/MOTOR_HOME_4.jpg?fit=800%2C800&quality=80&ssl=1&resize=350%2C200","width":350,"height":200,"srcset":"https:\/\/i0.wp.com\/www.camper.is\/wp-content\/uploads\/2019\/08\/MOTOR_HOME_4.jpg?fit=800%2C800&quality=80&ssl=1&resize=350%2C200 1x, https:\/\/i0.wp.com\/www.camper.is\/wp-content\/uploads\/2019\/08\/MOTOR_HOME_4.jpg?fit=800%2C800&quality=80&ssl=1&resize=525%2C300 1.5x, https:\/\/i0.wp.com\/www.camper.is\/wp-content\/uploads\/2019\/08\/MOTOR_HOME_4.jpg?fit=800%2C800&quality=80&ssl=1&resize=700%2C400 2x"},"classes":[]},{"id":74458,"url":"https:\/\/www.camper.is\/de\/","url_meta":{"origin":41926,"position":5},"title":"Camper &amp; Wohnmobilvermietung Island | Das Abenteuer-Men\u00fc","author":"admin","date":"23. M\u00e4rz 2026","format":false,"excerpt":"Erkunden Sie Island mit Zuversicht. Egal, ob es sich um Ihre erste Runde \u00fcber die Ringstra\u00dfe oder eine raue Hochlandexpedition handelt, finden Sie das richtige Wohnmobil und die richtige Reiseroute in unserem Abenteuermen\u00fc. Lokale Tipps, faire Preise und 24\/7-Support.","rel":"","context":"\u00c4hnlicher Beitrag","block_context":{"text":"\u00c4hnlicher Beitrag","link":""},"img":{"alt_text":"","src":"https:\/\/i0.wp.com\/www.camper.is\/wp-content\/uploads\/2025\/09\/0B8A472F-F23E-4260-92CC-75A068E06866.jpeg?fit=1200%2C675&quality=80&ssl=1&resize=350%2C200","width":350,"height":200,"srcset":"https:\/\/i0.wp.com\/www.camper.is\/wp-content\/uploads\/2025\/09\/0B8A472F-F23E-4260-92CC-75A068E06866.jpeg?fit=1200%2C675&quality=80&ssl=1&resize=350%2C200 1x, https:\/\/i0.wp.com\/www.camper.is\/wp-content\/uploads\/2025\/09\/0B8A472F-F23E-4260-92CC-75A068E06866.jpeg?fit=1200%2C675&quality=80&ssl=1&resize=525%2C300 1.5x, https:\/\/i0.wp.com\/www.camper.is\/wp-content\/uploads\/2025\/09\/0B8A472F-F23E-4260-92CC-75A068E06866.jpeg?fit=1200%2C675&quality=80&ssl=1&resize=700%2C400 2x, https:\/\/i0.wp.com\/www.camper.is\/wp-content\/uploads\/2025\/09\/0B8A472F-F23E-4260-92CC-75A068E06866.jpeg?fit=1200%2C675&quality=80&ssl=1&resize=1050%2C600 3x"},"classes":[]}],"_links":{"self":[{"href":"https:\/\/www.camper.is\/de\/wp-json\/wp\/v2\/pages\/41926","targetHints":{"allow":["GET"]}}],"collection":[{"href":"https:\/\/www.camper.is\/de\/wp-json\/wp\/v2\/pages"}],"about":[{"href":"https:\/\/www.camper.is\/de\/wp-json\/wp\/v2\/types\/page"}],"author":[{"embeddable":true,"href":"https:\/\/www.camper.is\/de\/wp-json\/wp\/v2\/users\/1"}],"replies":[{"embeddable":true,"href":"https:\/\/www.camper.is\/de\/wp-json\/wp\/v2\/comments?post=41926"}],"version-history":[{"count":70,"href":"https:\/\/www.camper.is\/de\/wp-json\/wp\/v2\/pages\/41926\/revisions"}],"predecessor-version":[{"id":75837,"href":"https:\/\/www.camper.is\/de\/wp-json\/wp\/v2\/pages\/41926\/revisions\/75837"}],"up":[{"embeddable":true,"href":"https:\/\/www.camper.is\/de\/wp-json\/wp\/v2\/pages\/42134"}],"wp:featuredmedia":[{"embeddable":true,"href":"https:\/\/www.camper.is\/de\/wp-json\/wp\/v2\/media\/27079"}],"wp:attachment":[{"href":"https:\/\/www.camper.is\/de\/wp-json\/wp\/v2\/media?parent=41926"}],"curies":[{"name":"wp","href":"https:\/\/api.w.org\/{rel}","templated":true}]}}