{"id":41922,"date":"2019-11-18T17:43:16","date_gmt":"2019-11-18T17:43:16","guid":{"rendered":"https:\/\/www.campericeland.is\/camper-iceland-nachrichten\/"},"modified":"2026-04-07T06:28:25","modified_gmt":"2026-04-07T06:28:25","slug":"camper-iceland-nachrichten","status":"publish","type":"page","link":"https:\/\/www.camper.is\/de\/vegvisir-der-wegfinder-fuer-island\/camper-iceland-nachrichten\/","title":{"rendered":"Camper Island Nachrichten"},"content":{"rendered":"","protected":false},"excerpt":{"rendered":"","protected":false},"author":1,"featured_media":39785,"parent":41887,"menu_order":0,"comment_status":"closed","ping_status":"closed","template":"page-template-blank.php","meta":{"_acf_changed":false,"jetpack_post_was_ever_published":false,"footnotes":""},"class_list":["post-41922","page","type-page","status-publish","has-post-thumbnail","hentry"],"acf":[],"jetpack_sharing_enabled":true,"jetpack_shortlink":"https:\/\/wp.me\/P569lP-aUa","jetpack-related-posts":[{"id":70483,"url":"https:\/\/www.camper.is\/de\/vegvisir-der-wegfinder-fuer-island\/newsletter-camper-island\/","url_meta":{"origin":41922,"position":0},"title":"Newsletter Camper Island","author":"admin","date":"7. Februar 2025","format":false,"excerpt":"Sind Sie an unseren neuesten Nachrichten interessiert, klicken Sie hier...","rel":"","context":"\u00c4hnlicher Beitrag","block_context":{"text":"\u00c4hnlicher Beitrag","link":""},"img":{"alt_text":"","src":"","width":0,"height":0},"classes":[]},{"id":41916,"url":"https:\/\/www.camper.is\/de\/vegvisir-der-wegfinder-fuer-island\/nachrichten-de\/","url_meta":{"origin":41922,"position":1},"title":"News","author":"admin","date":"18. November 2019","format":false,"excerpt":"","rel":"","context":"\u00c4hnlicher Beitrag","block_context":{"text":"\u00c4hnlicher Beitrag","link":""},"img":{"alt_text":"","src":"","width":0,"height":0},"classes":[]},{"id":75128,"url":"https:\/\/www.camper.is\/de\/island-reisenachrichten-woechentliche-berichte-camper-island\/","url_meta":{"origin":41922,"position":2},"title":"Island Reisenachrichten &amp; W\u00f6chentliche Berichte | Camper Island","author":"admin","date":"26. M\u00e4rz 2026","format":false,"excerpt":"Bleiben Sie dem Sturm voraus mit w\u00f6chentlichen Updates aus dem Herzen von Island. Seit 1987 versorgen wir Sie mit fachkundigen Stra\u00dfenberichten, Wetterwarnungen und Highland F-road Bedingungen. Holen Sie sich die neuesten Nachrichten \u00fcber die Flotte und Insider-Reisetipps f\u00fcr Ihre Expedition im Jahr 2026. Informationen in Echtzeit von der Familie, die\u2026","rel":"","context":"\u00c4hnlicher Beitrag","block_context":{"text":"\u00c4hnlicher Beitrag","link":""},"img":{"alt_text":"","src":"https:\/\/i0.wp.com\/www.camper.is\/wp-content\/uploads\/2026\/03\/family_badging_camper_iceland-scaled.png?fit=1200%2C654&quality=72&ssl=1&resize=350%2C200","width":350,"height":200,"srcset":"https:\/\/i0.wp.com\/www.camper.is\/wp-content\/uploads\/2026\/03\/family_badging_camper_iceland-scaled.png?fit=1200%2C654&quality=72&ssl=1&resize=350%2C200 1x, https:\/\/i0.wp.com\/www.camper.is\/wp-content\/uploads\/2026\/03\/family_badging_camper_iceland-scaled.png?fit=1200%2C654&quality=72&ssl=1&resize=525%2C300 1.5x, https:\/\/i0.wp.com\/www.camper.is\/wp-content\/uploads\/2026\/03\/family_badging_camper_iceland-scaled.png?fit=1200%2C654&quality=72&ssl=1&resize=700%2C400 2x, https:\/\/i0.wp.com\/www.camper.is\/wp-content\/uploads\/2026\/03\/family_badging_camper_iceland-scaled.png?fit=1200%2C654&quality=72&ssl=1&resize=1050%2C600 3x"},"classes":[]},{"id":57984,"url":"https:\/\/www.camper.is\/de\/camper-island-ihr-wohnmobil-4x4-vermieter-in-island\/camper-iceland-ihr-wohnmobil-und-4x4-vermieter-in-island-zusaetzliche-informationen\/","url_meta":{"origin":41922,"position":3},"title":"Camper Iceland, Ihr Wohnmobil- und 4\u00d74-Vermieter in Island zus\u00e4tzliche Informationen","author":"admin","date":"25. August 2023","format":false,"excerpt":"","rel":"","context":"\u00c4hnlicher Beitrag","block_context":{"text":"\u00c4hnlicher Beitrag","link":""},"img":{"alt_text":"","src":"","width":0,"height":0},"classes":[]},{"id":27042,"url":"https:\/\/www.camper.is\/de\/camper-island-ihr-wohnmobil-4x4-vermieter-in-island\/","url_meta":{"origin":41922,"position":4},"title":"Camper Iceland, Ihr Wohnmobil &amp; 4&#215;4 Camper Vermieter in Island","author":"admin","date":"17. November 2019","format":false,"excerpt":"Reisen Sie durch Island mit einem familiengef\u00fchrten Unternehmen, das seit 1987 Reisen nach Island verkauft. Camper Iceland bietet eine vielf\u00e4ltige Flotte von Wohnmobilen und 4x4-Campern, die eine flexible und kosteng\u00fcnstige M\u00f6glichkeit bieten, die atemberaubenden Landschaften des Landes zu erkunden. Genie\u00dfen Sie die Freiheit, dem guten Wetter hinterherzujagen, sparen Sie Geld,\u2026","rel":"","context":"\u00c4hnlicher Beitrag","block_context":{"text":"\u00c4hnlicher Beitrag","link":""},"img":{"alt_text":"Camper Iceland Logo","src":"https:\/\/i0.wp.com\/www.camper.is\/wp-content\/uploads\/2019\/11\/CamperIceland_new_whitebkgrd.png?fit=1200%2C316&quality=72&ssl=1&resize=350%2C200","width":350,"height":200,"srcset":"https:\/\/i0.wp.com\/www.camper.is\/wp-content\/uploads\/2019\/11\/CamperIceland_new_whitebkgrd.png?fit=1200%2C316&quality=72&ssl=1&resize=350%2C200 1x, https:\/\/i0.wp.com\/www.camper.is\/wp-content\/uploads\/2019\/11\/CamperIceland_new_whitebkgrd.png?fit=1200%2C316&quality=72&ssl=1&resize=525%2C300 1.5x, https:\/\/i0.wp.com\/www.camper.is\/wp-content\/uploads\/2019\/11\/CamperIceland_new_whitebkgrd.png?fit=1200%2C316&quality=72&ssl=1&resize=700%2C400 2x, https:\/\/i0.wp.com\/www.camper.is\/wp-content\/uploads\/2019\/11\/CamperIceland_new_whitebkgrd.png?fit=1200%2C316&quality=72&ssl=1&resize=1050%2C600 3x"},"classes":[]},{"id":57976,"url":"https:\/\/www.camper.is\/fr\/camper-islande-votre-motor-home-et-4x4-societe-de-location-en-islande\/camper-iceland-votre-societe-de-location-de-camping-cars-et-de-4x4-en-islande-informations-supplementaires\/","url_meta":{"origin":41922,"position":5},"title":"Camper Iceland, votre soci\u00e9t\u00e9 de location de camping-cars et de 4\u00d74 en Islande Informations suppl\u00e9mentaires","author":"admin","date":"25. August 2023","format":false,"excerpt":"","rel":"","context":"\u00c4hnlicher Beitrag","block_context":{"text":"\u00c4hnlicher Beitrag","link":""},"img":{"alt_text":"","src":"","width":0,"height":0},"classes":[]}],"_links":{"self":[{"href":"https:\/\/www.camper.is\/de\/wp-json\/wp\/v2\/pages\/41922","targetHints":{"allow":["GET"]}}],"collection":[{"href":"https:\/\/www.camper.is\/de\/wp-json\/wp\/v2\/pages"}],"about":[{"href":"https:\/\/www.camper.is\/de\/wp-json\/wp\/v2\/types\/page"}],"author":[{"embeddable":true,"href":"https:\/\/www.camper.is\/de\/wp-json\/wp\/v2\/users\/1"}],"replies":[{"embeddable":true,"href":"https:\/\/www.camper.is\/de\/wp-json\/wp\/v2\/comments?post=41922"}],"version-history":[{"count":26,"href":"https:\/\/www.camper.is\/de\/wp-json\/wp\/v2\/pages\/41922\/revisions"}],"predecessor-version":[{"id":75836,"href":"https:\/\/www.camper.is\/de\/wp-json\/wp\/v2\/pages\/41922\/revisions\/75836"}],"up":[{"embeddable":true,"href":"https:\/\/www.camper.is\/de\/wp-json\/wp\/v2\/pages\/41887"}],"wp:featuredmedia":[{"embeddable":true,"href":"https:\/\/www.camper.is\/de\/wp-json\/wp\/v2\/media\/39785"}],"wp:attachment":[{"href":"https:\/\/www.camper.is\/de\/wp-json\/wp\/v2\/media?parent=41922"}],"curies":[{"name":"wp","href":"https:\/\/api.w.org\/{rel}","templated":true}]}}