{"id":41907,"date":"2019-11-18T17:14:21","date_gmt":"2019-11-18T17:14:21","guid":{"rendered":"https:\/\/www.campericeland.is\/ueber-uns\/"},"modified":"2026-05-05T16:42:24","modified_gmt":"2026-05-05T16:42:24","slug":"ueber-uns","status":"publish","type":"page","link":"https:\/\/www.camper.is\/de\/vegvisir-der-wegfinder-fuer-island\/ueber-uns\/","title":{"rendered":"\u00dcber uns"},"content":{"rendered":"<div class=\"et_pb_section_0 et_pb_section et_section_regular et_block_section section_has_divider et_pb_bottom_divider\">\n<div class=\"et_pb_row_0 et_pb_row et_block_row\">\n<div class=\"et_pb_column_0 et_pb_column et_pb_column_4_4 et-last-child et_block_column et_pb_css_mix_blend_mode_passthrough\">\n<div class=\"et_pb_text_0 et_pb_text et_pb_bg_layout_dark et_animated et_pb_module et_block_module\"><div class=\"et_pb_text_inner\"><h1>Camper Iceland erhalten<br \/><a href=\"mailto:info@camper.is\"><\/a><\/h1>\n<h1><\/h1>\n<p>&nbsp;<\/p>\n<div id=\"gtx-trans\" style=\"position: absolute; left: 14px; top: 125.188px;\">\n<div class=\"gtx-trans-icon\"> <\/div>\n<\/div>\n<\/div><\/div>\n<\/div>\n<\/div>\n\n<div class=\"et_pb_row_1 et_pb_row et_block_row\">\n<div class=\"et_pb_column_1 et_pb_column et_pb_column_1_3 et_block_column et_pb_css_mix_blend_mode_passthrough\">\n<div class=\"et_pb_blurb_0 et_pb_blurb et_pb_bg_layout_light et_pb_text_align_center et_pb_blurb_position_top et_pb_module et_block_module\"><div class=\"et_pb_blurb_content\"><div class=\"et_pb_main_blurb_image\"><span class=\"et_pb_image_wrap et_pb_only_image_mode_wrap\"><img decoding=\"async\" src=\"https:\/\/www.camper.is\/wp-content\/uploads\/2026\/03\/CAMPER-ICELAND@2x-150x150.png\" width=\"150\" height=\"150\" srcset=\"https:\/\/www.camper.is\/wp-content\/uploads\/2026\/03\/CAMPER-ICELAND@2x-150x150.png 150w\" class=\"et_animated wp-image-75367\" title=\"CAMPER ICELAND@2x\" alt=\"\"><\/span><\/div><div class=\"et_pb_blurb_container\"><h4 class=\"et_pb_module_header\">VERMIETUNGSSTATION<\/h4><div class=\"et_pb_blurb_description\"><p><strong>CAMPER ICELAND Ehf<\/strong><br \/>Klettatr\u00f6\u00f0 15<br \/>IS-262 Keflav\u00edk (Reykjanesb\u00e6r)<br \/>ICELAND<\/p>\n<p><a href=\"mailto:info@camper.is\">info@camper.is<\/a><br \/><strong>+354 553 6000 <\/strong> <\/p>\n<\/div><\/div><\/div><\/div>\n\n<div class=\"et_pb_image_0 et_pb_image et_pb_module et_flex_module\"><span class=\"et_pb_image_wrap\"><img decoding=\"async\" src=\"https:\/\/www.camper.is\/wp-content\/uploads\/2025\/09\/RGB_FF-2024-2025-Eng-White-Horz_Original-scaled.png\" title=\"RGB_FF 2024-2025-Eng-White-Horz_Original\" width=\"2560\" height=\"640\" srcset=\"https:\/\/www.camper.is\/wp-content\/uploads\/2025\/09\/RGB_FF-2024-2025-Eng-White-Horz_Original-scaled.png 2560w, https:\/\/www.camper.is\/wp-content\/uploads\/2025\/09\/RGB_FF-2024-2025-Eng-White-Horz_Original-1280x320.png 1280w, https:\/\/www.camper.is\/wp-content\/uploads\/2025\/09\/RGB_FF-2024-2025-Eng-White-Horz_Original-980x245.png 980w, https:\/\/www.camper.is\/wp-content\/uploads\/2025\/09\/RGB_FF-2024-2025-Eng-White-Horz_Original-480x120.png 480w\" sizes=\"(min-width: 0px) and (max-width: 480px) 480px, (min-width: 481px) and (max-width: 980px) 980px, (min-width: 981px) and (max-width: 1280px) 1280px, (min-width: 1281px) 2560px, 100vw\" class=\"wp-image-73923\" alt=\"\"><\/span><\/div>\n<\/div>\n\n<div class=\"et_pb_column_2 et_pb_column et_pb_column_1_3 et_block_column et_pb_css_mix_blend_mode_passthrough\">\n<div class=\"et_pb_blurb_1 et_pb_blurb et_pb_bg_layout_light et_pb_text_align_center et_pb_blurb_position_top et_pb_module et_block_module\"><div class=\"et_pb_blurb_content\"><div class=\"et_pb_main_blurb_image\"><span class=\"et_pb_image_wrap et_pb_only_image_mode_wrap\"><img decoding=\"async\" src=\"https:\/\/www.camper.is\/wp-content\/uploads\/2026\/03\/Mjollnir2025color-150x150.png\" width=\"150\" height=\"150\" srcset=\"https:\/\/www.camper.is\/wp-content\/uploads\/2026\/03\/Mjollnir2025color-150x150.png 150w\" class=\"et_animated wp-image-75390\" title=\"Mjollnir2025color\" alt=\"\"><\/span><\/div><div class=\"et_pb_blurb_container\"><h4 class=\"et_pb_module_header\">VERKAUFSMITARBEITER<\/h4><div class=\"et_pb_blurb_description\"><p>Mjollnir GmbH<br \/>Kantonsstrasse 112<br \/>6234 Triengen<br \/>SWITZERLAND<\/p>\n<p><a href=\"mailto:info@camper.is\">info@camper.is<\/a> <br \/><strong>+41 44 797 99 89<\/strong><\/p>\n<\/div><\/div><\/div><\/div>\n<\/div>\n\n<div class=\"et_pb_column_3 et_pb_column et_pb_column_1_3 et-last-child et_block_column et_pb_css_mix_blend_mode_passthrough\">\n<div class=\"et_pb_blurb_2 et_pb_blurb et_pb_bg_layout_light et_pb_text_align_center et_pb_blurb_position_top et_pb_module et_block_module\"><div class=\"et_pb_blurb_content\"><div class=\"et_pb_main_blurb_image\"><span class=\"et_pb_image_wrap et_pb_only_image_mode_wrap\"><img decoding=\"async\" src=\"https:\/\/www.camper.is\/wp-content\/uploads\/2026\/03\/logo-no-background-150x150.png\" width=\"150\" height=\"150\" srcset=\"https:\/\/www.camper.is\/wp-content\/uploads\/2026\/03\/logo-no-background-150x150.png 150w\" class=\"et_animated wp-image-75391\" title=\"logo-no-background\" alt=\"\"><\/span><\/div><div class=\"et_pb_blurb_container\"><h4 class=\"et_pb_module_header\">ISL\u00c4NDISCH AM STRASSENRAND<\/h4><div class=\"et_pb_blurb_description\"><p><strong>CAMPER ICELAND Ehf<\/strong><br \/>\nKlettatr\u00f6\u00f0 15<br \/>\nIS-262 Keflav\u00edk (Reykjanesb\u00e6r)<br \/>\nICELAND<\/p>\n<p><a href=\"mailto:info@camper.is\">info@camper.is<\/a><br \/>\n<strong>+354 860 1006<\/strong><\/p>\n<\/div><\/div><\/div><\/div>\n<\/div>\n<\/div>\n\n<div class=\"et_pb_row_2 et_pb_row et_flex_row\">\n<div class=\"et_pb_column_4 et_pb_column et_flex_column et_pb_css_mix_blend_mode_passthrough et_flex_column_12_24 et_flex_column_12_24_tablet et_flex_column_24_24_phone\">\n<section class=\"et_pb_fullwidth_header_0 et_pb_fullwidth_header et_pb_bg_layout_dark et_pb_text_align_left et_pb_module et_flex_module\"><div class=\"et_pb_fullwidth_header_container left\"><div class=\"header-content-container center\"><div class=\"header-content et_flex_module\"><h1 class=\"et_pb_module_header\">\"Am st\u00e4rksten in Island\"<\/h1><div class=\"et_pb_header_content_wrapper\"><p>\"Wir sind sehr stolz darauf, von Creditinfo als eines der 'Strongest in Iceland' ausgezeichnet zu werden, eine Eliteauszeichnung, die landesweit an weniger als 2% der Unternehmen vergeben wird. Diese prestigetr\u00e4chtige Zertifizierung ist nicht nur eine Auszeichnung, sondern spiegelt auch unser unerm\u00fcdliches Engagement f\u00fcr finanzielle Stabilit\u00e4t, Transparenz und operative Exzellenz wider. F\u00fcr unsere Reisenden bedeutet dies die absolute Gewissheit, mit einer zuverl\u00e4ssigen, langj\u00e4hrigen S\u00e4ule der isl\u00e4ndischen Tourismusbranche zusammenzuarbeiten. Indem wir Jahr f\u00fcr Jahr die strengsten Kredit- und Leistungsstandards einhalten, stellen wir sicher, dass unsere Flotte und unsere Dienstleistungen auf h\u00f6chstem internationalen Niveau bleiben. Wenn Sie \u00fcber <b data-path-to-node=\"3,0\" data-index-in-node=\"675\">camper.is<\/b> oder <b data-path-to-node=\"3,0\" data-index-in-node=\"688\">iceland.ch<\/b> buchen, entscheiden Sie sich f\u00fcr einen Partner mit der bew\u00e4hrten St\u00e4rke, Ihre Reise von Anfang bis Ende zu begleiten.\"    <\/p>\n<\/div><div class=\"et_pb_header_button_wrapper\"><a class=\"et_pb_button et_pb_more_button et_pb_button_one\" href=\"https:\/\/www.creditinfo.is\/what-is-strongest-in-iceland\" target=\"_blank\" rel=\"noopener\">Mehr lesen<\/a><\/div><\/div><\/div><\/div><div class=\"et_pb_fullwidth_header_overlay\"><\/div><div class=\"et_pb_fullwidth_header_scroll\"><\/div><\/section>\n<\/div>\n\n<div class=\"et_pb_column_5 et_pb_column et-last-child et_flex_column et_pb_css_mix_blend_mode_passthrough et_flex_column_12_24 et_flex_column_12_24_tablet et_flex_column_24_24_phone\">\n<section class=\"et_pb_fullwidth_header_1 et_pb_fullwidth_header et_pb_bg_layout_dark et_pb_text_align_left et_pb_module et_flex_module\"><div class=\"et_pb_fullwidth_header_container left\"><div class=\"header-content-container center\"><div class=\"header-content et_flex_module\"><h1 class=\"et_pb_module_header\">Das schweizerisch-isl\u00e4ndische Erbe<\/h1><div class=\"et_pb_header_content_wrapper\"><p>\"Gegr\u00fcndet auf einer einzigartigen Mischung aus <b data-path-to-node=\"3,0\" data-index-in-node=\"31\">Schweizer Zuverl\u00e4ssigkeit und isl\u00e4ndischer Leidenschaft<\/b>, ist Camper Iceland seit 1987, als wir das erste auf Island spezialisierte Reiseb\u00fcro in der Schweiz er\u00f6ffneten, ein Pionier in Familienbesitz. Wir kombinieren die akribischen Standards unserer Schweizer Herkunft - mit Schwerpunkt auf Sicherheit, Organisation und hochwertiger Wartung - mit einer tiefen, lokalen Kenntnis der ungez\u00e4hmten Landschaften Islands. Mit <b data-path-to-node=\"3,0\" data-index-in-node=\"337\">iceland.ch<\/b> und <b data-path-to-node=\"3,0\" data-index-in-node=\"352\">camper.is<\/b> \u00fcberbr\u00fccken wir die Kluft zwischen europ\u00e4ischen Erwartungen und der arktischen Realit\u00e4t. Unser Ziel ist es, Sie mit der Pr\u00e4zision einer Schweizer Uhr und dem rauen Geist eines isl\u00e4ndischen Entdeckers zu versorgen. Ganz gleich, ob Sie die Ringstra\u00dfe oder das abgelegene Hochland befahren, Sie werden von jahrzehntelanger internationaler Expertise und lokalem Herzblut unterst\u00fctzt.\"    <\/p>\n<\/div><div class=\"et_pb_header_button_wrapper\"><a class=\"et_pb_button et_pb_more_button et_pb_button_one\" href=\"https:\/\/www.camper.is\/vegvisir-wayfinder-for-travellers\/camper-iceland-the-brand\/\">Hier klicken<\/a><\/div><\/div><\/div><\/div><div class=\"et_pb_fullwidth_header_overlay\"><\/div><div class=\"et_pb_fullwidth_header_scroll\"><\/div><\/section>\n<\/div>\n<\/div>\n\n<div class=\"et_pb_row_3 et_pb_row et_block_row\">\n<div class=\"et_pb_column_6 et_pb_column et_pb_column_4_4 et-last-child et_block_column et_pb_css_mix_blend_mode_passthrough\">\n<div class=\"et_pb_text_1 et_pb_text et_pb_bg_layout_light et_pb_module et_block_module\"><div class=\"et_pb_text_inner\"><p><iframe src=\"https:\/\/www.google.com\/maps\/embed?pb=!1m18!1m12!1m3!1d7005.920598997663!2d-22.58898250876148!3d63.9607060307733!2m3!1f0!2f0!3f0!3m2!1i1024!2i768!4f13.1!3m3!1m2!1s0x4929fd8fba878545%3A0x34ce608c3b726f21!2sMjollnir%20Camper!5e0!3m2!1sen!2sch!4v1668680917587!5m2!1sen!2sch\" width=\"1200\" height=\"600\" style=\"border:0;\" allowfullscreen=\"\" loading=\"lazy\" referrerpolicy=\"no-referrer-when-downgrade\"><\/iframe><\/p>\n<\/div><\/div>\n\n<div class=\"et_pb_text_2 et_pb_text et_pb_bg_layout_dark et_animated et_pb_module et_block_module\"><div class=\"et_pb_text_inner\"><p>\"Wir von Camper Island glauben an Transparenz und Fairness. W\u00e4hrend wir einen 4,3-Sterne-Durchschnitt halten, sind wir stolz auf unsere ehrlichen Schadensbewertungen, die die Sicherheit und Qualit\u00e4t unserer Flotte f\u00fcr den n\u00e4chsten Reisenden sicherstellen. Wir laden Sie ein, unsere detaillierten Antworten auf die R\u00fcckmeldungen zu lesen - wir stehen zu unseren Fahrzeugen und unseren schweizerisch-isl\u00e4ndischen Servicestandards.\"<\/p>\n<\/div><\/div>\n<\/div>\n<\/div>\n\n<div class=\"et_pb_row_4 et_pb_row et-vb-row--no-module et_block_row\">\n<div class=\"et_pb_column_7 et_pb_column et_pb_column_1_2 et_block_column et_pb_column_empty et_pb_css_mix_blend_mode_passthrough\"><\/div>\n\n<div class=\"et_pb_column_8 et_pb_column et_pb_column_1_2 et-last-child et_block_column et_pb_column_empty et_pb_css_mix_blend_mode_passthrough\"><\/div>\n<\/div>\n<div class=\"et_pb_bottom_inside_divider et-no-transition\"><\/div><\/div>\n\n<div class=\"et_pb_section_1 et_pb_section et_section_regular et_block_section section_has_divider et_pb_top_divider\"><div class=\"et_pb_top_inside_divider et-no-transition\"><\/div>\n<div class=\"et_pb_row_5 et_pb_row et_block_row\">\n<div class=\"et_pb_column_9 et_pb_column et_pb_column_4_4 et-last-child et_block_column et_pb_css_mix_blend_mode_passthrough\">\n<div class=\"et_pb_text_3 et_pb_text et_pb_bg_layout_light et_pb_module et_block_module\"><div class=\"et_pb_text_inner\"><h2>H\u00e4ufig gestellte Fragen<\/h2>\n<\/div><\/div>\n<\/div>\n<\/div>\n\n<div class=\"et_pb_row_6 et_pb_row et_block_row\">\n<div class=\"et_pb_column_10 et_pb_column et_pb_column_1_2 et_block_column et_pb_css_mix_blend_mode_passthrough\">\n<div class=\"et_pb_blurb_3 et_pb_blurb et_pb_bg_layout_light et_pb_text_align_center et_pb_blurb_position_left et_animated et_pb_module et_block_module\"><div class=\"et_pb_blurb_content\"><div class=\"et_pb_main_blurb_image\"><span class=\"et_pb_image_wrap\"><span class=\"et-pb-icon et_animated et_animated\">^<\/span><\/span><\/div><div class=\"et_pb_blurb_container\"><h4 class=\"et_pb_module_header\">Wie weit ist die Vermietstation vom Flughafen entfernt?<\/h4><div class=\"et_pb_blurb_description\"><p>Wir sind nur 5 Minuten vom internationalen Flughafen entfernt. Der Flughafen KEF wird manchmal Reykjavik genannt, obwohl er in Keflavik ist. Wir haben uns f\u00fcr die N\u00e4he des internationalen Flughafens in Keflav\u00edk entschieden. In Reykjav\u00edk selber werden Inlandsfl\u00fcge abgefertigt.<\/p>\n<\/div><\/div><\/div><\/div>\n\n<div class=\"et_pb_blurb_4 et_pb_blurb et_pb_bg_layout_light et_pb_text_align_center et_pb_blurb_position_left et_animated et_pb_module et_block_module\"><div class=\"et_pb_blurb_content\"><div class=\"et_pb_main_blurb_image\"><span class=\"et_pb_image_wrap\"><span class=\"et-pb-icon et_animated et_animated\">^<\/span><\/span><\/div><div class=\"et_pb_blurb_container\"><h4 class=\"et_pb_module_header\">Wo kann ich einen Shuttleservice zur Vermietstation buchen?<\/h4><div class=\"et_pb_blurb_description\"><p>Du brauchst nicht. Nehmen Sie einfach ein Taxi vom Flughafen. <a href=\"https:\/\/www.campericeland.com\/shop\/\" target=\"_blank\" rel=\"noopener noreferrer\"><\/a><\/p>\n<\/div><\/div><\/div><\/div>\n\n<div class=\"et_pb_blurb_5 et_pb_blurb et_pb_bg_layout_light et_pb_text_align_center et_pb_blurb_position_left et_animated et_pb_module et_block_module\"><div class=\"et_pb_blurb_content\"><div class=\"et_pb_main_blurb_image\"><span class=\"et_pb_image_wrap\"><span class=\"et-pb-icon et_animated et_animated\">^<\/span><\/span><\/div><div class=\"et_pb_blurb_container\"><h4 class=\"et_pb_module_header\">Wie bereite ich mich auf meine Reise nach Island vor?<\/h4><div class=\"et_pb_blurb_description\"><p>Vielen Dank, dass Sie sich f\u00fcr Camper Iceland entschieden haben. Ihr Island-Urlaub steht in K\u00fcrze an und wir m\u00f6chten Sie so gut wie m\u00f6glich auf Ihre Reise nach Island vorbereiten. <a href=\"https:\/\/www.camper.is\/de\/vegvisir-der-wegfinder-fuer-island\/\">Lesen Sie hier mehr..<\/a><\/p>\n<\/div><\/div><\/div><\/div>\n\n<div class=\"et_pb_blurb_6 et_pb_blurb et_pb_bg_layout_light et_pb_text_align_center et_pb_blurb_position_left et_animated et_pb_module et_block_module\"><div class=\"et_pb_blurb_content\"><div class=\"et_pb_main_blurb_image\"><span class=\"et_pb_image_wrap\"><span class=\"et-pb-icon et_animated et_animated\">^<\/span><\/span><\/div><div class=\"et_pb_blurb_container\"><h4 class=\"et_pb_module_header\">Gibt es einen Pre-Check In?<\/h4><div class=\"et_pb_blurb_description\"><p>Sie k\u00f6nnen bis zu 30 Minuten sparen, indem Sie unser Pre-Check In nutzen. Hier sehen Sie, wie es funktioniert, <a href=\"https:\/\/www.camper.is\/de\/vegvisir-der-wegfinder-fuer-island\/check-in-kiosk-tutorial\/\">klicken Sie hier...<\/a><\/p>\n<\/div><\/div><\/div><\/div>\n<\/div>\n\n<div class=\"et_pb_column_11 et_pb_column et_pb_column_1_2 et-last-child et_block_column et_pb_css_mix_blend_mode_passthrough\">\n<div class=\"et_pb_blurb_7 et_pb_blurb et_pb_bg_layout_light et_pb_text_align_center et_pb_blurb_position_left et_animated et_pb_module et_block_module\"><div class=\"et_pb_blurb_content\"><div class=\"et_pb_main_blurb_image\"><span class=\"et_pb_image_wrap\"><span class=\"et-pb-icon et_animated et_animated\">^<\/span><\/span><\/div><div class=\"et_pb_blurb_container\"><h4 class=\"et_pb_module_header\">Gibt es Unterk\u00fcnfte in der N\u00e4he der Vermietstation?<\/h4><div class=\"et_pb_blurb_description\"><p>Keflavik bietet mehrere Hotels und Pensionen.  <\/p>\n<\/div><\/div><\/div><\/div>\n\n<div class=\"et_pb_blurb_8 et_pb_blurb et_pb_bg_layout_light et_pb_text_align_center et_pb_blurb_position_left et_animated et_pb_module et_block_module\"><div class=\"et_pb_blurb_content\"><div class=\"et_pb_main_blurb_image\"><span class=\"et_pb_image_wrap\"><span class=\"et-pb-icon et_animated et_animated\">^<\/span><\/span><\/div><div class=\"et_pb_blurb_container\"><h4 class=\"et_pb_module_header\">Wie komme ich nach meiner Landung in Island zur Vermietstation?<\/h4><div class=\"et_pb_blurb_description\"><p>Wir erkl\u00e4ren, wo Sie in unser Land einreisen und wie Sie zu unserer Mietstation in unserem<a href=\"https:\/\/www.camper.is\/de\/vegvisir-der-wegfinder-fuer-island\/\"> Wegfinder-Seite<\/a><\/p>\n<\/div><\/div><\/div><\/div>\n\n<div class=\"et_pb_blurb_9 et_pb_blurb et_pb_bg_layout_light et_pb_text_align_center et_pb_blurb_position_left et_animated et_pb_module et_block_module\"><div class=\"et_pb_blurb_content\"><div class=\"et_pb_main_blurb_image\"><span class=\"et_pb_image_wrap\"><span class=\"et-pb-icon et_animated et_animated\">^<\/span><\/span><\/div><div class=\"et_pb_blurb_container\"><h4 class=\"et_pb_module_header\">Wie verl\u00e4uft die Entgegennahme des Fahzeuges?<\/h4><div class=\"et_pb_blurb_description\"><p>M\u00f6chten Sie Instruktionen zu unseren Fahzeugen haben? Wir bieten Informationen und hilfreiche Tipps &amp; Tricks. <a href=\"https:\/\/www.camper.is\/de\/vegvisir-der-wegfinder-fuer-island\/\">Klicken Sie hier, um mehr dar\u00fcber zu erfahren...<\/a><\/p>\n<\/div><\/div><\/div><\/div>\n\n<div class=\"et_pb_blurb_10 et_pb_blurb et_pb_bg_layout_light et_pb_text_align_center et_pb_blurb_position_left et_animated et_pb_module et_block_module\"><div class=\"et_pb_blurb_content\"><div class=\"et_pb_main_blurb_image\"><span class=\"et_pb_image_wrap\"><span class=\"et-pb-icon et_animated et_animated\">^<\/span><\/span><\/div><div class=\"et_pb_blurb_container\"><h4 class=\"et_pb_module_header\">Wo kann ich einkaufen gehen, sobald ich mein Fahrzeug habe?<\/h4><div class=\"et_pb_blurb_description\"><p>Wir haben n\u00fctzliche Informationen \u00fcber die Superm\u00e4rkte in der N\u00e4he zusammengestellt. <a href=\"https:\/\/www.camper.is\/de\/vegvisir-der-wegfinder-fuer-island\/\">Klicken Sie hier, um mehr zu lesen...<\/a><\/p>\n<\/div><\/div><\/div><\/div>\n\n<div class=\"et_pb_blurb_11 et_pb_blurb et_pb_bg_layout_light et_pb_text_align_center et_pb_blurb_position_left et_animated et_pb_module et_block_module\"><div class=\"et_pb_blurb_content\"><div class=\"et_pb_main_blurb_image\"><span class=\"et_pb_image_wrap\"><span class=\"et-pb-icon et_animated et_animated\">^<\/span><\/span><\/div><div class=\"et_pb_blurb_container\"><h4 class=\"et_pb_module_header\">Was ist, wenn w\u00e4hrend der Reise etwas schief geht?<\/h4><div class=\"et_pb_blurb_description\"><p>Camper Iceland bietet fortschrittliche Instruktion und hat viel Erfahrung beim L\u00f6sen von Problemen. Als \u00e4lteste Camper-Vermietung bieten wir Ihnen Instruktionen bei Fahrzeug\u00fcbernahme und Anleitungsvideos an, sowie telefonischen Support f\u00fcr unterwegs. <a href=\"https:\/\/www.camper.is\/de\/vegvisir-der-wegfinder-fuer-island\/\">Klicken Sie hier, um mehr zu lesen...<\/a><\/p>\n<\/div><\/div><\/div><\/div>\n<\/div>\n<\/div>\n<\/div>\n\n<div class=\"et_pb_section_2 et_pb_section et_section_regular et_block_section section_has_divider et_pb_top_divider\"><div class=\"et_pb_top_inside_divider et-no-transition\"><\/div>\n<div class=\"et_pb_row_7 et_pb_row et_block_row\">\n<div class=\"et_pb_column_12 et_pb_column et_pb_column_4_4 et-last-child et_block_column et_pb_css_mix_blend_mode_passthrough\">\n<div class=\"et_pb_text_4 et_pb_text et_pb_bg_layout_dark et_pb_module et_block_module\"><div class=\"et_pb_text_inner\"><h2>Unsere Vermietstation<br \/>+354 553 6000  <\/h2>\n<\/div><\/div>\n<\/div>\n<\/div>\n\n<div class=\"et_pb_row_8 et_pb_row et_block_row\">\n<div class=\"et_pb_column_13 et_pb_column et_pb_column_1_3 et_block_column et_pb_css_mix_blend_mode_passthrough\">\n<div class=\"et_pb_blurb_12 et_pb_blurb et_pb_bg_layout_dark et_pb_blurb_position_left et_animated et_pb_module et_block_module\"><div class=\"et_pb_blurb_content\"><div class=\"et_pb_main_blurb_image\"><span class=\"et_pb_image_wrap\"><span class=\"et-pb-icon\">\ue076<\/span><\/span><\/div><div class=\"et_pb_blurb_container\"><h4 class=\"et_pb_module_header\">info@camper.is<\/h4><\/div><\/div><\/div>\n<\/div>\n\n<div class=\"et_pb_column_14 et_pb_column et_pb_column_1_3 et_block_column et_pb_css_mix_blend_mode_passthrough\">\n<div class=\"et_pb_blurb_13 et_pb_blurb et_pb_bg_layout_dark et_pb_blurb_position_left et_animated et_pb_module et_block_module\"><div class=\"et_pb_blurb_content\"><div class=\"et_pb_main_blurb_image\"><span class=\"et_pb_image_wrap\"><span class=\"et-pb-icon\">\ue090<\/span><\/span><\/div><div class=\"et_pb_blurb_container\"><h4 class=\"et_pb_module_header\">+354 553 6000  <\/h4><\/div><\/div><\/div>\n<\/div>\n\n<div class=\"et_pb_column_15 et_pb_column et_pb_column_1_3 et-last-child et_block_column et_pb_css_mix_blend_mode_passthrough\">\n<div class=\"et_pb_blurb_14 et_pb_blurb et_pb_bg_layout_dark et_pb_blurb_position_left et_animated et_pb_module et_block_module\"><div class=\"et_pb_blurb_content\"><div class=\"et_pb_main_blurb_image\"><a href=\"https:\/\/goo.gl\/maps\/paTFJG2BPsNJ6i3y6\" target=\"_blank\" rel=\"noopener\"><span class=\"et_pb_image_wrap\"><span class=\"et-pb-icon\">\ue081<\/span><\/span><\/a><\/div><div class=\"et_pb_blurb_container\"><h4 class=\"et_pb_module_header\"><a href=\"https:\/\/goo.gl\/maps\/paTFJG2BPsNJ6i3y6\" target=\"_blank\" rel=\"noopener\">Klettatr\u00f6\u00f0 15 | IS-262 KEFLAVIK<\/a><\/h4><\/div><\/div><\/div>\n<\/div>\n<\/div>\n\n<div class=\"et_pb_row_9 et_pb_row et_block_row\">\n<div class=\"et_pb_column_16 et_pb_column et_pb_column_4_4 et-last-child et_block_column et_pb_css_mix_blend_mode_passthrough\">\n<div class=\"et_pb_module et_pb_button_module_wrapper et_pb_button_0_wrapper\"><a class=\"et_pb_button_0 et_pb_button et_pb_bg_layout_dark et_pb_module et_block_module\" href=\"https:\/\/web.rentalcarmanager.com\/api32\/Camper-Iceland\/\" target=\"_blank\" rel=\"noopener\">Reservieren Sie Ihr Fahrzeug online<\/a><\/div>\n<\/div>\n<\/div>\n<\/div>\n\n<div class=\"et_pb_section_3 et_pb_section et_section_regular et_block_section section_has_divider et_pb_bottom_divider\"><div class=\"et_pb_row_10 et_pb_row et_block_row et_pb_row_fullwidth\"><div class=\"et_pb_column_17 et_pb_column et_pb_column_1_2 et_block_column et_pb_css_mix_blend_mode_passthrough\"><div class=\"et_pb_blurb_15 et_pb_blurb et_pb_bg_layout_dark et_pb_text_align_center et_pb_blurb_position_top et_pb_module et_block_module\"><div class=\"et_pb_blurb_content\"><div class=\"et_pb_main_blurb_image\"><a href=\"https:\/\/web.rentalcarmanager.com\/api32\/Camper-Iceland\/Step2\" target=\"_blank\" rel=\"noopener\"><span class=\"et_pb_image_wrap\"><span class=\"et-pb-icon et_animated et_animated\">\ue030<\/span><\/span><\/a><\/div><div class=\"et_pb_blurb_container\"><h4 class=\"et_pb_module_header\"><a href=\"https:\/\/web.rentalcarmanager.com\/api32\/Camper-Iceland\/Step2\" target=\"_blank\" rel=\"noopener\">Online BOOKING<\/a><\/h4><\/div><\/div><\/div><div class=\"et_pb_module et_pb_button_module_wrapper et_pb_button_1_wrapper\"><a class=\"et_pb_button_1 et_pb_button et_pb_bg_layout_light et_pb_module et_block_module\" href=\"https:\/\/web.rentalcarmanager.com\/api32\/Camper-Iceland\/Step2\" target=\"_blank\" rel=\"noopener\">BOOK NOW<\/a><\/div><\/div><div class=\"et_pb_column_18 et_pb_column et_pb_column_1_2 et-last-child et_block_column et_pb_css_mix_blend_mode_passthrough\"><div class=\"et_pb_blurb_16 et_pb_blurb et_pb_bg_layout_dark et_pb_text_align_center et_pb_blurb_position_top et_pb_module et_block_module\"><div class=\"et_pb_blurb_content\"><div class=\"et_pb_main_blurb_image\"><span class=\"et_pb_image_wrap\"><span class=\"et-pb-icon et_animated et_animated\">\ue01d<\/span><\/span><\/div><div class=\"et_pb_blurb_container\"><h4 class=\"et_pb_module_header\">Rental Station<\/h4><div class=\"et_pb_blurb_description\"><p><strong>Camper Iceland<\/strong><br \/>K L E T TATR\u00d6\u00d0 15<br \/>IS-262 Keflavik\u00a0<br \/>ICELAND<br \/><a href=\"mailto:info@camper.is\" target=\"_blank\" rel=\"noopener noreferrer\">info@camper.is<\/a><br \/>IS:<span>+354 553 6000\u00a0<\/span><\/p>\n<\/div><\/div><\/div><\/div><\/div><\/div><div class=\"et_pb_bottom_inside_divider et-no-transition\"><\/div><\/div><span class=\"et_bloom_bottom_trigger\"><\/span>","protected":false},"excerpt":{"rendered":"","protected":false},"author":1,"featured_media":0,"parent":41887,"menu_order":5,"comment_status":"closed","ping_status":"closed","template":"","meta":{"_acf_changed":false,"jetpack_post_was_ever_published":false,"footnotes":""},"class_list":["post-41907","page","type-page","status-publish","hentry"],"acf":[],"jetpack_sharing_enabled":true,"_links":{"self":[{"href":"https:\/\/www.camper.is\/de\/wp-json\/wp\/v2\/pages\/41907","targetHints":{"allow":["GET"]}}],"collection":[{"href":"https:\/\/www.camper.is\/de\/wp-json\/wp\/v2\/pages"}],"about":[{"href":"https:\/\/www.camper.is\/de\/wp-json\/wp\/v2\/types\/page"}],"author":[{"embeddable":true,"href":"https:\/\/www.camper.is\/de\/wp-json\/wp\/v2\/users\/1"}],"replies":[{"embeddable":true,"href":"https:\/\/www.camper.is\/de\/wp-json\/wp\/v2\/comments?post=41907"}],"version-history":[{"count":1,"href":"https:\/\/www.camper.is\/de\/wp-json\/wp\/v2\/pages\/41907\/revisions"}],"predecessor-version":[{"id":76550,"href":"https:\/\/www.camper.is\/de\/wp-json\/wp\/v2\/pages\/41907\/revisions\/76550"}],"up":[{"embeddable":true,"href":"https:\/\/www.camper.is\/de\/wp-json\/wp\/v2\/pages\/41887"}],"wp:attachment":[{"href":"https:\/\/www.camper.is\/de\/wp-json\/wp\/v2\/media?parent=41907"}],"curies":[{"name":"wp","href":"https:\/\/api.w.org\/{rel}","templated":true}]}}