{"id":41906,"date":"2019-11-18T17:14:20","date_gmt":"2019-11-18T17:14:20","guid":{"rendered":"https:\/\/www.campericeland.is\/verleihstation-de\/"},"modified":"2022-09-02T13:48:57","modified_gmt":"2022-09-02T13:48:57","slug":"verleihstation-de","status":"publish","type":"page","link":"https:\/\/www.camper.is\/de\/verleihstation-de\/","title":{"rendered":"Vermietstation DE"},"content":{"rendered":"<div class=\"et_d4_element et_pb_section et_pb_section_0  et_pb_css_mix_blend_mode et_section_regular et_block_section\" >\n\t\t\t\t\n\t\t\t\t\n\t\t\t\t\n\t\t\t\t\n\t\t\t\t\n\t\t\t\t\n\t\t\t\t<div class=\"et_d4_element et_pb_row et_pb_row_0  et_pb_css_mix_blend_mode et_block_row\">\n\t\t\t\t<div class=\"et_d4_element et_pb_column_4_4 et_pb_column et_pb_column_0  et_pb_css_mix_blend_mode et-last-child et_block_column\">\n\t\t\t\t\n\t\t\t\t\n\t\t\t\t\n\t\t\t\t\n\t\t\t\t<div class=\"et_pb_module et_d4_element et_pb_text et_pb_text_0  et_pb_text_align_left et_pb_bg_layout_light\">\n\t\t\t\t\n\t\t\t\t\n\t\t\t\t\n\t\t\t\t\n\t\t\t\t<div class=\"et_pb_text_inner\"><h3>Karte<\/h3>\n<p><strong>Die Vermietstation Camper Iceland ist nur 5 Minuten vom Flughafen entfernt. <\/strong><\/p>\n<p>&nbsp;<\/p>\n<h3><strong><br \/>Rezeption<br \/><\/strong><\/h3>\n<p>Unsere Vermietstation ist ca. 4 km vom internationalen Flughafen in Keflavik entfernt.<\/p>\n<p>Camper Island Ehf<br \/>Njar\u00f0abraut 3h<br \/>IS-260 Reykjanesb\u00e6r<br \/>+354 539 3889<\/p>\n<p>&nbsp;<\/p>\n<p><strong>Shuttleservice<\/strong><\/p>\n<p>Bitte nehmen Sie ein Taxi<\/p>\n<p>&nbsp;<\/p>\n<p><strong style=\"line-height: 1.5;\">\u00d6ffnungszeiten Pick up \/ Drop off Camper Island Rental Station:<\/strong><\/p>\n<p>Abholservice: Mo - Fr: 09.00 - 17.00<\/p>\n<p>Abholservice: Mo - Fr: 09.00 - 16.00<\/p>\n<p>F\u00fcr den Abhol- und Bringservice au\u00dferhalb der regul\u00e4ren \u00d6ffnungszeiten (17.00 - 22.00 Uhr \/ 06.00 - 09.00 Uhr) wird eine Geb\u00fchr f\u00fcr die Zeit nach den \u00d6ffnungszeiten erhoben.<\/p>\n<p>F\u00fcr den Abhol- und Bringservice an Feiertagen und Wochenenden (Samstag und Sonntag) wird eine Feiertagsgeb\u00fchr erhoben.<\/p>\n<p>Die Verleihstation ist geschlossen: 22.00 - 06.00 Uhr (t\u00e4glich)<\/p>\n<p><strong>Wir bieten:<\/strong><\/p>\n<ul>\n<li>Kostenlose Gep\u00e4ckaufbewahrung<\/li>\n<li>Anleitung zum Fahrzeug<\/li>\n<li>Shop f\u00fcr Extras<\/li>\n<\/ul>\n<p>&nbsp;<\/p>\n<p><strong>Notfall<br \/><\/strong><br \/>Im Falle eines Notfalles w\u00e4hlen Sie 112 f\u00fcr Polizei oder Sanit\u00e4ter.<\/p>\n<p>=&gt; Bitte \u00fcberpr\u00fcfen Sie die Notfallakte am Fahrzeug und auf Ihren Einweisungsunterlagen.<\/p><\/div>\n\t\t\t<\/div>\n\t\t\t<\/div>\n\t\t\t\t\n\t\t\t\t\n\t\t\t\t\n\t\t\t\t\n\t\t\t<\/div>\n\t\t\t\t\n\t\t\t\t\n\t\t\t<\/div>\n","protected":false},"excerpt":{"rendered":"","protected":false},"author":1,"featured_media":0,"parent":0,"menu_order":1,"comment_status":"closed","ping_status":"closed","template":"","meta":{"_acf_changed":false,"jetpack_post_was_ever_published":false,"_et_pb_use_builder":"on","_et_pb_old_content":"","_et_gb_content_width":"","footnotes":""},"class_list":["post-41906","page","type-page","status-publish","hentry"],"acf":[],"jetpack_sharing_enabled":true,"jetpack_shortlink":"https:\/\/wp.me\/P569lP-aTU","jetpack-related-posts":[{"id":54935,"url":"https:\/\/www.camper.is\/de\/camper-iceland-uebersicht\/4x4-camper-b-tyr\/","url_meta":{"origin":41906,"position":0},"title":"4&#215;4 CAMPER TYR","author":"admin","date":"17. November 2022","format":false,"excerpt":"","rel":"","context":"\u00c4hnlicher Beitrag","block_context":{"text":"\u00c4hnlicher Beitrag","link":""},"img":{"alt_text":"","src":"https:\/\/i0.wp.com\/www.camper.is\/wp-content\/uploads\/2022\/11\/4x4_camper_tyr.jpeg?fit=800%2C800&quality=80&ssl=1&resize=350%2C200","width":350,"height":200,"srcset":"https:\/\/i0.wp.com\/www.camper.is\/wp-content\/uploads\/2022\/11\/4x4_camper_tyr.jpeg?fit=800%2C800&quality=80&ssl=1&resize=350%2C200 1x, https:\/\/i0.wp.com\/www.camper.is\/wp-content\/uploads\/2022\/11\/4x4_camper_tyr.jpeg?fit=800%2C800&quality=80&ssl=1&resize=525%2C300 1.5x, https:\/\/i0.wp.com\/www.camper.is\/wp-content\/uploads\/2022\/11\/4x4_camper_tyr.jpeg?fit=800%2C800&quality=80&ssl=1&resize=700%2C400 2x"},"classes":[]},{"id":26299,"url":"https:\/\/www.camper.is\/vegvisir-wayfinder-for-travellers\/camper-iceland-videos\/","url_meta":{"origin":41906,"position":1},"title":"Camper Iceland Videos","author":"admin","date":"9. November 2019","format":false,"excerpt":"","rel":"","context":"\u00c4hnlicher Beitrag","block_context":{"text":"\u00c4hnlicher Beitrag","link":""},"img":{"alt_text":"","src":"","width":0,"height":0},"classes":[]},{"id":42151,"url":"https:\/\/www.camper.is\/de\/vegvisir-der-wegfinder-fuer-island\/wie-waehlt-man-das-richtige-wohnmobil-und-4x4-camper-fuer-island\/","url_meta":{"origin":41906,"position":2},"title":"Wie Sie das richtige Wohnmobil und 4&#215;4 Camper f\u00fcr Island ausw\u00e4hlen","author":"admin","date":"19. November 2019","format":false,"excerpt":"","rel":"","context":"\u00c4hnlicher Beitrag","block_context":{"text":"\u00c4hnlicher Beitrag","link":""},"img":{"alt_text":"","src":"https:\/\/i0.wp.com\/www.camper.is\/wp-content\/uploads\/2019\/11\/traveldocs.jpg?fit=500%2C500&quality=80&ssl=1&resize=350%2C200","width":350,"height":200},"classes":[]},{"id":41918,"url":"https:\/\/www.camper.is\/de\/camper-iceland-uebersicht\/motor-home-6-plus\/","url_meta":{"origin":41906,"position":3},"title":"Wohnmobil 6G","author":"admin","date":"18. November 2019","format":false,"excerpt":"Entfliehen Sie in die isl\u00e4ndische Wildnis mit dem Wohnmobil 6 FRIGG, einem ger\u00e4umigen und gut ausgestatteten Fahrzeug, das sich perfekt f\u00fcr Familien oder Gruppen von bis zu sechs Personen eignet. Dieses von einem kraftstoffsparenden Dieselmotor angetriebene Wohnmobil bietet Ihnen die Freiheit, Island in Ihrem eigenen Tempo zu erkunden, und verf\u00fcgt\u2026","rel":"","context":"\u00c4hnlicher Beitrag","block_context":{"text":"\u00c4hnlicher Beitrag","link":""},"img":{"alt_text":"","src":"https:\/\/i0.wp.com\/www.camper.is\/wp-content\/uploads\/2019\/11\/MOTOR_HOME_6_PLUS.jpg?fit=800%2C800&quality=80&ssl=1&resize=350%2C200","width":350,"height":200,"srcset":"https:\/\/i0.wp.com\/www.camper.is\/wp-content\/uploads\/2019\/11\/MOTOR_HOME_6_PLUS.jpg?fit=800%2C800&quality=80&ssl=1&resize=350%2C200 1x, https:\/\/i0.wp.com\/www.camper.is\/wp-content\/uploads\/2019\/11\/MOTOR_HOME_6_PLUS.jpg?fit=800%2C800&quality=80&ssl=1&resize=525%2C300 1.5x, https:\/\/i0.wp.com\/www.camper.is\/wp-content\/uploads\/2019\/11\/MOTOR_HOME_6_PLUS.jpg?fit=800%2C800&quality=80&ssl=1&resize=700%2C400 2x"},"classes":[]},{"id":41915,"url":"https:\/\/www.camper.is\/de\/vegvisir-der-wegfinder-fuer-island\/bedingungen-en\/","url_meta":{"origin":41906,"position":4},"title":"Bedingungen","author":"admin","date":"18. November 2019","format":false,"excerpt":"","rel":"","context":"\u00c4hnlicher Beitrag","block_context":{"text":"\u00c4hnlicher Beitrag","link":""},"img":{"alt_text":"","src":"","width":0,"height":0},"classes":[]},{"id":26359,"url":"https:\/\/www.camper.is\/vegvisir-wayfinder-for-travellers\/how-to-choose-the-right-motor-home-and-4x4-camper-for-iceland\/","url_meta":{"origin":41906,"position":5},"title":"How to choose the right Motor Home and 4&#215;4 Camper for Iceland","author":"admin","date":"9. November 2019","format":false,"excerpt":"","rel":"","context":"\u00c4hnlicher Beitrag","block_context":{"text":"\u00c4hnlicher Beitrag","link":""},"img":{"alt_text":"","src":"https:\/\/i0.wp.com\/www.camper.is\/wp-content\/uploads\/2019\/11\/traveldocs.jpg?fit=500%2C500&quality=80&ssl=1&resize=350%2C200","width":350,"height":200},"classes":[]}],"_links":{"self":[{"href":"https:\/\/www.camper.is\/de\/wp-json\/wp\/v2\/pages\/41906","targetHints":{"allow":["GET"]}}],"collection":[{"href":"https:\/\/www.camper.is\/de\/wp-json\/wp\/v2\/pages"}],"about":[{"href":"https:\/\/www.camper.is\/de\/wp-json\/wp\/v2\/types\/page"}],"author":[{"embeddable":true,"href":"https:\/\/www.camper.is\/de\/wp-json\/wp\/v2\/users\/1"}],"replies":[{"embeddable":true,"href":"https:\/\/www.camper.is\/de\/wp-json\/wp\/v2\/comments?post=41906"}],"version-history":[{"count":5,"href":"https:\/\/www.camper.is\/de\/wp-json\/wp\/v2\/pages\/41906\/revisions"}],"predecessor-version":[{"id":54262,"href":"https:\/\/www.camper.is\/de\/wp-json\/wp\/v2\/pages\/41906\/revisions\/54262"}],"wp:attachment":[{"href":"https:\/\/www.camper.is\/de\/wp-json\/wp\/v2\/media?parent=41906"}],"curies":[{"name":"wp","href":"https:\/\/api.w.org\/{rel}","templated":true}]}}