{"id":41904,"date":"2019-11-18T14:49:50","date_gmt":"2019-11-18T14:49:50","guid":{"rendered":"https:\/\/www.campericeland.is\/routenvorschlaege-versteckte-schaetze\/"},"modified":"2026-04-07T06:28:46","modified_gmt":"2026-04-07T06:28:46","slug":"routenvorschlaege-versteckte-schaetze","status":"publish","type":"page","link":"https:\/\/www.camper.is\/de\/vegvisir-der-wegfinder-fuer-island\/routenvorschlaege-versteckte-schaetze\/","title":{"rendered":"Routenvorschl\u00e4ge &amp; versteckte Sch\u00e4tze"},"content":{"rendered":"<div class=\"et_pb_section_0 et_pb_section et_pb_fullwidth_section et_section_regular et_block_section\"><section class=\"et_pb_fullwidth_header_0 et_pb_fullwidth_header et_pb_bg_layout_dark et_pb_text_align_left et_pb_section_parallax et_pb_module et_flex_module\"><span class=\"et-pb-parallax-wrapper\"><span class=\"et-pb-parallax-background et-pb-parallax-background-module--divi-fullwidth-header-0\" style=\"background-image:url(https:\/\/www.camper.is\/wp-content\/uploads\/2019\/11\/iceland_landscape_-25-1.jpeg)\"><\/span><\/span><div class=\"et_pb_fullwidth_header_container left\"><div class=\"header-content-container center\"><div class=\"header-content et_flex_module\"><h1 class=\"et_pb_module_header\">Routenvorschl\u00e4ge und verborgene Sch\u00e4tze<\/h1><span class=\"et_pb_fullwidth_header_subhead\">Finden Sie die richtigen Routenvorschl\u00e4ge und erfahren Sie mehr \u00fcber versteckte Sch\u00e4tze<\/span><div class=\"et_pb_header_content_wrapper\"><p>&nbsp;<\/p>\n<p>Die Reise nach Island wurde gerade einfacher. Wir posten unsere Reiseroutenvorschl\u00e4ge und weisen auf versteckte Orte hin. <\/p>\n<\/div><div class=\"et_pb_header_button_wrapper\"><\/div><\/div><\/div><\/div><div class=\"et_pb_fullwidth_header_overlay\"><\/div><div class=\"et_pb_fullwidth_header_scroll\"><\/div><\/section><\/div><div class=\"et_pb_section_1 et_pb_section et_section_regular et_block_section\"><div class=\"et_pb_row_0 et_pb_row et_block_row\"><div class=\"et_pb_column_0 et_pb_column et_pb_column_2_3 et_block_column et_pb_css_mix_blend_mode_passthrough\"><div class=\"et_pb_blog_0 et_pb_blog et_pb_bg_layout_light et_pb_text_align_center et_pb_posts et_animated et_pb_module\"><div class=\"et_pb_ajax_pagination_container\"><div class=\"et_pb_posts et_grid_module\"><article class=\"et_pb_post et_pb_post_id_76113 clearfix et_pb_blog_item_0_0 post-76113 post type-post status-publish format-standard has-post-thumbnail hentry category-news-produkt-updates category-reisenachfolgen-und-verborgene-schatze\"><div class=\"et_pb_image_container\"><a href=\"https:\/\/www.camper.is\/de\/brandneuer-reisefuehrer-fuer-island-ist-online\/\" class=\"entry-featured-image-url\"><img loading=\"lazy\" decoding=\"async\" src=\"https:\/\/i0.wp.com\/www.camper.is\/wp-content\/uploads\/2019\/11\/vegvisir.png?fit=1200%2C1200&#038;quality=72&#038;ssl=1\" width=\"400\" height=\"284\" alt=\"Brandneuer Reisef\u00fchrer f\u00fcr Island ist online\" class=\"\" srcset=\"https:\/\/i0.wp.com\/www.camper.is\/wp-content\/uploads\/2019\/11\/vegvisir.png?fit=1200%2C1200&amp;quality=72&amp;ssl=1 479w, https:\/\/i0.wp.com\/www.camper.is\/wp-content\/uploads\/2019\/11\/vegvisir.png?resize=400%2C284&amp;quality=72&amp;ssl=1 480w\" sizes=\"(max-width:479px) 479px, 100vw\" title=\"\"><span data-icon=\"\ue050\" class=\"et_overlay et_pb_inline_icon\"><\/span><\/a><\/div><h2 class=\"entry-title\"><a href=\"https:\/\/www.camper.is\/de\/brandneuer-reisefuehrer-fuer-island-ist-online\/\">Brandneuer Reisef\u00fchrer f\u00fcr Island ist online<\/a><\/h2><p class=\"post-meta\"><span class=\"published\">Apr. 7, 2026<\/span> | <span class=\"entry-categories\"><a href=\"https:\/\/www.camper.is\/de\/news-produkt-updates\/\" rel=\"tag\">News &amp; Produkt-Updates<\/a>, <a href=\"https:\/\/www.camper.is\/de\/news-produkt-updates\/reisenachfolgen-und-verborgene-schatze\/\" rel=\"tag\">Reisenachfolgen und verborgene Sch\u00e4tze<\/a><\/span><\/p><div class=\"post-content\"><div class=\"post-content-inner\"><p>Vegv\u00edsir, das isl\u00e4ndische Symbol und Wort f\u00fcr Wegfinder Vielen Dank, dass Sie sich f\u00fcr Camper Iceland entschieden haben! Sie haben sich f\u00fcr Island entschieden. Das Land wo die Natur Ihre Sch\u00f6nheit zeigt. Nordlichter tanzen am Himmel. \u00dcber 40% der Isl\u00e4nder glauben an&#8230;<\/p>\n<\/div><\/div><\/article><article class=\"et_pb_post et_pb_post_id_70847 clearfix et_pb_blog_item_0_1 post-70847 post type-post status-publish format-standard has-post-thumbnail hentry category-news-produkt-updates category-reisenachfolgen-und-verborgene-schatze category-sonderangebote-wettbewerbe\"><div class=\"et_pb_image_container\"><a href=\"https:\/\/www.camper.is\/de\/das-sicherste-land-der-welt\/\" class=\"entry-featured-image-url\"><img loading=\"lazy\" decoding=\"async\" src=\"https:\/\/i0.wp.com\/www.camper.is\/wp-content\/uploads\/2025\/02\/f800f92d-4f9f-415e-a56b-d91249dd2434-1.jpg?fit=1107%2C749&#038;quality=80&#038;ssl=1\" width=\"400\" height=\"284\" alt=\"Das sicherste Land der Welt\" class=\"\" srcset=\"https:\/\/i0.wp.com\/www.camper.is\/wp-content\/uploads\/2025\/02\/f800f92d-4f9f-415e-a56b-d91249dd2434-1.jpg?fit=1107%2C749&amp;quality=80&amp;ssl=1 479w, https:\/\/i0.wp.com\/www.camper.is\/wp-content\/uploads\/2025\/02\/f800f92d-4f9f-415e-a56b-d91249dd2434-1.jpg?resize=400%2C284&amp;quality=80&amp;ssl=1 480w\" sizes=\"(max-width:479px) 479px, 100vw\" title=\"\"><span data-icon=\"\ue050\" class=\"et_overlay et_pb_inline_icon\"><\/span><\/a><\/div><h2 class=\"entry-title\"><a href=\"https:\/\/www.camper.is\/de\/das-sicherste-land-der-welt\/\">Das sicherste Land der Welt<\/a><\/h2><p class=\"post-meta\"><span class=\"published\">Feb. 10, 2025<\/span> | <span class=\"entry-categories\"><a href=\"https:\/\/www.camper.is\/de\/news-produkt-updates\/\" rel=\"tag\">News &amp; Produkt-Updates<\/a>, <a href=\"https:\/\/www.camper.is\/de\/news-produkt-updates\/reisenachfolgen-und-verborgene-schatze\/\" rel=\"tag\">Reisenachfolgen und verborgene Sch\u00e4tze<\/a>, <a href=\"https:\/\/www.camper.is\/de\/sonderangebote-wettbewerbe\/\" rel=\"tag\">Sonderangebote &amp; Wettbewerbe<\/a><\/span><\/p><div class=\"post-content\"><div class=\"post-content-inner\"><p>F\u00fcr die Vorsaison und unsere brandneuen Wohnmobile gibt es einen Rabatt von 35%. Lassen Sie uns zun\u00e4chst h\u00f6ren, was Marion aus dem Verkaufsteam zu sagen hat. Liebe Freunde Wenn Sie zum ersten Mal ins Ausland reisen, kann die Ungewissheit oft entmutigend wirken. Wenn&#8230;<\/p>\n<\/div><\/div><\/article><article class=\"et_pb_post et_pb_post_id_53773 clearfix et_pb_blog_item_0_2 post-53773 post type-post status-publish format-standard has-post-thumbnail hentry category-news-produkt-updates category-reisenachfolgen-und-verborgene-schatze\"><div class=\"et_pb_image_container\"><a href=\"https:\/\/www.camper.is\/de\/landmannalaugar-ist-geoeffnet\/\" class=\"entry-featured-image-url\"><img loading=\"lazy\" decoding=\"async\" src=\"https:\/\/i0.wp.com\/www.camper.is\/wp-content\/uploads\/2011\/08\/camper-landmannalaugar.jpg?fit=800%2C531&#038;quality=80&#038;ssl=1\" width=\"400\" height=\"284\" alt=\"Landmannalaugar ist ge\u00f6ffnet\" class=\"\" srcset=\"https:\/\/i0.wp.com\/www.camper.is\/wp-content\/uploads\/2011\/08\/camper-landmannalaugar.jpg?fit=800%2C531&amp;quality=80&amp;ssl=1 479w, https:\/\/i0.wp.com\/www.camper.is\/wp-content\/uploads\/2011\/08\/camper-landmannalaugar.jpg?resize=400%2C284&amp;quality=80&amp;ssl=1 480w\" sizes=\"(max-width:479px) 479px, 100vw\" title=\"\"><span data-icon=\"\ue050\" class=\"et_overlay et_pb_inline_icon\"><\/span><\/a><\/div><h2 class=\"entry-title\"><a href=\"https:\/\/www.camper.is\/de\/landmannalaugar-ist-geoeffnet\/\">Landmannalaugar ist ge\u00f6ffnet<\/a><\/h2><p class=\"post-meta\"><span class=\"published\">Juni 27, 2022<\/span> | <span class=\"entry-categories\"><a href=\"https:\/\/www.camper.is\/de\/news-produkt-updates\/\" rel=\"tag\">News &amp; Produkt-Updates<\/a>, <a href=\"https:\/\/www.camper.is\/de\/news-produkt-updates\/reisenachfolgen-und-verborgene-schatze\/\" rel=\"tag\">Reisenachfolgen und verborgene Sch\u00e4tze<\/a><\/span><\/p><div class=\"post-content\"><div class=\"post-content-inner\"><p>Liebe Freunde von Camper Island Die isl\u00e4ndische Stra\u00dfenverwaltung er\u00f6ffnete die Stra\u00dfe nach Landmannalaugar \u00fcber das Kraftwerk Sigalda. Die Er\u00f6ffnung von Landmannalei\u00f0 wird verk\u00fcrzt, und es wird erwartet, dass es dieses Wochenende mit dem Jeep erreichbar sein wird, so&#8230;<\/p>\n<\/div><\/div><\/article><\/div><div class=\"pagination clearfix\">\n\t<div class=\"alignleft\"><\/div>\n\t<div class=\"alignright\"><\/div>\n<\/div><\/div><\/div><\/div><div class=\"et_pb_column_1 et_pb_column et_pb_column_1_3 et-last-child et_block_column et_pb_css_mix_blend_mode_passthrough\"><div class=\"et_pb_sidebar_0 et_pb_widget_area clearfix et_pb_widget_area_left et_pb_bg_layout_light et_pb_text_align_center et_pb_module et_block_module\"><div id=\"text-30\" class=\"et_pb_widget widget_text\"><h4 class=\"widgettitle\">Jetzt buchen<\/h4> <div class=\"textwidget\"><p><iframe id=\"miniBook\" style=\"width:100%; height: 550px;\" src=\"https:\/\/www.campericeland.is\/rcmbooking\/step1Mini.php\" frameborder=\"0\" scrolling=\"no\"><\/iframe><\/p>\n<\/div>\n <\/div><div id=\"text-31\" class=\"et_pb_widget widget_text\"><h4 class=\"widgettitle\">KONTAKT<\/h4> <div class=\"textwidget\"><p style=\"text-align: left;\"><strong>Camper Island<\/strong><br \/>\nKlettatr\u00f6\u00f0 15<br \/>\n262 Keflav\u00edk (Reykjanesb\u00e6r)<br \/>\nICELAND<\/p>\n<p style=\"text-align: left;\">+354 553 6000<\/p>\n<p><a href=\"mailto:info@camper.is\">info@camper.is<\/a><\/p>\n<\/div>\n <\/div><div id=\"block-2\" class=\"et_pb_widget widget_block\"><div class=\"wp-block-jetpack-subscriptions__supports-newline wp-block-jetpack-subscriptions\">\n <div>\n <div>\n <div>\n <p >\n <a href=\"https:\/\/www.camper.is\/de\/?post_type=page&#038;p=41904\" style=\"font-size: 16px;padding: 15px 23px 15px 23px;margin: 0; margin-left: 10px;border-radius: 0px;border-width: 1px; background-color: #113AF5; color: #FFFFFF; text-decoration: none; white-space: nowrap; margin-left: 0\">Abonnieren<\/a>\n <\/p>\n <\/div>\n <\/div>\n <\/div>\n <\/div><\/div><div id=\"block-3\" class=\"et_pb_widget widget_block widget_text\">\n<p><\/p>\n<\/div><div id=\"block-4\" class=\"et_pb_widget widget_block\">\n<h2 class=\"wp-block-heading\">Sicherheit Links<\/h2>\n<\/div><div id=\"block-8\" class=\"et_pb_widget widget_block\">\n<ul class=\"wp-block-list\">\n<li><a href=\"https:\/\/umferdin.is\/en\" target=\"_blank\" rel=\"noopener\"><strong>Road.is<\/strong> (Aktuelle Stra\u00dfenbedingungen)<\/a><\/li>\n<li><a href=\"https:\/\/en.vedur.is\/\" target=\"_blank\" rel=\"noopener\"><strong>Vedur.is<\/strong> (Wetter &amp; Gasvorhersage)<\/a><\/li>\n<li><a href=\"https:\/\/safetravel.is\/\" target=\"_blank\" rel=\"noreferrer noopener\"><strong>SafeTravel.is<\/strong> (Offizielle Sicherheitswarnungen)<\/a><\/li>\n<\/ul>\n<\/div><\/div><\/div><\/div><div class=\"et_pb_row_1 et_pb_row et_block_row\"><div class=\"et_pb_column_2 et_pb_column et_pb_column_1_5 et_block_column et_pb_column_empty et_pb_css_mix_blend_mode_passthrough\"><\/div><div class=\"et_pb_column_3 et_pb_column et_pb_column_3_5 et_block_column et_pb_css_mix_blend_mode_passthrough\"><div class=\"et_pb_blurb_0 et_pb_blurb et_pb_bg_layout_light et_pb_blurb_position_top et_pb_module et_block_module\"><div class=\"et_pb_blurb_content\"><div class=\"et_pb_main_blurb_image\"><span class=\"et_pb_image_wrap\"><span class=\"et-pb-icon et_animated et_animated\">l<\/span><\/span><\/div><div class=\"et_pb_blurb_container\"><h4 class=\"et_pb_module_header\">Anmelden<\/h4><div class=\"et_pb_blurb_description\"><p>Bleiben Sie dran mit unserem Newsletter! Wir versenden ab und zu Angebote und wichtige Informationen. Abonnieren Sie den Newsletter. <\/p>\n<\/div><\/div><\/div><\/div><div class=\"et_pb_text_0 et_pb_text et_pb_bg_layout_light et_pb_module et_block_module\"><div class=\"et_pb_text_inner\"><p><!-- Begin Mailchimp Signup Form -->\n<link href=\"\/\/cdn-images.mailchimp.com\/embedcode\/classic-10_7.css\" rel=\"stylesheet\" type=\"text\/css\">\n<style type=\"text\/css\">\n\t#mc_embed_signup{background:#fff; clear:left; font:14px Helvetica,Arial,sans-serif; }\n\t\/* Add your own Mailchimp form style overrides in your site stylesheet or in this style block.\n\t   We recommend moving this block and the preceding CSS link to the HEAD of your HTML file. *\/\n<\/style>\n<style type=\"text\/css\">\n\t#mc-embedded-subscribe-form input[type=checkbox]{display: inline; width: auto;margin-right: 10px;}\n\t#mergeRow-gdpr {margin-top: 20px;}\n\t#mergeRow-gdpr fieldset label {font-weight: normal;}\n\t#mc-embedded-subscribe-form .mc_fieldset{border:none;min-height: 0px;padding-bottom:0px;}\n<\/style>\n<div id=\"mc_embed_signup\">\n<form action=\"https:\/\/campericeland.us7.list-manage.com\/subscribe\/post?u=7679fd8fc9744e86fe870ae87&amp;id=4a6d5d54f5\" method=\"post\" id=\"mc-embedded-subscribe-form\" name=\"mc-embedded-subscribe-form\" class=\"validate\" target=\"_blank\" novalidate=\"\">\n<div id=\"mc_embed_signup_scroll\">\n<h2>abonnieren<\/h2>\n<div class=\"indicates-required\"><span class=\"asterisk\">*<\/span> zeigt erforderliche<\/div>\n<div class=\"mc-field-group\">\n\t<label for=\"mce-EMAIL\">E-Mail-Adresse <span class=\"asterisk\">*<\/span><br \/>\n<\/label><br \/>\n\t<input type=\"email\" value=\"\" name=\"EMAIL\" class=\"required email\" id=\"mce-EMAIL\">\n<\/div>\n<div class=\"mc-field-group\">\n\t<label for=\"mce-FNAME\">Vorname <span class=\"asterisk\">*<\/span><br \/>\n<\/label><br \/>\n\t<input type=\"text\" value=\"\" name=\"FNAME\" class=\"required\" id=\"mce-FNAME\">\n<\/div>\n<div class=\"mc-field-group\">\n\t<label for=\"mce-LNAME\">Nachname <span class=\"asterisk\">*<\/span><br \/>\n<\/label><br \/>\n\t<input type=\"text\" value=\"\" name=\"LNAME\" class=\"required\" id=\"mce-LNAME\">\n<\/div>\n<div class=\"mc-field-group size1of2\">\n\t<label for=\"mce-MMERGE5\">Telefon <\/label><br \/>\n\t<input type=\"text\" name=\"MMERGE5\" class=\"\" value=\"\" id=\"mce-MMERGE5\">\n<\/div>\n<div id=\"mergeRow-gdpr\" class=\"mergeRow gdpr-mergeRow content__gdprBlock mc-field-group\">\n<div class=\"content__gdpr\">\n        <label>Marketing-Genehmigung<\/label><\/p>\n<p>Camper Iceland wird die Informationen, die Sie auf diesem Formular angeben, verwenden, um mit Ihnen in Kontakt zu treten und Updates und Marketing bereitzustellen. Bitte teilen Sie uns alles mit, was Sie von uns h\u00f6ren m\u00f6chten:<\/p>\n<fieldset class=\"mc_fieldset gdprRequired mc-field-group\" name=\"interestgroup_field\">\n\t\t<label class=\"checkbox subfield\" for=\"gdpr_2981\"><input type=\"checkbox\" id=\"gdpr_2981\" name=\"gdpr[2981]\" value=\"Y\" class=\"av-checkbox gdpr\"><span>e-mail<\/span> <\/label><label class=\"checkbox subfield\" for=\"gdpr_20613\"><input type=\"checkbox\" id=\"gdpr_20613\" name=\"gdpr[20613]\" value=\"Y\" class=\"av-checkbox gdpr\"><span>Telefone<\/span> <\/label><br \/>\n        <\/fieldset>\n<p>Sie k\u00f6nnen Ihre Meinung jederzeit \u00e4ndern, indem Sie auf den Abmeldelink in der Fu\u00dfzeile jeder E-Mail klicken, die Sie von uns erhalten, oder indem Sie uns unter info@campericeland.com kontaktieren. Wir behandeln Ihre Daten mit Respekt. F\u00fcr weitere Informationen \u00fcber unsere Datenschutzpraktiken besuchen Sie bitte unsere Website. Wenn Sie unten klicken, erkl\u00e4ren Sie sich damit einverstanden, dass wir Ihre Daten in \u00dcbereinstimmung mit diesen Bedingungen verarbeiten k\u00f6nnen.<\/p>\n<\/p><\/div>\n<div class=\"content__gdprLegal\">\n<p>Wir nutzen Mailchimp als Marketingplattform. Wenn Sie unten klicken, um sich zu abonnieren, best\u00e4tigen Sie, dass Ihre Daten zur Verarbeitung an Mailchimp \u00fcbertragen werden. <a href=\"https:\/\/mailchimp.com\/legal\/\" target=\"_blank\" rel=\"noopener noreferrer\">Erfahren Sie hier mehr \u00fcber die Datenschutzpraktiken von Mailchimp.<\/a><\/p>\n<\/p><\/div>\n<\/div>\n<div id=\"mce-responses\" class=\"clear\">\n<div class=\"response\" id=\"mce-error-response\" style=\"display:none\"><\/div>\n<div class=\"response\" id=\"mce-success-response\" style=\"display:none\"><\/div>\n<\/p><\/div>\n<p>    <!-- real people should not fill this in and expect good things - do not remove this or risk form bot signups--><\/p>\n<div style=\"position: absolute; left: -5000px;\" aria-hidden=\"true\"><input type=\"text\" name=\"b_7679fd8fc9744e86fe870ae87_4a6d5d54f5\" tabindex=\"-1\" value=\"\"><\/div>\n<div class=\"clear\"><input type=\"submit\" value=\"abonnieren\" name=\"subscribe\" id=\"mc-embedded-subscribe\" class=\"button\"><\/div>\n<\/p><\/div>\n<\/form>\n<\/div>\n<p><script type=\"text\/javascript\" src=\"\/\/s3.amazonaws.com\/downloads.mailchimp.com\/js\/mc-validate.js\"><\/script><script type=\"text\/javascript\">(function($) {window.fnames = new Array(); window.ftypes = new Array();fnames[0]='EMAIL';ftypes[0]='email';fnames[1]='FNAME';ftypes[1]='text';fnames[2]='LNAME';ftypes[2]='text';fnames[5]='MMERGE5';ftypes[5]='phone';}(jQuery));var $mcj = jQuery.noConflict(true);<\/script><br \/>\n<!--End mc_embed_signup--><\/p>\n<\/div><\/div><\/div><div class=\"et_pb_column_4 et_pb_column et_pb_column_1_5 et-last-child et_block_column et_pb_column_empty et_pb_css_mix_blend_mode_passthrough\"><\/div><\/div><\/div><div class=\"et_pb_section_2 et_pb_section et_section_regular et_block_section\"><div class=\"et_pb_row_2 et_pb_row et_block_row\"><div class=\"et_pb_column_5 et_pb_column et_pb_column_4_4 et-last-child et_block_column et_pb_css_mix_blend_mode_passthrough\"><ul class=\"et_pb_social_media_follow_0 et_pb_social_media_follow clearfix et_pb_bg_layout_light et_pb_text_align_center et_pb_module et_block_module\"><li class=\"et_pb_social_media_follow_network_0 et_pb_social_media_follow_network et_pb_social_icon et_pb_social_network_link et-social-facebook et_pb_module et_flex_module\"><a href=\"https:\/\/www.facebook.com\/campericeland\" class=\"icon\" target=\"_self\" title=\"Auf Facebook folgen\" rel=\"noopener\"><span class=\"et_pb_social_media_follow_network_name\">Folgen<\/span><\/a><\/li><li class=\"et_pb_social_media_follow_network_1 et_pb_social_media_follow_network et_pb_social_icon et_pb_social_network_link et-social-twitter et_pb_module et_flex_module\"><a href=\"https:\/\/twitter.com\/campericeland\" class=\"icon\" target=\"_self\" title=\"Auf Twitter folgen\" rel=\"noopener\"><span class=\"et_pb_social_media_follow_network_name\">Folgen<\/span><\/a><\/li><li class=\"et_pb_social_media_follow_network_2 et_pb_social_media_follow_network et_pb_social_icon et_pb_social_network_link et-social-youtube et_pb_module et_flex_module\"><a href=\"http:\/\/youtube.com\/campericeland\" class=\"icon\" target=\"_self\" title=\"Auf Youtube folgen\" rel=\"noopener\"><span class=\"et_pb_social_media_follow_network_name\">Folgen<\/span><\/a><\/li><li class=\"et_pb_social_media_follow_network_3 et_pb_social_media_follow_network et_pb_social_icon et_pb_social_network_link et-social-instagram et_pb_module et_flex_module\"><a href=\"http:\/\/instagram.com\/campericeland\" class=\"icon\" target=\"_self\" title=\"Auf Instagram folgen\" rel=\"noopener\"><span class=\"et_pb_social_media_follow_network_name\">Folgen<\/span><\/a><\/li><\/ul><\/div><\/div><\/div>","protected":false},"excerpt":{"rendered":"","protected":false},"author":1,"featured_media":40098,"parent":41887,"menu_order":0,"comment_status":"closed","ping_status":"closed","template":"","meta":{"_acf_changed":false,"jetpack_post_was_ever_published":false,"footnotes":""},"class_list":["post-41904","page","type-page","status-publish","has-post-thumbnail","hentry"],"acf":[],"jetpack_sharing_enabled":true,"jetpack_shortlink":"https:\/\/wp.me\/P569lP-aTS","jetpack-related-posts":[{"id":71838,"url":"https:\/\/www.camper.is\/de\/orte-die-sie-in-island-besuchen-koennen\/","url_meta":{"origin":41904,"position":0},"title":"WOHNMOBIL-ISLANDKARTE","author":"admin","date":"15. Juni 2025","format":false,"excerpt":"Golden Circle Wonders Thingvellir-Nationalpark (\u00deingvellir): Eine St\u00e4tte des UNESCO-Weltkulturerbes, historisch bedeutsam als Standort des alten isl\u00e4ndischen Parlaments und geologisch einzigartig, wo sich die nordamerikanische und die eurasische tektonische Platte auseinander ziehen. Hier k\u00f6nnen Sie sogar in der Silfra-Spalte schnorcheln\/tauchen! Geysir Geothermalgebiet: Hier befindet sich der ber\u00fchmte Geysir Strokkur, der alle\u2026","rel":"","context":"\u00c4hnlicher Beitrag","block_context":{"text":"\u00c4hnlicher Beitrag","link":""},"img":{"alt_text":"","src":"","width":0,"height":0},"classes":[]},{"id":75128,"url":"https:\/\/www.camper.is\/de\/island-reisenachrichten-woechentliche-berichte-camper-island\/","url_meta":{"origin":41904,"position":1},"title":"Island Reisenachrichten &amp; W\u00f6chentliche Berichte | Camper Island","author":"admin","date":"26. M\u00e4rz 2026","format":false,"excerpt":"Bleiben Sie dem Sturm voraus mit w\u00f6chentlichen Updates aus dem Herzen von Island. Seit 1987 versorgen wir Sie mit fachkundigen Stra\u00dfenberichten, Wetterwarnungen und Highland F-road Bedingungen. Holen Sie sich die neuesten Nachrichten \u00fcber die Flotte und Insider-Reisetipps f\u00fcr Ihre Expedition im Jahr 2026. Informationen in Echtzeit von der Familie, die\u2026","rel":"","context":"\u00c4hnlicher Beitrag","block_context":{"text":"\u00c4hnlicher Beitrag","link":""},"img":{"alt_text":"","src":"https:\/\/i0.wp.com\/www.camper.is\/wp-content\/uploads\/2026\/03\/family_badging_camper_iceland-scaled.png?fit=1200%2C654&quality=72&ssl=1&resize=350%2C200","width":350,"height":200,"srcset":"https:\/\/i0.wp.com\/www.camper.is\/wp-content\/uploads\/2026\/03\/family_badging_camper_iceland-scaled.png?fit=1200%2C654&quality=72&ssl=1&resize=350%2C200 1x, https:\/\/i0.wp.com\/www.camper.is\/wp-content\/uploads\/2026\/03\/family_badging_camper_iceland-scaled.png?fit=1200%2C654&quality=72&ssl=1&resize=525%2C300 1.5x, https:\/\/i0.wp.com\/www.camper.is\/wp-content\/uploads\/2026\/03\/family_badging_camper_iceland-scaled.png?fit=1200%2C654&quality=72&ssl=1&resize=700%2C400 2x, https:\/\/i0.wp.com\/www.camper.is\/wp-content\/uploads\/2026\/03\/family_badging_camper_iceland-scaled.png?fit=1200%2C654&quality=72&ssl=1&resize=1050%2C600 3x"},"classes":[]}],"_links":{"self":[{"href":"https:\/\/www.camper.is\/de\/wp-json\/wp\/v2\/pages\/41904","targetHints":{"allow":["GET"]}}],"collection":[{"href":"https:\/\/www.camper.is\/de\/wp-json\/wp\/v2\/pages"}],"about":[{"href":"https:\/\/www.camper.is\/de\/wp-json\/wp\/v2\/types\/page"}],"author":[{"embeddable":true,"href":"https:\/\/www.camper.is\/de\/wp-json\/wp\/v2\/users\/1"}],"replies":[{"embeddable":true,"href":"https:\/\/www.camper.is\/de\/wp-json\/wp\/v2\/comments?post=41904"}],"version-history":[{"count":12,"href":"https:\/\/www.camper.is\/de\/wp-json\/wp\/v2\/pages\/41904\/revisions"}],"predecessor-version":[{"id":75847,"href":"https:\/\/www.camper.is\/de\/wp-json\/wp\/v2\/pages\/41904\/revisions\/75847"}],"up":[{"embeddable":true,"href":"https:\/\/www.camper.is\/de\/wp-json\/wp\/v2\/pages\/41887"}],"wp:featuredmedia":[{"embeddable":true,"href":"https:\/\/www.camper.is\/de\/wp-json\/wp\/v2\/media\/40098"}],"wp:attachment":[{"href":"https:\/\/www.camper.is\/de\/wp-json\/wp\/v2\/media?parent=41904"}],"curies":[{"name":"wp","href":"https:\/\/api.w.org\/{rel}","templated":true}]}}