{"id":27042,"date":"2019-11-17T09:58:34","date_gmt":"2019-11-17T09:58:34","guid":{"rendered":"https:\/\/www.campericeland.is\/camper-island-ihr-wohnmobil-4x4-vermieter-in-island\/"},"modified":"2026-04-07T06:25:00","modified_gmt":"2026-04-07T06:25:00","slug":"camper-island-ihr-wohnmobil-4x4-vermieter-in-island","status":"publish","type":"page","link":"https:\/\/www.camper.is\/de\/camper-island-ihr-wohnmobil-4x4-vermieter-in-island\/","title":{"rendered":"Camper Iceland, Ihr Wohnmobil &amp; 4&#215;4 Camper Vermieter in Island"},"content":{"rendered":"<span class=\"et_bloom_bottom_trigger\"><\/span>","protected":false},"excerpt":{"rendered":"<p>Reisen Sie durch Island mit einem familiengef\u00fchrten Unternehmen, das seit 1987 Reisen nach Island verkauft. Camper Iceland bietet eine vielf\u00e4ltige Flotte von Wohnmobilen und 4&#215;4-Campern, die eine flexible und kosteng\u00fcnstige M\u00f6glichkeit bieten, die atemberaubenden Landschaften des Landes zu erkunden. Genie\u00dfen Sie die Freiheit, dem guten Wetter hinterherzujagen, sparen Sie Geld, indem Sie Ihre eigenen Mahlzeiten zubereiten, und gestalten Sie ein unvergessliches Abenteuer nach Ihren eigenen Vorstellungen.  <\/p>\n","protected":false},"author":1,"featured_media":39505,"parent":0,"menu_order":0,"comment_status":"closed","ping_status":"closed","template":"","meta":{"_acf_changed":false,"footnotes":""},"class_list":["post-27042","page","type-page","status-publish","has-post-thumbnail","hentry"],"acf":[],"jetpack_sharing_enabled":true,"_links":{"self":[{"href":"https:\/\/www.camper.is\/de\/wp-json\/wp\/v2\/pages\/27042","targetHints":{"allow":["GET"]}}],"collection":[{"href":"https:\/\/www.camper.is\/de\/wp-json\/wp\/v2\/pages"}],"about":[{"href":"https:\/\/www.camper.is\/de\/wp-json\/wp\/v2\/types\/page"}],"author":[{"embeddable":true,"href":"https:\/\/www.camper.is\/de\/wp-json\/wp\/v2\/users\/1"}],"replies":[{"embeddable":true,"href":"https:\/\/www.camper.is\/de\/wp-json\/wp\/v2\/comments?post=27042"}],"version-history":[{"count":0,"href":"https:\/\/www.camper.is\/de\/wp-json\/wp\/v2\/pages\/27042\/revisions"}],"wp:featuredmedia":[{"embeddable":true,"href":"https:\/\/www.camper.is\/de\/wp-json\/wp\/v2\/media\/39505"}],"wp:attachment":[{"href":"https:\/\/www.camper.is\/de\/wp-json\/wp\/v2\/media?parent=27042"}],"curies":[{"name":"wp","href":"https:\/\/api.w.org\/{rel}","templated":true}]}}